{"id":103603,"date":"2020-08-13T19:40:18","date_gmt":"2020-08-13T17:40:18","guid":{"rendered":"https:\/\/tourtravelandmore.com\/tours\/non%20class\u00e9\/excursion-privee-au-parc-national-des-cascades-de-krka\/"},"modified":"2025-04-21T16:29:34","modified_gmt":"2025-04-21T14:29:34","slug":"excursion-privee-au-parc-national-des-cascades-de-krka","status":"publish","type":"product","link":"https:\/\/tourtravelandmore.com\/fr\/tours\/croacia-fr-fr\/zadar-fr\/excursion-privee-au-parc-national-des-cascades-de-krka\/","title":{"rendered":"Excursion priv\u00e9e au parc national des cascades de Krka"},"content":{"rendered":"<h2><b><strong>Excursion priv\u00e9e au parc national des cascades de Krka Description<\/strong><\/b><\/h2>\n<p>Profitez pleinement de votre s\u00e9jour \u00e0 Zadar et visitez le parc national des cascades de Krka. Si vous appr\u00e9ciez les activit\u00e9s de plein air, la flore et la faune, ne manquez pas notre excursion priv\u00e9e aux cascades de Krka au d\u00e9part de Zadar.<\/p>\n<p>Profitez de cette excursion priv\u00e9e d&#8217;une journ\u00e9e compl\u00e8te et visitez la c\u00e9l\u00e8bre cascade de Skradinski Buk. Vous pourrez vous baigner dans des eaux cristallines, faire de la randonn\u00e9e sur les sentiers, d\u00e9couvrir des moulins \u00e0 eau et d&#8217;autres cascades.<\/p>\n<p>Au cours de votre visite priv\u00e9e, vous profiterez de cette exp\u00e9rience unique en compagnie de votre <b>chauffeur priv\u00e9<\/b> et de votre <b>guide officiel pendant 2 heures \u00e0 Krka<\/b>.<\/p>\n<p>Si vous souhaitez visiter le parc national des lacs de Plitvice ou un autre site au d\u00e9part de Zadar, veuillez consulter notre <a href=\"https:\/\/tourtravelandmore.com\/fr\/city\/croacia-fr-fr\/zadar-en\/zadar-activities-en#shop\/\">liste de visites priv\u00e9es<\/a>.<\/p>\n<h2><b><strong>Excursion priv\u00e9e au parc national des cascades de Krka | Points d&#8217;int\u00e9r\u00eat et sites touristiques<\/strong><\/b><\/h2>\n<p>Tout d&#8217;abord, votre chauffeur priv\u00e9 viendra vous chercher \u00e0 votre h\u00f4tel ou au port de croisi\u00e8re de Zadar \u00e0 l&#8217;heure souhait\u00e9e. Ensuite, vous commencerez votre excursion priv\u00e9e vers le <a href=\"http:\/\/www.np-krka.hr\/en\/\">parc national des cascades de Krka<\/a> dans le confort de votre<b> v\u00e9hicule de luxe priv\u00e9.<\/b><\/p>\n<p>Apr\u00e8s 45 minutes, vous arriverez \u00e0 Skradin et prendrez le bateau qui vous emm\u00e8nera jusqu&#8217;\u00e0 l&#8217;entr\u00e9e du parc national de Krka. Le billet d&#8217;entr\u00e9e au parc avec acc\u00e8s prioritaire est inclus dans le prix de l&#8217;excursion.<\/p>\n<p>Une fois arriv\u00e9 au parc national, vous pourrez vous baigner dans des eaux cristallines, faire de la randonn\u00e9e sur de magnifiques sentiers et visiter l&#8217;exposition ethnographique.<\/p>\n<p>Apr\u00e8s votre visite priv\u00e9e des chutes de Krka au d\u00e9part de Zadar, votre chauffeur vous ram\u00e8nera \u00e0 votre h\u00f4tel, au port de croisi\u00e8re ou \u00e0 l&#8217;endroit de votre choix \u00e0 Zadar.<\/p>\n","protected":false},"excerpt":{"rendered":"<p>Profitez au maximum de votre visite \u00e0 Zadar et visitez l&#8217;un des plus beaux parcs nationaux d&#8217;Europe: les cascades de Krka. Au cours de votre visite priv\u00e9e, vous explorerez cet endroit merveilleux avec un expert local. Pour utiliser au mieux votre temps, vous serez assist\u00e9 par un guide officiel qui vous accompagnera pour une promenade avec une vue imprenable et vous informera sur l&#8217;histoire int\u00e9ressante de ce magnifique parc. Vous visiterez \u00e9galement la belle ville de Sibenik avant de retourner \u00e0 Zadar.<\/p>\n<p>&nbsp;<\/p>\n","protected":false},"featured_media":98052,"comment_status":"open","ping_status":"closed","template":"","meta":{"_acf_changed":false},"product_brand":[],"product_cat":[5461,5462,3781],"product_tag":[],"class_list":{"0":"post-103603","1":"product","2":"type-product","3":"status-publish","4":"has-post-thumbnail","6":"product_cat-all-private-tours-and-activities-fr-12","7":"product_cat-croisieres","8":"product_cat-zadar-fr","10":"first","11":"instock","12":"shipping-taxable","13":"purchasable","14":"product-type-simple"},"acf":[],"yoast_head":"<!-- This site is optimized with the Yoast SEO Premium plugin v25.3.1 (Yoast SEO v25.3.1) - https:\/\/yoast.com\/wordpress\/plugins\/seo\/ -->\n<title>Visite priv\u00e9e du parc national des cascades de Krka au d\u00e9part de Zadar avec un guide local<\/title>\n<meta name=\"description\" content=\"Visitez l&#039;un des plus beaux parcs nationaux d&#039;Europe avec notre visite priv\u00e9e du parc national des cascades de Krka au d\u00e9part de Zadar avec un expert local.\" \/>\n<meta name=\"robots\" content=\"index, follow, max-snippet:-1, max-image-preview:large, max-video-preview:-1\" \/>\n<link rel=\"canonical\" href=\"https:\/\/tourtravelandmore.com\/fr\/tours\/croacia-fr-fr\/zadar-fr\/excursion-privee-au-parc-national-des-cascades-de-krka\/\" \/>\n<meta property=\"og:locale\" content=\"fr_FR\" \/>\n<meta property=\"og:type\" content=\"article\" \/>\n<meta property=\"og:title\" content=\"Excursion priv\u00e9e au parc national des cascades de Krka\" \/>\n<meta property=\"og:description\" content=\"Visitez l&#039;un des plus beaux parcs nationaux d&#039;Europe avec notre visite priv\u00e9e du parc national des cascades de Krka au d\u00e9part de Zadar avec un expert local.\" \/>\n<meta property=\"og:url\" content=\"https:\/\/tourtravelandmore.com\/fr\/tours\/croacia-fr-fr\/zadar-fr\/excursion-privee-au-parc-national-des-cascades-de-krka\/\" \/>\n<meta property=\"og:site_name\" content=\"Tour Travel And More\" \/>\n<meta property=\"article:publisher\" content=\"https:\/\/www.facebook.com\/tourtravelandmore\/\" \/>\n<meta property=\"article:modified_time\" content=\"2025-04-21T14:29:34+00:00\" \/>\n<meta property=\"og:image\" content=\"https:\/\/tourtravelandmore.com\/wp-content\/uploads\/2020\/08\/park-krka-croatie-croatia-krka-min.jpg\" \/>\n\t<meta property=\"og:image:width\" content=\"910\" \/>\n\t<meta property=\"og:image:height\" content=\"592\" \/>\n\t<meta property=\"og:image:type\" content=\"image\/jpeg\" \/>\n<meta name=\"twitter:card\" content=\"summary_large_image\" \/>\n<meta name=\"twitter:site\" content=\"@TourTravel_More\" \/>\n<meta name=\"twitter:label1\" content=\"Dur\u00e9e de lecture estim\u00e9e\" \/>\n\t<meta name=\"twitter:data1\" content=\"2 minutes\" \/>\n<script type=\"application\/ld+json\" class=\"yoast-schema-graph\">{\"@context\":\"https:\/\/schema.org\",\"@graph\":[{\"@type\":\"WebPage\",\"@id\":\"https:\/\/tourtravelandmore.com\/fr\/tours\/croacia-fr-fr\/zadar-fr\/excursion-privee-au-parc-national-des-cascades-de-krka\/\",\"url\":\"https:\/\/tourtravelandmore.com\/fr\/tours\/croacia-fr-fr\/zadar-fr\/excursion-privee-au-parc-national-des-cascades-de-krka\/\",\"name\":\"Visite priv\u00e9e du parc national des cascades de Krka au d\u00e9part de Zadar avec un guide local\",\"isPartOf\":{\"@id\":\"https:\/\/tourtravelandmore.com\/fr\/#website\"},\"primaryImageOfPage\":{\"@id\":\"https:\/\/tourtravelandmore.com\/fr\/tours\/croacia-fr-fr\/zadar-fr\/excursion-privee-au-parc-national-des-cascades-de-krka\/#primaryimage\"},\"image\":{\"@id\":\"https:\/\/tourtravelandmore.com\/fr\/tours\/croacia-fr-fr\/zadar-fr\/excursion-privee-au-parc-national-des-cascades-de-krka\/#primaryimage\"},\"thumbnailUrl\":\"https:\/\/tourtravelandmore.com\/wp-content\/uploads\/2020\/08\/park-krka-croatie-croatia-krka-min.jpg\",\"datePublished\":\"2020-08-13T17:40:18+00:00\",\"dateModified\":\"2025-04-21T14:29:34+00:00\",\"description\":\"Visitez l'un des plus beaux parcs nationaux d'Europe avec notre visite priv\u00e9e du parc national des cascades de Krka au d\u00e9part de Zadar avec un expert local.\",\"breadcrumb\":{\"@id\":\"https:\/\/tourtravelandmore.com\/fr\/tours\/croacia-fr-fr\/zadar-fr\/excursion-privee-au-parc-national-des-cascades-de-krka\/#breadcrumb\"},\"inLanguage\":\"fr-FR\",\"potentialAction\":[{\"@type\":\"ReadAction\",\"target\":[\"https:\/\/tourtravelandmore.com\/fr\/tours\/croacia-fr-fr\/zadar-fr\/excursion-privee-au-parc-national-des-cascades-de-krka\/\"]}]},{\"@type\":\"ImageObject\",\"inLanguage\":\"fr-FR\",\"@id\":\"https:\/\/tourtravelandmore.com\/fr\/tours\/croacia-fr-fr\/zadar-fr\/excursion-privee-au-parc-national-des-cascades-de-krka\/#primaryimage\",\"url\":\"https:\/\/tourtravelandmore.com\/wp-content\/uploads\/2020\/08\/park-krka-croatie-croatia-krka-min.jpg\",\"contentUrl\":\"https:\/\/tourtravelandmore.com\/wp-content\/uploads\/2020\/08\/park-krka-croatie-croatia-krka-min.jpg\",\"width\":910,\"height\":592},{\"@type\":\"BreadcrumbList\",\"@id\":\"https:\/\/tourtravelandmore.com\/fr\/tours\/croacia-fr-fr\/zadar-fr\/excursion-privee-au-parc-national-des-cascades-de-krka\/#breadcrumb\",\"itemListElement\":[{\"@type\":\"ListItem\",\"position\":1,\"name\":\"Home\",\"item\":\"https:\/\/tourtravelandmore.com\/fr\/\"},{\"@type\":\"ListItem\",\"position\":2,\"name\":\"Tours\",\"item\":\"https:\/\/tourtravelandmore.com\/fr\/tours\/\"},{\"@type\":\"ListItem\",\"position\":3,\"name\":\"Excursion priv\u00e9e au parc national des cascades de Krka\"}]},{\"@type\":\"WebSite\",\"@id\":\"https:\/\/tourtravelandmore.com\/fr\/#website\",\"url\":\"https:\/\/tourtravelandmore.com\/fr\/\",\"name\":\"Tour Travel And More\",\"description\":\"Private sightseeing tours and luxury transfers in Spain\",\"publisher\":{\"@id\":\"https:\/\/tourtravelandmore.com\/fr\/#organization\"},\"potentialAction\":[{\"@type\":\"SearchAction\",\"target\":{\"@type\":\"EntryPoint\",\"urlTemplate\":\"https:\/\/tourtravelandmore.com\/fr\/?s={search_term_string}\"},\"query-input\":{\"@type\":\"PropertyValueSpecification\",\"valueRequired\":true,\"valueName\":\"search_term_string\"}}],\"inLanguage\":\"fr-FR\"},{\"@type\":\"Organization\",\"@id\":\"https:\/\/tourtravelandmore.com\/fr\/#organization\",\"name\":\"Tour Travel And More\",\"url\":\"https:\/\/tourtravelandmore.com\/fr\/\",\"logo\":{\"@type\":\"ImageObject\",\"inLanguage\":\"fr-FR\",\"@id\":\"https:\/\/tourtravelandmore.com\/fr\/#\/schema\/logo\/image\/\",\"url\":\"https:\/\/tourtravelandmore.com\/wp-content\/uploads\/2022\/12\/cropped-logo-cabecera-new.png\",\"contentUrl\":\"https:\/\/tourtravelandmore.com\/wp-content\/uploads\/2022\/12\/cropped-logo-cabecera-new.png\",\"width\":430,\"height\":61,\"caption\":\"Tour Travel And More\"},\"image\":{\"@id\":\"https:\/\/tourtravelandmore.com\/fr\/#\/schema\/logo\/image\/\"},\"sameAs\":[\"https:\/\/www.facebook.com\/tourtravelandmore\/\",\"https:\/\/x.com\/TourTravel_More\"]}]}<\/script>\n<!-- \/ Yoast SEO Premium plugin. -->","yoast_head_json":{"title":"Visite priv\u00e9e du parc national des cascades de Krka au d\u00e9part de Zadar avec un guide local","description":"Visitez l'un des plus beaux parcs nationaux d'Europe avec notre visite priv\u00e9e du parc national des cascades de Krka au d\u00e9part de Zadar avec un expert local.","robots":{"index":"index","follow":"follow","max-snippet":"max-snippet:-1","max-image-preview":"max-image-preview:large","max-video-preview":"max-video-preview:-1"},"canonical":"https:\/\/tourtravelandmore.com\/fr\/tours\/croacia-fr-fr\/zadar-fr\/excursion-privee-au-parc-national-des-cascades-de-krka\/","og_locale":"fr_FR","og_type":"article","og_title":"Excursion priv\u00e9e au parc national des cascades de Krka","og_description":"Visitez l'un des plus beaux parcs nationaux d'Europe avec notre visite priv\u00e9e du parc national des cascades de Krka au d\u00e9part de Zadar avec un expert local.","og_url":"https:\/\/tourtravelandmore.com\/fr\/tours\/croacia-fr-fr\/zadar-fr\/excursion-privee-au-parc-national-des-cascades-de-krka\/","og_site_name":"Tour Travel And More","article_publisher":"https:\/\/www.facebook.com\/tourtravelandmore\/","article_modified_time":"2025-04-21T14:29:34+00:00","og_image":[{"width":910,"height":592,"url":"https:\/\/tourtravelandmore.com\/wp-content\/uploads\/2020\/08\/park-krka-croatie-croatia-krka-min.jpg","type":"image\/jpeg"}],"twitter_card":"summary_large_image","twitter_site":"@TourTravel_More","twitter_misc":{"Dur\u00e9e de lecture estim\u00e9e":"2 minutes"},"schema":{"@context":"https:\/\/schema.org","@graph":[{"@type":"WebPage","@id":"https:\/\/tourtravelandmore.com\/fr\/tours\/croacia-fr-fr\/zadar-fr\/excursion-privee-au-parc-national-des-cascades-de-krka\/","url":"https:\/\/tourtravelandmore.com\/fr\/tours\/croacia-fr-fr\/zadar-fr\/excursion-privee-au-parc-national-des-cascades-de-krka\/","name":"Visite priv\u00e9e du parc national des cascades de Krka au d\u00e9part de Zadar avec un guide local","isPartOf":{"@id":"https:\/\/tourtravelandmore.com\/fr\/#website"},"primaryImageOfPage":{"@id":"https:\/\/tourtravelandmore.com\/fr\/tours\/croacia-fr-fr\/zadar-fr\/excursion-privee-au-parc-national-des-cascades-de-krka\/#primaryimage"},"image":{"@id":"https:\/\/tourtravelandmore.com\/fr\/tours\/croacia-fr-fr\/zadar-fr\/excursion-privee-au-parc-national-des-cascades-de-krka\/#primaryimage"},"thumbnailUrl":"https:\/\/tourtravelandmore.com\/wp-content\/uploads\/2020\/08\/park-krka-croatie-croatia-krka-min.jpg","datePublished":"2020-08-13T17:40:18+00:00","dateModified":"2025-04-21T14:29:34+00:00","description":"Visitez l'un des plus beaux parcs nationaux d'Europe avec notre visite priv\u00e9e du parc national des cascades de Krka au d\u00e9part de Zadar avec un expert local.","breadcrumb":{"@id":"https:\/\/tourtravelandmore.com\/fr\/tours\/croacia-fr-fr\/zadar-fr\/excursion-privee-au-parc-national-des-cascades-de-krka\/#breadcrumb"},"inLanguage":"fr-FR","potentialAction":[{"@type":"ReadAction","target":["https:\/\/tourtravelandmore.com\/fr\/tours\/croacia-fr-fr\/zadar-fr\/excursion-privee-au-parc-national-des-cascades-de-krka\/"]}]},{"@type":"ImageObject","inLanguage":"fr-FR","@id":"https:\/\/tourtravelandmore.com\/fr\/tours\/croacia-fr-fr\/zadar-fr\/excursion-privee-au-parc-national-des-cascades-de-krka\/#primaryimage","url":"https:\/\/tourtravelandmore.com\/wp-content\/uploads\/2020\/08\/park-krka-croatie-croatia-krka-min.jpg","contentUrl":"https:\/\/tourtravelandmore.com\/wp-content\/uploads\/2020\/08\/park-krka-croatie-croatia-krka-min.jpg","width":910,"height":592},{"@type":"BreadcrumbList","@id":"https:\/\/tourtravelandmore.com\/fr\/tours\/croacia-fr-fr\/zadar-fr\/excursion-privee-au-parc-national-des-cascades-de-krka\/#breadcrumb","itemListElement":[{"@type":"ListItem","position":1,"name":"Home","item":"https:\/\/tourtravelandmore.com\/fr\/"},{"@type":"ListItem","position":2,"name":"Tours","item":"https:\/\/tourtravelandmore.com\/fr\/tours\/"},{"@type":"ListItem","position":3,"name":"Excursion priv\u00e9e au parc national des cascades de Krka"}]},{"@type":"WebSite","@id":"https:\/\/tourtravelandmore.com\/fr\/#website","url":"https:\/\/tourtravelandmore.com\/fr\/","name":"Tour Travel And More","description":"Private sightseeing tours and luxury transfers in Spain","publisher":{"@id":"https:\/\/tourtravelandmore.com\/fr\/#organization"},"potentialAction":[{"@type":"SearchAction","target":{"@type":"EntryPoint","urlTemplate":"https:\/\/tourtravelandmore.com\/fr\/?s={search_term_string}"},"query-input":{"@type":"PropertyValueSpecification","valueRequired":true,"valueName":"search_term_string"}}],"inLanguage":"fr-FR"},{"@type":"Organization","@id":"https:\/\/tourtravelandmore.com\/fr\/#organization","name":"Tour Travel And More","url":"https:\/\/tourtravelandmore.com\/fr\/","logo":{"@type":"ImageObject","inLanguage":"fr-FR","@id":"https:\/\/tourtravelandmore.com\/fr\/#\/schema\/logo\/image\/","url":"https:\/\/tourtravelandmore.com\/wp-content\/uploads\/2022\/12\/cropped-logo-cabecera-new.png","contentUrl":"https:\/\/tourtravelandmore.com\/wp-content\/uploads\/2022\/12\/cropped-logo-cabecera-new.png","width":430,"height":61,"caption":"Tour Travel And More"},"image":{"@id":"https:\/\/tourtravelandmore.com\/fr\/#\/schema\/logo\/image\/"},"sameAs":["https:\/\/www.facebook.com\/tourtravelandmore\/","https:\/\/x.com\/TourTravel_More"]}]}},"_links":{"self":[{"href":"https:\/\/tourtravelandmore.com\/fr\/wp-json\/wp\/v2\/product\/103603","targetHints":{"allow":["GET"]}}],"collection":[{"href":"https:\/\/tourtravelandmore.com\/fr\/wp-json\/wp\/v2\/product"}],"about":[{"href":"https:\/\/tourtravelandmore.com\/fr\/wp-json\/wp\/v2\/types\/product"}],"replies":[{"embeddable":true,"href":"https:\/\/tourtravelandmore.com\/fr\/wp-json\/wp\/v2\/comments?post=103603"}],"wp:featuredmedia":[{"embeddable":true,"href":"https:\/\/tourtravelandmore.com\/fr\/wp-json\/wp\/v2\/media\/98052"}],"wp:attachment":[{"href":"https:\/\/tourtravelandmore.com\/fr\/wp-json\/wp\/v2\/media?parent=103603"}],"wp:term":[{"taxonomy":"product_brand","embeddable":true,"href":"https:\/\/tourtravelandmore.com\/fr\/wp-json\/wp\/v2\/product_brand?post=103603"},{"taxonomy":"product_cat","embeddable":true,"href":"https:\/\/tourtravelandmore.com\/fr\/wp-json\/wp\/v2\/product_cat?post=103603"},{"taxonomy":"product_tag","embeddable":true,"href":"https:\/\/tourtravelandmore.com\/fr\/wp-json\/wp\/v2\/product_tag?post=103603"}],"curies":[{"name":"wp","href":"https:\/\/api.w.org\/{rel}","templated":true}]}}