{"id":103593,"date":"2020-08-12T13:19:31","date_gmt":"2020-08-12T11:19:31","guid":{"rendered":"https:\/\/tourtravelandmore.com\/tours\/non%20class\u00e9\/visite-privee-a-pied-de-zadar\/"},"modified":"2021-03-16T10:31:32","modified_gmt":"2021-03-16T09:31:32","slug":"visite-privee-a-pied-de-zadar","status":"publish","type":"product","link":"https:\/\/tourtravelandmore.com\/fr\/tours\/croacia-fr-fr\/zadar-fr\/visite-privee-a-pied-de-zadar\/","title":{"rendered":"Visite priv\u00e9e \u00e0 pied de Zadar"},"content":{"rendered":"<h2>Description<\/h2>\n<p>Zadar est l&#8217;une des plus anciennes et des plus belles villes de Croatie. Ne manquez pas l&#8217;occasion de d\u00e9couvrir et d&#8217;explorer cette merveilleuse ville lors de notre visite priv\u00e9e \u00e0 pied de Zadar.<\/p>\n<p>La ville de Zadar abrite d&#8217;anciennes ruines romaines, des \u00e9glises m\u00e9di\u00e9vales et une large gamme de mus\u00e9es. Au cours de votre visite priv\u00e9e \u00e0 pied, vous d\u00e9couvrirez l&#8217;histoire et le patrimoine de la ville.<\/p>\n<p>Vous profiterez d&#8217;une visite guid\u00e9e priv\u00e9e de 2 heures avec un expert local. Si vous pr\u00e9f\u00e9rez, nous pouvons \u00e9galement inclure plus d&#8217;heures ou m\u00eame un transfert priv\u00e9 pour faire une exp\u00e9rience compl\u00e8te pour vous.<\/p>\n<p>Cette visite priv\u00e9e \u00e0 pied de Zadar est enti\u00e8rement personnalis\u00e9e. Il vous suffit de nous contacter et de mentionner vos pr\u00e9f\u00e9rences, nous ferons alors le reste.<\/p>\n<p>Au cas o\u00f9 vous seriez int\u00e9ress\u00e9 par une excursion d&#8217;une journ\u00e9e de Zadar \u00e0 un parc national ou \u00e0 un autre endroit en Croatie, n&#8217;h\u00e9sitez pas \u00e0 nous contacter!<\/p>\n<h2>Sites d&#8217;int\u00e9r\u00eat et points de rep\u00e8re<\/h2>\n<p>Tout d&#8217;abord, vous rencontrerez votre guide officiel priv\u00e9 dans votre h\u00f4tel ou votre lieu de choix \u00e0 Zadar. Apr\u00e8s cela, vous commencerez votre visite priv\u00e9e \u00e0 pied de Zadar.<\/p>\n<p>Lors de votre visite priv\u00e9e, vous visiterez les sites les plus embl\u00e9matiques de Zadar. Vous visiterez la Land Gate, qui \u00e9tait autrefois l&#8217;entr\u00e9e principale de la ville. Situ\u00e9 pr\u00e8s du port de Fo\u0161a, de l\u00e0, vous pourrez profiter d&#8217;une vue magnifique sur l&#8217;eau. Un autre arr\u00eat au cours de votre visite sera la place Reinaissance Five Wells, qui est entour\u00e9e par la muraille m\u00e9di\u00e9vale et la tour du capitaine. Vous visiterez \u00e9galement les remparts et les bastions de la ville et l&#8217;\u00e9glise Saint-Donat. L&#8217;\u00e9glise est le monument le plus pr\u00e9cieux de l&#8217;architecture pr\u00e9romane du d\u00e9but du Moyen \u00c2ge (IXe si\u00e8cle) en Croatie. Au cours de la derni\u00e8re partie de votre visite priv\u00e9e, vous visiterez le Forum romain et les deux principales attractions de Zadar: l&#8217;orgue marin et la salutation au soleil, o\u00f9 vous pourrez admirer le plus beau coucher de soleil de Croatie!<\/p>\n<p>Le Forum romain est situ\u00e9 \u00e0 seulement quelques pas du front de mer. Il a \u00e9t\u00e9 command\u00e9 par le premier empereur romain, Auguste, et construit entre le 1er si\u00e8cle avant notre \u00e8re. et 3e si\u00e8cle de notre \u00e8re.<\/p>\n<p>Enfin, vous visiterez l&#8217;orgue marin et le salut au soleil, les attractions les plus connues de Zadar. Les deux sont des \u0153uvres de l&#8217;architecte local Nikola Ba\u0161i\u0107. L&#8217;orgue de mer est un objet d&#8217;art sonore et un instrument de musique exp\u00e9rimental qui cr\u00e9e de jolis airs carillons en utilisant uniquement la puissance de roulement des vagues de la mer. Salut au soleil se compose de 300 plaques de verre multicouches qui absorbent l&#8217;\u00e9nergie solaire pendant la journ\u00e9e et cr\u00e9ent un spectacle de lumi\u00e8re spectaculaire au bord de l&#8217;eau juste apr\u00e8s le coucher du soleil.<\/p>\n<p>Votre guide priv\u00e9 officiel sera \u00e0 votre enti\u00e8re disposition pendant toute la dur\u00e9e de la visite. Comme il conna\u00eet tr\u00e8s bien la ville, il peut recommander les meilleurs restaurants pour d\u00e9guster un repas typiquement croate.<\/p>\n","protected":false},"excerpt":{"rendered":"<p>Profitez de cette visite priv\u00e9e \u00e0 pied de Zadar avec votre guide officiel qui vous montrera tous les endroits les plus \u00e9tonnants de cette ville. Au cours de cette visite priv\u00e9e, vous pourrez visiter la porte de la terre, la tour du Capitaine, le forum romain et bien plus encore. Ceci est une visite personnalis\u00e9e compl\u00e8te rien que pour vous et votre groupe. Profitez-en pour admirer cette ville unique avec cette visite guid\u00e9e.<\/p>\n<p>&nbsp;<\/p>\n","protected":false},"featured_media":98020,"comment_status":"open","ping_status":"closed","template":"","meta":{"_acf_changed":false},"product_brand":[],"product_cat":[3781],"product_tag":[],"class_list":{"0":"post-103593","1":"product","2":"type-product","3":"status-publish","4":"has-post-thumbnail","6":"product_cat-zadar-fr","8":"first","9":"instock","10":"shipping-taxable","11":"purchasable","12":"product-type-simple"},"acf":[],"yoast_head":"<!-- This site is optimized with the Yoast SEO Premium plugin v25.3.1 (Yoast SEO v25.3.1) - https:\/\/yoast.com\/wordpress\/plugins\/seo\/ -->\n<title>Visite priv\u00e9e \u00e0 pied de Zadar &#8212; Tour Travel And More<\/title>\n<meta name=\"description\" content=\"Visite priv\u00e9e \u00e0 pied de Zadar &#8212; Tour Travel And More\" \/>\n<meta name=\"robots\" content=\"index, follow, max-snippet:-1, max-image-preview:large, max-video-preview:-1\" \/>\n<link rel=\"canonical\" href=\"https:\/\/tourtravelandmore.com\/fr\/tours\/croacia-fr-fr\/zadar-fr\/visite-privee-a-pied-de-zadar\/\" \/>\n<meta property=\"og:locale\" content=\"fr_FR\" \/>\n<meta property=\"og:type\" content=\"article\" \/>\n<meta property=\"og:title\" content=\"Visite priv\u00e9e \u00e0 pied de Zadar\" \/>\n<meta property=\"og:description\" content=\"Visite priv\u00e9e \u00e0 pied de Zadar &#8212; Tour Travel And More\" \/>\n<meta property=\"og:url\" content=\"https:\/\/tourtravelandmore.com\/fr\/tours\/croacia-fr-fr\/zadar-fr\/visite-privee-a-pied-de-zadar\/\" \/>\n<meta property=\"og:site_name\" content=\"Tour Travel And More\" \/>\n<meta property=\"article:publisher\" content=\"https:\/\/www.facebook.com\/tourtravelandmore\/\" \/>\n<meta property=\"article:modified_time\" content=\"2021-03-16T09:31:32+00:00\" \/>\n<meta property=\"og:image\" content=\"https:\/\/tourtravelandmore.com\/wp-content\/uploads\/2020\/08\/Zadar-organ-sunset-min.jpg\" \/>\n\t<meta property=\"og:image:width\" content=\"910\" \/>\n\t<meta property=\"og:image:height\" content=\"607\" \/>\n\t<meta property=\"og:image:type\" content=\"image\/jpeg\" \/>\n<meta name=\"twitter:card\" content=\"summary_large_image\" \/>\n<meta name=\"twitter:site\" content=\"@TourTravel_More\" \/>\n<meta name=\"twitter:label1\" content=\"Dur\u00e9e de lecture estim\u00e9e\" \/>\n\t<meta name=\"twitter:data1\" content=\"3 minutes\" \/>\n<script type=\"application\/ld+json\" class=\"yoast-schema-graph\">{\"@context\":\"https:\/\/schema.org\",\"@graph\":[{\"@type\":\"WebPage\",\"@id\":\"https:\/\/tourtravelandmore.com\/fr\/tours\/croacia-fr-fr\/zadar-fr\/visite-privee-a-pied-de-zadar\/\",\"url\":\"https:\/\/tourtravelandmore.com\/fr\/tours\/croacia-fr-fr\/zadar-fr\/visite-privee-a-pied-de-zadar\/\",\"name\":\"Visite priv\u00e9e \u00e0 pied de Zadar &#8212; Tour Travel And More\",\"isPartOf\":{\"@id\":\"https:\/\/tourtravelandmore.com\/fr\/#website\"},\"primaryImageOfPage\":{\"@id\":\"https:\/\/tourtravelandmore.com\/fr\/tours\/croacia-fr-fr\/zadar-fr\/visite-privee-a-pied-de-zadar\/#primaryimage\"},\"image\":{\"@id\":\"https:\/\/tourtravelandmore.com\/fr\/tours\/croacia-fr-fr\/zadar-fr\/visite-privee-a-pied-de-zadar\/#primaryimage\"},\"thumbnailUrl\":\"https:\/\/tourtravelandmore.com\/wp-content\/uploads\/2020\/08\/Zadar-organ-sunset-min.jpg\",\"datePublished\":\"2020-08-12T11:19:31+00:00\",\"dateModified\":\"2021-03-16T09:31:32+00:00\",\"description\":\"Visite priv\u00e9e \u00e0 pied de Zadar &#8212; Tour Travel And More\",\"breadcrumb\":{\"@id\":\"https:\/\/tourtravelandmore.com\/fr\/tours\/croacia-fr-fr\/zadar-fr\/visite-privee-a-pied-de-zadar\/#breadcrumb\"},\"inLanguage\":\"fr-FR\",\"potentialAction\":[{\"@type\":\"ReadAction\",\"target\":[\"https:\/\/tourtravelandmore.com\/fr\/tours\/croacia-fr-fr\/zadar-fr\/visite-privee-a-pied-de-zadar\/\"]}]},{\"@type\":\"ImageObject\",\"inLanguage\":\"fr-FR\",\"@id\":\"https:\/\/tourtravelandmore.com\/fr\/tours\/croacia-fr-fr\/zadar-fr\/visite-privee-a-pied-de-zadar\/#primaryimage\",\"url\":\"https:\/\/tourtravelandmore.com\/wp-content\/uploads\/2020\/08\/Zadar-organ-sunset-min.jpg\",\"contentUrl\":\"https:\/\/tourtravelandmore.com\/wp-content\/uploads\/2020\/08\/Zadar-organ-sunset-min.jpg\",\"width\":910,\"height\":607},{\"@type\":\"BreadcrumbList\",\"@id\":\"https:\/\/tourtravelandmore.com\/fr\/tours\/croacia-fr-fr\/zadar-fr\/visite-privee-a-pied-de-zadar\/#breadcrumb\",\"itemListElement\":[{\"@type\":\"ListItem\",\"position\":1,\"name\":\"Home\",\"item\":\"https:\/\/tourtravelandmore.com\/fr\/\"},{\"@type\":\"ListItem\",\"position\":2,\"name\":\"Tours\",\"item\":\"https:\/\/tourtravelandmore.com\/fr\/tours\/\"},{\"@type\":\"ListItem\",\"position\":3,\"name\":\"Visite priv\u00e9e \u00e0 pied de Zadar\"}]},{\"@type\":\"WebSite\",\"@id\":\"https:\/\/tourtravelandmore.com\/fr\/#website\",\"url\":\"https:\/\/tourtravelandmore.com\/fr\/\",\"name\":\"Tour Travel And More\",\"description\":\"Private sightseeing tours and luxury transfers in Spain\",\"publisher\":{\"@id\":\"https:\/\/tourtravelandmore.com\/fr\/#organization\"},\"potentialAction\":[{\"@type\":\"SearchAction\",\"target\":{\"@type\":\"EntryPoint\",\"urlTemplate\":\"https:\/\/tourtravelandmore.com\/fr\/?s={search_term_string}\"},\"query-input\":{\"@type\":\"PropertyValueSpecification\",\"valueRequired\":true,\"valueName\":\"search_term_string\"}}],\"inLanguage\":\"fr-FR\"},{\"@type\":\"Organization\",\"@id\":\"https:\/\/tourtravelandmore.com\/fr\/#organization\",\"name\":\"Tour Travel And More\",\"url\":\"https:\/\/tourtravelandmore.com\/fr\/\",\"logo\":{\"@type\":\"ImageObject\",\"inLanguage\":\"fr-FR\",\"@id\":\"https:\/\/tourtravelandmore.com\/fr\/#\/schema\/logo\/image\/\",\"url\":\"https:\/\/tourtravelandmore.com\/wp-content\/uploads\/2022\/12\/cropped-logo-cabecera-new.png\",\"contentUrl\":\"https:\/\/tourtravelandmore.com\/wp-content\/uploads\/2022\/12\/cropped-logo-cabecera-new.png\",\"width\":430,\"height\":61,\"caption\":\"Tour Travel And More\"},\"image\":{\"@id\":\"https:\/\/tourtravelandmore.com\/fr\/#\/schema\/logo\/image\/\"},\"sameAs\":[\"https:\/\/www.facebook.com\/tourtravelandmore\/\",\"https:\/\/x.com\/TourTravel_More\"]}]}<\/script>\n<!-- \/ Yoast SEO Premium plugin. -->","yoast_head_json":{"title":"Visite priv\u00e9e \u00e0 pied de Zadar &#8212; Tour Travel And More","description":"Visite priv\u00e9e \u00e0 pied de Zadar &#8212; Tour Travel And More","robots":{"index":"index","follow":"follow","max-snippet":"max-snippet:-1","max-image-preview":"max-image-preview:large","max-video-preview":"max-video-preview:-1"},"canonical":"https:\/\/tourtravelandmore.com\/fr\/tours\/croacia-fr-fr\/zadar-fr\/visite-privee-a-pied-de-zadar\/","og_locale":"fr_FR","og_type":"article","og_title":"Visite priv\u00e9e \u00e0 pied de Zadar","og_description":"Visite priv\u00e9e \u00e0 pied de Zadar &#8212; Tour Travel And More","og_url":"https:\/\/tourtravelandmore.com\/fr\/tours\/croacia-fr-fr\/zadar-fr\/visite-privee-a-pied-de-zadar\/","og_site_name":"Tour Travel And More","article_publisher":"https:\/\/www.facebook.com\/tourtravelandmore\/","article_modified_time":"2021-03-16T09:31:32+00:00","og_image":[{"width":910,"height":607,"url":"https:\/\/tourtravelandmore.com\/wp-content\/uploads\/2020\/08\/Zadar-organ-sunset-min.jpg","type":"image\/jpeg"}],"twitter_card":"summary_large_image","twitter_site":"@TourTravel_More","twitter_misc":{"Dur\u00e9e de lecture estim\u00e9e":"3 minutes"},"schema":{"@context":"https:\/\/schema.org","@graph":[{"@type":"WebPage","@id":"https:\/\/tourtravelandmore.com\/fr\/tours\/croacia-fr-fr\/zadar-fr\/visite-privee-a-pied-de-zadar\/","url":"https:\/\/tourtravelandmore.com\/fr\/tours\/croacia-fr-fr\/zadar-fr\/visite-privee-a-pied-de-zadar\/","name":"Visite priv\u00e9e \u00e0 pied de Zadar &#8212; Tour Travel And More","isPartOf":{"@id":"https:\/\/tourtravelandmore.com\/fr\/#website"},"primaryImageOfPage":{"@id":"https:\/\/tourtravelandmore.com\/fr\/tours\/croacia-fr-fr\/zadar-fr\/visite-privee-a-pied-de-zadar\/#primaryimage"},"image":{"@id":"https:\/\/tourtravelandmore.com\/fr\/tours\/croacia-fr-fr\/zadar-fr\/visite-privee-a-pied-de-zadar\/#primaryimage"},"thumbnailUrl":"https:\/\/tourtravelandmore.com\/wp-content\/uploads\/2020\/08\/Zadar-organ-sunset-min.jpg","datePublished":"2020-08-12T11:19:31+00:00","dateModified":"2021-03-16T09:31:32+00:00","description":"Visite priv\u00e9e \u00e0 pied de Zadar &#8212; Tour Travel And More","breadcrumb":{"@id":"https:\/\/tourtravelandmore.com\/fr\/tours\/croacia-fr-fr\/zadar-fr\/visite-privee-a-pied-de-zadar\/#breadcrumb"},"inLanguage":"fr-FR","potentialAction":[{"@type":"ReadAction","target":["https:\/\/tourtravelandmore.com\/fr\/tours\/croacia-fr-fr\/zadar-fr\/visite-privee-a-pied-de-zadar\/"]}]},{"@type":"ImageObject","inLanguage":"fr-FR","@id":"https:\/\/tourtravelandmore.com\/fr\/tours\/croacia-fr-fr\/zadar-fr\/visite-privee-a-pied-de-zadar\/#primaryimage","url":"https:\/\/tourtravelandmore.com\/wp-content\/uploads\/2020\/08\/Zadar-organ-sunset-min.jpg","contentUrl":"https:\/\/tourtravelandmore.com\/wp-content\/uploads\/2020\/08\/Zadar-organ-sunset-min.jpg","width":910,"height":607},{"@type":"BreadcrumbList","@id":"https:\/\/tourtravelandmore.com\/fr\/tours\/croacia-fr-fr\/zadar-fr\/visite-privee-a-pied-de-zadar\/#breadcrumb","itemListElement":[{"@type":"ListItem","position":1,"name":"Home","item":"https:\/\/tourtravelandmore.com\/fr\/"},{"@type":"ListItem","position":2,"name":"Tours","item":"https:\/\/tourtravelandmore.com\/fr\/tours\/"},{"@type":"ListItem","position":3,"name":"Visite priv\u00e9e \u00e0 pied de Zadar"}]},{"@type":"WebSite","@id":"https:\/\/tourtravelandmore.com\/fr\/#website","url":"https:\/\/tourtravelandmore.com\/fr\/","name":"Tour Travel And More","description":"Private sightseeing tours and luxury transfers in Spain","publisher":{"@id":"https:\/\/tourtravelandmore.com\/fr\/#organization"},"potentialAction":[{"@type":"SearchAction","target":{"@type":"EntryPoint","urlTemplate":"https:\/\/tourtravelandmore.com\/fr\/?s={search_term_string}"},"query-input":{"@type":"PropertyValueSpecification","valueRequired":true,"valueName":"search_term_string"}}],"inLanguage":"fr-FR"},{"@type":"Organization","@id":"https:\/\/tourtravelandmore.com\/fr\/#organization","name":"Tour Travel And More","url":"https:\/\/tourtravelandmore.com\/fr\/","logo":{"@type":"ImageObject","inLanguage":"fr-FR","@id":"https:\/\/tourtravelandmore.com\/fr\/#\/schema\/logo\/image\/","url":"https:\/\/tourtravelandmore.com\/wp-content\/uploads\/2022\/12\/cropped-logo-cabecera-new.png","contentUrl":"https:\/\/tourtravelandmore.com\/wp-content\/uploads\/2022\/12\/cropped-logo-cabecera-new.png","width":430,"height":61,"caption":"Tour Travel And More"},"image":{"@id":"https:\/\/tourtravelandmore.com\/fr\/#\/schema\/logo\/image\/"},"sameAs":["https:\/\/www.facebook.com\/tourtravelandmore\/","https:\/\/x.com\/TourTravel_More"]}]}},"_links":{"self":[{"href":"https:\/\/tourtravelandmore.com\/fr\/wp-json\/wp\/v2\/product\/103593","targetHints":{"allow":["GET"]}}],"collection":[{"href":"https:\/\/tourtravelandmore.com\/fr\/wp-json\/wp\/v2\/product"}],"about":[{"href":"https:\/\/tourtravelandmore.com\/fr\/wp-json\/wp\/v2\/types\/product"}],"replies":[{"embeddable":true,"href":"https:\/\/tourtravelandmore.com\/fr\/wp-json\/wp\/v2\/comments?post=103593"}],"wp:featuredmedia":[{"embeddable":true,"href":"https:\/\/tourtravelandmore.com\/fr\/wp-json\/wp\/v2\/media\/98020"}],"wp:attachment":[{"href":"https:\/\/tourtravelandmore.com\/fr\/wp-json\/wp\/v2\/media?parent=103593"}],"wp:term":[{"taxonomy":"product_brand","embeddable":true,"href":"https:\/\/tourtravelandmore.com\/fr\/wp-json\/wp\/v2\/product_brand?post=103593"},{"taxonomy":"product_cat","embeddable":true,"href":"https:\/\/tourtravelandmore.com\/fr\/wp-json\/wp\/v2\/product_cat?post=103593"},{"taxonomy":"product_tag","embeddable":true,"href":"https:\/\/tourtravelandmore.com\/fr\/wp-json\/wp\/v2\/product_tag?post=103593"}],"curies":[{"name":"wp","href":"https:\/\/api.w.org\/{rel}","templated":true}]}}