{"id":103580,"date":"2020-11-23T12:15:17","date_gmt":"2020-11-23T11:15:17","guid":{"rendered":"https:\/\/tourtravelandmore.com\/tours\/non%20class\u00e9\/visite-privee-de-la-petite-italie\/"},"modified":"2021-03-16T10:22:22","modified_gmt":"2021-03-16T09:22:22","slug":"visite-privee-de-la-petite-italie","status":"publish","type":"product","link":"https:\/\/tourtravelandmore.com\/fr\/tours\/canada-fr\/vancouver-fr\/visite-privee-de-la-petite-italie\/","title":{"rendered":"Visite priv\u00e9e de la Petite Italie"},"content":{"rendered":"<h2>Description<\/h2>\n<p>Une excellente fa\u00e7on de d\u00e9couvrir la Petite Italie est de faire notre visite priv\u00e9e \u00e0 pied. Cette visite priv\u00e9e de la Petite Italie est une exp\u00e9rience parfaite.<\/p>\n<p>Vous pouvez trouver la Petite Italie dans la partie orientale de la ville de Vancouver. C&#8217;est dans le quartier Grandview-Woodland. Ceci est connu comme la zone Commercial Drive. Trouvez un grand nombre d&#8217;Italiens de souche et bien s\u00fbr d&#8217;entreprises italiennes. C&#8217;est un grand centre commercial multiculturel.<\/p>\n<p>Avant les ann\u00e9es 30, de nombreux immigrants italiens se trouvaient dans le quartier de Strathcona. Mais apr\u00e8s les ann\u00e9es 50, la plupart des immigrants se sont install\u00e9s dans la zone commerciale du nord. C&#8217;est l\u00e0 que nous savons savoir \u00e0 Little Italy. Aujourd&#8217;hui, c&#8217;est un endroit charmant pour se promener et conna\u00eetre l&#8217;influence italienne. Maintenant, vous pouvez \u00e9galement trouver de grands groupes multiculturels.<\/p>\n<p>Cette visite priv\u00e9e d\u00e9butera \u00e0 partir d&#8217;un point de rencontre situ\u00e9 au centre de la Petite Italie. Nous commencerons ensuite cette visite priv\u00e9e.<\/p>\n<h2>Sites d&#8217;int\u00e9r\u00eat et monuments<\/h2>\n<p>Cette visite priv\u00e9e de la Petite Italie sera une visite \u00e0 pied unique faite pour vous!<\/p>\n<p>La Petite Italie est \u00e0 plus de huit p\u00e2t\u00e9s de maisons de la promenade commerciale. C&#8217;est quatre blocs au nord et quatre blocs au sud sur la 1\u00e8re avenue. Go\u00fbtez aux excellents restaurants qui se trouvent et admirez le grand multiculturel qui se trouve ici sur &#8220;the Drive&#8221;.<\/p>\n<p>Nous pouvons \u00e9galement inclure dans ce circuit de la Petite Italie un circuit gastronomique pour faire 2 en 1!<\/p>\n<p>Apprenez \u00e0 conna\u00eetre la passion italienne et tout pour la d\u00e9licieuse cuisine italienne!<\/p>\n<p>Ayez une vue sur la pizzeria, les p\u00e2tes et m\u00eame d&#8217;autres types de magasins situ\u00e9s et d\u00e9tenus par des Italiens!<\/p>\n<p>Notre guide priv\u00e9 sera \u00e0 votre disposition pendant toute la dur\u00e9e de la visite priv\u00e9e. Nous sommes \u00e0 votre disposition pour rendre cette exp\u00e9rience totalement unique.<\/p>\n<p>D\u00e9couvrez \u00e9galement nos autres visites priv\u00e9es ici. Nous proposons des excursions d&#8217;une journ\u00e9e et d&#8217;autres visites de la ville de Vancouver. Nous proposons \u00e9galement des visites priv\u00e9es dans n&#8217;importe quelle autre ville du monde!<\/p>\n<p><button style=\"width: auto; height: auto; background-image: url('data:image\/png;base64,iVBORw0KGgoAAAANSUhEUgAAADAAAAAwCAYAAABXAvmHAAABS2lUWHRYTUw6Y29tLmFkb2JlLnhtcAAAAAAAPD94cGFja2V0IGJlZ2luPSLvu78iIGlkPSJXNU0wTXBDZWhpSHpyZVN6TlRjemtjOWQiPz4KPHg6eG1wbWV0YSB4bWxuczp4PSJhZG9iZTpuczptZXRhLyIgeDp4bXB0az0iQWRvYmUgWE1QIENvcmUgNS42LWMxMzggNzkuMTU5ODI0LCAyMDE2LzA5LzE0LTAxOjA5OjAxICAgICAgICAiPgogPHJkZjpSREYgeG1sbnM6cmRmPSJodHRwOi8vd3d3LnczLm9yZy8xOTk5LzAyLzIyLXJkZi1zeW50YXgtbnMjIj4KICA8cmRmOkRlc2NyaXB0aW9uIHJkZjphYm91dD0iIi8+CiA8L3JkZjpSREY+CjwveDp4bXBtZXRhPgo8P3hwYWNrZXQgZW5kPSJyIj8+IEmuOgAAAx5JREFUaIHtmj1L81wYx39JI75AbYtgBTFTRdQGXV2cxMlPICjiakHE0cVJB5FO4uLgN1AnZ\/0EgoLQtd6tL6hJIwia9DzDg6Wxpcb7hMTe+INCz+t1\/TnJuU7OOYoQ4g8Qpz2xFSGEiNoLGVTAjtoJCWw1ag9k0eoTQgg2NzcplUp0dHRE5VNTHMdB0zTy+TydnZ21fI8Ay7K4vr4ml8uRSqVCd7IVQgjW19cpFAoYhlHLbxiBTCbD9PR06A76YXx8HNd1PXmed0BRFBzHwTTNUB3zy\/v7O7FYzJPX9i\/xr4Co0b6u0prj42Pu7u5a1unp6UHXdSYmJkgmk7ImPUgLWFlZoVQq+aqbSCSYn59ne3ubRCIhaxoI4BHSdd13Xcuy2N\/fxzCML0fNL9IjoChK7f\/p6Smjo6MNdWzb5vz8nI2NDUzTpFgsMjMzw+Xlpax5eQH1TE5OMjAw0LQsm80yNzdHNpvFtm2urq44PDxkaWlJymags9D9\/X3Lcl3X2dnZqaX39vakbYY+jS4uLtLV1QXAxcUFlUpFqr\/QBXR3d9Pf3w\/8v8J8fn6W6i90Aa7r8vT0BEAsFpOeTkMXcHJywsvLCwAjIyPSgS1QAb29vS3LHx4eyOVytfTy8rK0zUAFPD4+8vb25vm9vr5SLBY5ODjAMAzK5TIAQ0NDrK6uStsMNA7Mzs42rNfrn\/kP0uk0Z2dnaJq8+UAFfHb0M6qqsrCwwO7uLn19fYHYDFTA2tpa00isaRqDg4NMTU19a+3kh0AFbG1t1YJUWAT6EhcKhSC780Xbf5H9CoiaXwFRIy2gPng5jiPb3beRjgPDw8NYlgUQegyAAAQcHR3xccgTxNrmu0hbjMJpj32ZxkIITNOkWq16tlf8tlVVlWQy+e229UgLKJfLuK77VwI+PikjE6CqKmNjYzJdSPPvxQFVVT2HaD8JVVX5fKzdcEZWLpe5vb39cYd8ADc3Nw1nZB4B8XicdDpNPp+PJCi1wnEcUqkUmUzGk68IISp8uitRqVSoVqth+ueLJntIdtNZ6Kv9nZ9E21\/20IASbXzd5j\/MIQu2KoJrJwAAAABJRU5ErkJggg=='); background-size: 14px 14px; background-color: #000000; position: absolute; opacity: 1; z-index: 86753099; display: none; cursor: pointer; border: none; border-top-left-radius: 3px; border-top-right-radius: 3px; border-bottom-right-radius: 3px; border-bottom-left-radius: 3px; text-indent: 20px; padding: 0px 4px 0px 0px; text-align: center; font-style: normal; font-variant-caps: normal; font-weight: bold; font-stretch: normal; font-size: 11px; line-height: 20px; font-family: 'Helvetica Neue', Helvetica, sans-serif; color: #ffffff; text-transform: capitalize; -webkit-font-smoothing: antialiased; top: 1397px; left: 563px; background-position: 3px 50%; background-repeat: no-repeat no-repeat;\">plan it<\/button><\/p>\n","protected":false},"excerpt":{"rendered":"<p>Participez \u00e0 cette visite priv\u00e9e de la Petite Italie \u00e0 Vancouver et courez la chance de profiter du meilleur de la Petite Italie! Ceci est une excellente visite \u00e0 pied priv\u00e9e!<\/p>\n","protected":false},"featured_media":87246,"comment_status":"open","ping_status":"closed","template":"","meta":{"_acf_changed":false},"product_brand":[],"product_cat":[3751,3776,3547],"product_tag":[],"class_list":{"0":"post-103580","1":"product","2":"type-product","3":"status-publish","4":"has-post-thumbnail","6":"product_cat-canada-fr","7":"product_cat-vancouver-fr","8":"product_cat-etats-unis-fr","10":"first","11":"instock","12":"shipping-taxable","13":"purchasable","14":"product-type-simple"},"acf":[],"yoast_head":"<!-- This site is optimized with the Yoast SEO Premium plugin v25.3.1 (Yoast SEO v25.3.1) - https:\/\/yoast.com\/wordpress\/plugins\/seo\/ -->\n<title>Visite priv\u00e9e de la Petite Italie \u00e0 Vancouver avec un guide. Visite \u00e0 pied<\/title>\n<meta name=\"description\" content=\"Participez \u00e0 cette visite priv\u00e9e de la Petite Italie \u00e0 Vancouver et courez la chance de profiter du meilleur de la Petite Italie! Ceci est une excellente visite \u00e0 pied priv\u00e9e!\" \/>\n<meta name=\"robots\" content=\"index, follow, max-snippet:-1, max-image-preview:large, max-video-preview:-1\" \/>\n<link rel=\"canonical\" href=\"https:\/\/tourtravelandmore.com\/fr\/tours\/canada-fr\/vancouver-fr\/visite-privee-de-la-petite-italie\/\" \/>\n<meta property=\"og:locale\" content=\"fr_FR\" \/>\n<meta property=\"og:type\" content=\"article\" \/>\n<meta property=\"og:title\" content=\"Visite priv\u00e9e de la Petite Italie\" \/>\n<meta property=\"og:description\" content=\"Participez \u00e0 cette visite priv\u00e9e de la Petite Italie \u00e0 Vancouver et courez la chance de profiter du meilleur de la Petite Italie! Ceci est une excellente visite \u00e0 pied priv\u00e9e!\" \/>\n<meta property=\"og:url\" content=\"https:\/\/tourtravelandmore.com\/fr\/tours\/canada-fr\/vancouver-fr\/visite-privee-de-la-petite-italie\/\" \/>\n<meta property=\"og:site_name\" content=\"Tour Travel And More\" \/>\n<meta property=\"article:publisher\" content=\"https:\/\/www.facebook.com\/tourtravelandmore\/\" \/>\n<meta property=\"article:modified_time\" content=\"2021-03-16T09:22:22+00:00\" \/>\n<meta property=\"og:image\" content=\"https:\/\/tourtravelandmore.com\/wp-content\/uploads\/2020\/11\/Vancouver-10-scaled.jpg\" \/>\n\t<meta property=\"og:image:width\" content=\"2048\" \/>\n\t<meta property=\"og:image:height\" content=\"2560\" \/>\n\t<meta property=\"og:image:type\" content=\"image\/jpeg\" \/>\n<meta name=\"twitter:card\" content=\"summary_large_image\" \/>\n<meta name=\"twitter:site\" content=\"@TourTravel_More\" \/>\n<meta name=\"twitter:label1\" content=\"Dur\u00e9e de lecture estim\u00e9e\" \/>\n\t<meta name=\"twitter:data1\" content=\"2 minutes\" \/>\n<script type=\"application\/ld+json\" class=\"yoast-schema-graph\">{\"@context\":\"https:\/\/schema.org\",\"@graph\":[{\"@type\":\"WebPage\",\"@id\":\"https:\/\/tourtravelandmore.com\/fr\/tours\/canada-fr\/vancouver-fr\/visite-privee-de-la-petite-italie\/\",\"url\":\"https:\/\/tourtravelandmore.com\/fr\/tours\/canada-fr\/vancouver-fr\/visite-privee-de-la-petite-italie\/\",\"name\":\"Visite priv\u00e9e de la Petite Italie \u00e0 Vancouver avec un guide. Visite \u00e0 pied\",\"isPartOf\":{\"@id\":\"https:\/\/tourtravelandmore.com\/fr\/#website\"},\"primaryImageOfPage\":{\"@id\":\"https:\/\/tourtravelandmore.com\/fr\/tours\/canada-fr\/vancouver-fr\/visite-privee-de-la-petite-italie\/#primaryimage\"},\"image\":{\"@id\":\"https:\/\/tourtravelandmore.com\/fr\/tours\/canada-fr\/vancouver-fr\/visite-privee-de-la-petite-italie\/#primaryimage\"},\"thumbnailUrl\":\"https:\/\/tourtravelandmore.com\/wp-content\/uploads\/2020\/11\/Vancouver-10-scaled.jpg\",\"datePublished\":\"2020-11-23T11:15:17+00:00\",\"dateModified\":\"2021-03-16T09:22:22+00:00\",\"description\":\"Participez \u00e0 cette visite priv\u00e9e de la Petite Italie \u00e0 Vancouver et courez la chance de profiter du meilleur de la Petite Italie! Ceci est une excellente visite \u00e0 pied priv\u00e9e!\",\"breadcrumb\":{\"@id\":\"https:\/\/tourtravelandmore.com\/fr\/tours\/canada-fr\/vancouver-fr\/visite-privee-de-la-petite-italie\/#breadcrumb\"},\"inLanguage\":\"fr-FR\",\"potentialAction\":[{\"@type\":\"ReadAction\",\"target\":[\"https:\/\/tourtravelandmore.com\/fr\/tours\/canada-fr\/vancouver-fr\/visite-privee-de-la-petite-italie\/\"]}]},{\"@type\":\"ImageObject\",\"inLanguage\":\"fr-FR\",\"@id\":\"https:\/\/tourtravelandmore.com\/fr\/tours\/canada-fr\/vancouver-fr\/visite-privee-de-la-petite-italie\/#primaryimage\",\"url\":\"https:\/\/tourtravelandmore.com\/wp-content\/uploads\/2020\/11\/Vancouver-10-scaled.jpg\",\"contentUrl\":\"https:\/\/tourtravelandmore.com\/wp-content\/uploads\/2020\/11\/Vancouver-10-scaled.jpg\",\"width\":2048,\"height\":2560},{\"@type\":\"BreadcrumbList\",\"@id\":\"https:\/\/tourtravelandmore.com\/fr\/tours\/canada-fr\/vancouver-fr\/visite-privee-de-la-petite-italie\/#breadcrumb\",\"itemListElement\":[{\"@type\":\"ListItem\",\"position\":1,\"name\":\"Home\",\"item\":\"https:\/\/tourtravelandmore.com\/fr\/\"},{\"@type\":\"ListItem\",\"position\":2,\"name\":\"Tours\",\"item\":\"https:\/\/tourtravelandmore.com\/fr\/tours\/\"},{\"@type\":\"ListItem\",\"position\":3,\"name\":\"Visite priv\u00e9e de la Petite Italie\"}]},{\"@type\":\"WebSite\",\"@id\":\"https:\/\/tourtravelandmore.com\/fr\/#website\",\"url\":\"https:\/\/tourtravelandmore.com\/fr\/\",\"name\":\"Tour Travel And More\",\"description\":\"Private sightseeing tours and luxury transfers in Spain\",\"publisher\":{\"@id\":\"https:\/\/tourtravelandmore.com\/fr\/#organization\"},\"potentialAction\":[{\"@type\":\"SearchAction\",\"target\":{\"@type\":\"EntryPoint\",\"urlTemplate\":\"https:\/\/tourtravelandmore.com\/fr\/?s={search_term_string}\"},\"query-input\":{\"@type\":\"PropertyValueSpecification\",\"valueRequired\":true,\"valueName\":\"search_term_string\"}}],\"inLanguage\":\"fr-FR\"},{\"@type\":\"Organization\",\"@id\":\"https:\/\/tourtravelandmore.com\/fr\/#organization\",\"name\":\"Tour Travel And More\",\"url\":\"https:\/\/tourtravelandmore.com\/fr\/\",\"logo\":{\"@type\":\"ImageObject\",\"inLanguage\":\"fr-FR\",\"@id\":\"https:\/\/tourtravelandmore.com\/fr\/#\/schema\/logo\/image\/\",\"url\":\"https:\/\/tourtravelandmore.com\/wp-content\/uploads\/2022\/12\/cropped-logo-cabecera-new.png\",\"contentUrl\":\"https:\/\/tourtravelandmore.com\/wp-content\/uploads\/2022\/12\/cropped-logo-cabecera-new.png\",\"width\":430,\"height\":61,\"caption\":\"Tour Travel And More\"},\"image\":{\"@id\":\"https:\/\/tourtravelandmore.com\/fr\/#\/schema\/logo\/image\/\"},\"sameAs\":[\"https:\/\/www.facebook.com\/tourtravelandmore\/\",\"https:\/\/x.com\/TourTravel_More\"]}]}<\/script>\n<!-- \/ Yoast SEO Premium plugin. -->","yoast_head_json":{"title":"Visite priv\u00e9e de la Petite Italie \u00e0 Vancouver avec un guide. Visite \u00e0 pied","description":"Participez \u00e0 cette visite priv\u00e9e de la Petite Italie \u00e0 Vancouver et courez la chance de profiter du meilleur de la Petite Italie! Ceci est une excellente visite \u00e0 pied priv\u00e9e!","robots":{"index":"index","follow":"follow","max-snippet":"max-snippet:-1","max-image-preview":"max-image-preview:large","max-video-preview":"max-video-preview:-1"},"canonical":"https:\/\/tourtravelandmore.com\/fr\/tours\/canada-fr\/vancouver-fr\/visite-privee-de-la-petite-italie\/","og_locale":"fr_FR","og_type":"article","og_title":"Visite priv\u00e9e de la Petite Italie","og_description":"Participez \u00e0 cette visite priv\u00e9e de la Petite Italie \u00e0 Vancouver et courez la chance de profiter du meilleur de la Petite Italie! Ceci est une excellente visite \u00e0 pied priv\u00e9e!","og_url":"https:\/\/tourtravelandmore.com\/fr\/tours\/canada-fr\/vancouver-fr\/visite-privee-de-la-petite-italie\/","og_site_name":"Tour Travel And More","article_publisher":"https:\/\/www.facebook.com\/tourtravelandmore\/","article_modified_time":"2021-03-16T09:22:22+00:00","og_image":[{"width":2048,"height":2560,"url":"https:\/\/tourtravelandmore.com\/wp-content\/uploads\/2020\/11\/Vancouver-10-scaled.jpg","type":"image\/jpeg"}],"twitter_card":"summary_large_image","twitter_site":"@TourTravel_More","twitter_misc":{"Dur\u00e9e de lecture estim\u00e9e":"2 minutes"},"schema":{"@context":"https:\/\/schema.org","@graph":[{"@type":"WebPage","@id":"https:\/\/tourtravelandmore.com\/fr\/tours\/canada-fr\/vancouver-fr\/visite-privee-de-la-petite-italie\/","url":"https:\/\/tourtravelandmore.com\/fr\/tours\/canada-fr\/vancouver-fr\/visite-privee-de-la-petite-italie\/","name":"Visite priv\u00e9e de la Petite Italie \u00e0 Vancouver avec un guide. Visite \u00e0 pied","isPartOf":{"@id":"https:\/\/tourtravelandmore.com\/fr\/#website"},"primaryImageOfPage":{"@id":"https:\/\/tourtravelandmore.com\/fr\/tours\/canada-fr\/vancouver-fr\/visite-privee-de-la-petite-italie\/#primaryimage"},"image":{"@id":"https:\/\/tourtravelandmore.com\/fr\/tours\/canada-fr\/vancouver-fr\/visite-privee-de-la-petite-italie\/#primaryimage"},"thumbnailUrl":"https:\/\/tourtravelandmore.com\/wp-content\/uploads\/2020\/11\/Vancouver-10-scaled.jpg","datePublished":"2020-11-23T11:15:17+00:00","dateModified":"2021-03-16T09:22:22+00:00","description":"Participez \u00e0 cette visite priv\u00e9e de la Petite Italie \u00e0 Vancouver et courez la chance de profiter du meilleur de la Petite Italie! Ceci est une excellente visite \u00e0 pied priv\u00e9e!","breadcrumb":{"@id":"https:\/\/tourtravelandmore.com\/fr\/tours\/canada-fr\/vancouver-fr\/visite-privee-de-la-petite-italie\/#breadcrumb"},"inLanguage":"fr-FR","potentialAction":[{"@type":"ReadAction","target":["https:\/\/tourtravelandmore.com\/fr\/tours\/canada-fr\/vancouver-fr\/visite-privee-de-la-petite-italie\/"]}]},{"@type":"ImageObject","inLanguage":"fr-FR","@id":"https:\/\/tourtravelandmore.com\/fr\/tours\/canada-fr\/vancouver-fr\/visite-privee-de-la-petite-italie\/#primaryimage","url":"https:\/\/tourtravelandmore.com\/wp-content\/uploads\/2020\/11\/Vancouver-10-scaled.jpg","contentUrl":"https:\/\/tourtravelandmore.com\/wp-content\/uploads\/2020\/11\/Vancouver-10-scaled.jpg","width":2048,"height":2560},{"@type":"BreadcrumbList","@id":"https:\/\/tourtravelandmore.com\/fr\/tours\/canada-fr\/vancouver-fr\/visite-privee-de-la-petite-italie\/#breadcrumb","itemListElement":[{"@type":"ListItem","position":1,"name":"Home","item":"https:\/\/tourtravelandmore.com\/fr\/"},{"@type":"ListItem","position":2,"name":"Tours","item":"https:\/\/tourtravelandmore.com\/fr\/tours\/"},{"@type":"ListItem","position":3,"name":"Visite priv\u00e9e de la Petite Italie"}]},{"@type":"WebSite","@id":"https:\/\/tourtravelandmore.com\/fr\/#website","url":"https:\/\/tourtravelandmore.com\/fr\/","name":"Tour Travel And More","description":"Private sightseeing tours and luxury transfers in Spain","publisher":{"@id":"https:\/\/tourtravelandmore.com\/fr\/#organization"},"potentialAction":[{"@type":"SearchAction","target":{"@type":"EntryPoint","urlTemplate":"https:\/\/tourtravelandmore.com\/fr\/?s={search_term_string}"},"query-input":{"@type":"PropertyValueSpecification","valueRequired":true,"valueName":"search_term_string"}}],"inLanguage":"fr-FR"},{"@type":"Organization","@id":"https:\/\/tourtravelandmore.com\/fr\/#organization","name":"Tour Travel And More","url":"https:\/\/tourtravelandmore.com\/fr\/","logo":{"@type":"ImageObject","inLanguage":"fr-FR","@id":"https:\/\/tourtravelandmore.com\/fr\/#\/schema\/logo\/image\/","url":"https:\/\/tourtravelandmore.com\/wp-content\/uploads\/2022\/12\/cropped-logo-cabecera-new.png","contentUrl":"https:\/\/tourtravelandmore.com\/wp-content\/uploads\/2022\/12\/cropped-logo-cabecera-new.png","width":430,"height":61,"caption":"Tour Travel And More"},"image":{"@id":"https:\/\/tourtravelandmore.com\/fr\/#\/schema\/logo\/image\/"},"sameAs":["https:\/\/www.facebook.com\/tourtravelandmore\/","https:\/\/x.com\/TourTravel_More"]}]}},"_links":{"self":[{"href":"https:\/\/tourtravelandmore.com\/fr\/wp-json\/wp\/v2\/product\/103580","targetHints":{"allow":["GET"]}}],"collection":[{"href":"https:\/\/tourtravelandmore.com\/fr\/wp-json\/wp\/v2\/product"}],"about":[{"href":"https:\/\/tourtravelandmore.com\/fr\/wp-json\/wp\/v2\/types\/product"}],"replies":[{"embeddable":true,"href":"https:\/\/tourtravelandmore.com\/fr\/wp-json\/wp\/v2\/comments?post=103580"}],"wp:featuredmedia":[{"embeddable":true,"href":"https:\/\/tourtravelandmore.com\/fr\/wp-json\/wp\/v2\/media\/87246"}],"wp:attachment":[{"href":"https:\/\/tourtravelandmore.com\/fr\/wp-json\/wp\/v2\/media?parent=103580"}],"wp:term":[{"taxonomy":"product_brand","embeddable":true,"href":"https:\/\/tourtravelandmore.com\/fr\/wp-json\/wp\/v2\/product_brand?post=103580"},{"taxonomy":"product_cat","embeddable":true,"href":"https:\/\/tourtravelandmore.com\/fr\/wp-json\/wp\/v2\/product_cat?post=103580"},{"taxonomy":"product_tag","embeddable":true,"href":"https:\/\/tourtravelandmore.com\/fr\/wp-json\/wp\/v2\/product_tag?post=103580"}],"curies":[{"name":"wp","href":"https:\/\/api.w.org\/{rel}","templated":true}]}}