{"id":103562,"date":"2020-11-23T10:40:19","date_gmt":"2020-11-23T09:40:19","guid":{"rendered":"https:\/\/tourtravelandmore.com\/tours\/non%20class\u00e9\/visite-privee-de-whistler-au-depart-de-vancouver\/"},"modified":"2021-03-16T10:19:38","modified_gmt":"2021-03-16T09:19:38","slug":"visite-privee-de-whistler-au-depart-de-vancouver","status":"publish","type":"product","link":"https:\/\/tourtravelandmore.com\/fr\/tours\/canada-fr\/vancouver-fr\/visite-privee-de-whistler-au-depart-de-vancouver\/","title":{"rendered":"Visite priv\u00e9e de Whistler au d\u00e9part de Vancouver"},"content":{"rendered":"<h2>Description<\/h2>\n<p>Notre visite priv\u00e9e \u00e0 Whistler au d\u00e9part de Vancouver est une excellente occasion de d\u00e9couvrir la r\u00e9gion unique de Whistler.<\/p>\n<p>Whistler est l&#8217;un des meilleurs sites de ski en hiver et un lieu id\u00e9al pour les vacances d&#8217;\u00e9t\u00e9 en \u00e9t\u00e9. Laissez-nous vous emmener lors de cette excursion d&#8217;une journ\u00e9e au d\u00e9part de Vancouver et profitez du meilleur de Whistler.<\/p>\n<p>Tout d&#8217;abord, nous organiserons un chauffeur priv\u00e9 pour venir vous chercher \u00e0 votre h\u00f4tel ou lieu de votre choix \u00e0 Vancouver. Nous nous dirigerons ensuite vers Whistler. Whistler est situ\u00e9 \u00e0 120 km de Vancouver.<\/p>\n<p>Whistler Village est un endroit tellement charmant que vous serez amoureux du village. Cette visite priv\u00e9e de Whistler au d\u00e9part de Vancouver est facile, confortable et s\u00e9curis\u00e9e pour une exp\u00e9rience inoubliable d&#8217;une journ\u00e9e.<\/p>\n<p>Admirez les vues \u00e0 couper le souffle dont vous pourrez profiter en cours de route. Nous aurons le temps d&#8217;avoir une vue sur Shannon Falls, Britannia Beach &#8230; Nous arriverons ensuite au village de Whistler.<\/p>\n<h2>Sites d&#8217;int\u00e9r\u00eat et monuments<\/h2>\n<p>Apr\u00e8s une prise en charge confortable \u00e0 votre h\u00f4tel \u00e0 Vancouver ou au lieu de votre choix, nous nous dirigerons vers Whistler.<\/p>\n<p>Au cours de cette visite priv\u00e9e d&#8217;une journ\u00e9e, d\u00e9couvrez de superbes sites tels que:<\/p>\n<ul>\n<li>Points de vue incroyables en cours de route. Ce sera le long de la route de la mer au ciel.<\/li>\n<li>Shannon Falls<\/li>\n<li>Plage de Britannia<\/li>\n<li>Village de Whistler<\/li>\n<\/ul>\n<p>Profitez de cette exp\u00e9rience incroyable pour une excursion d&#8217;une journ\u00e9e. Nous proposons de nombreux types d&#8217;excursions d&#8217;une journ\u00e9e au d\u00e9part de Vancouver. Vancouver est vraiment une ville unique \u00e0 visiter, mais vous ne pouvez pas manquer les excursions d&#8217;une journ\u00e9e que vous pouvez appr\u00e9cier. Contactez nos experts en voyages pour plus d&#8217;informations et faites-nous part de vos d\u00e9sirs pour organiser la visite priv\u00e9e correspondante pour vous.<\/p>\n<p>Jetez un \u0153il \u00e0 nos autres circuits priv\u00e9s que nous proposons \u00e0 Vancouver et dans tout le Canada.<\/p>\n<p><button style=\"width: auto; height: auto; background-image: url('data:image\/png;base64,iVBORw0KGgoAAAANSUhEUgAAADAAAAAwCAYAAABXAvmHAAABS2lUWHRYTUw6Y29tLmFkb2JlLnhtcAAAAAAAPD94cGFja2V0IGJlZ2luPSLvu78iIGlkPSJXNU0wTXBDZWhpSHpyZVN6TlRjemtjOWQiPz4KPHg6eG1wbWV0YSB4bWxuczp4PSJhZG9iZTpuczptZXRhLyIgeDp4bXB0az0iQWRvYmUgWE1QIENvcmUgNS42LWMxMzggNzkuMTU5ODI0LCAyMDE2LzA5LzE0LTAxOjA5OjAxICAgICAgICAiPgogPHJkZjpSREYgeG1sbnM6cmRmPSJodHRwOi8vd3d3LnczLm9yZy8xOTk5LzAyLzIyLXJkZi1zeW50YXgtbnMjIj4KICA8cmRmOkRlc2NyaXB0aW9uIHJkZjphYm91dD0iIi8+CiA8L3JkZjpSREY+CjwveDp4bXBtZXRhPgo8P3hwYWNrZXQgZW5kPSJyIj8+IEmuOgAAAx5JREFUaIHtmj1L81wYx39JI75AbYtgBTFTRdQGXV2cxMlPICjiakHE0cVJB5FO4uLgN1AnZ\/0EgoLQtd6tL6hJIwia9DzDg6Wxpcb7hMTe+INCz+t1\/TnJuU7OOYoQ4g8Qpz2xFSGEiNoLGVTAjtoJCWw1ag9k0eoTQgg2NzcplUp0dHRE5VNTHMdB0zTy+TydnZ21fI8Ay7K4vr4ml8uRSqVCd7IVQgjW19cpFAoYhlHLbxiBTCbD9PR06A76YXx8HNd1PXmed0BRFBzHwTTNUB3zy\/v7O7FYzJPX9i\/xr4Co0b6u0prj42Pu7u5a1unp6UHXdSYmJkgmk7ImPUgLWFlZoVQq+aqbSCSYn59ne3ubRCIhaxoI4BHSdd13Xcuy2N\/fxzCML0fNL9IjoChK7f\/p6Smjo6MNdWzb5vz8nI2NDUzTpFgsMjMzw+Xlpax5eQH1TE5OMjAw0LQsm80yNzdHNpvFtm2urq44PDxkaWlJymags9D9\/X3Lcl3X2dnZqaX39vakbYY+jS4uLtLV1QXAxcUFlUpFqr\/QBXR3d9Pf3w\/8v8J8fn6W6i90Aa7r8vT0BEAsFpOeTkMXcHJywsvLCwAjIyPSgS1QAb29vS3LHx4eyOVytfTy8rK0zUAFPD4+8vb25vm9vr5SLBY5ODjAMAzK5TIAQ0NDrK6uStsMNA7Mzs42rNfrn\/kP0uk0Z2dnaJq8+UAFfHb0M6qqsrCwwO7uLn19fYHYDFTA2tpa00isaRqDg4NMTU19a+3kh0AFbG1t1YJUWAT6EhcKhSC780Xbf5H9CoiaXwFRIy2gPng5jiPb3beRjgPDw8NYlgUQegyAAAQcHR3xccgTxNrmu0hbjMJpj32ZxkIITNOkWq16tlf8tlVVlWQy+e229UgLKJfLuK77VwI+PikjE6CqKmNjYzJdSPPvxQFVVT2HaD8JVVX5fKzdcEZWLpe5vb39cYd8ADc3Nw1nZB4B8XicdDpNPp+PJCi1wnEcUqkUmUzGk68IISp8uitRqVSoVqth+ueLJntIdtNZ6Kv9nZ9E21\/20IASbXzd5j\/MIQu2KoJrJwAAAABJRU5ErkJggg=='); background-size: 14px 14px; background-color: #000000; position: absolute; opacity: 1; z-index: 86753099; display: none; cursor: pointer; border: none; border-top-left-radius: 3px; border-top-right-radius: 3px; border-bottom-right-radius: 3px; border-bottom-left-radius: 3px; text-indent: 20px; padding: 0px 4px 0px 0px; text-align: center; font-style: normal; font-variant-caps: normal; font-weight: bold; font-stretch: normal; font-size: 11px; line-height: 20px; font-family: 'Helvetica Neue', Helvetica, sans-serif; color: #ffffff; text-transform: capitalize; -webkit-font-smoothing: antialiased; top: 1397px; left: 563px; background-position: 3px 50%; background-repeat: no-repeat no-repeat;\">plan it<\/button><\/p>\n","protected":false},"excerpt":{"rendered":"<p>Faites cette visite priv\u00e9e de Whistler au d\u00e9part de Vancouver et profitez du meilleur de la ville de Whistler! C&#8217;est une excellente visite priv\u00e9e!<\/p>\n","protected":false},"featured_media":87571,"comment_status":"open","ping_status":"closed","template":"","meta":{"_acf_changed":false},"product_brand":[],"product_cat":[3751,3776,3547],"product_tag":[],"class_list":{"0":"post-103562","1":"product","2":"type-product","3":"status-publish","4":"has-post-thumbnail","6":"product_cat-canada-fr","7":"product_cat-vancouver-fr","8":"product_cat-etats-unis-fr","10":"first","11":"instock","12":"shipping-taxable","13":"purchasable","14":"product-type-simple"},"acf":[],"yoast_head":"<!-- This site is optimized with the Yoast SEO Premium plugin v25.3.1 (Yoast SEO v25.3.1) - https:\/\/yoast.com\/wordpress\/plugins\/seo\/ -->\n<title>Visite priv\u00e9e de Whistler au d\u00e9part de Vancouver avec un chauffeur et un guide.<\/title>\n<meta name=\"description\" content=\"Faites cette visite priv\u00e9e de Whistler au d\u00e9part de Vancouver et profitez du meilleur de la ville de Whistler! C&#039;est une excellente visite priv\u00e9e!\" \/>\n<meta name=\"robots\" content=\"index, follow, max-snippet:-1, max-image-preview:large, max-video-preview:-1\" \/>\n<link rel=\"canonical\" href=\"https:\/\/tourtravelandmore.com\/fr\/tours\/canada-fr\/vancouver-fr\/visite-privee-de-whistler-au-depart-de-vancouver\/\" \/>\n<meta property=\"og:locale\" content=\"fr_FR\" \/>\n<meta property=\"og:type\" content=\"article\" \/>\n<meta property=\"og:title\" content=\"Visite priv\u00e9e de Whistler au d\u00e9part de Vancouver\" \/>\n<meta property=\"og:description\" content=\"Faites cette visite priv\u00e9e de Whistler au d\u00e9part de Vancouver et profitez du meilleur de la ville de Whistler! C&#039;est une excellente visite priv\u00e9e!\" \/>\n<meta property=\"og:url\" content=\"https:\/\/tourtravelandmore.com\/fr\/tours\/canada-fr\/vancouver-fr\/visite-privee-de-whistler-au-depart-de-vancouver\/\" \/>\n<meta property=\"og:site_name\" content=\"Tour Travel And More\" \/>\n<meta property=\"article:publisher\" content=\"https:\/\/www.facebook.com\/tourtravelandmore\/\" \/>\n<meta property=\"article:modified_time\" content=\"2021-03-16T09:19:38+00:00\" \/>\n<meta property=\"og:image\" content=\"https:\/\/tourtravelandmore.com\/wp-content\/uploads\/2020\/11\/Whistler-5-scaled.jpg\" \/>\n\t<meta property=\"og:image:width\" content=\"1707\" \/>\n\t<meta property=\"og:image:height\" content=\"2560\" \/>\n\t<meta property=\"og:image:type\" content=\"image\/jpeg\" \/>\n<meta name=\"twitter:card\" content=\"summary_large_image\" \/>\n<meta name=\"twitter:site\" content=\"@TourTravel_More\" \/>\n<meta name=\"twitter:label1\" content=\"Dur\u00e9e de lecture estim\u00e9e\" \/>\n\t<meta name=\"twitter:data1\" content=\"2 minutes\" \/>\n<script type=\"application\/ld+json\" class=\"yoast-schema-graph\">{\"@context\":\"https:\/\/schema.org\",\"@graph\":[{\"@type\":\"WebPage\",\"@id\":\"https:\/\/tourtravelandmore.com\/fr\/tours\/canada-fr\/vancouver-fr\/visite-privee-de-whistler-au-depart-de-vancouver\/\",\"url\":\"https:\/\/tourtravelandmore.com\/fr\/tours\/canada-fr\/vancouver-fr\/visite-privee-de-whistler-au-depart-de-vancouver\/\",\"name\":\"Visite priv\u00e9e de Whistler au d\u00e9part de Vancouver avec un chauffeur et un guide.\",\"isPartOf\":{\"@id\":\"https:\/\/tourtravelandmore.com\/fr\/#website\"},\"primaryImageOfPage\":{\"@id\":\"https:\/\/tourtravelandmore.com\/fr\/tours\/canada-fr\/vancouver-fr\/visite-privee-de-whistler-au-depart-de-vancouver\/#primaryimage\"},\"image\":{\"@id\":\"https:\/\/tourtravelandmore.com\/fr\/tours\/canada-fr\/vancouver-fr\/visite-privee-de-whistler-au-depart-de-vancouver\/#primaryimage\"},\"thumbnailUrl\":\"https:\/\/tourtravelandmore.com\/wp-content\/uploads\/2020\/11\/Whistler-5-scaled.jpg\",\"datePublished\":\"2020-11-23T09:40:19+00:00\",\"dateModified\":\"2021-03-16T09:19:38+00:00\",\"description\":\"Faites cette visite priv\u00e9e de Whistler au d\u00e9part de Vancouver et profitez du meilleur de la ville de Whistler! C'est une excellente visite priv\u00e9e!\",\"breadcrumb\":{\"@id\":\"https:\/\/tourtravelandmore.com\/fr\/tours\/canada-fr\/vancouver-fr\/visite-privee-de-whistler-au-depart-de-vancouver\/#breadcrumb\"},\"inLanguage\":\"fr-FR\",\"potentialAction\":[{\"@type\":\"ReadAction\",\"target\":[\"https:\/\/tourtravelandmore.com\/fr\/tours\/canada-fr\/vancouver-fr\/visite-privee-de-whistler-au-depart-de-vancouver\/\"]}]},{\"@type\":\"ImageObject\",\"inLanguage\":\"fr-FR\",\"@id\":\"https:\/\/tourtravelandmore.com\/fr\/tours\/canada-fr\/vancouver-fr\/visite-privee-de-whistler-au-depart-de-vancouver\/#primaryimage\",\"url\":\"https:\/\/tourtravelandmore.com\/wp-content\/uploads\/2020\/11\/Whistler-5-scaled.jpg\",\"contentUrl\":\"https:\/\/tourtravelandmore.com\/wp-content\/uploads\/2020\/11\/Whistler-5-scaled.jpg\",\"width\":1707,\"height\":2560},{\"@type\":\"BreadcrumbList\",\"@id\":\"https:\/\/tourtravelandmore.com\/fr\/tours\/canada-fr\/vancouver-fr\/visite-privee-de-whistler-au-depart-de-vancouver\/#breadcrumb\",\"itemListElement\":[{\"@type\":\"ListItem\",\"position\":1,\"name\":\"Home\",\"item\":\"https:\/\/tourtravelandmore.com\/fr\/\"},{\"@type\":\"ListItem\",\"position\":2,\"name\":\"Tours\",\"item\":\"https:\/\/tourtravelandmore.com\/fr\/tours\/\"},{\"@type\":\"ListItem\",\"position\":3,\"name\":\"Visite priv\u00e9e de Whistler au d\u00e9part de Vancouver\"}]},{\"@type\":\"WebSite\",\"@id\":\"https:\/\/tourtravelandmore.com\/fr\/#website\",\"url\":\"https:\/\/tourtravelandmore.com\/fr\/\",\"name\":\"Tour Travel And More\",\"description\":\"Private sightseeing tours and luxury transfers in Spain\",\"publisher\":{\"@id\":\"https:\/\/tourtravelandmore.com\/fr\/#organization\"},\"potentialAction\":[{\"@type\":\"SearchAction\",\"target\":{\"@type\":\"EntryPoint\",\"urlTemplate\":\"https:\/\/tourtravelandmore.com\/fr\/?s={search_term_string}\"},\"query-input\":{\"@type\":\"PropertyValueSpecification\",\"valueRequired\":true,\"valueName\":\"search_term_string\"}}],\"inLanguage\":\"fr-FR\"},{\"@type\":\"Organization\",\"@id\":\"https:\/\/tourtravelandmore.com\/fr\/#organization\",\"name\":\"Tour Travel And More\",\"url\":\"https:\/\/tourtravelandmore.com\/fr\/\",\"logo\":{\"@type\":\"ImageObject\",\"inLanguage\":\"fr-FR\",\"@id\":\"https:\/\/tourtravelandmore.com\/fr\/#\/schema\/logo\/image\/\",\"url\":\"https:\/\/tourtravelandmore.com\/wp-content\/uploads\/2022\/12\/cropped-logo-cabecera-new.png\",\"contentUrl\":\"https:\/\/tourtravelandmore.com\/wp-content\/uploads\/2022\/12\/cropped-logo-cabecera-new.png\",\"width\":430,\"height\":61,\"caption\":\"Tour Travel And More\"},\"image\":{\"@id\":\"https:\/\/tourtravelandmore.com\/fr\/#\/schema\/logo\/image\/\"},\"sameAs\":[\"https:\/\/www.facebook.com\/tourtravelandmore\/\",\"https:\/\/x.com\/TourTravel_More\"]}]}<\/script>\n<!-- \/ Yoast SEO Premium plugin. -->","yoast_head_json":{"title":"Visite priv\u00e9e de Whistler au d\u00e9part de Vancouver avec un chauffeur et un guide.","description":"Faites cette visite priv\u00e9e de Whistler au d\u00e9part de Vancouver et profitez du meilleur de la ville de Whistler! C'est une excellente visite priv\u00e9e!","robots":{"index":"index","follow":"follow","max-snippet":"max-snippet:-1","max-image-preview":"max-image-preview:large","max-video-preview":"max-video-preview:-1"},"canonical":"https:\/\/tourtravelandmore.com\/fr\/tours\/canada-fr\/vancouver-fr\/visite-privee-de-whistler-au-depart-de-vancouver\/","og_locale":"fr_FR","og_type":"article","og_title":"Visite priv\u00e9e de Whistler au d\u00e9part de Vancouver","og_description":"Faites cette visite priv\u00e9e de Whistler au d\u00e9part de Vancouver et profitez du meilleur de la ville de Whistler! C'est une excellente visite priv\u00e9e!","og_url":"https:\/\/tourtravelandmore.com\/fr\/tours\/canada-fr\/vancouver-fr\/visite-privee-de-whistler-au-depart-de-vancouver\/","og_site_name":"Tour Travel And More","article_publisher":"https:\/\/www.facebook.com\/tourtravelandmore\/","article_modified_time":"2021-03-16T09:19:38+00:00","og_image":[{"width":1707,"height":2560,"url":"https:\/\/tourtravelandmore.com\/wp-content\/uploads\/2020\/11\/Whistler-5-scaled.jpg","type":"image\/jpeg"}],"twitter_card":"summary_large_image","twitter_site":"@TourTravel_More","twitter_misc":{"Dur\u00e9e de lecture estim\u00e9e":"2 minutes"},"schema":{"@context":"https:\/\/schema.org","@graph":[{"@type":"WebPage","@id":"https:\/\/tourtravelandmore.com\/fr\/tours\/canada-fr\/vancouver-fr\/visite-privee-de-whistler-au-depart-de-vancouver\/","url":"https:\/\/tourtravelandmore.com\/fr\/tours\/canada-fr\/vancouver-fr\/visite-privee-de-whistler-au-depart-de-vancouver\/","name":"Visite priv\u00e9e de Whistler au d\u00e9part de Vancouver avec un chauffeur et un guide.","isPartOf":{"@id":"https:\/\/tourtravelandmore.com\/fr\/#website"},"primaryImageOfPage":{"@id":"https:\/\/tourtravelandmore.com\/fr\/tours\/canada-fr\/vancouver-fr\/visite-privee-de-whistler-au-depart-de-vancouver\/#primaryimage"},"image":{"@id":"https:\/\/tourtravelandmore.com\/fr\/tours\/canada-fr\/vancouver-fr\/visite-privee-de-whistler-au-depart-de-vancouver\/#primaryimage"},"thumbnailUrl":"https:\/\/tourtravelandmore.com\/wp-content\/uploads\/2020\/11\/Whistler-5-scaled.jpg","datePublished":"2020-11-23T09:40:19+00:00","dateModified":"2021-03-16T09:19:38+00:00","description":"Faites cette visite priv\u00e9e de Whistler au d\u00e9part de Vancouver et profitez du meilleur de la ville de Whistler! C'est une excellente visite priv\u00e9e!","breadcrumb":{"@id":"https:\/\/tourtravelandmore.com\/fr\/tours\/canada-fr\/vancouver-fr\/visite-privee-de-whistler-au-depart-de-vancouver\/#breadcrumb"},"inLanguage":"fr-FR","potentialAction":[{"@type":"ReadAction","target":["https:\/\/tourtravelandmore.com\/fr\/tours\/canada-fr\/vancouver-fr\/visite-privee-de-whistler-au-depart-de-vancouver\/"]}]},{"@type":"ImageObject","inLanguage":"fr-FR","@id":"https:\/\/tourtravelandmore.com\/fr\/tours\/canada-fr\/vancouver-fr\/visite-privee-de-whistler-au-depart-de-vancouver\/#primaryimage","url":"https:\/\/tourtravelandmore.com\/wp-content\/uploads\/2020\/11\/Whistler-5-scaled.jpg","contentUrl":"https:\/\/tourtravelandmore.com\/wp-content\/uploads\/2020\/11\/Whistler-5-scaled.jpg","width":1707,"height":2560},{"@type":"BreadcrumbList","@id":"https:\/\/tourtravelandmore.com\/fr\/tours\/canada-fr\/vancouver-fr\/visite-privee-de-whistler-au-depart-de-vancouver\/#breadcrumb","itemListElement":[{"@type":"ListItem","position":1,"name":"Home","item":"https:\/\/tourtravelandmore.com\/fr\/"},{"@type":"ListItem","position":2,"name":"Tours","item":"https:\/\/tourtravelandmore.com\/fr\/tours\/"},{"@type":"ListItem","position":3,"name":"Visite priv\u00e9e de Whistler au d\u00e9part de Vancouver"}]},{"@type":"WebSite","@id":"https:\/\/tourtravelandmore.com\/fr\/#website","url":"https:\/\/tourtravelandmore.com\/fr\/","name":"Tour Travel And More","description":"Private sightseeing tours and luxury transfers in Spain","publisher":{"@id":"https:\/\/tourtravelandmore.com\/fr\/#organization"},"potentialAction":[{"@type":"SearchAction","target":{"@type":"EntryPoint","urlTemplate":"https:\/\/tourtravelandmore.com\/fr\/?s={search_term_string}"},"query-input":{"@type":"PropertyValueSpecification","valueRequired":true,"valueName":"search_term_string"}}],"inLanguage":"fr-FR"},{"@type":"Organization","@id":"https:\/\/tourtravelandmore.com\/fr\/#organization","name":"Tour Travel And More","url":"https:\/\/tourtravelandmore.com\/fr\/","logo":{"@type":"ImageObject","inLanguage":"fr-FR","@id":"https:\/\/tourtravelandmore.com\/fr\/#\/schema\/logo\/image\/","url":"https:\/\/tourtravelandmore.com\/wp-content\/uploads\/2022\/12\/cropped-logo-cabecera-new.png","contentUrl":"https:\/\/tourtravelandmore.com\/wp-content\/uploads\/2022\/12\/cropped-logo-cabecera-new.png","width":430,"height":61,"caption":"Tour Travel And More"},"image":{"@id":"https:\/\/tourtravelandmore.com\/fr\/#\/schema\/logo\/image\/"},"sameAs":["https:\/\/www.facebook.com\/tourtravelandmore\/","https:\/\/x.com\/TourTravel_More"]}]}},"_links":{"self":[{"href":"https:\/\/tourtravelandmore.com\/fr\/wp-json\/wp\/v2\/product\/103562","targetHints":{"allow":["GET"]}}],"collection":[{"href":"https:\/\/tourtravelandmore.com\/fr\/wp-json\/wp\/v2\/product"}],"about":[{"href":"https:\/\/tourtravelandmore.com\/fr\/wp-json\/wp\/v2\/types\/product"}],"replies":[{"embeddable":true,"href":"https:\/\/tourtravelandmore.com\/fr\/wp-json\/wp\/v2\/comments?post=103562"}],"wp:featuredmedia":[{"embeddable":true,"href":"https:\/\/tourtravelandmore.com\/fr\/wp-json\/wp\/v2\/media\/87571"}],"wp:attachment":[{"href":"https:\/\/tourtravelandmore.com\/fr\/wp-json\/wp\/v2\/media?parent=103562"}],"wp:term":[{"taxonomy":"product_brand","embeddable":true,"href":"https:\/\/tourtravelandmore.com\/fr\/wp-json\/wp\/v2\/product_brand?post=103562"},{"taxonomy":"product_cat","embeddable":true,"href":"https:\/\/tourtravelandmore.com\/fr\/wp-json\/wp\/v2\/product_cat?post=103562"},{"taxonomy":"product_tag","embeddable":true,"href":"https:\/\/tourtravelandmore.com\/fr\/wp-json\/wp\/v2\/product_tag?post=103562"}],"curies":[{"name":"wp","href":"https:\/\/api.w.org\/{rel}","templated":true}]}}