{"id":103539,"date":"2020-12-03T11:29:36","date_gmt":"2020-12-03T10:29:36","guid":{"rendered":"https:\/\/tourtravelandmore.com\/tours\/non%20class\u00e9\/transfert-prive-a-cabo-san-lucas-depuis-vers-nimporte-quel-endroit\/"},"modified":"2021-03-16T10:04:52","modified_gmt":"2021-03-16T09:04:52","slug":"transfert-prive-a-cabo-san-lucas-depuis-vers-nimporte-quel-endroit","status":"publish","type":"product","link":"https:\/\/tourtravelandmore.com\/fr\/tours\/mexique-fr\/cabo-san-lucas-fr\/transfert-prive-a-cabo-san-lucas-depuis-vers-nimporte-quel-endroit\/","title":{"rendered":"Transfert priv\u00e9 \u00e0 Cabo San Lucas &#8211; depuis \/ vers n&#8217;importe quel endroit"},"content":{"rendered":"<h2>Description<\/h2>\n<p>Profitez d&#8217;une exp\u00e9rience relaxante dans l&#8217;un de nos v\u00e9hicules priv\u00e9s de luxe avec notre transfert priv\u00e9 \u00e0 Cabo San Lucas. Nous vous proposons le moyen le plus rapide et le plus simple d&#8217;atteindre votre destination finale.<\/p>\n<p>Nous proposons tous les types de transferts comme par exemple l&#8217;a\u00e9roport, les transferts de port ou les transferts vers toute autre ville ou lieu \u00e0 proximit\u00e9.<\/p>\n<p>Une fois que vous atteignez votre arr\u00eat, notre personnel vous attendra avec un panneau au terminal d&#8217;arriv\u00e9e. Lors de votre arriv\u00e9e \u00e0 votre destination finale, vous pourrez \u00e9galement profiter d&#8217;un paysage panoramique de la ville.<\/p>\n<p>Profitez \u00e9galement du transfert priv\u00e9 de Cabo San Lucas depuis votre h\u00f4tel ou appartement jusqu&#8217;\u00e0 n&#8217;importe quel restaurant ou port de Cabo San Lucas.<\/p>\n<p>Nous pouvons vous emmener \u00e0 votre h\u00f4tel \u00e0 Cabo San Lucas ou \u00e0 tout autre rythme proche comme Los Barriles ou m\u00eame La Paz.<\/p>\n<p>Nous avons plusieurs options de visites priv\u00e9es dans et depuis Cabo San Lucas, jetez un \u0153il \u00e0 notre liste de visites priv\u00e9es.<\/p>\n<h2>Sites d&#8217;int\u00e9r\u00eat et points de rep\u00e8re<\/h2>\n<p>Nous proposons des transferts pour les groupes priv\u00e9s et m\u00eame des incentives et grands groupes et nous proposons un service personnalis\u00e9.<\/p>\n<p>Il vous suffit de nous contacter et nous organiserons votre transfert de la meilleure fa\u00e7on possible.<\/p>\n<p>Une fois la r\u00e9servation effectu\u00e9e, vous recevrez un mail de confirmation. Nous aurons alors besoin de vos informations de vol, de l&#8217;heure d&#8217;arriv\u00e9e et de la compagnie a\u00e9rienne, ou de vos informations de croisi\u00e8re. Entre 48 heures et 24 heures avant votre heure d&#8217;arriv\u00e9e, nous aurons besoin d&#8217;une confirmation de tous ces d\u00e9tails pour rendre votre service de transfert parfait.<\/p>\n<p>Nous ne limitons pas le nombre de bagages. Mais nous vous demandons d\u2019indiquer le nombre de bagages avec lesquels vous voyagerez uniquement pour des raisons logistiques. Parfois, un v\u00e9hicule plus gros peut \u00eatre n\u00e9cessaire et des frais suppl\u00e9mentaires peuvent s&#8217;appliquer.<\/p>\n<p>Si vous avez besoin d&#8217;un si\u00e8ge b\u00e9b\u00e9 ou d&#8217;un si\u00e8ge enfant, veuillez nous contacter avant votre vol ou votre transfert priv\u00e9 afin de l&#8217;organiser correctement.<\/p>\n","protected":false},"excerpt":{"rendered":"<p>Profitez de cette occasion pour profiter de ce moyen confortable pour vous rendre \u00e0 votre destination finale \u00e0 Cabo San Lucas. Vous disposerez de votre propre v\u00e9hicule de luxe priv\u00e9 avec chauffeur pour vous conduire rapidement et confortablement \u00e0 l&#8217;emplacement de votre choix. La prise en charge peut se faire \u00e0 l&#8217;h\u00f4tel, \u00e0 l&#8217;a\u00e9roport, au port ou au lieu de votre choix.<\/p>\n","protected":false},"featured_media":93577,"comment_status":"open","ping_status":"closed","template":"","meta":{"_acf_changed":false},"product_brand":[],"product_cat":[3727,3810],"product_tag":[],"class_list":{"0":"post-103539","1":"product","2":"type-product","3":"status-publish","4":"has-post-thumbnail","6":"product_cat-mexique-fr","7":"product_cat-cabo-san-lucas-fr","9":"first","10":"instock","11":"shipping-taxable","12":"purchasable","13":"product-type-simple"},"acf":[],"yoast_head":"<!-- This site is optimized with the Yoast SEO Premium plugin v25.3.1 (Yoast SEO v25.3.1) - https:\/\/yoast.com\/wordpress\/plugins\/seo\/ -->\n<title>Transfert priv\u00e9 \u00e0 Cabo San Lucas: transfert a\u00e9roport, h\u00f4tel ou port<\/title>\n<meta name=\"description\" content=\"Nous vous proposons le moyen le plus rapide et le plus simple d&#039;atteindre votre destination finale \u00e0 Cabo San Lucas. Profitez d&#039;une exp\u00e9rience relaxante dans nos v\u00e9hicules.\" \/>\n<meta name=\"robots\" content=\"index, follow, max-snippet:-1, max-image-preview:large, max-video-preview:-1\" \/>\n<link rel=\"canonical\" href=\"https:\/\/tourtravelandmore.com\/fr\/tours\/mexique-fr\/cabo-san-lucas-fr\/transfert-prive-a-cabo-san-lucas-depuis-vers-nimporte-quel-endroit\/\" \/>\n<meta property=\"og:locale\" content=\"fr_FR\" \/>\n<meta property=\"og:type\" content=\"article\" \/>\n<meta property=\"og:title\" content=\"Transfert priv\u00e9 \u00e0 Cabo San Lucas - depuis \/ vers n&#039;importe quel endroit\" \/>\n<meta property=\"og:description\" content=\"Nous vous proposons le moyen le plus rapide et le plus simple d&#039;atteindre votre destination finale \u00e0 Cabo San Lucas. Profitez d&#039;une exp\u00e9rience relaxante dans nos v\u00e9hicules.\" \/>\n<meta property=\"og:url\" content=\"https:\/\/tourtravelandmore.com\/fr\/tours\/mexique-fr\/cabo-san-lucas-fr\/transfert-prive-a-cabo-san-lucas-depuis-vers-nimporte-quel-endroit\/\" \/>\n<meta property=\"og:site_name\" content=\"Tour Travel And More\" \/>\n<meta property=\"article:publisher\" content=\"https:\/\/www.facebook.com\/tourtravelandmore\/\" \/>\n<meta property=\"article:modified_time\" content=\"2021-03-16T09:04:52+00:00\" \/>\n<meta property=\"og:image\" content=\"https:\/\/tourtravelandmore.com\/wp-content\/uploads\/2016\/10\/barcelona-wedding-transfer-3.jpg\" \/>\n\t<meta property=\"og:image:width\" content=\"1920\" \/>\n\t<meta property=\"og:image:height\" content=\"891\" \/>\n\t<meta property=\"og:image:type\" content=\"image\/jpeg\" \/>\n<meta name=\"twitter:card\" content=\"summary_large_image\" \/>\n<meta name=\"twitter:site\" content=\"@TourTravel_More\" \/>\n<meta name=\"twitter:label1\" content=\"Dur\u00e9e de lecture estim\u00e9e\" \/>\n\t<meta name=\"twitter:data1\" content=\"2 minutes\" \/>\n<script type=\"application\/ld+json\" class=\"yoast-schema-graph\">{\"@context\":\"https:\/\/schema.org\",\"@graph\":[{\"@type\":\"WebPage\",\"@id\":\"https:\/\/tourtravelandmore.com\/fr\/tours\/mexique-fr\/cabo-san-lucas-fr\/transfert-prive-a-cabo-san-lucas-depuis-vers-nimporte-quel-endroit\/\",\"url\":\"https:\/\/tourtravelandmore.com\/fr\/tours\/mexique-fr\/cabo-san-lucas-fr\/transfert-prive-a-cabo-san-lucas-depuis-vers-nimporte-quel-endroit\/\",\"name\":\"Transfert priv\u00e9 \u00e0 Cabo San Lucas: transfert a\u00e9roport, h\u00f4tel ou port\",\"isPartOf\":{\"@id\":\"https:\/\/tourtravelandmore.com\/fr\/#website\"},\"primaryImageOfPage\":{\"@id\":\"https:\/\/tourtravelandmore.com\/fr\/tours\/mexique-fr\/cabo-san-lucas-fr\/transfert-prive-a-cabo-san-lucas-depuis-vers-nimporte-quel-endroit\/#primaryimage\"},\"image\":{\"@id\":\"https:\/\/tourtravelandmore.com\/fr\/tours\/mexique-fr\/cabo-san-lucas-fr\/transfert-prive-a-cabo-san-lucas-depuis-vers-nimporte-quel-endroit\/#primaryimage\"},\"thumbnailUrl\":\"https:\/\/tourtravelandmore.com\/wp-content\/uploads\/2016\/10\/barcelona-wedding-transfer-3.jpg\",\"datePublished\":\"2020-12-03T10:29:36+00:00\",\"dateModified\":\"2021-03-16T09:04:52+00:00\",\"description\":\"Nous vous proposons le moyen le plus rapide et le plus simple d'atteindre votre destination finale \u00e0 Cabo San Lucas. Profitez d'une exp\u00e9rience relaxante dans nos v\u00e9hicules.\",\"breadcrumb\":{\"@id\":\"https:\/\/tourtravelandmore.com\/fr\/tours\/mexique-fr\/cabo-san-lucas-fr\/transfert-prive-a-cabo-san-lucas-depuis-vers-nimporte-quel-endroit\/#breadcrumb\"},\"inLanguage\":\"fr-FR\",\"potentialAction\":[{\"@type\":\"ReadAction\",\"target\":[\"https:\/\/tourtravelandmore.com\/fr\/tours\/mexique-fr\/cabo-san-lucas-fr\/transfert-prive-a-cabo-san-lucas-depuis-vers-nimporte-quel-endroit\/\"]}]},{\"@type\":\"ImageObject\",\"inLanguage\":\"fr-FR\",\"@id\":\"https:\/\/tourtravelandmore.com\/fr\/tours\/mexique-fr\/cabo-san-lucas-fr\/transfert-prive-a-cabo-san-lucas-depuis-vers-nimporte-quel-endroit\/#primaryimage\",\"url\":\"https:\/\/tourtravelandmore.com\/wp-content\/uploads\/2016\/10\/barcelona-wedding-transfer-3.jpg\",\"contentUrl\":\"https:\/\/tourtravelandmore.com\/wp-content\/uploads\/2016\/10\/barcelona-wedding-transfer-3.jpg\",\"width\":1920,\"height\":891,\"caption\":\"BRABUS Upgrades - Mercedes AMG S-Class\"},{\"@type\":\"BreadcrumbList\",\"@id\":\"https:\/\/tourtravelandmore.com\/fr\/tours\/mexique-fr\/cabo-san-lucas-fr\/transfert-prive-a-cabo-san-lucas-depuis-vers-nimporte-quel-endroit\/#breadcrumb\",\"itemListElement\":[{\"@type\":\"ListItem\",\"position\":1,\"name\":\"Home\",\"item\":\"https:\/\/tourtravelandmore.com\/fr\/\"},{\"@type\":\"ListItem\",\"position\":2,\"name\":\"Tours\",\"item\":\"https:\/\/tourtravelandmore.com\/fr\/tours\/\"},{\"@type\":\"ListItem\",\"position\":3,\"name\":\"Transfert priv\u00e9 \u00e0 Cabo San Lucas &#8211; depuis \/ vers n&#8217;importe quel endroit\"}]},{\"@type\":\"WebSite\",\"@id\":\"https:\/\/tourtravelandmore.com\/fr\/#website\",\"url\":\"https:\/\/tourtravelandmore.com\/fr\/\",\"name\":\"Tour Travel And More\",\"description\":\"Private sightseeing tours and luxury transfers in Spain\",\"publisher\":{\"@id\":\"https:\/\/tourtravelandmore.com\/fr\/#organization\"},\"potentialAction\":[{\"@type\":\"SearchAction\",\"target\":{\"@type\":\"EntryPoint\",\"urlTemplate\":\"https:\/\/tourtravelandmore.com\/fr\/?s={search_term_string}\"},\"query-input\":{\"@type\":\"PropertyValueSpecification\",\"valueRequired\":true,\"valueName\":\"search_term_string\"}}],\"inLanguage\":\"fr-FR\"},{\"@type\":\"Organization\",\"@id\":\"https:\/\/tourtravelandmore.com\/fr\/#organization\",\"name\":\"Tour Travel And More\",\"url\":\"https:\/\/tourtravelandmore.com\/fr\/\",\"logo\":{\"@type\":\"ImageObject\",\"inLanguage\":\"fr-FR\",\"@id\":\"https:\/\/tourtravelandmore.com\/fr\/#\/schema\/logo\/image\/\",\"url\":\"https:\/\/tourtravelandmore.com\/wp-content\/uploads\/2022\/12\/cropped-logo-cabecera-new.png\",\"contentUrl\":\"https:\/\/tourtravelandmore.com\/wp-content\/uploads\/2022\/12\/cropped-logo-cabecera-new.png\",\"width\":430,\"height\":61,\"caption\":\"Tour Travel And More\"},\"image\":{\"@id\":\"https:\/\/tourtravelandmore.com\/fr\/#\/schema\/logo\/image\/\"},\"sameAs\":[\"https:\/\/www.facebook.com\/tourtravelandmore\/\",\"https:\/\/x.com\/TourTravel_More\"]}]}<\/script>\n<!-- \/ Yoast SEO Premium plugin. -->","yoast_head_json":{"title":"Transfert priv\u00e9 \u00e0 Cabo San Lucas: transfert a\u00e9roport, h\u00f4tel ou port","description":"Nous vous proposons le moyen le plus rapide et le plus simple d'atteindre votre destination finale \u00e0 Cabo San Lucas. Profitez d'une exp\u00e9rience relaxante dans nos v\u00e9hicules.","robots":{"index":"index","follow":"follow","max-snippet":"max-snippet:-1","max-image-preview":"max-image-preview:large","max-video-preview":"max-video-preview:-1"},"canonical":"https:\/\/tourtravelandmore.com\/fr\/tours\/mexique-fr\/cabo-san-lucas-fr\/transfert-prive-a-cabo-san-lucas-depuis-vers-nimporte-quel-endroit\/","og_locale":"fr_FR","og_type":"article","og_title":"Transfert priv\u00e9 \u00e0 Cabo San Lucas - depuis \/ vers n'importe quel endroit","og_description":"Nous vous proposons le moyen le plus rapide et le plus simple d'atteindre votre destination finale \u00e0 Cabo San Lucas. Profitez d'une exp\u00e9rience relaxante dans nos v\u00e9hicules.","og_url":"https:\/\/tourtravelandmore.com\/fr\/tours\/mexique-fr\/cabo-san-lucas-fr\/transfert-prive-a-cabo-san-lucas-depuis-vers-nimporte-quel-endroit\/","og_site_name":"Tour Travel And More","article_publisher":"https:\/\/www.facebook.com\/tourtravelandmore\/","article_modified_time":"2021-03-16T09:04:52+00:00","og_image":[{"width":1920,"height":891,"url":"https:\/\/tourtravelandmore.com\/wp-content\/uploads\/2016\/10\/barcelona-wedding-transfer-3.jpg","type":"image\/jpeg"}],"twitter_card":"summary_large_image","twitter_site":"@TourTravel_More","twitter_misc":{"Dur\u00e9e de lecture estim\u00e9e":"2 minutes"},"schema":{"@context":"https:\/\/schema.org","@graph":[{"@type":"WebPage","@id":"https:\/\/tourtravelandmore.com\/fr\/tours\/mexique-fr\/cabo-san-lucas-fr\/transfert-prive-a-cabo-san-lucas-depuis-vers-nimporte-quel-endroit\/","url":"https:\/\/tourtravelandmore.com\/fr\/tours\/mexique-fr\/cabo-san-lucas-fr\/transfert-prive-a-cabo-san-lucas-depuis-vers-nimporte-quel-endroit\/","name":"Transfert priv\u00e9 \u00e0 Cabo San Lucas: transfert a\u00e9roport, h\u00f4tel ou port","isPartOf":{"@id":"https:\/\/tourtravelandmore.com\/fr\/#website"},"primaryImageOfPage":{"@id":"https:\/\/tourtravelandmore.com\/fr\/tours\/mexique-fr\/cabo-san-lucas-fr\/transfert-prive-a-cabo-san-lucas-depuis-vers-nimporte-quel-endroit\/#primaryimage"},"image":{"@id":"https:\/\/tourtravelandmore.com\/fr\/tours\/mexique-fr\/cabo-san-lucas-fr\/transfert-prive-a-cabo-san-lucas-depuis-vers-nimporte-quel-endroit\/#primaryimage"},"thumbnailUrl":"https:\/\/tourtravelandmore.com\/wp-content\/uploads\/2016\/10\/barcelona-wedding-transfer-3.jpg","datePublished":"2020-12-03T10:29:36+00:00","dateModified":"2021-03-16T09:04:52+00:00","description":"Nous vous proposons le moyen le plus rapide et le plus simple d'atteindre votre destination finale \u00e0 Cabo San Lucas. Profitez d'une exp\u00e9rience relaxante dans nos v\u00e9hicules.","breadcrumb":{"@id":"https:\/\/tourtravelandmore.com\/fr\/tours\/mexique-fr\/cabo-san-lucas-fr\/transfert-prive-a-cabo-san-lucas-depuis-vers-nimporte-quel-endroit\/#breadcrumb"},"inLanguage":"fr-FR","potentialAction":[{"@type":"ReadAction","target":["https:\/\/tourtravelandmore.com\/fr\/tours\/mexique-fr\/cabo-san-lucas-fr\/transfert-prive-a-cabo-san-lucas-depuis-vers-nimporte-quel-endroit\/"]}]},{"@type":"ImageObject","inLanguage":"fr-FR","@id":"https:\/\/tourtravelandmore.com\/fr\/tours\/mexique-fr\/cabo-san-lucas-fr\/transfert-prive-a-cabo-san-lucas-depuis-vers-nimporte-quel-endroit\/#primaryimage","url":"https:\/\/tourtravelandmore.com\/wp-content\/uploads\/2016\/10\/barcelona-wedding-transfer-3.jpg","contentUrl":"https:\/\/tourtravelandmore.com\/wp-content\/uploads\/2016\/10\/barcelona-wedding-transfer-3.jpg","width":1920,"height":891,"caption":"BRABUS Upgrades - Mercedes AMG S-Class"},{"@type":"BreadcrumbList","@id":"https:\/\/tourtravelandmore.com\/fr\/tours\/mexique-fr\/cabo-san-lucas-fr\/transfert-prive-a-cabo-san-lucas-depuis-vers-nimporte-quel-endroit\/#breadcrumb","itemListElement":[{"@type":"ListItem","position":1,"name":"Home","item":"https:\/\/tourtravelandmore.com\/fr\/"},{"@type":"ListItem","position":2,"name":"Tours","item":"https:\/\/tourtravelandmore.com\/fr\/tours\/"},{"@type":"ListItem","position":3,"name":"Transfert priv\u00e9 \u00e0 Cabo San Lucas &#8211; depuis \/ vers n&#8217;importe quel endroit"}]},{"@type":"WebSite","@id":"https:\/\/tourtravelandmore.com\/fr\/#website","url":"https:\/\/tourtravelandmore.com\/fr\/","name":"Tour Travel And More","description":"Private sightseeing tours and luxury transfers in Spain","publisher":{"@id":"https:\/\/tourtravelandmore.com\/fr\/#organization"},"potentialAction":[{"@type":"SearchAction","target":{"@type":"EntryPoint","urlTemplate":"https:\/\/tourtravelandmore.com\/fr\/?s={search_term_string}"},"query-input":{"@type":"PropertyValueSpecification","valueRequired":true,"valueName":"search_term_string"}}],"inLanguage":"fr-FR"},{"@type":"Organization","@id":"https:\/\/tourtravelandmore.com\/fr\/#organization","name":"Tour Travel And More","url":"https:\/\/tourtravelandmore.com\/fr\/","logo":{"@type":"ImageObject","inLanguage":"fr-FR","@id":"https:\/\/tourtravelandmore.com\/fr\/#\/schema\/logo\/image\/","url":"https:\/\/tourtravelandmore.com\/wp-content\/uploads\/2022\/12\/cropped-logo-cabecera-new.png","contentUrl":"https:\/\/tourtravelandmore.com\/wp-content\/uploads\/2022\/12\/cropped-logo-cabecera-new.png","width":430,"height":61,"caption":"Tour Travel And More"},"image":{"@id":"https:\/\/tourtravelandmore.com\/fr\/#\/schema\/logo\/image\/"},"sameAs":["https:\/\/www.facebook.com\/tourtravelandmore\/","https:\/\/x.com\/TourTravel_More"]}]}},"_links":{"self":[{"href":"https:\/\/tourtravelandmore.com\/fr\/wp-json\/wp\/v2\/product\/103539","targetHints":{"allow":["GET"]}}],"collection":[{"href":"https:\/\/tourtravelandmore.com\/fr\/wp-json\/wp\/v2\/product"}],"about":[{"href":"https:\/\/tourtravelandmore.com\/fr\/wp-json\/wp\/v2\/types\/product"}],"replies":[{"embeddable":true,"href":"https:\/\/tourtravelandmore.com\/fr\/wp-json\/wp\/v2\/comments?post=103539"}],"wp:featuredmedia":[{"embeddable":true,"href":"https:\/\/tourtravelandmore.com\/fr\/wp-json\/wp\/v2\/media\/93577"}],"wp:attachment":[{"href":"https:\/\/tourtravelandmore.com\/fr\/wp-json\/wp\/v2\/media?parent=103539"}],"wp:term":[{"taxonomy":"product_brand","embeddable":true,"href":"https:\/\/tourtravelandmore.com\/fr\/wp-json\/wp\/v2\/product_brand?post=103539"},{"taxonomy":"product_cat","embeddable":true,"href":"https:\/\/tourtravelandmore.com\/fr\/wp-json\/wp\/v2\/product_cat?post=103539"},{"taxonomy":"product_tag","embeddable":true,"href":"https:\/\/tourtravelandmore.com\/fr\/wp-json\/wp\/v2\/product_tag?post=103539"}],"curies":[{"name":"wp","href":"https:\/\/api.w.org\/{rel}","templated":true}]}}