{"id":103533,"date":"2020-12-03T09:53:35","date_gmt":"2020-12-03T08:53:35","guid":{"rendered":"https:\/\/tourtravelandmore.com\/tours\/non%20class\u00e9\/disposition-du-bateau-prive-de-cabo-san-lucas\/"},"modified":"2021-03-16T10:03:36","modified_gmt":"2021-03-16T09:03:36","slug":"disposition-du-bateau-prive-de-cabo-san-lucas","status":"publish","type":"product","link":"https:\/\/tourtravelandmore.com\/fr\/tours\/mexique-fr\/cabo-san-lucas-fr\/disposition-du-bateau-prive-de-cabo-san-lucas\/","title":{"rendered":"Disposition du bateau priv\u00e9 de Cabo San Lucas"},"content":{"rendered":"<h2>Description<\/h2>\n<p>Profitez de vos jours au Mexique et profitez d&#8217;une disposition de bateau priv\u00e9 au d\u00e9part de Cabo San Lucas. Visitez les plages incroyables qui entourent la ville et admirez les vues incroyables. Il n&#8217;y a pas de meilleure fa\u00e7on de d\u00e9couvrir la c\u00f4te de Basse-Californie qu&#8217;avec un bateau priv\u00e9 avec \u00e9quipage professionnel.<\/p>\n<p>Contactez-nous et laissez-nous vous aider \u00e0 organiser votre disposition de bateau priv\u00e9 \u00e0 partir de Cabo San Lucas.<\/p>\n<p>Nous pouvons organiser des dispositions d&#8217;une demi-journ\u00e9e ou d&#8217;une journ\u00e9e compl\u00e8te \u00e0 partir de Cabo San Lucas. L&#8217;itin\u00e9raire final est totalement adaptable \u00e0 votre int\u00e9r\u00eat personnel. Contactez-nous et nous vous aiderons \u00e0 organiser un itin\u00e9raire personnalis\u00e9. Nous vous offrons \u00e9galement la possibilit\u00e9 d&#8217;inclure un guide officiel priv\u00e9 pour votre exp\u00e9rience au cas o\u00f9 vous voudriez conna\u00eetre des faits int\u00e9ressants sur le lieu.<\/p>\n<p>Si vous souhaitez un autre type d&#8217;excursion priv\u00e9e \u00e0 ou depuis Cabo San Lucas, veuillez consulter notre liste de visites priv\u00e9es.<\/p>\n<h2>Sites d&#8217;int\u00e9r\u00eat et points de rep\u00e8re<\/h2>\n<p>Cabo San Lucas est une station baln\u00e9aire \u00e0 la pointe sud de la p\u00e9ninsule de Baja California au Mexique. Cette ville est tr\u00e8s connue pour ses plages incroyables, ses sports nautiques et sa vie nocturne. C&#8217;est d\u00e9finitivement la destination id\u00e9ale pour vos vacances !.<\/p>\n<p>Lors de cette excursion en bateau priv\u00e9, vous admirerez non seulement Cabo San Lucas sous un autre angle, mais vous profiterez \u00e9galement d&#8217;une journ\u00e9e pleine d&#8217;aventures dans l&#8217;oc\u00e9an. Ici, l&#8217;eau est si limpide que vous pouvez voir des poissons rouges et d&#8217;autres esp\u00e8ces marines nager sous le bateau. C&#8217;est quelque chose que vous devez absolument exp\u00e9rimenter !.<\/p>\n<p>Vous pourrez admirer le tr\u00e8s c\u00e9l\u00e8bre arc de Cabo San Lucas et sa plage Lover, le Pelican Rock, Punta Lobos et bien plus encore!.<\/p>\n<p>Au cours de notre disposition en bateau priv\u00e9 au d\u00e9part de Cabo San Lucas, vous pourrez visiter les sites et les \u00eeles que vous d\u00e9sirez. Vous aurez un skipper professionnel et un bateau priv\u00e9 \u00e0 votre enti\u00e8re disposition. La dur\u00e9e de la disposition est \u00e9galement modulable en fonction de votre int\u00e9r\u00eat personnel.<\/p>\n<p>Avec Tour Travel &amp; More, vous aurez l&#8217;opportunit\u00e9 de profiter d&#8217;une journ\u00e9e compl\u00e8te d&#8217;aventure. Vous explorerez les belles plages de Cabo San Lucas, o\u00f9 vous pourrez nager dans l&#8217;incroyable mer de Cortez. Au cas o\u00f9 vous auriez besoin, nous pouvons \u00e9galement organiser un pique-nique ou un d\u00e9jeuner complet dans votre bateau, afin que vous n&#8217;ayez \u00e0 vous soucier de rien.<\/p>\n<p>Nous pouvons organiser des bateaux rapides, des yachts ou le type de bateau que vous pr\u00e9f\u00e9rez. Contactez-nous pour une exp\u00e9rience personnalis\u00e9e!<\/p>\n","protected":false},"excerpt":{"rendered":"<p>Profitez d&#8217;une exp\u00e9rience de luxe priv\u00e9e lors de votre visite \u00e0 Cabo San Lucas. Contactez-nous et laissez-nous vous aider \u00e0 organiser une disposition de bateau priv\u00e9 de Cabo San Lucas \u00e0 n&#8217;importe quelle plage autour. L&#8217;itin\u00e9raire est adaptable \u00e0 vos int\u00e9r\u00eats personnels.<\/p>\n","protected":false},"featured_media":88843,"comment_status":"open","ping_status":"closed","template":"","meta":{"_acf_changed":false},"product_brand":[],"product_cat":[3727,3810],"product_tag":[],"class_list":{"0":"post-103533","1":"product","2":"type-product","3":"status-publish","4":"has-post-thumbnail","6":"product_cat-mexique-fr","7":"product_cat-cabo-san-lucas-fr","9":"first","10":"instock","11":"shipping-taxable","12":"purchasable","13":"product-type-simple"},"acf":[],"yoast_head":"<!-- This site is optimized with the Yoast SEO Premium plugin v25.3.1 (Yoast SEO v25.3.1) - https:\/\/yoast.com\/wordpress\/plugins\/seo\/ -->\n<title>Disposition en bateau priv\u00e9 de Cabo San Lucas - une vraie aventure!<\/title>\n<meta name=\"description\" content=\"Profitez d&#039;une exp\u00e9rience de luxe lors de votre visite \u00e0 Cabo San Lucas. Visitez des plages incroyables avec votre disposition en bateau priv\u00e9 au d\u00e9part de Cabo San Lucas.\" \/>\n<meta name=\"robots\" content=\"index, follow, max-snippet:-1, max-image-preview:large, max-video-preview:-1\" \/>\n<link rel=\"canonical\" href=\"https:\/\/tourtravelandmore.com\/fr\/tours\/mexique-fr\/cabo-san-lucas-fr\/disposition-du-bateau-prive-de-cabo-san-lucas\/\" \/>\n<meta property=\"og:locale\" content=\"fr_FR\" \/>\n<meta property=\"og:type\" content=\"article\" \/>\n<meta property=\"og:title\" content=\"Disposition du bateau priv\u00e9 de Cabo San Lucas\" \/>\n<meta property=\"og:description\" content=\"Profitez d&#039;une exp\u00e9rience de luxe lors de votre visite \u00e0 Cabo San Lucas. Visitez des plages incroyables avec votre disposition en bateau priv\u00e9 au d\u00e9part de Cabo San Lucas.\" \/>\n<meta property=\"og:url\" content=\"https:\/\/tourtravelandmore.com\/fr\/tours\/mexique-fr\/cabo-san-lucas-fr\/disposition-du-bateau-prive-de-cabo-san-lucas\/\" \/>\n<meta property=\"og:site_name\" content=\"Tour Travel And More\" \/>\n<meta property=\"article:publisher\" content=\"https:\/\/www.facebook.com\/tourtravelandmore\/\" \/>\n<meta property=\"article:modified_time\" content=\"2021-03-16T09:03:36+00:00\" \/>\n<meta property=\"og:image\" content=\"https:\/\/tourtravelandmore.com\/wp-content\/uploads\/2020\/12\/cabo-2.jpg\" \/>\n\t<meta property=\"og:image:width\" content=\"940\" \/>\n\t<meta property=\"og:image:height\" content=\"628\" \/>\n\t<meta property=\"og:image:type\" content=\"image\/jpeg\" \/>\n<meta name=\"twitter:card\" content=\"summary_large_image\" \/>\n<meta name=\"twitter:site\" content=\"@TourTravel_More\" \/>\n<meta name=\"twitter:label1\" content=\"Dur\u00e9e de lecture estim\u00e9e\" \/>\n\t<meta name=\"twitter:data1\" content=\"2 minutes\" \/>\n<script type=\"application\/ld+json\" class=\"yoast-schema-graph\">{\"@context\":\"https:\/\/schema.org\",\"@graph\":[{\"@type\":\"WebPage\",\"@id\":\"https:\/\/tourtravelandmore.com\/fr\/tours\/mexique-fr\/cabo-san-lucas-fr\/disposition-du-bateau-prive-de-cabo-san-lucas\/\",\"url\":\"https:\/\/tourtravelandmore.com\/fr\/tours\/mexique-fr\/cabo-san-lucas-fr\/disposition-du-bateau-prive-de-cabo-san-lucas\/\",\"name\":\"Disposition en bateau priv\u00e9 de Cabo San Lucas - une vraie aventure!\",\"isPartOf\":{\"@id\":\"https:\/\/tourtravelandmore.com\/fr\/#website\"},\"primaryImageOfPage\":{\"@id\":\"https:\/\/tourtravelandmore.com\/fr\/tours\/mexique-fr\/cabo-san-lucas-fr\/disposition-du-bateau-prive-de-cabo-san-lucas\/#primaryimage\"},\"image\":{\"@id\":\"https:\/\/tourtravelandmore.com\/fr\/tours\/mexique-fr\/cabo-san-lucas-fr\/disposition-du-bateau-prive-de-cabo-san-lucas\/#primaryimage\"},\"thumbnailUrl\":\"https:\/\/tourtravelandmore.com\/wp-content\/uploads\/2020\/12\/cabo-2.jpg\",\"datePublished\":\"2020-12-03T08:53:35+00:00\",\"dateModified\":\"2021-03-16T09:03:36+00:00\",\"description\":\"Profitez d'une exp\u00e9rience de luxe lors de votre visite \u00e0 Cabo San Lucas. Visitez des plages incroyables avec votre disposition en bateau priv\u00e9 au d\u00e9part de Cabo San Lucas.\",\"breadcrumb\":{\"@id\":\"https:\/\/tourtravelandmore.com\/fr\/tours\/mexique-fr\/cabo-san-lucas-fr\/disposition-du-bateau-prive-de-cabo-san-lucas\/#breadcrumb\"},\"inLanguage\":\"fr-FR\",\"potentialAction\":[{\"@type\":\"ReadAction\",\"target\":[\"https:\/\/tourtravelandmore.com\/fr\/tours\/mexique-fr\/cabo-san-lucas-fr\/disposition-du-bateau-prive-de-cabo-san-lucas\/\"]}]},{\"@type\":\"ImageObject\",\"inLanguage\":\"fr-FR\",\"@id\":\"https:\/\/tourtravelandmore.com\/fr\/tours\/mexique-fr\/cabo-san-lucas-fr\/disposition-du-bateau-prive-de-cabo-san-lucas\/#primaryimage\",\"url\":\"https:\/\/tourtravelandmore.com\/wp-content\/uploads\/2020\/12\/cabo-2.jpg\",\"contentUrl\":\"https:\/\/tourtravelandmore.com\/wp-content\/uploads\/2020\/12\/cabo-2.jpg\",\"width\":940,\"height\":628},{\"@type\":\"BreadcrumbList\",\"@id\":\"https:\/\/tourtravelandmore.com\/fr\/tours\/mexique-fr\/cabo-san-lucas-fr\/disposition-du-bateau-prive-de-cabo-san-lucas\/#breadcrumb\",\"itemListElement\":[{\"@type\":\"ListItem\",\"position\":1,\"name\":\"Home\",\"item\":\"https:\/\/tourtravelandmore.com\/fr\/\"},{\"@type\":\"ListItem\",\"position\":2,\"name\":\"Tours\",\"item\":\"https:\/\/tourtravelandmore.com\/fr\/tours\/\"},{\"@type\":\"ListItem\",\"position\":3,\"name\":\"Disposition du bateau priv\u00e9 de Cabo San Lucas\"}]},{\"@type\":\"WebSite\",\"@id\":\"https:\/\/tourtravelandmore.com\/fr\/#website\",\"url\":\"https:\/\/tourtravelandmore.com\/fr\/\",\"name\":\"Tour Travel And More\",\"description\":\"Private sightseeing tours and luxury transfers in Spain\",\"publisher\":{\"@id\":\"https:\/\/tourtravelandmore.com\/fr\/#organization\"},\"potentialAction\":[{\"@type\":\"SearchAction\",\"target\":{\"@type\":\"EntryPoint\",\"urlTemplate\":\"https:\/\/tourtravelandmore.com\/fr\/?s={search_term_string}\"},\"query-input\":{\"@type\":\"PropertyValueSpecification\",\"valueRequired\":true,\"valueName\":\"search_term_string\"}}],\"inLanguage\":\"fr-FR\"},{\"@type\":\"Organization\",\"@id\":\"https:\/\/tourtravelandmore.com\/fr\/#organization\",\"name\":\"Tour Travel And More\",\"url\":\"https:\/\/tourtravelandmore.com\/fr\/\",\"logo\":{\"@type\":\"ImageObject\",\"inLanguage\":\"fr-FR\",\"@id\":\"https:\/\/tourtravelandmore.com\/fr\/#\/schema\/logo\/image\/\",\"url\":\"https:\/\/tourtravelandmore.com\/wp-content\/uploads\/2022\/12\/cropped-logo-cabecera-new.png\",\"contentUrl\":\"https:\/\/tourtravelandmore.com\/wp-content\/uploads\/2022\/12\/cropped-logo-cabecera-new.png\",\"width\":430,\"height\":61,\"caption\":\"Tour Travel And More\"},\"image\":{\"@id\":\"https:\/\/tourtravelandmore.com\/fr\/#\/schema\/logo\/image\/\"},\"sameAs\":[\"https:\/\/www.facebook.com\/tourtravelandmore\/\",\"https:\/\/x.com\/TourTravel_More\"]}]}<\/script>\n<!-- \/ Yoast SEO Premium plugin. -->","yoast_head_json":{"title":"Disposition en bateau priv\u00e9 de Cabo San Lucas - une vraie aventure!","description":"Profitez d'une exp\u00e9rience de luxe lors de votre visite \u00e0 Cabo San Lucas. Visitez des plages incroyables avec votre disposition en bateau priv\u00e9 au d\u00e9part de Cabo San Lucas.","robots":{"index":"index","follow":"follow","max-snippet":"max-snippet:-1","max-image-preview":"max-image-preview:large","max-video-preview":"max-video-preview:-1"},"canonical":"https:\/\/tourtravelandmore.com\/fr\/tours\/mexique-fr\/cabo-san-lucas-fr\/disposition-du-bateau-prive-de-cabo-san-lucas\/","og_locale":"fr_FR","og_type":"article","og_title":"Disposition du bateau priv\u00e9 de Cabo San Lucas","og_description":"Profitez d'une exp\u00e9rience de luxe lors de votre visite \u00e0 Cabo San Lucas. Visitez des plages incroyables avec votre disposition en bateau priv\u00e9 au d\u00e9part de Cabo San Lucas.","og_url":"https:\/\/tourtravelandmore.com\/fr\/tours\/mexique-fr\/cabo-san-lucas-fr\/disposition-du-bateau-prive-de-cabo-san-lucas\/","og_site_name":"Tour Travel And More","article_publisher":"https:\/\/www.facebook.com\/tourtravelandmore\/","article_modified_time":"2021-03-16T09:03:36+00:00","og_image":[{"width":940,"height":628,"url":"https:\/\/tourtravelandmore.com\/wp-content\/uploads\/2020\/12\/cabo-2.jpg","type":"image\/jpeg"}],"twitter_card":"summary_large_image","twitter_site":"@TourTravel_More","twitter_misc":{"Dur\u00e9e de lecture estim\u00e9e":"2 minutes"},"schema":{"@context":"https:\/\/schema.org","@graph":[{"@type":"WebPage","@id":"https:\/\/tourtravelandmore.com\/fr\/tours\/mexique-fr\/cabo-san-lucas-fr\/disposition-du-bateau-prive-de-cabo-san-lucas\/","url":"https:\/\/tourtravelandmore.com\/fr\/tours\/mexique-fr\/cabo-san-lucas-fr\/disposition-du-bateau-prive-de-cabo-san-lucas\/","name":"Disposition en bateau priv\u00e9 de Cabo San Lucas - une vraie aventure!","isPartOf":{"@id":"https:\/\/tourtravelandmore.com\/fr\/#website"},"primaryImageOfPage":{"@id":"https:\/\/tourtravelandmore.com\/fr\/tours\/mexique-fr\/cabo-san-lucas-fr\/disposition-du-bateau-prive-de-cabo-san-lucas\/#primaryimage"},"image":{"@id":"https:\/\/tourtravelandmore.com\/fr\/tours\/mexique-fr\/cabo-san-lucas-fr\/disposition-du-bateau-prive-de-cabo-san-lucas\/#primaryimage"},"thumbnailUrl":"https:\/\/tourtravelandmore.com\/wp-content\/uploads\/2020\/12\/cabo-2.jpg","datePublished":"2020-12-03T08:53:35+00:00","dateModified":"2021-03-16T09:03:36+00:00","description":"Profitez d'une exp\u00e9rience de luxe lors de votre visite \u00e0 Cabo San Lucas. Visitez des plages incroyables avec votre disposition en bateau priv\u00e9 au d\u00e9part de Cabo San Lucas.","breadcrumb":{"@id":"https:\/\/tourtravelandmore.com\/fr\/tours\/mexique-fr\/cabo-san-lucas-fr\/disposition-du-bateau-prive-de-cabo-san-lucas\/#breadcrumb"},"inLanguage":"fr-FR","potentialAction":[{"@type":"ReadAction","target":["https:\/\/tourtravelandmore.com\/fr\/tours\/mexique-fr\/cabo-san-lucas-fr\/disposition-du-bateau-prive-de-cabo-san-lucas\/"]}]},{"@type":"ImageObject","inLanguage":"fr-FR","@id":"https:\/\/tourtravelandmore.com\/fr\/tours\/mexique-fr\/cabo-san-lucas-fr\/disposition-du-bateau-prive-de-cabo-san-lucas\/#primaryimage","url":"https:\/\/tourtravelandmore.com\/wp-content\/uploads\/2020\/12\/cabo-2.jpg","contentUrl":"https:\/\/tourtravelandmore.com\/wp-content\/uploads\/2020\/12\/cabo-2.jpg","width":940,"height":628},{"@type":"BreadcrumbList","@id":"https:\/\/tourtravelandmore.com\/fr\/tours\/mexique-fr\/cabo-san-lucas-fr\/disposition-du-bateau-prive-de-cabo-san-lucas\/#breadcrumb","itemListElement":[{"@type":"ListItem","position":1,"name":"Home","item":"https:\/\/tourtravelandmore.com\/fr\/"},{"@type":"ListItem","position":2,"name":"Tours","item":"https:\/\/tourtravelandmore.com\/fr\/tours\/"},{"@type":"ListItem","position":3,"name":"Disposition du bateau priv\u00e9 de Cabo San Lucas"}]},{"@type":"WebSite","@id":"https:\/\/tourtravelandmore.com\/fr\/#website","url":"https:\/\/tourtravelandmore.com\/fr\/","name":"Tour Travel And More","description":"Private sightseeing tours and luxury transfers in Spain","publisher":{"@id":"https:\/\/tourtravelandmore.com\/fr\/#organization"},"potentialAction":[{"@type":"SearchAction","target":{"@type":"EntryPoint","urlTemplate":"https:\/\/tourtravelandmore.com\/fr\/?s={search_term_string}"},"query-input":{"@type":"PropertyValueSpecification","valueRequired":true,"valueName":"search_term_string"}}],"inLanguage":"fr-FR"},{"@type":"Organization","@id":"https:\/\/tourtravelandmore.com\/fr\/#organization","name":"Tour Travel And More","url":"https:\/\/tourtravelandmore.com\/fr\/","logo":{"@type":"ImageObject","inLanguage":"fr-FR","@id":"https:\/\/tourtravelandmore.com\/fr\/#\/schema\/logo\/image\/","url":"https:\/\/tourtravelandmore.com\/wp-content\/uploads\/2022\/12\/cropped-logo-cabecera-new.png","contentUrl":"https:\/\/tourtravelandmore.com\/wp-content\/uploads\/2022\/12\/cropped-logo-cabecera-new.png","width":430,"height":61,"caption":"Tour Travel And More"},"image":{"@id":"https:\/\/tourtravelandmore.com\/fr\/#\/schema\/logo\/image\/"},"sameAs":["https:\/\/www.facebook.com\/tourtravelandmore\/","https:\/\/x.com\/TourTravel_More"]}]}},"_links":{"self":[{"href":"https:\/\/tourtravelandmore.com\/fr\/wp-json\/wp\/v2\/product\/103533","targetHints":{"allow":["GET"]}}],"collection":[{"href":"https:\/\/tourtravelandmore.com\/fr\/wp-json\/wp\/v2\/product"}],"about":[{"href":"https:\/\/tourtravelandmore.com\/fr\/wp-json\/wp\/v2\/types\/product"}],"replies":[{"embeddable":true,"href":"https:\/\/tourtravelandmore.com\/fr\/wp-json\/wp\/v2\/comments?post=103533"}],"wp:featuredmedia":[{"embeddable":true,"href":"https:\/\/tourtravelandmore.com\/fr\/wp-json\/wp\/v2\/media\/88843"}],"wp:attachment":[{"href":"https:\/\/tourtravelandmore.com\/fr\/wp-json\/wp\/v2\/media?parent=103533"}],"wp:term":[{"taxonomy":"product_brand","embeddable":true,"href":"https:\/\/tourtravelandmore.com\/fr\/wp-json\/wp\/v2\/product_brand?post=103533"},{"taxonomy":"product_cat","embeddable":true,"href":"https:\/\/tourtravelandmore.com\/fr\/wp-json\/wp\/v2\/product_cat?post=103533"},{"taxonomy":"product_tag","embeddable":true,"href":"https:\/\/tourtravelandmore.com\/fr\/wp-json\/wp\/v2\/product_tag?post=103533"}],"curies":[{"name":"wp","href":"https:\/\/api.w.org\/{rel}","templated":true}]}}