{"id":103527,"date":"2020-12-02T10:23:47","date_gmt":"2020-12-02T09:23:47","guid":{"rendered":"https:\/\/tourtravelandmore.com\/tours\/non%20class\u00e9\/visite-privee-de-cabo-san-lucas\/"},"modified":"2021-03-16T10:02:42","modified_gmt":"2021-03-16T09:02:42","slug":"visite-privee-de-cabo-san-lucas","status":"publish","type":"product","link":"https:\/\/tourtravelandmore.com\/fr\/tours\/mexique-fr\/cabo-san-lucas-fr\/visite-privee-de-cabo-san-lucas\/","title":{"rendered":"Visite priv\u00e9e de Cabo San Lucas"},"content":{"rendered":"<h2>Description<\/h2>\n<p>Quelle est la premi\u00e8re chose que nous imaginons quand nous pensons au Mexique?, Nous pensons s\u00fbrement aux belles plages, au sable blanc et au soleil sur nos visages. Pour cette raison et bien d&#8217;autres, vous devez nous rejoindre lors de cette visite priv\u00e9e de Cabo San Lucas. Vous serez assist\u00e9 par un chauffeur priv\u00e9 et un guide officiel dans un v\u00e9hicule de luxe confortablement priv\u00e9.<\/p>\n<p>La prise en charge peut se faire depuis votre h\u00f4tel ou lieu de votre choix \u00e0 Cabo San Lucas. Comme il s&#8217;agit d&#8217;une visite priv\u00e9e, vous pourrez personnaliser votre propre exp\u00e9rience, par exemple, vous pouvez \u00e9galement choisir l&#8217;heure de d\u00e9but de votre visite.<\/p>\n<p>Cabo San Lucas est une station baln\u00e9aire \u00e0 la pointe sud de la p\u00e9ninsule de Baja California au Mexique. Cette ville est tr\u00e8s connue pour ses plages incroyables, ses sports nautiques et sa vie nocturne. C&#8217;est d\u00e9finitivement la destination id\u00e9ale pour vos vacances !.<\/p>\n<p>Profitez au maximum de vos vacances et venez avec nous lors de cette visite priv\u00e9e de Cabo San Lucas. Vivez une v\u00e9ritable aventure avec Tour Travel &amp; plus !.<\/p>\n<h2>Sites d&#8217;int\u00e9r\u00eat et monuments<\/h2>\n<p>Tout d&#8217;abord, votre chauffeur priv\u00e9 et votre guide officiel viendront vous chercher \u00e0 l&#8217;endroit de votre choix \u00e0 Cabo San Lucas. Vous trouverez ci-dessous un itin\u00e9raire pour une visite de 4 heures, mais au cas o\u00f9 vous souhaiteriez visiter plus d&#8217;endroits, nous pouvons \u00e9galement organiser une visite d&#8217;une heure. L&#8217;itin\u00e9raire sera ensuite ajust\u00e9 \u00e0 la dur\u00e9e totale de la visite.<\/p>\n<p>Comme nous l&#8217;avons d\u00e9j\u00e0 mentionn\u00e9, Cabo San Lucas est un v\u00e9ritable paradis !. Au cours de notre visite priv\u00e9e, vous pourrez visiter les points forts de cette destination unique. Entre autres lieux et sites que vous pourrez visiter:<\/p>\n<ul>\n<li>L&#8217;Arc de Cabo San Lucas: promenade en bateau \u00e0 fond de cristal jusqu&#8217;\u00e0 l&#8217;arche incluse dans l&#8217;un des itin\u00e9raires.<\/li>\n<li>Plage de corail noir<\/li>\n<li>Jet\u00e9e de la Marine<\/li>\n<li>Plage de Chileno<\/li>\n<li>Cabo San Lucas Marine<\/li>\n<li>Love Beach<\/li>\n<li>Plage de Medano<\/li>\n<li>Le mont. Solmar<\/li>\n<li>Plage de Santa Maria<\/li>\n<li>Promenade Art et Galeries, San Jos\u00e9 del Cabo<\/li>\n<\/ul>\n<p>Si vous choisissez l&#8217;option 6 heures, vous pourrez visiter les environs de Cabo San Lucas tels que:<\/p>\n<ul>\n<li>La Ribera<\/li>\n<li>Miraflores<\/li>\n<li>Aventures dans le canyon sauvage<\/li>\n<li>Santiago<\/li>\n<li>Plage de Palmilla<\/li>\n<li>Estero San Jose<\/li>\n<li>et bien plus!<\/li>\n<\/ul>\n<p>Comme il s&#8217;agit d&#8217;une visite priv\u00e9e, vous d\u00e9terminerez les lieux et monuments que vous souhaitez visiter.<\/p>\n<p>Enfin, \u00e0 la fin de la visite, votre chauffeur priv\u00e9 et votre guide officiel vous d\u00e9poseront \u00e0 votre h\u00f4tel \u00e0 Cabo San Lucas.<\/p>\n<p><button style=\"width: auto; height: auto; background-image: url('data:image\/png;base64,iVBORw0KGgoAAAANSUhEUgAAADAAAAAwCAYAAABXAvmHAAABS2lUWHRYTUw6Y29tLmFkb2JlLnhtcAAAAAAAPD94cGFja2V0IGJlZ2luPSLvu78iIGlkPSJXNU0wTXBDZWhpSHpyZVN6TlRjemtjOWQiPz4KPHg6eG1wbWV0YSB4bWxuczp4PSJhZG9iZTpuczptZXRhLyIgeDp4bXB0az0iQWRvYmUgWE1QIENvcmUgNS42LWMxMzggNzkuMTU5ODI0LCAyMDE2LzA5LzE0LTAxOjA5OjAxICAgICAgICAiPgogPHJkZjpSREYgeG1sbnM6cmRmPSJodHRwOi8vd3d3LnczLm9yZy8xOTk5LzAyLzIyLXJkZi1zeW50YXgtbnMjIj4KICA8cmRmOkRlc2NyaXB0aW9uIHJkZjphYm91dD0iIi8+CiA8L3JkZjpSREY+CjwveDp4bXBtZXRhPgo8P3hwYWNrZXQgZW5kPSJyIj8+IEmuOgAAAx5JREFUaIHtmj1L81wYx39JI75AbYtgBTFTRdQGXV2cxMlPICjiakHE0cVJB5FO4uLgN1AnZ\/0EgoLQtd6tL6hJIwia9DzDg6Wxpcb7hMTe+INCz+t1\/TnJuU7OOYoQ4g8Qpz2xFSGEiNoLGVTAjtoJCWw1ag9k0eoTQgg2NzcplUp0dHRE5VNTHMdB0zTy+TydnZ21fI8Ay7K4vr4ml8uRSqVCd7IVQgjW19cpFAoYhlHLbxiBTCbD9PR06A76YXx8HNd1PXmed0BRFBzHwTTNUB3zy\/v7O7FYzJPX9i\/xr4Co0b6u0prj42Pu7u5a1unp6UHXdSYmJkgmk7ImPUgLWFlZoVQq+aqbSCSYn59ne3ubRCIhaxoI4BHSdd13Xcuy2N\/fxzCML0fNL9IjoChK7f\/p6Smjo6MNdWzb5vz8nI2NDUzTpFgsMjMzw+Xlpax5eQH1TE5OMjAw0LQsm80yNzdHNpvFtm2urq44PDxkaWlJymags9D9\/X3Lcl3X2dnZqaX39vakbYY+jS4uLtLV1QXAxcUFlUpFqr\/QBXR3d9Pf3w\/8v8J8fn6W6i90Aa7r8vT0BEAsFpOeTkMXcHJywsvLCwAjIyPSgS1QAb29vS3LHx4eyOVytfTy8rK0zUAFPD4+8vb25vm9vr5SLBY5ODjAMAzK5TIAQ0NDrK6uStsMNA7Mzs42rNfrn\/kP0uk0Z2dnaJq8+UAFfHb0M6qqsrCwwO7uLn19fYHYDFTA2tpa00isaRqDg4NMTU19a+3kh0AFbG1t1YJUWAT6EhcKhSC780Xbf5H9CoiaXwFRIy2gPng5jiPb3beRjgPDw8NYlgUQegyAAAQcHR3xccgTxNrmu0hbjMJpj32ZxkIITNOkWq16tlf8tlVVlWQy+e229UgLKJfLuK77VwI+PikjE6CqKmNjYzJdSPPvxQFVVT2HaD8JVVX5fKzdcEZWLpe5vb39cYd8ADc3Nw1nZB4B8XicdDpNPp+PJCi1wnEcUqkUmUzGk68IISp8uitRqVSoVqth+ueLJntIdtNZ6Kv9nZ9E21\/20IASbXzd5j\/MIQu2KoJrJwAAAABJRU5ErkJggg=='); background-size: 14px 14px; background-color: #000000; position: absolute; opacity: 1; z-index: 86753099; display: none; cursor: pointer; border: none; border-top-left-radius: 3px; border-top-right-radius: 3px; border-bottom-right-radius: 3px; border-bottom-left-radius: 3px; text-indent: 20px; padding: 0px 4px 0px 0px; text-align: center; font-style: normal; font-variant-caps: normal; font-weight: bold; font-stretch: normal; font-size: 11px; line-height: 20px; font-family: 'Helvetica Neue', Helvetica, sans-serif; color: #ffffff; text-transform: capitalize; -webkit-font-smoothing: antialiased; top: 1397px; left: 563px; background-position: 3px 50%; background-repeat: no-repeat no-repeat;\">plan it<\/button><\/p>\n","protected":false},"excerpt":{"rendered":"<p>Cabo San Lucas est un endroit incroyable qui vous attend!, Ici vous passerez des vacances pas comme les autres. Profitez des plages, de sa nature et de ses paysages avec une \u00e9quipe locale professionnelle. Ne manquez pas votre opportunit\u00e9 !.<\/p>\n","protected":false},"featured_media":88800,"comment_status":"open","ping_status":"closed","template":"","meta":{"_acf_changed":false},"product_brand":[],"product_cat":[3727,3810],"product_tag":[],"class_list":{"0":"post-103527","1":"product","2":"type-product","3":"status-publish","4":"has-post-thumbnail","6":"product_cat-mexique-fr","7":"product_cat-cabo-san-lucas-fr","9":"first","10":"instock","11":"shipping-taxable","12":"purchasable","13":"product-type-simple"},"acf":[],"yoast_head":"<!-- This site is optimized with the Yoast SEO Premium plugin v25.3.1 (Yoast SEO v25.3.1) - https:\/\/yoast.com\/wordpress\/plugins\/seo\/ -->\n<title>Visite priv\u00e9e de Cabo San Lucas avec guide local et chauffeur priv\u00e9<\/title>\n<meta name=\"description\" content=\"Aventure lors de cette visite priv\u00e9e de Cabo San Lucas confortablement dans un v\u00e9hicule de luxe priv\u00e9. Courez la chance de visiter ce vrai paradis !.\" \/>\n<meta name=\"robots\" content=\"index, follow, max-snippet:-1, max-image-preview:large, max-video-preview:-1\" \/>\n<link rel=\"canonical\" href=\"https:\/\/tourtravelandmore.com\/fr\/tours\/mexique-fr\/cabo-san-lucas-fr\/visite-privee-de-cabo-san-lucas\/\" \/>\n<meta property=\"og:locale\" content=\"fr_FR\" \/>\n<meta property=\"og:type\" content=\"article\" \/>\n<meta property=\"og:title\" content=\"Visite priv\u00e9e de Cabo San Lucas\" \/>\n<meta property=\"og:description\" content=\"Aventure lors de cette visite priv\u00e9e de Cabo San Lucas confortablement dans un v\u00e9hicule de luxe priv\u00e9. Courez la chance de visiter ce vrai paradis !.\" \/>\n<meta property=\"og:url\" content=\"https:\/\/tourtravelandmore.com\/fr\/tours\/mexique-fr\/cabo-san-lucas-fr\/visite-privee-de-cabo-san-lucas\/\" \/>\n<meta property=\"og:site_name\" content=\"Tour Travel And More\" \/>\n<meta property=\"article:publisher\" content=\"https:\/\/www.facebook.com\/tourtravelandmore\/\" \/>\n<meta property=\"article:modified_time\" content=\"2021-03-16T09:02:42+00:00\" \/>\n<meta property=\"og:image\" content=\"https:\/\/tourtravelandmore.com\/wp-content\/uploads\/2020\/12\/cabo-san-lucas-1-scaled.jpg\" \/>\n\t<meta property=\"og:image:width\" content=\"2560\" \/>\n\t<meta property=\"og:image:height\" content=\"1920\" \/>\n\t<meta property=\"og:image:type\" content=\"image\/jpeg\" \/>\n<meta name=\"twitter:card\" content=\"summary_large_image\" \/>\n<meta name=\"twitter:site\" content=\"@TourTravel_More\" \/>\n<meta name=\"twitter:label1\" content=\"Dur\u00e9e de lecture estim\u00e9e\" \/>\n\t<meta name=\"twitter:data1\" content=\"2 minutes\" \/>\n<script type=\"application\/ld+json\" class=\"yoast-schema-graph\">{\"@context\":\"https:\/\/schema.org\",\"@graph\":[{\"@type\":\"WebPage\",\"@id\":\"https:\/\/tourtravelandmore.com\/fr\/tours\/mexique-fr\/cabo-san-lucas-fr\/visite-privee-de-cabo-san-lucas\/\",\"url\":\"https:\/\/tourtravelandmore.com\/fr\/tours\/mexique-fr\/cabo-san-lucas-fr\/visite-privee-de-cabo-san-lucas\/\",\"name\":\"Visite priv\u00e9e de Cabo San Lucas avec guide local et chauffeur priv\u00e9\",\"isPartOf\":{\"@id\":\"https:\/\/tourtravelandmore.com\/fr\/#website\"},\"primaryImageOfPage\":{\"@id\":\"https:\/\/tourtravelandmore.com\/fr\/tours\/mexique-fr\/cabo-san-lucas-fr\/visite-privee-de-cabo-san-lucas\/#primaryimage\"},\"image\":{\"@id\":\"https:\/\/tourtravelandmore.com\/fr\/tours\/mexique-fr\/cabo-san-lucas-fr\/visite-privee-de-cabo-san-lucas\/#primaryimage\"},\"thumbnailUrl\":\"https:\/\/tourtravelandmore.com\/wp-content\/uploads\/2020\/12\/cabo-san-lucas-1-scaled.jpg\",\"datePublished\":\"2020-12-02T09:23:47+00:00\",\"dateModified\":\"2021-03-16T09:02:42+00:00\",\"description\":\"Aventure lors de cette visite priv\u00e9e de Cabo San Lucas confortablement dans un v\u00e9hicule de luxe priv\u00e9. Courez la chance de visiter ce vrai paradis !.\",\"breadcrumb\":{\"@id\":\"https:\/\/tourtravelandmore.com\/fr\/tours\/mexique-fr\/cabo-san-lucas-fr\/visite-privee-de-cabo-san-lucas\/#breadcrumb\"},\"inLanguage\":\"fr-FR\",\"potentialAction\":[{\"@type\":\"ReadAction\",\"target\":[\"https:\/\/tourtravelandmore.com\/fr\/tours\/mexique-fr\/cabo-san-lucas-fr\/visite-privee-de-cabo-san-lucas\/\"]}]},{\"@type\":\"ImageObject\",\"inLanguage\":\"fr-FR\",\"@id\":\"https:\/\/tourtravelandmore.com\/fr\/tours\/mexique-fr\/cabo-san-lucas-fr\/visite-privee-de-cabo-san-lucas\/#primaryimage\",\"url\":\"https:\/\/tourtravelandmore.com\/wp-content\/uploads\/2020\/12\/cabo-san-lucas-1-scaled.jpg\",\"contentUrl\":\"https:\/\/tourtravelandmore.com\/wp-content\/uploads\/2020\/12\/cabo-san-lucas-1-scaled.jpg\",\"width\":2560,\"height\":1920},{\"@type\":\"BreadcrumbList\",\"@id\":\"https:\/\/tourtravelandmore.com\/fr\/tours\/mexique-fr\/cabo-san-lucas-fr\/visite-privee-de-cabo-san-lucas\/#breadcrumb\",\"itemListElement\":[{\"@type\":\"ListItem\",\"position\":1,\"name\":\"Home\",\"item\":\"https:\/\/tourtravelandmore.com\/fr\/\"},{\"@type\":\"ListItem\",\"position\":2,\"name\":\"Tours\",\"item\":\"https:\/\/tourtravelandmore.com\/fr\/tours\/\"},{\"@type\":\"ListItem\",\"position\":3,\"name\":\"Visite priv\u00e9e de Cabo San Lucas\"}]},{\"@type\":\"WebSite\",\"@id\":\"https:\/\/tourtravelandmore.com\/fr\/#website\",\"url\":\"https:\/\/tourtravelandmore.com\/fr\/\",\"name\":\"Tour Travel And More\",\"description\":\"Private sightseeing tours and luxury transfers in Spain\",\"publisher\":{\"@id\":\"https:\/\/tourtravelandmore.com\/fr\/#organization\"},\"potentialAction\":[{\"@type\":\"SearchAction\",\"target\":{\"@type\":\"EntryPoint\",\"urlTemplate\":\"https:\/\/tourtravelandmore.com\/fr\/?s={search_term_string}\"},\"query-input\":{\"@type\":\"PropertyValueSpecification\",\"valueRequired\":true,\"valueName\":\"search_term_string\"}}],\"inLanguage\":\"fr-FR\"},{\"@type\":\"Organization\",\"@id\":\"https:\/\/tourtravelandmore.com\/fr\/#organization\",\"name\":\"Tour Travel And More\",\"url\":\"https:\/\/tourtravelandmore.com\/fr\/\",\"logo\":{\"@type\":\"ImageObject\",\"inLanguage\":\"fr-FR\",\"@id\":\"https:\/\/tourtravelandmore.com\/fr\/#\/schema\/logo\/image\/\",\"url\":\"https:\/\/tourtravelandmore.com\/wp-content\/uploads\/2022\/12\/cropped-logo-cabecera-new.png\",\"contentUrl\":\"https:\/\/tourtravelandmore.com\/wp-content\/uploads\/2022\/12\/cropped-logo-cabecera-new.png\",\"width\":430,\"height\":61,\"caption\":\"Tour Travel And More\"},\"image\":{\"@id\":\"https:\/\/tourtravelandmore.com\/fr\/#\/schema\/logo\/image\/\"},\"sameAs\":[\"https:\/\/www.facebook.com\/tourtravelandmore\/\",\"https:\/\/x.com\/TourTravel_More\"]}]}<\/script>\n<!-- \/ Yoast SEO Premium plugin. -->","yoast_head_json":{"title":"Visite priv\u00e9e de Cabo San Lucas avec guide local et chauffeur priv\u00e9","description":"Aventure lors de cette visite priv\u00e9e de Cabo San Lucas confortablement dans un v\u00e9hicule de luxe priv\u00e9. Courez la chance de visiter ce vrai paradis !.","robots":{"index":"index","follow":"follow","max-snippet":"max-snippet:-1","max-image-preview":"max-image-preview:large","max-video-preview":"max-video-preview:-1"},"canonical":"https:\/\/tourtravelandmore.com\/fr\/tours\/mexique-fr\/cabo-san-lucas-fr\/visite-privee-de-cabo-san-lucas\/","og_locale":"fr_FR","og_type":"article","og_title":"Visite priv\u00e9e de Cabo San Lucas","og_description":"Aventure lors de cette visite priv\u00e9e de Cabo San Lucas confortablement dans un v\u00e9hicule de luxe priv\u00e9. Courez la chance de visiter ce vrai paradis !.","og_url":"https:\/\/tourtravelandmore.com\/fr\/tours\/mexique-fr\/cabo-san-lucas-fr\/visite-privee-de-cabo-san-lucas\/","og_site_name":"Tour Travel And More","article_publisher":"https:\/\/www.facebook.com\/tourtravelandmore\/","article_modified_time":"2021-03-16T09:02:42+00:00","og_image":[{"width":2560,"height":1920,"url":"https:\/\/tourtravelandmore.com\/wp-content\/uploads\/2020\/12\/cabo-san-lucas-1-scaled.jpg","type":"image\/jpeg"}],"twitter_card":"summary_large_image","twitter_site":"@TourTravel_More","twitter_misc":{"Dur\u00e9e de lecture estim\u00e9e":"2 minutes"},"schema":{"@context":"https:\/\/schema.org","@graph":[{"@type":"WebPage","@id":"https:\/\/tourtravelandmore.com\/fr\/tours\/mexique-fr\/cabo-san-lucas-fr\/visite-privee-de-cabo-san-lucas\/","url":"https:\/\/tourtravelandmore.com\/fr\/tours\/mexique-fr\/cabo-san-lucas-fr\/visite-privee-de-cabo-san-lucas\/","name":"Visite priv\u00e9e de Cabo San Lucas avec guide local et chauffeur priv\u00e9","isPartOf":{"@id":"https:\/\/tourtravelandmore.com\/fr\/#website"},"primaryImageOfPage":{"@id":"https:\/\/tourtravelandmore.com\/fr\/tours\/mexique-fr\/cabo-san-lucas-fr\/visite-privee-de-cabo-san-lucas\/#primaryimage"},"image":{"@id":"https:\/\/tourtravelandmore.com\/fr\/tours\/mexique-fr\/cabo-san-lucas-fr\/visite-privee-de-cabo-san-lucas\/#primaryimage"},"thumbnailUrl":"https:\/\/tourtravelandmore.com\/wp-content\/uploads\/2020\/12\/cabo-san-lucas-1-scaled.jpg","datePublished":"2020-12-02T09:23:47+00:00","dateModified":"2021-03-16T09:02:42+00:00","description":"Aventure lors de cette visite priv\u00e9e de Cabo San Lucas confortablement dans un v\u00e9hicule de luxe priv\u00e9. Courez la chance de visiter ce vrai paradis !.","breadcrumb":{"@id":"https:\/\/tourtravelandmore.com\/fr\/tours\/mexique-fr\/cabo-san-lucas-fr\/visite-privee-de-cabo-san-lucas\/#breadcrumb"},"inLanguage":"fr-FR","potentialAction":[{"@type":"ReadAction","target":["https:\/\/tourtravelandmore.com\/fr\/tours\/mexique-fr\/cabo-san-lucas-fr\/visite-privee-de-cabo-san-lucas\/"]}]},{"@type":"ImageObject","inLanguage":"fr-FR","@id":"https:\/\/tourtravelandmore.com\/fr\/tours\/mexique-fr\/cabo-san-lucas-fr\/visite-privee-de-cabo-san-lucas\/#primaryimage","url":"https:\/\/tourtravelandmore.com\/wp-content\/uploads\/2020\/12\/cabo-san-lucas-1-scaled.jpg","contentUrl":"https:\/\/tourtravelandmore.com\/wp-content\/uploads\/2020\/12\/cabo-san-lucas-1-scaled.jpg","width":2560,"height":1920},{"@type":"BreadcrumbList","@id":"https:\/\/tourtravelandmore.com\/fr\/tours\/mexique-fr\/cabo-san-lucas-fr\/visite-privee-de-cabo-san-lucas\/#breadcrumb","itemListElement":[{"@type":"ListItem","position":1,"name":"Home","item":"https:\/\/tourtravelandmore.com\/fr\/"},{"@type":"ListItem","position":2,"name":"Tours","item":"https:\/\/tourtravelandmore.com\/fr\/tours\/"},{"@type":"ListItem","position":3,"name":"Visite priv\u00e9e de Cabo San Lucas"}]},{"@type":"WebSite","@id":"https:\/\/tourtravelandmore.com\/fr\/#website","url":"https:\/\/tourtravelandmore.com\/fr\/","name":"Tour Travel And More","description":"Private sightseeing tours and luxury transfers in Spain","publisher":{"@id":"https:\/\/tourtravelandmore.com\/fr\/#organization"},"potentialAction":[{"@type":"SearchAction","target":{"@type":"EntryPoint","urlTemplate":"https:\/\/tourtravelandmore.com\/fr\/?s={search_term_string}"},"query-input":{"@type":"PropertyValueSpecification","valueRequired":true,"valueName":"search_term_string"}}],"inLanguage":"fr-FR"},{"@type":"Organization","@id":"https:\/\/tourtravelandmore.com\/fr\/#organization","name":"Tour Travel And More","url":"https:\/\/tourtravelandmore.com\/fr\/","logo":{"@type":"ImageObject","inLanguage":"fr-FR","@id":"https:\/\/tourtravelandmore.com\/fr\/#\/schema\/logo\/image\/","url":"https:\/\/tourtravelandmore.com\/wp-content\/uploads\/2022\/12\/cropped-logo-cabecera-new.png","contentUrl":"https:\/\/tourtravelandmore.com\/wp-content\/uploads\/2022\/12\/cropped-logo-cabecera-new.png","width":430,"height":61,"caption":"Tour Travel And More"},"image":{"@id":"https:\/\/tourtravelandmore.com\/fr\/#\/schema\/logo\/image\/"},"sameAs":["https:\/\/www.facebook.com\/tourtravelandmore\/","https:\/\/x.com\/TourTravel_More"]}]}},"_links":{"self":[{"href":"https:\/\/tourtravelandmore.com\/fr\/wp-json\/wp\/v2\/product\/103527","targetHints":{"allow":["GET"]}}],"collection":[{"href":"https:\/\/tourtravelandmore.com\/fr\/wp-json\/wp\/v2\/product"}],"about":[{"href":"https:\/\/tourtravelandmore.com\/fr\/wp-json\/wp\/v2\/types\/product"}],"replies":[{"embeddable":true,"href":"https:\/\/tourtravelandmore.com\/fr\/wp-json\/wp\/v2\/comments?post=103527"}],"wp:featuredmedia":[{"embeddable":true,"href":"https:\/\/tourtravelandmore.com\/fr\/wp-json\/wp\/v2\/media\/88800"}],"wp:attachment":[{"href":"https:\/\/tourtravelandmore.com\/fr\/wp-json\/wp\/v2\/media?parent=103527"}],"wp:term":[{"taxonomy":"product_brand","embeddable":true,"href":"https:\/\/tourtravelandmore.com\/fr\/wp-json\/wp\/v2\/product_brand?post=103527"},{"taxonomy":"product_cat","embeddable":true,"href":"https:\/\/tourtravelandmore.com\/fr\/wp-json\/wp\/v2\/product_cat?post=103527"},{"taxonomy":"product_tag","embeddable":true,"href":"https:\/\/tourtravelandmore.com\/fr\/wp-json\/wp\/v2\/product_tag?post=103527"}],"curies":[{"name":"wp","href":"https:\/\/api.w.org\/{rel}","templated":true}]}}