{"id":103517,"date":"2020-10-29T12:41:08","date_gmt":"2020-10-29T11:41:08","guid":{"rendered":"https:\/\/tourtravelandmore.com\/tours\/non%20class\u00e9\/visite-privee-a-milwaukee-au-depart-de-chicago\/"},"modified":"2021-03-16T09:56:44","modified_gmt":"2021-03-16T08:56:44","slug":"visite-privee-a-milwaukee-au-depart-de-chicago","status":"publish","type":"product","link":"https:\/\/tourtravelandmore.com\/fr\/tours\/etats-unis-fr\/chicago-fr\/visite-privee-a-milwaukee-au-depart-de-chicago\/","title":{"rendered":"Visite priv\u00e9e \u00e0 Milwaukee au d\u00e9part de Chicago"},"content":{"rendered":"<h2>Description<\/h2>\n<p>Que diriez-vous de quitter Chicago pour une journ\u00e9e et de visiter une autre belle ville au bord du lac Michigan ?. Profitez de cette opportunit\u00e9 et venez avec nous lors de cette visite priv\u00e9e \u00e0 Milwaukee au d\u00e9part de Chicago. Apprenez \u00e0 conna\u00eetre la plus grande ville de l&#8217;\u00c9tat du Wisconsin avec un guide priv\u00e9 local.<\/p>\n<p>La prise en charge se fera \u00e0 votre h\u00f4tel ou lieu de votre choix \u00e0 Chicago. Le service aura lieu dans un v\u00e9hicule de luxe priv\u00e9 avec chauffeur pour une exp\u00e9rience plus compl\u00e8te. L&#8217;heure de d\u00e9but de la visite sera d\u00e9termin\u00e9e par vous, mais rappelez-vous qu&#8217;il s&#8217;agit d&#8217;une excursion d&#8217;une journ\u00e9e compl\u00e8te, il est donc pr\u00e9f\u00e9rable de commencer t\u00f4t le matin.<\/p>\n<p>Milwaukee, comme nous l&#8217;avons d\u00e9j\u00e0 mentionn\u00e9, est situ\u00e9e dans l&#8217;\u00c9tat du Wisconsin, au nord de Chicago. Cette ville est tr\u00e8s connue pour ses brasseries, et laissez-nous vous dire que la plupart d&#8217;entre elles proposent des visites guid\u00e9es \u00e0 l&#8217;int\u00e9rieur !.<\/p>\n<p>Cette visite priv\u00e9e \u00e0 Milwaukee au d\u00e9part de Chicago est pour ceux qui souhaitent continuer \u00e0 explorer. Le monde est trop grand et il y a beaucoup d&#8217;endroits \u00e0 visiter !. Venez avec nous, vous ne le regretterez pas !.<\/p>\n<h2>Sites d&#8217;int\u00e9r\u00eat et monuments<\/h2>\n<p>Tout d&#8217;abord, notre guide priv\u00e9 et notre chauffeur viendront vous chercher \u00e0 l&#8217;endroit de votre choix \u00e0 Chicago. Cette visite priv\u00e9e d\u00e9butera d\u00e8s que vous serez \u00e0 l&#8217;int\u00e9rieur du v\u00e9hicule !.<\/p>\n<p>Le trajet jusqu&#8217;\u00e0 Milwaukee dure environ une heure et trente minutes, et il en va de m\u00eame pour le retour. Pendant le voyage, vous longerez le lac Michigan. Une fois \u00e0 Milwaukee, vous rencontrerez votre guide officiel priv\u00e9 pour une visite guid\u00e9e de 3 heures.<\/p>\n<p>Voici un exemple des endroits les plus importants \u00e0 visiter:<\/p>\n<ul>\n<li>Mus\u00e9e d&#8217;art de Milwaukee<\/li>\n<li>Mus\u00e9e Harley-Davidson: qui offre une vue magnifique sur le lac Menomonee<\/li>\n<li>Conservatoire du parc Mitchel<\/li>\n<li>Monde de la d\u00e9couverte<\/li>\n<li>Miller Park<\/li>\n<li>Basilique San Josafat<\/li>\n<li>Manoir Pabst<\/li>\n<li>Mus\u00e9e public de Milwaukee<\/li>\n<li>et bien plus!<\/li>\n<\/ul>\n<p>Il n&#8217;est pas n\u00e9cessaire de mentionner que nous pouvons inclure un billet d&#8217;entr\u00e9e \u00e0 tout mus\u00e9e que vous souhaitez visiter. Il vous suffit de nous le dire et nous nous chargerons de tout pour vous. Notre travail est que vous n&#8217;avez \u00e0 vous soucier de rien !.<\/p>\n<p>Apr\u00e8s la visite guid\u00e9e, vous aurez du temps pour d\u00e9jeuner et go\u00fbter \u00e0 la gastronomie locale. Enfin, votre chauffeur priv\u00e9 vous ram\u00e8nera \u00e0 Chicago.<\/p>\n<p>N&#8217;oubliez pas de v\u00e9rifier toutes nos options de visites priv\u00e9es dans et depuis Chicago !.<\/p>\n","protected":false},"excerpt":{"rendered":"<p>Profitez au maximum de vos journ\u00e9es \u00e0 Chicago et venez avec nous pour cette excursion priv\u00e9e d&#8217;une journ\u00e9e \u00e0 Milwaukee. Visitez les mus\u00e9es, monuments et parcs les plus incroyables avec un guide local \u00e0 l&#8217;aise dans un v\u00e9hicule de luxe priv\u00e9 avec chauffeur s\u00e9par\u00e9.<\/p>\n","protected":false},"featured_media":98528,"comment_status":"open","ping_status":"closed","template":"","meta":{"_acf_changed":false},"product_brand":[],"product_cat":[3547,3770],"product_tag":[],"class_list":{"0":"post-103517","1":"product","2":"type-product","3":"status-publish","4":"has-post-thumbnail","6":"product_cat-etats-unis-fr","7":"product_cat-chicago-fr","9":"first","10":"instock","11":"shipping-taxable","12":"purchasable","13":"product-type-simple"},"acf":[],"yoast_head":"<!-- This site is optimized with the Yoast SEO Premium plugin v25.3.1 (Yoast SEO v25.3.1) - https:\/\/yoast.com\/wordpress\/plugins\/seo\/ -->\n<title>Visite priv\u00e9e \u00e0 Milwaukee au d\u00e9part de Chicago dans un v\u00e9hicule de luxe<\/title>\n<meta name=\"description\" content=\"Rejoignez-nous pour cette visite priv\u00e9e \u00e0 Milwaukee au d\u00e9part de Chicago et obtenez la chance de visiter une ville qui fusionne la technologie, la tradition et la nature.\" \/>\n<meta name=\"robots\" content=\"index, follow, max-snippet:-1, max-image-preview:large, max-video-preview:-1\" \/>\n<link rel=\"canonical\" href=\"https:\/\/tourtravelandmore.com\/fr\/tours\/etats-unis-fr\/chicago-fr\/visite-privee-a-milwaukee-au-depart-de-chicago\/\" \/>\n<meta property=\"og:locale\" content=\"fr_FR\" \/>\n<meta property=\"og:type\" content=\"article\" \/>\n<meta property=\"og:title\" content=\"Visite priv\u00e9e \u00e0 Milwaukee au d\u00e9part de Chicago\" \/>\n<meta property=\"og:description\" content=\"Rejoignez-nous pour cette visite priv\u00e9e \u00e0 Milwaukee au d\u00e9part de Chicago et obtenez la chance de visiter une ville qui fusionne la technologie, la tradition et la nature.\" \/>\n<meta property=\"og:url\" content=\"https:\/\/tourtravelandmore.com\/fr\/tours\/etats-unis-fr\/chicago-fr\/visite-privee-a-milwaukee-au-depart-de-chicago\/\" \/>\n<meta property=\"og:site_name\" content=\"Tour Travel And More\" \/>\n<meta property=\"article:publisher\" content=\"https:\/\/www.facebook.com\/tourtravelandmore\/\" \/>\n<meta property=\"article:modified_time\" content=\"2021-03-16T08:56:44+00:00\" \/>\n<meta property=\"og:image\" content=\"https:\/\/tourtravelandmore.com\/wp-content\/uploads\/2020\/10\/milwa-3.jpg\" \/>\n\t<meta property=\"og:image:width\" content=\"1280\" \/>\n\t<meta property=\"og:image:height\" content=\"913\" \/>\n\t<meta property=\"og:image:type\" content=\"image\/jpeg\" \/>\n<meta name=\"twitter:card\" content=\"summary_large_image\" \/>\n<meta name=\"twitter:site\" content=\"@TourTravel_More\" \/>\n<meta name=\"twitter:label1\" content=\"Dur\u00e9e de lecture estim\u00e9e\" \/>\n\t<meta name=\"twitter:data1\" content=\"2 minutes\" \/>\n<script type=\"application\/ld+json\" class=\"yoast-schema-graph\">{\"@context\":\"https:\/\/schema.org\",\"@graph\":[{\"@type\":\"WebPage\",\"@id\":\"https:\/\/tourtravelandmore.com\/fr\/tours\/etats-unis-fr\/chicago-fr\/visite-privee-a-milwaukee-au-depart-de-chicago\/\",\"url\":\"https:\/\/tourtravelandmore.com\/fr\/tours\/etats-unis-fr\/chicago-fr\/visite-privee-a-milwaukee-au-depart-de-chicago\/\",\"name\":\"Visite priv\u00e9e \u00e0 Milwaukee au d\u00e9part de Chicago dans un v\u00e9hicule de luxe\",\"isPartOf\":{\"@id\":\"https:\/\/tourtravelandmore.com\/fr\/#website\"},\"primaryImageOfPage\":{\"@id\":\"https:\/\/tourtravelandmore.com\/fr\/tours\/etats-unis-fr\/chicago-fr\/visite-privee-a-milwaukee-au-depart-de-chicago\/#primaryimage\"},\"image\":{\"@id\":\"https:\/\/tourtravelandmore.com\/fr\/tours\/etats-unis-fr\/chicago-fr\/visite-privee-a-milwaukee-au-depart-de-chicago\/#primaryimage\"},\"thumbnailUrl\":\"https:\/\/tourtravelandmore.com\/wp-content\/uploads\/2020\/10\/milwa-3.jpg\",\"datePublished\":\"2020-10-29T11:41:08+00:00\",\"dateModified\":\"2021-03-16T08:56:44+00:00\",\"description\":\"Rejoignez-nous pour cette visite priv\u00e9e \u00e0 Milwaukee au d\u00e9part de Chicago et obtenez la chance de visiter une ville qui fusionne la technologie, la tradition et la nature.\",\"breadcrumb\":{\"@id\":\"https:\/\/tourtravelandmore.com\/fr\/tours\/etats-unis-fr\/chicago-fr\/visite-privee-a-milwaukee-au-depart-de-chicago\/#breadcrumb\"},\"inLanguage\":\"fr-FR\",\"potentialAction\":[{\"@type\":\"ReadAction\",\"target\":[\"https:\/\/tourtravelandmore.com\/fr\/tours\/etats-unis-fr\/chicago-fr\/visite-privee-a-milwaukee-au-depart-de-chicago\/\"]}]},{\"@type\":\"ImageObject\",\"inLanguage\":\"fr-FR\",\"@id\":\"https:\/\/tourtravelandmore.com\/fr\/tours\/etats-unis-fr\/chicago-fr\/visite-privee-a-milwaukee-au-depart-de-chicago\/#primaryimage\",\"url\":\"https:\/\/tourtravelandmore.com\/wp-content\/uploads\/2020\/10\/milwa-3.jpg\",\"contentUrl\":\"https:\/\/tourtravelandmore.com\/wp-content\/uploads\/2020\/10\/milwa-3.jpg\",\"width\":1280,\"height\":913},{\"@type\":\"BreadcrumbList\",\"@id\":\"https:\/\/tourtravelandmore.com\/fr\/tours\/etats-unis-fr\/chicago-fr\/visite-privee-a-milwaukee-au-depart-de-chicago\/#breadcrumb\",\"itemListElement\":[{\"@type\":\"ListItem\",\"position\":1,\"name\":\"Home\",\"item\":\"https:\/\/tourtravelandmore.com\/fr\/\"},{\"@type\":\"ListItem\",\"position\":2,\"name\":\"Tours\",\"item\":\"https:\/\/tourtravelandmore.com\/fr\/tours\/\"},{\"@type\":\"ListItem\",\"position\":3,\"name\":\"Visite priv\u00e9e \u00e0 Milwaukee au d\u00e9part de Chicago\"}]},{\"@type\":\"WebSite\",\"@id\":\"https:\/\/tourtravelandmore.com\/fr\/#website\",\"url\":\"https:\/\/tourtravelandmore.com\/fr\/\",\"name\":\"Tour Travel And More\",\"description\":\"Private sightseeing tours and luxury transfers in Spain\",\"publisher\":{\"@id\":\"https:\/\/tourtravelandmore.com\/fr\/#organization\"},\"potentialAction\":[{\"@type\":\"SearchAction\",\"target\":{\"@type\":\"EntryPoint\",\"urlTemplate\":\"https:\/\/tourtravelandmore.com\/fr\/?s={search_term_string}\"},\"query-input\":{\"@type\":\"PropertyValueSpecification\",\"valueRequired\":true,\"valueName\":\"search_term_string\"}}],\"inLanguage\":\"fr-FR\"},{\"@type\":\"Organization\",\"@id\":\"https:\/\/tourtravelandmore.com\/fr\/#organization\",\"name\":\"Tour Travel And More\",\"url\":\"https:\/\/tourtravelandmore.com\/fr\/\",\"logo\":{\"@type\":\"ImageObject\",\"inLanguage\":\"fr-FR\",\"@id\":\"https:\/\/tourtravelandmore.com\/fr\/#\/schema\/logo\/image\/\",\"url\":\"https:\/\/tourtravelandmore.com\/wp-content\/uploads\/2022\/12\/cropped-logo-cabecera-new.png\",\"contentUrl\":\"https:\/\/tourtravelandmore.com\/wp-content\/uploads\/2022\/12\/cropped-logo-cabecera-new.png\",\"width\":430,\"height\":61,\"caption\":\"Tour Travel And More\"},\"image\":{\"@id\":\"https:\/\/tourtravelandmore.com\/fr\/#\/schema\/logo\/image\/\"},\"sameAs\":[\"https:\/\/www.facebook.com\/tourtravelandmore\/\",\"https:\/\/x.com\/TourTravel_More\"]}]}<\/script>\n<!-- \/ Yoast SEO Premium plugin. -->","yoast_head_json":{"title":"Visite priv\u00e9e \u00e0 Milwaukee au d\u00e9part de Chicago dans un v\u00e9hicule de luxe","description":"Rejoignez-nous pour cette visite priv\u00e9e \u00e0 Milwaukee au d\u00e9part de Chicago et obtenez la chance de visiter une ville qui fusionne la technologie, la tradition et la nature.","robots":{"index":"index","follow":"follow","max-snippet":"max-snippet:-1","max-image-preview":"max-image-preview:large","max-video-preview":"max-video-preview:-1"},"canonical":"https:\/\/tourtravelandmore.com\/fr\/tours\/etats-unis-fr\/chicago-fr\/visite-privee-a-milwaukee-au-depart-de-chicago\/","og_locale":"fr_FR","og_type":"article","og_title":"Visite priv\u00e9e \u00e0 Milwaukee au d\u00e9part de Chicago","og_description":"Rejoignez-nous pour cette visite priv\u00e9e \u00e0 Milwaukee au d\u00e9part de Chicago et obtenez la chance de visiter une ville qui fusionne la technologie, la tradition et la nature.","og_url":"https:\/\/tourtravelandmore.com\/fr\/tours\/etats-unis-fr\/chicago-fr\/visite-privee-a-milwaukee-au-depart-de-chicago\/","og_site_name":"Tour Travel And More","article_publisher":"https:\/\/www.facebook.com\/tourtravelandmore\/","article_modified_time":"2021-03-16T08:56:44+00:00","og_image":[{"width":1280,"height":913,"url":"https:\/\/tourtravelandmore.com\/wp-content\/uploads\/2020\/10\/milwa-3.jpg","type":"image\/jpeg"}],"twitter_card":"summary_large_image","twitter_site":"@TourTravel_More","twitter_misc":{"Dur\u00e9e de lecture estim\u00e9e":"2 minutes"},"schema":{"@context":"https:\/\/schema.org","@graph":[{"@type":"WebPage","@id":"https:\/\/tourtravelandmore.com\/fr\/tours\/etats-unis-fr\/chicago-fr\/visite-privee-a-milwaukee-au-depart-de-chicago\/","url":"https:\/\/tourtravelandmore.com\/fr\/tours\/etats-unis-fr\/chicago-fr\/visite-privee-a-milwaukee-au-depart-de-chicago\/","name":"Visite priv\u00e9e \u00e0 Milwaukee au d\u00e9part de Chicago dans un v\u00e9hicule de luxe","isPartOf":{"@id":"https:\/\/tourtravelandmore.com\/fr\/#website"},"primaryImageOfPage":{"@id":"https:\/\/tourtravelandmore.com\/fr\/tours\/etats-unis-fr\/chicago-fr\/visite-privee-a-milwaukee-au-depart-de-chicago\/#primaryimage"},"image":{"@id":"https:\/\/tourtravelandmore.com\/fr\/tours\/etats-unis-fr\/chicago-fr\/visite-privee-a-milwaukee-au-depart-de-chicago\/#primaryimage"},"thumbnailUrl":"https:\/\/tourtravelandmore.com\/wp-content\/uploads\/2020\/10\/milwa-3.jpg","datePublished":"2020-10-29T11:41:08+00:00","dateModified":"2021-03-16T08:56:44+00:00","description":"Rejoignez-nous pour cette visite priv\u00e9e \u00e0 Milwaukee au d\u00e9part de Chicago et obtenez la chance de visiter une ville qui fusionne la technologie, la tradition et la nature.","breadcrumb":{"@id":"https:\/\/tourtravelandmore.com\/fr\/tours\/etats-unis-fr\/chicago-fr\/visite-privee-a-milwaukee-au-depart-de-chicago\/#breadcrumb"},"inLanguage":"fr-FR","potentialAction":[{"@type":"ReadAction","target":["https:\/\/tourtravelandmore.com\/fr\/tours\/etats-unis-fr\/chicago-fr\/visite-privee-a-milwaukee-au-depart-de-chicago\/"]}]},{"@type":"ImageObject","inLanguage":"fr-FR","@id":"https:\/\/tourtravelandmore.com\/fr\/tours\/etats-unis-fr\/chicago-fr\/visite-privee-a-milwaukee-au-depart-de-chicago\/#primaryimage","url":"https:\/\/tourtravelandmore.com\/wp-content\/uploads\/2020\/10\/milwa-3.jpg","contentUrl":"https:\/\/tourtravelandmore.com\/wp-content\/uploads\/2020\/10\/milwa-3.jpg","width":1280,"height":913},{"@type":"BreadcrumbList","@id":"https:\/\/tourtravelandmore.com\/fr\/tours\/etats-unis-fr\/chicago-fr\/visite-privee-a-milwaukee-au-depart-de-chicago\/#breadcrumb","itemListElement":[{"@type":"ListItem","position":1,"name":"Home","item":"https:\/\/tourtravelandmore.com\/fr\/"},{"@type":"ListItem","position":2,"name":"Tours","item":"https:\/\/tourtravelandmore.com\/fr\/tours\/"},{"@type":"ListItem","position":3,"name":"Visite priv\u00e9e \u00e0 Milwaukee au d\u00e9part de Chicago"}]},{"@type":"WebSite","@id":"https:\/\/tourtravelandmore.com\/fr\/#website","url":"https:\/\/tourtravelandmore.com\/fr\/","name":"Tour Travel And More","description":"Private sightseeing tours and luxury transfers in Spain","publisher":{"@id":"https:\/\/tourtravelandmore.com\/fr\/#organization"},"potentialAction":[{"@type":"SearchAction","target":{"@type":"EntryPoint","urlTemplate":"https:\/\/tourtravelandmore.com\/fr\/?s={search_term_string}"},"query-input":{"@type":"PropertyValueSpecification","valueRequired":true,"valueName":"search_term_string"}}],"inLanguage":"fr-FR"},{"@type":"Organization","@id":"https:\/\/tourtravelandmore.com\/fr\/#organization","name":"Tour Travel And More","url":"https:\/\/tourtravelandmore.com\/fr\/","logo":{"@type":"ImageObject","inLanguage":"fr-FR","@id":"https:\/\/tourtravelandmore.com\/fr\/#\/schema\/logo\/image\/","url":"https:\/\/tourtravelandmore.com\/wp-content\/uploads\/2022\/12\/cropped-logo-cabecera-new.png","contentUrl":"https:\/\/tourtravelandmore.com\/wp-content\/uploads\/2022\/12\/cropped-logo-cabecera-new.png","width":430,"height":61,"caption":"Tour Travel And More"},"image":{"@id":"https:\/\/tourtravelandmore.com\/fr\/#\/schema\/logo\/image\/"},"sameAs":["https:\/\/www.facebook.com\/tourtravelandmore\/","https:\/\/x.com\/TourTravel_More"]}]}},"_links":{"self":[{"href":"https:\/\/tourtravelandmore.com\/fr\/wp-json\/wp\/v2\/product\/103517","targetHints":{"allow":["GET"]}}],"collection":[{"href":"https:\/\/tourtravelandmore.com\/fr\/wp-json\/wp\/v2\/product"}],"about":[{"href":"https:\/\/tourtravelandmore.com\/fr\/wp-json\/wp\/v2\/types\/product"}],"replies":[{"embeddable":true,"href":"https:\/\/tourtravelandmore.com\/fr\/wp-json\/wp\/v2\/comments?post=103517"}],"wp:featuredmedia":[{"embeddable":true,"href":"https:\/\/tourtravelandmore.com\/fr\/wp-json\/wp\/v2\/media\/98528"}],"wp:attachment":[{"href":"https:\/\/tourtravelandmore.com\/fr\/wp-json\/wp\/v2\/media?parent=103517"}],"wp:term":[{"taxonomy":"product_brand","embeddable":true,"href":"https:\/\/tourtravelandmore.com\/fr\/wp-json\/wp\/v2\/product_brand?post=103517"},{"taxonomy":"product_cat","embeddable":true,"href":"https:\/\/tourtravelandmore.com\/fr\/wp-json\/wp\/v2\/product_cat?post=103517"},{"taxonomy":"product_tag","embeddable":true,"href":"https:\/\/tourtravelandmore.com\/fr\/wp-json\/wp\/v2\/product_tag?post=103517"}],"curies":[{"name":"wp","href":"https:\/\/api.w.org\/{rel}","templated":true}]}}