{"id":103505,"date":"2020-10-29T09:09:57","date_gmt":"2020-10-29T08:09:57","guid":{"rendered":"https:\/\/tourtravelandmore.com\/tours\/non%20class\u00e9\/visite-privee-de-la-ville-de-chicago\/"},"modified":"2021-03-16T09:54:28","modified_gmt":"2021-03-16T08:54:28","slug":"visite-privee-de-la-ville-de-chicago","status":"publish","type":"product","link":"https:\/\/tourtravelandmore.com\/fr\/tours\/etats-unis-fr\/chicago-fr\/visite-privee-de-la-ville-de-chicago\/","title":{"rendered":"Visite priv\u00e9e de la ville de Chicago"},"content":{"rendered":"<h2>Description<\/h2>\n<p>Chicago est l&#8217;une des plus grandes villes des \u00c9tats-Unis, c&#8217;est pourquoi nous vous invitons \u00e0 notre visite priv\u00e9e de la ville de Chicago. Vous disposerez d&#8217;un v\u00e9hicule de luxe priv\u00e9 avec chauffeur qui vous emm\u00e8nera dans tous les endroits que vous souhaitez visiter. Et comme si cela ne suffisait pas, vous aurez un guide officiel priv\u00e9 disponible pour une visite guid\u00e9e de 4 heures. En d&#8217;autres termes, vous passerez un moment incroyable dans une ville incroyable.<\/p>\n<p>Comme vous le savez peut-\u00eatre, il s&#8217;agit d&#8217;une visite priv\u00e9e et personnalis\u00e9e, vous d\u00e9ciderez donc de l&#8217;heure de d\u00e9but de la visite. Il vous suffit de nous contacter et nous nous ferons un plaisir de vous aider.<\/p>\n<p>Chicago est situ\u00e9e au bord du lac Michigan dans l&#8217;Illinois. Cette ville est c\u00e9l\u00e8bre en raison de son architecture unique et de son horizon plein de gratte-ciel comme l&#8217;embl\u00e9matique John Hancock Center. De plus, il n&#8217;est pas n\u00e9cessaire de dire que c&#8217;est l&#8217;une des villes o\u00f9 sont tourn\u00e9es les s\u00e9ries les plus importantes aux \u00c9tats-Unis.<\/p>\n<p>Si vous consid\u00e9rez que vous pr\u00e9f\u00e9rez effectuer cette visite priv\u00e9e \u00e0 pied, nous vous sugg\u00e9rons notre visite priv\u00e9e \u00e0 pied de Chicago, jetez un \u0153il !.<\/p>\n<h2>Sites d&#8217;int\u00e9r\u00eat et monuments<\/h2>\n<p>Tout d&#8217;abord, nous organiserons un point de rendez-vous qui pourrait \u00eatre votre h\u00f4tel ou votre lieu de choix \u00e0 Chicago. Si votre h\u00f4tel est loin du centre, faites-le savoir et nous vous proposerons un prix sp\u00e9cial.<\/p>\n<p>Au cours de cette visite priv\u00e9e de la ville de Chicago, vous pourrez visiter tous les monuments et lieux les plus importants. Votre guide priv\u00e9 vous \u00e9clairera avec des faits int\u00e9ressants sur l&#8217;histoire et la culture de Chicago.<\/p>\n<p>Entre autres monuments et lieux que vous pourrez visiter:<\/p>\n<ul>\n<li>Torre Willis y su Skydeck: le plus haut gratte-ciel de la ville<\/li>\n<li>Parc du Mill\u00e9naire<\/li>\n<li>Fontaine de Buckingham<\/li>\n<li>Jet\u00e9e de la Marine<\/li>\n<li>Chicago Riverwalk<\/li>\n<li>Centre culturel de Chicago<\/li>\n<li>Mus\u00e9e Field<\/li>\n<li>Plage d&#8217;Oak Street<\/li>\n<li>Quatri\u00e8me \u00e9glise presbyt\u00e9rienne<\/li>\n<li>Tour de la Tribune<\/li>\n<li>Magnificent Mile: la rue commer\u00e7ante la plus c\u00e9l\u00e8bre de la ville<\/li>\n<li>Ch\u00e2teau d&#8217;eau: b\u00e2timent public du centre-ville qui a surv\u00e9cu \u00e0 l&#8217;incendie qui a d\u00e9truit la ville en 1871<\/li>\n<li>et bien plus!<\/li>\n<\/ul>\n<p>Il s&#8217;agit d&#8217;un itin\u00e9raire pour un circuit de 4 heures, mais au cas o\u00f9 vous pr\u00e9f\u00e9rez, nous pouvons en faire un circuit de 6 ou m\u00eame 8 heures. Nous pouvons \u00e9galement inclure un billet d&#8217;entr\u00e9e \u00e0 tout monument que vous souhaitez visiter.<\/p>\n<p>Enfin, une fois la visite termin\u00e9e, votre chauffeur priv\u00e9 et votre guide officiel vous ram\u00e8neront \u00e0 votre point de d\u00e9part \u00e0 Chicago.<\/p>\n","protected":false},"excerpt":{"rendered":"<p>Tirez le meilleur parti de votre s\u00e9jour \u00e0 Chicago et visitez tous les lieux et monuments les plus importants avec cette visite priv\u00e9e de la ville de Chicago. Obtenez la chance d&#8217;en apprendre davantage sur l&#8217;histoire et la culture de cette ville incroyable avec un guide professionnel et un chauffeur priv\u00e9.<\/p>\n","protected":false},"featured_media":98524,"comment_status":"open","ping_status":"closed","template":"","meta":{"_acf_changed":false},"product_brand":[],"product_cat":[3547,3770],"product_tag":[],"class_list":{"0":"post-103505","1":"product","2":"type-product","3":"status-publish","4":"has-post-thumbnail","6":"product_cat-etats-unis-fr","7":"product_cat-chicago-fr","9":"first","10":"instock","11":"shipping-taxable","12":"purchasable","13":"product-type-simple"},"acf":[],"yoast_head":"<!-- This site is optimized with the Yoast SEO Premium plugin v25.3.1 (Yoast SEO v25.3.1) - https:\/\/yoast.com\/wordpress\/plugins\/seo\/ -->\n<title>Visite priv\u00e9e de la ville de Chicago avec un guide local et un chauffeur priv\u00e9<\/title>\n<meta name=\"description\" content=\"Profitez de cette visite priv\u00e9e de la ville de Chicago avec un guide officiel et un chauffeur priv\u00e9. Apprenez \u00e0 conna\u00eetre les meilleurs endroits de la ville avec une \u00e9quipe professionnelle !.\" \/>\n<meta name=\"robots\" content=\"index, follow, max-snippet:-1, max-image-preview:large, max-video-preview:-1\" \/>\n<link rel=\"canonical\" href=\"https:\/\/tourtravelandmore.com\/fr\/tours\/etats-unis-fr\/chicago-fr\/visite-privee-de-la-ville-de-chicago\/\" \/>\n<meta property=\"og:locale\" content=\"fr_FR\" \/>\n<meta property=\"og:type\" content=\"article\" \/>\n<meta property=\"og:title\" content=\"Visite priv\u00e9e de la ville de Chicago\" \/>\n<meta property=\"og:description\" content=\"Profitez de cette visite priv\u00e9e de la ville de Chicago avec un guide officiel et un chauffeur priv\u00e9. Apprenez \u00e0 conna\u00eetre les meilleurs endroits de la ville avec une \u00e9quipe professionnelle !.\" \/>\n<meta property=\"og:url\" content=\"https:\/\/tourtravelandmore.com\/fr\/tours\/etats-unis-fr\/chicago-fr\/visite-privee-de-la-ville-de-chicago\/\" \/>\n<meta property=\"og:site_name\" content=\"Tour Travel And More\" \/>\n<meta property=\"article:publisher\" content=\"https:\/\/www.facebook.com\/tourtravelandmore\/\" \/>\n<meta property=\"article:modified_time\" content=\"2021-03-16T08:54:28+00:00\" \/>\n<meta property=\"og:image\" content=\"https:\/\/tourtravelandmore.com\/wp-content\/uploads\/2020\/10\/chicago-2-scaled.jpg\" \/>\n\t<meta property=\"og:image:width\" content=\"2560\" \/>\n\t<meta property=\"og:image:height\" content=\"1634\" \/>\n\t<meta property=\"og:image:type\" content=\"image\/jpeg\" \/>\n<meta name=\"twitter:card\" content=\"summary_large_image\" \/>\n<meta name=\"twitter:site\" content=\"@TourTravel_More\" \/>\n<meta name=\"twitter:label1\" content=\"Dur\u00e9e de lecture estim\u00e9e\" \/>\n\t<meta name=\"twitter:data1\" content=\"2 minutes\" \/>\n<script type=\"application\/ld+json\" class=\"yoast-schema-graph\">{\"@context\":\"https:\/\/schema.org\",\"@graph\":[{\"@type\":\"WebPage\",\"@id\":\"https:\/\/tourtravelandmore.com\/fr\/tours\/etats-unis-fr\/chicago-fr\/visite-privee-de-la-ville-de-chicago\/\",\"url\":\"https:\/\/tourtravelandmore.com\/fr\/tours\/etats-unis-fr\/chicago-fr\/visite-privee-de-la-ville-de-chicago\/\",\"name\":\"Visite priv\u00e9e de la ville de Chicago avec un guide local et un chauffeur priv\u00e9\",\"isPartOf\":{\"@id\":\"https:\/\/tourtravelandmore.com\/fr\/#website\"},\"primaryImageOfPage\":{\"@id\":\"https:\/\/tourtravelandmore.com\/fr\/tours\/etats-unis-fr\/chicago-fr\/visite-privee-de-la-ville-de-chicago\/#primaryimage\"},\"image\":{\"@id\":\"https:\/\/tourtravelandmore.com\/fr\/tours\/etats-unis-fr\/chicago-fr\/visite-privee-de-la-ville-de-chicago\/#primaryimage\"},\"thumbnailUrl\":\"https:\/\/tourtravelandmore.com\/wp-content\/uploads\/2020\/10\/chicago-2-scaled.jpg\",\"datePublished\":\"2020-10-29T08:09:57+00:00\",\"dateModified\":\"2021-03-16T08:54:28+00:00\",\"description\":\"Profitez de cette visite priv\u00e9e de la ville de Chicago avec un guide officiel et un chauffeur priv\u00e9. Apprenez \u00e0 conna\u00eetre les meilleurs endroits de la ville avec une \u00e9quipe professionnelle !.\",\"breadcrumb\":{\"@id\":\"https:\/\/tourtravelandmore.com\/fr\/tours\/etats-unis-fr\/chicago-fr\/visite-privee-de-la-ville-de-chicago\/#breadcrumb\"},\"inLanguage\":\"fr-FR\",\"potentialAction\":[{\"@type\":\"ReadAction\",\"target\":[\"https:\/\/tourtravelandmore.com\/fr\/tours\/etats-unis-fr\/chicago-fr\/visite-privee-de-la-ville-de-chicago\/\"]}]},{\"@type\":\"ImageObject\",\"inLanguage\":\"fr-FR\",\"@id\":\"https:\/\/tourtravelandmore.com\/fr\/tours\/etats-unis-fr\/chicago-fr\/visite-privee-de-la-ville-de-chicago\/#primaryimage\",\"url\":\"https:\/\/tourtravelandmore.com\/wp-content\/uploads\/2020\/10\/chicago-2-scaled.jpg\",\"contentUrl\":\"https:\/\/tourtravelandmore.com\/wp-content\/uploads\/2020\/10\/chicago-2-scaled.jpg\",\"width\":2560,\"height\":1634},{\"@type\":\"BreadcrumbList\",\"@id\":\"https:\/\/tourtravelandmore.com\/fr\/tours\/etats-unis-fr\/chicago-fr\/visite-privee-de-la-ville-de-chicago\/#breadcrumb\",\"itemListElement\":[{\"@type\":\"ListItem\",\"position\":1,\"name\":\"Home\",\"item\":\"https:\/\/tourtravelandmore.com\/fr\/\"},{\"@type\":\"ListItem\",\"position\":2,\"name\":\"Tours\",\"item\":\"https:\/\/tourtravelandmore.com\/fr\/tours\/\"},{\"@type\":\"ListItem\",\"position\":3,\"name\":\"Visite priv\u00e9e de la ville de Chicago\"}]},{\"@type\":\"WebSite\",\"@id\":\"https:\/\/tourtravelandmore.com\/fr\/#website\",\"url\":\"https:\/\/tourtravelandmore.com\/fr\/\",\"name\":\"Tour Travel And More\",\"description\":\"Private sightseeing tours and luxury transfers in Spain\",\"publisher\":{\"@id\":\"https:\/\/tourtravelandmore.com\/fr\/#organization\"},\"potentialAction\":[{\"@type\":\"SearchAction\",\"target\":{\"@type\":\"EntryPoint\",\"urlTemplate\":\"https:\/\/tourtravelandmore.com\/fr\/?s={search_term_string}\"},\"query-input\":{\"@type\":\"PropertyValueSpecification\",\"valueRequired\":true,\"valueName\":\"search_term_string\"}}],\"inLanguage\":\"fr-FR\"},{\"@type\":\"Organization\",\"@id\":\"https:\/\/tourtravelandmore.com\/fr\/#organization\",\"name\":\"Tour Travel And More\",\"url\":\"https:\/\/tourtravelandmore.com\/fr\/\",\"logo\":{\"@type\":\"ImageObject\",\"inLanguage\":\"fr-FR\",\"@id\":\"https:\/\/tourtravelandmore.com\/fr\/#\/schema\/logo\/image\/\",\"url\":\"https:\/\/tourtravelandmore.com\/wp-content\/uploads\/2022\/12\/cropped-logo-cabecera-new.png\",\"contentUrl\":\"https:\/\/tourtravelandmore.com\/wp-content\/uploads\/2022\/12\/cropped-logo-cabecera-new.png\",\"width\":430,\"height\":61,\"caption\":\"Tour Travel And More\"},\"image\":{\"@id\":\"https:\/\/tourtravelandmore.com\/fr\/#\/schema\/logo\/image\/\"},\"sameAs\":[\"https:\/\/www.facebook.com\/tourtravelandmore\/\",\"https:\/\/x.com\/TourTravel_More\"]}]}<\/script>\n<!-- \/ Yoast SEO Premium plugin. -->","yoast_head_json":{"title":"Visite priv\u00e9e de la ville de Chicago avec un guide local et un chauffeur priv\u00e9","description":"Profitez de cette visite priv\u00e9e de la ville de Chicago avec un guide officiel et un chauffeur priv\u00e9. Apprenez \u00e0 conna\u00eetre les meilleurs endroits de la ville avec une \u00e9quipe professionnelle !.","robots":{"index":"index","follow":"follow","max-snippet":"max-snippet:-1","max-image-preview":"max-image-preview:large","max-video-preview":"max-video-preview:-1"},"canonical":"https:\/\/tourtravelandmore.com\/fr\/tours\/etats-unis-fr\/chicago-fr\/visite-privee-de-la-ville-de-chicago\/","og_locale":"fr_FR","og_type":"article","og_title":"Visite priv\u00e9e de la ville de Chicago","og_description":"Profitez de cette visite priv\u00e9e de la ville de Chicago avec un guide officiel et un chauffeur priv\u00e9. Apprenez \u00e0 conna\u00eetre les meilleurs endroits de la ville avec une \u00e9quipe professionnelle !.","og_url":"https:\/\/tourtravelandmore.com\/fr\/tours\/etats-unis-fr\/chicago-fr\/visite-privee-de-la-ville-de-chicago\/","og_site_name":"Tour Travel And More","article_publisher":"https:\/\/www.facebook.com\/tourtravelandmore\/","article_modified_time":"2021-03-16T08:54:28+00:00","og_image":[{"width":2560,"height":1634,"url":"https:\/\/tourtravelandmore.com\/wp-content\/uploads\/2020\/10\/chicago-2-scaled.jpg","type":"image\/jpeg"}],"twitter_card":"summary_large_image","twitter_site":"@TourTravel_More","twitter_misc":{"Dur\u00e9e de lecture estim\u00e9e":"2 minutes"},"schema":{"@context":"https:\/\/schema.org","@graph":[{"@type":"WebPage","@id":"https:\/\/tourtravelandmore.com\/fr\/tours\/etats-unis-fr\/chicago-fr\/visite-privee-de-la-ville-de-chicago\/","url":"https:\/\/tourtravelandmore.com\/fr\/tours\/etats-unis-fr\/chicago-fr\/visite-privee-de-la-ville-de-chicago\/","name":"Visite priv\u00e9e de la ville de Chicago avec un guide local et un chauffeur priv\u00e9","isPartOf":{"@id":"https:\/\/tourtravelandmore.com\/fr\/#website"},"primaryImageOfPage":{"@id":"https:\/\/tourtravelandmore.com\/fr\/tours\/etats-unis-fr\/chicago-fr\/visite-privee-de-la-ville-de-chicago\/#primaryimage"},"image":{"@id":"https:\/\/tourtravelandmore.com\/fr\/tours\/etats-unis-fr\/chicago-fr\/visite-privee-de-la-ville-de-chicago\/#primaryimage"},"thumbnailUrl":"https:\/\/tourtravelandmore.com\/wp-content\/uploads\/2020\/10\/chicago-2-scaled.jpg","datePublished":"2020-10-29T08:09:57+00:00","dateModified":"2021-03-16T08:54:28+00:00","description":"Profitez de cette visite priv\u00e9e de la ville de Chicago avec un guide officiel et un chauffeur priv\u00e9. Apprenez \u00e0 conna\u00eetre les meilleurs endroits de la ville avec une \u00e9quipe professionnelle !.","breadcrumb":{"@id":"https:\/\/tourtravelandmore.com\/fr\/tours\/etats-unis-fr\/chicago-fr\/visite-privee-de-la-ville-de-chicago\/#breadcrumb"},"inLanguage":"fr-FR","potentialAction":[{"@type":"ReadAction","target":["https:\/\/tourtravelandmore.com\/fr\/tours\/etats-unis-fr\/chicago-fr\/visite-privee-de-la-ville-de-chicago\/"]}]},{"@type":"ImageObject","inLanguage":"fr-FR","@id":"https:\/\/tourtravelandmore.com\/fr\/tours\/etats-unis-fr\/chicago-fr\/visite-privee-de-la-ville-de-chicago\/#primaryimage","url":"https:\/\/tourtravelandmore.com\/wp-content\/uploads\/2020\/10\/chicago-2-scaled.jpg","contentUrl":"https:\/\/tourtravelandmore.com\/wp-content\/uploads\/2020\/10\/chicago-2-scaled.jpg","width":2560,"height":1634},{"@type":"BreadcrumbList","@id":"https:\/\/tourtravelandmore.com\/fr\/tours\/etats-unis-fr\/chicago-fr\/visite-privee-de-la-ville-de-chicago\/#breadcrumb","itemListElement":[{"@type":"ListItem","position":1,"name":"Home","item":"https:\/\/tourtravelandmore.com\/fr\/"},{"@type":"ListItem","position":2,"name":"Tours","item":"https:\/\/tourtravelandmore.com\/fr\/tours\/"},{"@type":"ListItem","position":3,"name":"Visite priv\u00e9e de la ville de Chicago"}]},{"@type":"WebSite","@id":"https:\/\/tourtravelandmore.com\/fr\/#website","url":"https:\/\/tourtravelandmore.com\/fr\/","name":"Tour Travel And More","description":"Private sightseeing tours and luxury transfers in Spain","publisher":{"@id":"https:\/\/tourtravelandmore.com\/fr\/#organization"},"potentialAction":[{"@type":"SearchAction","target":{"@type":"EntryPoint","urlTemplate":"https:\/\/tourtravelandmore.com\/fr\/?s={search_term_string}"},"query-input":{"@type":"PropertyValueSpecification","valueRequired":true,"valueName":"search_term_string"}}],"inLanguage":"fr-FR"},{"@type":"Organization","@id":"https:\/\/tourtravelandmore.com\/fr\/#organization","name":"Tour Travel And More","url":"https:\/\/tourtravelandmore.com\/fr\/","logo":{"@type":"ImageObject","inLanguage":"fr-FR","@id":"https:\/\/tourtravelandmore.com\/fr\/#\/schema\/logo\/image\/","url":"https:\/\/tourtravelandmore.com\/wp-content\/uploads\/2022\/12\/cropped-logo-cabecera-new.png","contentUrl":"https:\/\/tourtravelandmore.com\/wp-content\/uploads\/2022\/12\/cropped-logo-cabecera-new.png","width":430,"height":61,"caption":"Tour Travel And More"},"image":{"@id":"https:\/\/tourtravelandmore.com\/fr\/#\/schema\/logo\/image\/"},"sameAs":["https:\/\/www.facebook.com\/tourtravelandmore\/","https:\/\/x.com\/TourTravel_More"]}]}},"_links":{"self":[{"href":"https:\/\/tourtravelandmore.com\/fr\/wp-json\/wp\/v2\/product\/103505","targetHints":{"allow":["GET"]}}],"collection":[{"href":"https:\/\/tourtravelandmore.com\/fr\/wp-json\/wp\/v2\/product"}],"about":[{"href":"https:\/\/tourtravelandmore.com\/fr\/wp-json\/wp\/v2\/types\/product"}],"replies":[{"embeddable":true,"href":"https:\/\/tourtravelandmore.com\/fr\/wp-json\/wp\/v2\/comments?post=103505"}],"wp:featuredmedia":[{"embeddable":true,"href":"https:\/\/tourtravelandmore.com\/fr\/wp-json\/wp\/v2\/media\/98524"}],"wp:attachment":[{"href":"https:\/\/tourtravelandmore.com\/fr\/wp-json\/wp\/v2\/media?parent=103505"}],"wp:term":[{"taxonomy":"product_brand","embeddable":true,"href":"https:\/\/tourtravelandmore.com\/fr\/wp-json\/wp\/v2\/product_brand?post=103505"},{"taxonomy":"product_cat","embeddable":true,"href":"https:\/\/tourtravelandmore.com\/fr\/wp-json\/wp\/v2\/product_cat?post=103505"},{"taxonomy":"product_tag","embeddable":true,"href":"https:\/\/tourtravelandmore.com\/fr\/wp-json\/wp\/v2\/product_tag?post=103505"}],"curies":[{"name":"wp","href":"https:\/\/api.w.org\/{rel}","templated":true}]}}