{"id":103499,"date":"2020-10-28T15:11:02","date_gmt":"2020-10-28T14:11:02","guid":{"rendered":"https:\/\/tourtravelandmore.com\/tours\/non%20class\u00e9\/visite-privee-a-pied-de-chicago\/"},"modified":"2021-03-16T09:53:16","modified_gmt":"2021-03-16T08:53:16","slug":"visite-privee-a-pied-de-chicago","status":"publish","type":"product","link":"https:\/\/tourtravelandmore.com\/fr\/tours\/etats-unis-fr\/chicago-fr\/visite-privee-a-pied-de-chicago\/","title":{"rendered":"Visite priv\u00e9e \u00e0 pied de Chicago"},"content":{"rendered":"<h2>Description<\/h2>\n<p>Si c&#8217;est votre premi\u00e8re fois \u00e0 Chicago, croyez-nous, la meilleure fa\u00e7on de visiter cette ville incroyable est \u00e0 pied. Venez avec nous dans cette visite priv\u00e9e \u00e0 pied de Chicago avec un guide officiel priv\u00e9.<\/p>\n<p>Comme vous le savez d\u00e9j\u00e0, la prise en charge se fera \u00e0 votre h\u00f4tel ou au point de rendez-vous central de Chicago. Si votre h\u00f4tel est en dehors du centre ou si vous avez besoin d&#8217;une prise en charge \u00e0 l&#8217;a\u00e9roport, ne vous inqui\u00e9tez pas, faites-le nous savoir et nous organiserons tout pour vous.<\/p>\n<p>Chicago est situ\u00e9e au bord du lac Michigan dans l&#8217;Illinois. Elle est consid\u00e9r\u00e9e comme l&#8217;une des plus grandes villes des \u00c9tats-Unis. Cette ville est \u00e9galement c\u00e9l\u00e8bre en raison de son architecture unique et de son horizon plein de gratte-ciel comme l&#8217;embl\u00e9matique John Hancock Center. De plus, il n&#8217;est pas n\u00e9cessaire de dire que c&#8217;est l&#8217;une des villes o\u00f9 sont tourn\u00e9es les s\u00e9ries les plus importantes aux \u00c9tats-Unis.<\/p>\n<p>Au cours de cette visite priv\u00e9e \u00e0 pied de Chicago, vous pourrez visiter les monuments les plus importants. Comme cette ville est une tr\u00e8s grande ville, la visite \u00e0 pied se concentrera dans le centre de Chicago. Si vous pr\u00e9f\u00e9rez, nous pouvons inclure plus d&#8217;heures \u00e0 votre exp\u00e9rience ou m\u00eame en faire une excursion d&#8217;une journ\u00e9e compl\u00e8te. Il vous suffit de nous contacter et nous organiserons tout pour vous.<\/p>\n<h2>Sites d&#8217;int\u00e9r\u00eat et points de rep\u00e8re<\/h2>\n<p>Tout d&#8217;abord, nous organiserons une prise en charge priv\u00e9e avec un point de rendez-vous central. Notre guide expert vous attendra pour vous c\u00f4toyer dans cette ville incroyable. Comme il s&#8217;agit d&#8217;une visite personnalis\u00e9e, vous d\u00e9terminerez l&#8217;heure de d\u00e9part.<\/p>\n<p>Votre guide officiel vous fera visiter les lieux les plus embl\u00e9matiques de Chicago, tels que:<\/p>\n<ul>\n<li>Torre Willis y su Skydeck: le plus haut gratte-ciel de la ville<\/li>\n<li>Parc du Mill\u00e9naire<\/li>\n<li>Fontaine de Buckingham<\/li>\n<li>Jet\u00e9e de la Marine<\/li>\n<li>Chicago Riverwalk<\/li>\n<li>Tour de la Tribune<\/li>\n<li>Magnificent Mile: la rue commer\u00e7ante la plus c\u00e9l\u00e8bre de la ville<\/li>\n<li>Ch\u00e2teau d&#8217;eau: b\u00e2timent public du centre-ville qui a surv\u00e9cu \u00e0 l&#8217;incendie qui a d\u00e9truit la ville en 1871<\/li>\n<li>et bien plus encore lors de cette visite priv\u00e9e \u00e0 pied de Chicago!<\/li>\n<\/ul>\n<p>Pour rendre votre exp\u00e9rience encore plus compl\u00e8te, nous pouvons inclure des billets d&#8217;entr\u00e9e \u00e0 tout monument ou mus\u00e9e que vous souhaitez visiter.<\/p>\n<p>Enfin, \u00e0 la fin de la visite, votre guide officiel priv\u00e9 vous d\u00e9posera dans un lieu central de Chicago.<\/p>\n<p>N&#8217;oubliez pas de consulter notre liste de produits priv\u00e9s \u00e0 Chicago !. Nous op\u00e9rons \u00e9galement dans toutes les villes des USA et d&#8217;Europe !.<\/p>\n","protected":false},"excerpt":{"rendered":"<p>Courez la chance de visiter l&#8217;une des villes les plus incroyables des \u00c9tats-Unis: Chicago. Promenez-vous dans ses rues aux c\u00f4t\u00e9s d&#8217;un guide officiel priv\u00e9. Visitez les monuments et sites les plus importants et embl\u00e9matiques avec cette visite priv\u00e9e \u00e0 pied.<\/p>\n","protected":false},"featured_media":98522,"comment_status":"open","ping_status":"closed","template":"","meta":{"_acf_changed":false},"product_brand":[],"product_cat":[3547,3770],"product_tag":[],"class_list":{"0":"post-103499","1":"product","2":"type-product","3":"status-publish","4":"has-post-thumbnail","6":"product_cat-etats-unis-fr","7":"product_cat-chicago-fr","9":"first","10":"instock","11":"shipping-taxable","12":"purchasable","13":"product-type-simple"},"acf":[],"yoast_head":"<!-- This site is optimized with the Yoast SEO Premium plugin v25.3.1 (Yoast SEO v25.3.1) - https:\/\/yoast.com\/wordpress\/plugins\/seo\/ -->\n<title>Visite priv\u00e9e \u00e0 pied de Chicago avec un guide professionnel local<\/title>\n<meta name=\"description\" content=\"Avec cette visite priv\u00e9e \u00e0 pied de Chicago, vous pourrez visiter tous les lieux et monuments embl\u00e9matiques de cette ville incroyable avec un expert local.\" \/>\n<meta name=\"robots\" content=\"index, follow, max-snippet:-1, max-image-preview:large, max-video-preview:-1\" \/>\n<link rel=\"canonical\" href=\"https:\/\/tourtravelandmore.com\/fr\/tours\/etats-unis-fr\/chicago-fr\/visite-privee-a-pied-de-chicago\/\" \/>\n<meta property=\"og:locale\" content=\"fr_FR\" \/>\n<meta property=\"og:type\" content=\"article\" \/>\n<meta property=\"og:title\" content=\"Visite priv\u00e9e \u00e0 pied de Chicago\" \/>\n<meta property=\"og:description\" content=\"Avec cette visite priv\u00e9e \u00e0 pied de Chicago, vous pourrez visiter tous les lieux et monuments embl\u00e9matiques de cette ville incroyable avec un expert local.\" \/>\n<meta property=\"og:url\" content=\"https:\/\/tourtravelandmore.com\/fr\/tours\/etats-unis-fr\/chicago-fr\/visite-privee-a-pied-de-chicago\/\" \/>\n<meta property=\"og:site_name\" content=\"Tour Travel And More\" \/>\n<meta property=\"article:publisher\" content=\"https:\/\/www.facebook.com\/tourtravelandmore\/\" \/>\n<meta property=\"article:modified_time\" content=\"2021-03-16T08:53:16+00:00\" \/>\n<meta property=\"og:image\" content=\"https:\/\/tourtravelandmore.com\/wp-content\/uploads\/2020\/10\/chicago-4.jpg\" \/>\n\t<meta property=\"og:image:width\" content=\"1280\" \/>\n\t<meta property=\"og:image:height\" content=\"853\" \/>\n\t<meta property=\"og:image:type\" content=\"image\/jpeg\" \/>\n<meta name=\"twitter:card\" content=\"summary_large_image\" \/>\n<meta name=\"twitter:site\" content=\"@TourTravel_More\" \/>\n<meta name=\"twitter:label1\" content=\"Dur\u00e9e de lecture estim\u00e9e\" \/>\n\t<meta name=\"twitter:data1\" content=\"2 minutes\" \/>\n<script type=\"application\/ld+json\" class=\"yoast-schema-graph\">{\"@context\":\"https:\/\/schema.org\",\"@graph\":[{\"@type\":\"WebPage\",\"@id\":\"https:\/\/tourtravelandmore.com\/fr\/tours\/etats-unis-fr\/chicago-fr\/visite-privee-a-pied-de-chicago\/\",\"url\":\"https:\/\/tourtravelandmore.com\/fr\/tours\/etats-unis-fr\/chicago-fr\/visite-privee-a-pied-de-chicago\/\",\"name\":\"Visite priv\u00e9e \u00e0 pied de Chicago avec un guide professionnel local\",\"isPartOf\":{\"@id\":\"https:\/\/tourtravelandmore.com\/fr\/#website\"},\"primaryImageOfPage\":{\"@id\":\"https:\/\/tourtravelandmore.com\/fr\/tours\/etats-unis-fr\/chicago-fr\/visite-privee-a-pied-de-chicago\/#primaryimage\"},\"image\":{\"@id\":\"https:\/\/tourtravelandmore.com\/fr\/tours\/etats-unis-fr\/chicago-fr\/visite-privee-a-pied-de-chicago\/#primaryimage\"},\"thumbnailUrl\":\"https:\/\/tourtravelandmore.com\/wp-content\/uploads\/2020\/10\/chicago-4.jpg\",\"datePublished\":\"2020-10-28T14:11:02+00:00\",\"dateModified\":\"2021-03-16T08:53:16+00:00\",\"description\":\"Avec cette visite priv\u00e9e \u00e0 pied de Chicago, vous pourrez visiter tous les lieux et monuments embl\u00e9matiques de cette ville incroyable avec un expert local.\",\"breadcrumb\":{\"@id\":\"https:\/\/tourtravelandmore.com\/fr\/tours\/etats-unis-fr\/chicago-fr\/visite-privee-a-pied-de-chicago\/#breadcrumb\"},\"inLanguage\":\"fr-FR\",\"potentialAction\":[{\"@type\":\"ReadAction\",\"target\":[\"https:\/\/tourtravelandmore.com\/fr\/tours\/etats-unis-fr\/chicago-fr\/visite-privee-a-pied-de-chicago\/\"]}]},{\"@type\":\"ImageObject\",\"inLanguage\":\"fr-FR\",\"@id\":\"https:\/\/tourtravelandmore.com\/fr\/tours\/etats-unis-fr\/chicago-fr\/visite-privee-a-pied-de-chicago\/#primaryimage\",\"url\":\"https:\/\/tourtravelandmore.com\/wp-content\/uploads\/2020\/10\/chicago-4.jpg\",\"contentUrl\":\"https:\/\/tourtravelandmore.com\/wp-content\/uploads\/2020\/10\/chicago-4.jpg\",\"width\":1280,\"height\":853},{\"@type\":\"BreadcrumbList\",\"@id\":\"https:\/\/tourtravelandmore.com\/fr\/tours\/etats-unis-fr\/chicago-fr\/visite-privee-a-pied-de-chicago\/#breadcrumb\",\"itemListElement\":[{\"@type\":\"ListItem\",\"position\":1,\"name\":\"Home\",\"item\":\"https:\/\/tourtravelandmore.com\/fr\/\"},{\"@type\":\"ListItem\",\"position\":2,\"name\":\"Tours\",\"item\":\"https:\/\/tourtravelandmore.com\/fr\/tours\/\"},{\"@type\":\"ListItem\",\"position\":3,\"name\":\"Visite priv\u00e9e \u00e0 pied de Chicago\"}]},{\"@type\":\"WebSite\",\"@id\":\"https:\/\/tourtravelandmore.com\/fr\/#website\",\"url\":\"https:\/\/tourtravelandmore.com\/fr\/\",\"name\":\"Tour Travel And More\",\"description\":\"Private sightseeing tours and luxury transfers in Spain\",\"publisher\":{\"@id\":\"https:\/\/tourtravelandmore.com\/fr\/#organization\"},\"potentialAction\":[{\"@type\":\"SearchAction\",\"target\":{\"@type\":\"EntryPoint\",\"urlTemplate\":\"https:\/\/tourtravelandmore.com\/fr\/?s={search_term_string}\"},\"query-input\":{\"@type\":\"PropertyValueSpecification\",\"valueRequired\":true,\"valueName\":\"search_term_string\"}}],\"inLanguage\":\"fr-FR\"},{\"@type\":\"Organization\",\"@id\":\"https:\/\/tourtravelandmore.com\/fr\/#organization\",\"name\":\"Tour Travel And More\",\"url\":\"https:\/\/tourtravelandmore.com\/fr\/\",\"logo\":{\"@type\":\"ImageObject\",\"inLanguage\":\"fr-FR\",\"@id\":\"https:\/\/tourtravelandmore.com\/fr\/#\/schema\/logo\/image\/\",\"url\":\"https:\/\/tourtravelandmore.com\/wp-content\/uploads\/2022\/12\/cropped-logo-cabecera-new.png\",\"contentUrl\":\"https:\/\/tourtravelandmore.com\/wp-content\/uploads\/2022\/12\/cropped-logo-cabecera-new.png\",\"width\":430,\"height\":61,\"caption\":\"Tour Travel And More\"},\"image\":{\"@id\":\"https:\/\/tourtravelandmore.com\/fr\/#\/schema\/logo\/image\/\"},\"sameAs\":[\"https:\/\/www.facebook.com\/tourtravelandmore\/\",\"https:\/\/x.com\/TourTravel_More\"]}]}<\/script>\n<!-- \/ Yoast SEO Premium plugin. -->","yoast_head_json":{"title":"Visite priv\u00e9e \u00e0 pied de Chicago avec un guide professionnel local","description":"Avec cette visite priv\u00e9e \u00e0 pied de Chicago, vous pourrez visiter tous les lieux et monuments embl\u00e9matiques de cette ville incroyable avec un expert local.","robots":{"index":"index","follow":"follow","max-snippet":"max-snippet:-1","max-image-preview":"max-image-preview:large","max-video-preview":"max-video-preview:-1"},"canonical":"https:\/\/tourtravelandmore.com\/fr\/tours\/etats-unis-fr\/chicago-fr\/visite-privee-a-pied-de-chicago\/","og_locale":"fr_FR","og_type":"article","og_title":"Visite priv\u00e9e \u00e0 pied de Chicago","og_description":"Avec cette visite priv\u00e9e \u00e0 pied de Chicago, vous pourrez visiter tous les lieux et monuments embl\u00e9matiques de cette ville incroyable avec un expert local.","og_url":"https:\/\/tourtravelandmore.com\/fr\/tours\/etats-unis-fr\/chicago-fr\/visite-privee-a-pied-de-chicago\/","og_site_name":"Tour Travel And More","article_publisher":"https:\/\/www.facebook.com\/tourtravelandmore\/","article_modified_time":"2021-03-16T08:53:16+00:00","og_image":[{"width":1280,"height":853,"url":"https:\/\/tourtravelandmore.com\/wp-content\/uploads\/2020\/10\/chicago-4.jpg","type":"image\/jpeg"}],"twitter_card":"summary_large_image","twitter_site":"@TourTravel_More","twitter_misc":{"Dur\u00e9e de lecture estim\u00e9e":"2 minutes"},"schema":{"@context":"https:\/\/schema.org","@graph":[{"@type":"WebPage","@id":"https:\/\/tourtravelandmore.com\/fr\/tours\/etats-unis-fr\/chicago-fr\/visite-privee-a-pied-de-chicago\/","url":"https:\/\/tourtravelandmore.com\/fr\/tours\/etats-unis-fr\/chicago-fr\/visite-privee-a-pied-de-chicago\/","name":"Visite priv\u00e9e \u00e0 pied de Chicago avec un guide professionnel local","isPartOf":{"@id":"https:\/\/tourtravelandmore.com\/fr\/#website"},"primaryImageOfPage":{"@id":"https:\/\/tourtravelandmore.com\/fr\/tours\/etats-unis-fr\/chicago-fr\/visite-privee-a-pied-de-chicago\/#primaryimage"},"image":{"@id":"https:\/\/tourtravelandmore.com\/fr\/tours\/etats-unis-fr\/chicago-fr\/visite-privee-a-pied-de-chicago\/#primaryimage"},"thumbnailUrl":"https:\/\/tourtravelandmore.com\/wp-content\/uploads\/2020\/10\/chicago-4.jpg","datePublished":"2020-10-28T14:11:02+00:00","dateModified":"2021-03-16T08:53:16+00:00","description":"Avec cette visite priv\u00e9e \u00e0 pied de Chicago, vous pourrez visiter tous les lieux et monuments embl\u00e9matiques de cette ville incroyable avec un expert local.","breadcrumb":{"@id":"https:\/\/tourtravelandmore.com\/fr\/tours\/etats-unis-fr\/chicago-fr\/visite-privee-a-pied-de-chicago\/#breadcrumb"},"inLanguage":"fr-FR","potentialAction":[{"@type":"ReadAction","target":["https:\/\/tourtravelandmore.com\/fr\/tours\/etats-unis-fr\/chicago-fr\/visite-privee-a-pied-de-chicago\/"]}]},{"@type":"ImageObject","inLanguage":"fr-FR","@id":"https:\/\/tourtravelandmore.com\/fr\/tours\/etats-unis-fr\/chicago-fr\/visite-privee-a-pied-de-chicago\/#primaryimage","url":"https:\/\/tourtravelandmore.com\/wp-content\/uploads\/2020\/10\/chicago-4.jpg","contentUrl":"https:\/\/tourtravelandmore.com\/wp-content\/uploads\/2020\/10\/chicago-4.jpg","width":1280,"height":853},{"@type":"BreadcrumbList","@id":"https:\/\/tourtravelandmore.com\/fr\/tours\/etats-unis-fr\/chicago-fr\/visite-privee-a-pied-de-chicago\/#breadcrumb","itemListElement":[{"@type":"ListItem","position":1,"name":"Home","item":"https:\/\/tourtravelandmore.com\/fr\/"},{"@type":"ListItem","position":2,"name":"Tours","item":"https:\/\/tourtravelandmore.com\/fr\/tours\/"},{"@type":"ListItem","position":3,"name":"Visite priv\u00e9e \u00e0 pied de Chicago"}]},{"@type":"WebSite","@id":"https:\/\/tourtravelandmore.com\/fr\/#website","url":"https:\/\/tourtravelandmore.com\/fr\/","name":"Tour Travel And More","description":"Private sightseeing tours and luxury transfers in Spain","publisher":{"@id":"https:\/\/tourtravelandmore.com\/fr\/#organization"},"potentialAction":[{"@type":"SearchAction","target":{"@type":"EntryPoint","urlTemplate":"https:\/\/tourtravelandmore.com\/fr\/?s={search_term_string}"},"query-input":{"@type":"PropertyValueSpecification","valueRequired":true,"valueName":"search_term_string"}}],"inLanguage":"fr-FR"},{"@type":"Organization","@id":"https:\/\/tourtravelandmore.com\/fr\/#organization","name":"Tour Travel And More","url":"https:\/\/tourtravelandmore.com\/fr\/","logo":{"@type":"ImageObject","inLanguage":"fr-FR","@id":"https:\/\/tourtravelandmore.com\/fr\/#\/schema\/logo\/image\/","url":"https:\/\/tourtravelandmore.com\/wp-content\/uploads\/2022\/12\/cropped-logo-cabecera-new.png","contentUrl":"https:\/\/tourtravelandmore.com\/wp-content\/uploads\/2022\/12\/cropped-logo-cabecera-new.png","width":430,"height":61,"caption":"Tour Travel And More"},"image":{"@id":"https:\/\/tourtravelandmore.com\/fr\/#\/schema\/logo\/image\/"},"sameAs":["https:\/\/www.facebook.com\/tourtravelandmore\/","https:\/\/x.com\/TourTravel_More"]}]}},"_links":{"self":[{"href":"https:\/\/tourtravelandmore.com\/fr\/wp-json\/wp\/v2\/product\/103499","targetHints":{"allow":["GET"]}}],"collection":[{"href":"https:\/\/tourtravelandmore.com\/fr\/wp-json\/wp\/v2\/product"}],"about":[{"href":"https:\/\/tourtravelandmore.com\/fr\/wp-json\/wp\/v2\/types\/product"}],"replies":[{"embeddable":true,"href":"https:\/\/tourtravelandmore.com\/fr\/wp-json\/wp\/v2\/comments?post=103499"}],"wp:featuredmedia":[{"embeddable":true,"href":"https:\/\/tourtravelandmore.com\/fr\/wp-json\/wp\/v2\/media\/98522"}],"wp:attachment":[{"href":"https:\/\/tourtravelandmore.com\/fr\/wp-json\/wp\/v2\/media?parent=103499"}],"wp:term":[{"taxonomy":"product_brand","embeddable":true,"href":"https:\/\/tourtravelandmore.com\/fr\/wp-json\/wp\/v2\/product_brand?post=103499"},{"taxonomy":"product_cat","embeddable":true,"href":"https:\/\/tourtravelandmore.com\/fr\/wp-json\/wp\/v2\/product_cat?post=103499"},{"taxonomy":"product_tag","embeddable":true,"href":"https:\/\/tourtravelandmore.com\/fr\/wp-json\/wp\/v2\/product_tag?post=103499"}],"curies":[{"name":"wp","href":"https:\/\/api.w.org\/{rel}","templated":true}]}}