{"id":103481,"date":"2020-12-03T11:07:39","date_gmt":"2020-12-03T10:07:39","guid":{"rendered":"https:\/\/tourtravelandmore.com\/tours\/non%20class\u00e9\/visite-privee-de-toronto-au-depart-des-chutes-du-niagara\/"},"modified":"2024-08-30T16:55:02","modified_gmt":"2024-08-30T14:55:02","slug":"visite-privee-de-toronto-au-depart-des-chutes-du-niagara","status":"publish","type":"product","link":"https:\/\/tourtravelandmore.com\/fr\/tours\/canada-fr\/niagara-falls-canada-fr\/all-private-tours-and-activities-fr-6\/visite-privee-de-toronto-au-depart-des-chutes-du-niagara\/","title":{"rendered":"Visite priv\u00e9e de Toronto au d\u00e9part des chutes du Niagara"},"content":{"rendered":"<h2>Description<\/h2>\n<p>Faites notre visite priv\u00e9e de Toronto au d\u00e9part des chutes du Niagara et d\u00e9couvrez l&#8217;incroyable ville de Toronto. C&#8217;est une merveilleuse fa\u00e7on de d\u00e9couvrir la ville! C&#8217;est une merveilleuse fa\u00e7on d&#8217;apprendre l&#8217;int\u00e9rieur et les secrets de Toronto. Notre v\u00e9hicule priv\u00e9 et notre guide seront l\u00e0 \u00e0 votre disposition.<\/p>\n<p>Tout d&#8217;abord, nous viendrons vous chercher \u00e0 votre h\u00f4tel ou lieu de votre choix \u00e0 Niagara Falls.<\/p>\n<p>Notre visite priv\u00e9e de Toronto commencera une fois que nous arriverons \u00e0 Toronto. Profitez des meilleurs quartiers de la ville de Toronto. Toronto est une ville incroyable. Le Canada est une ville multiculturelle incroyable et bien s\u00fbr Toronto n&#8217;est pas diff\u00e9rente!<\/p>\n<p>Profitez de notre chauffeur et d&#8217;un guide s\u00e9par\u00e9 qui vous accompagnera pendant toute la journ\u00e9e.<\/p>\n<h2>Sites d&#8217;int\u00e9r\u00eat et monuments<\/h2>\n<p>Cette visite priv\u00e9e de Toronto au d\u00e9part des chutes du Niagara d\u00e9butera \u00e0 votre h\u00f4tel \u00e0 Niagara Falls. C&#8217;est formidable de conna\u00eetre la ville de Toronto. Nous apprendrons ensuite \u00e0 conna\u00eetre le meilleur de la ville de Toronto et nous commencerons cette tourn\u00e9e.<\/p>\n<p>Notre chauffeur priv\u00e9 et notre guide seront l\u00e0 pour vous emmener dans les lieux et sites les plus embl\u00e9matiques de Toronto.<\/p>\n<p>D\u00e9couvrez ce \u00e0 quoi vous pouvez vous attendre lors de cette visite de la ville de Toronto:<\/p>\n<ul>\n<li>Mus\u00e9e royal de l&#8217;Ontario. Revenez dans l&#8217;histoire!<\/li>\n<li>March\u00e9 de Kensington<\/li>\n<li>Tour CN. Prenons un moment pour profiter d&#8217;une vue sur Toronto d&#8217;en haut. Si vous osez, arr\u00eatez-vous \u00e0 la promenade<\/li>\n<li>Edge! Ne vous inqui\u00e9tez pas, vous serez bien fatigu\u00e9 avec un harnais!<\/li>\n<li>Distillerie<\/li>\n<li>High Park<\/li>\n<li>Casa Loma. Ceci est un incroyable ch\u00e2teau n\u00e9o-gothique<\/li>\n<li>Temple de la renomm\u00e9e du hockey<\/li>\n<li>Centre Rogers<\/li>\n<li>Beaucoup plus!<\/li>\n<\/ul>\n<p>Apr\u00e8s avoir visit\u00e9 les meilleurs sites de Toronto, nous vous ram\u00e8nerons vers votre h\u00f4tel \u00e0 Niagara Falls.<\/p>\n<p>Nos experts en voyages sont toujours \u00e0 votre disposition pour une exp\u00e9rience inoubliable. Jetez un \u0153il \u00e0 de nombreuses autres visites priv\u00e9es que nous proposons \u00e0 Toronto.<\/p>\n<p><button style=\"width: auto; height: auto; background-image: url('data:image\/png;base64,iVBORw0KGgoAAAANSUhEUgAAADAAAAAwCAYAAABXAvmHAAABS2lUWHRYTUw6Y29tLmFkb2JlLnhtcAAAAAAAPD94cGFja2V0IGJlZ2luPSLvu78iIGlkPSJXNU0wTXBDZWhpSHpyZVN6TlRjemtjOWQiPz4KPHg6eG1wbWV0YSB4bWxuczp4PSJhZG9iZTpuczptZXRhLyIgeDp4bXB0az0iQWRvYmUgWE1QIENvcmUgNS42LWMxMzggNzkuMTU5ODI0LCAyMDE2LzA5LzE0LTAxOjA5OjAxICAgICAgICAiPgogPHJkZjpSREYgeG1sbnM6cmRmPSJodHRwOi8vd3d3LnczLm9yZy8xOTk5LzAyLzIyLXJkZi1zeW50YXgtbnMjIj4KICA8cmRmOkRlc2NyaXB0aW9uIHJkZjphYm91dD0iIi8+CiA8L3JkZjpSREY+CjwveDp4bXBtZXRhPgo8P3hwYWNrZXQgZW5kPSJyIj8+IEmuOgAAAx5JREFUaIHtmj1L81wYx39JI75AbYtgBTFTRdQGXV2cxMlPICjiakHE0cVJB5FO4uLgN1AnZ\/0EgoLQtd6tL6hJIwia9DzDg6Wxpcb7hMTe+INCz+t1\/TnJuU7OOYoQ4g8Qpz2xFSGEiNoLGVTAjtoJCWw1ag9k0eoTQgg2NzcplUp0dHRE5VNTHMdB0zTy+TydnZ21fI8Ay7K4vr4ml8uRSqVCd7IVQgjW19cpFAoYhlHLbxiBTCbD9PR06A76YXx8HNd1PXmed0BRFBzHwTTNUB3zy\/v7O7FYzJPX9i\/xr4Co0b6u0prj42Pu7u5a1unp6UHXdSYmJkgmk7ImPUgLWFlZoVQq+aqbSCSYn59ne3ubRCIhaxoI4BHSdd13Xcuy2N\/fxzCML0fNL9IjoChK7f\/p6Smjo6MNdWzb5vz8nI2NDUzTpFgsMjMzw+Xlpax5eQH1TE5OMjAw0LQsm80yNzdHNpvFtm2urq44PDxkaWlJymags9D9\/X3Lcl3X2dnZqaX39vakbYY+jS4uLtLV1QXAxcUFlUpFqr\/QBXR3d9Pf3w\/8v8J8fn6W6i90Aa7r8vT0BEAsFpOeTkMXcHJywsvLCwAjIyPSgS1QAb29vS3LHx4eyOVytfTy8rK0zUAFPD4+8vb25vm9vr5SLBY5ODjAMAzK5TIAQ0NDrK6uStsMNA7Mzs42rNfrn\/kP0uk0Z2dnaJq8+UAFfHb0M6qqsrCwwO7uLn19fYHYDFTA2tpa00isaRqDg4NMTU19a+3kh0AFbG1t1YJUWAT6EhcKhSC780Xbf5H9CoiaXwFRIy2gPng5jiPb3beRjgPDw8NYlgUQegyAAAQcHR3xccgTxNrmu0hbjMJpj32ZxkIITNOkWq16tlf8tlVVlWQy+e229UgLKJfLuK77VwI+PikjE6CqKmNjYzJdSPPvxQFVVT2HaD8JVVX5fKzdcEZWLpe5vb39cYd8ADc3Nw1nZB4B8XicdDpNPp+PJCi1wnEcUqkUmUzGk68IISp8uitRqVSoVqth+ueLJntIdtNZ6Kv9nZ9E21\/20IASbXzd5j\/MIQu2KoJrJwAAAABJRU5ErkJggg=='); background-size: 14px 14px; background-color: #000000; position: absolute; opacity: 1; z-index: 86753099; display: none; cursor: pointer; border: none; border-top-left-radius: 3px; border-top-right-radius: 3px; border-bottom-right-radius: 3px; border-bottom-left-radius: 3px; text-indent: 20px; padding: 0px 4px 0px 0px; text-align: center; font-style: normal; font-variant-caps: normal; font-weight: bold; font-stretch: normal; font-size: 11px; line-height: 20px; font-family: 'Helvetica Neue', Helvetica, sans-serif; color: #ffffff; text-transform: capitalize; -webkit-font-smoothing: antialiased; top: 1397px; left: 563px; background-position: 3px 50%; background-repeat: no-repeat no-repeat;\">plan it<\/button><\/p>\n","protected":false},"excerpt":{"rendered":"<p>Faites cette visite priv\u00e9e de Toronto au d\u00e9part des chutes du Niagara et courez la chance de profiter du meilleur de la ville de Toronto! C&#8217;est une excellente visite priv\u00e9e!<\/p>\n","protected":false},"featured_media":87021,"comment_status":"open","ping_status":"closed","template":"","meta":{"_acf_changed":false},"product_brand":[],"product_cat":[3751,4053,4244,3547,3778,4245],"product_tag":[],"class_list":{"0":"post-103481","1":"product","2":"type-product","3":"status-publish","4":"has-post-thumbnail","6":"product_cat-canada-fr","7":"product_cat-niagara-falls-canada-fr","8":"product_cat-all-private-tours-and-activities-fr-6","9":"product_cat-etats-unis-fr","10":"product_cat-niagara-falls-fr","11":"product_cat-all-private-tours-and-activities-fr-7","13":"first","14":"instock","15":"shipping-taxable","16":"purchasable","17":"product-type-simple"},"acf":[],"yoast_head":"<!-- This site is optimized with the Yoast SEO Premium plugin v25.3.1 (Yoast SEO v25.3.1) - https:\/\/yoast.com\/wordpress\/plugins\/seo\/ -->\n<title>Visite priv\u00e9e de Toronto au d\u00e9part des chutes du Niagara avec un chauffeur et un guide.<\/title>\n<meta name=\"description\" content=\"Faites cette visite priv\u00e9e de Toronto au d\u00e9part des chutes du Niagara et courez la chance de profiter du meilleur de la ville de Toronto! C&#039;est une excellente visite priv\u00e9e!\" \/>\n<meta name=\"robots\" content=\"index, follow, max-snippet:-1, max-image-preview:large, max-video-preview:-1\" \/>\n<link rel=\"canonical\" href=\"https:\/\/tourtravelandmore.com\/fr\/tours\/canada-fr\/niagara-falls-canada-fr\/all-private-tours-and-activities-fr-6\/visite-privee-de-toronto-au-depart-des-chutes-du-niagara\/\" \/>\n<meta property=\"og:locale\" content=\"fr_FR\" \/>\n<meta property=\"og:type\" content=\"article\" \/>\n<meta property=\"og:title\" content=\"Visite priv\u00e9e de Toronto au d\u00e9part des chutes du Niagara\" \/>\n<meta property=\"og:description\" content=\"Faites cette visite priv\u00e9e de Toronto au d\u00e9part des chutes du Niagara et courez la chance de profiter du meilleur de la ville de Toronto! C&#039;est une excellente visite priv\u00e9e!\" \/>\n<meta property=\"og:url\" content=\"https:\/\/tourtravelandmore.com\/fr\/tours\/canada-fr\/niagara-falls-canada-fr\/all-private-tours-and-activities-fr-6\/visite-privee-de-toronto-au-depart-des-chutes-du-niagara\/\" \/>\n<meta property=\"og:site_name\" content=\"Tour Travel And More\" \/>\n<meta property=\"article:publisher\" content=\"https:\/\/www.facebook.com\/tourtravelandmore\/\" \/>\n<meta property=\"article:modified_time\" content=\"2024-08-30T14:55:02+00:00\" \/>\n<meta property=\"og:image\" content=\"https:\/\/tourtravelandmore.com\/wp-content\/uploads\/2020\/11\/Toronto-4-scaled.jpg\" \/>\n\t<meta property=\"og:image:width\" content=\"2560\" \/>\n\t<meta property=\"og:image:height\" content=\"1707\" \/>\n\t<meta property=\"og:image:type\" content=\"image\/jpeg\" \/>\n<meta name=\"twitter:card\" content=\"summary_large_image\" \/>\n<meta name=\"twitter:site\" content=\"@TourTravel_More\" \/>\n<meta name=\"twitter:label1\" content=\"Dur\u00e9e de lecture estim\u00e9e\" \/>\n\t<meta name=\"twitter:data1\" content=\"2 minutes\" \/>\n<script type=\"application\/ld+json\" class=\"yoast-schema-graph\">{\"@context\":\"https:\/\/schema.org\",\"@graph\":[{\"@type\":\"WebPage\",\"@id\":\"https:\/\/tourtravelandmore.com\/fr\/tours\/canada-fr\/niagara-falls-canada-fr\/all-private-tours-and-activities-fr-6\/visite-privee-de-toronto-au-depart-des-chutes-du-niagara\/\",\"url\":\"https:\/\/tourtravelandmore.com\/fr\/tours\/canada-fr\/niagara-falls-canada-fr\/all-private-tours-and-activities-fr-6\/visite-privee-de-toronto-au-depart-des-chutes-du-niagara\/\",\"name\":\"Visite priv\u00e9e de Toronto au d\u00e9part des chutes du Niagara avec un chauffeur et un guide.\",\"isPartOf\":{\"@id\":\"https:\/\/tourtravelandmore.com\/fr\/#website\"},\"primaryImageOfPage\":{\"@id\":\"https:\/\/tourtravelandmore.com\/fr\/tours\/canada-fr\/niagara-falls-canada-fr\/all-private-tours-and-activities-fr-6\/visite-privee-de-toronto-au-depart-des-chutes-du-niagara\/#primaryimage\"},\"image\":{\"@id\":\"https:\/\/tourtravelandmore.com\/fr\/tours\/canada-fr\/niagara-falls-canada-fr\/all-private-tours-and-activities-fr-6\/visite-privee-de-toronto-au-depart-des-chutes-du-niagara\/#primaryimage\"},\"thumbnailUrl\":\"https:\/\/tourtravelandmore.com\/wp-content\/uploads\/2020\/11\/Toronto-4-scaled.jpg\",\"datePublished\":\"2020-12-03T10:07:39+00:00\",\"dateModified\":\"2024-08-30T14:55:02+00:00\",\"description\":\"Faites cette visite priv\u00e9e de Toronto au d\u00e9part des chutes du Niagara et courez la chance de profiter du meilleur de la ville de Toronto! C'est une excellente visite priv\u00e9e!\",\"breadcrumb\":{\"@id\":\"https:\/\/tourtravelandmore.com\/fr\/tours\/canada-fr\/niagara-falls-canada-fr\/all-private-tours-and-activities-fr-6\/visite-privee-de-toronto-au-depart-des-chutes-du-niagara\/#breadcrumb\"},\"inLanguage\":\"fr-FR\",\"potentialAction\":[{\"@type\":\"ReadAction\",\"target\":[\"https:\/\/tourtravelandmore.com\/fr\/tours\/canada-fr\/niagara-falls-canada-fr\/all-private-tours-and-activities-fr-6\/visite-privee-de-toronto-au-depart-des-chutes-du-niagara\/\"]}]},{\"@type\":\"ImageObject\",\"inLanguage\":\"fr-FR\",\"@id\":\"https:\/\/tourtravelandmore.com\/fr\/tours\/canada-fr\/niagara-falls-canada-fr\/all-private-tours-and-activities-fr-6\/visite-privee-de-toronto-au-depart-des-chutes-du-niagara\/#primaryimage\",\"url\":\"https:\/\/tourtravelandmore.com\/wp-content\/uploads\/2020\/11\/Toronto-4-scaled.jpg\",\"contentUrl\":\"https:\/\/tourtravelandmore.com\/wp-content\/uploads\/2020\/11\/Toronto-4-scaled.jpg\",\"width\":2560,\"height\":1707},{\"@type\":\"BreadcrumbList\",\"@id\":\"https:\/\/tourtravelandmore.com\/fr\/tours\/canada-fr\/niagara-falls-canada-fr\/all-private-tours-and-activities-fr-6\/visite-privee-de-toronto-au-depart-des-chutes-du-niagara\/#breadcrumb\",\"itemListElement\":[{\"@type\":\"ListItem\",\"position\":1,\"name\":\"Home\",\"item\":\"https:\/\/tourtravelandmore.com\/fr\/\"},{\"@type\":\"ListItem\",\"position\":2,\"name\":\"Tours\",\"item\":\"https:\/\/tourtravelandmore.com\/fr\/tours\/\"},{\"@type\":\"ListItem\",\"position\":3,\"name\":\"Visite priv\u00e9e de Toronto au d\u00e9part des chutes du Niagara\"}]},{\"@type\":\"WebSite\",\"@id\":\"https:\/\/tourtravelandmore.com\/fr\/#website\",\"url\":\"https:\/\/tourtravelandmore.com\/fr\/\",\"name\":\"Tour Travel And More\",\"description\":\"Private sightseeing tours and luxury transfers in Spain\",\"publisher\":{\"@id\":\"https:\/\/tourtravelandmore.com\/fr\/#organization\"},\"potentialAction\":[{\"@type\":\"SearchAction\",\"target\":{\"@type\":\"EntryPoint\",\"urlTemplate\":\"https:\/\/tourtravelandmore.com\/fr\/?s={search_term_string}\"},\"query-input\":{\"@type\":\"PropertyValueSpecification\",\"valueRequired\":true,\"valueName\":\"search_term_string\"}}],\"inLanguage\":\"fr-FR\"},{\"@type\":\"Organization\",\"@id\":\"https:\/\/tourtravelandmore.com\/fr\/#organization\",\"name\":\"Tour Travel And More\",\"url\":\"https:\/\/tourtravelandmore.com\/fr\/\",\"logo\":{\"@type\":\"ImageObject\",\"inLanguage\":\"fr-FR\",\"@id\":\"https:\/\/tourtravelandmore.com\/fr\/#\/schema\/logo\/image\/\",\"url\":\"https:\/\/tourtravelandmore.com\/wp-content\/uploads\/2022\/12\/cropped-logo-cabecera-new.png\",\"contentUrl\":\"https:\/\/tourtravelandmore.com\/wp-content\/uploads\/2022\/12\/cropped-logo-cabecera-new.png\",\"width\":430,\"height\":61,\"caption\":\"Tour Travel And More\"},\"image\":{\"@id\":\"https:\/\/tourtravelandmore.com\/fr\/#\/schema\/logo\/image\/\"},\"sameAs\":[\"https:\/\/www.facebook.com\/tourtravelandmore\/\",\"https:\/\/x.com\/TourTravel_More\"]}]}<\/script>\n<!-- \/ Yoast SEO Premium plugin. -->","yoast_head_json":{"title":"Visite priv\u00e9e de Toronto au d\u00e9part des chutes du Niagara avec un chauffeur et un guide.","description":"Faites cette visite priv\u00e9e de Toronto au d\u00e9part des chutes du Niagara et courez la chance de profiter du meilleur de la ville de Toronto! C'est une excellente visite priv\u00e9e!","robots":{"index":"index","follow":"follow","max-snippet":"max-snippet:-1","max-image-preview":"max-image-preview:large","max-video-preview":"max-video-preview:-1"},"canonical":"https:\/\/tourtravelandmore.com\/fr\/tours\/canada-fr\/niagara-falls-canada-fr\/all-private-tours-and-activities-fr-6\/visite-privee-de-toronto-au-depart-des-chutes-du-niagara\/","og_locale":"fr_FR","og_type":"article","og_title":"Visite priv\u00e9e de Toronto au d\u00e9part des chutes du Niagara","og_description":"Faites cette visite priv\u00e9e de Toronto au d\u00e9part des chutes du Niagara et courez la chance de profiter du meilleur de la ville de Toronto! C'est une excellente visite priv\u00e9e!","og_url":"https:\/\/tourtravelandmore.com\/fr\/tours\/canada-fr\/niagara-falls-canada-fr\/all-private-tours-and-activities-fr-6\/visite-privee-de-toronto-au-depart-des-chutes-du-niagara\/","og_site_name":"Tour Travel And More","article_publisher":"https:\/\/www.facebook.com\/tourtravelandmore\/","article_modified_time":"2024-08-30T14:55:02+00:00","og_image":[{"width":2560,"height":1707,"url":"https:\/\/tourtravelandmore.com\/wp-content\/uploads\/2020\/11\/Toronto-4-scaled.jpg","type":"image\/jpeg"}],"twitter_card":"summary_large_image","twitter_site":"@TourTravel_More","twitter_misc":{"Dur\u00e9e de lecture estim\u00e9e":"2 minutes"},"schema":{"@context":"https:\/\/schema.org","@graph":[{"@type":"WebPage","@id":"https:\/\/tourtravelandmore.com\/fr\/tours\/canada-fr\/niagara-falls-canada-fr\/all-private-tours-and-activities-fr-6\/visite-privee-de-toronto-au-depart-des-chutes-du-niagara\/","url":"https:\/\/tourtravelandmore.com\/fr\/tours\/canada-fr\/niagara-falls-canada-fr\/all-private-tours-and-activities-fr-6\/visite-privee-de-toronto-au-depart-des-chutes-du-niagara\/","name":"Visite priv\u00e9e de Toronto au d\u00e9part des chutes du Niagara avec un chauffeur et un guide.","isPartOf":{"@id":"https:\/\/tourtravelandmore.com\/fr\/#website"},"primaryImageOfPage":{"@id":"https:\/\/tourtravelandmore.com\/fr\/tours\/canada-fr\/niagara-falls-canada-fr\/all-private-tours-and-activities-fr-6\/visite-privee-de-toronto-au-depart-des-chutes-du-niagara\/#primaryimage"},"image":{"@id":"https:\/\/tourtravelandmore.com\/fr\/tours\/canada-fr\/niagara-falls-canada-fr\/all-private-tours-and-activities-fr-6\/visite-privee-de-toronto-au-depart-des-chutes-du-niagara\/#primaryimage"},"thumbnailUrl":"https:\/\/tourtravelandmore.com\/wp-content\/uploads\/2020\/11\/Toronto-4-scaled.jpg","datePublished":"2020-12-03T10:07:39+00:00","dateModified":"2024-08-30T14:55:02+00:00","description":"Faites cette visite priv\u00e9e de Toronto au d\u00e9part des chutes du Niagara et courez la chance de profiter du meilleur de la ville de Toronto! C'est une excellente visite priv\u00e9e!","breadcrumb":{"@id":"https:\/\/tourtravelandmore.com\/fr\/tours\/canada-fr\/niagara-falls-canada-fr\/all-private-tours-and-activities-fr-6\/visite-privee-de-toronto-au-depart-des-chutes-du-niagara\/#breadcrumb"},"inLanguage":"fr-FR","potentialAction":[{"@type":"ReadAction","target":["https:\/\/tourtravelandmore.com\/fr\/tours\/canada-fr\/niagara-falls-canada-fr\/all-private-tours-and-activities-fr-6\/visite-privee-de-toronto-au-depart-des-chutes-du-niagara\/"]}]},{"@type":"ImageObject","inLanguage":"fr-FR","@id":"https:\/\/tourtravelandmore.com\/fr\/tours\/canada-fr\/niagara-falls-canada-fr\/all-private-tours-and-activities-fr-6\/visite-privee-de-toronto-au-depart-des-chutes-du-niagara\/#primaryimage","url":"https:\/\/tourtravelandmore.com\/wp-content\/uploads\/2020\/11\/Toronto-4-scaled.jpg","contentUrl":"https:\/\/tourtravelandmore.com\/wp-content\/uploads\/2020\/11\/Toronto-4-scaled.jpg","width":2560,"height":1707},{"@type":"BreadcrumbList","@id":"https:\/\/tourtravelandmore.com\/fr\/tours\/canada-fr\/niagara-falls-canada-fr\/all-private-tours-and-activities-fr-6\/visite-privee-de-toronto-au-depart-des-chutes-du-niagara\/#breadcrumb","itemListElement":[{"@type":"ListItem","position":1,"name":"Home","item":"https:\/\/tourtravelandmore.com\/fr\/"},{"@type":"ListItem","position":2,"name":"Tours","item":"https:\/\/tourtravelandmore.com\/fr\/tours\/"},{"@type":"ListItem","position":3,"name":"Visite priv\u00e9e de Toronto au d\u00e9part des chutes du Niagara"}]},{"@type":"WebSite","@id":"https:\/\/tourtravelandmore.com\/fr\/#website","url":"https:\/\/tourtravelandmore.com\/fr\/","name":"Tour Travel And More","description":"Private sightseeing tours and luxury transfers in Spain","publisher":{"@id":"https:\/\/tourtravelandmore.com\/fr\/#organization"},"potentialAction":[{"@type":"SearchAction","target":{"@type":"EntryPoint","urlTemplate":"https:\/\/tourtravelandmore.com\/fr\/?s={search_term_string}"},"query-input":{"@type":"PropertyValueSpecification","valueRequired":true,"valueName":"search_term_string"}}],"inLanguage":"fr-FR"},{"@type":"Organization","@id":"https:\/\/tourtravelandmore.com\/fr\/#organization","name":"Tour Travel And More","url":"https:\/\/tourtravelandmore.com\/fr\/","logo":{"@type":"ImageObject","inLanguage":"fr-FR","@id":"https:\/\/tourtravelandmore.com\/fr\/#\/schema\/logo\/image\/","url":"https:\/\/tourtravelandmore.com\/wp-content\/uploads\/2022\/12\/cropped-logo-cabecera-new.png","contentUrl":"https:\/\/tourtravelandmore.com\/wp-content\/uploads\/2022\/12\/cropped-logo-cabecera-new.png","width":430,"height":61,"caption":"Tour Travel And More"},"image":{"@id":"https:\/\/tourtravelandmore.com\/fr\/#\/schema\/logo\/image\/"},"sameAs":["https:\/\/www.facebook.com\/tourtravelandmore\/","https:\/\/x.com\/TourTravel_More"]}]}},"_links":{"self":[{"href":"https:\/\/tourtravelandmore.com\/fr\/wp-json\/wp\/v2\/product\/103481","targetHints":{"allow":["GET"]}}],"collection":[{"href":"https:\/\/tourtravelandmore.com\/fr\/wp-json\/wp\/v2\/product"}],"about":[{"href":"https:\/\/tourtravelandmore.com\/fr\/wp-json\/wp\/v2\/types\/product"}],"replies":[{"embeddable":true,"href":"https:\/\/tourtravelandmore.com\/fr\/wp-json\/wp\/v2\/comments?post=103481"}],"wp:featuredmedia":[{"embeddable":true,"href":"https:\/\/tourtravelandmore.com\/fr\/wp-json\/wp\/v2\/media\/87021"}],"wp:attachment":[{"href":"https:\/\/tourtravelandmore.com\/fr\/wp-json\/wp\/v2\/media?parent=103481"}],"wp:term":[{"taxonomy":"product_brand","embeddable":true,"href":"https:\/\/tourtravelandmore.com\/fr\/wp-json\/wp\/v2\/product_brand?post=103481"},{"taxonomy":"product_cat","embeddable":true,"href":"https:\/\/tourtravelandmore.com\/fr\/wp-json\/wp\/v2\/product_cat?post=103481"},{"taxonomy":"product_tag","embeddable":true,"href":"https:\/\/tourtravelandmore.com\/fr\/wp-json\/wp\/v2\/product_tag?post=103481"}],"curies":[{"name":"wp","href":"https:\/\/api.w.org\/{rel}","templated":true}]}}