{"id":103469,"date":"2020-11-16T11:53:32","date_gmt":"2020-11-16T10:53:32","guid":{"rendered":"https:\/\/tourtravelandmore.com\/tours\/non%20class\u00e9\/visite-des-chutes-du-niagara-au-depart-de-toronto\/"},"modified":"2024-09-10T16:15:54","modified_gmt":"2024-09-10T14:15:54","slug":"visite-des-chutes-du-niagara-au-depart-de-toronto","status":"publish","type":"product","link":"https:\/\/tourtravelandmore.com\/fr\/tours\/canada-fr\/niagara-falls-canada-fr\/all-private-tours-and-activities-fr-6\/visite-des-chutes-du-niagara-au-depart-de-toronto\/","title":{"rendered":"Visite des chutes du Niagara au d\u00e9part de Toronto"},"content":{"rendered":"<h2>Description<\/h2>\n<p><b><strong>Les chutes du Niagara<\/strong><\/b> sont un lieu unique \u00e0 visiter. Vous pouvez les visiter depuis les \u00c9tats-Unis ou le Canada. Il s&#8217;agit d&#8217;une exp\u00e9rience unique. Dans ce cas, notre circuit des chutes du Niagara au d\u00e9part de Toronto est un circuit parfait si vous \u00eates \u00e0 Toronto !<\/p>\n<p>Il faut dire que Toronto est une ville extraordinaire et qu&#8217;il y a tant \u00e0 voir, mais cela ne veut pas dire qu&#8217;on ne peut pas aller visiter les chutes du Niagara.<\/p>\n<p><b><strong>Saviez-vous que les chutes du Niagara sont constitu\u00e9es de trois cascades ?<\/strong><\/b> Vous trouverez cette merveille dans l&#8217;Ontario et \u00e0 New York. Cette merveille am\u00e9ricaine et canadienne est une \u00e9tape \u00e0 ne pas manquer !<\/p>\n<p>La plus grande chute d&#8217;eau est Horseshoe Falls. Elle est \u00e9galement connue sous le nom de \u00ab chutes canadiennes \u00bb. Elles se trouvent \u00e0 la fronti\u00e8re des deux pays. Les deux autres chutes sont plus petites. Elles sont appel\u00e9es American Falls et Bridal Veil Falls. Elles se trouvent aux \u00c9tats-Unis.<\/p>\n<p>Les villes les plus proches des chutes du Niagara sont Buffalo et Toronto. Buffalo est beaucoup plus proche et se trouve dans l&#8217;\u00c9tat de New York, aux \u00c9tats-Unis. Toronto est un peu plus \u00e9loign\u00e9e, mais elle vous permet d&#8217;acc\u00e9der aux plus beaux sites des chutes d&#8217;eau.<\/p>\n<p>La chute la plus haute est d&#8217;environ 57 m\u00e8tres. Vous pouvez \u00e9galement constater que les chutes en fer \u00e0 cheval ont une largeur de 790 m\u00e8tres.<\/p>\n<h2>Points d&#8217;int\u00e9r\u00eat<\/h2>\n<p>Tout d&#8217;abord, nous organiserons une prise en charge priv\u00e9e depuis votre h\u00f4tel \u00e0 <b><strong>Toronto.<\/strong><\/b> Apr\u00e8s la prise en charge \u00e0 <b><strong>Toronto,<\/strong><\/b> nous nous dirigerons vers les chutes du Niagara. Nous commencerons alors cette excursion aux chutes du Niagara depuis Toronto. Le trajet dure environ 90 minutes.<\/p>\n<p>Une fois sur place, nous profiterons des meilleurs sites et endroits de ces c\u00e9l\u00e8bres chutes. Nous pourrons \u00e9galement prendre le temps d&#8217;admirer le c\u00e9l\u00e8bre <b><strong>Maid<\/strong><\/b> of the <b><strong>Mist.<\/strong><\/b><\/p>\n<p>Le Maid of the Mist est un bateau tr\u00e8s amusant qui vous emm\u00e8ne sous les chutes. C&#8217;est vraiment une exp\u00e9rience inoubliable, et bien s\u00fbr, vous prendrez des photos magnifiques et des souvenirs uniques !<\/p>\n<p><a href=\"https:\/\/tourtravelandmore.com\/fr\/city\/canada-fr\/\">Consultez les autres circuits priv\u00e9s que nous proposons au Canada<\/a> et, bien s\u00fbr, \u00e0 Toronto. Nos experts en voyage sont l\u00e0 pour rendre votre exp\u00e9rience unique !<\/p>\n<p><button style=\"width: auto; height: auto; background-image: url('data:image\/png;base64,iVBORw0KGgoAAAANSUhEUgAAADAAAAAwCAYAAABXAvmHAAABS2lUWHRYTUw6Y29tLmFkb2JlLnhtcAAAAAAAPD94cGFja2V0IGJlZ2luPSLvu78iIGlkPSJXNU0wTXBDZWhpSHpyZVN6TlRjemtjOWQiPz4KPHg6eG1wbWV0YSB4bWxuczp4PSJhZG9iZTpuczptZXRhLyIgeDp4bXB0az0iQWRvYmUgWE1QIENvcmUgNS42LWMxMzggNzkuMTU5ODI0LCAyMDE2LzA5LzE0LTAxOjA5OjAxICAgICAgICAiPgogPHJkZjpSREYgeG1sbnM6cmRmPSJodHRwOi8vd3d3LnczLm9yZy8xOTk5LzAyLzIyLXJkZi1zeW50YXgtbnMjIj4KICA8cmRmOkRlc2NyaXB0aW9uIHJkZjphYm91dD0iIi8+CiA8L3JkZjpSREY+CjwveDp4bXBtZXRhPgo8P3hwYWNrZXQgZW5kPSJyIj8+IEmuOgAAAx5JREFUaIHtmj1L81wYx39JI75AbYtgBTFTRdQGXV2cxMlPICjiakHE0cVJB5FO4uLgN1AnZ\/0EgoLQtd6tL6hJIwia9DzDg6Wxpcb7hMTe+INCz+t1\/TnJuU7OOYoQ4g8Qpz2xFSGEiNoLGVTAjtoJCWw1ag9k0eoTQgg2NzcplUp0dHRE5VNTHMdB0zTy+TydnZ21fI8Ay7K4vr4ml8uRSqVCd7IVQgjW19cpFAoYhlHLbxiBTCbD9PR06A76YXx8HNd1PXmed0BRFBzHwTTNUB3zy\/v7O7FYzJPX9i\/xr4Co0b6u0prj42Pu7u5a1unp6UHXdSYmJkgmk7ImPUgLWFlZoVQq+aqbSCSYn59ne3ubRCIhaxoI4BHSdd13Xcuy2N\/fxzCML0fNL9IjoChK7f\/p6Smjo6MNdWzb5vz8nI2NDUzTpFgsMjMzw+Xlpax5eQH1TE5OMjAw0LQsm80yNzdHNpvFtm2urq44PDxkaWlJymags9D9\/X3Lcl3X2dnZqaX39vakbYY+jS4uLtLV1QXAxcUFlUpFqr\/QBXR3d9Pf3w\/8v8J8fn6W6i90Aa7r8vT0BEAsFpOeTkMXcHJywsvLCwAjIyPSgS1QAb29vS3LHx4eyOVytfTy8rK0zUAFPD4+8vb25vm9vr5SLBY5ODjAMAzK5TIAQ0NDrK6uStsMNA7Mzs42rNfrn\/kP0uk0Z2dnaJq8+UAFfHb0M6qqsrCwwO7uLn19fYHYDFTA2tpa00isaRqDg4NMTU19a+3kh0AFbG1t1YJUWAT6EhcKhSC780Xbf5H9CoiaXwFRIy2gPng5jiPb3beRjgPDw8NYlgUQegyAAAQcHR3xccgTxNrmu0hbjMJpj32ZxkIITNOkWq16tlf8tlVVlWQy+e229UgLKJfLuK77VwI+PikjE6CqKmNjYzJdSPPvxQFVVT2HaD8JVVX5fKzdcEZWLpe5vb39cYd8ADc3Nw1nZB4B8XicdDpNPp+PJCi1wnEcUqkUmUzGk68IISp8uitRqVSoVqth+ueLJntIdtNZ6Kv9nZ9E21\/20IASbXzd5j\/MIQu2KoJrJwAAAABJRU5ErkJggg=='); background-size: 14px 14px; background-color: #000000; position: absolute; opacity: 1; z-index: 86753099; display: none; cursor: pointer; border: none; border-top-left-radius: 3px; border-top-right-radius: 3px; border-bottom-right-radius: 3px; border-bottom-left-radius: 3px; text-indent: 20px; padding: 0px 4px 0px 0px; text-align: center; font-style: normal; font-variant-caps: normal; font-weight: bold; font-stretch: normal; font-size: 11px; line-height: 20px; font-family: 'Helvetica Neue', Helvetica, sans-serif; color: #ffffff; text-transform: capitalize; -webkit-font-smoothing: antialiased; top: 1397px; left: 563px; background-position: 3px 50%; background-repeat: no-repeat no-repeat;\">plan it<\/button><\/p>\n","protected":false},"excerpt":{"rendered":"<p>Faites cette excursion aux chutes du Niagara au d\u00e9part de Toronto et obtenez la chance de profiter du meilleur des chutes du Niagara! C&#8217;est une excellente visite priv\u00e9e!<\/p>\n","protected":false},"featured_media":86969,"comment_status":"open","ping_status":"closed","template":"","meta":{"_acf_changed":false},"product_brand":[],"product_cat":[3751,4053,4244,3775,4243,3547,3778,4245],"product_tag":[],"class_list":{"0":"post-103469","1":"product","2":"type-product","3":"status-publish","4":"has-post-thumbnail","6":"product_cat-canada-fr","7":"product_cat-niagara-falls-canada-fr","8":"product_cat-all-private-tours-and-activities-fr-6","9":"product_cat-toronto-fr","10":"product_cat-private-sightseeing-tours-fr-18","11":"product_cat-etats-unis-fr","12":"product_cat-niagara-falls-fr","13":"product_cat-all-private-tours-and-activities-fr-7","15":"first","16":"instock","17":"shipping-taxable","18":"purchasable","19":"product-type-simple"},"acf":[],"yoast_head":"<!-- This site is optimized with the Yoast SEO Premium plugin v25.3.1 (Yoast SEO v25.3.1) - https:\/\/yoast.com\/wordpress\/plugins\/seo\/ -->\n<title>Visite des chutes du Niagara au d\u00e9part de Toronto avec un chauffeur et un guide<\/title>\n<meta name=\"description\" content=\"Faites cette excursion aux chutes du Niagara au d\u00e9part de Toronto et obtenez la chance de profiter du meilleur des chutes du Niagara! C&#039;est une excellente visite priv\u00e9e!\" \/>\n<meta name=\"robots\" content=\"index, follow, max-snippet:-1, max-image-preview:large, max-video-preview:-1\" \/>\n<link rel=\"canonical\" href=\"https:\/\/tourtravelandmore.com\/fr\/tours\/canada-fr\/niagara-falls-canada-fr\/all-private-tours-and-activities-fr-6\/visite-des-chutes-du-niagara-au-depart-de-toronto\/\" \/>\n<meta property=\"og:locale\" content=\"fr_FR\" \/>\n<meta property=\"og:type\" content=\"article\" \/>\n<meta property=\"og:title\" content=\"Visite des chutes du Niagara au d\u00e9part de Toronto\" \/>\n<meta property=\"og:description\" content=\"Faites cette excursion aux chutes du Niagara au d\u00e9part de Toronto et obtenez la chance de profiter du meilleur des chutes du Niagara! C&#039;est une excellente visite priv\u00e9e!\" \/>\n<meta property=\"og:url\" content=\"https:\/\/tourtravelandmore.com\/fr\/tours\/canada-fr\/niagara-falls-canada-fr\/all-private-tours-and-activities-fr-6\/visite-des-chutes-du-niagara-au-depart-de-toronto\/\" \/>\n<meta property=\"og:site_name\" content=\"Tour Travel And More\" \/>\n<meta property=\"article:publisher\" content=\"https:\/\/www.facebook.com\/tourtravelandmore\/\" \/>\n<meta property=\"article:modified_time\" content=\"2024-09-10T14:15:54+00:00\" \/>\n<meta property=\"og:image\" content=\"https:\/\/tourtravelandmore.com\/wp-content\/uploads\/2020\/11\/Niagara-Falls-7-scaled.jpg\" \/>\n\t<meta property=\"og:image:width\" content=\"2560\" \/>\n\t<meta property=\"og:image:height\" content=\"1440\" \/>\n\t<meta property=\"og:image:type\" content=\"image\/jpeg\" \/>\n<meta name=\"twitter:card\" content=\"summary_large_image\" \/>\n<meta name=\"twitter:site\" content=\"@TourTravel_More\" \/>\n<meta name=\"twitter:label1\" content=\"Dur\u00e9e de lecture estim\u00e9e\" \/>\n\t<meta name=\"twitter:data1\" content=\"2 minutes\" \/>\n<script type=\"application\/ld+json\" class=\"yoast-schema-graph\">{\"@context\":\"https:\/\/schema.org\",\"@graph\":[{\"@type\":\"WebPage\",\"@id\":\"https:\/\/tourtravelandmore.com\/fr\/tours\/canada-fr\/niagara-falls-canada-fr\/all-private-tours-and-activities-fr-6\/visite-des-chutes-du-niagara-au-depart-de-toronto\/\",\"url\":\"https:\/\/tourtravelandmore.com\/fr\/tours\/canada-fr\/niagara-falls-canada-fr\/all-private-tours-and-activities-fr-6\/visite-des-chutes-du-niagara-au-depart-de-toronto\/\",\"name\":\"Visite des chutes du Niagara au d\u00e9part de Toronto avec un chauffeur et un guide\",\"isPartOf\":{\"@id\":\"https:\/\/tourtravelandmore.com\/fr\/#website\"},\"primaryImageOfPage\":{\"@id\":\"https:\/\/tourtravelandmore.com\/fr\/tours\/canada-fr\/niagara-falls-canada-fr\/all-private-tours-and-activities-fr-6\/visite-des-chutes-du-niagara-au-depart-de-toronto\/#primaryimage\"},\"image\":{\"@id\":\"https:\/\/tourtravelandmore.com\/fr\/tours\/canada-fr\/niagara-falls-canada-fr\/all-private-tours-and-activities-fr-6\/visite-des-chutes-du-niagara-au-depart-de-toronto\/#primaryimage\"},\"thumbnailUrl\":\"https:\/\/tourtravelandmore.com\/wp-content\/uploads\/2020\/11\/Niagara-Falls-7-scaled.jpg\",\"datePublished\":\"2020-11-16T10:53:32+00:00\",\"dateModified\":\"2024-09-10T14:15:54+00:00\",\"description\":\"Faites cette excursion aux chutes du Niagara au d\u00e9part de Toronto et obtenez la chance de profiter du meilleur des chutes du Niagara! C'est une excellente visite priv\u00e9e!\",\"breadcrumb\":{\"@id\":\"https:\/\/tourtravelandmore.com\/fr\/tours\/canada-fr\/niagara-falls-canada-fr\/all-private-tours-and-activities-fr-6\/visite-des-chutes-du-niagara-au-depart-de-toronto\/#breadcrumb\"},\"inLanguage\":\"fr-FR\",\"potentialAction\":[{\"@type\":\"ReadAction\",\"target\":[\"https:\/\/tourtravelandmore.com\/fr\/tours\/canada-fr\/niagara-falls-canada-fr\/all-private-tours-and-activities-fr-6\/visite-des-chutes-du-niagara-au-depart-de-toronto\/\"]}]},{\"@type\":\"ImageObject\",\"inLanguage\":\"fr-FR\",\"@id\":\"https:\/\/tourtravelandmore.com\/fr\/tours\/canada-fr\/niagara-falls-canada-fr\/all-private-tours-and-activities-fr-6\/visite-des-chutes-du-niagara-au-depart-de-toronto\/#primaryimage\",\"url\":\"https:\/\/tourtravelandmore.com\/wp-content\/uploads\/2020\/11\/Niagara-Falls-7-scaled.jpg\",\"contentUrl\":\"https:\/\/tourtravelandmore.com\/wp-content\/uploads\/2020\/11\/Niagara-Falls-7-scaled.jpg\",\"width\":2560,\"height\":1440},{\"@type\":\"BreadcrumbList\",\"@id\":\"https:\/\/tourtravelandmore.com\/fr\/tours\/canada-fr\/niagara-falls-canada-fr\/all-private-tours-and-activities-fr-6\/visite-des-chutes-du-niagara-au-depart-de-toronto\/#breadcrumb\",\"itemListElement\":[{\"@type\":\"ListItem\",\"position\":1,\"name\":\"Home\",\"item\":\"https:\/\/tourtravelandmore.com\/fr\/\"},{\"@type\":\"ListItem\",\"position\":2,\"name\":\"Tours\",\"item\":\"https:\/\/tourtravelandmore.com\/fr\/tours\/\"},{\"@type\":\"ListItem\",\"position\":3,\"name\":\"Visite des chutes du Niagara au d\u00e9part de Toronto\"}]},{\"@type\":\"WebSite\",\"@id\":\"https:\/\/tourtravelandmore.com\/fr\/#website\",\"url\":\"https:\/\/tourtravelandmore.com\/fr\/\",\"name\":\"Tour Travel And More\",\"description\":\"Private sightseeing tours and luxury transfers in Spain\",\"publisher\":{\"@id\":\"https:\/\/tourtravelandmore.com\/fr\/#organization\"},\"potentialAction\":[{\"@type\":\"SearchAction\",\"target\":{\"@type\":\"EntryPoint\",\"urlTemplate\":\"https:\/\/tourtravelandmore.com\/fr\/?s={search_term_string}\"},\"query-input\":{\"@type\":\"PropertyValueSpecification\",\"valueRequired\":true,\"valueName\":\"search_term_string\"}}],\"inLanguage\":\"fr-FR\"},{\"@type\":\"Organization\",\"@id\":\"https:\/\/tourtravelandmore.com\/fr\/#organization\",\"name\":\"Tour Travel And More\",\"url\":\"https:\/\/tourtravelandmore.com\/fr\/\",\"logo\":{\"@type\":\"ImageObject\",\"inLanguage\":\"fr-FR\",\"@id\":\"https:\/\/tourtravelandmore.com\/fr\/#\/schema\/logo\/image\/\",\"url\":\"https:\/\/tourtravelandmore.com\/wp-content\/uploads\/2022\/12\/cropped-logo-cabecera-new.png\",\"contentUrl\":\"https:\/\/tourtravelandmore.com\/wp-content\/uploads\/2022\/12\/cropped-logo-cabecera-new.png\",\"width\":430,\"height\":61,\"caption\":\"Tour Travel And More\"},\"image\":{\"@id\":\"https:\/\/tourtravelandmore.com\/fr\/#\/schema\/logo\/image\/\"},\"sameAs\":[\"https:\/\/www.facebook.com\/tourtravelandmore\/\",\"https:\/\/x.com\/TourTravel_More\"]}]}<\/script>\n<!-- \/ Yoast SEO Premium plugin. -->","yoast_head_json":{"title":"Visite des chutes du Niagara au d\u00e9part de Toronto avec un chauffeur et un guide","description":"Faites cette excursion aux chutes du Niagara au d\u00e9part de Toronto et obtenez la chance de profiter du meilleur des chutes du Niagara! C'est une excellente visite priv\u00e9e!","robots":{"index":"index","follow":"follow","max-snippet":"max-snippet:-1","max-image-preview":"max-image-preview:large","max-video-preview":"max-video-preview:-1"},"canonical":"https:\/\/tourtravelandmore.com\/fr\/tours\/canada-fr\/niagara-falls-canada-fr\/all-private-tours-and-activities-fr-6\/visite-des-chutes-du-niagara-au-depart-de-toronto\/","og_locale":"fr_FR","og_type":"article","og_title":"Visite des chutes du Niagara au d\u00e9part de Toronto","og_description":"Faites cette excursion aux chutes du Niagara au d\u00e9part de Toronto et obtenez la chance de profiter du meilleur des chutes du Niagara! C'est une excellente visite priv\u00e9e!","og_url":"https:\/\/tourtravelandmore.com\/fr\/tours\/canada-fr\/niagara-falls-canada-fr\/all-private-tours-and-activities-fr-6\/visite-des-chutes-du-niagara-au-depart-de-toronto\/","og_site_name":"Tour Travel And More","article_publisher":"https:\/\/www.facebook.com\/tourtravelandmore\/","article_modified_time":"2024-09-10T14:15:54+00:00","og_image":[{"width":2560,"height":1440,"url":"https:\/\/tourtravelandmore.com\/wp-content\/uploads\/2020\/11\/Niagara-Falls-7-scaled.jpg","type":"image\/jpeg"}],"twitter_card":"summary_large_image","twitter_site":"@TourTravel_More","twitter_misc":{"Dur\u00e9e de lecture estim\u00e9e":"2 minutes"},"schema":{"@context":"https:\/\/schema.org","@graph":[{"@type":"WebPage","@id":"https:\/\/tourtravelandmore.com\/fr\/tours\/canada-fr\/niagara-falls-canada-fr\/all-private-tours-and-activities-fr-6\/visite-des-chutes-du-niagara-au-depart-de-toronto\/","url":"https:\/\/tourtravelandmore.com\/fr\/tours\/canada-fr\/niagara-falls-canada-fr\/all-private-tours-and-activities-fr-6\/visite-des-chutes-du-niagara-au-depart-de-toronto\/","name":"Visite des chutes du Niagara au d\u00e9part de Toronto avec un chauffeur et un guide","isPartOf":{"@id":"https:\/\/tourtravelandmore.com\/fr\/#website"},"primaryImageOfPage":{"@id":"https:\/\/tourtravelandmore.com\/fr\/tours\/canada-fr\/niagara-falls-canada-fr\/all-private-tours-and-activities-fr-6\/visite-des-chutes-du-niagara-au-depart-de-toronto\/#primaryimage"},"image":{"@id":"https:\/\/tourtravelandmore.com\/fr\/tours\/canada-fr\/niagara-falls-canada-fr\/all-private-tours-and-activities-fr-6\/visite-des-chutes-du-niagara-au-depart-de-toronto\/#primaryimage"},"thumbnailUrl":"https:\/\/tourtravelandmore.com\/wp-content\/uploads\/2020\/11\/Niagara-Falls-7-scaled.jpg","datePublished":"2020-11-16T10:53:32+00:00","dateModified":"2024-09-10T14:15:54+00:00","description":"Faites cette excursion aux chutes du Niagara au d\u00e9part de Toronto et obtenez la chance de profiter du meilleur des chutes du Niagara! C'est une excellente visite priv\u00e9e!","breadcrumb":{"@id":"https:\/\/tourtravelandmore.com\/fr\/tours\/canada-fr\/niagara-falls-canada-fr\/all-private-tours-and-activities-fr-6\/visite-des-chutes-du-niagara-au-depart-de-toronto\/#breadcrumb"},"inLanguage":"fr-FR","potentialAction":[{"@type":"ReadAction","target":["https:\/\/tourtravelandmore.com\/fr\/tours\/canada-fr\/niagara-falls-canada-fr\/all-private-tours-and-activities-fr-6\/visite-des-chutes-du-niagara-au-depart-de-toronto\/"]}]},{"@type":"ImageObject","inLanguage":"fr-FR","@id":"https:\/\/tourtravelandmore.com\/fr\/tours\/canada-fr\/niagara-falls-canada-fr\/all-private-tours-and-activities-fr-6\/visite-des-chutes-du-niagara-au-depart-de-toronto\/#primaryimage","url":"https:\/\/tourtravelandmore.com\/wp-content\/uploads\/2020\/11\/Niagara-Falls-7-scaled.jpg","contentUrl":"https:\/\/tourtravelandmore.com\/wp-content\/uploads\/2020\/11\/Niagara-Falls-7-scaled.jpg","width":2560,"height":1440},{"@type":"BreadcrumbList","@id":"https:\/\/tourtravelandmore.com\/fr\/tours\/canada-fr\/niagara-falls-canada-fr\/all-private-tours-and-activities-fr-6\/visite-des-chutes-du-niagara-au-depart-de-toronto\/#breadcrumb","itemListElement":[{"@type":"ListItem","position":1,"name":"Home","item":"https:\/\/tourtravelandmore.com\/fr\/"},{"@type":"ListItem","position":2,"name":"Tours","item":"https:\/\/tourtravelandmore.com\/fr\/tours\/"},{"@type":"ListItem","position":3,"name":"Visite des chutes du Niagara au d\u00e9part de Toronto"}]},{"@type":"WebSite","@id":"https:\/\/tourtravelandmore.com\/fr\/#website","url":"https:\/\/tourtravelandmore.com\/fr\/","name":"Tour Travel And More","description":"Private sightseeing tours and luxury transfers in Spain","publisher":{"@id":"https:\/\/tourtravelandmore.com\/fr\/#organization"},"potentialAction":[{"@type":"SearchAction","target":{"@type":"EntryPoint","urlTemplate":"https:\/\/tourtravelandmore.com\/fr\/?s={search_term_string}"},"query-input":{"@type":"PropertyValueSpecification","valueRequired":true,"valueName":"search_term_string"}}],"inLanguage":"fr-FR"},{"@type":"Organization","@id":"https:\/\/tourtravelandmore.com\/fr\/#organization","name":"Tour Travel And More","url":"https:\/\/tourtravelandmore.com\/fr\/","logo":{"@type":"ImageObject","inLanguage":"fr-FR","@id":"https:\/\/tourtravelandmore.com\/fr\/#\/schema\/logo\/image\/","url":"https:\/\/tourtravelandmore.com\/wp-content\/uploads\/2022\/12\/cropped-logo-cabecera-new.png","contentUrl":"https:\/\/tourtravelandmore.com\/wp-content\/uploads\/2022\/12\/cropped-logo-cabecera-new.png","width":430,"height":61,"caption":"Tour Travel And More"},"image":{"@id":"https:\/\/tourtravelandmore.com\/fr\/#\/schema\/logo\/image\/"},"sameAs":["https:\/\/www.facebook.com\/tourtravelandmore\/","https:\/\/x.com\/TourTravel_More"]}]}},"_links":{"self":[{"href":"https:\/\/tourtravelandmore.com\/fr\/wp-json\/wp\/v2\/product\/103469","targetHints":{"allow":["GET"]}}],"collection":[{"href":"https:\/\/tourtravelandmore.com\/fr\/wp-json\/wp\/v2\/product"}],"about":[{"href":"https:\/\/tourtravelandmore.com\/fr\/wp-json\/wp\/v2\/types\/product"}],"replies":[{"embeddable":true,"href":"https:\/\/tourtravelandmore.com\/fr\/wp-json\/wp\/v2\/comments?post=103469"}],"wp:featuredmedia":[{"embeddable":true,"href":"https:\/\/tourtravelandmore.com\/fr\/wp-json\/wp\/v2\/media\/86969"}],"wp:attachment":[{"href":"https:\/\/tourtravelandmore.com\/fr\/wp-json\/wp\/v2\/media?parent=103469"}],"wp:term":[{"taxonomy":"product_brand","embeddable":true,"href":"https:\/\/tourtravelandmore.com\/fr\/wp-json\/wp\/v2\/product_brand?post=103469"},{"taxonomy":"product_cat","embeddable":true,"href":"https:\/\/tourtravelandmore.com\/fr\/wp-json\/wp\/v2\/product_cat?post=103469"},{"taxonomy":"product_tag","embeddable":true,"href":"https:\/\/tourtravelandmore.com\/fr\/wp-json\/wp\/v2\/product_tag?post=103469"}],"curies":[{"name":"wp","href":"https:\/\/api.w.org\/{rel}","templated":true}]}}