{"id":103455,"date":"2020-08-14T15:48:45","date_gmt":"2020-08-14T13:48:45","guid":{"rendered":"https:\/\/tourtravelandmore.com\/tours\/non%20class\u00e9\/visite-privee-du-parc-national-de-krka-au-depart-de-split\/"},"modified":"2025-01-15T20:57:08","modified_gmt":"2025-01-15T19:57:08","slug":"visite-privee-du-parc-national-de-krka-au-depart-de-split","status":"publish","type":"product","link":"https:\/\/tourtravelandmore.com\/fr\/tours\/croacia-fr-fr\/split-fr\/visite-privee-du-parc-national-de-krka-au-depart-de-split\/","title":{"rendered":"Visite priv\u00e9e du parc national de Krka au d\u00e9part de Split"},"content":{"rendered":"<h2>Description<\/h2>\n<p>Si vous recherchez une journ\u00e9e d&#8217;aventure dans un endroit unique et incroyable, vous ne devriez certainement pas manquer cette visite priv\u00e9e du parc national de Krka au d\u00e9part de Split.<\/p>\n<p>Le parc national de Krka est tr\u00e8s connu pour ses 7 chutes d&#8217;eau cons\u00e9cutives. Ce parc est situ\u00e9 au centre de la r\u00e9gion de la Dalmatie, tout pr\u00e8s de la ville de Milijevac.<\/p>\n<p>Profitez de cette excursion priv\u00e9e d&#8217;une journ\u00e9e et visitez la c\u00e9l\u00e8bre cascade Skradinski Buk. Vous pouvez nager dans les eaux cristallines, parcourir les sentiers, les moulins \u00e0 eau et autres cascades en cascade.<\/p>\n<p>Apr\u00e8s votre visite au parc national, vous pourrez visiter Sibenik. Ici se trouve la cath\u00e9drale St James, un site class\u00e9 au patrimoine mondial de l&#8217;UNESCO. Au cours de votre visite priv\u00e9e, vous profiterez de cette exp\u00e9rience unique aux c\u00f4t\u00e9s de votre chauffeur priv\u00e9 et de votre guide officiel.<\/p>\n<p>Si vous souhaitez visiter le parc national des lacs de Plitvice ou un autre site de Split, consultez notre liste de visites priv\u00e9es.<\/p>\n<h2>Sites d&#8217;int\u00e9r\u00eat et points de rep\u00e8re<\/h2>\n<p>Tout d&#8217;abord, votre chauffeur priv\u00e9 viendra vous chercher \u00e0 votre h\u00f4tel ou au port de croisi\u00e8re de Split \u00e0 l&#8217;heure souhait\u00e9e. Apr\u00e8s cela, vous commencerez votre excursion priv\u00e9e au parc national des cascades de Krka confortablement dans votre v\u00e9hicule de luxe priv\u00e9.<\/p>\n<p>Apr\u00e8s une heure, vous arriverez \u00e0 Skradin et prendrez le bateau tout le long de la rivi\u00e8re jusqu&#8217;\u00e0 l&#8217;entr\u00e9e du parc national de Krka. Le billet d&#8217;entr\u00e9e coupe-file au parc est inclus dans le prix de la visite.<\/p>\n<p>Une fois arriv\u00e9 au parc national, vous pourrez nager dans les eaux cristallines, parcourir les magnifiques sentiers et visiter l&#8217;exposition ethno. Apr\u00e8s cela, vous reprendrez le bateau pour Skradin et visiterez Sibenik. Cette ville dalmate locale est tr\u00e8s connue pour sa cath\u00e9drale et aussi parce que Game of Thrones y a \u00e9t\u00e9 film\u00e9. Vous aurez le temps de d\u00e9couvrir cette ville historique de rues pav\u00e9es avec votre guide local. \u00c0 Sibenik, vous pouvez visiter la cath\u00e9drale Saint-Jacques, class\u00e9e au patrimoine mondial de l&#8217;UNESCO, et les forteresses.<\/p>\n<p>Apr\u00e8s votre visite priv\u00e9e des cascades de Krka au d\u00e9part de Split, votre chauffeur vous ram\u00e8nera \u00e0 votre h\u00f4tel, port de croisi\u00e8re ou lieu de votre choix \u00e0 Zadar.<\/p>\n<p>Il s&#8217;agit d&#8217;une visite priv\u00e9e et personnalis\u00e9e. Notre \u00e9quipe de Tour Travel and More est pr\u00eate \u00e0 faire une visite parfaite pour vous et votre groupe. Si vous souhaitez modifier ou inclure quelque chose dans l&#8217;itin\u00e9raire, il vous suffit de nous contacter.<\/p>\n","protected":false},"excerpt":{"rendered":"<p>Profitez au maximum de votre visite \u00e0 Split et visitez l&#8217;un des plus beaux parcs nationaux d&#8217;Europe: les cascades de Krka. Au cours de votre visite priv\u00e9e, vous explorerez cet endroit merveilleux avec un expert local. Pour utiliser au mieux votre temps, vous serez assist\u00e9 par un guide officiel qui vous accompagnera pour une promenade avec une vue imprenable et vous informera sur l&#8217;histoire int\u00e9ressante de ce magnifique parc. Vous visiterez \u00e9galement la belle ville de Sibenik avant de retourner \u00e0 Split.<\/p>\n","protected":false},"featured_media":98065,"comment_status":"open","ping_status":"closed","template":"","meta":{"_acf_changed":false},"product_brand":[],"product_cat":[5454,5456,5455,3785],"product_tag":[],"class_list":{"0":"post-103455","1":"product","2":"type-product","3":"status-publish","4":"has-post-thumbnail","6":"product_cat-all-private-tours-and-activities-fr-11","7":"product_cat-private-shore-excursions-fr-15","8":"product_cat-private-sightseeing-tours-fr-43","9":"product_cat-split-fr","11":"first","12":"instock","13":"shipping-taxable","14":"purchasable","15":"product-type-simple"},"acf":[],"yoast_head":"<!-- This site is optimized with the Yoast SEO Premium plugin v25.3.1 (Yoast SEO v25.3.1) - https:\/\/yoast.com\/wordpress\/plugins\/seo\/ -->\n<title>Visite priv\u00e9e du parc national de Krka au d\u00e9part de Split dans un v\u00e9hicule de luxe<\/title>\n<meta name=\"description\" content=\"Profitez de cette visite priv\u00e9e du parc national de Krka au d\u00e9part de Split. Visitez l&#039;un des plus beaux parcs nationaux d&#039;Europe avec notre guide priv\u00e9.\" \/>\n<meta name=\"robots\" content=\"index, follow, max-snippet:-1, max-image-preview:large, max-video-preview:-1\" \/>\n<link rel=\"canonical\" href=\"https:\/\/tourtravelandmore.com\/fr\/tours\/croacia-fr-fr\/split-fr\/visite-privee-du-parc-national-de-krka-au-depart-de-split\/\" \/>\n<meta property=\"og:locale\" content=\"fr_FR\" \/>\n<meta property=\"og:type\" content=\"article\" \/>\n<meta property=\"og:title\" content=\"Visite priv\u00e9e du parc national de Krka au d\u00e9part de Split\" \/>\n<meta property=\"og:description\" content=\"Profitez de cette visite priv\u00e9e du parc national de Krka au d\u00e9part de Split. Visitez l&#039;un des plus beaux parcs nationaux d&#039;Europe avec notre guide priv\u00e9.\" \/>\n<meta property=\"og:url\" content=\"https:\/\/tourtravelandmore.com\/fr\/tours\/croacia-fr-fr\/split-fr\/visite-privee-du-parc-national-de-krka-au-depart-de-split\/\" \/>\n<meta property=\"og:site_name\" content=\"Tour Travel And More\" \/>\n<meta property=\"article:publisher\" content=\"https:\/\/www.facebook.com\/tourtravelandmore\/\" \/>\n<meta property=\"article:modified_time\" content=\"2025-01-15T19:57:08+00:00\" \/>\n<meta property=\"og:image\" content=\"https:\/\/tourtravelandmore.com\/wp-content\/uploads\/2020\/08\/krka-1.jpg\" \/>\n\t<meta property=\"og:image:width\" content=\"1920\" \/>\n\t<meta property=\"og:image:height\" content=\"1263\" \/>\n\t<meta property=\"og:image:type\" content=\"image\/jpeg\" \/>\n<meta name=\"twitter:card\" content=\"summary_large_image\" \/>\n<meta name=\"twitter:site\" content=\"@TourTravel_More\" \/>\n<meta name=\"twitter:label1\" content=\"Dur\u00e9e de lecture estim\u00e9e\" \/>\n\t<meta name=\"twitter:data1\" content=\"2 minutes\" \/>\n<script type=\"application\/ld+json\" class=\"yoast-schema-graph\">{\"@context\":\"https:\/\/schema.org\",\"@graph\":[{\"@type\":\"WebPage\",\"@id\":\"https:\/\/tourtravelandmore.com\/fr\/tours\/croacia-fr-fr\/split-fr\/visite-privee-du-parc-national-de-krka-au-depart-de-split\/\",\"url\":\"https:\/\/tourtravelandmore.com\/fr\/tours\/croacia-fr-fr\/split-fr\/visite-privee-du-parc-national-de-krka-au-depart-de-split\/\",\"name\":\"Visite priv\u00e9e du parc national de Krka au d\u00e9part de Split dans un v\u00e9hicule de luxe\",\"isPartOf\":{\"@id\":\"https:\/\/tourtravelandmore.com\/fr\/#website\"},\"primaryImageOfPage\":{\"@id\":\"https:\/\/tourtravelandmore.com\/fr\/tours\/croacia-fr-fr\/split-fr\/visite-privee-du-parc-national-de-krka-au-depart-de-split\/#primaryimage\"},\"image\":{\"@id\":\"https:\/\/tourtravelandmore.com\/fr\/tours\/croacia-fr-fr\/split-fr\/visite-privee-du-parc-national-de-krka-au-depart-de-split\/#primaryimage\"},\"thumbnailUrl\":\"https:\/\/tourtravelandmore.com\/wp-content\/uploads\/2020\/08\/krka-1.jpg\",\"datePublished\":\"2020-08-14T13:48:45+00:00\",\"dateModified\":\"2025-01-15T19:57:08+00:00\",\"description\":\"Profitez de cette visite priv\u00e9e du parc national de Krka au d\u00e9part de Split. Visitez l'un des plus beaux parcs nationaux d'Europe avec notre guide priv\u00e9.\",\"breadcrumb\":{\"@id\":\"https:\/\/tourtravelandmore.com\/fr\/tours\/croacia-fr-fr\/split-fr\/visite-privee-du-parc-national-de-krka-au-depart-de-split\/#breadcrumb\"},\"inLanguage\":\"fr-FR\",\"potentialAction\":[{\"@type\":\"ReadAction\",\"target\":[\"https:\/\/tourtravelandmore.com\/fr\/tours\/croacia-fr-fr\/split-fr\/visite-privee-du-parc-national-de-krka-au-depart-de-split\/\"]}]},{\"@type\":\"ImageObject\",\"inLanguage\":\"fr-FR\",\"@id\":\"https:\/\/tourtravelandmore.com\/fr\/tours\/croacia-fr-fr\/split-fr\/visite-privee-du-parc-national-de-krka-au-depart-de-split\/#primaryimage\",\"url\":\"https:\/\/tourtravelandmore.com\/wp-content\/uploads\/2020\/08\/krka-1.jpg\",\"contentUrl\":\"https:\/\/tourtravelandmore.com\/wp-content\/uploads\/2020\/08\/krka-1.jpg\",\"width\":1920,\"height\":1263},{\"@type\":\"BreadcrumbList\",\"@id\":\"https:\/\/tourtravelandmore.com\/fr\/tours\/croacia-fr-fr\/split-fr\/visite-privee-du-parc-national-de-krka-au-depart-de-split\/#breadcrumb\",\"itemListElement\":[{\"@type\":\"ListItem\",\"position\":1,\"name\":\"Home\",\"item\":\"https:\/\/tourtravelandmore.com\/fr\/\"},{\"@type\":\"ListItem\",\"position\":2,\"name\":\"Tours\",\"item\":\"https:\/\/tourtravelandmore.com\/fr\/tours\/\"},{\"@type\":\"ListItem\",\"position\":3,\"name\":\"Visite priv\u00e9e du parc national de Krka au d\u00e9part de Split\"}]},{\"@type\":\"WebSite\",\"@id\":\"https:\/\/tourtravelandmore.com\/fr\/#website\",\"url\":\"https:\/\/tourtravelandmore.com\/fr\/\",\"name\":\"Tour Travel And More\",\"description\":\"Private sightseeing tours and luxury transfers in Spain\",\"publisher\":{\"@id\":\"https:\/\/tourtravelandmore.com\/fr\/#organization\"},\"potentialAction\":[{\"@type\":\"SearchAction\",\"target\":{\"@type\":\"EntryPoint\",\"urlTemplate\":\"https:\/\/tourtravelandmore.com\/fr\/?s={search_term_string}\"},\"query-input\":{\"@type\":\"PropertyValueSpecification\",\"valueRequired\":true,\"valueName\":\"search_term_string\"}}],\"inLanguage\":\"fr-FR\"},{\"@type\":\"Organization\",\"@id\":\"https:\/\/tourtravelandmore.com\/fr\/#organization\",\"name\":\"Tour Travel And More\",\"url\":\"https:\/\/tourtravelandmore.com\/fr\/\",\"logo\":{\"@type\":\"ImageObject\",\"inLanguage\":\"fr-FR\",\"@id\":\"https:\/\/tourtravelandmore.com\/fr\/#\/schema\/logo\/image\/\",\"url\":\"https:\/\/tourtravelandmore.com\/wp-content\/uploads\/2022\/12\/cropped-logo-cabecera-new.png\",\"contentUrl\":\"https:\/\/tourtravelandmore.com\/wp-content\/uploads\/2022\/12\/cropped-logo-cabecera-new.png\",\"width\":430,\"height\":61,\"caption\":\"Tour Travel And More\"},\"image\":{\"@id\":\"https:\/\/tourtravelandmore.com\/fr\/#\/schema\/logo\/image\/\"},\"sameAs\":[\"https:\/\/www.facebook.com\/tourtravelandmore\/\",\"https:\/\/x.com\/TourTravel_More\"]}]}<\/script>\n<!-- \/ Yoast SEO Premium plugin. -->","yoast_head_json":{"title":"Visite priv\u00e9e du parc national de Krka au d\u00e9part de Split dans un v\u00e9hicule de luxe","description":"Profitez de cette visite priv\u00e9e du parc national de Krka au d\u00e9part de Split. Visitez l'un des plus beaux parcs nationaux d'Europe avec notre guide priv\u00e9.","robots":{"index":"index","follow":"follow","max-snippet":"max-snippet:-1","max-image-preview":"max-image-preview:large","max-video-preview":"max-video-preview:-1"},"canonical":"https:\/\/tourtravelandmore.com\/fr\/tours\/croacia-fr-fr\/split-fr\/visite-privee-du-parc-national-de-krka-au-depart-de-split\/","og_locale":"fr_FR","og_type":"article","og_title":"Visite priv\u00e9e du parc national de Krka au d\u00e9part de Split","og_description":"Profitez de cette visite priv\u00e9e du parc national de Krka au d\u00e9part de Split. Visitez l'un des plus beaux parcs nationaux d'Europe avec notre guide priv\u00e9.","og_url":"https:\/\/tourtravelandmore.com\/fr\/tours\/croacia-fr-fr\/split-fr\/visite-privee-du-parc-national-de-krka-au-depart-de-split\/","og_site_name":"Tour Travel And More","article_publisher":"https:\/\/www.facebook.com\/tourtravelandmore\/","article_modified_time":"2025-01-15T19:57:08+00:00","og_image":[{"width":1920,"height":1263,"url":"https:\/\/tourtravelandmore.com\/wp-content\/uploads\/2020\/08\/krka-1.jpg","type":"image\/jpeg"}],"twitter_card":"summary_large_image","twitter_site":"@TourTravel_More","twitter_misc":{"Dur\u00e9e de lecture estim\u00e9e":"2 minutes"},"schema":{"@context":"https:\/\/schema.org","@graph":[{"@type":"WebPage","@id":"https:\/\/tourtravelandmore.com\/fr\/tours\/croacia-fr-fr\/split-fr\/visite-privee-du-parc-national-de-krka-au-depart-de-split\/","url":"https:\/\/tourtravelandmore.com\/fr\/tours\/croacia-fr-fr\/split-fr\/visite-privee-du-parc-national-de-krka-au-depart-de-split\/","name":"Visite priv\u00e9e du parc national de Krka au d\u00e9part de Split dans un v\u00e9hicule de luxe","isPartOf":{"@id":"https:\/\/tourtravelandmore.com\/fr\/#website"},"primaryImageOfPage":{"@id":"https:\/\/tourtravelandmore.com\/fr\/tours\/croacia-fr-fr\/split-fr\/visite-privee-du-parc-national-de-krka-au-depart-de-split\/#primaryimage"},"image":{"@id":"https:\/\/tourtravelandmore.com\/fr\/tours\/croacia-fr-fr\/split-fr\/visite-privee-du-parc-national-de-krka-au-depart-de-split\/#primaryimage"},"thumbnailUrl":"https:\/\/tourtravelandmore.com\/wp-content\/uploads\/2020\/08\/krka-1.jpg","datePublished":"2020-08-14T13:48:45+00:00","dateModified":"2025-01-15T19:57:08+00:00","description":"Profitez de cette visite priv\u00e9e du parc national de Krka au d\u00e9part de Split. Visitez l'un des plus beaux parcs nationaux d'Europe avec notre guide priv\u00e9.","breadcrumb":{"@id":"https:\/\/tourtravelandmore.com\/fr\/tours\/croacia-fr-fr\/split-fr\/visite-privee-du-parc-national-de-krka-au-depart-de-split\/#breadcrumb"},"inLanguage":"fr-FR","potentialAction":[{"@type":"ReadAction","target":["https:\/\/tourtravelandmore.com\/fr\/tours\/croacia-fr-fr\/split-fr\/visite-privee-du-parc-national-de-krka-au-depart-de-split\/"]}]},{"@type":"ImageObject","inLanguage":"fr-FR","@id":"https:\/\/tourtravelandmore.com\/fr\/tours\/croacia-fr-fr\/split-fr\/visite-privee-du-parc-national-de-krka-au-depart-de-split\/#primaryimage","url":"https:\/\/tourtravelandmore.com\/wp-content\/uploads\/2020\/08\/krka-1.jpg","contentUrl":"https:\/\/tourtravelandmore.com\/wp-content\/uploads\/2020\/08\/krka-1.jpg","width":1920,"height":1263},{"@type":"BreadcrumbList","@id":"https:\/\/tourtravelandmore.com\/fr\/tours\/croacia-fr-fr\/split-fr\/visite-privee-du-parc-national-de-krka-au-depart-de-split\/#breadcrumb","itemListElement":[{"@type":"ListItem","position":1,"name":"Home","item":"https:\/\/tourtravelandmore.com\/fr\/"},{"@type":"ListItem","position":2,"name":"Tours","item":"https:\/\/tourtravelandmore.com\/fr\/tours\/"},{"@type":"ListItem","position":3,"name":"Visite priv\u00e9e du parc national de Krka au d\u00e9part de Split"}]},{"@type":"WebSite","@id":"https:\/\/tourtravelandmore.com\/fr\/#website","url":"https:\/\/tourtravelandmore.com\/fr\/","name":"Tour Travel And More","description":"Private sightseeing tours and luxury transfers in Spain","publisher":{"@id":"https:\/\/tourtravelandmore.com\/fr\/#organization"},"potentialAction":[{"@type":"SearchAction","target":{"@type":"EntryPoint","urlTemplate":"https:\/\/tourtravelandmore.com\/fr\/?s={search_term_string}"},"query-input":{"@type":"PropertyValueSpecification","valueRequired":true,"valueName":"search_term_string"}}],"inLanguage":"fr-FR"},{"@type":"Organization","@id":"https:\/\/tourtravelandmore.com\/fr\/#organization","name":"Tour Travel And More","url":"https:\/\/tourtravelandmore.com\/fr\/","logo":{"@type":"ImageObject","inLanguage":"fr-FR","@id":"https:\/\/tourtravelandmore.com\/fr\/#\/schema\/logo\/image\/","url":"https:\/\/tourtravelandmore.com\/wp-content\/uploads\/2022\/12\/cropped-logo-cabecera-new.png","contentUrl":"https:\/\/tourtravelandmore.com\/wp-content\/uploads\/2022\/12\/cropped-logo-cabecera-new.png","width":430,"height":61,"caption":"Tour Travel And More"},"image":{"@id":"https:\/\/tourtravelandmore.com\/fr\/#\/schema\/logo\/image\/"},"sameAs":["https:\/\/www.facebook.com\/tourtravelandmore\/","https:\/\/x.com\/TourTravel_More"]}]}},"_links":{"self":[{"href":"https:\/\/tourtravelandmore.com\/fr\/wp-json\/wp\/v2\/product\/103455","targetHints":{"allow":["GET"]}}],"collection":[{"href":"https:\/\/tourtravelandmore.com\/fr\/wp-json\/wp\/v2\/product"}],"about":[{"href":"https:\/\/tourtravelandmore.com\/fr\/wp-json\/wp\/v2\/types\/product"}],"replies":[{"embeddable":true,"href":"https:\/\/tourtravelandmore.com\/fr\/wp-json\/wp\/v2\/comments?post=103455"}],"wp:featuredmedia":[{"embeddable":true,"href":"https:\/\/tourtravelandmore.com\/fr\/wp-json\/wp\/v2\/media\/98065"}],"wp:attachment":[{"href":"https:\/\/tourtravelandmore.com\/fr\/wp-json\/wp\/v2\/media?parent=103455"}],"wp:term":[{"taxonomy":"product_brand","embeddable":true,"href":"https:\/\/tourtravelandmore.com\/fr\/wp-json\/wp\/v2\/product_brand?post=103455"},{"taxonomy":"product_cat","embeddable":true,"href":"https:\/\/tourtravelandmore.com\/fr\/wp-json\/wp\/v2\/product_cat?post=103455"},{"taxonomy":"product_tag","embeddable":true,"href":"https:\/\/tourtravelandmore.com\/fr\/wp-json\/wp\/v2\/product_tag?post=103455"}],"curies":[{"name":"wp","href":"https:\/\/api.w.org\/{rel}","templated":true}]}}