{"id":103445,"date":"2020-08-13T15:06:53","date_gmt":"2020-08-13T13:06:53","guid":{"rendered":"https:\/\/tourtravelandmore.com\/tours\/non%20class\u00e9\/visite-privee-des-lacs-de-plitvice-au-depart-de-split\/"},"modified":"2025-01-15T21:05:56","modified_gmt":"2025-01-15T20:05:56","slug":"visite-privee-des-lacs-de-plitvice-au-depart-de-split","status":"publish","type":"product","link":"https:\/\/tourtravelandmore.com\/fr\/tours\/croacia-fr-fr\/split-fr\/visite-privee-des-lacs-de-plitvice-au-depart-de-split\/","title":{"rendered":"Visite priv\u00e9e des lacs de Plitvice au d\u00e9part de Split"},"content":{"rendered":"<h2>Description<\/h2>\n<p>Si vous recherchez une v\u00e9ritable aventure en plein air, vous ne pouvez pas manquer cette visite priv\u00e9e des lacs de Plitvice au d\u00e9part de Split avec un guide expert local.<\/p>\n<p>Le parc national des lacs de Plitvice est l&#8217;un des plus anciens et des plus grands parcs de toute la Croatie. Le parc est situ\u00e9 dans une zone karstique montagneuse du centre de la Croatie, \u00e0 la fronti\u00e8re avec la Bosnie-Herz\u00e9govine. C&#8217;est une zone prot\u00e9g\u00e9e qui s&#8217;\u00e9tend sur 73 350 acres et, on s&#8217;y attendait, elle a \u00e9t\u00e9 d\u00e9clar\u00e9e patrimoine mondial de l&#8217;UNESCO.<\/p>\n<p>Ce magnifique parc a ses lacs dispos\u00e9s en cascades, donc pour cela et d&#8217;autres raisons, c&#8217;est l&#8217;un des parcs les plus visit\u00e9s au monde. C&#8217;est une exp\u00e9rience unique que vous pouvez vivre avec votre chauffeur priv\u00e9 et votre guide officiel.<\/p>\n<p>Un autre fait int\u00e9ressant est que vous pouvez effectuer cette visite depuis Split et si vous pr\u00e9f\u00e9rez, nous pouvons vous d\u00e9poser \u00e0 Zagreb. Comme il s&#8217;agit d&#8217;une visite priv\u00e9e, vous d\u00e9cidez de la fa\u00e7on dont vous souhaitez passer cette exp\u00e9rience incroyable. Il vous suffit de nous contacter et nous nous chargerons de tout pour vous.<\/p>\n<p>Si vous avez une autre id\u00e9e d&#8217;excursion d&#8217;une journ\u00e9e, vous pouvez jeter un \u0153il \u00e0 notre excursion priv\u00e9e d&#8217;une journ\u00e9e \u00e0 Zadar au d\u00e9part de Split. Nous sommes l\u00e0 pour faire de vos vacances une exp\u00e9rience totalement unique.<\/p>\n<h2>Sites d&#8217;int\u00e9r\u00eat et points de rep\u00e8re<\/h2>\n<p>Tout d&#8217;abord, \u00e0 une heure convenue, notre chauffeur priv\u00e9 viendra vous chercher \u00e0 l&#8217;endroit de votre choix \u00e0 Split. Vous avancerez confortablement dans le parc national des lacs de Plitvice dans votre v\u00e9hicule de luxe priv\u00e9. Sur le chemin des lacs de Plitvice, nous ferons quelques arr\u00eats pour profiter de jolis points de vue.<\/p>\n<p>Deuxi\u00e8mement, \u00e0 votre arriv\u00e9e, vous rencontrerez votre guide officiel priv\u00e9 pour une visite guid\u00e9e 3 heures. Avec cet itin\u00e9raire, vous visiterez le meilleur de la r\u00e9gion du parc avec ses 16 lacs reli\u00e9s par des cascades et des cascades. Le billet d&#8217;entr\u00e9e au parc est inclus dans le prix de la visite.<\/p>\n<p>Il y a deux entr\u00e9es au parc national, l&#8217;entr\u00e9e 1 (les lacs inf\u00e9rieurs) ou l&#8217;entr\u00e9e 2 (les lacs sup\u00e9rieurs). Depuis les lacs inf\u00e9rieurs, vous avez une vue panoramique sur les lacs depuis les diff\u00e9rents points de vue le long du sentier. Les rives escarp\u00e9es sont entour\u00e9es de falaises et il y a une abondance de grottes et de grottes.<\/p>\n<p>Cependant, la vue et l&#8217;exp\u00e9rience sont totalement diff\u00e9rentes de celles des lacs sup\u00e9rieurs. Le paysage de cette entr\u00e9e est plus sauvage et plus spectaculaire. Ici, vous vous approchez vraiment des cascades et traversez des sentiers de lacs remplis d&#8217;eau cristalline.<\/p>\n<p>Apr\u00e8s la visite, votre guide local pourra vous recommander des restaurants o\u00f9 vous voudrez peut-\u00eatre d\u00e9guster des plats traditionnels.<\/p>\n<p>Enfin, votre chauffeur priv\u00e9 vous ram\u00e8nera \u00e0 Split, ou comme nous l&#8217;avons d\u00e9j\u00e0 mentionn\u00e9, \u00e0 Zagreb ou \u00e0 n&#8217;importe quel endroit \u00e0 proximit\u00e9. Vous vivrez une exp\u00e9rience unique avec cette visite priv\u00e9e des lacs de Plitvice au d\u00e9part de Split. Vous avez \u00e9galement la possibilit\u00e9 d&#8217;effectuer cette visite priv\u00e9e avec un chauffeur \/ guide en fonction de la langue.<\/p>\n","protected":false},"excerpt":{"rendered":"<p>Profitez au maximum de votre visite aux lacs de Plitvice et explorez ce magnifique parc national en Croatie. Lors de votre visite priv\u00e9e, vous d\u00e9couvrirez les plus belles zones des lacs de Plitvice. Pour utiliser au mieux votre temps, vous serez assist\u00e9 par un guide officiel qui vous accompagnera pour une promenade avec une vue imprenable et vous racontera des histoires sur l&#8217;histoire int\u00e9ressante de ce magnifique parc.<\/p>\n","protected":false},"featured_media":98038,"comment_status":"open","ping_status":"closed","template":"","meta":{"_acf_changed":false},"product_brand":[],"product_cat":[5454,5455,3785],"product_tag":[],"class_list":{"0":"post-103445","1":"product","2":"type-product","3":"status-publish","4":"has-post-thumbnail","6":"product_cat-all-private-tours-and-activities-fr-11","7":"product_cat-private-sightseeing-tours-fr-43","8":"product_cat-split-fr","10":"first","11":"instock","12":"shipping-taxable","13":"purchasable","14":"product-type-simple"},"acf":[],"yoast_head":"<!-- This site is optimized with the Yoast SEO Premium plugin v25.3.1 (Yoast SEO v25.3.1) - https:\/\/yoast.com\/wordpress\/plugins\/seo\/ -->\n<title>Visite priv\u00e9e des lacs de Plitvice au d\u00e9part de Split avec un guide local<\/title>\n<meta name=\"description\" content=\"Profitez de cette visite priv\u00e9e des lacs de Plitvice au d\u00e9part de Split \u00e0 l&#039;aise dans votre v\u00e9hicule de luxe priv\u00e9 avec chauffeur. Le billet d&#039;entr\u00e9e est inclus dans le prix.\" \/>\n<meta name=\"robots\" content=\"index, follow, max-snippet:-1, max-image-preview:large, max-video-preview:-1\" \/>\n<link rel=\"canonical\" href=\"https:\/\/tourtravelandmore.com\/fr\/tours\/croacia-fr-fr\/split-fr\/visite-privee-des-lacs-de-plitvice-au-depart-de-split\/\" \/>\n<meta property=\"og:locale\" content=\"fr_FR\" \/>\n<meta property=\"og:type\" content=\"article\" \/>\n<meta property=\"og:title\" content=\"Visite priv\u00e9e des lacs de Plitvice au d\u00e9part de Split\" \/>\n<meta property=\"og:description\" content=\"Profitez de cette visite priv\u00e9e des lacs de Plitvice au d\u00e9part de Split \u00e0 l&#039;aise dans votre v\u00e9hicule de luxe priv\u00e9 avec chauffeur. Le billet d&#039;entr\u00e9e est inclus dans le prix.\" \/>\n<meta property=\"og:url\" content=\"https:\/\/tourtravelandmore.com\/fr\/tours\/croacia-fr-fr\/split-fr\/visite-privee-des-lacs-de-plitvice-au-depart-de-split\/\" \/>\n<meta property=\"og:site_name\" content=\"Tour Travel And More\" \/>\n<meta property=\"article:publisher\" content=\"https:\/\/www.facebook.com\/tourtravelandmore\/\" \/>\n<meta property=\"article:modified_time\" content=\"2025-01-15T20:05:56+00:00\" \/>\n<meta property=\"og:image\" content=\"https:\/\/tourtravelandmore.com\/wp-content\/uploads\/2020\/08\/lake-1.jpg\" \/>\n\t<meta property=\"og:image:width\" content=\"2048\" \/>\n\t<meta property=\"og:image:height\" content=\"1536\" \/>\n\t<meta property=\"og:image:type\" content=\"image\/jpeg\" \/>\n<meta name=\"twitter:card\" content=\"summary_large_image\" \/>\n<meta name=\"twitter:site\" content=\"@TourTravel_More\" \/>\n<meta name=\"twitter:label1\" content=\"Dur\u00e9e de lecture estim\u00e9e\" \/>\n\t<meta name=\"twitter:data1\" content=\"3 minutes\" \/>\n<script type=\"application\/ld+json\" class=\"yoast-schema-graph\">{\"@context\":\"https:\/\/schema.org\",\"@graph\":[{\"@type\":\"WebPage\",\"@id\":\"https:\/\/tourtravelandmore.com\/fr\/tours\/croacia-fr-fr\/split-fr\/visite-privee-des-lacs-de-plitvice-au-depart-de-split\/\",\"url\":\"https:\/\/tourtravelandmore.com\/fr\/tours\/croacia-fr-fr\/split-fr\/visite-privee-des-lacs-de-plitvice-au-depart-de-split\/\",\"name\":\"Visite priv\u00e9e des lacs de Plitvice au d\u00e9part de Split avec un guide local\",\"isPartOf\":{\"@id\":\"https:\/\/tourtravelandmore.com\/fr\/#website\"},\"primaryImageOfPage\":{\"@id\":\"https:\/\/tourtravelandmore.com\/fr\/tours\/croacia-fr-fr\/split-fr\/visite-privee-des-lacs-de-plitvice-au-depart-de-split\/#primaryimage\"},\"image\":{\"@id\":\"https:\/\/tourtravelandmore.com\/fr\/tours\/croacia-fr-fr\/split-fr\/visite-privee-des-lacs-de-plitvice-au-depart-de-split\/#primaryimage\"},\"thumbnailUrl\":\"https:\/\/tourtravelandmore.com\/wp-content\/uploads\/2020\/08\/lake-1.jpg\",\"datePublished\":\"2020-08-13T13:06:53+00:00\",\"dateModified\":\"2025-01-15T20:05:56+00:00\",\"description\":\"Profitez de cette visite priv\u00e9e des lacs de Plitvice au d\u00e9part de Split \u00e0 l'aise dans votre v\u00e9hicule de luxe priv\u00e9 avec chauffeur. Le billet d'entr\u00e9e est inclus dans le prix.\",\"breadcrumb\":{\"@id\":\"https:\/\/tourtravelandmore.com\/fr\/tours\/croacia-fr-fr\/split-fr\/visite-privee-des-lacs-de-plitvice-au-depart-de-split\/#breadcrumb\"},\"inLanguage\":\"fr-FR\",\"potentialAction\":[{\"@type\":\"ReadAction\",\"target\":[\"https:\/\/tourtravelandmore.com\/fr\/tours\/croacia-fr-fr\/split-fr\/visite-privee-des-lacs-de-plitvice-au-depart-de-split\/\"]}]},{\"@type\":\"ImageObject\",\"inLanguage\":\"fr-FR\",\"@id\":\"https:\/\/tourtravelandmore.com\/fr\/tours\/croacia-fr-fr\/split-fr\/visite-privee-des-lacs-de-plitvice-au-depart-de-split\/#primaryimage\",\"url\":\"https:\/\/tourtravelandmore.com\/wp-content\/uploads\/2020\/08\/lake-1.jpg\",\"contentUrl\":\"https:\/\/tourtravelandmore.com\/wp-content\/uploads\/2020\/08\/lake-1.jpg\",\"width\":2048,\"height\":1536,\"caption\":\"OLYMPUS DIGITAL CAMERA\"},{\"@type\":\"BreadcrumbList\",\"@id\":\"https:\/\/tourtravelandmore.com\/fr\/tours\/croacia-fr-fr\/split-fr\/visite-privee-des-lacs-de-plitvice-au-depart-de-split\/#breadcrumb\",\"itemListElement\":[{\"@type\":\"ListItem\",\"position\":1,\"name\":\"Home\",\"item\":\"https:\/\/tourtravelandmore.com\/fr\/\"},{\"@type\":\"ListItem\",\"position\":2,\"name\":\"Tours\",\"item\":\"https:\/\/tourtravelandmore.com\/fr\/tours\/\"},{\"@type\":\"ListItem\",\"position\":3,\"name\":\"Visite priv\u00e9e des lacs de Plitvice au d\u00e9part de Split\"}]},{\"@type\":\"WebSite\",\"@id\":\"https:\/\/tourtravelandmore.com\/fr\/#website\",\"url\":\"https:\/\/tourtravelandmore.com\/fr\/\",\"name\":\"Tour Travel And More\",\"description\":\"Private sightseeing tours and luxury transfers in Spain\",\"publisher\":{\"@id\":\"https:\/\/tourtravelandmore.com\/fr\/#organization\"},\"potentialAction\":[{\"@type\":\"SearchAction\",\"target\":{\"@type\":\"EntryPoint\",\"urlTemplate\":\"https:\/\/tourtravelandmore.com\/fr\/?s={search_term_string}\"},\"query-input\":{\"@type\":\"PropertyValueSpecification\",\"valueRequired\":true,\"valueName\":\"search_term_string\"}}],\"inLanguage\":\"fr-FR\"},{\"@type\":\"Organization\",\"@id\":\"https:\/\/tourtravelandmore.com\/fr\/#organization\",\"name\":\"Tour Travel And More\",\"url\":\"https:\/\/tourtravelandmore.com\/fr\/\",\"logo\":{\"@type\":\"ImageObject\",\"inLanguage\":\"fr-FR\",\"@id\":\"https:\/\/tourtravelandmore.com\/fr\/#\/schema\/logo\/image\/\",\"url\":\"https:\/\/tourtravelandmore.com\/wp-content\/uploads\/2022\/12\/cropped-logo-cabecera-new.png\",\"contentUrl\":\"https:\/\/tourtravelandmore.com\/wp-content\/uploads\/2022\/12\/cropped-logo-cabecera-new.png\",\"width\":430,\"height\":61,\"caption\":\"Tour Travel And More\"},\"image\":{\"@id\":\"https:\/\/tourtravelandmore.com\/fr\/#\/schema\/logo\/image\/\"},\"sameAs\":[\"https:\/\/www.facebook.com\/tourtravelandmore\/\",\"https:\/\/x.com\/TourTravel_More\"]}]}<\/script>\n<!-- \/ Yoast SEO Premium plugin. -->","yoast_head_json":{"title":"Visite priv\u00e9e des lacs de Plitvice au d\u00e9part de Split avec un guide local","description":"Profitez de cette visite priv\u00e9e des lacs de Plitvice au d\u00e9part de Split \u00e0 l'aise dans votre v\u00e9hicule de luxe priv\u00e9 avec chauffeur. Le billet d'entr\u00e9e est inclus dans le prix.","robots":{"index":"index","follow":"follow","max-snippet":"max-snippet:-1","max-image-preview":"max-image-preview:large","max-video-preview":"max-video-preview:-1"},"canonical":"https:\/\/tourtravelandmore.com\/fr\/tours\/croacia-fr-fr\/split-fr\/visite-privee-des-lacs-de-plitvice-au-depart-de-split\/","og_locale":"fr_FR","og_type":"article","og_title":"Visite priv\u00e9e des lacs de Plitvice au d\u00e9part de Split","og_description":"Profitez de cette visite priv\u00e9e des lacs de Plitvice au d\u00e9part de Split \u00e0 l'aise dans votre v\u00e9hicule de luxe priv\u00e9 avec chauffeur. Le billet d'entr\u00e9e est inclus dans le prix.","og_url":"https:\/\/tourtravelandmore.com\/fr\/tours\/croacia-fr-fr\/split-fr\/visite-privee-des-lacs-de-plitvice-au-depart-de-split\/","og_site_name":"Tour Travel And More","article_publisher":"https:\/\/www.facebook.com\/tourtravelandmore\/","article_modified_time":"2025-01-15T20:05:56+00:00","og_image":[{"width":2048,"height":1536,"url":"https:\/\/tourtravelandmore.com\/wp-content\/uploads\/2020\/08\/lake-1.jpg","type":"image\/jpeg"}],"twitter_card":"summary_large_image","twitter_site":"@TourTravel_More","twitter_misc":{"Dur\u00e9e de lecture estim\u00e9e":"3 minutes"},"schema":{"@context":"https:\/\/schema.org","@graph":[{"@type":"WebPage","@id":"https:\/\/tourtravelandmore.com\/fr\/tours\/croacia-fr-fr\/split-fr\/visite-privee-des-lacs-de-plitvice-au-depart-de-split\/","url":"https:\/\/tourtravelandmore.com\/fr\/tours\/croacia-fr-fr\/split-fr\/visite-privee-des-lacs-de-plitvice-au-depart-de-split\/","name":"Visite priv\u00e9e des lacs de Plitvice au d\u00e9part de Split avec un guide local","isPartOf":{"@id":"https:\/\/tourtravelandmore.com\/fr\/#website"},"primaryImageOfPage":{"@id":"https:\/\/tourtravelandmore.com\/fr\/tours\/croacia-fr-fr\/split-fr\/visite-privee-des-lacs-de-plitvice-au-depart-de-split\/#primaryimage"},"image":{"@id":"https:\/\/tourtravelandmore.com\/fr\/tours\/croacia-fr-fr\/split-fr\/visite-privee-des-lacs-de-plitvice-au-depart-de-split\/#primaryimage"},"thumbnailUrl":"https:\/\/tourtravelandmore.com\/wp-content\/uploads\/2020\/08\/lake-1.jpg","datePublished":"2020-08-13T13:06:53+00:00","dateModified":"2025-01-15T20:05:56+00:00","description":"Profitez de cette visite priv\u00e9e des lacs de Plitvice au d\u00e9part de Split \u00e0 l'aise dans votre v\u00e9hicule de luxe priv\u00e9 avec chauffeur. Le billet d'entr\u00e9e est inclus dans le prix.","breadcrumb":{"@id":"https:\/\/tourtravelandmore.com\/fr\/tours\/croacia-fr-fr\/split-fr\/visite-privee-des-lacs-de-plitvice-au-depart-de-split\/#breadcrumb"},"inLanguage":"fr-FR","potentialAction":[{"@type":"ReadAction","target":["https:\/\/tourtravelandmore.com\/fr\/tours\/croacia-fr-fr\/split-fr\/visite-privee-des-lacs-de-plitvice-au-depart-de-split\/"]}]},{"@type":"ImageObject","inLanguage":"fr-FR","@id":"https:\/\/tourtravelandmore.com\/fr\/tours\/croacia-fr-fr\/split-fr\/visite-privee-des-lacs-de-plitvice-au-depart-de-split\/#primaryimage","url":"https:\/\/tourtravelandmore.com\/wp-content\/uploads\/2020\/08\/lake-1.jpg","contentUrl":"https:\/\/tourtravelandmore.com\/wp-content\/uploads\/2020\/08\/lake-1.jpg","width":2048,"height":1536,"caption":"OLYMPUS DIGITAL CAMERA"},{"@type":"BreadcrumbList","@id":"https:\/\/tourtravelandmore.com\/fr\/tours\/croacia-fr-fr\/split-fr\/visite-privee-des-lacs-de-plitvice-au-depart-de-split\/#breadcrumb","itemListElement":[{"@type":"ListItem","position":1,"name":"Home","item":"https:\/\/tourtravelandmore.com\/fr\/"},{"@type":"ListItem","position":2,"name":"Tours","item":"https:\/\/tourtravelandmore.com\/fr\/tours\/"},{"@type":"ListItem","position":3,"name":"Visite priv\u00e9e des lacs de Plitvice au d\u00e9part de Split"}]},{"@type":"WebSite","@id":"https:\/\/tourtravelandmore.com\/fr\/#website","url":"https:\/\/tourtravelandmore.com\/fr\/","name":"Tour Travel And More","description":"Private sightseeing tours and luxury transfers in Spain","publisher":{"@id":"https:\/\/tourtravelandmore.com\/fr\/#organization"},"potentialAction":[{"@type":"SearchAction","target":{"@type":"EntryPoint","urlTemplate":"https:\/\/tourtravelandmore.com\/fr\/?s={search_term_string}"},"query-input":{"@type":"PropertyValueSpecification","valueRequired":true,"valueName":"search_term_string"}}],"inLanguage":"fr-FR"},{"@type":"Organization","@id":"https:\/\/tourtravelandmore.com\/fr\/#organization","name":"Tour Travel And More","url":"https:\/\/tourtravelandmore.com\/fr\/","logo":{"@type":"ImageObject","inLanguage":"fr-FR","@id":"https:\/\/tourtravelandmore.com\/fr\/#\/schema\/logo\/image\/","url":"https:\/\/tourtravelandmore.com\/wp-content\/uploads\/2022\/12\/cropped-logo-cabecera-new.png","contentUrl":"https:\/\/tourtravelandmore.com\/wp-content\/uploads\/2022\/12\/cropped-logo-cabecera-new.png","width":430,"height":61,"caption":"Tour Travel And More"},"image":{"@id":"https:\/\/tourtravelandmore.com\/fr\/#\/schema\/logo\/image\/"},"sameAs":["https:\/\/www.facebook.com\/tourtravelandmore\/","https:\/\/x.com\/TourTravel_More"]}]}},"_links":{"self":[{"href":"https:\/\/tourtravelandmore.com\/fr\/wp-json\/wp\/v2\/product\/103445","targetHints":{"allow":["GET"]}}],"collection":[{"href":"https:\/\/tourtravelandmore.com\/fr\/wp-json\/wp\/v2\/product"}],"about":[{"href":"https:\/\/tourtravelandmore.com\/fr\/wp-json\/wp\/v2\/types\/product"}],"replies":[{"embeddable":true,"href":"https:\/\/tourtravelandmore.com\/fr\/wp-json\/wp\/v2\/comments?post=103445"}],"wp:featuredmedia":[{"embeddable":true,"href":"https:\/\/tourtravelandmore.com\/fr\/wp-json\/wp\/v2\/media\/98038"}],"wp:attachment":[{"href":"https:\/\/tourtravelandmore.com\/fr\/wp-json\/wp\/v2\/media?parent=103445"}],"wp:term":[{"taxonomy":"product_brand","embeddable":true,"href":"https:\/\/tourtravelandmore.com\/fr\/wp-json\/wp\/v2\/product_brand?post=103445"},{"taxonomy":"product_cat","embeddable":true,"href":"https:\/\/tourtravelandmore.com\/fr\/wp-json\/wp\/v2\/product_cat?post=103445"},{"taxonomy":"product_tag","embeddable":true,"href":"https:\/\/tourtravelandmore.com\/fr\/wp-json\/wp\/v2\/product_tag?post=103445"}],"curies":[{"name":"wp","href":"https:\/\/api.w.org\/{rel}","templated":true}]}}