{"id":103435,"date":"2020-08-13T11:36:06","date_gmt":"2020-08-13T09:36:06","guid":{"rendered":"https:\/\/tourtravelandmore.com\/tours\/non%20class\u00e9\/excursion-dune-journee-a-zadar-au-depart-de-split-visite-privee-dune-journee\/"},"modified":"2025-01-14T20:41:35","modified_gmt":"2025-01-14T19:41:35","slug":"excursion-dune-journee-a-zadar-au-depart-de-split-visite-privee-dune-journee","status":"publish","type":"product","link":"https:\/\/tourtravelandmore.com\/fr\/tours\/croacia-fr-fr\/split-fr\/excursion-dune-journee-a-zadar-au-depart-de-split-visite-privee-dune-journee\/","title":{"rendered":"Excursion d&#8217;une journ\u00e9e \u00e0 Zadar au d\u00e9part de Split"},"content":{"rendered":"<h2>Description<\/h2>\n<p>Si vous avez tout vu \u00e0 Split et que vous en voulez toujours plus, nous avons cette excursion priv\u00e9e d&#8217;une journ\u00e9e \u00e0 Zadar au d\u00e9part de Split qui vous hallucinera. Zadar est l&#8217;une des plus anciennes et des plus belles villes de Croatie. Ne manquez pas l&#8217;occasion de d\u00e9couvrir et d&#8217;explorer cette merveilleuse ville.<\/p>\n<p>La ville de Zadar abrite d&#8217;anciennes ruines romaines, des \u00e9glises m\u00e9di\u00e9vales et une large gamme de mus\u00e9es. Au cours de votre visite priv\u00e9e, vous d\u00e9couvrirez l&#8217;histoire et le patrimoine de la ville.<\/p>\n<p>Vous aurez \u00e0 votre enti\u00e8re disposition un v\u00e9hicule de luxe priv\u00e9 avec chauffeur anglophone pendant 8 heures au d\u00e9part de Split. Une fois \u00e0 Zadar, vous profiterez d&#8217;une visite guid\u00e9e priv\u00e9e de 2 heures avec un expert local. Si vous pr\u00e9f\u00e9rez, nous pouvons \u00e9galement inclure des billets d&#8217;entr\u00e9e pour tout monument ou mus\u00e9e que vous souhaitez visiter.<\/p>\n<p>Cette excursion priv\u00e9e d&#8217;une journ\u00e9e \u00e0 Zadar au d\u00e9part de Split est enti\u00e8rement personnalis\u00e9e. Il vous suffit de nous contacter et de mentionner vos pr\u00e9f\u00e9rences, nous ferons alors le reste.<\/p>\n<p>Au cas o\u00f9 vous seriez int\u00e9ress\u00e9 par une excursion d&#8217;une demi-journ\u00e9e \u00e0 Trogir et Split ou ailleurs en Croatie, n&#8217;h\u00e9sitez pas \u00e0 nous contacter!<\/p>\n<h2>Sites d&#8217;int\u00e9r\u00eat et points de rep\u00e8re<\/h2>\n<p>Tout d&#8217;abord, vous rencontrerez votre chauffeur priv\u00e9 anglais dans le lieu de votre choix \u00e0 Split \u00e0 l&#8217;heure souhait\u00e9e. Si vous arrivez sur un bateau de croisi\u00e8re, nous pouvons \u00e9galement organiser la prise en charge au port de croisi\u00e8re.<\/p>\n<p>Le trajet de Split \u00e0 Zadar dure environ 2 heures et est identique pour le retour. Votre v\u00e9hicule priv\u00e9 de luxe climatis\u00e9 rendra votre voyage beaucoup plus confortable.<\/p>\n<p>Une fois \u00e0 Zadar, vous rencontrerez votre guide priv\u00e9 pour une visite \u00e0 pied de 2 heures des lieux les plus importants de la ville. Vous visiterez la Land Gate, qui \u00e9tait autrefois l&#8217;entr\u00e9e principale de la ville. Situ\u00e9 pr\u00e8s du port de Fo\u0161a, de l\u00e0, vous pourrez profiter d&#8217;une vue magnifique sur l&#8217;eau.<\/p>\n<p>Un autre arr\u00eat au cours de votre visite sera la place Renaissance Five Wells, qui est entour\u00e9e par la muraille m\u00e9di\u00e9vale et la tour du capitaine. Vous visiterez \u00e9galement les remparts et les bastions de la ville et l&#8217;\u00e9glise Saint-Donat. L&#8217;\u00e9glise est le monument le plus pr\u00e9cieux de l&#8217;architecture pr\u00e9romane du d\u00e9but du Moyen \u00c2ge (IXe si\u00e8cle) en Croatie.<\/p>\n<p>Au cours de la derni\u00e8re partie de votre visite priv\u00e9e, vous visiterez le Forum romain et les deux principales attractions de Zadar: l&#8217;orgue marin et la salutation au soleil, o\u00f9 vous pourrez admirer le plus beau coucher de soleil de Croatie!<\/p>\n<p>Le Forum romain est situ\u00e9 \u00e0 seulement quelques pas du front de mer. Il a \u00e9t\u00e9 command\u00e9 par le premier empereur romain, Auguste, et construit entre le 1er si\u00e8cle avant notre \u00e8re. et 3e si\u00e8cle de notre \u00e8re.<\/p>\n<p>Enfin, vous visiterez l&#8217;orgue marin et le salut au soleil, les attractions les plus connues de Zadar. Les deux sont des \u0153uvres de l&#8217;architecte local Nikola Ba\u0161i\u0107. L&#8217;orgue de mer est un objet d&#8217;art sonore et un instrument de musique exp\u00e9rimental qui cr\u00e9e de jolis airs carillons en utilisant uniquement la puissance de roulement des vagues de la mer.<\/p>\n<p>\u00c0 la fin de la visite, votre chauffeur priv\u00e9 vous ram\u00e8nera \u00e0 votre h\u00f4tel ou \u00e0 votre point de d\u00e9part \u00e0 Split.<\/p>\n","protected":false},"excerpt":{"rendered":"<p>Profitez de cette visite priv\u00e9e et personnalis\u00e9e de Split \u00e0 Zadar \u00e0 l&#8217;aise dans votre v\u00e9hicule de luxe priv\u00e9. Zadar est une ville croate unique pleine d&#8217;\u00e9glises m\u00e9di\u00e9vales, de mus\u00e9es et de ruines. Votre guide touristique local officiel priv\u00e9 vous montrera tous les coins et secrets de cette ville unique. Nous pouvons inclure des billets d&#8217;entr\u00e9e \u00e0 n&#8217;importe quel endroit que vous souhaitez visiter lors de cette visite priv\u00e9e. Votre chauffeur priv\u00e9 et votre guide seront \u00e0 votre enti\u00e8re disposition.<\/p>\n<p>&nbsp;<\/p>\n","protected":false},"featured_media":98036,"comment_status":"open","ping_status":"closed","template":"","meta":{"_acf_changed":false},"product_brand":[],"product_cat":[5454,5456,5455,3785],"product_tag":[],"class_list":{"0":"post-103435","1":"product","2":"type-product","3":"status-publish","4":"has-post-thumbnail","6":"product_cat-all-private-tours-and-activities-fr-11","7":"product_cat-private-shore-excursions-fr-15","8":"product_cat-private-sightseeing-tours-fr-43","9":"product_cat-split-fr","11":"first","12":"instock","13":"shipping-taxable","14":"purchasable","15":"product-type-simple"},"acf":[],"yoast_head":"<!-- This site is optimized with the Yoast SEO Premium plugin v25.3.1 (Yoast SEO v25.3.1) - https:\/\/yoast.com\/wordpress\/plugins\/seo\/ -->\n<title>Excursion priv\u00e9e d&#039;une journ\u00e9e \u00e0 Zadar au d\u00e9part de Split confortable dans votre v\u00e9hicule de luxe<\/title>\n<meta name=\"description\" content=\"Profitez de cette visite priv\u00e9e de Zadar avec votre guide officiel de Split. D\u00e9couvrez les plus beaux endroits et monuments avec un expert local.\" \/>\n<meta name=\"robots\" content=\"index, follow, max-snippet:-1, max-image-preview:large, max-video-preview:-1\" \/>\n<link rel=\"canonical\" href=\"https:\/\/tourtravelandmore.com\/fr\/tours\/croacia-fr-fr\/split-fr\/excursion-dune-journee-a-zadar-au-depart-de-split-visite-privee-dune-journee\/\" \/>\n<meta property=\"og:locale\" content=\"fr_FR\" \/>\n<meta property=\"og:type\" content=\"article\" \/>\n<meta property=\"og:title\" content=\"Excursion d&#039;une journ\u00e9e \u00e0 Zadar au d\u00e9part de Split\" \/>\n<meta property=\"og:description\" content=\"Profitez de cette visite priv\u00e9e de Zadar avec votre guide officiel de Split. D\u00e9couvrez les plus beaux endroits et monuments avec un expert local.\" \/>\n<meta property=\"og:url\" content=\"https:\/\/tourtravelandmore.com\/fr\/tours\/croacia-fr-fr\/split-fr\/excursion-dune-journee-a-zadar-au-depart-de-split-visite-privee-dune-journee\/\" \/>\n<meta property=\"og:site_name\" content=\"Tour Travel And More\" \/>\n<meta property=\"article:publisher\" content=\"https:\/\/www.facebook.com\/tourtravelandmore\/\" \/>\n<meta property=\"article:modified_time\" content=\"2025-01-14T19:41:35+00:00\" \/>\n<meta property=\"og:image\" content=\"https:\/\/tourtravelandmore.com\/wp-content\/uploads\/2020\/08\/zadar-2.jpg\" \/>\n\t<meta property=\"og:image:width\" content=\"1024\" \/>\n\t<meta property=\"og:image:height\" content=\"680\" \/>\n\t<meta property=\"og:image:type\" content=\"image\/jpeg\" \/>\n<meta name=\"twitter:card\" content=\"summary_large_image\" \/>\n<meta name=\"twitter:site\" content=\"@TourTravel_More\" \/>\n<meta name=\"twitter:label1\" content=\"Dur\u00e9e de lecture estim\u00e9e\" \/>\n\t<meta name=\"twitter:data1\" content=\"3 minutes\" \/>\n<script type=\"application\/ld+json\" class=\"yoast-schema-graph\">{\"@context\":\"https:\/\/schema.org\",\"@graph\":[{\"@type\":\"WebPage\",\"@id\":\"https:\/\/tourtravelandmore.com\/fr\/tours\/croacia-fr-fr\/split-fr\/excursion-dune-journee-a-zadar-au-depart-de-split-visite-privee-dune-journee\/\",\"url\":\"https:\/\/tourtravelandmore.com\/fr\/tours\/croacia-fr-fr\/split-fr\/excursion-dune-journee-a-zadar-au-depart-de-split-visite-privee-dune-journee\/\",\"name\":\"Excursion priv\u00e9e d'une journ\u00e9e \u00e0 Zadar au d\u00e9part de Split confortable dans votre v\u00e9hicule de luxe\",\"isPartOf\":{\"@id\":\"https:\/\/tourtravelandmore.com\/fr\/#website\"},\"primaryImageOfPage\":{\"@id\":\"https:\/\/tourtravelandmore.com\/fr\/tours\/croacia-fr-fr\/split-fr\/excursion-dune-journee-a-zadar-au-depart-de-split-visite-privee-dune-journee\/#primaryimage\"},\"image\":{\"@id\":\"https:\/\/tourtravelandmore.com\/fr\/tours\/croacia-fr-fr\/split-fr\/excursion-dune-journee-a-zadar-au-depart-de-split-visite-privee-dune-journee\/#primaryimage\"},\"thumbnailUrl\":\"https:\/\/tourtravelandmore.com\/wp-content\/uploads\/2020\/08\/zadar-2.jpg\",\"datePublished\":\"2020-08-13T09:36:06+00:00\",\"dateModified\":\"2025-01-14T19:41:35+00:00\",\"description\":\"Profitez de cette visite priv\u00e9e de Zadar avec votre guide officiel de Split. D\u00e9couvrez les plus beaux endroits et monuments avec un expert local.\",\"breadcrumb\":{\"@id\":\"https:\/\/tourtravelandmore.com\/fr\/tours\/croacia-fr-fr\/split-fr\/excursion-dune-journee-a-zadar-au-depart-de-split-visite-privee-dune-journee\/#breadcrumb\"},\"inLanguage\":\"fr-FR\",\"potentialAction\":[{\"@type\":\"ReadAction\",\"target\":[\"https:\/\/tourtravelandmore.com\/fr\/tours\/croacia-fr-fr\/split-fr\/excursion-dune-journee-a-zadar-au-depart-de-split-visite-privee-dune-journee\/\"]}]},{\"@type\":\"ImageObject\",\"inLanguage\":\"fr-FR\",\"@id\":\"https:\/\/tourtravelandmore.com\/fr\/tours\/croacia-fr-fr\/split-fr\/excursion-dune-journee-a-zadar-au-depart-de-split-visite-privee-dune-journee\/#primaryimage\",\"url\":\"https:\/\/tourtravelandmore.com\/wp-content\/uploads\/2020\/08\/zadar-2.jpg\",\"contentUrl\":\"https:\/\/tourtravelandmore.com\/wp-content\/uploads\/2020\/08\/zadar-2.jpg\",\"width\":1024,\"height\":680},{\"@type\":\"BreadcrumbList\",\"@id\":\"https:\/\/tourtravelandmore.com\/fr\/tours\/croacia-fr-fr\/split-fr\/excursion-dune-journee-a-zadar-au-depart-de-split-visite-privee-dune-journee\/#breadcrumb\",\"itemListElement\":[{\"@type\":\"ListItem\",\"position\":1,\"name\":\"Home\",\"item\":\"https:\/\/tourtravelandmore.com\/fr\/\"},{\"@type\":\"ListItem\",\"position\":2,\"name\":\"Tours\",\"item\":\"https:\/\/tourtravelandmore.com\/fr\/tours\/\"},{\"@type\":\"ListItem\",\"position\":3,\"name\":\"Excursion d&#8217;une journ\u00e9e \u00e0 Zadar au d\u00e9part de Split\"}]},{\"@type\":\"WebSite\",\"@id\":\"https:\/\/tourtravelandmore.com\/fr\/#website\",\"url\":\"https:\/\/tourtravelandmore.com\/fr\/\",\"name\":\"Tour Travel And More\",\"description\":\"Private sightseeing tours and luxury transfers in Spain\",\"publisher\":{\"@id\":\"https:\/\/tourtravelandmore.com\/fr\/#organization\"},\"potentialAction\":[{\"@type\":\"SearchAction\",\"target\":{\"@type\":\"EntryPoint\",\"urlTemplate\":\"https:\/\/tourtravelandmore.com\/fr\/?s={search_term_string}\"},\"query-input\":{\"@type\":\"PropertyValueSpecification\",\"valueRequired\":true,\"valueName\":\"search_term_string\"}}],\"inLanguage\":\"fr-FR\"},{\"@type\":\"Organization\",\"@id\":\"https:\/\/tourtravelandmore.com\/fr\/#organization\",\"name\":\"Tour Travel And More\",\"url\":\"https:\/\/tourtravelandmore.com\/fr\/\",\"logo\":{\"@type\":\"ImageObject\",\"inLanguage\":\"fr-FR\",\"@id\":\"https:\/\/tourtravelandmore.com\/fr\/#\/schema\/logo\/image\/\",\"url\":\"https:\/\/tourtravelandmore.com\/wp-content\/uploads\/2022\/12\/cropped-logo-cabecera-new.png\",\"contentUrl\":\"https:\/\/tourtravelandmore.com\/wp-content\/uploads\/2022\/12\/cropped-logo-cabecera-new.png\",\"width\":430,\"height\":61,\"caption\":\"Tour Travel And More\"},\"image\":{\"@id\":\"https:\/\/tourtravelandmore.com\/fr\/#\/schema\/logo\/image\/\"},\"sameAs\":[\"https:\/\/www.facebook.com\/tourtravelandmore\/\",\"https:\/\/x.com\/TourTravel_More\"]}]}<\/script>\n<!-- \/ Yoast SEO Premium plugin. -->","yoast_head_json":{"title":"Excursion priv\u00e9e d'une journ\u00e9e \u00e0 Zadar au d\u00e9part de Split confortable dans votre v\u00e9hicule de luxe","description":"Profitez de cette visite priv\u00e9e de Zadar avec votre guide officiel de Split. D\u00e9couvrez les plus beaux endroits et monuments avec un expert local.","robots":{"index":"index","follow":"follow","max-snippet":"max-snippet:-1","max-image-preview":"max-image-preview:large","max-video-preview":"max-video-preview:-1"},"canonical":"https:\/\/tourtravelandmore.com\/fr\/tours\/croacia-fr-fr\/split-fr\/excursion-dune-journee-a-zadar-au-depart-de-split-visite-privee-dune-journee\/","og_locale":"fr_FR","og_type":"article","og_title":"Excursion d'une journ\u00e9e \u00e0 Zadar au d\u00e9part de Split","og_description":"Profitez de cette visite priv\u00e9e de Zadar avec votre guide officiel de Split. D\u00e9couvrez les plus beaux endroits et monuments avec un expert local.","og_url":"https:\/\/tourtravelandmore.com\/fr\/tours\/croacia-fr-fr\/split-fr\/excursion-dune-journee-a-zadar-au-depart-de-split-visite-privee-dune-journee\/","og_site_name":"Tour Travel And More","article_publisher":"https:\/\/www.facebook.com\/tourtravelandmore\/","article_modified_time":"2025-01-14T19:41:35+00:00","og_image":[{"width":1024,"height":680,"url":"https:\/\/tourtravelandmore.com\/wp-content\/uploads\/2020\/08\/zadar-2.jpg","type":"image\/jpeg"}],"twitter_card":"summary_large_image","twitter_site":"@TourTravel_More","twitter_misc":{"Dur\u00e9e de lecture estim\u00e9e":"3 minutes"},"schema":{"@context":"https:\/\/schema.org","@graph":[{"@type":"WebPage","@id":"https:\/\/tourtravelandmore.com\/fr\/tours\/croacia-fr-fr\/split-fr\/excursion-dune-journee-a-zadar-au-depart-de-split-visite-privee-dune-journee\/","url":"https:\/\/tourtravelandmore.com\/fr\/tours\/croacia-fr-fr\/split-fr\/excursion-dune-journee-a-zadar-au-depart-de-split-visite-privee-dune-journee\/","name":"Excursion priv\u00e9e d'une journ\u00e9e \u00e0 Zadar au d\u00e9part de Split confortable dans votre v\u00e9hicule de luxe","isPartOf":{"@id":"https:\/\/tourtravelandmore.com\/fr\/#website"},"primaryImageOfPage":{"@id":"https:\/\/tourtravelandmore.com\/fr\/tours\/croacia-fr-fr\/split-fr\/excursion-dune-journee-a-zadar-au-depart-de-split-visite-privee-dune-journee\/#primaryimage"},"image":{"@id":"https:\/\/tourtravelandmore.com\/fr\/tours\/croacia-fr-fr\/split-fr\/excursion-dune-journee-a-zadar-au-depart-de-split-visite-privee-dune-journee\/#primaryimage"},"thumbnailUrl":"https:\/\/tourtravelandmore.com\/wp-content\/uploads\/2020\/08\/zadar-2.jpg","datePublished":"2020-08-13T09:36:06+00:00","dateModified":"2025-01-14T19:41:35+00:00","description":"Profitez de cette visite priv\u00e9e de Zadar avec votre guide officiel de Split. D\u00e9couvrez les plus beaux endroits et monuments avec un expert local.","breadcrumb":{"@id":"https:\/\/tourtravelandmore.com\/fr\/tours\/croacia-fr-fr\/split-fr\/excursion-dune-journee-a-zadar-au-depart-de-split-visite-privee-dune-journee\/#breadcrumb"},"inLanguage":"fr-FR","potentialAction":[{"@type":"ReadAction","target":["https:\/\/tourtravelandmore.com\/fr\/tours\/croacia-fr-fr\/split-fr\/excursion-dune-journee-a-zadar-au-depart-de-split-visite-privee-dune-journee\/"]}]},{"@type":"ImageObject","inLanguage":"fr-FR","@id":"https:\/\/tourtravelandmore.com\/fr\/tours\/croacia-fr-fr\/split-fr\/excursion-dune-journee-a-zadar-au-depart-de-split-visite-privee-dune-journee\/#primaryimage","url":"https:\/\/tourtravelandmore.com\/wp-content\/uploads\/2020\/08\/zadar-2.jpg","contentUrl":"https:\/\/tourtravelandmore.com\/wp-content\/uploads\/2020\/08\/zadar-2.jpg","width":1024,"height":680},{"@type":"BreadcrumbList","@id":"https:\/\/tourtravelandmore.com\/fr\/tours\/croacia-fr-fr\/split-fr\/excursion-dune-journee-a-zadar-au-depart-de-split-visite-privee-dune-journee\/#breadcrumb","itemListElement":[{"@type":"ListItem","position":1,"name":"Home","item":"https:\/\/tourtravelandmore.com\/fr\/"},{"@type":"ListItem","position":2,"name":"Tours","item":"https:\/\/tourtravelandmore.com\/fr\/tours\/"},{"@type":"ListItem","position":3,"name":"Excursion d&#8217;une journ\u00e9e \u00e0 Zadar au d\u00e9part de Split"}]},{"@type":"WebSite","@id":"https:\/\/tourtravelandmore.com\/fr\/#website","url":"https:\/\/tourtravelandmore.com\/fr\/","name":"Tour Travel And More","description":"Private sightseeing tours and luxury transfers in Spain","publisher":{"@id":"https:\/\/tourtravelandmore.com\/fr\/#organization"},"potentialAction":[{"@type":"SearchAction","target":{"@type":"EntryPoint","urlTemplate":"https:\/\/tourtravelandmore.com\/fr\/?s={search_term_string}"},"query-input":{"@type":"PropertyValueSpecification","valueRequired":true,"valueName":"search_term_string"}}],"inLanguage":"fr-FR"},{"@type":"Organization","@id":"https:\/\/tourtravelandmore.com\/fr\/#organization","name":"Tour Travel And More","url":"https:\/\/tourtravelandmore.com\/fr\/","logo":{"@type":"ImageObject","inLanguage":"fr-FR","@id":"https:\/\/tourtravelandmore.com\/fr\/#\/schema\/logo\/image\/","url":"https:\/\/tourtravelandmore.com\/wp-content\/uploads\/2022\/12\/cropped-logo-cabecera-new.png","contentUrl":"https:\/\/tourtravelandmore.com\/wp-content\/uploads\/2022\/12\/cropped-logo-cabecera-new.png","width":430,"height":61,"caption":"Tour Travel And More"},"image":{"@id":"https:\/\/tourtravelandmore.com\/fr\/#\/schema\/logo\/image\/"},"sameAs":["https:\/\/www.facebook.com\/tourtravelandmore\/","https:\/\/x.com\/TourTravel_More"]}]}},"_links":{"self":[{"href":"https:\/\/tourtravelandmore.com\/fr\/wp-json\/wp\/v2\/product\/103435","targetHints":{"allow":["GET"]}}],"collection":[{"href":"https:\/\/tourtravelandmore.com\/fr\/wp-json\/wp\/v2\/product"}],"about":[{"href":"https:\/\/tourtravelandmore.com\/fr\/wp-json\/wp\/v2\/types\/product"}],"replies":[{"embeddable":true,"href":"https:\/\/tourtravelandmore.com\/fr\/wp-json\/wp\/v2\/comments?post=103435"}],"wp:featuredmedia":[{"embeddable":true,"href":"https:\/\/tourtravelandmore.com\/fr\/wp-json\/wp\/v2\/media\/98036"}],"wp:attachment":[{"href":"https:\/\/tourtravelandmore.com\/fr\/wp-json\/wp\/v2\/media?parent=103435"}],"wp:term":[{"taxonomy":"product_brand","embeddable":true,"href":"https:\/\/tourtravelandmore.com\/fr\/wp-json\/wp\/v2\/product_brand?post=103435"},{"taxonomy":"product_cat","embeddable":true,"href":"https:\/\/tourtravelandmore.com\/fr\/wp-json\/wp\/v2\/product_cat?post=103435"},{"taxonomy":"product_tag","embeddable":true,"href":"https:\/\/tourtravelandmore.com\/fr\/wp-json\/wp\/v2\/product_tag?post=103435"}],"curies":[{"name":"wp","href":"https:\/\/api.w.org\/{rel}","templated":true}]}}