{"id":103430,"date":"2020-08-13T09:56:38","date_gmt":"2020-08-13T07:56:38","guid":{"rendered":"https:\/\/tourtravelandmore.com\/tours\/non%20class\u00e9\/visite-privee-de-trogir-et-split\/"},"modified":"2025-01-23T19:08:01","modified_gmt":"2025-01-23T18:08:01","slug":"visite-privee-de-trogir-et-split","status":"publish","type":"product","link":"https:\/\/tourtravelandmore.com\/fr\/tours\/croacia-fr-fr\/split-fr\/visite-privee-de-trogir-et-split\/","title":{"rendered":"Visite priv\u00e9e de Trogir et Split"},"content":{"rendered":"<h2>Description<\/h2>\n<p>Si vous souhaitez une courte visite de Split et de ses environs, cette visite priv\u00e9e de Trogir et de Split pourrait \u00eatre une option parfaite. Vous pourrez visiter une ville insulaire de l&#8217;UNESCO et le vieux centre de Split avec un guide officiel local.<\/p>\n<p>Split est situ\u00e9e sur une petite p\u00e9ninsule et tire son nom des anciens Grecs qui s&#8217;y install\u00e8rent au 4\u00e8me si\u00e8cle. Son nom d\u00e9rive du mot grec \u00abAspalathos\u00bb qui signifie la fleur de balai espagnole.<\/p>\n<p>D&#8217;un autre c\u00f4t\u00e9, Trogir est une ville qui vaut vraiment la peine d&#8217;\u00eatre connue. C&#8217;est une ville historique situ\u00e9e sur la c\u00f4te de la mer Adriatique dans la r\u00e9gion de Split-Dalmatie. Un fait int\u00e9ressant est que la ville a \u00e9t\u00e9 construite sur une petite \u00eele situ\u00e9e entre le continent et l&#8217;\u00eele de Ciovo.<\/p>\n<p>En raison de son agencement urbain unique et de la pertinence de certains de ses b\u00e2timents baroques et Renaissance, Trogir a \u00e9t\u00e9 d\u00e9clar\u00e9e patrimoine mondial de l&#8217;UNESCO en 1997.<\/p>\n<p>Avec cette visite priv\u00e9e de Trogir et de Split, vous pourrez visiter les vieilles villes des deux villes et admirer son architecture unique. Votre chauffeur priv\u00e9 et votre guide officiel seront \u00e0 votre enti\u00e8re disposition pendant toute la dur\u00e9e de la visite. Voici un exemple de visite de 4 heures, mais comme il s&#8217;agit d&#8217;une exp\u00e9rience priv\u00e9e, vous pourrez personnaliser n&#8217;importe quelle partie du voyage.<\/p>\n<h2>Sites d&#8217;int\u00e9r\u00eat et points de rep\u00e8re<\/h2>\n<p>Tout d&#8217;abord, votre chauffeur priv\u00e9 anglais et votre guide officiel viendront vous chercher \u00e0 l&#8217;endroit de votre choix \u00e0 Split dans un v\u00e9hicule de luxe. La visite peut commencer \u00e0 l&#8217;heure souhait\u00e9e.<\/p>\n<p>Deuxi\u00e8mement, vous profitez d&#8217;une promenade c\u00f4ti\u00e8re de 30 minutes jusqu&#8217;\u00e0 la ville insulaire de Trogir. Ici, vous marcherez le long de ses rues pav\u00e9es, de ses places et de sa promenade en bord de mer pour admirer sa vue imprenable. Vous pourrez \u00e9galement voir les lieux suivants:<\/p>\n<ul>\n<li>Cath\u00e9drale Saint-Laurent: du XIIIe si\u00e8cle<\/li>\n<li>Fort v\u00e9nitien de Kamerlengo: du XVIe si\u00e8cle<\/li>\n<li>Palais de la Renaissance m\u00e9di\u00e9vale<\/li>\n<li>Maisons locales en calcaire<\/li>\n<li>et beaucoup plus!<\/li>\n<\/ul>\n<p>Apr\u00e8s avoir visit\u00e9 cette ville insulaire incroyable, vous retournerez \u00e0 Split pour une visite guid\u00e9e de la vieille ville. Une fois \u00e0 Split, votre guide officiel priv\u00e9 vous emm\u00e8nera visiter les monuments et lieux les plus importants, tels que:<\/p>\n<ul>\n<li>Palais de Diocl\u00e9tien<\/li>\n<li>Cath\u00e9drale de San Diomo<\/li>\n<li>P\u00e9ristyle<\/li>\n<li>Porte dor\u00e9e<\/li>\n<li>Riva<\/li>\n<li>et beaucoup plus!<\/li>\n<\/ul>\n<p>Enfin, votre chauffeur priv\u00e9 et votre guide officiel vous ram\u00e8neront \u00e0 votre point de d\u00e9part \u00e0 Split.<\/p>\n<p>Si vous souhaitez seulement une visite guid\u00e9e de Split, jetez un \u0153il \u00e0 notre visite priv\u00e9e \u00e0 pied de Split.<\/p>\n","protected":false},"excerpt":{"rendered":"<p>Le pays croate a beaucoup \u00e0 offrir, donc \u00e0 cette occasion, nous recommandons vivement cette visite priv\u00e9e de Split et Trogir au d\u00e9part de Split. C&#8217;est une visite parfaite pour ceux qui n&#8217;ont pas beaucoup de temps \u00e0 explorer. Vous aurez un v\u00e9hicule de luxe priv\u00e9 avec chauffeur disponible pendant les 2 premi\u00e8res heures pour visiter Trogir, puis \u00e0 Split, vous profiterez d&#8217;une visite priv\u00e9e de la ville. Un guide officiel sera \u00e0 votre disposition pendant toute la dur\u00e9e de la visite.<\/p>\n","protected":false},"featured_media":98030,"comment_status":"open","ping_status":"closed","template":"","meta":{"_acf_changed":false},"product_brand":[],"product_cat":[5454,5456,5455,3785],"product_tag":[],"class_list":{"0":"post-103430","1":"product","2":"type-product","3":"status-publish","4":"has-post-thumbnail","6":"product_cat-all-private-tours-and-activities-fr-11","7":"product_cat-private-shore-excursions-fr-15","8":"product_cat-private-sightseeing-tours-fr-43","9":"product_cat-split-fr","11":"first","12":"instock","13":"shipping-taxable","14":"purchasable","15":"product-type-simple"},"acf":[],"yoast_head":"<!-- This site is optimized with the Yoast SEO Premium plugin v25.3.1 (Yoast SEO v25.3.1) - https:\/\/yoast.com\/wordpress\/plugins\/seo\/ -->\n<title>Visite priv\u00e9e de Trogir et Split avec chauffeur priv\u00e9 et guide officiel<\/title>\n<meta name=\"description\" content=\"Profitez de cette visite priv\u00e9e d&#039;une demi-journ\u00e9e de Trogir et de Split confortablement dans votre v\u00e9hicule de luxe priv\u00e9. Visitez la vieille ville de Split et une ville insulaire de l&#039;UNESCO.\" \/>\n<meta name=\"robots\" content=\"index, follow, max-snippet:-1, max-image-preview:large, max-video-preview:-1\" \/>\n<link rel=\"canonical\" href=\"https:\/\/tourtravelandmore.com\/fr\/tours\/croacia-fr-fr\/split-fr\/visite-privee-de-trogir-et-split\/\" \/>\n<meta property=\"og:locale\" content=\"fr_FR\" \/>\n<meta property=\"og:type\" content=\"article\" \/>\n<meta property=\"og:title\" content=\"Visite priv\u00e9e de Trogir et Split\" \/>\n<meta property=\"og:description\" content=\"Profitez de cette visite priv\u00e9e d&#039;une demi-journ\u00e9e de Trogir et de Split confortablement dans votre v\u00e9hicule de luxe priv\u00e9. Visitez la vieille ville de Split et une ville insulaire de l&#039;UNESCO.\" \/>\n<meta property=\"og:url\" content=\"https:\/\/tourtravelandmore.com\/fr\/tours\/croacia-fr-fr\/split-fr\/visite-privee-de-trogir-et-split\/\" \/>\n<meta property=\"og:site_name\" content=\"Tour Travel And More\" \/>\n<meta property=\"article:publisher\" content=\"https:\/\/www.facebook.com\/tourtravelandmore\/\" \/>\n<meta property=\"article:modified_time\" content=\"2025-01-23T18:08:01+00:00\" \/>\n<meta property=\"og:image\" content=\"https:\/\/tourtravelandmore.com\/wp-content\/uploads\/2020\/08\/trogir-1-scaled.jpg\" \/>\n\t<meta property=\"og:image:width\" content=\"2560\" \/>\n\t<meta property=\"og:image:height\" content=\"1702\" \/>\n\t<meta property=\"og:image:type\" content=\"image\/jpeg\" \/>\n<meta name=\"twitter:card\" content=\"summary_large_image\" \/>\n<meta name=\"twitter:site\" content=\"@TourTravel_More\" \/>\n<meta name=\"twitter:label1\" content=\"Dur\u00e9e de lecture estim\u00e9e\" \/>\n\t<meta name=\"twitter:data1\" content=\"2 minutes\" \/>\n<script type=\"application\/ld+json\" class=\"yoast-schema-graph\">{\"@context\":\"https:\/\/schema.org\",\"@graph\":[{\"@type\":\"WebPage\",\"@id\":\"https:\/\/tourtravelandmore.com\/fr\/tours\/croacia-fr-fr\/split-fr\/visite-privee-de-trogir-et-split\/\",\"url\":\"https:\/\/tourtravelandmore.com\/fr\/tours\/croacia-fr-fr\/split-fr\/visite-privee-de-trogir-et-split\/\",\"name\":\"Visite priv\u00e9e de Trogir et Split avec chauffeur priv\u00e9 et guide officiel\",\"isPartOf\":{\"@id\":\"https:\/\/tourtravelandmore.com\/fr\/#website\"},\"primaryImageOfPage\":{\"@id\":\"https:\/\/tourtravelandmore.com\/fr\/tours\/croacia-fr-fr\/split-fr\/visite-privee-de-trogir-et-split\/#primaryimage\"},\"image\":{\"@id\":\"https:\/\/tourtravelandmore.com\/fr\/tours\/croacia-fr-fr\/split-fr\/visite-privee-de-trogir-et-split\/#primaryimage\"},\"thumbnailUrl\":\"https:\/\/tourtravelandmore.com\/wp-content\/uploads\/2020\/08\/trogir-1-scaled.jpg\",\"datePublished\":\"2020-08-13T07:56:38+00:00\",\"dateModified\":\"2025-01-23T18:08:01+00:00\",\"description\":\"Profitez de cette visite priv\u00e9e d'une demi-journ\u00e9e de Trogir et de Split confortablement dans votre v\u00e9hicule de luxe priv\u00e9. Visitez la vieille ville de Split et une ville insulaire de l'UNESCO.\",\"breadcrumb\":{\"@id\":\"https:\/\/tourtravelandmore.com\/fr\/tours\/croacia-fr-fr\/split-fr\/visite-privee-de-trogir-et-split\/#breadcrumb\"},\"inLanguage\":\"fr-FR\",\"potentialAction\":[{\"@type\":\"ReadAction\",\"target\":[\"https:\/\/tourtravelandmore.com\/fr\/tours\/croacia-fr-fr\/split-fr\/visite-privee-de-trogir-et-split\/\"]}]},{\"@type\":\"ImageObject\",\"inLanguage\":\"fr-FR\",\"@id\":\"https:\/\/tourtravelandmore.com\/fr\/tours\/croacia-fr-fr\/split-fr\/visite-privee-de-trogir-et-split\/#primaryimage\",\"url\":\"https:\/\/tourtravelandmore.com\/wp-content\/uploads\/2020\/08\/trogir-1-scaled.jpg\",\"contentUrl\":\"https:\/\/tourtravelandmore.com\/wp-content\/uploads\/2020\/08\/trogir-1-scaled.jpg\",\"width\":2560,\"height\":1702},{\"@type\":\"BreadcrumbList\",\"@id\":\"https:\/\/tourtravelandmore.com\/fr\/tours\/croacia-fr-fr\/split-fr\/visite-privee-de-trogir-et-split\/#breadcrumb\",\"itemListElement\":[{\"@type\":\"ListItem\",\"position\":1,\"name\":\"Home\",\"item\":\"https:\/\/tourtravelandmore.com\/fr\/\"},{\"@type\":\"ListItem\",\"position\":2,\"name\":\"Tours\",\"item\":\"https:\/\/tourtravelandmore.com\/fr\/tours\/\"},{\"@type\":\"ListItem\",\"position\":3,\"name\":\"Visite priv\u00e9e de Trogir et Split\"}]},{\"@type\":\"WebSite\",\"@id\":\"https:\/\/tourtravelandmore.com\/fr\/#website\",\"url\":\"https:\/\/tourtravelandmore.com\/fr\/\",\"name\":\"Tour Travel And More\",\"description\":\"Private sightseeing tours and luxury transfers in Spain\",\"publisher\":{\"@id\":\"https:\/\/tourtravelandmore.com\/fr\/#organization\"},\"potentialAction\":[{\"@type\":\"SearchAction\",\"target\":{\"@type\":\"EntryPoint\",\"urlTemplate\":\"https:\/\/tourtravelandmore.com\/fr\/?s={search_term_string}\"},\"query-input\":{\"@type\":\"PropertyValueSpecification\",\"valueRequired\":true,\"valueName\":\"search_term_string\"}}],\"inLanguage\":\"fr-FR\"},{\"@type\":\"Organization\",\"@id\":\"https:\/\/tourtravelandmore.com\/fr\/#organization\",\"name\":\"Tour Travel And More\",\"url\":\"https:\/\/tourtravelandmore.com\/fr\/\",\"logo\":{\"@type\":\"ImageObject\",\"inLanguage\":\"fr-FR\",\"@id\":\"https:\/\/tourtravelandmore.com\/fr\/#\/schema\/logo\/image\/\",\"url\":\"https:\/\/tourtravelandmore.com\/wp-content\/uploads\/2022\/12\/cropped-logo-cabecera-new.png\",\"contentUrl\":\"https:\/\/tourtravelandmore.com\/wp-content\/uploads\/2022\/12\/cropped-logo-cabecera-new.png\",\"width\":430,\"height\":61,\"caption\":\"Tour Travel And More\"},\"image\":{\"@id\":\"https:\/\/tourtravelandmore.com\/fr\/#\/schema\/logo\/image\/\"},\"sameAs\":[\"https:\/\/www.facebook.com\/tourtravelandmore\/\",\"https:\/\/x.com\/TourTravel_More\"]}]}<\/script>\n<!-- \/ Yoast SEO Premium plugin. -->","yoast_head_json":{"title":"Visite priv\u00e9e de Trogir et Split avec chauffeur priv\u00e9 et guide officiel","description":"Profitez de cette visite priv\u00e9e d'une demi-journ\u00e9e de Trogir et de Split confortablement dans votre v\u00e9hicule de luxe priv\u00e9. Visitez la vieille ville de Split et une ville insulaire de l'UNESCO.","robots":{"index":"index","follow":"follow","max-snippet":"max-snippet:-1","max-image-preview":"max-image-preview:large","max-video-preview":"max-video-preview:-1"},"canonical":"https:\/\/tourtravelandmore.com\/fr\/tours\/croacia-fr-fr\/split-fr\/visite-privee-de-trogir-et-split\/","og_locale":"fr_FR","og_type":"article","og_title":"Visite priv\u00e9e de Trogir et Split","og_description":"Profitez de cette visite priv\u00e9e d'une demi-journ\u00e9e de Trogir et de Split confortablement dans votre v\u00e9hicule de luxe priv\u00e9. Visitez la vieille ville de Split et une ville insulaire de l'UNESCO.","og_url":"https:\/\/tourtravelandmore.com\/fr\/tours\/croacia-fr-fr\/split-fr\/visite-privee-de-trogir-et-split\/","og_site_name":"Tour Travel And More","article_publisher":"https:\/\/www.facebook.com\/tourtravelandmore\/","article_modified_time":"2025-01-23T18:08:01+00:00","og_image":[{"width":2560,"height":1702,"url":"https:\/\/tourtravelandmore.com\/wp-content\/uploads\/2020\/08\/trogir-1-scaled.jpg","type":"image\/jpeg"}],"twitter_card":"summary_large_image","twitter_site":"@TourTravel_More","twitter_misc":{"Dur\u00e9e de lecture estim\u00e9e":"2 minutes"},"schema":{"@context":"https:\/\/schema.org","@graph":[{"@type":"WebPage","@id":"https:\/\/tourtravelandmore.com\/fr\/tours\/croacia-fr-fr\/split-fr\/visite-privee-de-trogir-et-split\/","url":"https:\/\/tourtravelandmore.com\/fr\/tours\/croacia-fr-fr\/split-fr\/visite-privee-de-trogir-et-split\/","name":"Visite priv\u00e9e de Trogir et Split avec chauffeur priv\u00e9 et guide officiel","isPartOf":{"@id":"https:\/\/tourtravelandmore.com\/fr\/#website"},"primaryImageOfPage":{"@id":"https:\/\/tourtravelandmore.com\/fr\/tours\/croacia-fr-fr\/split-fr\/visite-privee-de-trogir-et-split\/#primaryimage"},"image":{"@id":"https:\/\/tourtravelandmore.com\/fr\/tours\/croacia-fr-fr\/split-fr\/visite-privee-de-trogir-et-split\/#primaryimage"},"thumbnailUrl":"https:\/\/tourtravelandmore.com\/wp-content\/uploads\/2020\/08\/trogir-1-scaled.jpg","datePublished":"2020-08-13T07:56:38+00:00","dateModified":"2025-01-23T18:08:01+00:00","description":"Profitez de cette visite priv\u00e9e d'une demi-journ\u00e9e de Trogir et de Split confortablement dans votre v\u00e9hicule de luxe priv\u00e9. Visitez la vieille ville de Split et une ville insulaire de l'UNESCO.","breadcrumb":{"@id":"https:\/\/tourtravelandmore.com\/fr\/tours\/croacia-fr-fr\/split-fr\/visite-privee-de-trogir-et-split\/#breadcrumb"},"inLanguage":"fr-FR","potentialAction":[{"@type":"ReadAction","target":["https:\/\/tourtravelandmore.com\/fr\/tours\/croacia-fr-fr\/split-fr\/visite-privee-de-trogir-et-split\/"]}]},{"@type":"ImageObject","inLanguage":"fr-FR","@id":"https:\/\/tourtravelandmore.com\/fr\/tours\/croacia-fr-fr\/split-fr\/visite-privee-de-trogir-et-split\/#primaryimage","url":"https:\/\/tourtravelandmore.com\/wp-content\/uploads\/2020\/08\/trogir-1-scaled.jpg","contentUrl":"https:\/\/tourtravelandmore.com\/wp-content\/uploads\/2020\/08\/trogir-1-scaled.jpg","width":2560,"height":1702},{"@type":"BreadcrumbList","@id":"https:\/\/tourtravelandmore.com\/fr\/tours\/croacia-fr-fr\/split-fr\/visite-privee-de-trogir-et-split\/#breadcrumb","itemListElement":[{"@type":"ListItem","position":1,"name":"Home","item":"https:\/\/tourtravelandmore.com\/fr\/"},{"@type":"ListItem","position":2,"name":"Tours","item":"https:\/\/tourtravelandmore.com\/fr\/tours\/"},{"@type":"ListItem","position":3,"name":"Visite priv\u00e9e de Trogir et Split"}]},{"@type":"WebSite","@id":"https:\/\/tourtravelandmore.com\/fr\/#website","url":"https:\/\/tourtravelandmore.com\/fr\/","name":"Tour Travel And More","description":"Private sightseeing tours and luxury transfers in Spain","publisher":{"@id":"https:\/\/tourtravelandmore.com\/fr\/#organization"},"potentialAction":[{"@type":"SearchAction","target":{"@type":"EntryPoint","urlTemplate":"https:\/\/tourtravelandmore.com\/fr\/?s={search_term_string}"},"query-input":{"@type":"PropertyValueSpecification","valueRequired":true,"valueName":"search_term_string"}}],"inLanguage":"fr-FR"},{"@type":"Organization","@id":"https:\/\/tourtravelandmore.com\/fr\/#organization","name":"Tour Travel And More","url":"https:\/\/tourtravelandmore.com\/fr\/","logo":{"@type":"ImageObject","inLanguage":"fr-FR","@id":"https:\/\/tourtravelandmore.com\/fr\/#\/schema\/logo\/image\/","url":"https:\/\/tourtravelandmore.com\/wp-content\/uploads\/2022\/12\/cropped-logo-cabecera-new.png","contentUrl":"https:\/\/tourtravelandmore.com\/wp-content\/uploads\/2022\/12\/cropped-logo-cabecera-new.png","width":430,"height":61,"caption":"Tour Travel And More"},"image":{"@id":"https:\/\/tourtravelandmore.com\/fr\/#\/schema\/logo\/image\/"},"sameAs":["https:\/\/www.facebook.com\/tourtravelandmore\/","https:\/\/x.com\/TourTravel_More"]}]}},"_links":{"self":[{"href":"https:\/\/tourtravelandmore.com\/fr\/wp-json\/wp\/v2\/product\/103430","targetHints":{"allow":["GET"]}}],"collection":[{"href":"https:\/\/tourtravelandmore.com\/fr\/wp-json\/wp\/v2\/product"}],"about":[{"href":"https:\/\/tourtravelandmore.com\/fr\/wp-json\/wp\/v2\/types\/product"}],"replies":[{"embeddable":true,"href":"https:\/\/tourtravelandmore.com\/fr\/wp-json\/wp\/v2\/comments?post=103430"}],"wp:featuredmedia":[{"embeddable":true,"href":"https:\/\/tourtravelandmore.com\/fr\/wp-json\/wp\/v2\/media\/98030"}],"wp:attachment":[{"href":"https:\/\/tourtravelandmore.com\/fr\/wp-json\/wp\/v2\/media?parent=103430"}],"wp:term":[{"taxonomy":"product_brand","embeddable":true,"href":"https:\/\/tourtravelandmore.com\/fr\/wp-json\/wp\/v2\/product_brand?post=103430"},{"taxonomy":"product_cat","embeddable":true,"href":"https:\/\/tourtravelandmore.com\/fr\/wp-json\/wp\/v2\/product_cat?post=103430"},{"taxonomy":"product_tag","embeddable":true,"href":"https:\/\/tourtravelandmore.com\/fr\/wp-json\/wp\/v2\/product_tag?post=103430"}],"curies":[{"name":"wp","href":"https:\/\/api.w.org\/{rel}","templated":true}]}}