{"id":103424,"date":"2020-08-12T17:45:02","date_gmt":"2020-08-12T15:45:02","guid":{"rendered":"https:\/\/tourtravelandmore.com\/tours\/non%20class\u00e9\/visite-privee-de-dubrovnik-au-depart-de-split\/"},"modified":"2025-01-15T20:29:15","modified_gmt":"2025-01-15T19:29:15","slug":"visite-privee-de-dubrovnik-au-depart-de-split","status":"publish","type":"product","link":"https:\/\/tourtravelandmore.com\/fr\/tours\/croacia-fr-fr\/split-fr\/visite-privee-de-dubrovnik-au-depart-de-split\/","title":{"rendered":"Visite priv\u00e9e de Dubrovnik au d\u00e9part de Split"},"content":{"rendered":"<h2>Description<\/h2>\n<p>Profitez de cette visite priv\u00e9e unique de Dubrovnik au d\u00e9part de Split confortablement dans votre v\u00e9hicule de luxe priv\u00e9 avec chauffeur anglais. C&#8217;est une occasion parfaite pour en savoir plus sur la fantastique ville de Dubrovnik si vous n&#8217;y \u00eates jamais all\u00e9.<\/p>\n<p>La ville de Dubrovnik est situ\u00e9e \u00e0 l&#8217;extr\u00e9mit\u00e9 sud de la R\u00e9publique de Croatie. Cette belle ville est entour\u00e9e par les fronti\u00e8res de toutes les c\u00f4tes, le Mont\u00e9n\u00e9gro, la Bosnie-Herz\u00e9govine et l&#8217;Italie. Au Moyen \u00c2ge, Dubrovnik \u00e9tait connue sous le nom de Citadelle Adriatique, mais est aujourd&#8217;hui connue comme la Perle de l&#8217;Adriatique.<\/p>\n<p>Notre guide officiel priv\u00e9 vous emm\u00e8nera \u00e0 travers les rues de marbre perdues parmi les labyrinthes, ayant \u00e9galement la chance de voir les beaux palais. Le guide sera \u00e0 votre enti\u00e8re disposition pendant la visite guid\u00e9e de 2 heures.<\/p>\n<p>Si vous recherchez une excursion d&#8217;une journ\u00e9e parfaite, cette visite priv\u00e9e de Split \u00e0 Dubrovnik vous coupera le souffle. \u00c9tant donn\u00e9 que nous n&#8217;offrons que des services priv\u00e9s, vous pouvez personnaliser votre visite comme vous le souhaitez. Nous pouvons inclure des billets d&#8217;entr\u00e9e pour tout monument ou mus\u00e9e que vous souhaitez visiter. La seule chose que vous avez \u00e0 faire est de nous contacter via notre page Web, notre courrier \u00e9lectronique ou notre num\u00e9ro de t\u00e9l\u00e9phone \/ whatss.<\/p>\n<p>Une autre option possible pour une excursion d&#8217;une journ\u00e9e compl\u00e8te, pourrait \u00eatre notre visite priv\u00e9e aux chutes de Kravice et \u00e0 Mostar au d\u00e9part de Split, jetez un coup d&#8217;\u0153il !.<\/p>\n<h2>Sites d&#8217;int\u00e9r\u00eat et points de rep\u00e8re<\/h2>\n<p>Votre chauffeur priv\u00e9 viendra vous chercher t\u00f4t le matin \u00e0 votre h\u00f4tel ou lieu de votre choix \u00e0 Split afin de commencer cette aventure. Le trajet de Split \u00e0 Dubrovnik dure environ 2 heures et le m\u00eame retour.<\/p>\n<p>Une fois \u00e0 Dubrovnik, vous rencontrerez votre guide officiel priv\u00e9 pour une visite guid\u00e9e de 2 heures de la vieille ville. La rencontre avec notre guide officiel priv\u00e9 aura lieu \u00e0 Pile Gate, l&#8217;entr\u00e9e qui relie Stari Grad (vieille ville).<\/p>\n<p>Au cours de cette visite, vous d\u00e9couvrirez les traditions locales et la riche histoire de ce joyau de l&#8217;Adriatique. Vous visiterez d&#8217;abord l&#8217;une des rues les plus c\u00e9l\u00e8bres et les plus belles de la vieille ville de Dubrovnik: Stradun. C&#8217;est un chemin pi\u00e9tonnier pav\u00e9 et tr\u00e8s touristique, qui s&#8217;\u00e9tend sur 300 m\u00e8tres et regorge de caf\u00e9s et de restaurants.<\/p>\n<p>\u00c0 une extr\u00e9mit\u00e9 de la rue Stradun, vous pouvez appr\u00e9cier la magnifique place Lu\u017ea et la colonne d&#8217;Orlando (le chevalier m\u00e9di\u00e9val). C&#8217;est un endroit id\u00e9al pour une collation tout en profitant de l&#8217;ambiance joyeuse.<\/p>\n<p>Sur la place Lu\u017ea, vous pouvez \u00e9galement trouver le magnifique palais Sponza, qui servait de service des douanes de Divona. Aujourd&#8217;hui, il reste l&#8217;une des structures les plus repr\u00e9sentatives de la Renaissance gothique.<\/p>\n<p>\u00c0 la fin de la visite, votre guide priv\u00e9 pourrait vous recommander un tr\u00e8s bon restaurant pour le d\u00e9jeuner. Nous pouvons \u00e9galement faire une r\u00e9servation pour vous afin que vous n&#8217;ayez \u00e0 vous soucier de rien.<\/p>\n<p>Enfin, apr\u00e8s une journ\u00e9e riche en \u00e9motions, vous retournerez \u00e0 votre point de d\u00e9part \u00e0 Split avec votre chauffeur priv\u00e9.<\/p>\n","protected":false},"excerpt":{"rendered":"<p>Profitez de cette occasion pour visiter Dubrovnik au d\u00e9part de Split avec cette visite priv\u00e9e priv\u00e9e d&#8217;une journ\u00e9e compl\u00e8te. Pour utiliser au mieux votre temps, vous serez assist\u00e9 par un guide officiel qui vous accompagnera pour une promenade avec une vue imprenable et vous racontera des histoires sur l&#8217;histoire int\u00e9ressante de cette belle ville croate \u00e9galement connue sous le nom de Perle de l&#8217;Adriatique. Vous aurez un v\u00e9hicule de luxe priv\u00e9 avec chauffeur disponible pour toute la visite.<\/p>\n<p>&nbsp;<\/p>\n","protected":false},"featured_media":98027,"comment_status":"open","ping_status":"closed","template":"","meta":{"_acf_changed":false},"product_brand":[],"product_cat":[5454,5455,3785],"product_tag":[],"class_list":{"0":"post-103424","1":"product","2":"type-product","3":"status-publish","4":"has-post-thumbnail","6":"product_cat-all-private-tours-and-activities-fr-11","7":"product_cat-private-sightseeing-tours-fr-43","8":"product_cat-split-fr","10":"first","11":"instock","12":"shipping-taxable","13":"purchasable","14":"product-type-simple"},"acf":[],"yoast_head":"<!-- This site is optimized with the Yoast SEO Premium plugin v25.3.1 (Yoast SEO v25.3.1) - https:\/\/yoast.com\/wordpress\/plugins\/seo\/ -->\n<title>Visite priv\u00e9e de Dubrovnik au d\u00e9part de Split avec un guide local<\/title>\n<meta name=\"description\" content=\"Profitez de cette opportunit\u00e9 de conna\u00eetre confortablement la ville de Dubrovnik depuis Split dans votre v\u00e9hicule de luxe priv\u00e9 avec chauffeur et guide local.\" \/>\n<meta name=\"robots\" content=\"index, follow, max-snippet:-1, max-image-preview:large, max-video-preview:-1\" \/>\n<link rel=\"canonical\" href=\"https:\/\/tourtravelandmore.com\/fr\/tours\/croacia-fr-fr\/split-fr\/visite-privee-de-dubrovnik-au-depart-de-split\/\" \/>\n<meta property=\"og:locale\" content=\"fr_FR\" \/>\n<meta property=\"og:type\" content=\"article\" \/>\n<meta property=\"og:title\" content=\"Visite priv\u00e9e de Dubrovnik au d\u00e9part de Split\" \/>\n<meta property=\"og:description\" content=\"Profitez de cette opportunit\u00e9 de conna\u00eetre confortablement la ville de Dubrovnik depuis Split dans votre v\u00e9hicule de luxe priv\u00e9 avec chauffeur et guide local.\" \/>\n<meta property=\"og:url\" content=\"https:\/\/tourtravelandmore.com\/fr\/tours\/croacia-fr-fr\/split-fr\/visite-privee-de-dubrovnik-au-depart-de-split\/\" \/>\n<meta property=\"og:site_name\" content=\"Tour Travel And More\" \/>\n<meta property=\"article:publisher\" content=\"https:\/\/www.facebook.com\/tourtravelandmore\/\" \/>\n<meta property=\"article:modified_time\" content=\"2025-01-15T19:29:15+00:00\" \/>\n<meta property=\"og:image\" content=\"https:\/\/tourtravelandmore.com\/wp-content\/uploads\/2020\/08\/dub-10.jpg\" \/>\n\t<meta property=\"og:image:width\" content=\"960\" \/>\n\t<meta property=\"og:image:height\" content=\"640\" \/>\n\t<meta property=\"og:image:type\" content=\"image\/jpeg\" \/>\n<meta name=\"twitter:card\" content=\"summary_large_image\" \/>\n<meta name=\"twitter:site\" content=\"@TourTravel_More\" \/>\n<meta name=\"twitter:label1\" content=\"Dur\u00e9e de lecture estim\u00e9e\" \/>\n\t<meta name=\"twitter:data1\" content=\"3 minutes\" \/>\n<script type=\"application\/ld+json\" class=\"yoast-schema-graph\">{\"@context\":\"https:\/\/schema.org\",\"@graph\":[{\"@type\":\"WebPage\",\"@id\":\"https:\/\/tourtravelandmore.com\/fr\/tours\/croacia-fr-fr\/split-fr\/visite-privee-de-dubrovnik-au-depart-de-split\/\",\"url\":\"https:\/\/tourtravelandmore.com\/fr\/tours\/croacia-fr-fr\/split-fr\/visite-privee-de-dubrovnik-au-depart-de-split\/\",\"name\":\"Visite priv\u00e9e de Dubrovnik au d\u00e9part de Split avec un guide local\",\"isPartOf\":{\"@id\":\"https:\/\/tourtravelandmore.com\/fr\/#website\"},\"primaryImageOfPage\":{\"@id\":\"https:\/\/tourtravelandmore.com\/fr\/tours\/croacia-fr-fr\/split-fr\/visite-privee-de-dubrovnik-au-depart-de-split\/#primaryimage\"},\"image\":{\"@id\":\"https:\/\/tourtravelandmore.com\/fr\/tours\/croacia-fr-fr\/split-fr\/visite-privee-de-dubrovnik-au-depart-de-split\/#primaryimage\"},\"thumbnailUrl\":\"https:\/\/tourtravelandmore.com\/wp-content\/uploads\/2020\/08\/dub-10.jpg\",\"datePublished\":\"2020-08-12T15:45:02+00:00\",\"dateModified\":\"2025-01-15T19:29:15+00:00\",\"description\":\"Profitez de cette opportunit\u00e9 de conna\u00eetre confortablement la ville de Dubrovnik depuis Split dans votre v\u00e9hicule de luxe priv\u00e9 avec chauffeur et guide local.\",\"breadcrumb\":{\"@id\":\"https:\/\/tourtravelandmore.com\/fr\/tours\/croacia-fr-fr\/split-fr\/visite-privee-de-dubrovnik-au-depart-de-split\/#breadcrumb\"},\"inLanguage\":\"fr-FR\",\"potentialAction\":[{\"@type\":\"ReadAction\",\"target\":[\"https:\/\/tourtravelandmore.com\/fr\/tours\/croacia-fr-fr\/split-fr\/visite-privee-de-dubrovnik-au-depart-de-split\/\"]}]},{\"@type\":\"ImageObject\",\"inLanguage\":\"fr-FR\",\"@id\":\"https:\/\/tourtravelandmore.com\/fr\/tours\/croacia-fr-fr\/split-fr\/visite-privee-de-dubrovnik-au-depart-de-split\/#primaryimage\",\"url\":\"https:\/\/tourtravelandmore.com\/wp-content\/uploads\/2020\/08\/dub-10.jpg\",\"contentUrl\":\"https:\/\/tourtravelandmore.com\/wp-content\/uploads\/2020\/08\/dub-10.jpg\",\"width\":960,\"height\":640},{\"@type\":\"BreadcrumbList\",\"@id\":\"https:\/\/tourtravelandmore.com\/fr\/tours\/croacia-fr-fr\/split-fr\/visite-privee-de-dubrovnik-au-depart-de-split\/#breadcrumb\",\"itemListElement\":[{\"@type\":\"ListItem\",\"position\":1,\"name\":\"Home\",\"item\":\"https:\/\/tourtravelandmore.com\/fr\/\"},{\"@type\":\"ListItem\",\"position\":2,\"name\":\"Tours\",\"item\":\"https:\/\/tourtravelandmore.com\/fr\/tours\/\"},{\"@type\":\"ListItem\",\"position\":3,\"name\":\"Visite priv\u00e9e de Dubrovnik au d\u00e9part de Split\"}]},{\"@type\":\"WebSite\",\"@id\":\"https:\/\/tourtravelandmore.com\/fr\/#website\",\"url\":\"https:\/\/tourtravelandmore.com\/fr\/\",\"name\":\"Tour Travel And More\",\"description\":\"Private sightseeing tours and luxury transfers in Spain\",\"publisher\":{\"@id\":\"https:\/\/tourtravelandmore.com\/fr\/#organization\"},\"potentialAction\":[{\"@type\":\"SearchAction\",\"target\":{\"@type\":\"EntryPoint\",\"urlTemplate\":\"https:\/\/tourtravelandmore.com\/fr\/?s={search_term_string}\"},\"query-input\":{\"@type\":\"PropertyValueSpecification\",\"valueRequired\":true,\"valueName\":\"search_term_string\"}}],\"inLanguage\":\"fr-FR\"},{\"@type\":\"Organization\",\"@id\":\"https:\/\/tourtravelandmore.com\/fr\/#organization\",\"name\":\"Tour Travel And More\",\"url\":\"https:\/\/tourtravelandmore.com\/fr\/\",\"logo\":{\"@type\":\"ImageObject\",\"inLanguage\":\"fr-FR\",\"@id\":\"https:\/\/tourtravelandmore.com\/fr\/#\/schema\/logo\/image\/\",\"url\":\"https:\/\/tourtravelandmore.com\/wp-content\/uploads\/2022\/12\/cropped-logo-cabecera-new.png\",\"contentUrl\":\"https:\/\/tourtravelandmore.com\/wp-content\/uploads\/2022\/12\/cropped-logo-cabecera-new.png\",\"width\":430,\"height\":61,\"caption\":\"Tour Travel And More\"},\"image\":{\"@id\":\"https:\/\/tourtravelandmore.com\/fr\/#\/schema\/logo\/image\/\"},\"sameAs\":[\"https:\/\/www.facebook.com\/tourtravelandmore\/\",\"https:\/\/x.com\/TourTravel_More\"]}]}<\/script>\n<!-- \/ Yoast SEO Premium plugin. -->","yoast_head_json":{"title":"Visite priv\u00e9e de Dubrovnik au d\u00e9part de Split avec un guide local","description":"Profitez de cette opportunit\u00e9 de conna\u00eetre confortablement la ville de Dubrovnik depuis Split dans votre v\u00e9hicule de luxe priv\u00e9 avec chauffeur et guide local.","robots":{"index":"index","follow":"follow","max-snippet":"max-snippet:-1","max-image-preview":"max-image-preview:large","max-video-preview":"max-video-preview:-1"},"canonical":"https:\/\/tourtravelandmore.com\/fr\/tours\/croacia-fr-fr\/split-fr\/visite-privee-de-dubrovnik-au-depart-de-split\/","og_locale":"fr_FR","og_type":"article","og_title":"Visite priv\u00e9e de Dubrovnik au d\u00e9part de Split","og_description":"Profitez de cette opportunit\u00e9 de conna\u00eetre confortablement la ville de Dubrovnik depuis Split dans votre v\u00e9hicule de luxe priv\u00e9 avec chauffeur et guide local.","og_url":"https:\/\/tourtravelandmore.com\/fr\/tours\/croacia-fr-fr\/split-fr\/visite-privee-de-dubrovnik-au-depart-de-split\/","og_site_name":"Tour Travel And More","article_publisher":"https:\/\/www.facebook.com\/tourtravelandmore\/","article_modified_time":"2025-01-15T19:29:15+00:00","og_image":[{"width":960,"height":640,"url":"https:\/\/tourtravelandmore.com\/wp-content\/uploads\/2020\/08\/dub-10.jpg","type":"image\/jpeg"}],"twitter_card":"summary_large_image","twitter_site":"@TourTravel_More","twitter_misc":{"Dur\u00e9e de lecture estim\u00e9e":"3 minutes"},"schema":{"@context":"https:\/\/schema.org","@graph":[{"@type":"WebPage","@id":"https:\/\/tourtravelandmore.com\/fr\/tours\/croacia-fr-fr\/split-fr\/visite-privee-de-dubrovnik-au-depart-de-split\/","url":"https:\/\/tourtravelandmore.com\/fr\/tours\/croacia-fr-fr\/split-fr\/visite-privee-de-dubrovnik-au-depart-de-split\/","name":"Visite priv\u00e9e de Dubrovnik au d\u00e9part de Split avec un guide local","isPartOf":{"@id":"https:\/\/tourtravelandmore.com\/fr\/#website"},"primaryImageOfPage":{"@id":"https:\/\/tourtravelandmore.com\/fr\/tours\/croacia-fr-fr\/split-fr\/visite-privee-de-dubrovnik-au-depart-de-split\/#primaryimage"},"image":{"@id":"https:\/\/tourtravelandmore.com\/fr\/tours\/croacia-fr-fr\/split-fr\/visite-privee-de-dubrovnik-au-depart-de-split\/#primaryimage"},"thumbnailUrl":"https:\/\/tourtravelandmore.com\/wp-content\/uploads\/2020\/08\/dub-10.jpg","datePublished":"2020-08-12T15:45:02+00:00","dateModified":"2025-01-15T19:29:15+00:00","description":"Profitez de cette opportunit\u00e9 de conna\u00eetre confortablement la ville de Dubrovnik depuis Split dans votre v\u00e9hicule de luxe priv\u00e9 avec chauffeur et guide local.","breadcrumb":{"@id":"https:\/\/tourtravelandmore.com\/fr\/tours\/croacia-fr-fr\/split-fr\/visite-privee-de-dubrovnik-au-depart-de-split\/#breadcrumb"},"inLanguage":"fr-FR","potentialAction":[{"@type":"ReadAction","target":["https:\/\/tourtravelandmore.com\/fr\/tours\/croacia-fr-fr\/split-fr\/visite-privee-de-dubrovnik-au-depart-de-split\/"]}]},{"@type":"ImageObject","inLanguage":"fr-FR","@id":"https:\/\/tourtravelandmore.com\/fr\/tours\/croacia-fr-fr\/split-fr\/visite-privee-de-dubrovnik-au-depart-de-split\/#primaryimage","url":"https:\/\/tourtravelandmore.com\/wp-content\/uploads\/2020\/08\/dub-10.jpg","contentUrl":"https:\/\/tourtravelandmore.com\/wp-content\/uploads\/2020\/08\/dub-10.jpg","width":960,"height":640},{"@type":"BreadcrumbList","@id":"https:\/\/tourtravelandmore.com\/fr\/tours\/croacia-fr-fr\/split-fr\/visite-privee-de-dubrovnik-au-depart-de-split\/#breadcrumb","itemListElement":[{"@type":"ListItem","position":1,"name":"Home","item":"https:\/\/tourtravelandmore.com\/fr\/"},{"@type":"ListItem","position":2,"name":"Tours","item":"https:\/\/tourtravelandmore.com\/fr\/tours\/"},{"@type":"ListItem","position":3,"name":"Visite priv\u00e9e de Dubrovnik au d\u00e9part de Split"}]},{"@type":"WebSite","@id":"https:\/\/tourtravelandmore.com\/fr\/#website","url":"https:\/\/tourtravelandmore.com\/fr\/","name":"Tour Travel And More","description":"Private sightseeing tours and luxury transfers in Spain","publisher":{"@id":"https:\/\/tourtravelandmore.com\/fr\/#organization"},"potentialAction":[{"@type":"SearchAction","target":{"@type":"EntryPoint","urlTemplate":"https:\/\/tourtravelandmore.com\/fr\/?s={search_term_string}"},"query-input":{"@type":"PropertyValueSpecification","valueRequired":true,"valueName":"search_term_string"}}],"inLanguage":"fr-FR"},{"@type":"Organization","@id":"https:\/\/tourtravelandmore.com\/fr\/#organization","name":"Tour Travel And More","url":"https:\/\/tourtravelandmore.com\/fr\/","logo":{"@type":"ImageObject","inLanguage":"fr-FR","@id":"https:\/\/tourtravelandmore.com\/fr\/#\/schema\/logo\/image\/","url":"https:\/\/tourtravelandmore.com\/wp-content\/uploads\/2022\/12\/cropped-logo-cabecera-new.png","contentUrl":"https:\/\/tourtravelandmore.com\/wp-content\/uploads\/2022\/12\/cropped-logo-cabecera-new.png","width":430,"height":61,"caption":"Tour Travel And More"},"image":{"@id":"https:\/\/tourtravelandmore.com\/fr\/#\/schema\/logo\/image\/"},"sameAs":["https:\/\/www.facebook.com\/tourtravelandmore\/","https:\/\/x.com\/TourTravel_More"]}]}},"_links":{"self":[{"href":"https:\/\/tourtravelandmore.com\/fr\/wp-json\/wp\/v2\/product\/103424","targetHints":{"allow":["GET"]}}],"collection":[{"href":"https:\/\/tourtravelandmore.com\/fr\/wp-json\/wp\/v2\/product"}],"about":[{"href":"https:\/\/tourtravelandmore.com\/fr\/wp-json\/wp\/v2\/types\/product"}],"replies":[{"embeddable":true,"href":"https:\/\/tourtravelandmore.com\/fr\/wp-json\/wp\/v2\/comments?post=103424"}],"wp:featuredmedia":[{"embeddable":true,"href":"https:\/\/tourtravelandmore.com\/fr\/wp-json\/wp\/v2\/media\/98027"}],"wp:attachment":[{"href":"https:\/\/tourtravelandmore.com\/fr\/wp-json\/wp\/v2\/media?parent=103424"}],"wp:term":[{"taxonomy":"product_brand","embeddable":true,"href":"https:\/\/tourtravelandmore.com\/fr\/wp-json\/wp\/v2\/product_brand?post=103424"},{"taxonomy":"product_cat","embeddable":true,"href":"https:\/\/tourtravelandmore.com\/fr\/wp-json\/wp\/v2\/product_cat?post=103424"},{"taxonomy":"product_tag","embeddable":true,"href":"https:\/\/tourtravelandmore.com\/fr\/wp-json\/wp\/v2\/product_tag?post=103424"}],"curies":[{"name":"wp","href":"https:\/\/api.w.org\/{rel}","templated":true}]}}