{"id":103419,"date":"2020-08-12T16:27:05","date_gmt":"2020-08-12T14:27:05","guid":{"rendered":"https:\/\/tourtravelandmore.com\/tours\/non%20class\u00e9\/visite-privee-aux-chutes-de-kravice-et-a-mostar-au-depart-de-split\/"},"modified":"2025-01-17T19:18:38","modified_gmt":"2025-01-17T18:18:38","slug":"visite-privee-aux-chutes-de-kravice-et-a-mostar-au-depart-de-split","status":"publish","type":"product","link":"https:\/\/tourtravelandmore.com\/fr\/tours\/croacia-fr-fr\/split-fr\/visite-privee-aux-chutes-de-kravice-et-a-mostar-au-depart-de-split\/","title":{"rendered":"Visite priv\u00e9e aux chutes de Kravice et \u00e0 Mostar au d\u00e9part de Split"},"content":{"rendered":"<h2>Description<\/h2>\n<p>Si vous souhaitez passer une journ\u00e9e unique hors de Split, cette visite priv\u00e9e aux chutes de Kravice et \u00e0 Mostar au d\u00e9part de Split est l&#8217;option parfaite. Passez une journ\u00e9e dans ce magnifique coin de Bosnie-Herz\u00e9govine accompagn\u00e9 d&#8217;un guide officiel local.<\/p>\n<p>Sur les rives de la rivi\u00e8re Neretva, au sud de la Bosnie-Herz\u00e9govine, se trouve la belle ville de Mostar. Un lieu multiethnique o\u00f9 vivent ensemble bosniaques, croates et musulmans. Mostar est connue pour sa vieille ville class\u00e9e au patrimoine mondial de l&#8217;UNESCO et notamment par son vieux pont.<\/p>\n<p>L&#8217;endroit couvre les eaux vert \u00e9meraude de Neretva et relie l&#8217;est et l&#8217;ouest d&#8217;une ville maintenant divis\u00e9e ethniquement entre les Bosniaques et les Croates.<\/p>\n<p>C&#8217;est la meilleure fa\u00e7on de se lancer dans un voyage aventureux et de garder des souvenirs inoubliables. D\u00e9couvrez une ville charg\u00e9e d&#8217;histoire lors de cette visite priv\u00e9e des chutes de Kravice et de Mostar au d\u00e9part de Split.<\/p>\n<p>Votre chauffeur priv\u00e9 anglais sera \u00e0 votre enti\u00e8re disposition pendant toute la dur\u00e9e de la visite. L&#8217;excursion a une dur\u00e9e totale de 9 heures \u00e0 partir du moment de la prise en charge et du retour \u00e0 bord de votre v\u00e9hicule de luxe priv\u00e9.<\/p>\n<h2>Sites d&#8217;int\u00e9r\u00eat et points de rep\u00e8re<\/h2>\n<p>Tout d&#8217;abord, vous rencontrerez votre chauffeur priv\u00e9 \u00e0 l&#8217;endroit de votre choix \u00e0 Split, afin de commencer une journ\u00e9e pleine d&#8217;aventures. La prise en charge peut se faire depuis un h\u00f4tel, un appartement ou m\u00eame depuis le port si vous arrivez d&#8217;un bateau de croisi\u00e8re.<\/p>\n<p>Deuxi\u00e8mement, vous devriez vous arr\u00eater pour admirer la grandeur de ces chutes d&#8217;eau cristallines de 25 m\u00e8tres de haut form\u00e9es par la rivi\u00e8re Trebi\u017eat. Une fois sur place, vos yeux seront fascin\u00e9s par les superbes nuances de nature verte et intacte tout autour de l&#8217;endroit. Le billet d&#8217;entr\u00e9e aux chutes de Kravice est inclus dans le prix de la visite.<\/p>\n<p>Sur le chemin de Mostar, vous trouverez la rivi\u00e8re Neretva. Une fois \u00e0 Mostar, vous rencontrerez votre guide officiel priv\u00e9 pour une visite guid\u00e9e avec 2 heures. Vous visiterez la vieille ville, o\u00f9 vous d\u00e9couvrirez une ville pleine de contrastes, riche en culture et divis\u00e9e par une rivi\u00e8re. Ici, vous rencontrerez le populaire &#8220;Stari Most&#8221;, un pont m\u00e9di\u00e9val en arc unique avec une histoire impressionnante.<\/p>\n<p>Vous pouvez \u00e9galement visiter la maison Biscevic \u00e0 Mostar, qui est une ancienne structure de la p\u00e9riode turque au XVIIe si\u00e8cle. c&#8217;est aussi le mus\u00e9e le plus visit\u00e9 de cette belle ville.<\/p>\n<p>Troisi\u00e8mement, ne manquez pas de vous promener dans les rues \u00e9troites regorgeant de boutiques et de restaurants. Ensuite, il vous suffira de monter quelques marches pour vous rendre \u00e0 l&#8217;\u00e9tonnant minaret de Koski Mehmed-Pasha, qui offre une vue magnifique sur cette ville.<\/p>\n<p>Enfin, votre chauffeur priv\u00e9 anglais vous ram\u00e8nera \u00e0 votre h\u00f4tel ou \u00e0 votre point de d\u00e9part \u00e0 Split. Si vous pr\u00e9f\u00e9rez, nous proposons \u00e9galement une excursion priv\u00e9e d&#8217;une journ\u00e9e compl\u00e8te de Split \u00e0 Dubrovnik, jetez un coup d&#8217;\u0153il !.<\/p>\n","protected":false},"excerpt":{"rendered":"<p>Profitez de cette excursion priv\u00e9e d&#8217;une journ\u00e9e compl\u00e8te aux chutes de Kravice et \u00e0 Mostar au d\u00e9part de Split \u00e0 l&#8217;aise dans un v\u00e9hicule de luxe priv\u00e9. Sachez que Tour Travel &amp; More vous permet de planifier, modifier et ajuster votre programme de visites. Cependant, le guide priv\u00e9 officiel aura toujours \u00e0 port\u00e9e de main un plan de voyage, si vous pr\u00e9f\u00e9rez. Vous pouvez effectuer cette visite avec un chauffeur \/ guide priv\u00e9 ou avec un chauffeur anglophone et un guide local s\u00e9par\u00e9 \u00e0 Mostar.<\/p>\n","protected":false},"featured_media":98025,"comment_status":"open","ping_status":"closed","template":"","meta":{"_acf_changed":false},"product_brand":[],"product_cat":[5454,5456,5455,3785],"product_tag":[],"class_list":{"0":"post-103419","1":"product","2":"type-product","3":"status-publish","4":"has-post-thumbnail","6":"product_cat-all-private-tours-and-activities-fr-11","7":"product_cat-private-shore-excursions-fr-15","8":"product_cat-private-sightseeing-tours-fr-43","9":"product_cat-split-fr","11":"first","12":"instock","13":"shipping-taxable","14":"purchasable","15":"product-type-simple"},"acf":[],"yoast_head":"<!-- This site is optimized with the Yoast SEO Premium plugin v25.3.1 (Yoast SEO v25.3.1) - https:\/\/yoast.com\/wordpress\/plugins\/seo\/ -->\n<title>Visite priv\u00e9e aux chutes de Kravice et \u00e0 Mostar au d\u00e9part de Split en v\u00e9hicule de luxe<\/title>\n<meta name=\"description\" content=\"Profitez de cette visite priv\u00e9e aux chutes de Kravice et \u00e0 Mostar au d\u00e9part de Split avec votre chauffeur priv\u00e9 anglais et votre guide local. Entr\u00e9e aux chutes de Kravice incluse.\" \/>\n<meta name=\"robots\" content=\"index, follow, max-snippet:-1, max-image-preview:large, max-video-preview:-1\" \/>\n<link rel=\"canonical\" href=\"https:\/\/tourtravelandmore.com\/fr\/tours\/croacia-fr-fr\/split-fr\/visite-privee-aux-chutes-de-kravice-et-a-mostar-au-depart-de-split\/\" \/>\n<meta property=\"og:locale\" content=\"fr_FR\" \/>\n<meta property=\"og:type\" content=\"article\" \/>\n<meta property=\"og:title\" content=\"Visite priv\u00e9e aux chutes de Kravice et \u00e0 Mostar au d\u00e9part de Split\" \/>\n<meta property=\"og:description\" content=\"Profitez de cette visite priv\u00e9e aux chutes de Kravice et \u00e0 Mostar au d\u00e9part de Split avec votre chauffeur priv\u00e9 anglais et votre guide local. Entr\u00e9e aux chutes de Kravice incluse.\" \/>\n<meta property=\"og:url\" content=\"https:\/\/tourtravelandmore.com\/fr\/tours\/croacia-fr-fr\/split-fr\/visite-privee-aux-chutes-de-kravice-et-a-mostar-au-depart-de-split\/\" \/>\n<meta property=\"og:site_name\" content=\"Tour Travel And More\" \/>\n<meta property=\"article:publisher\" content=\"https:\/\/www.facebook.com\/tourtravelandmore\/\" \/>\n<meta property=\"article:modified_time\" content=\"2025-01-17T18:18:38+00:00\" \/>\n<meta property=\"og:image\" content=\"https:\/\/tourtravelandmore.com\/wp-content\/uploads\/2020\/08\/mostar-1.jpg\" \/>\n\t<meta property=\"og:image:width\" content=\"670\" \/>\n\t<meta property=\"og:image:height\" content=\"446\" \/>\n\t<meta property=\"og:image:type\" content=\"image\/jpeg\" \/>\n<meta name=\"twitter:card\" content=\"summary_large_image\" \/>\n<meta name=\"twitter:site\" content=\"@TourTravel_More\" \/>\n<meta name=\"twitter:label1\" content=\"Dur\u00e9e de lecture estim\u00e9e\" \/>\n\t<meta name=\"twitter:data1\" content=\"3 minutes\" \/>\n<script type=\"application\/ld+json\" class=\"yoast-schema-graph\">{\"@context\":\"https:\/\/schema.org\",\"@graph\":[{\"@type\":\"WebPage\",\"@id\":\"https:\/\/tourtravelandmore.com\/fr\/tours\/croacia-fr-fr\/split-fr\/visite-privee-aux-chutes-de-kravice-et-a-mostar-au-depart-de-split\/\",\"url\":\"https:\/\/tourtravelandmore.com\/fr\/tours\/croacia-fr-fr\/split-fr\/visite-privee-aux-chutes-de-kravice-et-a-mostar-au-depart-de-split\/\",\"name\":\"Visite priv\u00e9e aux chutes de Kravice et \u00e0 Mostar au d\u00e9part de Split en v\u00e9hicule de luxe\",\"isPartOf\":{\"@id\":\"https:\/\/tourtravelandmore.com\/fr\/#website\"},\"primaryImageOfPage\":{\"@id\":\"https:\/\/tourtravelandmore.com\/fr\/tours\/croacia-fr-fr\/split-fr\/visite-privee-aux-chutes-de-kravice-et-a-mostar-au-depart-de-split\/#primaryimage\"},\"image\":{\"@id\":\"https:\/\/tourtravelandmore.com\/fr\/tours\/croacia-fr-fr\/split-fr\/visite-privee-aux-chutes-de-kravice-et-a-mostar-au-depart-de-split\/#primaryimage\"},\"thumbnailUrl\":\"https:\/\/tourtravelandmore.com\/wp-content\/uploads\/2020\/08\/mostar-1.jpg\",\"datePublished\":\"2020-08-12T14:27:05+00:00\",\"dateModified\":\"2025-01-17T18:18:38+00:00\",\"description\":\"Profitez de cette visite priv\u00e9e aux chutes de Kravice et \u00e0 Mostar au d\u00e9part de Split avec votre chauffeur priv\u00e9 anglais et votre guide local. Entr\u00e9e aux chutes de Kravice incluse.\",\"breadcrumb\":{\"@id\":\"https:\/\/tourtravelandmore.com\/fr\/tours\/croacia-fr-fr\/split-fr\/visite-privee-aux-chutes-de-kravice-et-a-mostar-au-depart-de-split\/#breadcrumb\"},\"inLanguage\":\"fr-FR\",\"potentialAction\":[{\"@type\":\"ReadAction\",\"target\":[\"https:\/\/tourtravelandmore.com\/fr\/tours\/croacia-fr-fr\/split-fr\/visite-privee-aux-chutes-de-kravice-et-a-mostar-au-depart-de-split\/\"]}]},{\"@type\":\"ImageObject\",\"inLanguage\":\"fr-FR\",\"@id\":\"https:\/\/tourtravelandmore.com\/fr\/tours\/croacia-fr-fr\/split-fr\/visite-privee-aux-chutes-de-kravice-et-a-mostar-au-depart-de-split\/#primaryimage\",\"url\":\"https:\/\/tourtravelandmore.com\/wp-content\/uploads\/2020\/08\/mostar-1.jpg\",\"contentUrl\":\"https:\/\/tourtravelandmore.com\/wp-content\/uploads\/2020\/08\/mostar-1.jpg\",\"width\":670,\"height\":446},{\"@type\":\"BreadcrumbList\",\"@id\":\"https:\/\/tourtravelandmore.com\/fr\/tours\/croacia-fr-fr\/split-fr\/visite-privee-aux-chutes-de-kravice-et-a-mostar-au-depart-de-split\/#breadcrumb\",\"itemListElement\":[{\"@type\":\"ListItem\",\"position\":1,\"name\":\"Home\",\"item\":\"https:\/\/tourtravelandmore.com\/fr\/\"},{\"@type\":\"ListItem\",\"position\":2,\"name\":\"Tours\",\"item\":\"https:\/\/tourtravelandmore.com\/fr\/tours\/\"},{\"@type\":\"ListItem\",\"position\":3,\"name\":\"Visite priv\u00e9e aux chutes de Kravice et \u00e0 Mostar au d\u00e9part de Split\"}]},{\"@type\":\"WebSite\",\"@id\":\"https:\/\/tourtravelandmore.com\/fr\/#website\",\"url\":\"https:\/\/tourtravelandmore.com\/fr\/\",\"name\":\"Tour Travel And More\",\"description\":\"Private sightseeing tours and luxury transfers in Spain\",\"publisher\":{\"@id\":\"https:\/\/tourtravelandmore.com\/fr\/#organization\"},\"potentialAction\":[{\"@type\":\"SearchAction\",\"target\":{\"@type\":\"EntryPoint\",\"urlTemplate\":\"https:\/\/tourtravelandmore.com\/fr\/?s={search_term_string}\"},\"query-input\":{\"@type\":\"PropertyValueSpecification\",\"valueRequired\":true,\"valueName\":\"search_term_string\"}}],\"inLanguage\":\"fr-FR\"},{\"@type\":\"Organization\",\"@id\":\"https:\/\/tourtravelandmore.com\/fr\/#organization\",\"name\":\"Tour Travel And More\",\"url\":\"https:\/\/tourtravelandmore.com\/fr\/\",\"logo\":{\"@type\":\"ImageObject\",\"inLanguage\":\"fr-FR\",\"@id\":\"https:\/\/tourtravelandmore.com\/fr\/#\/schema\/logo\/image\/\",\"url\":\"https:\/\/tourtravelandmore.com\/wp-content\/uploads\/2022\/12\/cropped-logo-cabecera-new.png\",\"contentUrl\":\"https:\/\/tourtravelandmore.com\/wp-content\/uploads\/2022\/12\/cropped-logo-cabecera-new.png\",\"width\":430,\"height\":61,\"caption\":\"Tour Travel And More\"},\"image\":{\"@id\":\"https:\/\/tourtravelandmore.com\/fr\/#\/schema\/logo\/image\/\"},\"sameAs\":[\"https:\/\/www.facebook.com\/tourtravelandmore\/\",\"https:\/\/x.com\/TourTravel_More\"]}]}<\/script>\n<!-- \/ Yoast SEO Premium plugin. -->","yoast_head_json":{"title":"Visite priv\u00e9e aux chutes de Kravice et \u00e0 Mostar au d\u00e9part de Split en v\u00e9hicule de luxe","description":"Profitez de cette visite priv\u00e9e aux chutes de Kravice et \u00e0 Mostar au d\u00e9part de Split avec votre chauffeur priv\u00e9 anglais et votre guide local. Entr\u00e9e aux chutes de Kravice incluse.","robots":{"index":"index","follow":"follow","max-snippet":"max-snippet:-1","max-image-preview":"max-image-preview:large","max-video-preview":"max-video-preview:-1"},"canonical":"https:\/\/tourtravelandmore.com\/fr\/tours\/croacia-fr-fr\/split-fr\/visite-privee-aux-chutes-de-kravice-et-a-mostar-au-depart-de-split\/","og_locale":"fr_FR","og_type":"article","og_title":"Visite priv\u00e9e aux chutes de Kravice et \u00e0 Mostar au d\u00e9part de Split","og_description":"Profitez de cette visite priv\u00e9e aux chutes de Kravice et \u00e0 Mostar au d\u00e9part de Split avec votre chauffeur priv\u00e9 anglais et votre guide local. Entr\u00e9e aux chutes de Kravice incluse.","og_url":"https:\/\/tourtravelandmore.com\/fr\/tours\/croacia-fr-fr\/split-fr\/visite-privee-aux-chutes-de-kravice-et-a-mostar-au-depart-de-split\/","og_site_name":"Tour Travel And More","article_publisher":"https:\/\/www.facebook.com\/tourtravelandmore\/","article_modified_time":"2025-01-17T18:18:38+00:00","og_image":[{"width":670,"height":446,"url":"https:\/\/tourtravelandmore.com\/wp-content\/uploads\/2020\/08\/mostar-1.jpg","type":"image\/jpeg"}],"twitter_card":"summary_large_image","twitter_site":"@TourTravel_More","twitter_misc":{"Dur\u00e9e de lecture estim\u00e9e":"3 minutes"},"schema":{"@context":"https:\/\/schema.org","@graph":[{"@type":"WebPage","@id":"https:\/\/tourtravelandmore.com\/fr\/tours\/croacia-fr-fr\/split-fr\/visite-privee-aux-chutes-de-kravice-et-a-mostar-au-depart-de-split\/","url":"https:\/\/tourtravelandmore.com\/fr\/tours\/croacia-fr-fr\/split-fr\/visite-privee-aux-chutes-de-kravice-et-a-mostar-au-depart-de-split\/","name":"Visite priv\u00e9e aux chutes de Kravice et \u00e0 Mostar au d\u00e9part de Split en v\u00e9hicule de luxe","isPartOf":{"@id":"https:\/\/tourtravelandmore.com\/fr\/#website"},"primaryImageOfPage":{"@id":"https:\/\/tourtravelandmore.com\/fr\/tours\/croacia-fr-fr\/split-fr\/visite-privee-aux-chutes-de-kravice-et-a-mostar-au-depart-de-split\/#primaryimage"},"image":{"@id":"https:\/\/tourtravelandmore.com\/fr\/tours\/croacia-fr-fr\/split-fr\/visite-privee-aux-chutes-de-kravice-et-a-mostar-au-depart-de-split\/#primaryimage"},"thumbnailUrl":"https:\/\/tourtravelandmore.com\/wp-content\/uploads\/2020\/08\/mostar-1.jpg","datePublished":"2020-08-12T14:27:05+00:00","dateModified":"2025-01-17T18:18:38+00:00","description":"Profitez de cette visite priv\u00e9e aux chutes de Kravice et \u00e0 Mostar au d\u00e9part de Split avec votre chauffeur priv\u00e9 anglais et votre guide local. Entr\u00e9e aux chutes de Kravice incluse.","breadcrumb":{"@id":"https:\/\/tourtravelandmore.com\/fr\/tours\/croacia-fr-fr\/split-fr\/visite-privee-aux-chutes-de-kravice-et-a-mostar-au-depart-de-split\/#breadcrumb"},"inLanguage":"fr-FR","potentialAction":[{"@type":"ReadAction","target":["https:\/\/tourtravelandmore.com\/fr\/tours\/croacia-fr-fr\/split-fr\/visite-privee-aux-chutes-de-kravice-et-a-mostar-au-depart-de-split\/"]}]},{"@type":"ImageObject","inLanguage":"fr-FR","@id":"https:\/\/tourtravelandmore.com\/fr\/tours\/croacia-fr-fr\/split-fr\/visite-privee-aux-chutes-de-kravice-et-a-mostar-au-depart-de-split\/#primaryimage","url":"https:\/\/tourtravelandmore.com\/wp-content\/uploads\/2020\/08\/mostar-1.jpg","contentUrl":"https:\/\/tourtravelandmore.com\/wp-content\/uploads\/2020\/08\/mostar-1.jpg","width":670,"height":446},{"@type":"BreadcrumbList","@id":"https:\/\/tourtravelandmore.com\/fr\/tours\/croacia-fr-fr\/split-fr\/visite-privee-aux-chutes-de-kravice-et-a-mostar-au-depart-de-split\/#breadcrumb","itemListElement":[{"@type":"ListItem","position":1,"name":"Home","item":"https:\/\/tourtravelandmore.com\/fr\/"},{"@type":"ListItem","position":2,"name":"Tours","item":"https:\/\/tourtravelandmore.com\/fr\/tours\/"},{"@type":"ListItem","position":3,"name":"Visite priv\u00e9e aux chutes de Kravice et \u00e0 Mostar au d\u00e9part de Split"}]},{"@type":"WebSite","@id":"https:\/\/tourtravelandmore.com\/fr\/#website","url":"https:\/\/tourtravelandmore.com\/fr\/","name":"Tour Travel And More","description":"Private sightseeing tours and luxury transfers in Spain","publisher":{"@id":"https:\/\/tourtravelandmore.com\/fr\/#organization"},"potentialAction":[{"@type":"SearchAction","target":{"@type":"EntryPoint","urlTemplate":"https:\/\/tourtravelandmore.com\/fr\/?s={search_term_string}"},"query-input":{"@type":"PropertyValueSpecification","valueRequired":true,"valueName":"search_term_string"}}],"inLanguage":"fr-FR"},{"@type":"Organization","@id":"https:\/\/tourtravelandmore.com\/fr\/#organization","name":"Tour Travel And More","url":"https:\/\/tourtravelandmore.com\/fr\/","logo":{"@type":"ImageObject","inLanguage":"fr-FR","@id":"https:\/\/tourtravelandmore.com\/fr\/#\/schema\/logo\/image\/","url":"https:\/\/tourtravelandmore.com\/wp-content\/uploads\/2022\/12\/cropped-logo-cabecera-new.png","contentUrl":"https:\/\/tourtravelandmore.com\/wp-content\/uploads\/2022\/12\/cropped-logo-cabecera-new.png","width":430,"height":61,"caption":"Tour Travel And More"},"image":{"@id":"https:\/\/tourtravelandmore.com\/fr\/#\/schema\/logo\/image\/"},"sameAs":["https:\/\/www.facebook.com\/tourtravelandmore\/","https:\/\/x.com\/TourTravel_More"]}]}},"_links":{"self":[{"href":"https:\/\/tourtravelandmore.com\/fr\/wp-json\/wp\/v2\/product\/103419","targetHints":{"allow":["GET"]}}],"collection":[{"href":"https:\/\/tourtravelandmore.com\/fr\/wp-json\/wp\/v2\/product"}],"about":[{"href":"https:\/\/tourtravelandmore.com\/fr\/wp-json\/wp\/v2\/types\/product"}],"replies":[{"embeddable":true,"href":"https:\/\/tourtravelandmore.com\/fr\/wp-json\/wp\/v2\/comments?post=103419"}],"wp:featuredmedia":[{"embeddable":true,"href":"https:\/\/tourtravelandmore.com\/fr\/wp-json\/wp\/v2\/media\/98025"}],"wp:attachment":[{"href":"https:\/\/tourtravelandmore.com\/fr\/wp-json\/wp\/v2\/media?parent=103419"}],"wp:term":[{"taxonomy":"product_brand","embeddable":true,"href":"https:\/\/tourtravelandmore.com\/fr\/wp-json\/wp\/v2\/product_brand?post=103419"},{"taxonomy":"product_cat","embeddable":true,"href":"https:\/\/tourtravelandmore.com\/fr\/wp-json\/wp\/v2\/product_cat?post=103419"},{"taxonomy":"product_tag","embeddable":true,"href":"https:\/\/tourtravelandmore.com\/fr\/wp-json\/wp\/v2\/product_tag?post=103419"}],"curies":[{"name":"wp","href":"https:\/\/api.w.org\/{rel}","templated":true}]}}