{"id":103414,"date":"2020-08-12T12:12:28","date_gmt":"2020-08-12T10:12:28","guid":{"rendered":"https:\/\/tourtravelandmore.com\/tours\/non%20class\u00e9\/visite-privee-a-pied-de-split\/"},"modified":"2025-01-14T17:23:20","modified_gmt":"2025-01-14T16:23:20","slug":"visite-privee-a-pied-de-split","status":"publish","type":"product","link":"https:\/\/tourtravelandmore.com\/fr\/tours\/croacia-fr-fr\/split-fr\/visite-privee-a-pied-de-split\/","title":{"rendered":"Visite priv\u00e9e \u00e0 pied de Split"},"content":{"rendered":"<h2>Description<\/h2>\n<p>Vous ne manquerez certainement pas cette<strong> visite priv\u00e9e \u00e0 pied de Split<\/strong> avec notre guide officiel local. Admirez tous les lieux et monuments les plus importants de cette ville unique sur la c\u00f4te croate.<\/p>\n<p>Split est situ\u00e9e sur une petite p\u00e9ninsule et tire son nom des anciens Grecs qui s&#8217;y install\u00e8rent au 4\u00e8me si\u00e8cle. Son nom d\u00e9rive du mot grec &#8220;Aspalathos&#8221; qui signifie la fleur de balai espagnole.<\/p>\n<p>La ville est \u00e9galement importante en raison de son port de p\u00eache adriatique et de sa base navale, ainsi que de son centre culturel. Split a \u00e9t\u00e9 d\u00e9clar\u00e9e site du patrimoine mondial <strong>par l&#8217;UNESCO en 1979.<\/strong><\/p>\n<p>Vous aurez 3 heures compl\u00e8tes pour explorer cette ville fantastique avec votre guide. Si vous pr\u00e9f\u00e9rez, nous pouvons \u00e9galement inclure plus d&#8217;heures ou m\u00eame un transfert priv\u00e9 pour faire une exp\u00e9rience compl\u00e8te pour vous.<\/p>\n<p>Cette visite priv\u00e9e \u00e0 pied de <strong>Split<\/strong> est enti\u00e8rement personnalis\u00e9e. Il vous suffit de nous contacter et de mentionner vos pr\u00e9f\u00e9rences, nous ferons alors le reste.<\/p>\n<p>Nous avons plusieurs options de visites priv\u00e9es dans et depuis Split, jetez un coup d&#8217;\u0153il !.<\/p>\n<h2>Sites d&#8217;int\u00e9r\u00eat et points de rep\u00e8re<\/h2>\n<p>Tout d&#8217;abord, vous rencontrerez votre guide officiel priv\u00e9 devant le mur sud du palais de Diocl\u00e9tien. De l\u00e0, vous verrez une vue compl\u00e8te de son \u00e9chelle et entendrez comment et pourquoi le palais a \u00e9t\u00e9 construit. Si votre h\u00f4tel est situ\u00e9 au centre, nous pouvons organiser la prise en charge \u00e0 partir de l\u00e0.<\/p>\n<p>Le palais a \u00e9t\u00e9 fortifi\u00e9 et les diff\u00e9rentes portes d&#8217;entr\u00e9e sont toujours conserv\u00e9es. Vous visiterez qu&#8217;il \u00e9tait autrefois<strong> le mausol\u00e9e de Diocl\u00e9tien qui est devenu plus tard la cath\u00e9drale de San Diomo<\/strong>. De nos jours, c&#8217;est la deuxi\u00e8me plus ancienne structure de b\u00e2timent au monde. Le billet d&#8217;entr\u00e9e au palais est inclus dans le prix de la visite.<\/p>\n<p>Vous visiterez \u00e9galement la place du <strong>P\u00e9ristyle<\/strong>, qui est la place centrale du palais. Cet endroit est l&#8217;un des endroits les plus anim\u00e9s de tout Split, toujours plein de monde et de bars pour prendre un verre.<\/p>\n<p>Deuxi\u00e8mement, vous quitterez la zone du <strong>palais<\/strong> et continuerez jusqu&#8217;\u00e0 l&#8217;entr\u00e9e nord connue sous le nom de <strong>\u00abGolden Gate\u00bb<\/strong>. De l\u00e0, vous explorerez la partie m\u00e9di\u00e9vale connue sous le nom de vieille ville. Vous traverserez ses rues pav\u00e9es et ses places o\u00f9 vous pourrez admirer son architecture. La plupart de ses b\u00e2timents sont des p\u00e9riodes Renaissance, Gothique et Succession.<\/p>\n<p>Enfin, vous marcherez le long de la promenade en bord de mer connue sous le nom de <strong>Riva<\/strong>, qui est l&#8217;un des endroits les plus merveilleux de Split. En fait, cette promenade baln\u00e9aire relie le centre, le port et la marine.<\/p>\n<p>Votre guide priv\u00e9 officiel sera \u00e0 votre enti\u00e8re disposition pendant toute la dur\u00e9e de la visite. Comme il conna\u00eet tr\u00e8s bien la r\u00e9gion, il peut recommander les meilleurs restaurants afin de d\u00e9guster un repas typiquement croate.<\/p>\n","protected":false},"excerpt":{"rendered":"<p>Avec Tour Travel and More, vous ne devriez certainement pas manquer cette visite priv\u00e9e de la ville de Split en seulement 3 heures. C&#8217;est un choix parfait pour en savoir plus sur la vieille ville de Split si vous n&#8217;avez pas trop de temps disponible. Vous pourrez visiter les endroits les plus importants comme le palais de Diocl\u00e9tien, la place du P\u00e9ristyle, la cath\u00e9drale San Diomo et bien plus encore !. Nous pouvons inclure des billets d&#8217;entr\u00e9e \u00e0 tous les endroits que vous souhaitez visiter.<\/p>\n","protected":false},"featured_media":98012,"comment_status":"open","ping_status":"closed","template":"","meta":{"_acf_changed":false},"product_brand":[],"product_cat":[3785],"product_tag":[],"class_list":{"0":"post-103414","1":"product","2":"type-product","3":"status-publish","4":"has-post-thumbnail","6":"product_cat-split-fr","8":"first","9":"instock","10":"shipping-taxable","11":"purchasable","12":"product-type-simple"},"acf":[],"yoast_head":"<!-- This site is optimized with the Yoast SEO Premium plugin v25.3.1 (Yoast SEO v25.3.1) - https:\/\/yoast.com\/wordpress\/plugins\/seo\/ -->\n<title>Visite priv\u00e9e \u00e0 pied de Split avec guide officiel<\/title>\n<meta name=\"description\" content=\"Profitez de cette visite priv\u00e9e \u00e0 pied de Split avec votre guide officiel qui vous montrera tous les lieux et monuments les plus importants.\" \/>\n<meta name=\"robots\" content=\"index, follow, max-snippet:-1, max-image-preview:large, max-video-preview:-1\" \/>\n<link rel=\"canonical\" href=\"https:\/\/tourtravelandmore.com\/fr\/tours\/croacia-fr-fr\/split-fr\/visite-privee-a-pied-de-split\/\" \/>\n<meta property=\"og:locale\" content=\"fr_FR\" \/>\n<meta property=\"og:type\" content=\"article\" \/>\n<meta property=\"og:title\" content=\"Visite priv\u00e9e \u00e0 pied de Split\" \/>\n<meta property=\"og:description\" content=\"Profitez de cette visite priv\u00e9e \u00e0 pied de Split avec votre guide officiel qui vous montrera tous les lieux et monuments les plus importants.\" \/>\n<meta property=\"og:url\" content=\"https:\/\/tourtravelandmore.com\/fr\/tours\/croacia-fr-fr\/split-fr\/visite-privee-a-pied-de-split\/\" \/>\n<meta property=\"og:site_name\" content=\"Tour Travel And More\" \/>\n<meta property=\"article:publisher\" content=\"https:\/\/www.facebook.com\/tourtravelandmore\/\" \/>\n<meta property=\"article:modified_time\" content=\"2025-01-14T16:23:20+00:00\" \/>\n<meta property=\"og:image\" content=\"https:\/\/tourtravelandmore.com\/wp-content\/uploads\/2020\/08\/split-5-scaled.jpg\" \/>\n\t<meta property=\"og:image:width\" content=\"2560\" \/>\n\t<meta property=\"og:image:height\" content=\"1714\" \/>\n\t<meta property=\"og:image:type\" content=\"image\/jpeg\" \/>\n<meta name=\"twitter:card\" content=\"summary_large_image\" \/>\n<meta name=\"twitter:site\" content=\"@TourTravel_More\" \/>\n<meta name=\"twitter:label1\" content=\"Dur\u00e9e de lecture estim\u00e9e\" \/>\n\t<meta name=\"twitter:data1\" content=\"3 minutes\" \/>\n<script type=\"application\/ld+json\" class=\"yoast-schema-graph\">{\"@context\":\"https:\/\/schema.org\",\"@graph\":[{\"@type\":\"WebPage\",\"@id\":\"https:\/\/tourtravelandmore.com\/fr\/tours\/croacia-fr-fr\/split-fr\/visite-privee-a-pied-de-split\/\",\"url\":\"https:\/\/tourtravelandmore.com\/fr\/tours\/croacia-fr-fr\/split-fr\/visite-privee-a-pied-de-split\/\",\"name\":\"Visite priv\u00e9e \u00e0 pied de Split avec guide officiel\",\"isPartOf\":{\"@id\":\"https:\/\/tourtravelandmore.com\/fr\/#website\"},\"primaryImageOfPage\":{\"@id\":\"https:\/\/tourtravelandmore.com\/fr\/tours\/croacia-fr-fr\/split-fr\/visite-privee-a-pied-de-split\/#primaryimage\"},\"image\":{\"@id\":\"https:\/\/tourtravelandmore.com\/fr\/tours\/croacia-fr-fr\/split-fr\/visite-privee-a-pied-de-split\/#primaryimage\"},\"thumbnailUrl\":\"https:\/\/tourtravelandmore.com\/wp-content\/uploads\/2020\/08\/split-5-scaled.jpg\",\"datePublished\":\"2020-08-12T10:12:28+00:00\",\"dateModified\":\"2025-01-14T16:23:20+00:00\",\"description\":\"Profitez de cette visite priv\u00e9e \u00e0 pied de Split avec votre guide officiel qui vous montrera tous les lieux et monuments les plus importants.\",\"breadcrumb\":{\"@id\":\"https:\/\/tourtravelandmore.com\/fr\/tours\/croacia-fr-fr\/split-fr\/visite-privee-a-pied-de-split\/#breadcrumb\"},\"inLanguage\":\"fr-FR\",\"potentialAction\":[{\"@type\":\"ReadAction\",\"target\":[\"https:\/\/tourtravelandmore.com\/fr\/tours\/croacia-fr-fr\/split-fr\/visite-privee-a-pied-de-split\/\"]}]},{\"@type\":\"ImageObject\",\"inLanguage\":\"fr-FR\",\"@id\":\"https:\/\/tourtravelandmore.com\/fr\/tours\/croacia-fr-fr\/split-fr\/visite-privee-a-pied-de-split\/#primaryimage\",\"url\":\"https:\/\/tourtravelandmore.com\/wp-content\/uploads\/2020\/08\/split-5-scaled.jpg\",\"contentUrl\":\"https:\/\/tourtravelandmore.com\/wp-content\/uploads\/2020\/08\/split-5-scaled.jpg\",\"width\":2560,\"height\":1714},{\"@type\":\"BreadcrumbList\",\"@id\":\"https:\/\/tourtravelandmore.com\/fr\/tours\/croacia-fr-fr\/split-fr\/visite-privee-a-pied-de-split\/#breadcrumb\",\"itemListElement\":[{\"@type\":\"ListItem\",\"position\":1,\"name\":\"Home\",\"item\":\"https:\/\/tourtravelandmore.com\/fr\/\"},{\"@type\":\"ListItem\",\"position\":2,\"name\":\"Tours\",\"item\":\"https:\/\/tourtravelandmore.com\/fr\/tours\/\"},{\"@type\":\"ListItem\",\"position\":3,\"name\":\"Visite priv\u00e9e \u00e0 pied de Split\"}]},{\"@type\":\"WebSite\",\"@id\":\"https:\/\/tourtravelandmore.com\/fr\/#website\",\"url\":\"https:\/\/tourtravelandmore.com\/fr\/\",\"name\":\"Tour Travel And More\",\"description\":\"Private sightseeing tours and luxury transfers in Spain\",\"publisher\":{\"@id\":\"https:\/\/tourtravelandmore.com\/fr\/#organization\"},\"potentialAction\":[{\"@type\":\"SearchAction\",\"target\":{\"@type\":\"EntryPoint\",\"urlTemplate\":\"https:\/\/tourtravelandmore.com\/fr\/?s={search_term_string}\"},\"query-input\":{\"@type\":\"PropertyValueSpecification\",\"valueRequired\":true,\"valueName\":\"search_term_string\"}}],\"inLanguage\":\"fr-FR\"},{\"@type\":\"Organization\",\"@id\":\"https:\/\/tourtravelandmore.com\/fr\/#organization\",\"name\":\"Tour Travel And More\",\"url\":\"https:\/\/tourtravelandmore.com\/fr\/\",\"logo\":{\"@type\":\"ImageObject\",\"inLanguage\":\"fr-FR\",\"@id\":\"https:\/\/tourtravelandmore.com\/fr\/#\/schema\/logo\/image\/\",\"url\":\"https:\/\/tourtravelandmore.com\/wp-content\/uploads\/2022\/12\/cropped-logo-cabecera-new.png\",\"contentUrl\":\"https:\/\/tourtravelandmore.com\/wp-content\/uploads\/2022\/12\/cropped-logo-cabecera-new.png\",\"width\":430,\"height\":61,\"caption\":\"Tour Travel And More\"},\"image\":{\"@id\":\"https:\/\/tourtravelandmore.com\/fr\/#\/schema\/logo\/image\/\"},\"sameAs\":[\"https:\/\/www.facebook.com\/tourtravelandmore\/\",\"https:\/\/x.com\/TourTravel_More\"]}]}<\/script>\n<!-- \/ Yoast SEO Premium plugin. -->","yoast_head_json":{"title":"Visite priv\u00e9e \u00e0 pied de Split avec guide officiel","description":"Profitez de cette visite priv\u00e9e \u00e0 pied de Split avec votre guide officiel qui vous montrera tous les lieux et monuments les plus importants.","robots":{"index":"index","follow":"follow","max-snippet":"max-snippet:-1","max-image-preview":"max-image-preview:large","max-video-preview":"max-video-preview:-1"},"canonical":"https:\/\/tourtravelandmore.com\/fr\/tours\/croacia-fr-fr\/split-fr\/visite-privee-a-pied-de-split\/","og_locale":"fr_FR","og_type":"article","og_title":"Visite priv\u00e9e \u00e0 pied de Split","og_description":"Profitez de cette visite priv\u00e9e \u00e0 pied de Split avec votre guide officiel qui vous montrera tous les lieux et monuments les plus importants.","og_url":"https:\/\/tourtravelandmore.com\/fr\/tours\/croacia-fr-fr\/split-fr\/visite-privee-a-pied-de-split\/","og_site_name":"Tour Travel And More","article_publisher":"https:\/\/www.facebook.com\/tourtravelandmore\/","article_modified_time":"2025-01-14T16:23:20+00:00","og_image":[{"width":2560,"height":1714,"url":"https:\/\/tourtravelandmore.com\/wp-content\/uploads\/2020\/08\/split-5-scaled.jpg","type":"image\/jpeg"}],"twitter_card":"summary_large_image","twitter_site":"@TourTravel_More","twitter_misc":{"Dur\u00e9e de lecture estim\u00e9e":"3 minutes"},"schema":{"@context":"https:\/\/schema.org","@graph":[{"@type":"WebPage","@id":"https:\/\/tourtravelandmore.com\/fr\/tours\/croacia-fr-fr\/split-fr\/visite-privee-a-pied-de-split\/","url":"https:\/\/tourtravelandmore.com\/fr\/tours\/croacia-fr-fr\/split-fr\/visite-privee-a-pied-de-split\/","name":"Visite priv\u00e9e \u00e0 pied de Split avec guide officiel","isPartOf":{"@id":"https:\/\/tourtravelandmore.com\/fr\/#website"},"primaryImageOfPage":{"@id":"https:\/\/tourtravelandmore.com\/fr\/tours\/croacia-fr-fr\/split-fr\/visite-privee-a-pied-de-split\/#primaryimage"},"image":{"@id":"https:\/\/tourtravelandmore.com\/fr\/tours\/croacia-fr-fr\/split-fr\/visite-privee-a-pied-de-split\/#primaryimage"},"thumbnailUrl":"https:\/\/tourtravelandmore.com\/wp-content\/uploads\/2020\/08\/split-5-scaled.jpg","datePublished":"2020-08-12T10:12:28+00:00","dateModified":"2025-01-14T16:23:20+00:00","description":"Profitez de cette visite priv\u00e9e \u00e0 pied de Split avec votre guide officiel qui vous montrera tous les lieux et monuments les plus importants.","breadcrumb":{"@id":"https:\/\/tourtravelandmore.com\/fr\/tours\/croacia-fr-fr\/split-fr\/visite-privee-a-pied-de-split\/#breadcrumb"},"inLanguage":"fr-FR","potentialAction":[{"@type":"ReadAction","target":["https:\/\/tourtravelandmore.com\/fr\/tours\/croacia-fr-fr\/split-fr\/visite-privee-a-pied-de-split\/"]}]},{"@type":"ImageObject","inLanguage":"fr-FR","@id":"https:\/\/tourtravelandmore.com\/fr\/tours\/croacia-fr-fr\/split-fr\/visite-privee-a-pied-de-split\/#primaryimage","url":"https:\/\/tourtravelandmore.com\/wp-content\/uploads\/2020\/08\/split-5-scaled.jpg","contentUrl":"https:\/\/tourtravelandmore.com\/wp-content\/uploads\/2020\/08\/split-5-scaled.jpg","width":2560,"height":1714},{"@type":"BreadcrumbList","@id":"https:\/\/tourtravelandmore.com\/fr\/tours\/croacia-fr-fr\/split-fr\/visite-privee-a-pied-de-split\/#breadcrumb","itemListElement":[{"@type":"ListItem","position":1,"name":"Home","item":"https:\/\/tourtravelandmore.com\/fr\/"},{"@type":"ListItem","position":2,"name":"Tours","item":"https:\/\/tourtravelandmore.com\/fr\/tours\/"},{"@type":"ListItem","position":3,"name":"Visite priv\u00e9e \u00e0 pied de Split"}]},{"@type":"WebSite","@id":"https:\/\/tourtravelandmore.com\/fr\/#website","url":"https:\/\/tourtravelandmore.com\/fr\/","name":"Tour Travel And More","description":"Private sightseeing tours and luxury transfers in Spain","publisher":{"@id":"https:\/\/tourtravelandmore.com\/fr\/#organization"},"potentialAction":[{"@type":"SearchAction","target":{"@type":"EntryPoint","urlTemplate":"https:\/\/tourtravelandmore.com\/fr\/?s={search_term_string}"},"query-input":{"@type":"PropertyValueSpecification","valueRequired":true,"valueName":"search_term_string"}}],"inLanguage":"fr-FR"},{"@type":"Organization","@id":"https:\/\/tourtravelandmore.com\/fr\/#organization","name":"Tour Travel And More","url":"https:\/\/tourtravelandmore.com\/fr\/","logo":{"@type":"ImageObject","inLanguage":"fr-FR","@id":"https:\/\/tourtravelandmore.com\/fr\/#\/schema\/logo\/image\/","url":"https:\/\/tourtravelandmore.com\/wp-content\/uploads\/2022\/12\/cropped-logo-cabecera-new.png","contentUrl":"https:\/\/tourtravelandmore.com\/wp-content\/uploads\/2022\/12\/cropped-logo-cabecera-new.png","width":430,"height":61,"caption":"Tour Travel And More"},"image":{"@id":"https:\/\/tourtravelandmore.com\/fr\/#\/schema\/logo\/image\/"},"sameAs":["https:\/\/www.facebook.com\/tourtravelandmore\/","https:\/\/x.com\/TourTravel_More"]}]}},"_links":{"self":[{"href":"https:\/\/tourtravelandmore.com\/fr\/wp-json\/wp\/v2\/product\/103414","targetHints":{"allow":["GET"]}}],"collection":[{"href":"https:\/\/tourtravelandmore.com\/fr\/wp-json\/wp\/v2\/product"}],"about":[{"href":"https:\/\/tourtravelandmore.com\/fr\/wp-json\/wp\/v2\/types\/product"}],"replies":[{"embeddable":true,"href":"https:\/\/tourtravelandmore.com\/fr\/wp-json\/wp\/v2\/comments?post=103414"}],"wp:featuredmedia":[{"embeddable":true,"href":"https:\/\/tourtravelandmore.com\/fr\/wp-json\/wp\/v2\/media\/98012"}],"wp:attachment":[{"href":"https:\/\/tourtravelandmore.com\/fr\/wp-json\/wp\/v2\/media?parent=103414"}],"wp:term":[{"taxonomy":"product_brand","embeddable":true,"href":"https:\/\/tourtravelandmore.com\/fr\/wp-json\/wp\/v2\/product_brand?post=103414"},{"taxonomy":"product_cat","embeddable":true,"href":"https:\/\/tourtravelandmore.com\/fr\/wp-json\/wp\/v2\/product_cat?post=103414"},{"taxonomy":"product_tag","embeddable":true,"href":"https:\/\/tourtravelandmore.com\/fr\/wp-json\/wp\/v2\/product_tag?post=103414"}],"curies":[{"name":"wp","href":"https:\/\/api.w.org\/{rel}","templated":true}]}}