{"id":103405,"date":"2020-08-17T15:15:59","date_gmt":"2020-08-17T13:15:59","guid":{"rendered":"https:\/\/tourtravelandmore.com\/tours\/non%20class\u00e9\/visite-privee-de-la-ville-de-zagreb\/"},"modified":"2025-03-28T19:29:03","modified_gmt":"2025-03-28T18:29:03","slug":"visite-privee-de-la-ville-de-zagreb","status":"publish","type":"product","link":"https:\/\/tourtravelandmore.com\/fr\/tours\/croacia-fr-fr\/zagreb-fr\/visite-privee-de-la-ville-de-zagreb\/","title":{"rendered":"Visite priv\u00e9e de la ville de Zagreb"},"content":{"rendered":"<h2>Description<\/h2>\n<p>Si vous souhaitez explorer pleinement la capitale croate, profitez de cette visite priv\u00e9e de la ville de Zagreb avec un guide local et un chauffeur priv\u00e9. Vous vivrez une exp\u00e9rience unique dans un v\u00e9hicule priv\u00e9 de luxe climatis\u00e9.<\/p>\n<p>Zagreb est la ville la plus peupl\u00e9e de Croatie et, contrairement \u00e0 d&#8217;autres villes, se caract\u00e9rise par son architecture austro-hongroise. C&#8217;est le meilleur endroit pour ceux qui veulent profiter de la culture, de l&#8217;art et bien s\u00fbr du shopping.<\/p>\n<p>Vous aurez 4 heures compl\u00e8tes pour explorer cette ville fantastique avec votre guide. Si vous pr\u00e9f\u00e9rez, nous pouvons \u00e9galement inclure un billet d&#8217;entr\u00e9e pour tout monument du mus\u00e9e que vous souhaitez visiter.<\/p>\n<p>Profitez de cette occasion pour conna\u00eetre l&#8217;histoire et la culture de cette ville merveilleuse avec cette visite priv\u00e9e de la ville de Zagreb. Cette visite peut \u00e9galement se faire \u00e0 pied avec votre guide officiel. Jetez un \u0153il \u00e0 notre visite priv\u00e9e \u00e0 pied de Zagreb.<\/p>\n<h2>Sites d&#8217;int\u00e9r\u00eat et points de rep\u00e8re<\/h2>\n<p>Votre premier contact avec Tour Travel &amp; More se fera \u00e0 votre h\u00f4tel ou lieu de votre choix \u00e0 Zagreb. Votre chauffeur priv\u00e9 et votre guide officiel viendront vous chercher \u00e0 l&#8217;heure souhait\u00e9e.<\/p>\n<p>Avec cette visite priv\u00e9e, vous pourrez admirer tous les monuments les plus importants de Zagreb, par exemple la cath\u00e9drale de Zagreb. L&#8217;architecture des b\u00e2timents de Zagreb est diff\u00e9rente des autres villes croates, c&#8217;est pour cette raison que c&#8217;est une ville formidable \u00e0 visiter.<\/p>\n<p>Entre autres monuments et lieux que vous pourrez visiter:<\/p>\n<ul>\n<li>\u00c9glise Saint-Marc, consid\u00e9r\u00e9e comme l&#8217;un des plus beaux b\u00e2timents de Zagreb.<\/li>\n<li>Place Saint-Marc<\/li>\n<li>Marche de Strossmayer<\/li>\n<li>Tour Lotrcak, \u00e0 l&#8217;int\u00e9rieur de votre peut trouver une galerie d&#8217;arte et un ascenseur qui peuvent vous emmener au sommet o\u00f9 vous pourrez admirer une vue imprenable sur la ville<\/li>\n<li>Cath\u00e9drale de Zagreb et symbole de la ville<\/li>\n<li>March\u00e9 de Dolac: march\u00e9 rempli de plats traditionnels croates<\/li>\n<li>Rue Tkalcica<\/li>\n<li>et beaucoup plus!<\/li>\n<\/ul>\n<p>Votre guide pourra vous recommander un restaurant croate typique afin de d\u00e9guster sa cuisine locale. Vous aurez une exp\u00e9rience compl\u00e8te dans cette ville merveilleuse, en d&#8217;autres termes, vous finirez par aimer Zagreb.<\/p>\n<p>Enfin, votre chauffeur priv\u00e9 et votre guide officiel vous ram\u00e8neront \u00e0 votre h\u00f4tel ou lieu de votre choix \u00e0 Zagreb.<\/p>\n<div id=\"gtx-trans\" style=\"position: absolute; left: 33px; top: 543.625px;\">\n<div class=\"gtx-trans-icon\"><\/div>\n<\/div>\n","protected":false},"excerpt":{"rendered":"<p>Avec Tour Travel and More, vous ne devriez certainement pas manquer cette visite priv\u00e9e de la ville de Zagreb en seulement 4 heures. C&#8217;est un choix parfait pour en savoir plus sur la ville de Zagreb si vous n&#8217;avez pas trop de temps disponible. Pour utiliser au mieux votre temps, vous serez assist\u00e9 par un guide officiel qui vous accompagnera lors de cette visite priv\u00e9e avec un chauffeur priv\u00e9 dans un v\u00e9hicule de luxe.<\/p>\n","protected":false},"featured_media":98071,"comment_status":"open","ping_status":"closed","template":"","meta":{"_acf_changed":false},"product_brand":[],"product_cat":[3752],"product_tag":[],"class_list":{"0":"post-103405","1":"product","2":"type-product","3":"status-publish","4":"has-post-thumbnail","6":"product_cat-zagreb-fr","8":"first","9":"instock","10":"shipping-taxable","11":"purchasable","12":"product-type-simple"},"acf":[],"yoast_head":"<!-- This site is optimized with the Yoast SEO Premium plugin v25.3.1 (Yoast SEO v25.3.1) - https:\/\/yoast.com\/wordpress\/plugins\/seo\/ -->\n<title>Visite priv\u00e9e de la ville de Zagreb avec guide local et chauffeur priv\u00e9<\/title>\n<meta name=\"description\" content=\"Profitez de cette visite priv\u00e9e de la ville de Zagreb confortablement dans votre v\u00e9hicule de luxe priv\u00e9. Admirez tous les lieux et monuments les plus embl\u00e9matiques de cette ville unique.\" \/>\n<meta name=\"robots\" content=\"index, follow, max-snippet:-1, max-image-preview:large, max-video-preview:-1\" \/>\n<link rel=\"canonical\" href=\"https:\/\/tourtravelandmore.com\/fr\/tours\/croacia-fr-fr\/zagreb-fr\/visite-privee-de-la-ville-de-zagreb\/\" \/>\n<meta property=\"og:locale\" content=\"fr_FR\" \/>\n<meta property=\"og:type\" content=\"article\" \/>\n<meta property=\"og:title\" content=\"Visite priv\u00e9e de la ville de Zagreb\" \/>\n<meta property=\"og:description\" content=\"Profitez de cette visite priv\u00e9e de la ville de Zagreb confortablement dans votre v\u00e9hicule de luxe priv\u00e9. Admirez tous les lieux et monuments les plus embl\u00e9matiques de cette ville unique.\" \/>\n<meta property=\"og:url\" content=\"https:\/\/tourtravelandmore.com\/fr\/tours\/croacia-fr-fr\/zagreb-fr\/visite-privee-de-la-ville-de-zagreb\/\" \/>\n<meta property=\"og:site_name\" content=\"Tour Travel And More\" \/>\n<meta property=\"article:publisher\" content=\"https:\/\/www.facebook.com\/tourtravelandmore\/\" \/>\n<meta property=\"article:modified_time\" content=\"2025-03-28T18:29:03+00:00\" \/>\n<meta property=\"og:image\" content=\"https:\/\/tourtravelandmore.com\/wp-content\/uploads\/2020\/08\/zagreb-6.jpg\" \/>\n\t<meta property=\"og:image:width\" content=\"910\" \/>\n\t<meta property=\"og:image:height\" content=\"604\" \/>\n\t<meta property=\"og:image:type\" content=\"image\/jpeg\" \/>\n<meta name=\"twitter:card\" content=\"summary_large_image\" \/>\n<meta name=\"twitter:site\" content=\"@TourTravel_More\" \/>\n<meta name=\"twitter:label1\" content=\"Dur\u00e9e de lecture estim\u00e9e\" \/>\n\t<meta name=\"twitter:data1\" content=\"2 minutes\" \/>\n<script type=\"application\/ld+json\" class=\"yoast-schema-graph\">{\"@context\":\"https:\/\/schema.org\",\"@graph\":[{\"@type\":\"WebPage\",\"@id\":\"https:\/\/tourtravelandmore.com\/fr\/tours\/croacia-fr-fr\/zagreb-fr\/visite-privee-de-la-ville-de-zagreb\/\",\"url\":\"https:\/\/tourtravelandmore.com\/fr\/tours\/croacia-fr-fr\/zagreb-fr\/visite-privee-de-la-ville-de-zagreb\/\",\"name\":\"Visite priv\u00e9e de la ville de Zagreb avec guide local et chauffeur priv\u00e9\",\"isPartOf\":{\"@id\":\"https:\/\/tourtravelandmore.com\/fr\/#website\"},\"primaryImageOfPage\":{\"@id\":\"https:\/\/tourtravelandmore.com\/fr\/tours\/croacia-fr-fr\/zagreb-fr\/visite-privee-de-la-ville-de-zagreb\/#primaryimage\"},\"image\":{\"@id\":\"https:\/\/tourtravelandmore.com\/fr\/tours\/croacia-fr-fr\/zagreb-fr\/visite-privee-de-la-ville-de-zagreb\/#primaryimage\"},\"thumbnailUrl\":\"https:\/\/tourtravelandmore.com\/wp-content\/uploads\/2020\/08\/zagreb-6.jpg\",\"datePublished\":\"2020-08-17T13:15:59+00:00\",\"dateModified\":\"2025-03-28T18:29:03+00:00\",\"description\":\"Profitez de cette visite priv\u00e9e de la ville de Zagreb confortablement dans votre v\u00e9hicule de luxe priv\u00e9. Admirez tous les lieux et monuments les plus embl\u00e9matiques de cette ville unique.\",\"breadcrumb\":{\"@id\":\"https:\/\/tourtravelandmore.com\/fr\/tours\/croacia-fr-fr\/zagreb-fr\/visite-privee-de-la-ville-de-zagreb\/#breadcrumb\"},\"inLanguage\":\"fr-FR\",\"potentialAction\":[{\"@type\":\"ReadAction\",\"target\":[\"https:\/\/tourtravelandmore.com\/fr\/tours\/croacia-fr-fr\/zagreb-fr\/visite-privee-de-la-ville-de-zagreb\/\"]}]},{\"@type\":\"ImageObject\",\"inLanguage\":\"fr-FR\",\"@id\":\"https:\/\/tourtravelandmore.com\/fr\/tours\/croacia-fr-fr\/zagreb-fr\/visite-privee-de-la-ville-de-zagreb\/#primaryimage\",\"url\":\"https:\/\/tourtravelandmore.com\/wp-content\/uploads\/2020\/08\/zagreb-6.jpg\",\"contentUrl\":\"https:\/\/tourtravelandmore.com\/wp-content\/uploads\/2020\/08\/zagreb-6.jpg\",\"width\":910,\"height\":604},{\"@type\":\"BreadcrumbList\",\"@id\":\"https:\/\/tourtravelandmore.com\/fr\/tours\/croacia-fr-fr\/zagreb-fr\/visite-privee-de-la-ville-de-zagreb\/#breadcrumb\",\"itemListElement\":[{\"@type\":\"ListItem\",\"position\":1,\"name\":\"Home\",\"item\":\"https:\/\/tourtravelandmore.com\/fr\/\"},{\"@type\":\"ListItem\",\"position\":2,\"name\":\"Tours\",\"item\":\"https:\/\/tourtravelandmore.com\/fr\/tours\/\"},{\"@type\":\"ListItem\",\"position\":3,\"name\":\"Visite priv\u00e9e de la ville de Zagreb\"}]},{\"@type\":\"WebSite\",\"@id\":\"https:\/\/tourtravelandmore.com\/fr\/#website\",\"url\":\"https:\/\/tourtravelandmore.com\/fr\/\",\"name\":\"Tour Travel And More\",\"description\":\"Private sightseeing tours and luxury transfers in Spain\",\"publisher\":{\"@id\":\"https:\/\/tourtravelandmore.com\/fr\/#organization\"},\"potentialAction\":[{\"@type\":\"SearchAction\",\"target\":{\"@type\":\"EntryPoint\",\"urlTemplate\":\"https:\/\/tourtravelandmore.com\/fr\/?s={search_term_string}\"},\"query-input\":{\"@type\":\"PropertyValueSpecification\",\"valueRequired\":true,\"valueName\":\"search_term_string\"}}],\"inLanguage\":\"fr-FR\"},{\"@type\":\"Organization\",\"@id\":\"https:\/\/tourtravelandmore.com\/fr\/#organization\",\"name\":\"Tour Travel And More\",\"url\":\"https:\/\/tourtravelandmore.com\/fr\/\",\"logo\":{\"@type\":\"ImageObject\",\"inLanguage\":\"fr-FR\",\"@id\":\"https:\/\/tourtravelandmore.com\/fr\/#\/schema\/logo\/image\/\",\"url\":\"https:\/\/tourtravelandmore.com\/wp-content\/uploads\/2022\/12\/cropped-logo-cabecera-new.png\",\"contentUrl\":\"https:\/\/tourtravelandmore.com\/wp-content\/uploads\/2022\/12\/cropped-logo-cabecera-new.png\",\"width\":430,\"height\":61,\"caption\":\"Tour Travel And More\"},\"image\":{\"@id\":\"https:\/\/tourtravelandmore.com\/fr\/#\/schema\/logo\/image\/\"},\"sameAs\":[\"https:\/\/www.facebook.com\/tourtravelandmore\/\",\"https:\/\/x.com\/TourTravel_More\"]}]}<\/script>\n<!-- \/ Yoast SEO Premium plugin. -->","yoast_head_json":{"title":"Visite priv\u00e9e de la ville de Zagreb avec guide local et chauffeur priv\u00e9","description":"Profitez de cette visite priv\u00e9e de la ville de Zagreb confortablement dans votre v\u00e9hicule de luxe priv\u00e9. Admirez tous les lieux et monuments les plus embl\u00e9matiques de cette ville unique.","robots":{"index":"index","follow":"follow","max-snippet":"max-snippet:-1","max-image-preview":"max-image-preview:large","max-video-preview":"max-video-preview:-1"},"canonical":"https:\/\/tourtravelandmore.com\/fr\/tours\/croacia-fr-fr\/zagreb-fr\/visite-privee-de-la-ville-de-zagreb\/","og_locale":"fr_FR","og_type":"article","og_title":"Visite priv\u00e9e de la ville de Zagreb","og_description":"Profitez de cette visite priv\u00e9e de la ville de Zagreb confortablement dans votre v\u00e9hicule de luxe priv\u00e9. Admirez tous les lieux et monuments les plus embl\u00e9matiques de cette ville unique.","og_url":"https:\/\/tourtravelandmore.com\/fr\/tours\/croacia-fr-fr\/zagreb-fr\/visite-privee-de-la-ville-de-zagreb\/","og_site_name":"Tour Travel And More","article_publisher":"https:\/\/www.facebook.com\/tourtravelandmore\/","article_modified_time":"2025-03-28T18:29:03+00:00","og_image":[{"width":910,"height":604,"url":"https:\/\/tourtravelandmore.com\/wp-content\/uploads\/2020\/08\/zagreb-6.jpg","type":"image\/jpeg"}],"twitter_card":"summary_large_image","twitter_site":"@TourTravel_More","twitter_misc":{"Dur\u00e9e de lecture estim\u00e9e":"2 minutes"},"schema":{"@context":"https:\/\/schema.org","@graph":[{"@type":"WebPage","@id":"https:\/\/tourtravelandmore.com\/fr\/tours\/croacia-fr-fr\/zagreb-fr\/visite-privee-de-la-ville-de-zagreb\/","url":"https:\/\/tourtravelandmore.com\/fr\/tours\/croacia-fr-fr\/zagreb-fr\/visite-privee-de-la-ville-de-zagreb\/","name":"Visite priv\u00e9e de la ville de Zagreb avec guide local et chauffeur priv\u00e9","isPartOf":{"@id":"https:\/\/tourtravelandmore.com\/fr\/#website"},"primaryImageOfPage":{"@id":"https:\/\/tourtravelandmore.com\/fr\/tours\/croacia-fr-fr\/zagreb-fr\/visite-privee-de-la-ville-de-zagreb\/#primaryimage"},"image":{"@id":"https:\/\/tourtravelandmore.com\/fr\/tours\/croacia-fr-fr\/zagreb-fr\/visite-privee-de-la-ville-de-zagreb\/#primaryimage"},"thumbnailUrl":"https:\/\/tourtravelandmore.com\/wp-content\/uploads\/2020\/08\/zagreb-6.jpg","datePublished":"2020-08-17T13:15:59+00:00","dateModified":"2025-03-28T18:29:03+00:00","description":"Profitez de cette visite priv\u00e9e de la ville de Zagreb confortablement dans votre v\u00e9hicule de luxe priv\u00e9. Admirez tous les lieux et monuments les plus embl\u00e9matiques de cette ville unique.","breadcrumb":{"@id":"https:\/\/tourtravelandmore.com\/fr\/tours\/croacia-fr-fr\/zagreb-fr\/visite-privee-de-la-ville-de-zagreb\/#breadcrumb"},"inLanguage":"fr-FR","potentialAction":[{"@type":"ReadAction","target":["https:\/\/tourtravelandmore.com\/fr\/tours\/croacia-fr-fr\/zagreb-fr\/visite-privee-de-la-ville-de-zagreb\/"]}]},{"@type":"ImageObject","inLanguage":"fr-FR","@id":"https:\/\/tourtravelandmore.com\/fr\/tours\/croacia-fr-fr\/zagreb-fr\/visite-privee-de-la-ville-de-zagreb\/#primaryimage","url":"https:\/\/tourtravelandmore.com\/wp-content\/uploads\/2020\/08\/zagreb-6.jpg","contentUrl":"https:\/\/tourtravelandmore.com\/wp-content\/uploads\/2020\/08\/zagreb-6.jpg","width":910,"height":604},{"@type":"BreadcrumbList","@id":"https:\/\/tourtravelandmore.com\/fr\/tours\/croacia-fr-fr\/zagreb-fr\/visite-privee-de-la-ville-de-zagreb\/#breadcrumb","itemListElement":[{"@type":"ListItem","position":1,"name":"Home","item":"https:\/\/tourtravelandmore.com\/fr\/"},{"@type":"ListItem","position":2,"name":"Tours","item":"https:\/\/tourtravelandmore.com\/fr\/tours\/"},{"@type":"ListItem","position":3,"name":"Visite priv\u00e9e de la ville de Zagreb"}]},{"@type":"WebSite","@id":"https:\/\/tourtravelandmore.com\/fr\/#website","url":"https:\/\/tourtravelandmore.com\/fr\/","name":"Tour Travel And More","description":"Private sightseeing tours and luxury transfers in Spain","publisher":{"@id":"https:\/\/tourtravelandmore.com\/fr\/#organization"},"potentialAction":[{"@type":"SearchAction","target":{"@type":"EntryPoint","urlTemplate":"https:\/\/tourtravelandmore.com\/fr\/?s={search_term_string}"},"query-input":{"@type":"PropertyValueSpecification","valueRequired":true,"valueName":"search_term_string"}}],"inLanguage":"fr-FR"},{"@type":"Organization","@id":"https:\/\/tourtravelandmore.com\/fr\/#organization","name":"Tour Travel And More","url":"https:\/\/tourtravelandmore.com\/fr\/","logo":{"@type":"ImageObject","inLanguage":"fr-FR","@id":"https:\/\/tourtravelandmore.com\/fr\/#\/schema\/logo\/image\/","url":"https:\/\/tourtravelandmore.com\/wp-content\/uploads\/2022\/12\/cropped-logo-cabecera-new.png","contentUrl":"https:\/\/tourtravelandmore.com\/wp-content\/uploads\/2022\/12\/cropped-logo-cabecera-new.png","width":430,"height":61,"caption":"Tour Travel And More"},"image":{"@id":"https:\/\/tourtravelandmore.com\/fr\/#\/schema\/logo\/image\/"},"sameAs":["https:\/\/www.facebook.com\/tourtravelandmore\/","https:\/\/x.com\/TourTravel_More"]}]}},"_links":{"self":[{"href":"https:\/\/tourtravelandmore.com\/fr\/wp-json\/wp\/v2\/product\/103405","targetHints":{"allow":["GET"]}}],"collection":[{"href":"https:\/\/tourtravelandmore.com\/fr\/wp-json\/wp\/v2\/product"}],"about":[{"href":"https:\/\/tourtravelandmore.com\/fr\/wp-json\/wp\/v2\/types\/product"}],"replies":[{"embeddable":true,"href":"https:\/\/tourtravelandmore.com\/fr\/wp-json\/wp\/v2\/comments?post=103405"}],"wp:featuredmedia":[{"embeddable":true,"href":"https:\/\/tourtravelandmore.com\/fr\/wp-json\/wp\/v2\/media\/98071"}],"wp:attachment":[{"href":"https:\/\/tourtravelandmore.com\/fr\/wp-json\/wp\/v2\/media?parent=103405"}],"wp:term":[{"taxonomy":"product_brand","embeddable":true,"href":"https:\/\/tourtravelandmore.com\/fr\/wp-json\/wp\/v2\/product_brand?post=103405"},{"taxonomy":"product_cat","embeddable":true,"href":"https:\/\/tourtravelandmore.com\/fr\/wp-json\/wp\/v2\/product_cat?post=103405"},{"taxonomy":"product_tag","embeddable":true,"href":"https:\/\/tourtravelandmore.com\/fr\/wp-json\/wp\/v2\/product_tag?post=103405"}],"curies":[{"name":"wp","href":"https:\/\/api.w.org\/{rel}","templated":true}]}}