{"id":103400,"date":"2020-08-17T10:48:56","date_gmt":"2020-08-17T08:48:56","guid":{"rendered":"https:\/\/tourtravelandmore.com\/tours\/non%20class\u00e9\/visite-privee-a-ljubljana-et-au-lac-de-bled\/"},"modified":"2025-03-28T20:32:45","modified_gmt":"2025-03-28T19:32:45","slug":"visite-privee-a-ljubljana-et-au-lac-de-bled","status":"publish","type":"product","link":"https:\/\/tourtravelandmore.com\/fr\/tours\/croacia-fr-fr\/zagreb-fr\/visite-privee-a-ljubljana-et-au-lac-de-bled\/","title":{"rendered":"Visite priv\u00e9e \u00e0 Ljubljana et au lac de Bled"},"content":{"rendered":"<h2>Description<\/h2>\n<p>Visitez Ljubljana, la capitale verte de l&#8217;Europe de la Commission europ\u00e9enne en 2016, avec notre excursion priv\u00e9e d&#8217;une journ\u00e9e au d\u00e9part de Zagreb. Vous vous arr\u00eaterez \u00e9galement au lac de Bled, l&#8217;un des endroits les plus populaires et les plus beaux de Slov\u00e9nie. Profitez au mieux de votre visite \u00e0 Zagreb et profitez de notre visite priv\u00e9e \u00e0 Ljubljana au d\u00e9part de Zagreb.<\/p>\n<p>Ljubljana est la capitale et la plus grande ville de Slov\u00e9nie, elle est habit\u00e9e par pr\u00e8s de 285 000 personnes. La ville est connue comme une ville verte, gr\u00e2ce \u00e0 une restriction de la circulation des v\u00e9hicules dans le centre. Son atmosph\u00e8re d\u00e9tendue se ressent dans ses magnifiques caf\u00e9s et restaurants. Le lac de Bled est l&#8217;image parfaite de la carte postale. Vous vous prom\u00e8nerez autour du lac et verrez le magnifique ch\u00e2teau m\u00e9di\u00e9val et les Alpes.<\/p>\n<p>Au cours de votre visite priv\u00e9e, vous profiterez de cette exp\u00e9rience unique aux c\u00f4t\u00e9s de votre chauffeur priv\u00e9 et de votre guide officiel.<\/p>\n<p>Nous avons plusieurs options de visites priv\u00e9es dans et depuis Zagreb, jetez un \u0153il \u00e0 notre liste de visites priv\u00e9es. Nous sommes l\u00e0 pour faire de vos vacances une exp\u00e9rience totalement unique.<\/p>\n<h2>Sites d&#8217;int\u00e9r\u00eat et points de rep\u00e8re<\/h2>\n<p>Tout d&#8217;abord, votre chauffeur priv\u00e9 viendra vous chercher \u00e0 votre h\u00f4tel ou lieu de votre choix \u00e0 l&#8217;heure souhait\u00e9e. Apr\u00e8s cela, vous commencerez votre excursion priv\u00e9e en Slov\u00e9nie confortablement dans votre v\u00e9hicule de luxe priv\u00e9. Le trajet jusqu&#8217;\u00e0 Ljubljana dure environ 1 heure et 45 minutes. Une fois sur place, vous rencontrerez votre guide officiel priv\u00e9. Si vous pr\u00e9f\u00e9rez, nous pouvons organiser un guide d&#8217;une journ\u00e9e compl\u00e8te au d\u00e9part de Zagreb.<\/p>\n<p>Ljubljana est l&#8217;une des plus belles villes de la r\u00e9gion. La capitale de la Slov\u00e9nie est tr\u00e8s connue pour son atmosph\u00e8re d\u00e9tendue et calme. L&#8217;architecture du centre historique est marqu\u00e9e par diff\u00e9rentes p\u00e9riodes, et principalement par l&#8217;\u0153uvre de l&#8217;architecte de renomm\u00e9e mondiale, Jo\u017ee Ple\u010dnik. \u00c0 travers la ville coule la rivi\u00e8re Ljubljanica, qui est travers\u00e9e par plusieurs ponts pittoresques.<\/p>\n<p>Le symbole de Ljubljana est le dragon, qui domine l&#8217;embl\u00e9matique Dragon Bridge. L&#8217;attraction la plus connue de Ljubljana est le ch\u00e2teau de Ljubljana, qui se dresse sur une colline depuis environ 900 ans. La tour Outlook et les remparts du ch\u00e2teau offrent certaines des plus belles vues de la ville. Vous d\u00e9couvrirez cette ville merveilleuse aux c\u00f4t\u00e9s d&#8217;un guide officiel expert.<\/p>\n<p>Deuxi\u00e8mement, vous continuerez vers le lac de Bled. Apr\u00e8s 45 minutes de route, vous arriverez \u00e0 ce site merveilleux. Ce lac alpin est la seule \u00eele de Slov\u00e9nie et il est r\u00e9put\u00e9 depuis des si\u00e8cles pour sa beaut\u00e9. Le lac de Bled a \u00e9t\u00e9 nomin\u00e9 pour l&#8217;une des sept merveilles du monde. Vous pourrez faire une promenade en bateau jusqu&#8217;au ch\u00e2teau au cas o\u00f9 vous le souhaiteriez.<\/p>\n<p>Apr\u00e8s avoir visit\u00e9 le lac de Bled, votre chauffeur vous ram\u00e8nera \u00e0 votre h\u00f4tel ou lieu de votre choix \u00e0 Zagreb.<\/p>\n<p>Vous aurez bien s\u00fbr du temps libre pour le d\u00e9jeuner lors de votre visite priv\u00e9e \u00e0 Ljubljana au d\u00e9part de Zagreb.<\/p>\n","protected":false},"excerpt":{"rendered":"<p>Profitez au maximum de votre visite \u00e0 Zagreb et visitez la Slov\u00e9nie lors d&#8217;une excursion priv\u00e9e. Vous visiterez la merveilleuse ville de Ljubljana, capitale verte de l&#8217;Europe de la Commission europ\u00e9enne en 2016, et le magnifique lac alpin de Bled. Pour tirer le meilleur parti de votre s\u00e9jour \u00e0 Ljubljana, vous serez assist\u00e9 par un guide officiel qui vous accompagnera pour une promenade \u00e0 travers cette ville merveilleuse. De plus, vous aurez \u00e0 votre enti\u00e8re disposition un chauffeur priv\u00e9 dans un v\u00e9hicule de luxe.<\/p>\n","protected":false},"featured_media":98078,"comment_status":"open","ping_status":"closed","template":"","meta":{"_acf_changed":false},"product_brand":[],"product_cat":[5501,5502,3752],"product_tag":[],"class_list":{"0":"post-103400","1":"product","2":"type-product","3":"status-publish","4":"has-post-thumbnail","6":"product_cat-all-private-tours-and-activites","7":"product_cat-private-day-tours","8":"product_cat-zagreb-fr","10":"first","11":"instock","12":"shipping-taxable","13":"purchasable","14":"product-type-simple"},"acf":[],"yoast_head":"<!-- This site is optimized with the Yoast SEO Premium plugin v25.3.1 (Yoast SEO v25.3.1) - https:\/\/yoast.com\/wordpress\/plugins\/seo\/ -->\n<title>Visite priv\u00e9e \u00e0 Ljubljana de Zagreb avec chauffeur et guide<\/title>\n<meta name=\"description\" content=\"Profitez de notre visite priv\u00e9e \u00e0 Ljubljana au d\u00e9part de Zagreb. Visitez la ville verte de Ljubljana et le lac de Bled, l&#039;un des plus beaux sites de plein air d&#039;Europe.\" \/>\n<meta name=\"robots\" content=\"index, follow, max-snippet:-1, max-image-preview:large, max-video-preview:-1\" \/>\n<link rel=\"canonical\" href=\"https:\/\/tourtravelandmore.com\/fr\/tours\/croacia-fr-fr\/zagreb-fr\/visite-privee-a-ljubljana-et-au-lac-de-bled\/\" \/>\n<meta property=\"og:locale\" content=\"fr_FR\" \/>\n<meta property=\"og:type\" content=\"article\" \/>\n<meta property=\"og:title\" content=\"Visite priv\u00e9e \u00e0 Ljubljana et au lac de Bled\" \/>\n<meta property=\"og:description\" content=\"Profitez de notre visite priv\u00e9e \u00e0 Ljubljana au d\u00e9part de Zagreb. Visitez la ville verte de Ljubljana et le lac de Bled, l&#039;un des plus beaux sites de plein air d&#039;Europe.\" \/>\n<meta property=\"og:url\" content=\"https:\/\/tourtravelandmore.com\/fr\/tours\/croacia-fr-fr\/zagreb-fr\/visite-privee-a-ljubljana-et-au-lac-de-bled\/\" \/>\n<meta property=\"og:site_name\" content=\"Tour Travel And More\" \/>\n<meta property=\"article:publisher\" content=\"https:\/\/www.facebook.com\/tourtravelandmore\/\" \/>\n<meta property=\"article:modified_time\" content=\"2025-03-28T19:32:45+00:00\" \/>\n<meta property=\"og:image\" content=\"https:\/\/tourtravelandmore.com\/wp-content\/uploads\/2020\/08\/Ljubljana_made_by_Janez_Kotar-min.jpg\" \/>\n\t<meta property=\"og:image:width\" content=\"1280\" \/>\n\t<meta property=\"og:image:height\" content=\"853\" \/>\n\t<meta property=\"og:image:type\" content=\"image\/jpeg\" \/>\n<meta name=\"twitter:card\" content=\"summary_large_image\" \/>\n<meta name=\"twitter:site\" content=\"@TourTravel_More\" \/>\n<meta name=\"twitter:label1\" content=\"Dur\u00e9e de lecture estim\u00e9e\" \/>\n\t<meta name=\"twitter:data1\" content=\"3 minutes\" \/>\n<script type=\"application\/ld+json\" class=\"yoast-schema-graph\">{\"@context\":\"https:\/\/schema.org\",\"@graph\":[{\"@type\":\"WebPage\",\"@id\":\"https:\/\/tourtravelandmore.com\/fr\/tours\/croacia-fr-fr\/zagreb-fr\/visite-privee-a-ljubljana-et-au-lac-de-bled\/\",\"url\":\"https:\/\/tourtravelandmore.com\/fr\/tours\/croacia-fr-fr\/zagreb-fr\/visite-privee-a-ljubljana-et-au-lac-de-bled\/\",\"name\":\"Visite priv\u00e9e \u00e0 Ljubljana de Zagreb avec chauffeur et guide\",\"isPartOf\":{\"@id\":\"https:\/\/tourtravelandmore.com\/fr\/#website\"},\"primaryImageOfPage\":{\"@id\":\"https:\/\/tourtravelandmore.com\/fr\/tours\/croacia-fr-fr\/zagreb-fr\/visite-privee-a-ljubljana-et-au-lac-de-bled\/#primaryimage\"},\"image\":{\"@id\":\"https:\/\/tourtravelandmore.com\/fr\/tours\/croacia-fr-fr\/zagreb-fr\/visite-privee-a-ljubljana-et-au-lac-de-bled\/#primaryimage\"},\"thumbnailUrl\":\"https:\/\/tourtravelandmore.com\/wp-content\/uploads\/2020\/08\/Ljubljana_made_by_Janez_Kotar-min.jpg\",\"datePublished\":\"2020-08-17T08:48:56+00:00\",\"dateModified\":\"2025-03-28T19:32:45+00:00\",\"description\":\"Profitez de notre visite priv\u00e9e \u00e0 Ljubljana au d\u00e9part de Zagreb. Visitez la ville verte de Ljubljana et le lac de Bled, l'un des plus beaux sites de plein air d'Europe.\",\"breadcrumb\":{\"@id\":\"https:\/\/tourtravelandmore.com\/fr\/tours\/croacia-fr-fr\/zagreb-fr\/visite-privee-a-ljubljana-et-au-lac-de-bled\/#breadcrumb\"},\"inLanguage\":\"fr-FR\",\"potentialAction\":[{\"@type\":\"ReadAction\",\"target\":[\"https:\/\/tourtravelandmore.com\/fr\/tours\/croacia-fr-fr\/zagreb-fr\/visite-privee-a-ljubljana-et-au-lac-de-bled\/\"]}]},{\"@type\":\"ImageObject\",\"inLanguage\":\"fr-FR\",\"@id\":\"https:\/\/tourtravelandmore.com\/fr\/tours\/croacia-fr-fr\/zagreb-fr\/visite-privee-a-ljubljana-et-au-lac-de-bled\/#primaryimage\",\"url\":\"https:\/\/tourtravelandmore.com\/wp-content\/uploads\/2020\/08\/Ljubljana_made_by_Janez_Kotar-min.jpg\",\"contentUrl\":\"https:\/\/tourtravelandmore.com\/wp-content\/uploads\/2020\/08\/Ljubljana_made_by_Janez_Kotar-min.jpg\",\"width\":1280,\"height\":853},{\"@type\":\"BreadcrumbList\",\"@id\":\"https:\/\/tourtravelandmore.com\/fr\/tours\/croacia-fr-fr\/zagreb-fr\/visite-privee-a-ljubljana-et-au-lac-de-bled\/#breadcrumb\",\"itemListElement\":[{\"@type\":\"ListItem\",\"position\":1,\"name\":\"Home\",\"item\":\"https:\/\/tourtravelandmore.com\/fr\/\"},{\"@type\":\"ListItem\",\"position\":2,\"name\":\"Tours\",\"item\":\"https:\/\/tourtravelandmore.com\/fr\/tours\/\"},{\"@type\":\"ListItem\",\"position\":3,\"name\":\"Visite priv\u00e9e \u00e0 Ljubljana et au lac de Bled\"}]},{\"@type\":\"WebSite\",\"@id\":\"https:\/\/tourtravelandmore.com\/fr\/#website\",\"url\":\"https:\/\/tourtravelandmore.com\/fr\/\",\"name\":\"Tour Travel And More\",\"description\":\"Private sightseeing tours and luxury transfers in Spain\",\"publisher\":{\"@id\":\"https:\/\/tourtravelandmore.com\/fr\/#organization\"},\"potentialAction\":[{\"@type\":\"SearchAction\",\"target\":{\"@type\":\"EntryPoint\",\"urlTemplate\":\"https:\/\/tourtravelandmore.com\/fr\/?s={search_term_string}\"},\"query-input\":{\"@type\":\"PropertyValueSpecification\",\"valueRequired\":true,\"valueName\":\"search_term_string\"}}],\"inLanguage\":\"fr-FR\"},{\"@type\":\"Organization\",\"@id\":\"https:\/\/tourtravelandmore.com\/fr\/#organization\",\"name\":\"Tour Travel And More\",\"url\":\"https:\/\/tourtravelandmore.com\/fr\/\",\"logo\":{\"@type\":\"ImageObject\",\"inLanguage\":\"fr-FR\",\"@id\":\"https:\/\/tourtravelandmore.com\/fr\/#\/schema\/logo\/image\/\",\"url\":\"https:\/\/tourtravelandmore.com\/wp-content\/uploads\/2022\/12\/cropped-logo-cabecera-new.png\",\"contentUrl\":\"https:\/\/tourtravelandmore.com\/wp-content\/uploads\/2022\/12\/cropped-logo-cabecera-new.png\",\"width\":430,\"height\":61,\"caption\":\"Tour Travel And More\"},\"image\":{\"@id\":\"https:\/\/tourtravelandmore.com\/fr\/#\/schema\/logo\/image\/\"},\"sameAs\":[\"https:\/\/www.facebook.com\/tourtravelandmore\/\",\"https:\/\/x.com\/TourTravel_More\"]}]}<\/script>\n<!-- \/ Yoast SEO Premium plugin. -->","yoast_head_json":{"title":"Visite priv\u00e9e \u00e0 Ljubljana de Zagreb avec chauffeur et guide","description":"Profitez de notre visite priv\u00e9e \u00e0 Ljubljana au d\u00e9part de Zagreb. Visitez la ville verte de Ljubljana et le lac de Bled, l'un des plus beaux sites de plein air d'Europe.","robots":{"index":"index","follow":"follow","max-snippet":"max-snippet:-1","max-image-preview":"max-image-preview:large","max-video-preview":"max-video-preview:-1"},"canonical":"https:\/\/tourtravelandmore.com\/fr\/tours\/croacia-fr-fr\/zagreb-fr\/visite-privee-a-ljubljana-et-au-lac-de-bled\/","og_locale":"fr_FR","og_type":"article","og_title":"Visite priv\u00e9e \u00e0 Ljubljana et au lac de Bled","og_description":"Profitez de notre visite priv\u00e9e \u00e0 Ljubljana au d\u00e9part de Zagreb. Visitez la ville verte de Ljubljana et le lac de Bled, l'un des plus beaux sites de plein air d'Europe.","og_url":"https:\/\/tourtravelandmore.com\/fr\/tours\/croacia-fr-fr\/zagreb-fr\/visite-privee-a-ljubljana-et-au-lac-de-bled\/","og_site_name":"Tour Travel And More","article_publisher":"https:\/\/www.facebook.com\/tourtravelandmore\/","article_modified_time":"2025-03-28T19:32:45+00:00","og_image":[{"width":1280,"height":853,"url":"https:\/\/tourtravelandmore.com\/wp-content\/uploads\/2020\/08\/Ljubljana_made_by_Janez_Kotar-min.jpg","type":"image\/jpeg"}],"twitter_card":"summary_large_image","twitter_site":"@TourTravel_More","twitter_misc":{"Dur\u00e9e de lecture estim\u00e9e":"3 minutes"},"schema":{"@context":"https:\/\/schema.org","@graph":[{"@type":"WebPage","@id":"https:\/\/tourtravelandmore.com\/fr\/tours\/croacia-fr-fr\/zagreb-fr\/visite-privee-a-ljubljana-et-au-lac-de-bled\/","url":"https:\/\/tourtravelandmore.com\/fr\/tours\/croacia-fr-fr\/zagreb-fr\/visite-privee-a-ljubljana-et-au-lac-de-bled\/","name":"Visite priv\u00e9e \u00e0 Ljubljana de Zagreb avec chauffeur et guide","isPartOf":{"@id":"https:\/\/tourtravelandmore.com\/fr\/#website"},"primaryImageOfPage":{"@id":"https:\/\/tourtravelandmore.com\/fr\/tours\/croacia-fr-fr\/zagreb-fr\/visite-privee-a-ljubljana-et-au-lac-de-bled\/#primaryimage"},"image":{"@id":"https:\/\/tourtravelandmore.com\/fr\/tours\/croacia-fr-fr\/zagreb-fr\/visite-privee-a-ljubljana-et-au-lac-de-bled\/#primaryimage"},"thumbnailUrl":"https:\/\/tourtravelandmore.com\/wp-content\/uploads\/2020\/08\/Ljubljana_made_by_Janez_Kotar-min.jpg","datePublished":"2020-08-17T08:48:56+00:00","dateModified":"2025-03-28T19:32:45+00:00","description":"Profitez de notre visite priv\u00e9e \u00e0 Ljubljana au d\u00e9part de Zagreb. Visitez la ville verte de Ljubljana et le lac de Bled, l'un des plus beaux sites de plein air d'Europe.","breadcrumb":{"@id":"https:\/\/tourtravelandmore.com\/fr\/tours\/croacia-fr-fr\/zagreb-fr\/visite-privee-a-ljubljana-et-au-lac-de-bled\/#breadcrumb"},"inLanguage":"fr-FR","potentialAction":[{"@type":"ReadAction","target":["https:\/\/tourtravelandmore.com\/fr\/tours\/croacia-fr-fr\/zagreb-fr\/visite-privee-a-ljubljana-et-au-lac-de-bled\/"]}]},{"@type":"ImageObject","inLanguage":"fr-FR","@id":"https:\/\/tourtravelandmore.com\/fr\/tours\/croacia-fr-fr\/zagreb-fr\/visite-privee-a-ljubljana-et-au-lac-de-bled\/#primaryimage","url":"https:\/\/tourtravelandmore.com\/wp-content\/uploads\/2020\/08\/Ljubljana_made_by_Janez_Kotar-min.jpg","contentUrl":"https:\/\/tourtravelandmore.com\/wp-content\/uploads\/2020\/08\/Ljubljana_made_by_Janez_Kotar-min.jpg","width":1280,"height":853},{"@type":"BreadcrumbList","@id":"https:\/\/tourtravelandmore.com\/fr\/tours\/croacia-fr-fr\/zagreb-fr\/visite-privee-a-ljubljana-et-au-lac-de-bled\/#breadcrumb","itemListElement":[{"@type":"ListItem","position":1,"name":"Home","item":"https:\/\/tourtravelandmore.com\/fr\/"},{"@type":"ListItem","position":2,"name":"Tours","item":"https:\/\/tourtravelandmore.com\/fr\/tours\/"},{"@type":"ListItem","position":3,"name":"Visite priv\u00e9e \u00e0 Ljubljana et au lac de Bled"}]},{"@type":"WebSite","@id":"https:\/\/tourtravelandmore.com\/fr\/#website","url":"https:\/\/tourtravelandmore.com\/fr\/","name":"Tour Travel And More","description":"Private sightseeing tours and luxury transfers in Spain","publisher":{"@id":"https:\/\/tourtravelandmore.com\/fr\/#organization"},"potentialAction":[{"@type":"SearchAction","target":{"@type":"EntryPoint","urlTemplate":"https:\/\/tourtravelandmore.com\/fr\/?s={search_term_string}"},"query-input":{"@type":"PropertyValueSpecification","valueRequired":true,"valueName":"search_term_string"}}],"inLanguage":"fr-FR"},{"@type":"Organization","@id":"https:\/\/tourtravelandmore.com\/fr\/#organization","name":"Tour Travel And More","url":"https:\/\/tourtravelandmore.com\/fr\/","logo":{"@type":"ImageObject","inLanguage":"fr-FR","@id":"https:\/\/tourtravelandmore.com\/fr\/#\/schema\/logo\/image\/","url":"https:\/\/tourtravelandmore.com\/wp-content\/uploads\/2022\/12\/cropped-logo-cabecera-new.png","contentUrl":"https:\/\/tourtravelandmore.com\/wp-content\/uploads\/2022\/12\/cropped-logo-cabecera-new.png","width":430,"height":61,"caption":"Tour Travel And More"},"image":{"@id":"https:\/\/tourtravelandmore.com\/fr\/#\/schema\/logo\/image\/"},"sameAs":["https:\/\/www.facebook.com\/tourtravelandmore\/","https:\/\/x.com\/TourTravel_More"]}]}},"_links":{"self":[{"href":"https:\/\/tourtravelandmore.com\/fr\/wp-json\/wp\/v2\/product\/103400","targetHints":{"allow":["GET"]}}],"collection":[{"href":"https:\/\/tourtravelandmore.com\/fr\/wp-json\/wp\/v2\/product"}],"about":[{"href":"https:\/\/tourtravelandmore.com\/fr\/wp-json\/wp\/v2\/types\/product"}],"replies":[{"embeddable":true,"href":"https:\/\/tourtravelandmore.com\/fr\/wp-json\/wp\/v2\/comments?post=103400"}],"wp:featuredmedia":[{"embeddable":true,"href":"https:\/\/tourtravelandmore.com\/fr\/wp-json\/wp\/v2\/media\/98078"}],"wp:attachment":[{"href":"https:\/\/tourtravelandmore.com\/fr\/wp-json\/wp\/v2\/media?parent=103400"}],"wp:term":[{"taxonomy":"product_brand","embeddable":true,"href":"https:\/\/tourtravelandmore.com\/fr\/wp-json\/wp\/v2\/product_brand?post=103400"},{"taxonomy":"product_cat","embeddable":true,"href":"https:\/\/tourtravelandmore.com\/fr\/wp-json\/wp\/v2\/product_cat?post=103400"},{"taxonomy":"product_tag","embeddable":true,"href":"https:\/\/tourtravelandmore.com\/fr\/wp-json\/wp\/v2\/product_tag?post=103400"}],"curies":[{"name":"wp","href":"https:\/\/api.w.org\/{rel}","templated":true}]}}