{"id":103390,"date":"2020-08-14T17:30:03","date_gmt":"2020-08-14T15:30:03","guid":{"rendered":"https:\/\/tourtravelandmore.com\/tours\/non%20class\u00e9\/visite-privee-a-pied-de-zagreb\/"},"modified":"2025-03-28T19:28:58","modified_gmt":"2025-03-28T18:28:58","slug":"visite-privee-a-pied-de-zagreb","status":"publish","type":"product","link":"https:\/\/tourtravelandmore.com\/fr\/tours\/croacia-fr-fr\/zagreb-fr\/visite-privee-a-pied-de-zagreb\/","title":{"rendered":"Visite priv\u00e9e \u00e0 pied de Zagreb"},"content":{"rendered":"<h2>Description<\/h2>\n<p>La ville de Zagreb est la capitale de la Croatie, situ\u00e9e au nord-ouest du pays. Tirez le meilleur parti de votre s\u00e9jour \u00e0 Zagreb et profitez de notre visite priv\u00e9e \u00e0 pied de Zagreb avec un guide officiel local.<\/p>\n<p>Zagreb est la ville la plus peupl\u00e9e de Croatie et, contrairement \u00e0 d&#8217;autres villes, se caract\u00e9rise par son architecture austro-hongroise. C&#8217;est le meilleur endroit pour ceux qui veulent profiter de la culture, de l&#8217;art et bien s\u00fbr du shopping.<\/p>\n<p>Vous aurez 3 heures compl\u00e8tes pour explorer cette ville fantastique avec votre guide. Si vous pr\u00e9f\u00e9rez, nous pouvons \u00e9galement inclure un billet d&#8217;entr\u00e9e pour tout monument du mus\u00e9e que vous souhaitez visiter.<\/p>\n<p>Votre premier contact dans Tour Travel and More sera \u00e0 l&#8217;entr\u00e9e principale de la cath\u00e9drale de Zagreb ou dans votre h\u00f4tel situ\u00e9 au centre. Comme il s&#8217;agit d&#8217;une visite priv\u00e9e, l&#8217;heure de d\u00e9but sera d\u00e9termin\u00e9e par vous.<\/p>\n<p>Profitez de cette occasion pour conna\u00eetre l&#8217;histoire et la culture de cette ville merveilleuse avec cette visite priv\u00e9e \u00e0 pied de Zagreb. Si vous pr\u00e9f\u00e9rez inclure un v\u00e9hicule de luxe priv\u00e9 \u00e0 votre exp\u00e9rience, veuillez consulter notre visite priv\u00e9e de la ville de Zagreb.<\/p>\n<h2>Sites d&#8217;int\u00e9r\u00eat et points de rep\u00e8re<\/h2>\n<p>Tout d&#8217;abord, vous rencontrerez votre guide officiel priv\u00e9 dans un point de rencontre central \u00e0 Zagreb. Avec cette visite priv\u00e9e \u00e0 pied, vous pourrez admirer l&#8217;architecture et la culture qui caract\u00e9risent cette ville unique.<\/p>\n<p>Votre premier arr\u00eat sera dans la cath\u00e9drale de Zagreb, situ\u00e9e dans le quartier de Kaptol. Cette cath\u00e9drale est le symbole de la ville, avec ses deux immenses tours gothiques, visibles de presque partout dans la ville.<\/p>\n<p>Deuxi\u00e8mement, vous continuerez vers l&#8217;\u00e9glise Saint-Marc, situ\u00e9e sur la place Saint-Marc. L&#8217;\u00e9glise est consid\u00e9r\u00e9e comme l&#8217;un des plus beaux b\u00e2timents de Zagreb. Il a \u00e9t\u00e9 construit au 13\u00e8me si\u00e8cle dans le style roman et plus tard r\u00e9nov\u00e9 dans le style gothique tardif.<\/p>\n<p>Troisi\u00e8mement, vous visiterez la tour Lotrcak \u00e0 Strossmayer Walk. \u00c0 l&#8217;int\u00e9rieur, vous pouvez trouver une galerie d&#8217;arte et un ascenseur qui peuvent vous emmener jusqu&#8217;au sommet o\u00f9 vous pourrez admirer une vue imprenable sur la ville.<\/p>\n<p>Enfin, vous marcherez le long de la rue Tkalcica et visiterez le march\u00e9 de Dolac. Si vous souhaitez go\u00fbter \u00e0 la gastronomie croate, ces deux derniers arr\u00eats seront parfaits pour vous. Les deux endroits sont pleins de vie, de gens et de plats d\u00e9licieux.<\/p>\n<p>Votre guide priv\u00e9 officiel sera \u00e0 votre enti\u00e8re disposition pendant toute la dur\u00e9e de la visite. Si vous souhaitez faire un arr\u00eat sp\u00e9cifique, il vous suffit de nous contacter, nous aimons faire des r\u00eaves une r\u00e9alit\u00e9.<\/p>\n<div id=\"gtx-trans\" style=\"position: absolute; left: 212px; top: 567.625px;\">\n<div class=\"gtx-trans-icon\"><\/div>\n<\/div>\n","protected":false},"excerpt":{"rendered":"<p>Avec Tour Travel and More, vous ne devriez certainement pas manquer cette visite priv\u00e9e \u00e0 pied de la ville de Zagreb en seulement 3 heures. Vous serez accompagn\u00e9 d&#8217;un guide priv\u00e9 local qui vous montrera tous les coins et monuments \u00e9tonnants de cette ville unique. Vous pourrez visiter la tour Lotrcak \u00e0 Strossmayer Walk, l&#8217;\u00e9glise Saint-Marc et bien plus encore !.<\/p>\n","protected":false},"featured_media":98066,"comment_status":"open","ping_status":"closed","template":"","meta":{"_acf_changed":false},"product_brand":[],"product_cat":[3752],"product_tag":[],"class_list":{"0":"post-103390","1":"product","2":"type-product","3":"status-publish","4":"has-post-thumbnail","6":"product_cat-zagreb-fr","8":"first","9":"instock","10":"shipping-taxable","11":"purchasable","12":"product-type-simple"},"acf":[],"yoast_head":"<!-- This site is optimized with the Yoast SEO Premium plugin v25.3.1 (Yoast SEO v25.3.1) - https:\/\/yoast.com\/wordpress\/plugins\/seo\/ -->\n<title>Visite priv\u00e9e \u00e0 pied de Zagreb avec guide officiel<\/title>\n<meta name=\"description\" content=\"Profitez de cette visite priv\u00e9e \u00e0 pied de Zagreb avec votre guide officiel qui vous montrera tous les lieux et monuments les plus importants.\" \/>\n<meta name=\"robots\" content=\"index, follow, max-snippet:-1, max-image-preview:large, max-video-preview:-1\" \/>\n<link rel=\"canonical\" href=\"https:\/\/tourtravelandmore.com\/fr\/tours\/croacia-fr-fr\/zagreb-fr\/visite-privee-a-pied-de-zagreb\/\" \/>\n<meta property=\"og:locale\" content=\"fr_FR\" \/>\n<meta property=\"og:type\" content=\"article\" \/>\n<meta property=\"og:title\" content=\"Visite priv\u00e9e \u00e0 pied de Zagreb\" \/>\n<meta property=\"og:description\" content=\"Profitez de cette visite priv\u00e9e \u00e0 pied de Zagreb avec votre guide officiel qui vous montrera tous les lieux et monuments les plus importants.\" \/>\n<meta property=\"og:url\" content=\"https:\/\/tourtravelandmore.com\/fr\/tours\/croacia-fr-fr\/zagreb-fr\/visite-privee-a-pied-de-zagreb\/\" \/>\n<meta property=\"og:site_name\" content=\"Tour Travel And More\" \/>\n<meta property=\"article:publisher\" content=\"https:\/\/www.facebook.com\/tourtravelandmore\/\" \/>\n<meta property=\"article:modified_time\" content=\"2025-03-28T18:28:58+00:00\" \/>\n<meta property=\"og:image\" content=\"https:\/\/tourtravelandmore.com\/wp-content\/uploads\/2020\/08\/zagreb-5.jpg\" \/>\n\t<meta property=\"og:image:width\" content=\"1280\" \/>\n\t<meta property=\"og:image:height\" content=\"960\" \/>\n\t<meta property=\"og:image:type\" content=\"image\/jpeg\" \/>\n<meta name=\"twitter:card\" content=\"summary_large_image\" \/>\n<meta name=\"twitter:site\" content=\"@TourTravel_More\" \/>\n<meta name=\"twitter:label1\" content=\"Dur\u00e9e de lecture estim\u00e9e\" \/>\n\t<meta name=\"twitter:data1\" content=\"2 minutes\" \/>\n<script type=\"application\/ld+json\" class=\"yoast-schema-graph\">{\"@context\":\"https:\/\/schema.org\",\"@graph\":[{\"@type\":\"WebPage\",\"@id\":\"https:\/\/tourtravelandmore.com\/fr\/tours\/croacia-fr-fr\/zagreb-fr\/visite-privee-a-pied-de-zagreb\/\",\"url\":\"https:\/\/tourtravelandmore.com\/fr\/tours\/croacia-fr-fr\/zagreb-fr\/visite-privee-a-pied-de-zagreb\/\",\"name\":\"Visite priv\u00e9e \u00e0 pied de Zagreb avec guide officiel\",\"isPartOf\":{\"@id\":\"https:\/\/tourtravelandmore.com\/fr\/#website\"},\"primaryImageOfPage\":{\"@id\":\"https:\/\/tourtravelandmore.com\/fr\/tours\/croacia-fr-fr\/zagreb-fr\/visite-privee-a-pied-de-zagreb\/#primaryimage\"},\"image\":{\"@id\":\"https:\/\/tourtravelandmore.com\/fr\/tours\/croacia-fr-fr\/zagreb-fr\/visite-privee-a-pied-de-zagreb\/#primaryimage\"},\"thumbnailUrl\":\"https:\/\/tourtravelandmore.com\/wp-content\/uploads\/2020\/08\/zagreb-5.jpg\",\"datePublished\":\"2020-08-14T15:30:03+00:00\",\"dateModified\":\"2025-03-28T18:28:58+00:00\",\"description\":\"Profitez de cette visite priv\u00e9e \u00e0 pied de Zagreb avec votre guide officiel qui vous montrera tous les lieux et monuments les plus importants.\",\"breadcrumb\":{\"@id\":\"https:\/\/tourtravelandmore.com\/fr\/tours\/croacia-fr-fr\/zagreb-fr\/visite-privee-a-pied-de-zagreb\/#breadcrumb\"},\"inLanguage\":\"fr-FR\",\"potentialAction\":[{\"@type\":\"ReadAction\",\"target\":[\"https:\/\/tourtravelandmore.com\/fr\/tours\/croacia-fr-fr\/zagreb-fr\/visite-privee-a-pied-de-zagreb\/\"]}]},{\"@type\":\"ImageObject\",\"inLanguage\":\"fr-FR\",\"@id\":\"https:\/\/tourtravelandmore.com\/fr\/tours\/croacia-fr-fr\/zagreb-fr\/visite-privee-a-pied-de-zagreb\/#primaryimage\",\"url\":\"https:\/\/tourtravelandmore.com\/wp-content\/uploads\/2020\/08\/zagreb-5.jpg\",\"contentUrl\":\"https:\/\/tourtravelandmore.com\/wp-content\/uploads\/2020\/08\/zagreb-5.jpg\",\"width\":1280,\"height\":960},{\"@type\":\"BreadcrumbList\",\"@id\":\"https:\/\/tourtravelandmore.com\/fr\/tours\/croacia-fr-fr\/zagreb-fr\/visite-privee-a-pied-de-zagreb\/#breadcrumb\",\"itemListElement\":[{\"@type\":\"ListItem\",\"position\":1,\"name\":\"Home\",\"item\":\"https:\/\/tourtravelandmore.com\/fr\/\"},{\"@type\":\"ListItem\",\"position\":2,\"name\":\"Tours\",\"item\":\"https:\/\/tourtravelandmore.com\/fr\/tours\/\"},{\"@type\":\"ListItem\",\"position\":3,\"name\":\"Visite priv\u00e9e \u00e0 pied de Zagreb\"}]},{\"@type\":\"WebSite\",\"@id\":\"https:\/\/tourtravelandmore.com\/fr\/#website\",\"url\":\"https:\/\/tourtravelandmore.com\/fr\/\",\"name\":\"Tour Travel And More\",\"description\":\"Private sightseeing tours and luxury transfers in Spain\",\"publisher\":{\"@id\":\"https:\/\/tourtravelandmore.com\/fr\/#organization\"},\"potentialAction\":[{\"@type\":\"SearchAction\",\"target\":{\"@type\":\"EntryPoint\",\"urlTemplate\":\"https:\/\/tourtravelandmore.com\/fr\/?s={search_term_string}\"},\"query-input\":{\"@type\":\"PropertyValueSpecification\",\"valueRequired\":true,\"valueName\":\"search_term_string\"}}],\"inLanguage\":\"fr-FR\"},{\"@type\":\"Organization\",\"@id\":\"https:\/\/tourtravelandmore.com\/fr\/#organization\",\"name\":\"Tour Travel And More\",\"url\":\"https:\/\/tourtravelandmore.com\/fr\/\",\"logo\":{\"@type\":\"ImageObject\",\"inLanguage\":\"fr-FR\",\"@id\":\"https:\/\/tourtravelandmore.com\/fr\/#\/schema\/logo\/image\/\",\"url\":\"https:\/\/tourtravelandmore.com\/wp-content\/uploads\/2022\/12\/cropped-logo-cabecera-new.png\",\"contentUrl\":\"https:\/\/tourtravelandmore.com\/wp-content\/uploads\/2022\/12\/cropped-logo-cabecera-new.png\",\"width\":430,\"height\":61,\"caption\":\"Tour Travel And More\"},\"image\":{\"@id\":\"https:\/\/tourtravelandmore.com\/fr\/#\/schema\/logo\/image\/\"},\"sameAs\":[\"https:\/\/www.facebook.com\/tourtravelandmore\/\",\"https:\/\/x.com\/TourTravel_More\"]}]}<\/script>\n<!-- \/ Yoast SEO Premium plugin. -->","yoast_head_json":{"title":"Visite priv\u00e9e \u00e0 pied de Zagreb avec guide officiel","description":"Profitez de cette visite priv\u00e9e \u00e0 pied de Zagreb avec votre guide officiel qui vous montrera tous les lieux et monuments les plus importants.","robots":{"index":"index","follow":"follow","max-snippet":"max-snippet:-1","max-image-preview":"max-image-preview:large","max-video-preview":"max-video-preview:-1"},"canonical":"https:\/\/tourtravelandmore.com\/fr\/tours\/croacia-fr-fr\/zagreb-fr\/visite-privee-a-pied-de-zagreb\/","og_locale":"fr_FR","og_type":"article","og_title":"Visite priv\u00e9e \u00e0 pied de Zagreb","og_description":"Profitez de cette visite priv\u00e9e \u00e0 pied de Zagreb avec votre guide officiel qui vous montrera tous les lieux et monuments les plus importants.","og_url":"https:\/\/tourtravelandmore.com\/fr\/tours\/croacia-fr-fr\/zagreb-fr\/visite-privee-a-pied-de-zagreb\/","og_site_name":"Tour Travel And More","article_publisher":"https:\/\/www.facebook.com\/tourtravelandmore\/","article_modified_time":"2025-03-28T18:28:58+00:00","og_image":[{"width":1280,"height":960,"url":"https:\/\/tourtravelandmore.com\/wp-content\/uploads\/2020\/08\/zagreb-5.jpg","type":"image\/jpeg"}],"twitter_card":"summary_large_image","twitter_site":"@TourTravel_More","twitter_misc":{"Dur\u00e9e de lecture estim\u00e9e":"2 minutes"},"schema":{"@context":"https:\/\/schema.org","@graph":[{"@type":"WebPage","@id":"https:\/\/tourtravelandmore.com\/fr\/tours\/croacia-fr-fr\/zagreb-fr\/visite-privee-a-pied-de-zagreb\/","url":"https:\/\/tourtravelandmore.com\/fr\/tours\/croacia-fr-fr\/zagreb-fr\/visite-privee-a-pied-de-zagreb\/","name":"Visite priv\u00e9e \u00e0 pied de Zagreb avec guide officiel","isPartOf":{"@id":"https:\/\/tourtravelandmore.com\/fr\/#website"},"primaryImageOfPage":{"@id":"https:\/\/tourtravelandmore.com\/fr\/tours\/croacia-fr-fr\/zagreb-fr\/visite-privee-a-pied-de-zagreb\/#primaryimage"},"image":{"@id":"https:\/\/tourtravelandmore.com\/fr\/tours\/croacia-fr-fr\/zagreb-fr\/visite-privee-a-pied-de-zagreb\/#primaryimage"},"thumbnailUrl":"https:\/\/tourtravelandmore.com\/wp-content\/uploads\/2020\/08\/zagreb-5.jpg","datePublished":"2020-08-14T15:30:03+00:00","dateModified":"2025-03-28T18:28:58+00:00","description":"Profitez de cette visite priv\u00e9e \u00e0 pied de Zagreb avec votre guide officiel qui vous montrera tous les lieux et monuments les plus importants.","breadcrumb":{"@id":"https:\/\/tourtravelandmore.com\/fr\/tours\/croacia-fr-fr\/zagreb-fr\/visite-privee-a-pied-de-zagreb\/#breadcrumb"},"inLanguage":"fr-FR","potentialAction":[{"@type":"ReadAction","target":["https:\/\/tourtravelandmore.com\/fr\/tours\/croacia-fr-fr\/zagreb-fr\/visite-privee-a-pied-de-zagreb\/"]}]},{"@type":"ImageObject","inLanguage":"fr-FR","@id":"https:\/\/tourtravelandmore.com\/fr\/tours\/croacia-fr-fr\/zagreb-fr\/visite-privee-a-pied-de-zagreb\/#primaryimage","url":"https:\/\/tourtravelandmore.com\/wp-content\/uploads\/2020\/08\/zagreb-5.jpg","contentUrl":"https:\/\/tourtravelandmore.com\/wp-content\/uploads\/2020\/08\/zagreb-5.jpg","width":1280,"height":960},{"@type":"BreadcrumbList","@id":"https:\/\/tourtravelandmore.com\/fr\/tours\/croacia-fr-fr\/zagreb-fr\/visite-privee-a-pied-de-zagreb\/#breadcrumb","itemListElement":[{"@type":"ListItem","position":1,"name":"Home","item":"https:\/\/tourtravelandmore.com\/fr\/"},{"@type":"ListItem","position":2,"name":"Tours","item":"https:\/\/tourtravelandmore.com\/fr\/tours\/"},{"@type":"ListItem","position":3,"name":"Visite priv\u00e9e \u00e0 pied de Zagreb"}]},{"@type":"WebSite","@id":"https:\/\/tourtravelandmore.com\/fr\/#website","url":"https:\/\/tourtravelandmore.com\/fr\/","name":"Tour Travel And More","description":"Private sightseeing tours and luxury transfers in Spain","publisher":{"@id":"https:\/\/tourtravelandmore.com\/fr\/#organization"},"potentialAction":[{"@type":"SearchAction","target":{"@type":"EntryPoint","urlTemplate":"https:\/\/tourtravelandmore.com\/fr\/?s={search_term_string}"},"query-input":{"@type":"PropertyValueSpecification","valueRequired":true,"valueName":"search_term_string"}}],"inLanguage":"fr-FR"},{"@type":"Organization","@id":"https:\/\/tourtravelandmore.com\/fr\/#organization","name":"Tour Travel And More","url":"https:\/\/tourtravelandmore.com\/fr\/","logo":{"@type":"ImageObject","inLanguage":"fr-FR","@id":"https:\/\/tourtravelandmore.com\/fr\/#\/schema\/logo\/image\/","url":"https:\/\/tourtravelandmore.com\/wp-content\/uploads\/2022\/12\/cropped-logo-cabecera-new.png","contentUrl":"https:\/\/tourtravelandmore.com\/wp-content\/uploads\/2022\/12\/cropped-logo-cabecera-new.png","width":430,"height":61,"caption":"Tour Travel And More"},"image":{"@id":"https:\/\/tourtravelandmore.com\/fr\/#\/schema\/logo\/image\/"},"sameAs":["https:\/\/www.facebook.com\/tourtravelandmore\/","https:\/\/x.com\/TourTravel_More"]}]}},"_links":{"self":[{"href":"https:\/\/tourtravelandmore.com\/fr\/wp-json\/wp\/v2\/product\/103390","targetHints":{"allow":["GET"]}}],"collection":[{"href":"https:\/\/tourtravelandmore.com\/fr\/wp-json\/wp\/v2\/product"}],"about":[{"href":"https:\/\/tourtravelandmore.com\/fr\/wp-json\/wp\/v2\/types\/product"}],"replies":[{"embeddable":true,"href":"https:\/\/tourtravelandmore.com\/fr\/wp-json\/wp\/v2\/comments?post=103390"}],"wp:featuredmedia":[{"embeddable":true,"href":"https:\/\/tourtravelandmore.com\/fr\/wp-json\/wp\/v2\/media\/98066"}],"wp:attachment":[{"href":"https:\/\/tourtravelandmore.com\/fr\/wp-json\/wp\/v2\/media?parent=103390"}],"wp:term":[{"taxonomy":"product_brand","embeddable":true,"href":"https:\/\/tourtravelandmore.com\/fr\/wp-json\/wp\/v2\/product_brand?post=103390"},{"taxonomy":"product_cat","embeddable":true,"href":"https:\/\/tourtravelandmore.com\/fr\/wp-json\/wp\/v2\/product_cat?post=103390"},{"taxonomy":"product_tag","embeddable":true,"href":"https:\/\/tourtravelandmore.com\/fr\/wp-json\/wp\/v2\/product_tag?post=103390"}],"curies":[{"name":"wp","href":"https:\/\/api.w.org\/{rel}","templated":true}]}}