{"id":103385,"date":"2020-08-14T16:47:45","date_gmt":"2020-08-14T14:47:45","guid":{"rendered":"https:\/\/tourtravelandmore.com\/tours\/non%20class\u00e9\/visite-privee-des-lacs-de-plitvice-au-depart-de-zagreb\/"},"modified":"2025-03-28T20:27:56","modified_gmt":"2025-03-28T19:27:56","slug":"visite-privee-des-lacs-de-plitvice-au-depart-de-zagreb","status":"publish","type":"product","link":"https:\/\/tourtravelandmore.com\/fr\/tours\/croacia-fr-fr\/zagreb-fr\/visite-privee-des-lacs-de-plitvice-au-depart-de-zagreb\/","title":{"rendered":"Visite priv\u00e9e des lacs de Plitvice au d\u00e9part de Zagreb"},"content":{"rendered":"<h2>Description<\/h2>\n<p>Le parc national des lacs de Plitvice est le plus ancien parc national du sud-est de l&#8217;Europe et le plus grand de Croatie. Si vous aimez les activit\u00e9s de plein air, la flore et la faune, ne manquez pas notre visite priv\u00e9e des lacs de Plitvice au d\u00e9part de Zagreb.<\/p>\n<p>Ce magnifique parc est situ\u00e9 dans une r\u00e9gion montagneuse du centre de la Croatie, \u00e0 c\u00f4t\u00e9 de la Bosnie-Herz\u00e9govine. Le parc couvre une superficie de 73 350 acres et est inscrit au patrimoine mondial de l&#8217;UNESCO depuis 1979.<\/p>\n<p>Le parc h\u00e9berge 16 lacs diff\u00e9rents, qui sont connect\u00e9s cr\u00e9ant de multiples cascades et cascades. Au cours de votre visite priv\u00e9e, vous profiterez de cette exp\u00e9rience unique aux c\u00f4t\u00e9s de votre chauffeur priv\u00e9 et de votre guide officiel.<\/p>\n<p>Nous avons plusieurs options de visites priv\u00e9es dans et depuis Zagreb, jetez un \u0153il \u00e0 notre liste de visites priv\u00e9es. Nous sommes l\u00e0 pour faire de vos vacances une exp\u00e9rience totalement unique.<\/p>\n<h2>Sites d&#8217;int\u00e9r\u00eat et points de rep\u00e8re<\/h2>\n<p>Tout d&#8217;abord, votre chauffeur priv\u00e9 viendra vous chercher \u00e0 votre h\u00f4tel ou lieu de votre choix \u00e0 l&#8217;heure souhait\u00e9e. Apr\u00e8s cela, vous commencerez votre excursion priv\u00e9e au parc national des lacs de Plitvice confortablement dans votre v\u00e9hicule de luxe priv\u00e9. Sur le chemin des lacs de Plitvice, vous pourrez profiter de quelques courts arr\u00eats pour de belles vues panoramiques.<\/p>\n<p>Une fois dans le parc national, vous rencontrerez votre guide officiel priv\u00e9. Le billet d&#8217;entr\u00e9e coupe-file au parc est inclus dans le prix de la visite.<\/p>\n<p>Il y a deux entr\u00e9es au parc national, l&#8217;entr\u00e9e 1 (les lacs inf\u00e9rieurs) ou l&#8217;entr\u00e9e 2 (les lacs sup\u00e9rieurs). Depuis les lacs inf\u00e9rieurs, vous avez une vue panoramique sur les lacs depuis les diff\u00e9rents points de vue le long du sentier. Les rives escarp\u00e9es sont entour\u00e9es de falaises et il y a une abondance de grottes et de grottes.<\/p>\n<p>Cependant, la vue et l&#8217;exp\u00e9rience sont totalement diff\u00e9rentes des lacs sup\u00e9rieurs. Le paysage de cette entr\u00e9e est plus sauvage et plus spectaculaire. Ici, vous vous approchez vraiment des cascades et traversez des sentiers de lacs remplis d&#8217;eau cristalline.<\/p>\n<p>Lors de votre visite du parc national, vous pourrez \u00e9galement profiter de la promenade en bateau \u00e9lectrique avec le bruit des cascades et du trajet en train panoramique. Dans les deux, vous aurez une vue imprenable et de superbes opportunit\u00e9s de photos<\/p>\n<p>Apr\u00e8s votre visite priv\u00e9e des lacs de Plitvice au d\u00e9part de Zagreb, votre chauffeur vous ram\u00e8nera \u00e0 votre h\u00f4tel ou lieu de votre choix \u00e0 Zagreb.<\/p>\n","protected":false},"excerpt":{"rendered":"<p>Profitez au maximum de votre visite aux lacs de Plitvice et explorez ce magnifique parc national en Croatie. Lors de votre visite priv\u00e9e, vous d\u00e9couvrirez les plus belles zones des lacs de Plitvice. Pour utiliser au mieux votre temps, vous serez assist\u00e9 par un guide officiel qui vous accompagnera pour une promenade avec une vue imprenable et vous racontera des histoires sur l&#8217;histoire int\u00e9ressante de ce magnifique parc.<\/p>\n","protected":false},"featured_media":98041,"comment_status":"open","ping_status":"closed","template":"","meta":{"_acf_changed":false},"product_brand":[],"product_cat":[5501,5502,3752],"product_tag":[],"class_list":{"0":"post-103385","1":"product","2":"type-product","3":"status-publish","4":"has-post-thumbnail","6":"product_cat-all-private-tours-and-activites","7":"product_cat-private-day-tours","8":"product_cat-zagreb-fr","10":"first","11":"instock","12":"shipping-taxable","13":"purchasable","14":"product-type-simple"},"acf":[],"yoast_head":"<!-- This site is optimized with the Yoast SEO Premium plugin v25.3.1 (Yoast SEO v25.3.1) - https:\/\/yoast.com\/wordpress\/plugins\/seo\/ -->\n<title>Visite priv\u00e9e des lacs de Plitvice au d\u00e9part de Zagreb avec un guide local<\/title>\n<meta name=\"description\" content=\"Visitez l&#039;un des plus beaux parcs nationaux d&#039;Europe avec notre visite priv\u00e9e des lacs de Plitvice au d\u00e9part de Zagreb. Explorez ce magnifique parc avec un local\" \/>\n<meta name=\"robots\" content=\"index, follow, max-snippet:-1, max-image-preview:large, max-video-preview:-1\" \/>\n<link rel=\"canonical\" href=\"https:\/\/tourtravelandmore.com\/fr\/tours\/croacia-fr-fr\/zagreb-fr\/visite-privee-des-lacs-de-plitvice-au-depart-de-zagreb\/\" \/>\n<meta property=\"og:locale\" content=\"fr_FR\" \/>\n<meta property=\"og:type\" content=\"article\" \/>\n<meta property=\"og:title\" content=\"Visite priv\u00e9e des lacs de Plitvice au d\u00e9part de Zagreb\" \/>\n<meta property=\"og:description\" content=\"Visitez l&#039;un des plus beaux parcs nationaux d&#039;Europe avec notre visite priv\u00e9e des lacs de Plitvice au d\u00e9part de Zagreb. Explorez ce magnifique parc avec un local\" \/>\n<meta property=\"og:url\" content=\"https:\/\/tourtravelandmore.com\/fr\/tours\/croacia-fr-fr\/zagreb-fr\/visite-privee-des-lacs-de-plitvice-au-depart-de-zagreb\/\" \/>\n<meta property=\"og:site_name\" content=\"Tour Travel And More\" \/>\n<meta property=\"article:publisher\" content=\"https:\/\/www.facebook.com\/tourtravelandmore\/\" \/>\n<meta property=\"article:modified_time\" content=\"2025-03-28T19:27:56+00:00\" \/>\n<meta property=\"og:image\" content=\"https:\/\/tourtravelandmore.com\/wp-content\/uploads\/2020\/08\/lake-4.jpg\" \/>\n\t<meta property=\"og:image:width\" content=\"1023\" \/>\n\t<meta property=\"og:image:height\" content=\"683\" \/>\n\t<meta property=\"og:image:type\" content=\"image\/jpeg\" \/>\n<meta name=\"twitter:card\" content=\"summary_large_image\" \/>\n<meta name=\"twitter:site\" content=\"@TourTravel_More\" \/>\n<meta name=\"twitter:label1\" content=\"Dur\u00e9e de lecture estim\u00e9e\" \/>\n\t<meta name=\"twitter:data1\" content=\"2 minutes\" \/>\n<script type=\"application\/ld+json\" class=\"yoast-schema-graph\">{\"@context\":\"https:\/\/schema.org\",\"@graph\":[{\"@type\":\"WebPage\",\"@id\":\"https:\/\/tourtravelandmore.com\/fr\/tours\/croacia-fr-fr\/zagreb-fr\/visite-privee-des-lacs-de-plitvice-au-depart-de-zagreb\/\",\"url\":\"https:\/\/tourtravelandmore.com\/fr\/tours\/croacia-fr-fr\/zagreb-fr\/visite-privee-des-lacs-de-plitvice-au-depart-de-zagreb\/\",\"name\":\"Visite priv\u00e9e des lacs de Plitvice au d\u00e9part de Zagreb avec un guide local\",\"isPartOf\":{\"@id\":\"https:\/\/tourtravelandmore.com\/fr\/#website\"},\"primaryImageOfPage\":{\"@id\":\"https:\/\/tourtravelandmore.com\/fr\/tours\/croacia-fr-fr\/zagreb-fr\/visite-privee-des-lacs-de-plitvice-au-depart-de-zagreb\/#primaryimage\"},\"image\":{\"@id\":\"https:\/\/tourtravelandmore.com\/fr\/tours\/croacia-fr-fr\/zagreb-fr\/visite-privee-des-lacs-de-plitvice-au-depart-de-zagreb\/#primaryimage\"},\"thumbnailUrl\":\"https:\/\/tourtravelandmore.com\/wp-content\/uploads\/2020\/08\/lake-4.jpg\",\"datePublished\":\"2020-08-14T14:47:45+00:00\",\"dateModified\":\"2025-03-28T19:27:56+00:00\",\"description\":\"Visitez l'un des plus beaux parcs nationaux d'Europe avec notre visite priv\u00e9e des lacs de Plitvice au d\u00e9part de Zagreb. Explorez ce magnifique parc avec un local\",\"breadcrumb\":{\"@id\":\"https:\/\/tourtravelandmore.com\/fr\/tours\/croacia-fr-fr\/zagreb-fr\/visite-privee-des-lacs-de-plitvice-au-depart-de-zagreb\/#breadcrumb\"},\"inLanguage\":\"fr-FR\",\"potentialAction\":[{\"@type\":\"ReadAction\",\"target\":[\"https:\/\/tourtravelandmore.com\/fr\/tours\/croacia-fr-fr\/zagreb-fr\/visite-privee-des-lacs-de-plitvice-au-depart-de-zagreb\/\"]}]},{\"@type\":\"ImageObject\",\"inLanguage\":\"fr-FR\",\"@id\":\"https:\/\/tourtravelandmore.com\/fr\/tours\/croacia-fr-fr\/zagreb-fr\/visite-privee-des-lacs-de-plitvice-au-depart-de-zagreb\/#primaryimage\",\"url\":\"https:\/\/tourtravelandmore.com\/wp-content\/uploads\/2020\/08\/lake-4.jpg\",\"contentUrl\":\"https:\/\/tourtravelandmore.com\/wp-content\/uploads\/2020\/08\/lake-4.jpg\",\"width\":1023,\"height\":683},{\"@type\":\"BreadcrumbList\",\"@id\":\"https:\/\/tourtravelandmore.com\/fr\/tours\/croacia-fr-fr\/zagreb-fr\/visite-privee-des-lacs-de-plitvice-au-depart-de-zagreb\/#breadcrumb\",\"itemListElement\":[{\"@type\":\"ListItem\",\"position\":1,\"name\":\"Home\",\"item\":\"https:\/\/tourtravelandmore.com\/fr\/\"},{\"@type\":\"ListItem\",\"position\":2,\"name\":\"Tours\",\"item\":\"https:\/\/tourtravelandmore.com\/fr\/tours\/\"},{\"@type\":\"ListItem\",\"position\":3,\"name\":\"Visite priv\u00e9e des lacs de Plitvice au d\u00e9part de Zagreb\"}]},{\"@type\":\"WebSite\",\"@id\":\"https:\/\/tourtravelandmore.com\/fr\/#website\",\"url\":\"https:\/\/tourtravelandmore.com\/fr\/\",\"name\":\"Tour Travel And More\",\"description\":\"Private sightseeing tours and luxury transfers in Spain\",\"publisher\":{\"@id\":\"https:\/\/tourtravelandmore.com\/fr\/#organization\"},\"potentialAction\":[{\"@type\":\"SearchAction\",\"target\":{\"@type\":\"EntryPoint\",\"urlTemplate\":\"https:\/\/tourtravelandmore.com\/fr\/?s={search_term_string}\"},\"query-input\":{\"@type\":\"PropertyValueSpecification\",\"valueRequired\":true,\"valueName\":\"search_term_string\"}}],\"inLanguage\":\"fr-FR\"},{\"@type\":\"Organization\",\"@id\":\"https:\/\/tourtravelandmore.com\/fr\/#organization\",\"name\":\"Tour Travel And More\",\"url\":\"https:\/\/tourtravelandmore.com\/fr\/\",\"logo\":{\"@type\":\"ImageObject\",\"inLanguage\":\"fr-FR\",\"@id\":\"https:\/\/tourtravelandmore.com\/fr\/#\/schema\/logo\/image\/\",\"url\":\"https:\/\/tourtravelandmore.com\/wp-content\/uploads\/2022\/12\/cropped-logo-cabecera-new.png\",\"contentUrl\":\"https:\/\/tourtravelandmore.com\/wp-content\/uploads\/2022\/12\/cropped-logo-cabecera-new.png\",\"width\":430,\"height\":61,\"caption\":\"Tour Travel And More\"},\"image\":{\"@id\":\"https:\/\/tourtravelandmore.com\/fr\/#\/schema\/logo\/image\/\"},\"sameAs\":[\"https:\/\/www.facebook.com\/tourtravelandmore\/\",\"https:\/\/x.com\/TourTravel_More\"]}]}<\/script>\n<!-- \/ Yoast SEO Premium plugin. -->","yoast_head_json":{"title":"Visite priv\u00e9e des lacs de Plitvice au d\u00e9part de Zagreb avec un guide local","description":"Visitez l'un des plus beaux parcs nationaux d'Europe avec notre visite priv\u00e9e des lacs de Plitvice au d\u00e9part de Zagreb. Explorez ce magnifique parc avec un local","robots":{"index":"index","follow":"follow","max-snippet":"max-snippet:-1","max-image-preview":"max-image-preview:large","max-video-preview":"max-video-preview:-1"},"canonical":"https:\/\/tourtravelandmore.com\/fr\/tours\/croacia-fr-fr\/zagreb-fr\/visite-privee-des-lacs-de-plitvice-au-depart-de-zagreb\/","og_locale":"fr_FR","og_type":"article","og_title":"Visite priv\u00e9e des lacs de Plitvice au d\u00e9part de Zagreb","og_description":"Visitez l'un des plus beaux parcs nationaux d'Europe avec notre visite priv\u00e9e des lacs de Plitvice au d\u00e9part de Zagreb. Explorez ce magnifique parc avec un local","og_url":"https:\/\/tourtravelandmore.com\/fr\/tours\/croacia-fr-fr\/zagreb-fr\/visite-privee-des-lacs-de-plitvice-au-depart-de-zagreb\/","og_site_name":"Tour Travel And More","article_publisher":"https:\/\/www.facebook.com\/tourtravelandmore\/","article_modified_time":"2025-03-28T19:27:56+00:00","og_image":[{"width":1023,"height":683,"url":"https:\/\/tourtravelandmore.com\/wp-content\/uploads\/2020\/08\/lake-4.jpg","type":"image\/jpeg"}],"twitter_card":"summary_large_image","twitter_site":"@TourTravel_More","twitter_misc":{"Dur\u00e9e de lecture estim\u00e9e":"2 minutes"},"schema":{"@context":"https:\/\/schema.org","@graph":[{"@type":"WebPage","@id":"https:\/\/tourtravelandmore.com\/fr\/tours\/croacia-fr-fr\/zagreb-fr\/visite-privee-des-lacs-de-plitvice-au-depart-de-zagreb\/","url":"https:\/\/tourtravelandmore.com\/fr\/tours\/croacia-fr-fr\/zagreb-fr\/visite-privee-des-lacs-de-plitvice-au-depart-de-zagreb\/","name":"Visite priv\u00e9e des lacs de Plitvice au d\u00e9part de Zagreb avec un guide local","isPartOf":{"@id":"https:\/\/tourtravelandmore.com\/fr\/#website"},"primaryImageOfPage":{"@id":"https:\/\/tourtravelandmore.com\/fr\/tours\/croacia-fr-fr\/zagreb-fr\/visite-privee-des-lacs-de-plitvice-au-depart-de-zagreb\/#primaryimage"},"image":{"@id":"https:\/\/tourtravelandmore.com\/fr\/tours\/croacia-fr-fr\/zagreb-fr\/visite-privee-des-lacs-de-plitvice-au-depart-de-zagreb\/#primaryimage"},"thumbnailUrl":"https:\/\/tourtravelandmore.com\/wp-content\/uploads\/2020\/08\/lake-4.jpg","datePublished":"2020-08-14T14:47:45+00:00","dateModified":"2025-03-28T19:27:56+00:00","description":"Visitez l'un des plus beaux parcs nationaux d'Europe avec notre visite priv\u00e9e des lacs de Plitvice au d\u00e9part de Zagreb. Explorez ce magnifique parc avec un local","breadcrumb":{"@id":"https:\/\/tourtravelandmore.com\/fr\/tours\/croacia-fr-fr\/zagreb-fr\/visite-privee-des-lacs-de-plitvice-au-depart-de-zagreb\/#breadcrumb"},"inLanguage":"fr-FR","potentialAction":[{"@type":"ReadAction","target":["https:\/\/tourtravelandmore.com\/fr\/tours\/croacia-fr-fr\/zagreb-fr\/visite-privee-des-lacs-de-plitvice-au-depart-de-zagreb\/"]}]},{"@type":"ImageObject","inLanguage":"fr-FR","@id":"https:\/\/tourtravelandmore.com\/fr\/tours\/croacia-fr-fr\/zagreb-fr\/visite-privee-des-lacs-de-plitvice-au-depart-de-zagreb\/#primaryimage","url":"https:\/\/tourtravelandmore.com\/wp-content\/uploads\/2020\/08\/lake-4.jpg","contentUrl":"https:\/\/tourtravelandmore.com\/wp-content\/uploads\/2020\/08\/lake-4.jpg","width":1023,"height":683},{"@type":"BreadcrumbList","@id":"https:\/\/tourtravelandmore.com\/fr\/tours\/croacia-fr-fr\/zagreb-fr\/visite-privee-des-lacs-de-plitvice-au-depart-de-zagreb\/#breadcrumb","itemListElement":[{"@type":"ListItem","position":1,"name":"Home","item":"https:\/\/tourtravelandmore.com\/fr\/"},{"@type":"ListItem","position":2,"name":"Tours","item":"https:\/\/tourtravelandmore.com\/fr\/tours\/"},{"@type":"ListItem","position":3,"name":"Visite priv\u00e9e des lacs de Plitvice au d\u00e9part de Zagreb"}]},{"@type":"WebSite","@id":"https:\/\/tourtravelandmore.com\/fr\/#website","url":"https:\/\/tourtravelandmore.com\/fr\/","name":"Tour Travel And More","description":"Private sightseeing tours and luxury transfers in Spain","publisher":{"@id":"https:\/\/tourtravelandmore.com\/fr\/#organization"},"potentialAction":[{"@type":"SearchAction","target":{"@type":"EntryPoint","urlTemplate":"https:\/\/tourtravelandmore.com\/fr\/?s={search_term_string}"},"query-input":{"@type":"PropertyValueSpecification","valueRequired":true,"valueName":"search_term_string"}}],"inLanguage":"fr-FR"},{"@type":"Organization","@id":"https:\/\/tourtravelandmore.com\/fr\/#organization","name":"Tour Travel And More","url":"https:\/\/tourtravelandmore.com\/fr\/","logo":{"@type":"ImageObject","inLanguage":"fr-FR","@id":"https:\/\/tourtravelandmore.com\/fr\/#\/schema\/logo\/image\/","url":"https:\/\/tourtravelandmore.com\/wp-content\/uploads\/2022\/12\/cropped-logo-cabecera-new.png","contentUrl":"https:\/\/tourtravelandmore.com\/wp-content\/uploads\/2022\/12\/cropped-logo-cabecera-new.png","width":430,"height":61,"caption":"Tour Travel And More"},"image":{"@id":"https:\/\/tourtravelandmore.com\/fr\/#\/schema\/logo\/image\/"},"sameAs":["https:\/\/www.facebook.com\/tourtravelandmore\/","https:\/\/x.com\/TourTravel_More"]}]}},"_links":{"self":[{"href":"https:\/\/tourtravelandmore.com\/fr\/wp-json\/wp\/v2\/product\/103385","targetHints":{"allow":["GET"]}}],"collection":[{"href":"https:\/\/tourtravelandmore.com\/fr\/wp-json\/wp\/v2\/product"}],"about":[{"href":"https:\/\/tourtravelandmore.com\/fr\/wp-json\/wp\/v2\/types\/product"}],"replies":[{"embeddable":true,"href":"https:\/\/tourtravelandmore.com\/fr\/wp-json\/wp\/v2\/comments?post=103385"}],"wp:featuredmedia":[{"embeddable":true,"href":"https:\/\/tourtravelandmore.com\/fr\/wp-json\/wp\/v2\/media\/98041"}],"wp:attachment":[{"href":"https:\/\/tourtravelandmore.com\/fr\/wp-json\/wp\/v2\/media?parent=103385"}],"wp:term":[{"taxonomy":"product_brand","embeddable":true,"href":"https:\/\/tourtravelandmore.com\/fr\/wp-json\/wp\/v2\/product_brand?post=103385"},{"taxonomy":"product_cat","embeddable":true,"href":"https:\/\/tourtravelandmore.com\/fr\/wp-json\/wp\/v2\/product_cat?post=103385"},{"taxonomy":"product_tag","embeddable":true,"href":"https:\/\/tourtravelandmore.com\/fr\/wp-json\/wp\/v2\/product_tag?post=103385"}],"curies":[{"name":"wp","href":"https:\/\/api.w.org\/{rel}","templated":true}]}}