{"id":103376,"date":"2019-11-14T23:34:05","date_gmt":"2019-11-14T22:34:05","guid":{"rendered":"https:\/\/tourtravelandmore.com\/tours\/non%20class\u00e9\/visite-privee-a-lubeck-depuis-hambourg\/"},"modified":"2021-03-15T20:32:43","modified_gmt":"2021-03-15T19:32:43","slug":"visite-privee-a-lubeck-depuis-hambourg","status":"publish","type":"product","link":"https:\/\/tourtravelandmore.com\/fr\/tours\/allemagne-fr\/hamburg-fr\/visite-privee-a-lubeck-depuis-hambourg\/","title":{"rendered":"Visite priv\u00e9e \u00e0 L\u00fcbeck depuis Hambourg"},"content":{"rendered":"<h2>Description<\/h2>\n<p>Profitez de cette visite priv\u00e9e \u00e0 L\u00fcbeck au d\u00e9part de Hambourg aux c\u00f4t\u00e9s de votre guide officiel priv\u00e9. D\u00e9couvrez le meilleur de ce que L\u00fcbeck a \u00e0 offrir lors de cette visite priv\u00e9e. Cette visite se concentrera sur le c\u00f4t\u00e9 le plus ancien de la ville de L\u00fcbeck.<\/p>\n<p>Nous nous rencontrerons \u00e0 votre h\u00f4tel ou \u00e0 l&#8217;endroit souhait\u00e9 \u00e0 Hambourg, o\u00f9 votre chauffeur priv\u00e9 vous conduira et vous conduira \u00e0 votre destination. \u00c0 L\u00fcbeck, vous rencontrerez votre guide officiel qui vous montrera le meilleur de la ville.<\/p>\n<p>L\u00fcbeck a \u00e9t\u00e9 fond\u00e9e au 12\u00e8me si\u00e8cle et a prosp\u00e9r\u00e9 jusqu&#8217;au 16\u00e8me si\u00e8cle en tant que principal centre commercial de l&#8217;Europe du Nord. Il est rest\u00e9 un centre de commerce maritime \u00e0 ce jour, en particulier avec les pays nordiques. Malgr\u00e9 les dommages qu&#8217;elle a subis pendant la Seconde Guerre mondiale, la structure de base de la vieille ville, compos\u00e9e principalement de r\u00e9sidences patriciennes des XVe et XVIe si\u00e8cles, de monuments publics (la c\u00e9l\u00e8bre porte en briques de Holstentor), d&#8217;\u00e9glises et de sali\u00e8res, reste inchang\u00e9e.<\/p>\n<p>Bellow est une visite de 8 heures. Nous pouvons toujours vous proposer des circuits plus longs si vous le souhaitez. Le nombre exact d&#8217;heures peut \u00eatre modifi\u00e9. Nous sommes l\u00e0 pour rendre votre exp\u00e9rience unique et m\u00e9morable.<\/p>\n<p>Nous avons plusieurs options de visites priv\u00e9es dans et depuis Hambourg, jetez un \u0153il \u00e0 notre liste de visites priv\u00e9es ici.<\/p>\n<h2>Sites d&#8217;int\u00e9r\u00eat et points de rep\u00e8re<\/h2>\n<p>Tout d&#8217;abord, votre chauffeur priv\u00e9 viendra vous chercher dans un lieu de choix \u00e0 Hambourg \u00e0 l&#8217;heure souhait\u00e9e. Une fois \u00e0 L\u00fcbeck, vous rencontrerez votre guide officiel priv\u00e9 pour une visite guid\u00e9e de 6 heures de la ville.<\/p>\n<p>Nous ferons la connaissance de nombreux monuments architecturaux, culturels et historiques les plus importants de la ville d&#8217;\u00e2ge moyen de L\u00fcbeck.<\/p>\n<p>Lors de votre visite priv\u00e9e \u00e0 L\u00fcbeck au d\u00e9part de Hambourg, vous d\u00e9couvrirez certains des endroits les plus reconnus de la ville. Vous serez t\u00e9moin de sa beaut\u00e9 architecturale unique. Entre autres lieux, vous pourrez visiter:<\/p>\n<ul>\n<li>\u00c9glise Saint-Marien<\/li>\n<li>Centre-ville historique<\/li>\n<li>Mus\u00e9e du massepain<\/li>\n<li>Holstentor<\/li>\n<li>C\u00f4t\u00e9s b\u00e2bord<\/li>\n<li>H\u00f4tel de ville de L\u00fcbeck<\/li>\n<li>Mus\u00e9e de la confiserie<\/li>\n<li>Et bien d&#8217;autres endroits<\/li>\n<\/ul>\n<p>Nous pouvons inclure des billets d&#8217;entr\u00e9e \u00e0 tout monument ou mus\u00e9e que vous souhaitez visiter. Si vous avez quelque chose en t\u00eate, faites-le nous savoir et nous nous chargerons de tout.<\/p>\n<p>Une fois la visite guid\u00e9e termin\u00e9e, votre chauffeur priv\u00e9 vous ram\u00e8nera \u00e0 votre h\u00f4tel \u00e0 Hambourg. Le service aura lieu dans un v\u00e9hicule de luxe priv\u00e9.<\/p>\n","protected":false},"excerpt":{"rendered":"<p>Aventurez-vous dans cette visite priv\u00e9e enti\u00e8rement personnalis\u00e9e de 8 heures dans les rues de L\u00fcbeck au d\u00e9part de Hambourg, o\u00f9 vous pourrez admirer la beaut\u00e9 urbaine de ses rues, monuments et b\u00e2timents de la Renaissance les plus importants. En chemin, votre guide officiel priv\u00e9 vous m\u00e8nera \u00e0 la d\u00e9couverte de la beaut\u00e9 offerte par la ville et ses b\u00e2timents m\u00e9di\u00e9vaux, tels que l&#8217;\u00e9glise Saint-Marien, le centre-ville historique, le mus\u00e9e de massepain et bien d&#8217;autres sites.<\/p>\n<p>&nbsp;<\/p>\n","protected":false},"featured_media":96713,"comment_status":"open","ping_status":"closed","template":"","meta":{"_acf_changed":false},"product_brand":[],"product_cat":[3784],"product_tag":[4043],"class_list":{"0":"post-103376","1":"product","2":"type-product","3":"status-publish","4":"has-post-thumbnail","6":"product_cat-hamburg-fr","7":"product_tag-private-fr","9":"first","10":"instock","11":"shipping-taxable","12":"purchasable","13":"product-type-simple"},"acf":[],"yoast_head":"<!-- This site is optimized with the Yoast SEO Premium plugin v25.3.1 (Yoast SEO v25.3.1) - https:\/\/yoast.com\/wordpress\/plugins\/seo\/ -->\n<title>Excursion priv\u00e9e de L\u00fcbeck au d\u00e9part de Hambourg avec un guide local<\/title>\n<meta name=\"description\" content=\"Explorez et profitez de la ville de L\u00fcbeck au d\u00e9part de Hambourg avec cette excursion priv\u00e9e avec un guide local et d\u00e9couvrez le meilleur de la ville.\" \/>\n<meta name=\"robots\" content=\"index, follow, max-snippet:-1, max-image-preview:large, max-video-preview:-1\" \/>\n<link rel=\"canonical\" href=\"https:\/\/tourtravelandmore.com\/fr\/tours\/allemagne-fr\/hamburg-fr\/visite-privee-a-lubeck-depuis-hambourg\/\" \/>\n<meta property=\"og:locale\" content=\"fr_FR\" \/>\n<meta property=\"og:type\" content=\"article\" \/>\n<meta property=\"og:title\" content=\"Visite priv\u00e9e \u00e0 L\u00fcbeck depuis Hambourg\" \/>\n<meta property=\"og:description\" content=\"Explorez et profitez de la ville de L\u00fcbeck au d\u00e9part de Hambourg avec cette excursion priv\u00e9e avec un guide local et d\u00e9couvrez le meilleur de la ville.\" \/>\n<meta property=\"og:url\" content=\"https:\/\/tourtravelandmore.com\/fr\/tours\/allemagne-fr\/hamburg-fr\/visite-privee-a-lubeck-depuis-hambourg\/\" \/>\n<meta property=\"og:site_name\" content=\"Tour Travel And More\" \/>\n<meta property=\"article:publisher\" content=\"https:\/\/www.facebook.com\/tourtravelandmore\/\" \/>\n<meta property=\"article:modified_time\" content=\"2021-03-15T19:32:43+00:00\" \/>\n<meta property=\"og:image\" content=\"https:\/\/tourtravelandmore.com\/wp-content\/uploads\/2019\/11\/lubeck-4087925_1280.jpg\" \/>\n\t<meta property=\"og:image:width\" content=\"1280\" \/>\n\t<meta property=\"og:image:height\" content=\"759\" \/>\n\t<meta property=\"og:image:type\" content=\"image\/jpeg\" \/>\n<meta name=\"twitter:card\" content=\"summary_large_image\" \/>\n<meta name=\"twitter:site\" content=\"@TourTravel_More\" \/>\n<meta name=\"twitter:label1\" content=\"Dur\u00e9e de lecture estim\u00e9e\" \/>\n\t<meta name=\"twitter:data1\" content=\"2 minutes\" \/>\n<script type=\"application\/ld+json\" class=\"yoast-schema-graph\">{\"@context\":\"https:\/\/schema.org\",\"@graph\":[{\"@type\":\"WebPage\",\"@id\":\"https:\/\/tourtravelandmore.com\/fr\/tours\/allemagne-fr\/hamburg-fr\/visite-privee-a-lubeck-depuis-hambourg\/\",\"url\":\"https:\/\/tourtravelandmore.com\/fr\/tours\/allemagne-fr\/hamburg-fr\/visite-privee-a-lubeck-depuis-hambourg\/\",\"name\":\"Excursion priv\u00e9e de L\u00fcbeck au d\u00e9part de Hambourg avec un guide local\",\"isPartOf\":{\"@id\":\"https:\/\/tourtravelandmore.com\/fr\/#website\"},\"primaryImageOfPage\":{\"@id\":\"https:\/\/tourtravelandmore.com\/fr\/tours\/allemagne-fr\/hamburg-fr\/visite-privee-a-lubeck-depuis-hambourg\/#primaryimage\"},\"image\":{\"@id\":\"https:\/\/tourtravelandmore.com\/fr\/tours\/allemagne-fr\/hamburg-fr\/visite-privee-a-lubeck-depuis-hambourg\/#primaryimage\"},\"thumbnailUrl\":\"https:\/\/tourtravelandmore.com\/wp-content\/uploads\/2019\/11\/lubeck-4087925_1280.jpg\",\"datePublished\":\"2019-11-14T22:34:05+00:00\",\"dateModified\":\"2021-03-15T19:32:43+00:00\",\"description\":\"Explorez et profitez de la ville de L\u00fcbeck au d\u00e9part de Hambourg avec cette excursion priv\u00e9e avec un guide local et d\u00e9couvrez le meilleur de la ville.\",\"breadcrumb\":{\"@id\":\"https:\/\/tourtravelandmore.com\/fr\/tours\/allemagne-fr\/hamburg-fr\/visite-privee-a-lubeck-depuis-hambourg\/#breadcrumb\"},\"inLanguage\":\"fr-FR\",\"potentialAction\":[{\"@type\":\"ReadAction\",\"target\":[\"https:\/\/tourtravelandmore.com\/fr\/tours\/allemagne-fr\/hamburg-fr\/visite-privee-a-lubeck-depuis-hambourg\/\"]}]},{\"@type\":\"ImageObject\",\"inLanguage\":\"fr-FR\",\"@id\":\"https:\/\/tourtravelandmore.com\/fr\/tours\/allemagne-fr\/hamburg-fr\/visite-privee-a-lubeck-depuis-hambourg\/#primaryimage\",\"url\":\"https:\/\/tourtravelandmore.com\/wp-content\/uploads\/2019\/11\/lubeck-4087925_1280.jpg\",\"contentUrl\":\"https:\/\/tourtravelandmore.com\/wp-content\/uploads\/2019\/11\/lubeck-4087925_1280.jpg\",\"width\":1280,\"height\":759},{\"@type\":\"BreadcrumbList\",\"@id\":\"https:\/\/tourtravelandmore.com\/fr\/tours\/allemagne-fr\/hamburg-fr\/visite-privee-a-lubeck-depuis-hambourg\/#breadcrumb\",\"itemListElement\":[{\"@type\":\"ListItem\",\"position\":1,\"name\":\"Home\",\"item\":\"https:\/\/tourtravelandmore.com\/fr\/\"},{\"@type\":\"ListItem\",\"position\":2,\"name\":\"Tours\",\"item\":\"https:\/\/tourtravelandmore.com\/fr\/tours\/\"},{\"@type\":\"ListItem\",\"position\":3,\"name\":\"Visite priv\u00e9e \u00e0 L\u00fcbeck depuis Hambourg\"}]},{\"@type\":\"WebSite\",\"@id\":\"https:\/\/tourtravelandmore.com\/fr\/#website\",\"url\":\"https:\/\/tourtravelandmore.com\/fr\/\",\"name\":\"Tour Travel And More\",\"description\":\"Private sightseeing tours and luxury transfers in Spain\",\"publisher\":{\"@id\":\"https:\/\/tourtravelandmore.com\/fr\/#organization\"},\"potentialAction\":[{\"@type\":\"SearchAction\",\"target\":{\"@type\":\"EntryPoint\",\"urlTemplate\":\"https:\/\/tourtravelandmore.com\/fr\/?s={search_term_string}\"},\"query-input\":{\"@type\":\"PropertyValueSpecification\",\"valueRequired\":true,\"valueName\":\"search_term_string\"}}],\"inLanguage\":\"fr-FR\"},{\"@type\":\"Organization\",\"@id\":\"https:\/\/tourtravelandmore.com\/fr\/#organization\",\"name\":\"Tour Travel And More\",\"url\":\"https:\/\/tourtravelandmore.com\/fr\/\",\"logo\":{\"@type\":\"ImageObject\",\"inLanguage\":\"fr-FR\",\"@id\":\"https:\/\/tourtravelandmore.com\/fr\/#\/schema\/logo\/image\/\",\"url\":\"https:\/\/tourtravelandmore.com\/wp-content\/uploads\/2022\/12\/cropped-logo-cabecera-new.png\",\"contentUrl\":\"https:\/\/tourtravelandmore.com\/wp-content\/uploads\/2022\/12\/cropped-logo-cabecera-new.png\",\"width\":430,\"height\":61,\"caption\":\"Tour Travel And More\"},\"image\":{\"@id\":\"https:\/\/tourtravelandmore.com\/fr\/#\/schema\/logo\/image\/\"},\"sameAs\":[\"https:\/\/www.facebook.com\/tourtravelandmore\/\",\"https:\/\/x.com\/TourTravel_More\"]}]}<\/script>\n<!-- \/ Yoast SEO Premium plugin. -->","yoast_head_json":{"title":"Excursion priv\u00e9e de L\u00fcbeck au d\u00e9part de Hambourg avec un guide local","description":"Explorez et profitez de la ville de L\u00fcbeck au d\u00e9part de Hambourg avec cette excursion priv\u00e9e avec un guide local et d\u00e9couvrez le meilleur de la ville.","robots":{"index":"index","follow":"follow","max-snippet":"max-snippet:-1","max-image-preview":"max-image-preview:large","max-video-preview":"max-video-preview:-1"},"canonical":"https:\/\/tourtravelandmore.com\/fr\/tours\/allemagne-fr\/hamburg-fr\/visite-privee-a-lubeck-depuis-hambourg\/","og_locale":"fr_FR","og_type":"article","og_title":"Visite priv\u00e9e \u00e0 L\u00fcbeck depuis Hambourg","og_description":"Explorez et profitez de la ville de L\u00fcbeck au d\u00e9part de Hambourg avec cette excursion priv\u00e9e avec un guide local et d\u00e9couvrez le meilleur de la ville.","og_url":"https:\/\/tourtravelandmore.com\/fr\/tours\/allemagne-fr\/hamburg-fr\/visite-privee-a-lubeck-depuis-hambourg\/","og_site_name":"Tour Travel And More","article_publisher":"https:\/\/www.facebook.com\/tourtravelandmore\/","article_modified_time":"2021-03-15T19:32:43+00:00","og_image":[{"width":1280,"height":759,"url":"https:\/\/tourtravelandmore.com\/wp-content\/uploads\/2019\/11\/lubeck-4087925_1280.jpg","type":"image\/jpeg"}],"twitter_card":"summary_large_image","twitter_site":"@TourTravel_More","twitter_misc":{"Dur\u00e9e de lecture estim\u00e9e":"2 minutes"},"schema":{"@context":"https:\/\/schema.org","@graph":[{"@type":"WebPage","@id":"https:\/\/tourtravelandmore.com\/fr\/tours\/allemagne-fr\/hamburg-fr\/visite-privee-a-lubeck-depuis-hambourg\/","url":"https:\/\/tourtravelandmore.com\/fr\/tours\/allemagne-fr\/hamburg-fr\/visite-privee-a-lubeck-depuis-hambourg\/","name":"Excursion priv\u00e9e de L\u00fcbeck au d\u00e9part de Hambourg avec un guide local","isPartOf":{"@id":"https:\/\/tourtravelandmore.com\/fr\/#website"},"primaryImageOfPage":{"@id":"https:\/\/tourtravelandmore.com\/fr\/tours\/allemagne-fr\/hamburg-fr\/visite-privee-a-lubeck-depuis-hambourg\/#primaryimage"},"image":{"@id":"https:\/\/tourtravelandmore.com\/fr\/tours\/allemagne-fr\/hamburg-fr\/visite-privee-a-lubeck-depuis-hambourg\/#primaryimage"},"thumbnailUrl":"https:\/\/tourtravelandmore.com\/wp-content\/uploads\/2019\/11\/lubeck-4087925_1280.jpg","datePublished":"2019-11-14T22:34:05+00:00","dateModified":"2021-03-15T19:32:43+00:00","description":"Explorez et profitez de la ville de L\u00fcbeck au d\u00e9part de Hambourg avec cette excursion priv\u00e9e avec un guide local et d\u00e9couvrez le meilleur de la ville.","breadcrumb":{"@id":"https:\/\/tourtravelandmore.com\/fr\/tours\/allemagne-fr\/hamburg-fr\/visite-privee-a-lubeck-depuis-hambourg\/#breadcrumb"},"inLanguage":"fr-FR","potentialAction":[{"@type":"ReadAction","target":["https:\/\/tourtravelandmore.com\/fr\/tours\/allemagne-fr\/hamburg-fr\/visite-privee-a-lubeck-depuis-hambourg\/"]}]},{"@type":"ImageObject","inLanguage":"fr-FR","@id":"https:\/\/tourtravelandmore.com\/fr\/tours\/allemagne-fr\/hamburg-fr\/visite-privee-a-lubeck-depuis-hambourg\/#primaryimage","url":"https:\/\/tourtravelandmore.com\/wp-content\/uploads\/2019\/11\/lubeck-4087925_1280.jpg","contentUrl":"https:\/\/tourtravelandmore.com\/wp-content\/uploads\/2019\/11\/lubeck-4087925_1280.jpg","width":1280,"height":759},{"@type":"BreadcrumbList","@id":"https:\/\/tourtravelandmore.com\/fr\/tours\/allemagne-fr\/hamburg-fr\/visite-privee-a-lubeck-depuis-hambourg\/#breadcrumb","itemListElement":[{"@type":"ListItem","position":1,"name":"Home","item":"https:\/\/tourtravelandmore.com\/fr\/"},{"@type":"ListItem","position":2,"name":"Tours","item":"https:\/\/tourtravelandmore.com\/fr\/tours\/"},{"@type":"ListItem","position":3,"name":"Visite priv\u00e9e \u00e0 L\u00fcbeck depuis Hambourg"}]},{"@type":"WebSite","@id":"https:\/\/tourtravelandmore.com\/fr\/#website","url":"https:\/\/tourtravelandmore.com\/fr\/","name":"Tour Travel And More","description":"Private sightseeing tours and luxury transfers in Spain","publisher":{"@id":"https:\/\/tourtravelandmore.com\/fr\/#organization"},"potentialAction":[{"@type":"SearchAction","target":{"@type":"EntryPoint","urlTemplate":"https:\/\/tourtravelandmore.com\/fr\/?s={search_term_string}"},"query-input":{"@type":"PropertyValueSpecification","valueRequired":true,"valueName":"search_term_string"}}],"inLanguage":"fr-FR"},{"@type":"Organization","@id":"https:\/\/tourtravelandmore.com\/fr\/#organization","name":"Tour Travel And More","url":"https:\/\/tourtravelandmore.com\/fr\/","logo":{"@type":"ImageObject","inLanguage":"fr-FR","@id":"https:\/\/tourtravelandmore.com\/fr\/#\/schema\/logo\/image\/","url":"https:\/\/tourtravelandmore.com\/wp-content\/uploads\/2022\/12\/cropped-logo-cabecera-new.png","contentUrl":"https:\/\/tourtravelandmore.com\/wp-content\/uploads\/2022\/12\/cropped-logo-cabecera-new.png","width":430,"height":61,"caption":"Tour Travel And More"},"image":{"@id":"https:\/\/tourtravelandmore.com\/fr\/#\/schema\/logo\/image\/"},"sameAs":["https:\/\/www.facebook.com\/tourtravelandmore\/","https:\/\/x.com\/TourTravel_More"]}]}},"_links":{"self":[{"href":"https:\/\/tourtravelandmore.com\/fr\/wp-json\/wp\/v2\/product\/103376","targetHints":{"allow":["GET"]}}],"collection":[{"href":"https:\/\/tourtravelandmore.com\/fr\/wp-json\/wp\/v2\/product"}],"about":[{"href":"https:\/\/tourtravelandmore.com\/fr\/wp-json\/wp\/v2\/types\/product"}],"replies":[{"embeddable":true,"href":"https:\/\/tourtravelandmore.com\/fr\/wp-json\/wp\/v2\/comments?post=103376"}],"wp:featuredmedia":[{"embeddable":true,"href":"https:\/\/tourtravelandmore.com\/fr\/wp-json\/wp\/v2\/media\/96713"}],"wp:attachment":[{"href":"https:\/\/tourtravelandmore.com\/fr\/wp-json\/wp\/v2\/media?parent=103376"}],"wp:term":[{"taxonomy":"product_brand","embeddable":true,"href":"https:\/\/tourtravelandmore.com\/fr\/wp-json\/wp\/v2\/product_brand?post=103376"},{"taxonomy":"product_cat","embeddable":true,"href":"https:\/\/tourtravelandmore.com\/fr\/wp-json\/wp\/v2\/product_cat?post=103376"},{"taxonomy":"product_tag","embeddable":true,"href":"https:\/\/tourtravelandmore.com\/fr\/wp-json\/wp\/v2\/product_tag?post=103376"}],"curies":[{"name":"wp","href":"https:\/\/api.w.org\/{rel}","templated":true}]}}