{"id":103371,"date":"2019-11-14T23:34:03","date_gmt":"2019-11-14T22:34:03","guid":{"rendered":"https:\/\/tourtravelandmore.com\/tours\/non%20class\u00e9\/visite-privee-de-la-ville-de-rostock-au-depart-de-hambourg\/"},"modified":"2021-03-15T20:31:20","modified_gmt":"2021-03-15T19:31:20","slug":"visite-privee-de-la-ville-de-rostock-au-depart-de-hambourg","status":"publish","type":"product","link":"https:\/\/tourtravelandmore.com\/fr\/tours\/allemagne-fr\/hamburg-fr\/visite-privee-de-la-ville-de-rostock-au-depart-de-hambourg\/","title":{"rendered":"Visite priv\u00e9e de la ville de Rostock au d\u00e9part de Hambourg"},"content":{"rendered":"<h2>Description<\/h2>\n<p>Venez avec nous et profitez de cette visite priv\u00e9e de la ville de Rostock au d\u00e9part de Hambourg et d\u00e9couvrez les lieux et monuments les plus importants. Vous aurez \u00e0 votre enti\u00e8re disposition un chauffeur \/ guide priv\u00e9 dans un v\u00e9hicule de luxe priv\u00e9.<\/p>\n<p>Rostock est une ville sur la rivi\u00e8re Warnow, sur la c\u00f4te nord de l&#8217;Allemagne. Cette ville est tr\u00e8s c\u00e9l\u00e8bre en raison de sa vieille ville qui abrite l&#8217;\u00e9glise gothique de Santa Mar\u00eda qui poss\u00e8de une horloge astronomique du 15\u00e8me si\u00e8cle.<\/p>\n<p>Vous serez accompagn\u00e9 d&#8217;un chauffeur \/ guide priv\u00e9 qui vous montrera tous les coins de cette ville incroyable. Si vous pr\u00e9f\u00e9rez, nous pouvons inclure plus d&#8217;heures \u00e0 votre exp\u00e9rience ou m\u00eame en faire une excursion d&#8217;une journ\u00e9e compl\u00e8te. Si vous avez quelque chose en t\u00eate, faites-le nous savoir et nous nous chargerons de tout.<\/p>\n<p>Courez la chance de d\u00e9couvrir cette ville merveilleuse avec cette visite priv\u00e9e personnalis\u00e9e de la ville de Rostock au d\u00e9part de Hambourg.<\/p>\n<p>Nous pouvons \u00e9galement proposer des visites priv\u00e9es d&#8217;une journ\u00e9e compl\u00e8te au d\u00e9part de Hambourg, une option possible pourrait \u00eatre notre visite priv\u00e9e \u00e0 L\u00fcbeck, regardez ici !.<\/p>\n<h2>Sites d&#8217;int\u00e9r\u00eat et points de rep\u00e8re<\/h2>\n<p>Cette visite priv\u00e9e commencera par la prise en charge \u00e0 votre h\u00f4tel de votre chauffeur \/ guide priv\u00e9 \u00e0 l&#8217;heure souhait\u00e9e. Comme il s&#8217;agit d&#8217;une exp\u00e9rience priv\u00e9e, vous pouvez choisir l&#8217;heure de d\u00e9but de votre visite.<\/p>\n<p>Entre autres monuments et sites touristiques, vous pourrez visiter:<\/p>\n<ul>\n<li>Neuer Markt<\/li>\n<li>\u00c9glise Sainte-Marie<\/li>\n<li>Mus\u00e9e d&#8217;histoire culturelle<\/li>\n<li>Steintor<\/li>\n<li>\u00c9glise Nikolai<\/li>\n<li>\u00c9glise Saint Petri<\/li>\n<li>H\u00f4tel de ville de Rostock<\/li>\n<li>Et bien d&#8217;autres endroits dans cette visite priv\u00e9e de Rostock.<\/li>\n<\/ul>\n<p>Vous pourrez personnaliser cette visite et prendre des photos impressionnantes quand vous le souhaitez. Il s&#8217;agit d&#8217;une visite unique enti\u00e8rement personnalis\u00e9e pour vous et votre groupe.<\/p>\n<p>Pendant la visite, vous ferez une halte pour le d\u00e9jeuner et d\u00e9gusterez un plat typique de la zone. Si vous pr\u00e9f\u00e9rez, nous pouvons faire une r\u00e9servation juste pour vous et votre groupe.<\/p>\n<p>Enfin, \u00e0 la fin de la visite, votre chauffeur \/ guide priv\u00e9 vous ram\u00e8nera \u00e0 votre h\u00f4tel \u00e0 Hambourg.<\/p>\n","protected":false},"excerpt":{"rendered":"<p>Profitez de cette visite priv\u00e9e de la ville de Rostock au d\u00e9part de Hambourg avec votre chauffeur \/ guide priv\u00e9 \u00e0 l&#8217;aise dans un v\u00e9hicule de luxe priv\u00e9. Profitez de cette occasion pour visiter cette merveilleuse ville allemande et d\u00e9couvrir ses monuments et lieux les plus importants. La prise en charge peut se faire \u00e0 l&#8217;h\u00f4tel ou au lieu de votre choix \u00e0 Hambourg.<\/p>\n","protected":false},"featured_media":96693,"comment_status":"open","ping_status":"closed","template":"","meta":{"_acf_changed":false},"product_brand":[],"product_cat":[3784],"product_tag":[4043],"class_list":{"0":"post-103371","1":"product","2":"type-product","3":"status-publish","4":"has-post-thumbnail","6":"product_cat-hamburg-fr","7":"product_tag-private-fr","9":"first","10":"instock","11":"shipping-taxable","12":"purchasable","13":"product-type-simple"},"acf":[],"yoast_head":"<!-- This site is optimized with the Yoast SEO Premium plugin v25.3.1 (Yoast SEO v25.3.1) - https:\/\/yoast.com\/wordpress\/plugins\/seo\/ -->\n<title>Visite priv\u00e9e de la ville de Rostock au d\u00e9part de Hambourg avec chauffeur \/ guide<\/title>\n<meta name=\"description\" content=\"Explorez et profitez de la ville de Rostock au d\u00e9part de Hambourg avec un chauffeur \/ guide priv\u00e9 et d\u00e9couvrez certains de ses lieux et monuments les plus reconnus.\" \/>\n<meta name=\"robots\" content=\"index, follow, max-snippet:-1, max-image-preview:large, max-video-preview:-1\" \/>\n<link rel=\"canonical\" href=\"https:\/\/tourtravelandmore.com\/fr\/tours\/allemagne-fr\/hamburg-fr\/visite-privee-de-la-ville-de-rostock-au-depart-de-hambourg\/\" \/>\n<meta property=\"og:locale\" content=\"fr_FR\" \/>\n<meta property=\"og:type\" content=\"article\" \/>\n<meta property=\"og:title\" content=\"Visite priv\u00e9e de la ville de Rostock au d\u00e9part de Hambourg\" \/>\n<meta property=\"og:description\" content=\"Explorez et profitez de la ville de Rostock au d\u00e9part de Hambourg avec un chauffeur \/ guide priv\u00e9 et d\u00e9couvrez certains de ses lieux et monuments les plus reconnus.\" \/>\n<meta property=\"og:url\" content=\"https:\/\/tourtravelandmore.com\/fr\/tours\/allemagne-fr\/hamburg-fr\/visite-privee-de-la-ville-de-rostock-au-depart-de-hambourg\/\" \/>\n<meta property=\"og:site_name\" content=\"Tour Travel And More\" \/>\n<meta property=\"article:publisher\" content=\"https:\/\/www.facebook.com\/tourtravelandmore\/\" \/>\n<meta property=\"article:modified_time\" content=\"2021-03-15T19:31:20+00:00\" \/>\n<meta property=\"og:image\" content=\"https:\/\/tourtravelandmore.com\/wp-content\/uploads\/2019\/11\/Rostock-Ciudad-Sunrise-La.jpg\" \/>\n\t<meta property=\"og:image:width\" content=\"960\" \/>\n\t<meta property=\"og:image:height\" content=\"640\" \/>\n\t<meta property=\"og:image:type\" content=\"image\/jpeg\" \/>\n<meta name=\"twitter:card\" content=\"summary_large_image\" \/>\n<meta name=\"twitter:site\" content=\"@TourTravel_More\" \/>\n<meta name=\"twitter:label1\" content=\"Dur\u00e9e de lecture estim\u00e9e\" \/>\n\t<meta name=\"twitter:data1\" content=\"2 minutes\" \/>\n<script type=\"application\/ld+json\" class=\"yoast-schema-graph\">{\"@context\":\"https:\/\/schema.org\",\"@graph\":[{\"@type\":\"WebPage\",\"@id\":\"https:\/\/tourtravelandmore.com\/fr\/tours\/allemagne-fr\/hamburg-fr\/visite-privee-de-la-ville-de-rostock-au-depart-de-hambourg\/\",\"url\":\"https:\/\/tourtravelandmore.com\/fr\/tours\/allemagne-fr\/hamburg-fr\/visite-privee-de-la-ville-de-rostock-au-depart-de-hambourg\/\",\"name\":\"Visite priv\u00e9e de la ville de Rostock au d\u00e9part de Hambourg avec chauffeur \/ guide\",\"isPartOf\":{\"@id\":\"https:\/\/tourtravelandmore.com\/fr\/#website\"},\"primaryImageOfPage\":{\"@id\":\"https:\/\/tourtravelandmore.com\/fr\/tours\/allemagne-fr\/hamburg-fr\/visite-privee-de-la-ville-de-rostock-au-depart-de-hambourg\/#primaryimage\"},\"image\":{\"@id\":\"https:\/\/tourtravelandmore.com\/fr\/tours\/allemagne-fr\/hamburg-fr\/visite-privee-de-la-ville-de-rostock-au-depart-de-hambourg\/#primaryimage\"},\"thumbnailUrl\":\"https:\/\/tourtravelandmore.com\/wp-content\/uploads\/2019\/11\/Rostock-Ciudad-Sunrise-La.jpg\",\"datePublished\":\"2019-11-14T22:34:03+00:00\",\"dateModified\":\"2021-03-15T19:31:20+00:00\",\"description\":\"Explorez et profitez de la ville de Rostock au d\u00e9part de Hambourg avec un chauffeur \/ guide priv\u00e9 et d\u00e9couvrez certains de ses lieux et monuments les plus reconnus.\",\"breadcrumb\":{\"@id\":\"https:\/\/tourtravelandmore.com\/fr\/tours\/allemagne-fr\/hamburg-fr\/visite-privee-de-la-ville-de-rostock-au-depart-de-hambourg\/#breadcrumb\"},\"inLanguage\":\"fr-FR\",\"potentialAction\":[{\"@type\":\"ReadAction\",\"target\":[\"https:\/\/tourtravelandmore.com\/fr\/tours\/allemagne-fr\/hamburg-fr\/visite-privee-de-la-ville-de-rostock-au-depart-de-hambourg\/\"]}]},{\"@type\":\"ImageObject\",\"inLanguage\":\"fr-FR\",\"@id\":\"https:\/\/tourtravelandmore.com\/fr\/tours\/allemagne-fr\/hamburg-fr\/visite-privee-de-la-ville-de-rostock-au-depart-de-hambourg\/#primaryimage\",\"url\":\"https:\/\/tourtravelandmore.com\/wp-content\/uploads\/2019\/11\/Rostock-Ciudad-Sunrise-La.jpg\",\"contentUrl\":\"https:\/\/tourtravelandmore.com\/wp-content\/uploads\/2019\/11\/Rostock-Ciudad-Sunrise-La.jpg\",\"width\":960,\"height\":640},{\"@type\":\"BreadcrumbList\",\"@id\":\"https:\/\/tourtravelandmore.com\/fr\/tours\/allemagne-fr\/hamburg-fr\/visite-privee-de-la-ville-de-rostock-au-depart-de-hambourg\/#breadcrumb\",\"itemListElement\":[{\"@type\":\"ListItem\",\"position\":1,\"name\":\"Home\",\"item\":\"https:\/\/tourtravelandmore.com\/fr\/\"},{\"@type\":\"ListItem\",\"position\":2,\"name\":\"Tours\",\"item\":\"https:\/\/tourtravelandmore.com\/fr\/tours\/\"},{\"@type\":\"ListItem\",\"position\":3,\"name\":\"Visite priv\u00e9e de la ville de Rostock au d\u00e9part de Hambourg\"}]},{\"@type\":\"WebSite\",\"@id\":\"https:\/\/tourtravelandmore.com\/fr\/#website\",\"url\":\"https:\/\/tourtravelandmore.com\/fr\/\",\"name\":\"Tour Travel And More\",\"description\":\"Private sightseeing tours and luxury transfers in Spain\",\"publisher\":{\"@id\":\"https:\/\/tourtravelandmore.com\/fr\/#organization\"},\"potentialAction\":[{\"@type\":\"SearchAction\",\"target\":{\"@type\":\"EntryPoint\",\"urlTemplate\":\"https:\/\/tourtravelandmore.com\/fr\/?s={search_term_string}\"},\"query-input\":{\"@type\":\"PropertyValueSpecification\",\"valueRequired\":true,\"valueName\":\"search_term_string\"}}],\"inLanguage\":\"fr-FR\"},{\"@type\":\"Organization\",\"@id\":\"https:\/\/tourtravelandmore.com\/fr\/#organization\",\"name\":\"Tour Travel And More\",\"url\":\"https:\/\/tourtravelandmore.com\/fr\/\",\"logo\":{\"@type\":\"ImageObject\",\"inLanguage\":\"fr-FR\",\"@id\":\"https:\/\/tourtravelandmore.com\/fr\/#\/schema\/logo\/image\/\",\"url\":\"https:\/\/tourtravelandmore.com\/wp-content\/uploads\/2022\/12\/cropped-logo-cabecera-new.png\",\"contentUrl\":\"https:\/\/tourtravelandmore.com\/wp-content\/uploads\/2022\/12\/cropped-logo-cabecera-new.png\",\"width\":430,\"height\":61,\"caption\":\"Tour Travel And More\"},\"image\":{\"@id\":\"https:\/\/tourtravelandmore.com\/fr\/#\/schema\/logo\/image\/\"},\"sameAs\":[\"https:\/\/www.facebook.com\/tourtravelandmore\/\",\"https:\/\/x.com\/TourTravel_More\"]}]}<\/script>\n<!-- \/ Yoast SEO Premium plugin. -->","yoast_head_json":{"title":"Visite priv\u00e9e de la ville de Rostock au d\u00e9part de Hambourg avec chauffeur \/ guide","description":"Explorez et profitez de la ville de Rostock au d\u00e9part de Hambourg avec un chauffeur \/ guide priv\u00e9 et d\u00e9couvrez certains de ses lieux et monuments les plus reconnus.","robots":{"index":"index","follow":"follow","max-snippet":"max-snippet:-1","max-image-preview":"max-image-preview:large","max-video-preview":"max-video-preview:-1"},"canonical":"https:\/\/tourtravelandmore.com\/fr\/tours\/allemagne-fr\/hamburg-fr\/visite-privee-de-la-ville-de-rostock-au-depart-de-hambourg\/","og_locale":"fr_FR","og_type":"article","og_title":"Visite priv\u00e9e de la ville de Rostock au d\u00e9part de Hambourg","og_description":"Explorez et profitez de la ville de Rostock au d\u00e9part de Hambourg avec un chauffeur \/ guide priv\u00e9 et d\u00e9couvrez certains de ses lieux et monuments les plus reconnus.","og_url":"https:\/\/tourtravelandmore.com\/fr\/tours\/allemagne-fr\/hamburg-fr\/visite-privee-de-la-ville-de-rostock-au-depart-de-hambourg\/","og_site_name":"Tour Travel And More","article_publisher":"https:\/\/www.facebook.com\/tourtravelandmore\/","article_modified_time":"2021-03-15T19:31:20+00:00","og_image":[{"width":960,"height":640,"url":"https:\/\/tourtravelandmore.com\/wp-content\/uploads\/2019\/11\/Rostock-Ciudad-Sunrise-La.jpg","type":"image\/jpeg"}],"twitter_card":"summary_large_image","twitter_site":"@TourTravel_More","twitter_misc":{"Dur\u00e9e de lecture estim\u00e9e":"2 minutes"},"schema":{"@context":"https:\/\/schema.org","@graph":[{"@type":"WebPage","@id":"https:\/\/tourtravelandmore.com\/fr\/tours\/allemagne-fr\/hamburg-fr\/visite-privee-de-la-ville-de-rostock-au-depart-de-hambourg\/","url":"https:\/\/tourtravelandmore.com\/fr\/tours\/allemagne-fr\/hamburg-fr\/visite-privee-de-la-ville-de-rostock-au-depart-de-hambourg\/","name":"Visite priv\u00e9e de la ville de Rostock au d\u00e9part de Hambourg avec chauffeur \/ guide","isPartOf":{"@id":"https:\/\/tourtravelandmore.com\/fr\/#website"},"primaryImageOfPage":{"@id":"https:\/\/tourtravelandmore.com\/fr\/tours\/allemagne-fr\/hamburg-fr\/visite-privee-de-la-ville-de-rostock-au-depart-de-hambourg\/#primaryimage"},"image":{"@id":"https:\/\/tourtravelandmore.com\/fr\/tours\/allemagne-fr\/hamburg-fr\/visite-privee-de-la-ville-de-rostock-au-depart-de-hambourg\/#primaryimage"},"thumbnailUrl":"https:\/\/tourtravelandmore.com\/wp-content\/uploads\/2019\/11\/Rostock-Ciudad-Sunrise-La.jpg","datePublished":"2019-11-14T22:34:03+00:00","dateModified":"2021-03-15T19:31:20+00:00","description":"Explorez et profitez de la ville de Rostock au d\u00e9part de Hambourg avec un chauffeur \/ guide priv\u00e9 et d\u00e9couvrez certains de ses lieux et monuments les plus reconnus.","breadcrumb":{"@id":"https:\/\/tourtravelandmore.com\/fr\/tours\/allemagne-fr\/hamburg-fr\/visite-privee-de-la-ville-de-rostock-au-depart-de-hambourg\/#breadcrumb"},"inLanguage":"fr-FR","potentialAction":[{"@type":"ReadAction","target":["https:\/\/tourtravelandmore.com\/fr\/tours\/allemagne-fr\/hamburg-fr\/visite-privee-de-la-ville-de-rostock-au-depart-de-hambourg\/"]}]},{"@type":"ImageObject","inLanguage":"fr-FR","@id":"https:\/\/tourtravelandmore.com\/fr\/tours\/allemagne-fr\/hamburg-fr\/visite-privee-de-la-ville-de-rostock-au-depart-de-hambourg\/#primaryimage","url":"https:\/\/tourtravelandmore.com\/wp-content\/uploads\/2019\/11\/Rostock-Ciudad-Sunrise-La.jpg","contentUrl":"https:\/\/tourtravelandmore.com\/wp-content\/uploads\/2019\/11\/Rostock-Ciudad-Sunrise-La.jpg","width":960,"height":640},{"@type":"BreadcrumbList","@id":"https:\/\/tourtravelandmore.com\/fr\/tours\/allemagne-fr\/hamburg-fr\/visite-privee-de-la-ville-de-rostock-au-depart-de-hambourg\/#breadcrumb","itemListElement":[{"@type":"ListItem","position":1,"name":"Home","item":"https:\/\/tourtravelandmore.com\/fr\/"},{"@type":"ListItem","position":2,"name":"Tours","item":"https:\/\/tourtravelandmore.com\/fr\/tours\/"},{"@type":"ListItem","position":3,"name":"Visite priv\u00e9e de la ville de Rostock au d\u00e9part de Hambourg"}]},{"@type":"WebSite","@id":"https:\/\/tourtravelandmore.com\/fr\/#website","url":"https:\/\/tourtravelandmore.com\/fr\/","name":"Tour Travel And More","description":"Private sightseeing tours and luxury transfers in Spain","publisher":{"@id":"https:\/\/tourtravelandmore.com\/fr\/#organization"},"potentialAction":[{"@type":"SearchAction","target":{"@type":"EntryPoint","urlTemplate":"https:\/\/tourtravelandmore.com\/fr\/?s={search_term_string}"},"query-input":{"@type":"PropertyValueSpecification","valueRequired":true,"valueName":"search_term_string"}}],"inLanguage":"fr-FR"},{"@type":"Organization","@id":"https:\/\/tourtravelandmore.com\/fr\/#organization","name":"Tour Travel And More","url":"https:\/\/tourtravelandmore.com\/fr\/","logo":{"@type":"ImageObject","inLanguage":"fr-FR","@id":"https:\/\/tourtravelandmore.com\/fr\/#\/schema\/logo\/image\/","url":"https:\/\/tourtravelandmore.com\/wp-content\/uploads\/2022\/12\/cropped-logo-cabecera-new.png","contentUrl":"https:\/\/tourtravelandmore.com\/wp-content\/uploads\/2022\/12\/cropped-logo-cabecera-new.png","width":430,"height":61,"caption":"Tour Travel And More"},"image":{"@id":"https:\/\/tourtravelandmore.com\/fr\/#\/schema\/logo\/image\/"},"sameAs":["https:\/\/www.facebook.com\/tourtravelandmore\/","https:\/\/x.com\/TourTravel_More"]}]}},"_links":{"self":[{"href":"https:\/\/tourtravelandmore.com\/fr\/wp-json\/wp\/v2\/product\/103371","targetHints":{"allow":["GET"]}}],"collection":[{"href":"https:\/\/tourtravelandmore.com\/fr\/wp-json\/wp\/v2\/product"}],"about":[{"href":"https:\/\/tourtravelandmore.com\/fr\/wp-json\/wp\/v2\/types\/product"}],"replies":[{"embeddable":true,"href":"https:\/\/tourtravelandmore.com\/fr\/wp-json\/wp\/v2\/comments?post=103371"}],"wp:featuredmedia":[{"embeddable":true,"href":"https:\/\/tourtravelandmore.com\/fr\/wp-json\/wp\/v2\/media\/96693"}],"wp:attachment":[{"href":"https:\/\/tourtravelandmore.com\/fr\/wp-json\/wp\/v2\/media?parent=103371"}],"wp:term":[{"taxonomy":"product_brand","embeddable":true,"href":"https:\/\/tourtravelandmore.com\/fr\/wp-json\/wp\/v2\/product_brand?post=103371"},{"taxonomy":"product_cat","embeddable":true,"href":"https:\/\/tourtravelandmore.com\/fr\/wp-json\/wp\/v2\/product_cat?post=103371"},{"taxonomy":"product_tag","embeddable":true,"href":"https:\/\/tourtravelandmore.com\/fr\/wp-json\/wp\/v2\/product_tag?post=103371"}],"curies":[{"name":"wp","href":"https:\/\/api.w.org\/{rel}","templated":true}]}}