{"id":103366,"date":"2019-09-16T00:37:39","date_gmt":"2019-09-15T22:37:39","guid":{"rendered":"https:\/\/tourtravelandmore.com\/tours\/non%20class\u00e9\/visite-privee-a-pied-de-hambourg\/"},"modified":"2021-03-15T20:30:16","modified_gmt":"2021-03-15T19:30:16","slug":"visite-privee-a-pied-de-hambourg","status":"publish","type":"product","link":"https:\/\/tourtravelandmore.com\/fr\/tours\/allemagne-fr\/hamburg-fr\/visite-privee-a-pied-de-hambourg\/","title":{"rendered":"Visite priv\u00e9e \u00e0 pied de Hambourg"},"content":{"rendered":"<h2>Description<\/h2>\n<p>Hambourg est la deuxi\u00e8me plus grande ville d&#8217;Allemagne, apr\u00e8s Berlin et la 8e plus grande ville de l&#8217;Union europ\u00e9enne, donc pour cette raison et bien d&#8217;autres, profitez de cette visite priv\u00e9e \u00e0 pied de Hambourg. Votre guide officiel priv\u00e9 sera \u00e0 votre enti\u00e8re disposition pendant toute la visite qui se concentrera sur le quartier de Sankt Pauli.<\/p>\n<p>D\u00e9lectez-vous de l&#8217;architecture de Hambourg et des merveilleux sites historiques lors de cette visite priv\u00e9e \u00e0 pied. Cette ville, l&#8217;une des plus visit\u00e9es d&#8217;Allemagne, est une destination touristique internationale et nationale majeure.<\/p>\n<p>La Reeperbahn de St. Pauli est l&#8217;un des quartiers de divertissement europ\u00e9ens les plus connus et les salles de concert Elbphilharmonie et Laeiszhalle comptent parmi ses lieux culturels les plus remarquables. Assailli par des catastrophes telles que le grand incendie, l&#8217;inondation de la mer du Nord de 1962 et les conflits militaires. La ville, apr\u00e8s ses nombreuses catastrophes, a r\u00e9ussi \u00e0 se redresser et \u00e0 en ressortir plus riche apr\u00e8s chaque catastrophe.<\/p>\n<p>Si vous recherchez une exp\u00e9rience plus compl\u00e8te, nous pouvons inclure un v\u00e9hicule de luxe priv\u00e9 pour votre visite. Jetez un \u0153il \u00e0 notre visite priv\u00e9e de la ville de Hambourg.<\/p>\n<h2>Sites d&#8217;int\u00e9r\u00eat et points de rep\u00e8re<\/h2>\n<p>Tout d&#8217;abord, vous rencontrerez votre guide officiel priv\u00e9 dans votre h\u00f4tel situ\u00e9 au centre ou dans un point de rendez-vous central \u00e0 l&#8217;heure souhait\u00e9e.<\/p>\n<p>La visite commence dans les rues du vieux quartier de Sankt Pauli, plus exactement au Old Elb Tunnel. Nous marcherons d&#8217;ici aux ponts du d\u00e9barquement de St. Pauli, situ\u00e9s sur les rives nord de l&#8217;Elbe. Ensuite, nous continuerons vers la plate-forme d&#8217;observation de Landungsbr\u00fccken avec son horloge distinctive et visiterons le mus\u00e9e Reeperbahn et des \u00e9gouts \u00e0 proximit\u00e9.<\/p>\n<p>Apr\u00e8s une petite pause-caf\u00e9, votre prochain arr\u00eat sera le m\u00e9morial de Bismarck, le plus grand et le plus connu des plus de 250 monuments comm\u00e9moratifs \u00e0 travers le monde en l&#8217;honneur de l&#8217;homme d&#8217;\u00c9tat allemand Otto von Bismarck. Ici, nous pouvons faire une promenade et visiter le parc Elbh\u00f6he.<\/p>\n<p>Le dernier arr\u00eat, mais non le moins important, est la f\u00eate foraine Hamburger DOM organis\u00e9e \u00e0 Heiligengeistfeld, et faites un tour dans l&#8217;une de ses nombreuses montagnes russes et attractions foraines, ou visitez les divers stands de nourriture faits maison.<\/p>\n<p>Au cours de cette visite priv\u00e9e \u00e0 pied de Hambourg, vous d\u00e9couvrirez certains des endroits les plus reconnus de la ville. Vous serez t\u00e9moin de sa beaut\u00e9 architecturale unique.<\/p>\n<p>Il existe de nombreux autres endroits o\u00f9 votre guide priv\u00e9 peut vous aider \u00e0 explorer, m\u00eame les endroits les plus embl\u00e9matiques et les plus impressionnants de Hambourg. Les sites et le point de rencontre de cette visite sont enti\u00e8rement personnalisables. Veuillez nous contacter pour organiser la visite en fonction de vos besoins personnels.<\/p>\n<p>Enfin, votre guide officiel priv\u00e9 vous d\u00e9posera dans un lieu central de Hambourg.<\/p>\n","protected":false},"excerpt":{"rendered":"<p>Aventurez-vous dans cette visite priv\u00e9e \u00e0 pied de 3 heures enti\u00e8rement personnalis\u00e9e dans les rues de Hambourg, o\u00f9 vous pourrez admirer la beaut\u00e9 urbaine de ses rues, monuments et b\u00e2timents de la Renaissance les plus importants. En cours de route, votre guide officiel priv\u00e9 vous conduira \u00e0 la d\u00e9couverte de la beaut\u00e9 offerte par la ville et ses b\u00e2timents Renaissance et rococo, tels que l&#8217;\u00e9glise Saint-Michel, le tunnel Old Elb ou la plate-forme d&#8217;observation Landungsbr\u00fccken.<\/p>\n","protected":false},"featured_media":96357,"comment_status":"open","ping_status":"closed","template":"","meta":{"_acf_changed":false},"product_brand":[],"product_cat":[3784],"product_tag":[],"class_list":{"0":"post-103366","1":"product","2":"type-product","3":"status-publish","4":"has-post-thumbnail","6":"product_cat-hamburg-fr","8":"first","9":"instock","10":"shipping-taxable","11":"purchasable","12":"product-type-simple"},"acf":[],"yoast_head":"<!-- This site is optimized with the Yoast SEO Premium plugin v25.3.1 (Yoast SEO v25.3.1) - https:\/\/yoast.com\/wordpress\/plugins\/seo\/ -->\n<title>Visite priv\u00e9e \u00e0 pied de Hambourg avec un guide local<\/title>\n<meta name=\"description\" content=\"Explorez et profitez de toute la ville de Hambourg avec cette visite priv\u00e9e \u00e0 pied de 3 heures avec un guide local et d\u00e9couvrez certains de ses endroits les plus reconnus.\" \/>\n<meta name=\"robots\" content=\"index, follow, max-snippet:-1, max-image-preview:large, max-video-preview:-1\" \/>\n<link rel=\"canonical\" href=\"https:\/\/tourtravelandmore.com\/fr\/tours\/allemagne-fr\/hamburg-fr\/visite-privee-a-pied-de-hambourg\/\" \/>\n<meta property=\"og:locale\" content=\"fr_FR\" \/>\n<meta property=\"og:type\" content=\"article\" \/>\n<meta property=\"og:title\" content=\"Visite priv\u00e9e \u00e0 pied de Hambourg\" \/>\n<meta property=\"og:description\" content=\"Explorez et profitez de toute la ville de Hambourg avec cette visite priv\u00e9e \u00e0 pied de 3 heures avec un guide local et d\u00e9couvrez certains de ses endroits les plus reconnus.\" \/>\n<meta property=\"og:url\" content=\"https:\/\/tourtravelandmore.com\/fr\/tours\/allemagne-fr\/hamburg-fr\/visite-privee-a-pied-de-hambourg\/\" \/>\n<meta property=\"og:site_name\" content=\"Tour Travel And More\" \/>\n<meta property=\"article:publisher\" content=\"https:\/\/www.facebook.com\/tourtravelandmore\/\" \/>\n<meta property=\"article:modified_time\" content=\"2021-03-15T19:30:16+00:00\" \/>\n<meta property=\"og:image\" content=\"https:\/\/tourtravelandmore.com\/wp-content\/uploads\/2019\/09\/sanktpauli.1.jpg\" \/>\n\t<meta property=\"og:image:width\" content=\"1024\" \/>\n\t<meta property=\"og:image:height\" content=\"683\" \/>\n\t<meta property=\"og:image:type\" content=\"image\/jpeg\" \/>\n<meta name=\"twitter:card\" content=\"summary_large_image\" \/>\n<meta name=\"twitter:site\" content=\"@TourTravel_More\" \/>\n<meta name=\"twitter:label1\" content=\"Dur\u00e9e de lecture estim\u00e9e\" \/>\n\t<meta name=\"twitter:data1\" content=\"2 minutes\" \/>\n<script type=\"application\/ld+json\" class=\"yoast-schema-graph\">{\"@context\":\"https:\/\/schema.org\",\"@graph\":[{\"@type\":\"WebPage\",\"@id\":\"https:\/\/tourtravelandmore.com\/fr\/tours\/allemagne-fr\/hamburg-fr\/visite-privee-a-pied-de-hambourg\/\",\"url\":\"https:\/\/tourtravelandmore.com\/fr\/tours\/allemagne-fr\/hamburg-fr\/visite-privee-a-pied-de-hambourg\/\",\"name\":\"Visite priv\u00e9e \u00e0 pied de Hambourg avec un guide local\",\"isPartOf\":{\"@id\":\"https:\/\/tourtravelandmore.com\/fr\/#website\"},\"primaryImageOfPage\":{\"@id\":\"https:\/\/tourtravelandmore.com\/fr\/tours\/allemagne-fr\/hamburg-fr\/visite-privee-a-pied-de-hambourg\/#primaryimage\"},\"image\":{\"@id\":\"https:\/\/tourtravelandmore.com\/fr\/tours\/allemagne-fr\/hamburg-fr\/visite-privee-a-pied-de-hambourg\/#primaryimage\"},\"thumbnailUrl\":\"https:\/\/tourtravelandmore.com\/wp-content\/uploads\/2019\/09\/sanktpauli.1.jpg\",\"datePublished\":\"2019-09-15T22:37:39+00:00\",\"dateModified\":\"2021-03-15T19:30:16+00:00\",\"description\":\"Explorez et profitez de toute la ville de Hambourg avec cette visite priv\u00e9e \u00e0 pied de 3 heures avec un guide local et d\u00e9couvrez certains de ses endroits les plus reconnus.\",\"breadcrumb\":{\"@id\":\"https:\/\/tourtravelandmore.com\/fr\/tours\/allemagne-fr\/hamburg-fr\/visite-privee-a-pied-de-hambourg\/#breadcrumb\"},\"inLanguage\":\"fr-FR\",\"potentialAction\":[{\"@type\":\"ReadAction\",\"target\":[\"https:\/\/tourtravelandmore.com\/fr\/tours\/allemagne-fr\/hamburg-fr\/visite-privee-a-pied-de-hambourg\/\"]}]},{\"@type\":\"ImageObject\",\"inLanguage\":\"fr-FR\",\"@id\":\"https:\/\/tourtravelandmore.com\/fr\/tours\/allemagne-fr\/hamburg-fr\/visite-privee-a-pied-de-hambourg\/#primaryimage\",\"url\":\"https:\/\/tourtravelandmore.com\/wp-content\/uploads\/2019\/09\/sanktpauli.1.jpg\",\"contentUrl\":\"https:\/\/tourtravelandmore.com\/wp-content\/uploads\/2019\/09\/sanktpauli.1.jpg\",\"width\":1024,\"height\":683},{\"@type\":\"BreadcrumbList\",\"@id\":\"https:\/\/tourtravelandmore.com\/fr\/tours\/allemagne-fr\/hamburg-fr\/visite-privee-a-pied-de-hambourg\/#breadcrumb\",\"itemListElement\":[{\"@type\":\"ListItem\",\"position\":1,\"name\":\"Home\",\"item\":\"https:\/\/tourtravelandmore.com\/fr\/\"},{\"@type\":\"ListItem\",\"position\":2,\"name\":\"Tours\",\"item\":\"https:\/\/tourtravelandmore.com\/fr\/tours\/\"},{\"@type\":\"ListItem\",\"position\":3,\"name\":\"Visite priv\u00e9e \u00e0 pied de Hambourg\"}]},{\"@type\":\"WebSite\",\"@id\":\"https:\/\/tourtravelandmore.com\/fr\/#website\",\"url\":\"https:\/\/tourtravelandmore.com\/fr\/\",\"name\":\"Tour Travel And More\",\"description\":\"Private sightseeing tours and luxury transfers in Spain\",\"publisher\":{\"@id\":\"https:\/\/tourtravelandmore.com\/fr\/#organization\"},\"potentialAction\":[{\"@type\":\"SearchAction\",\"target\":{\"@type\":\"EntryPoint\",\"urlTemplate\":\"https:\/\/tourtravelandmore.com\/fr\/?s={search_term_string}\"},\"query-input\":{\"@type\":\"PropertyValueSpecification\",\"valueRequired\":true,\"valueName\":\"search_term_string\"}}],\"inLanguage\":\"fr-FR\"},{\"@type\":\"Organization\",\"@id\":\"https:\/\/tourtravelandmore.com\/fr\/#organization\",\"name\":\"Tour Travel And More\",\"url\":\"https:\/\/tourtravelandmore.com\/fr\/\",\"logo\":{\"@type\":\"ImageObject\",\"inLanguage\":\"fr-FR\",\"@id\":\"https:\/\/tourtravelandmore.com\/fr\/#\/schema\/logo\/image\/\",\"url\":\"https:\/\/tourtravelandmore.com\/wp-content\/uploads\/2022\/12\/cropped-logo-cabecera-new.png\",\"contentUrl\":\"https:\/\/tourtravelandmore.com\/wp-content\/uploads\/2022\/12\/cropped-logo-cabecera-new.png\",\"width\":430,\"height\":61,\"caption\":\"Tour Travel And More\"},\"image\":{\"@id\":\"https:\/\/tourtravelandmore.com\/fr\/#\/schema\/logo\/image\/\"},\"sameAs\":[\"https:\/\/www.facebook.com\/tourtravelandmore\/\",\"https:\/\/x.com\/TourTravel_More\"]}]}<\/script>\n<!-- \/ Yoast SEO Premium plugin. -->","yoast_head_json":{"title":"Visite priv\u00e9e \u00e0 pied de Hambourg avec un guide local","description":"Explorez et profitez de toute la ville de Hambourg avec cette visite priv\u00e9e \u00e0 pied de 3 heures avec un guide local et d\u00e9couvrez certains de ses endroits les plus reconnus.","robots":{"index":"index","follow":"follow","max-snippet":"max-snippet:-1","max-image-preview":"max-image-preview:large","max-video-preview":"max-video-preview:-1"},"canonical":"https:\/\/tourtravelandmore.com\/fr\/tours\/allemagne-fr\/hamburg-fr\/visite-privee-a-pied-de-hambourg\/","og_locale":"fr_FR","og_type":"article","og_title":"Visite priv\u00e9e \u00e0 pied de Hambourg","og_description":"Explorez et profitez de toute la ville de Hambourg avec cette visite priv\u00e9e \u00e0 pied de 3 heures avec un guide local et d\u00e9couvrez certains de ses endroits les plus reconnus.","og_url":"https:\/\/tourtravelandmore.com\/fr\/tours\/allemagne-fr\/hamburg-fr\/visite-privee-a-pied-de-hambourg\/","og_site_name":"Tour Travel And More","article_publisher":"https:\/\/www.facebook.com\/tourtravelandmore\/","article_modified_time":"2021-03-15T19:30:16+00:00","og_image":[{"width":1024,"height":683,"url":"https:\/\/tourtravelandmore.com\/wp-content\/uploads\/2019\/09\/sanktpauli.1.jpg","type":"image\/jpeg"}],"twitter_card":"summary_large_image","twitter_site":"@TourTravel_More","twitter_misc":{"Dur\u00e9e de lecture estim\u00e9e":"2 minutes"},"schema":{"@context":"https:\/\/schema.org","@graph":[{"@type":"WebPage","@id":"https:\/\/tourtravelandmore.com\/fr\/tours\/allemagne-fr\/hamburg-fr\/visite-privee-a-pied-de-hambourg\/","url":"https:\/\/tourtravelandmore.com\/fr\/tours\/allemagne-fr\/hamburg-fr\/visite-privee-a-pied-de-hambourg\/","name":"Visite priv\u00e9e \u00e0 pied de Hambourg avec un guide local","isPartOf":{"@id":"https:\/\/tourtravelandmore.com\/fr\/#website"},"primaryImageOfPage":{"@id":"https:\/\/tourtravelandmore.com\/fr\/tours\/allemagne-fr\/hamburg-fr\/visite-privee-a-pied-de-hambourg\/#primaryimage"},"image":{"@id":"https:\/\/tourtravelandmore.com\/fr\/tours\/allemagne-fr\/hamburg-fr\/visite-privee-a-pied-de-hambourg\/#primaryimage"},"thumbnailUrl":"https:\/\/tourtravelandmore.com\/wp-content\/uploads\/2019\/09\/sanktpauli.1.jpg","datePublished":"2019-09-15T22:37:39+00:00","dateModified":"2021-03-15T19:30:16+00:00","description":"Explorez et profitez de toute la ville de Hambourg avec cette visite priv\u00e9e \u00e0 pied de 3 heures avec un guide local et d\u00e9couvrez certains de ses endroits les plus reconnus.","breadcrumb":{"@id":"https:\/\/tourtravelandmore.com\/fr\/tours\/allemagne-fr\/hamburg-fr\/visite-privee-a-pied-de-hambourg\/#breadcrumb"},"inLanguage":"fr-FR","potentialAction":[{"@type":"ReadAction","target":["https:\/\/tourtravelandmore.com\/fr\/tours\/allemagne-fr\/hamburg-fr\/visite-privee-a-pied-de-hambourg\/"]}]},{"@type":"ImageObject","inLanguage":"fr-FR","@id":"https:\/\/tourtravelandmore.com\/fr\/tours\/allemagne-fr\/hamburg-fr\/visite-privee-a-pied-de-hambourg\/#primaryimage","url":"https:\/\/tourtravelandmore.com\/wp-content\/uploads\/2019\/09\/sanktpauli.1.jpg","contentUrl":"https:\/\/tourtravelandmore.com\/wp-content\/uploads\/2019\/09\/sanktpauli.1.jpg","width":1024,"height":683},{"@type":"BreadcrumbList","@id":"https:\/\/tourtravelandmore.com\/fr\/tours\/allemagne-fr\/hamburg-fr\/visite-privee-a-pied-de-hambourg\/#breadcrumb","itemListElement":[{"@type":"ListItem","position":1,"name":"Home","item":"https:\/\/tourtravelandmore.com\/fr\/"},{"@type":"ListItem","position":2,"name":"Tours","item":"https:\/\/tourtravelandmore.com\/fr\/tours\/"},{"@type":"ListItem","position":3,"name":"Visite priv\u00e9e \u00e0 pied de Hambourg"}]},{"@type":"WebSite","@id":"https:\/\/tourtravelandmore.com\/fr\/#website","url":"https:\/\/tourtravelandmore.com\/fr\/","name":"Tour Travel And More","description":"Private sightseeing tours and luxury transfers in Spain","publisher":{"@id":"https:\/\/tourtravelandmore.com\/fr\/#organization"},"potentialAction":[{"@type":"SearchAction","target":{"@type":"EntryPoint","urlTemplate":"https:\/\/tourtravelandmore.com\/fr\/?s={search_term_string}"},"query-input":{"@type":"PropertyValueSpecification","valueRequired":true,"valueName":"search_term_string"}}],"inLanguage":"fr-FR"},{"@type":"Organization","@id":"https:\/\/tourtravelandmore.com\/fr\/#organization","name":"Tour Travel And More","url":"https:\/\/tourtravelandmore.com\/fr\/","logo":{"@type":"ImageObject","inLanguage":"fr-FR","@id":"https:\/\/tourtravelandmore.com\/fr\/#\/schema\/logo\/image\/","url":"https:\/\/tourtravelandmore.com\/wp-content\/uploads\/2022\/12\/cropped-logo-cabecera-new.png","contentUrl":"https:\/\/tourtravelandmore.com\/wp-content\/uploads\/2022\/12\/cropped-logo-cabecera-new.png","width":430,"height":61,"caption":"Tour Travel And More"},"image":{"@id":"https:\/\/tourtravelandmore.com\/fr\/#\/schema\/logo\/image\/"},"sameAs":["https:\/\/www.facebook.com\/tourtravelandmore\/","https:\/\/x.com\/TourTravel_More"]}]}},"_links":{"self":[{"href":"https:\/\/tourtravelandmore.com\/fr\/wp-json\/wp\/v2\/product\/103366","targetHints":{"allow":["GET"]}}],"collection":[{"href":"https:\/\/tourtravelandmore.com\/fr\/wp-json\/wp\/v2\/product"}],"about":[{"href":"https:\/\/tourtravelandmore.com\/fr\/wp-json\/wp\/v2\/types\/product"}],"replies":[{"embeddable":true,"href":"https:\/\/tourtravelandmore.com\/fr\/wp-json\/wp\/v2\/comments?post=103366"}],"wp:featuredmedia":[{"embeddable":true,"href":"https:\/\/tourtravelandmore.com\/fr\/wp-json\/wp\/v2\/media\/96357"}],"wp:attachment":[{"href":"https:\/\/tourtravelandmore.com\/fr\/wp-json\/wp\/v2\/media?parent=103366"}],"wp:term":[{"taxonomy":"product_brand","embeddable":true,"href":"https:\/\/tourtravelandmore.com\/fr\/wp-json\/wp\/v2\/product_brand?post=103366"},{"taxonomy":"product_cat","embeddable":true,"href":"https:\/\/tourtravelandmore.com\/fr\/wp-json\/wp\/v2\/product_cat?post=103366"},{"taxonomy":"product_tag","embeddable":true,"href":"https:\/\/tourtravelandmore.com\/fr\/wp-json\/wp\/v2\/product_tag?post=103366"}],"curies":[{"name":"wp","href":"https:\/\/api.w.org\/{rel}","templated":true}]}}