{"id":103361,"date":"2019-09-16T00:36:45","date_gmt":"2019-09-15T22:36:45","guid":{"rendered":"https:\/\/tourtravelandmore.com\/tours\/non%20class\u00e9\/visite-privee-de-speicherstadt-et-hafencity\/"},"modified":"2021-03-15T20:25:19","modified_gmt":"2021-03-15T19:25:19","slug":"visite-privee-de-speicherstadt-et-hafencity","status":"publish","type":"product","link":"https:\/\/tourtravelandmore.com\/fr\/tours\/allemagne-fr\/hamburg-fr\/visite-privee-de-speicherstadt-et-hafencity\/","title":{"rendered":"Visite priv\u00e9e de Speicherstadt et HafenCity"},"content":{"rendered":"<h2>Description<\/h2>\n<p>Profitez des magnifiques quartiers de Speicherstadt et de HafenCity, de ses monuments architecturaux et de ses merveilleux sites historiques. Vous aurez un guide officiel priv\u00e9 disponible pour une visite guid\u00e9e de 2 heures. Cette visite priv\u00e9e de Speicherstadt et HafenCity est parfaite pour ceux qui souhaitent en savoir un peu plus sur Hambourg.<\/p>\n<p>Hambourg est la deuxi\u00e8me plus grande ville d&#8217;Allemagne, apr\u00e8s Berlin et la 8e plus grande ville de l&#8217;Union europ\u00e9enne. La ville, l&#8217;une des plus visit\u00e9es d&#8217;Allemagne, est une destination touristique internationale et nationale majeure.<\/p>\n<p>Entre ses principales attractions, Hambourg compte plus de 40 th\u00e9\u00e2tres, 60 mus\u00e9es et 100 salles et clubs de musique. En 2005, plus de 18 millions de personnes ont visit\u00e9 ses concerts, expositions, th\u00e9\u00e2tres, cin\u00e9mas, mus\u00e9es et \u00e9v\u00e9nements culturels. La Reeperbahn de St. Pauli est le quartier de divertissement europ\u00e9en le plus connu.<\/p>\n<p>Il est pr\u00e9vu que ce soit une visite \u00e0 pied, mais si vous pr\u00e9f\u00e9rez, nous pouvons inclure un v\u00e9hicule de luxe priv\u00e9 pour toute la visite. Nous proposons des visites priv\u00e9es et personnalis\u00e9es afin de faire une exp\u00e9rience unique pour vous.<\/p>\n<p>Si vous recherchez une visite plus \u00e9tendue et plus g\u00e9n\u00e9rale, veuillez consulter notre visite priv\u00e9e de la ville de Hambourg.<\/p>\n<h2>Sites d&#8217;int\u00e9r\u00eat et points de rep\u00e8re<\/h2>\n<p>Nous vous rencontrerons \u00e0 votre h\u00f4tel ou lieu de votre choix \u00e0 Hambourg. De l\u00e0, nous commencerons la visite de la place Hamburger Rathaus, en visant initialement Speicherstadt, le plus grand et le plus c\u00e9l\u00e8bre quartier d&#8217;entrep\u00f4ts du monde. Ici, vous d\u00e9couvrirez la fascinante architecture et l\u2019histoire de la Speicherstadt.<\/p>\n<p>Plus tard, lorsque nous atteindrons le quartier moderne de HafenCity, vous apprendrez comment ce quartier est devenu le d\u00e9veloppement de centre-ville le plus ambitieux d&#8217;Europe. De l\u00e0, nous marcherons jusqu&#8217;\u00e0 la salle de concert la plus avanc\u00e9e du monde sur le plan acoustique, l&#8217;Elbphilharmonie.<\/p>\n<p>Au cours de cette visite priv\u00e9e de Speicherstadt et HafenCity, vous pourrez \u00e9galement visiter:<\/p>\n<ul>\n<li>Rathausmarkt<\/li>\n<li>ChiliMaison<\/li>\n<li>Pont de Poggenm\u00fchlen<\/li>\n<li>Wasserschloss<\/li>\n<li>Et bien d&#8217;autres endroits dans cette visite priv\u00e9e<\/li>\n<\/ul>\n<p>Comme nous l&#8217;avons d\u00e9j\u00e0 dit, nous pouvons organiser la dur\u00e9e et les sites de la visite en fonction de vos besoins personnels. Nous pouvons offrir des heures suppl\u00e9mentaires pour satisfaire vos besoins et vos d\u00e9sirs. Veuillez nous indiquer la dur\u00e9e de la visite priv\u00e9e.<\/p>\n<p>Enfin, votre guide officiel priv\u00e9 vous d\u00e9posera dans un lieu central de Hambourg.<\/p>\n","protected":false},"excerpt":{"rendered":"<p>Profitez de vos journ\u00e9es \u00e0 Hambourg et profitez de cette visite priv\u00e9e de Speicherstadt et de HafenCity avec un guide priv\u00e9 local. D\u00e9couvrez l&#8217;histoire de ces quartiers \u00e9tonnants tout en admirant l&#8217;incroyable architecture qu&#8217;ils offrent. Point de rencontre avec le guide dans un endroit central ou dans un h\u00f4tel situ\u00e9 au centre.<\/p>\n<p>&nbsp;<\/p>\n","protected":false},"featured_media":96365,"comment_status":"open","ping_status":"closed","template":"","meta":{"_acf_changed":false},"product_brand":[],"product_cat":[3784],"product_tag":[],"class_list":{"0":"post-103361","1":"product","2":"type-product","3":"status-publish","4":"has-post-thumbnail","6":"product_cat-hamburg-fr","8":"first","9":"instock","10":"shipping-taxable","11":"purchasable","12":"product-type-simple"},"acf":[],"yoast_head":"<!-- This site is optimized with the Yoast SEO Premium plugin v25.3.1 (Yoast SEO v25.3.1) - https:\/\/yoast.com\/wordpress\/plugins\/seo\/ -->\n<title>Visite priv\u00e9e de Speicherstadt et HafenCity avec un guide local<\/title>\n<meta name=\"description\" content=\"Visite priv\u00e9e de Speicherstadt et HafenCity. Profitez des monuments et des sites les plus importants des quartiers les plus incroyables de Hambourg.\" \/>\n<meta name=\"robots\" content=\"index, follow, max-snippet:-1, max-image-preview:large, max-video-preview:-1\" \/>\n<link rel=\"canonical\" href=\"https:\/\/tourtravelandmore.com\/fr\/tours\/allemagne-fr\/hamburg-fr\/visite-privee-de-speicherstadt-et-hafencity\/\" \/>\n<meta property=\"og:locale\" content=\"fr_FR\" \/>\n<meta property=\"og:type\" content=\"article\" \/>\n<meta property=\"og:title\" content=\"Visite priv\u00e9e de Speicherstadt et HafenCity\" \/>\n<meta property=\"og:description\" content=\"Visite priv\u00e9e de Speicherstadt et HafenCity. Profitez des monuments et des sites les plus importants des quartiers les plus incroyables de Hambourg.\" \/>\n<meta property=\"og:url\" content=\"https:\/\/tourtravelandmore.com\/fr\/tours\/allemagne-fr\/hamburg-fr\/visite-privee-de-speicherstadt-et-hafencity\/\" \/>\n<meta property=\"og:site_name\" content=\"Tour Travel And More\" \/>\n<meta property=\"article:publisher\" content=\"https:\/\/www.facebook.com\/tourtravelandmore\/\" \/>\n<meta property=\"article:modified_time\" content=\"2021-03-15T19:25:19+00:00\" \/>\n<meta property=\"og:image\" content=\"https:\/\/tourtravelandmore.com\/wp-content\/uploads\/2019\/09\/speicherstadt.jpg\" \/>\n\t<meta property=\"og:image:width\" content=\"1280\" \/>\n\t<meta property=\"og:image:height\" content=\"853\" \/>\n\t<meta property=\"og:image:type\" content=\"image\/jpeg\" \/>\n<meta name=\"twitter:card\" content=\"summary_large_image\" \/>\n<meta name=\"twitter:site\" content=\"@TourTravel_More\" \/>\n<meta name=\"twitter:label1\" content=\"Dur\u00e9e de lecture estim\u00e9e\" \/>\n\t<meta name=\"twitter:data1\" content=\"2 minutes\" \/>\n<script type=\"application\/ld+json\" class=\"yoast-schema-graph\">{\"@context\":\"https:\/\/schema.org\",\"@graph\":[{\"@type\":\"WebPage\",\"@id\":\"https:\/\/tourtravelandmore.com\/fr\/tours\/allemagne-fr\/hamburg-fr\/visite-privee-de-speicherstadt-et-hafencity\/\",\"url\":\"https:\/\/tourtravelandmore.com\/fr\/tours\/allemagne-fr\/hamburg-fr\/visite-privee-de-speicherstadt-et-hafencity\/\",\"name\":\"Visite priv\u00e9e de Speicherstadt et HafenCity avec un guide local\",\"isPartOf\":{\"@id\":\"https:\/\/tourtravelandmore.com\/fr\/#website\"},\"primaryImageOfPage\":{\"@id\":\"https:\/\/tourtravelandmore.com\/fr\/tours\/allemagne-fr\/hamburg-fr\/visite-privee-de-speicherstadt-et-hafencity\/#primaryimage\"},\"image\":{\"@id\":\"https:\/\/tourtravelandmore.com\/fr\/tours\/allemagne-fr\/hamburg-fr\/visite-privee-de-speicherstadt-et-hafencity\/#primaryimage\"},\"thumbnailUrl\":\"https:\/\/tourtravelandmore.com\/wp-content\/uploads\/2019\/09\/speicherstadt.jpg\",\"datePublished\":\"2019-09-15T22:36:45+00:00\",\"dateModified\":\"2021-03-15T19:25:19+00:00\",\"description\":\"Visite priv\u00e9e de Speicherstadt et HafenCity. Profitez des monuments et des sites les plus importants des quartiers les plus incroyables de Hambourg.\",\"breadcrumb\":{\"@id\":\"https:\/\/tourtravelandmore.com\/fr\/tours\/allemagne-fr\/hamburg-fr\/visite-privee-de-speicherstadt-et-hafencity\/#breadcrumb\"},\"inLanguage\":\"fr-FR\",\"potentialAction\":[{\"@type\":\"ReadAction\",\"target\":[\"https:\/\/tourtravelandmore.com\/fr\/tours\/allemagne-fr\/hamburg-fr\/visite-privee-de-speicherstadt-et-hafencity\/\"]}]},{\"@type\":\"ImageObject\",\"inLanguage\":\"fr-FR\",\"@id\":\"https:\/\/tourtravelandmore.com\/fr\/tours\/allemagne-fr\/hamburg-fr\/visite-privee-de-speicherstadt-et-hafencity\/#primaryimage\",\"url\":\"https:\/\/tourtravelandmore.com\/wp-content\/uploads\/2019\/09\/speicherstadt.jpg\",\"contentUrl\":\"https:\/\/tourtravelandmore.com\/wp-content\/uploads\/2019\/09\/speicherstadt.jpg\",\"width\":1280,\"height\":853},{\"@type\":\"BreadcrumbList\",\"@id\":\"https:\/\/tourtravelandmore.com\/fr\/tours\/allemagne-fr\/hamburg-fr\/visite-privee-de-speicherstadt-et-hafencity\/#breadcrumb\",\"itemListElement\":[{\"@type\":\"ListItem\",\"position\":1,\"name\":\"Home\",\"item\":\"https:\/\/tourtravelandmore.com\/fr\/\"},{\"@type\":\"ListItem\",\"position\":2,\"name\":\"Tours\",\"item\":\"https:\/\/tourtravelandmore.com\/fr\/tours\/\"},{\"@type\":\"ListItem\",\"position\":3,\"name\":\"Visite priv\u00e9e de Speicherstadt et HafenCity\"}]},{\"@type\":\"WebSite\",\"@id\":\"https:\/\/tourtravelandmore.com\/fr\/#website\",\"url\":\"https:\/\/tourtravelandmore.com\/fr\/\",\"name\":\"Tour Travel And More\",\"description\":\"Private sightseeing tours and luxury transfers in Spain\",\"publisher\":{\"@id\":\"https:\/\/tourtravelandmore.com\/fr\/#organization\"},\"potentialAction\":[{\"@type\":\"SearchAction\",\"target\":{\"@type\":\"EntryPoint\",\"urlTemplate\":\"https:\/\/tourtravelandmore.com\/fr\/?s={search_term_string}\"},\"query-input\":{\"@type\":\"PropertyValueSpecification\",\"valueRequired\":true,\"valueName\":\"search_term_string\"}}],\"inLanguage\":\"fr-FR\"},{\"@type\":\"Organization\",\"@id\":\"https:\/\/tourtravelandmore.com\/fr\/#organization\",\"name\":\"Tour Travel And More\",\"url\":\"https:\/\/tourtravelandmore.com\/fr\/\",\"logo\":{\"@type\":\"ImageObject\",\"inLanguage\":\"fr-FR\",\"@id\":\"https:\/\/tourtravelandmore.com\/fr\/#\/schema\/logo\/image\/\",\"url\":\"https:\/\/tourtravelandmore.com\/wp-content\/uploads\/2022\/12\/cropped-logo-cabecera-new.png\",\"contentUrl\":\"https:\/\/tourtravelandmore.com\/wp-content\/uploads\/2022\/12\/cropped-logo-cabecera-new.png\",\"width\":430,\"height\":61,\"caption\":\"Tour Travel And More\"},\"image\":{\"@id\":\"https:\/\/tourtravelandmore.com\/fr\/#\/schema\/logo\/image\/\"},\"sameAs\":[\"https:\/\/www.facebook.com\/tourtravelandmore\/\",\"https:\/\/x.com\/TourTravel_More\"]}]}<\/script>\n<!-- \/ Yoast SEO Premium plugin. -->","yoast_head_json":{"title":"Visite priv\u00e9e de Speicherstadt et HafenCity avec un guide local","description":"Visite priv\u00e9e de Speicherstadt et HafenCity. Profitez des monuments et des sites les plus importants des quartiers les plus incroyables de Hambourg.","robots":{"index":"index","follow":"follow","max-snippet":"max-snippet:-1","max-image-preview":"max-image-preview:large","max-video-preview":"max-video-preview:-1"},"canonical":"https:\/\/tourtravelandmore.com\/fr\/tours\/allemagne-fr\/hamburg-fr\/visite-privee-de-speicherstadt-et-hafencity\/","og_locale":"fr_FR","og_type":"article","og_title":"Visite priv\u00e9e de Speicherstadt et HafenCity","og_description":"Visite priv\u00e9e de Speicherstadt et HafenCity. Profitez des monuments et des sites les plus importants des quartiers les plus incroyables de Hambourg.","og_url":"https:\/\/tourtravelandmore.com\/fr\/tours\/allemagne-fr\/hamburg-fr\/visite-privee-de-speicherstadt-et-hafencity\/","og_site_name":"Tour Travel And More","article_publisher":"https:\/\/www.facebook.com\/tourtravelandmore\/","article_modified_time":"2021-03-15T19:25:19+00:00","og_image":[{"width":1280,"height":853,"url":"https:\/\/tourtravelandmore.com\/wp-content\/uploads\/2019\/09\/speicherstadt.jpg","type":"image\/jpeg"}],"twitter_card":"summary_large_image","twitter_site":"@TourTravel_More","twitter_misc":{"Dur\u00e9e de lecture estim\u00e9e":"2 minutes"},"schema":{"@context":"https:\/\/schema.org","@graph":[{"@type":"WebPage","@id":"https:\/\/tourtravelandmore.com\/fr\/tours\/allemagne-fr\/hamburg-fr\/visite-privee-de-speicherstadt-et-hafencity\/","url":"https:\/\/tourtravelandmore.com\/fr\/tours\/allemagne-fr\/hamburg-fr\/visite-privee-de-speicherstadt-et-hafencity\/","name":"Visite priv\u00e9e de Speicherstadt et HafenCity avec un guide local","isPartOf":{"@id":"https:\/\/tourtravelandmore.com\/fr\/#website"},"primaryImageOfPage":{"@id":"https:\/\/tourtravelandmore.com\/fr\/tours\/allemagne-fr\/hamburg-fr\/visite-privee-de-speicherstadt-et-hafencity\/#primaryimage"},"image":{"@id":"https:\/\/tourtravelandmore.com\/fr\/tours\/allemagne-fr\/hamburg-fr\/visite-privee-de-speicherstadt-et-hafencity\/#primaryimage"},"thumbnailUrl":"https:\/\/tourtravelandmore.com\/wp-content\/uploads\/2019\/09\/speicherstadt.jpg","datePublished":"2019-09-15T22:36:45+00:00","dateModified":"2021-03-15T19:25:19+00:00","description":"Visite priv\u00e9e de Speicherstadt et HafenCity. Profitez des monuments et des sites les plus importants des quartiers les plus incroyables de Hambourg.","breadcrumb":{"@id":"https:\/\/tourtravelandmore.com\/fr\/tours\/allemagne-fr\/hamburg-fr\/visite-privee-de-speicherstadt-et-hafencity\/#breadcrumb"},"inLanguage":"fr-FR","potentialAction":[{"@type":"ReadAction","target":["https:\/\/tourtravelandmore.com\/fr\/tours\/allemagne-fr\/hamburg-fr\/visite-privee-de-speicherstadt-et-hafencity\/"]}]},{"@type":"ImageObject","inLanguage":"fr-FR","@id":"https:\/\/tourtravelandmore.com\/fr\/tours\/allemagne-fr\/hamburg-fr\/visite-privee-de-speicherstadt-et-hafencity\/#primaryimage","url":"https:\/\/tourtravelandmore.com\/wp-content\/uploads\/2019\/09\/speicherstadt.jpg","contentUrl":"https:\/\/tourtravelandmore.com\/wp-content\/uploads\/2019\/09\/speicherstadt.jpg","width":1280,"height":853},{"@type":"BreadcrumbList","@id":"https:\/\/tourtravelandmore.com\/fr\/tours\/allemagne-fr\/hamburg-fr\/visite-privee-de-speicherstadt-et-hafencity\/#breadcrumb","itemListElement":[{"@type":"ListItem","position":1,"name":"Home","item":"https:\/\/tourtravelandmore.com\/fr\/"},{"@type":"ListItem","position":2,"name":"Tours","item":"https:\/\/tourtravelandmore.com\/fr\/tours\/"},{"@type":"ListItem","position":3,"name":"Visite priv\u00e9e de Speicherstadt et HafenCity"}]},{"@type":"WebSite","@id":"https:\/\/tourtravelandmore.com\/fr\/#website","url":"https:\/\/tourtravelandmore.com\/fr\/","name":"Tour Travel And More","description":"Private sightseeing tours and luxury transfers in Spain","publisher":{"@id":"https:\/\/tourtravelandmore.com\/fr\/#organization"},"potentialAction":[{"@type":"SearchAction","target":{"@type":"EntryPoint","urlTemplate":"https:\/\/tourtravelandmore.com\/fr\/?s={search_term_string}"},"query-input":{"@type":"PropertyValueSpecification","valueRequired":true,"valueName":"search_term_string"}}],"inLanguage":"fr-FR"},{"@type":"Organization","@id":"https:\/\/tourtravelandmore.com\/fr\/#organization","name":"Tour Travel And More","url":"https:\/\/tourtravelandmore.com\/fr\/","logo":{"@type":"ImageObject","inLanguage":"fr-FR","@id":"https:\/\/tourtravelandmore.com\/fr\/#\/schema\/logo\/image\/","url":"https:\/\/tourtravelandmore.com\/wp-content\/uploads\/2022\/12\/cropped-logo-cabecera-new.png","contentUrl":"https:\/\/tourtravelandmore.com\/wp-content\/uploads\/2022\/12\/cropped-logo-cabecera-new.png","width":430,"height":61,"caption":"Tour Travel And More"},"image":{"@id":"https:\/\/tourtravelandmore.com\/fr\/#\/schema\/logo\/image\/"},"sameAs":["https:\/\/www.facebook.com\/tourtravelandmore\/","https:\/\/x.com\/TourTravel_More"]}]}},"_links":{"self":[{"href":"https:\/\/tourtravelandmore.com\/fr\/wp-json\/wp\/v2\/product\/103361","targetHints":{"allow":["GET"]}}],"collection":[{"href":"https:\/\/tourtravelandmore.com\/fr\/wp-json\/wp\/v2\/product"}],"about":[{"href":"https:\/\/tourtravelandmore.com\/fr\/wp-json\/wp\/v2\/types\/product"}],"replies":[{"embeddable":true,"href":"https:\/\/tourtravelandmore.com\/fr\/wp-json\/wp\/v2\/comments?post=103361"}],"wp:featuredmedia":[{"embeddable":true,"href":"https:\/\/tourtravelandmore.com\/fr\/wp-json\/wp\/v2\/media\/96365"}],"wp:attachment":[{"href":"https:\/\/tourtravelandmore.com\/fr\/wp-json\/wp\/v2\/media?parent=103361"}],"wp:term":[{"taxonomy":"product_brand","embeddable":true,"href":"https:\/\/tourtravelandmore.com\/fr\/wp-json\/wp\/v2\/product_brand?post=103361"},{"taxonomy":"product_cat","embeddable":true,"href":"https:\/\/tourtravelandmore.com\/fr\/wp-json\/wp\/v2\/product_cat?post=103361"},{"taxonomy":"product_tag","embeddable":true,"href":"https:\/\/tourtravelandmore.com\/fr\/wp-json\/wp\/v2\/product_tag?post=103361"}],"curies":[{"name":"wp","href":"https:\/\/api.w.org\/{rel}","templated":true}]}}