{"id":103356,"date":"2019-09-15T22:30:55","date_gmt":"2019-09-15T20:30:55","guid":{"rendered":"https:\/\/tourtravelandmore.com\/tours\/non%20class\u00e9\/visite-privee-de-hambourg\/"},"modified":"2021-03-15T20:24:12","modified_gmt":"2021-03-15T19:24:12","slug":"visite-privee-de-hambourg","status":"publish","type":"product","link":"https:\/\/tourtravelandmore.com\/fr\/tours\/allemagne-fr\/hamburg-fr\/visite-privee-de-hambourg\/","title":{"rendered":"Visite priv\u00e9e de Hambourg"},"content":{"rendered":"<h2>Description<\/h2>\n<p>Profitez de la vieille ville de Hambourg, de ses nombreuses \u00e9glises et de ses merveilleux sites historiques lors de cette visite priv\u00e9e de Hambourg. Vous serez accompagn\u00e9 d&#8217;un guide officiel priv\u00e9, confortablement dans un v\u00e9hicule de luxe priv\u00e9 avec chauffeur.<\/p>\n<p>Pour rendre cette exp\u00e9rience plus facile et plus confortable pour vous, nous vous rencontrerons \u00e0 votre h\u00f4tel ou lieu de votre choix \u00e0 Hambourg.<\/p>\n<p>Hambourg est la deuxi\u00e8me plus grande ville d&#8217;Allemagne, apr\u00e8s Berlin et la 8e plus grande ville de l&#8217;Union europ\u00e9enne. La ville, l&#8217;une des plus visit\u00e9es d&#8217;Allemagne, est une destination touristique internationale et nationale majeure.<\/p>\n<p>Entre ses principales attractions, Hambourg compte plus de 40 th\u00e9\u00e2tres, 60 mus\u00e9es et 100 salles et clubs de musique. En 2005, plus de 18 millions de personnes ont visit\u00e9 ses concerts, expositions, th\u00e9\u00e2tres, cin\u00e9mas, mus\u00e9es et \u00e9v\u00e9nements culturels. La Reeperbahn de St. Pauli est le quartier de divertissement europ\u00e9en le plus connu.<\/p>\n<p>Votre guide priv\u00e9 est professionnel, officiel et a beaucoup de connaissances sur l&#8217;histoire et la ville. Vous passerez un bon moment avec votre guide et votre chauffeur tout en d\u00e9couvrant cette ville unique.<\/p>\n<p>Cette visite peut \u00e9galement \u00eatre effectu\u00e9e uniquement avec un guide officiel priv\u00e9, jetez un \u0153il \u00e0 notre visite priv\u00e9e \u00e0 pied de Hambourg.<\/p>\n<h2>Sites d&#8217;int\u00e9r\u00eat et points de rep\u00e8re<\/h2>\n<p>Vous rencontrerez votre guide et votre chauffeur priv\u00e9 \u00e0 votre h\u00f4tel ou \u00e0 l&#8217;endroit souhait\u00e9 \u00e0 Hambourg. Comme il s&#8217;agit d&#8217;une visite priv\u00e9e, vous pouvez choisir le point de rendez-vous et l&#8217;heure de d\u00e9part.<\/p>\n<p>\u00c0 Hambourg, nous verrons l&#8217;impressionnant style m\u00e9di\u00e9val de l&#8217;architecture de la ville, o\u00f9 votre premier arr\u00eat sera Alstster Arkaden. L&#8217;Arkaden abrite des boutiques, des caf\u00e9s et des restaurants, est un endroit populaire pour les r\u00e9sidents locaux pour d\u00e9jeuner au bord de l&#8217;eau. Ensuite, nous continuerons vers la rue commer\u00e7ante Neuer Wall dans la vieille ville de Hambourg, o\u00f9 vous pourrez faire un achat rapide dans l&#8217;un de ses nombreux magasins. Plus tard, nous aurons une vue magnifique et relaxante sur le lac Alster.<\/p>\n<p>Nous pouvons faire une pause \u00e0 M\u00f6nckebergstra\u00dfe et prendre un petit d\u00e9jeuner pour reprendre des \u00e9nergies et continuer notre visite priv\u00e9e. Notre dernier arr\u00eat, mais non le moindre, sera le quartier de Hafen City \u00e0 Hambourg, avec une gamme d&#8217;attractions mus\u00e9ales originales, y compris un train miniature et un mus\u00e9e des \u00e9pices sur Am Sandtorkai. Le joyau de la ville de Hafen est la salle philharmonique de l&#8217;Elbe.<\/p>\n<p>Lors de votre visite priv\u00e9e de Hambourg, vous d\u00e9couvrirez certains des sites les plus embl\u00e9matiques de la ville. Nous vous proposons \u00e9galement de visiter les lieux suivants:<\/p>\n<ul>\n<li>Hamburger Rathaus<\/li>\n<li>Mur Neuer<\/li>\n<li>Quartier hans\u00e9atique<\/li>\n<li>Lombardsbruecke<\/li>\n<li>Hamburger Kunsthalle<\/li>\n<li>Spitalerstra\u00dfe<\/li>\n<li>\u00c9glise Saint-Pierre<\/li>\n<li>\u00c9glise de Saint-Nicolas<\/li>\n<li>Pays des merveilles miniature<\/li>\n<li>Mus\u00e9e \u00e9pic\u00e9<\/li>\n<li>et bien d&#8217;autres endroits<\/li>\n<\/ul>\n<p>Enfin, \u00e0 la fin de la visite, votre chauffeur et guide priv\u00e9 vous ram\u00e8nera \u00e0 votre h\u00f4tel ou \u00e0 votre point de d\u00e9part \u00e0 Hambourg.<\/p>\n","protected":false},"excerpt":{"rendered":"<p>Hambourg est une ville formidable qui vaut la peine d&#8217;\u00eatre visit\u00e9e, alors profitez de vos journ\u00e9es en Allemagne et profitez de cette visite priv\u00e9e de la ville de Hambourg avec un chauffeur priv\u00e9 et un guide officiel. Vous serez pris en charge \u00e0 votre h\u00f4tel ou lieu de votre choix \u00e0 Hambourg dans un v\u00e9hicule de luxe priv\u00e9 pour une exp\u00e9rience plus confortable.<\/p>\n","protected":false},"featured_media":96351,"comment_status":"open","ping_status":"closed","template":"","meta":{"_acf_changed":false},"product_brand":[],"product_cat":[3784],"product_tag":[],"class_list":{"0":"post-103356","1":"product","2":"type-product","3":"status-publish","4":"has-post-thumbnail","6":"product_cat-hamburg-fr","8":"first","9":"instock","10":"shipping-taxable","11":"purchasable","12":"product-type-simple"},"acf":[],"yoast_head":"<!-- This site is optimized with the Yoast SEO Premium plugin v25.3.1 (Yoast SEO v25.3.1) - https:\/\/yoast.com\/wordpress\/plugins\/seo\/ -->\n<title>Visite priv\u00e9e de Hambourg avec un guide local et un chauffeur priv\u00e9<\/title>\n<meta name=\"description\" content=\"Visite priv\u00e9e de Hambourg. Profitez des monuments et des sites les plus importants de la ville de Hambourg et de ses impressionnantes rues urbaines avec votre guide.\" \/>\n<meta name=\"robots\" content=\"index, follow, max-snippet:-1, max-image-preview:large, max-video-preview:-1\" \/>\n<link rel=\"canonical\" href=\"https:\/\/tourtravelandmore.com\/fr\/tours\/allemagne-fr\/hamburg-fr\/visite-privee-de-hambourg\/\" \/>\n<meta property=\"og:locale\" content=\"fr_FR\" \/>\n<meta property=\"og:type\" content=\"article\" \/>\n<meta property=\"og:title\" content=\"Visite priv\u00e9e de Hambourg\" \/>\n<meta property=\"og:description\" content=\"Visite priv\u00e9e de Hambourg. Profitez des monuments et des sites les plus importants de la ville de Hambourg et de ses impressionnantes rues urbaines avec votre guide.\" \/>\n<meta property=\"og:url\" content=\"https:\/\/tourtravelandmore.com\/fr\/tours\/allemagne-fr\/hamburg-fr\/visite-privee-de-hambourg\/\" \/>\n<meta property=\"og:site_name\" content=\"Tour Travel And More\" \/>\n<meta property=\"article:publisher\" content=\"https:\/\/www.facebook.com\/tourtravelandmore\/\" \/>\n<meta property=\"article:modified_time\" content=\"2021-03-15T19:24:12+00:00\" \/>\n<meta property=\"og:image\" content=\"https:\/\/tourtravelandmore.com\/wp-content\/uploads\/2019\/09\/hamburg.2.jpg\" \/>\n\t<meta property=\"og:image:width\" content=\"1024\" \/>\n\t<meta property=\"og:image:height\" content=\"679\" \/>\n\t<meta property=\"og:image:type\" content=\"image\/jpeg\" \/>\n<meta name=\"twitter:card\" content=\"summary_large_image\" \/>\n<meta name=\"twitter:site\" content=\"@TourTravel_More\" \/>\n<meta name=\"twitter:label1\" content=\"Dur\u00e9e de lecture estim\u00e9e\" \/>\n\t<meta name=\"twitter:data1\" content=\"3 minutes\" \/>\n<script type=\"application\/ld+json\" class=\"yoast-schema-graph\">{\"@context\":\"https:\/\/schema.org\",\"@graph\":[{\"@type\":\"WebPage\",\"@id\":\"https:\/\/tourtravelandmore.com\/fr\/tours\/allemagne-fr\/hamburg-fr\/visite-privee-de-hambourg\/\",\"url\":\"https:\/\/tourtravelandmore.com\/fr\/tours\/allemagne-fr\/hamburg-fr\/visite-privee-de-hambourg\/\",\"name\":\"Visite priv\u00e9e de Hambourg avec un guide local et un chauffeur priv\u00e9\",\"isPartOf\":{\"@id\":\"https:\/\/tourtravelandmore.com\/fr\/#website\"},\"primaryImageOfPage\":{\"@id\":\"https:\/\/tourtravelandmore.com\/fr\/tours\/allemagne-fr\/hamburg-fr\/visite-privee-de-hambourg\/#primaryimage\"},\"image\":{\"@id\":\"https:\/\/tourtravelandmore.com\/fr\/tours\/allemagne-fr\/hamburg-fr\/visite-privee-de-hambourg\/#primaryimage\"},\"thumbnailUrl\":\"https:\/\/tourtravelandmore.com\/wp-content\/uploads\/2019\/09\/hamburg.2.jpg\",\"datePublished\":\"2019-09-15T20:30:55+00:00\",\"dateModified\":\"2021-03-15T19:24:12+00:00\",\"description\":\"Visite priv\u00e9e de Hambourg. Profitez des monuments et des sites les plus importants de la ville de Hambourg et de ses impressionnantes rues urbaines avec votre guide.\",\"breadcrumb\":{\"@id\":\"https:\/\/tourtravelandmore.com\/fr\/tours\/allemagne-fr\/hamburg-fr\/visite-privee-de-hambourg\/#breadcrumb\"},\"inLanguage\":\"fr-FR\",\"potentialAction\":[{\"@type\":\"ReadAction\",\"target\":[\"https:\/\/tourtravelandmore.com\/fr\/tours\/allemagne-fr\/hamburg-fr\/visite-privee-de-hambourg\/\"]}]},{\"@type\":\"ImageObject\",\"inLanguage\":\"fr-FR\",\"@id\":\"https:\/\/tourtravelandmore.com\/fr\/tours\/allemagne-fr\/hamburg-fr\/visite-privee-de-hambourg\/#primaryimage\",\"url\":\"https:\/\/tourtravelandmore.com\/wp-content\/uploads\/2019\/09\/hamburg.2.jpg\",\"contentUrl\":\"https:\/\/tourtravelandmore.com\/wp-content\/uploads\/2019\/09\/hamburg.2.jpg\",\"width\":1024,\"height\":679},{\"@type\":\"BreadcrumbList\",\"@id\":\"https:\/\/tourtravelandmore.com\/fr\/tours\/allemagne-fr\/hamburg-fr\/visite-privee-de-hambourg\/#breadcrumb\",\"itemListElement\":[{\"@type\":\"ListItem\",\"position\":1,\"name\":\"Home\",\"item\":\"https:\/\/tourtravelandmore.com\/fr\/\"},{\"@type\":\"ListItem\",\"position\":2,\"name\":\"Tours\",\"item\":\"https:\/\/tourtravelandmore.com\/fr\/tours\/\"},{\"@type\":\"ListItem\",\"position\":3,\"name\":\"Visite priv\u00e9e de Hambourg\"}]},{\"@type\":\"WebSite\",\"@id\":\"https:\/\/tourtravelandmore.com\/fr\/#website\",\"url\":\"https:\/\/tourtravelandmore.com\/fr\/\",\"name\":\"Tour Travel And More\",\"description\":\"Private sightseeing tours and luxury transfers in Spain\",\"publisher\":{\"@id\":\"https:\/\/tourtravelandmore.com\/fr\/#organization\"},\"potentialAction\":[{\"@type\":\"SearchAction\",\"target\":{\"@type\":\"EntryPoint\",\"urlTemplate\":\"https:\/\/tourtravelandmore.com\/fr\/?s={search_term_string}\"},\"query-input\":{\"@type\":\"PropertyValueSpecification\",\"valueRequired\":true,\"valueName\":\"search_term_string\"}}],\"inLanguage\":\"fr-FR\"},{\"@type\":\"Organization\",\"@id\":\"https:\/\/tourtravelandmore.com\/fr\/#organization\",\"name\":\"Tour Travel And More\",\"url\":\"https:\/\/tourtravelandmore.com\/fr\/\",\"logo\":{\"@type\":\"ImageObject\",\"inLanguage\":\"fr-FR\",\"@id\":\"https:\/\/tourtravelandmore.com\/fr\/#\/schema\/logo\/image\/\",\"url\":\"https:\/\/tourtravelandmore.com\/wp-content\/uploads\/2022\/12\/cropped-logo-cabecera-new.png\",\"contentUrl\":\"https:\/\/tourtravelandmore.com\/wp-content\/uploads\/2022\/12\/cropped-logo-cabecera-new.png\",\"width\":430,\"height\":61,\"caption\":\"Tour Travel And More\"},\"image\":{\"@id\":\"https:\/\/tourtravelandmore.com\/fr\/#\/schema\/logo\/image\/\"},\"sameAs\":[\"https:\/\/www.facebook.com\/tourtravelandmore\/\",\"https:\/\/x.com\/TourTravel_More\"]}]}<\/script>\n<!-- \/ Yoast SEO Premium plugin. -->","yoast_head_json":{"title":"Visite priv\u00e9e de Hambourg avec un guide local et un chauffeur priv\u00e9","description":"Visite priv\u00e9e de Hambourg. Profitez des monuments et des sites les plus importants de la ville de Hambourg et de ses impressionnantes rues urbaines avec votre guide.","robots":{"index":"index","follow":"follow","max-snippet":"max-snippet:-1","max-image-preview":"max-image-preview:large","max-video-preview":"max-video-preview:-1"},"canonical":"https:\/\/tourtravelandmore.com\/fr\/tours\/allemagne-fr\/hamburg-fr\/visite-privee-de-hambourg\/","og_locale":"fr_FR","og_type":"article","og_title":"Visite priv\u00e9e de Hambourg","og_description":"Visite priv\u00e9e de Hambourg. Profitez des monuments et des sites les plus importants de la ville de Hambourg et de ses impressionnantes rues urbaines avec votre guide.","og_url":"https:\/\/tourtravelandmore.com\/fr\/tours\/allemagne-fr\/hamburg-fr\/visite-privee-de-hambourg\/","og_site_name":"Tour Travel And More","article_publisher":"https:\/\/www.facebook.com\/tourtravelandmore\/","article_modified_time":"2021-03-15T19:24:12+00:00","og_image":[{"width":1024,"height":679,"url":"https:\/\/tourtravelandmore.com\/wp-content\/uploads\/2019\/09\/hamburg.2.jpg","type":"image\/jpeg"}],"twitter_card":"summary_large_image","twitter_site":"@TourTravel_More","twitter_misc":{"Dur\u00e9e de lecture estim\u00e9e":"3 minutes"},"schema":{"@context":"https:\/\/schema.org","@graph":[{"@type":"WebPage","@id":"https:\/\/tourtravelandmore.com\/fr\/tours\/allemagne-fr\/hamburg-fr\/visite-privee-de-hambourg\/","url":"https:\/\/tourtravelandmore.com\/fr\/tours\/allemagne-fr\/hamburg-fr\/visite-privee-de-hambourg\/","name":"Visite priv\u00e9e de Hambourg avec un guide local et un chauffeur priv\u00e9","isPartOf":{"@id":"https:\/\/tourtravelandmore.com\/fr\/#website"},"primaryImageOfPage":{"@id":"https:\/\/tourtravelandmore.com\/fr\/tours\/allemagne-fr\/hamburg-fr\/visite-privee-de-hambourg\/#primaryimage"},"image":{"@id":"https:\/\/tourtravelandmore.com\/fr\/tours\/allemagne-fr\/hamburg-fr\/visite-privee-de-hambourg\/#primaryimage"},"thumbnailUrl":"https:\/\/tourtravelandmore.com\/wp-content\/uploads\/2019\/09\/hamburg.2.jpg","datePublished":"2019-09-15T20:30:55+00:00","dateModified":"2021-03-15T19:24:12+00:00","description":"Visite priv\u00e9e de Hambourg. Profitez des monuments et des sites les plus importants de la ville de Hambourg et de ses impressionnantes rues urbaines avec votre guide.","breadcrumb":{"@id":"https:\/\/tourtravelandmore.com\/fr\/tours\/allemagne-fr\/hamburg-fr\/visite-privee-de-hambourg\/#breadcrumb"},"inLanguage":"fr-FR","potentialAction":[{"@type":"ReadAction","target":["https:\/\/tourtravelandmore.com\/fr\/tours\/allemagne-fr\/hamburg-fr\/visite-privee-de-hambourg\/"]}]},{"@type":"ImageObject","inLanguage":"fr-FR","@id":"https:\/\/tourtravelandmore.com\/fr\/tours\/allemagne-fr\/hamburg-fr\/visite-privee-de-hambourg\/#primaryimage","url":"https:\/\/tourtravelandmore.com\/wp-content\/uploads\/2019\/09\/hamburg.2.jpg","contentUrl":"https:\/\/tourtravelandmore.com\/wp-content\/uploads\/2019\/09\/hamburg.2.jpg","width":1024,"height":679},{"@type":"BreadcrumbList","@id":"https:\/\/tourtravelandmore.com\/fr\/tours\/allemagne-fr\/hamburg-fr\/visite-privee-de-hambourg\/#breadcrumb","itemListElement":[{"@type":"ListItem","position":1,"name":"Home","item":"https:\/\/tourtravelandmore.com\/fr\/"},{"@type":"ListItem","position":2,"name":"Tours","item":"https:\/\/tourtravelandmore.com\/fr\/tours\/"},{"@type":"ListItem","position":3,"name":"Visite priv\u00e9e de Hambourg"}]},{"@type":"WebSite","@id":"https:\/\/tourtravelandmore.com\/fr\/#website","url":"https:\/\/tourtravelandmore.com\/fr\/","name":"Tour Travel And More","description":"Private sightseeing tours and luxury transfers in Spain","publisher":{"@id":"https:\/\/tourtravelandmore.com\/fr\/#organization"},"potentialAction":[{"@type":"SearchAction","target":{"@type":"EntryPoint","urlTemplate":"https:\/\/tourtravelandmore.com\/fr\/?s={search_term_string}"},"query-input":{"@type":"PropertyValueSpecification","valueRequired":true,"valueName":"search_term_string"}}],"inLanguage":"fr-FR"},{"@type":"Organization","@id":"https:\/\/tourtravelandmore.com\/fr\/#organization","name":"Tour Travel And More","url":"https:\/\/tourtravelandmore.com\/fr\/","logo":{"@type":"ImageObject","inLanguage":"fr-FR","@id":"https:\/\/tourtravelandmore.com\/fr\/#\/schema\/logo\/image\/","url":"https:\/\/tourtravelandmore.com\/wp-content\/uploads\/2022\/12\/cropped-logo-cabecera-new.png","contentUrl":"https:\/\/tourtravelandmore.com\/wp-content\/uploads\/2022\/12\/cropped-logo-cabecera-new.png","width":430,"height":61,"caption":"Tour Travel And More"},"image":{"@id":"https:\/\/tourtravelandmore.com\/fr\/#\/schema\/logo\/image\/"},"sameAs":["https:\/\/www.facebook.com\/tourtravelandmore\/","https:\/\/x.com\/TourTravel_More"]}]}},"_links":{"self":[{"href":"https:\/\/tourtravelandmore.com\/fr\/wp-json\/wp\/v2\/product\/103356","targetHints":{"allow":["GET"]}}],"collection":[{"href":"https:\/\/tourtravelandmore.com\/fr\/wp-json\/wp\/v2\/product"}],"about":[{"href":"https:\/\/tourtravelandmore.com\/fr\/wp-json\/wp\/v2\/types\/product"}],"replies":[{"embeddable":true,"href":"https:\/\/tourtravelandmore.com\/fr\/wp-json\/wp\/v2\/comments?post=103356"}],"wp:featuredmedia":[{"embeddable":true,"href":"https:\/\/tourtravelandmore.com\/fr\/wp-json\/wp\/v2\/media\/96351"}],"wp:attachment":[{"href":"https:\/\/tourtravelandmore.com\/fr\/wp-json\/wp\/v2\/media?parent=103356"}],"wp:term":[{"taxonomy":"product_brand","embeddable":true,"href":"https:\/\/tourtravelandmore.com\/fr\/wp-json\/wp\/v2\/product_brand?post=103356"},{"taxonomy":"product_cat","embeddable":true,"href":"https:\/\/tourtravelandmore.com\/fr\/wp-json\/wp\/v2\/product_cat?post=103356"},{"taxonomy":"product_tag","embeddable":true,"href":"https:\/\/tourtravelandmore.com\/fr\/wp-json\/wp\/v2\/product_tag?post=103356"}],"curies":[{"name":"wp","href":"https:\/\/api.w.org\/{rel}","templated":true}]}}