{"id":103322,"date":"2020-11-05T11:11:35","date_gmt":"2020-11-05T10:11:35","guid":{"rendered":"https:\/\/tourtravelandmore.com\/tours\/non%20class\u00e9\/visite-privee-de-la-ville-de-quebec-au-depart-de-montreal\/"},"modified":"2021-03-15T20:11:25","modified_gmt":"2021-03-15T19:11:25","slug":"visite-privee-de-la-ville-de-quebec-au-depart-de-montreal","status":"publish","type":"product","link":"https:\/\/tourtravelandmore.com\/fr\/tours\/canada-fr\/montreal-fr\/visite-privee-de-la-ville-de-quebec-au-depart-de-montreal\/","title":{"rendered":"Visite priv\u00e9e de la ville de Qu\u00e9bec au d\u00e9part de Montr\u00e9al"},"content":{"rendered":"<h2>Description<\/h2>\n<p>Faites cette visite priv\u00e9e de la ville de Qu\u00e9bec au d\u00e9part de Montr\u00e9al et dirigez-vous vers la capitale de la province canadienne du Qu\u00e9bec.<\/p>\n<p>Partez confortablement de Montr\u00e9al avec notre chauffeur priv\u00e9. Nous organiserons le ramassage de n&#8217;importe quel endroit \u00e0 Montr\u00e9al. Nous nous dirigerons ensuite vers Qu\u00e9bec. Une fois arriv\u00e9s \u00e0 Qu\u00e9bec, nous rencontrerons votre guide priv\u00e9 et s\u00e9par\u00e9. Vous profiterez d&#8217;une visite de la ville de Qu\u00e9bec de 4 heures.<\/p>\n<p>Le trajet vers Qu\u00e9bec durera un peu moins de 3 heures. Vous aurez ensuite le temps de manger un morceau et de profiter d&#8217;une visite guid\u00e9e de 4 heures de la ville de Qu\u00e9bec. Le retour en voiture durera 3 heures. Nous inclurons \u00e9galement un arr\u00eat \u00e0 la chute Montmorency. Cette visite aura une dur\u00e9e totale de 12 heures.<\/p>\n<p>L&#8217;histoire fran\u00e7aise du Canada remonte \u00e0 environ 400 ans. Pour cette visite priv\u00e9e, nous inclurons une visite de la ville de Qu\u00e9bec ainsi que des chutes Montmorency. Profitez du charme de Qu\u00e9bec et de la vieille ville.<\/p>\n<p>Apr\u00e8s la visite, nous vous d\u00e9poserons \u00e0 votre h\u00f4tel dans la ville de Montr\u00e9al.<\/p>\n<h2>Sites d&#8217;int\u00e9r\u00eat et monuments<\/h2>\n<p>Tout d&#8217;abord, nous organiserons une prise en charge confortable \u00e0 partir de l&#8217;endroit de votre choix \u00e0 Montr\u00e9al. Une fois \u00e0 Qu\u00e9bec, profitez d&#8217;une visite guid\u00e9e de 4 heures de la ville.<\/p>\n<p>Qu\u00e9bec est la capitale de la province de Qu\u00e9bec. C&#8217;est une destination vraiment unique avec tellement d&#8217;histoire, d&#8217;architecture et de culture incroyable! Profitez \u00e9galement de superbes vues panoramiques sur le fleuve Saint-Laurent et les Laurentides. C&#8217;est une destination touristique de choix!<\/p>\n<p>Voici quelques exemples de choses \u00e0 savourer dans la ville de Qu\u00e9bec:<\/p>\n<ul>\n<li>Vieux Qu\u00e9bec<\/li>\n<li>Remparts fortifi\u00e9s de Qu\u00e9bec et Citadelle. L&#8217;enceinte fortifi\u00e9e de la ville est la derni\u00e8re en Am\u00e9rique du Nord.<\/li>\n<li>Ville haute de Qu\u00e9bec<\/li>\n<li>Ch\u00e2teau Frontenac<\/li>\n<li>S\u00e9minaire de Qu\u00e9bec<\/li>\n<li>Couvent des Ursulines<\/li>\n<li>H\u00f4tel-Dieu de Qu\u00e9bec<\/li>\n<li>Ville basse<\/li>\n<li>Notre Dame des Victoires<\/li>\n<li>Place de Paris<\/li>\n<li>Gare du Palais<\/li>\n<li>Vue du Centre Morrin. Il s&#8217;agissait de la premi\u00e8re prison situ\u00e9e \u00e0 Qu\u00e9bec. Aujourd&#8217;hui, ce n&#8217;est plus une prison. C&#8217;est un mus\u00e9e et une biblioth\u00e8que anglaise. Ce b\u00e2timent date de 1712. Il s&#8217;agit d&#8217;un lieu historique national du Canada.<\/li>\n<li>Vue du b\u00e2timent du parlement<\/li>\n<li>Basilique de Sainte-Anne-de Beaupr\u00e9: c&#8217;est une basilique n\u00e9o-romane.<\/li>\n<li>Quartier du Petit Champlain<\/li>\n<li>Br\u00e8ve visite aux chutes Montmorency. Ces chutes ont une hauteur de 84 m\u00e8tres. L&#8217;une des ic\u00f4nes de la ville de Qu\u00e9bec.\n<ul>\n<li>Ils sont encore plus grands que les c\u00e9l\u00e8bres chutes du Niagara<\/li>\n<\/ul>\n<\/li>\n<\/ul>\n<p>Vous aurez le temps de manger un morceau et nous vous ram\u00e8nerons vers Montr\u00e9al pour terminer cette visite priv\u00e9e de la ville de Qu\u00e9bec au d\u00e9part de Montr\u00e9al.<\/p>\n<p>Jetez un \u0153il \u00e0 toutes nos visites priv\u00e9es de Montr\u00e9al et de Montr\u00e9al!<\/p>\n<p><button style=\"width: auto; height: auto; background-image: url('data:image\/png;base64,iVBORw0KGgoAAAANSUhEUgAAADAAAAAwCAYAAABXAvmHAAABS2lUWHRYTUw6Y29tLmFkb2JlLnhtcAAAAAAAPD94cGFja2V0IGJlZ2luPSLvu78iIGlkPSJXNU0wTXBDZWhpSHpyZVN6TlRjemtjOWQiPz4KPHg6eG1wbWV0YSB4bWxuczp4PSJhZG9iZTpuczptZXRhLyIgeDp4bXB0az0iQWRvYmUgWE1QIENvcmUgNS42LWMxMzggNzkuMTU5ODI0LCAyMDE2LzA5LzE0LTAxOjA5OjAxICAgICAgICAiPgogPHJkZjpSREYgeG1sbnM6cmRmPSJodHRwOi8vd3d3LnczLm9yZy8xOTk5LzAyLzIyLXJkZi1zeW50YXgtbnMjIj4KICA8cmRmOkRlc2NyaXB0aW9uIHJkZjphYm91dD0iIi8+CiA8L3JkZjpSREY+CjwveDp4bXBtZXRhPgo8P3hwYWNrZXQgZW5kPSJyIj8+IEmuOgAAAx5JREFUaIHtmj1L81wYx39JI75AbYtgBTFTRdQGXV2cxMlPICjiakHE0cVJB5FO4uLgN1AnZ\/0EgoLQtd6tL6hJIwia9DzDg6Wxpcb7hMTe+INCz+t1\/TnJuU7OOYoQ4g8Qpz2xFSGEiNoLGVTAjtoJCWw1ag9k0eoTQgg2NzcplUp0dHRE5VNTHMdB0zTy+TydnZ21fI8Ay7K4vr4ml8uRSqVCd7IVQgjW19cpFAoYhlHLbxiBTCbD9PR06A76YXx8HNd1PXmed0BRFBzHwTTNUB3zy\/v7O7FYzJPX9i\/xr4Co0b6u0prj42Pu7u5a1unp6UHXdSYmJkgmk7ImPUgLWFlZoVQq+aqbSCSYn59ne3ubRCIhaxoI4BHSdd13Xcuy2N\/fxzCML0fNL9IjoChK7f\/p6Smjo6MNdWzb5vz8nI2NDUzTpFgsMjMzw+Xlpax5eQH1TE5OMjAw0LQsm80yNzdHNpvFtm2urq44PDxkaWlJymags9D9\/X3Lcl3X2dnZqaX39vakbYY+jS4uLtLV1QXAxcUFlUpFqr\/QBXR3d9Pf3w\/8v8J8fn6W6i90Aa7r8vT0BEAsFpOeTkMXcHJywsvLCwAjIyPSgS1QAb29vS3LHx4eyOVytfTy8rK0zUAFPD4+8vb25vm9vr5SLBY5ODjAMAzK5TIAQ0NDrK6uStsMNA7Mzs42rNfrn\/kP0uk0Z2dnaJq8+UAFfHb0M6qqsrCwwO7uLn19fYHYDFTA2tpa00isaRqDg4NMTU19a+3kh0AFbG1t1YJUWAT6EhcKhSC780Xbf5H9CoiaXwFRIy2gPng5jiPb3beRjgPDw8NYlgUQegyAAAQcHR3xccgTxNrmu0hbjMJpj32ZxkIITNOkWq16tlf8tlVVlWQy+e229UgLKJfLuK77VwI+PikjE6CqKmNjYzJdSPPvxQFVVT2HaD8JVVX5fKzdcEZWLpe5vb39cYd8ADc3Nw1nZB4B8XicdDpNPp+PJCi1wnEcUqkUmUzGk68IISp8uitRqVSoVqth+ueLJntIdtNZ6Kv9nZ9E21\/20IASbXzd5j\/MIQu2KoJrJwAAAABJRU5ErkJggg=='); background-size: 14px 14px; background-color: #000000; position: absolute; opacity: 1; z-index: 86753099; display: none; cursor: pointer; border: none; border-top-left-radius: 3px; border-top-right-radius: 3px; border-bottom-right-radius: 3px; border-bottom-left-radius: 3px; text-indent: 20px; padding: 0px 4px 0px 0px; text-align: center; font-style: normal; font-variant-caps: normal; font-weight: bold; font-stretch: normal; font-size: 11px; line-height: 20px; font-family: 'Helvetica Neue', Helvetica, sans-serif; color: #ffffff; text-transform: capitalize; -webkit-font-smoothing: antialiased; top: 1397px; left: 563px; background-position: 3px 50%; background-repeat: no-repeat no-repeat;\">plan it<\/button><\/p>\n","protected":false},"excerpt":{"rendered":"<p>Faites cette visite priv\u00e9e de la ville de Qu\u00e9bec au d\u00e9part de Montr\u00e9al et courez la chance de profiter du meilleur de Qu\u00e9bec. C&#8217;est une belle excursion d&#8217;une journ\u00e9e au d\u00e9part de Montr\u00e9al.<\/p>\n","protected":false},"featured_media":86182,"comment_status":"open","ping_status":"closed","template":"","meta":{"_acf_changed":false},"product_brand":[],"product_cat":[3751,3780,3547],"product_tag":[],"class_list":{"0":"post-103322","1":"product","2":"type-product","3":"status-publish","4":"has-post-thumbnail","6":"product_cat-canada-fr","7":"product_cat-montreal-fr","8":"product_cat-etats-unis-fr","10":"first","11":"instock","12":"shipping-taxable","13":"purchasable","14":"product-type-simple"},"acf":[],"yoast_head":"<!-- This site is optimized with the Yoast SEO Premium plugin v25.3.1 (Yoast SEO v25.3.1) - https:\/\/yoast.com\/wordpress\/plugins\/seo\/ -->\n<title>Visite priv\u00e9e de la ville de Qu\u00e9bec au d\u00e9part de Montr\u00e9al avec un v\u00e9hicule et un guide touristique<\/title>\n<meta name=\"description\" content=\"Faites cette visite priv\u00e9e de la ville de Qu\u00e9bec au d\u00e9part de Montr\u00e9al et courez la chance de profiter du meilleur de Qu\u00e9bec. C&#039;est une belle excursion d&#039;une journ\u00e9e au d\u00e9part de Montr\u00e9al.\" \/>\n<meta name=\"robots\" content=\"index, follow, max-snippet:-1, max-image-preview:large, max-video-preview:-1\" \/>\n<link rel=\"canonical\" href=\"https:\/\/tourtravelandmore.com\/fr\/tours\/canada-fr\/montreal-fr\/visite-privee-de-la-ville-de-quebec-au-depart-de-montreal\/\" \/>\n<meta property=\"og:locale\" content=\"fr_FR\" \/>\n<meta property=\"og:type\" content=\"article\" \/>\n<meta property=\"og:title\" content=\"Visite priv\u00e9e de la ville de Qu\u00e9bec au d\u00e9part de Montr\u00e9al\" \/>\n<meta property=\"og:description\" content=\"Faites cette visite priv\u00e9e de la ville de Qu\u00e9bec au d\u00e9part de Montr\u00e9al et courez la chance de profiter du meilleur de Qu\u00e9bec. C&#039;est une belle excursion d&#039;une journ\u00e9e au d\u00e9part de Montr\u00e9al.\" \/>\n<meta property=\"og:url\" content=\"https:\/\/tourtravelandmore.com\/fr\/tours\/canada-fr\/montreal-fr\/visite-privee-de-la-ville-de-quebec-au-depart-de-montreal\/\" \/>\n<meta property=\"og:site_name\" content=\"Tour Travel And More\" \/>\n<meta property=\"article:publisher\" content=\"https:\/\/www.facebook.com\/tourtravelandmore\/\" \/>\n<meta property=\"article:modified_time\" content=\"2021-03-15T19:11:25+00:00\" \/>\n<meta property=\"og:image\" content=\"https:\/\/tourtravelandmore.com\/wp-content\/uploads\/2020\/11\/Quebec-4-scaled.jpg\" \/>\n\t<meta property=\"og:image:width\" content=\"1734\" \/>\n\t<meta property=\"og:image:height\" content=\"2560\" \/>\n\t<meta property=\"og:image:type\" content=\"image\/jpeg\" \/>\n<meta name=\"twitter:card\" content=\"summary_large_image\" \/>\n<meta name=\"twitter:site\" content=\"@TourTravel_More\" \/>\n<meta name=\"twitter:label1\" content=\"Dur\u00e9e de lecture estim\u00e9e\" \/>\n\t<meta name=\"twitter:data1\" content=\"2 minutes\" \/>\n<script type=\"application\/ld+json\" class=\"yoast-schema-graph\">{\"@context\":\"https:\/\/schema.org\",\"@graph\":[{\"@type\":\"WebPage\",\"@id\":\"https:\/\/tourtravelandmore.com\/fr\/tours\/canada-fr\/montreal-fr\/visite-privee-de-la-ville-de-quebec-au-depart-de-montreal\/\",\"url\":\"https:\/\/tourtravelandmore.com\/fr\/tours\/canada-fr\/montreal-fr\/visite-privee-de-la-ville-de-quebec-au-depart-de-montreal\/\",\"name\":\"Visite priv\u00e9e de la ville de Qu\u00e9bec au d\u00e9part de Montr\u00e9al avec un v\u00e9hicule et un guide touristique\",\"isPartOf\":{\"@id\":\"https:\/\/tourtravelandmore.com\/fr\/#website\"},\"primaryImageOfPage\":{\"@id\":\"https:\/\/tourtravelandmore.com\/fr\/tours\/canada-fr\/montreal-fr\/visite-privee-de-la-ville-de-quebec-au-depart-de-montreal\/#primaryimage\"},\"image\":{\"@id\":\"https:\/\/tourtravelandmore.com\/fr\/tours\/canada-fr\/montreal-fr\/visite-privee-de-la-ville-de-quebec-au-depart-de-montreal\/#primaryimage\"},\"thumbnailUrl\":\"https:\/\/tourtravelandmore.com\/wp-content\/uploads\/2020\/11\/Quebec-4-scaled.jpg\",\"datePublished\":\"2020-11-05T10:11:35+00:00\",\"dateModified\":\"2021-03-15T19:11:25+00:00\",\"description\":\"Faites cette visite priv\u00e9e de la ville de Qu\u00e9bec au d\u00e9part de Montr\u00e9al et courez la chance de profiter du meilleur de Qu\u00e9bec. C'est une belle excursion d'une journ\u00e9e au d\u00e9part de Montr\u00e9al.\",\"breadcrumb\":{\"@id\":\"https:\/\/tourtravelandmore.com\/fr\/tours\/canada-fr\/montreal-fr\/visite-privee-de-la-ville-de-quebec-au-depart-de-montreal\/#breadcrumb\"},\"inLanguage\":\"fr-FR\",\"potentialAction\":[{\"@type\":\"ReadAction\",\"target\":[\"https:\/\/tourtravelandmore.com\/fr\/tours\/canada-fr\/montreal-fr\/visite-privee-de-la-ville-de-quebec-au-depart-de-montreal\/\"]}]},{\"@type\":\"ImageObject\",\"inLanguage\":\"fr-FR\",\"@id\":\"https:\/\/tourtravelandmore.com\/fr\/tours\/canada-fr\/montreal-fr\/visite-privee-de-la-ville-de-quebec-au-depart-de-montreal\/#primaryimage\",\"url\":\"https:\/\/tourtravelandmore.com\/wp-content\/uploads\/2020\/11\/Quebec-4-scaled.jpg\",\"contentUrl\":\"https:\/\/tourtravelandmore.com\/wp-content\/uploads\/2020\/11\/Quebec-4-scaled.jpg\",\"width\":1734,\"height\":2560},{\"@type\":\"BreadcrumbList\",\"@id\":\"https:\/\/tourtravelandmore.com\/fr\/tours\/canada-fr\/montreal-fr\/visite-privee-de-la-ville-de-quebec-au-depart-de-montreal\/#breadcrumb\",\"itemListElement\":[{\"@type\":\"ListItem\",\"position\":1,\"name\":\"Home\",\"item\":\"https:\/\/tourtravelandmore.com\/fr\/\"},{\"@type\":\"ListItem\",\"position\":2,\"name\":\"Tours\",\"item\":\"https:\/\/tourtravelandmore.com\/fr\/tours\/\"},{\"@type\":\"ListItem\",\"position\":3,\"name\":\"Visite priv\u00e9e de la ville de Qu\u00e9bec au d\u00e9part de Montr\u00e9al\"}]},{\"@type\":\"WebSite\",\"@id\":\"https:\/\/tourtravelandmore.com\/fr\/#website\",\"url\":\"https:\/\/tourtravelandmore.com\/fr\/\",\"name\":\"Tour Travel And More\",\"description\":\"Private sightseeing tours and luxury transfers in Spain\",\"publisher\":{\"@id\":\"https:\/\/tourtravelandmore.com\/fr\/#organization\"},\"potentialAction\":[{\"@type\":\"SearchAction\",\"target\":{\"@type\":\"EntryPoint\",\"urlTemplate\":\"https:\/\/tourtravelandmore.com\/fr\/?s={search_term_string}\"},\"query-input\":{\"@type\":\"PropertyValueSpecification\",\"valueRequired\":true,\"valueName\":\"search_term_string\"}}],\"inLanguage\":\"fr-FR\"},{\"@type\":\"Organization\",\"@id\":\"https:\/\/tourtravelandmore.com\/fr\/#organization\",\"name\":\"Tour Travel And More\",\"url\":\"https:\/\/tourtravelandmore.com\/fr\/\",\"logo\":{\"@type\":\"ImageObject\",\"inLanguage\":\"fr-FR\",\"@id\":\"https:\/\/tourtravelandmore.com\/fr\/#\/schema\/logo\/image\/\",\"url\":\"https:\/\/tourtravelandmore.com\/wp-content\/uploads\/2022\/12\/cropped-logo-cabecera-new.png\",\"contentUrl\":\"https:\/\/tourtravelandmore.com\/wp-content\/uploads\/2022\/12\/cropped-logo-cabecera-new.png\",\"width\":430,\"height\":61,\"caption\":\"Tour Travel And More\"},\"image\":{\"@id\":\"https:\/\/tourtravelandmore.com\/fr\/#\/schema\/logo\/image\/\"},\"sameAs\":[\"https:\/\/www.facebook.com\/tourtravelandmore\/\",\"https:\/\/x.com\/TourTravel_More\"]}]}<\/script>\n<!-- \/ Yoast SEO Premium plugin. -->","yoast_head_json":{"title":"Visite priv\u00e9e de la ville de Qu\u00e9bec au d\u00e9part de Montr\u00e9al avec un v\u00e9hicule et un guide touristique","description":"Faites cette visite priv\u00e9e de la ville de Qu\u00e9bec au d\u00e9part de Montr\u00e9al et courez la chance de profiter du meilleur de Qu\u00e9bec. C'est une belle excursion d'une journ\u00e9e au d\u00e9part de Montr\u00e9al.","robots":{"index":"index","follow":"follow","max-snippet":"max-snippet:-1","max-image-preview":"max-image-preview:large","max-video-preview":"max-video-preview:-1"},"canonical":"https:\/\/tourtravelandmore.com\/fr\/tours\/canada-fr\/montreal-fr\/visite-privee-de-la-ville-de-quebec-au-depart-de-montreal\/","og_locale":"fr_FR","og_type":"article","og_title":"Visite priv\u00e9e de la ville de Qu\u00e9bec au d\u00e9part de Montr\u00e9al","og_description":"Faites cette visite priv\u00e9e de la ville de Qu\u00e9bec au d\u00e9part de Montr\u00e9al et courez la chance de profiter du meilleur de Qu\u00e9bec. C'est une belle excursion d'une journ\u00e9e au d\u00e9part de Montr\u00e9al.","og_url":"https:\/\/tourtravelandmore.com\/fr\/tours\/canada-fr\/montreal-fr\/visite-privee-de-la-ville-de-quebec-au-depart-de-montreal\/","og_site_name":"Tour Travel And More","article_publisher":"https:\/\/www.facebook.com\/tourtravelandmore\/","article_modified_time":"2021-03-15T19:11:25+00:00","og_image":[{"width":1734,"height":2560,"url":"https:\/\/tourtravelandmore.com\/wp-content\/uploads\/2020\/11\/Quebec-4-scaled.jpg","type":"image\/jpeg"}],"twitter_card":"summary_large_image","twitter_site":"@TourTravel_More","twitter_misc":{"Dur\u00e9e de lecture estim\u00e9e":"2 minutes"},"schema":{"@context":"https:\/\/schema.org","@graph":[{"@type":"WebPage","@id":"https:\/\/tourtravelandmore.com\/fr\/tours\/canada-fr\/montreal-fr\/visite-privee-de-la-ville-de-quebec-au-depart-de-montreal\/","url":"https:\/\/tourtravelandmore.com\/fr\/tours\/canada-fr\/montreal-fr\/visite-privee-de-la-ville-de-quebec-au-depart-de-montreal\/","name":"Visite priv\u00e9e de la ville de Qu\u00e9bec au d\u00e9part de Montr\u00e9al avec un v\u00e9hicule et un guide touristique","isPartOf":{"@id":"https:\/\/tourtravelandmore.com\/fr\/#website"},"primaryImageOfPage":{"@id":"https:\/\/tourtravelandmore.com\/fr\/tours\/canada-fr\/montreal-fr\/visite-privee-de-la-ville-de-quebec-au-depart-de-montreal\/#primaryimage"},"image":{"@id":"https:\/\/tourtravelandmore.com\/fr\/tours\/canada-fr\/montreal-fr\/visite-privee-de-la-ville-de-quebec-au-depart-de-montreal\/#primaryimage"},"thumbnailUrl":"https:\/\/tourtravelandmore.com\/wp-content\/uploads\/2020\/11\/Quebec-4-scaled.jpg","datePublished":"2020-11-05T10:11:35+00:00","dateModified":"2021-03-15T19:11:25+00:00","description":"Faites cette visite priv\u00e9e de la ville de Qu\u00e9bec au d\u00e9part de Montr\u00e9al et courez la chance de profiter du meilleur de Qu\u00e9bec. C'est une belle excursion d'une journ\u00e9e au d\u00e9part de Montr\u00e9al.","breadcrumb":{"@id":"https:\/\/tourtravelandmore.com\/fr\/tours\/canada-fr\/montreal-fr\/visite-privee-de-la-ville-de-quebec-au-depart-de-montreal\/#breadcrumb"},"inLanguage":"fr-FR","potentialAction":[{"@type":"ReadAction","target":["https:\/\/tourtravelandmore.com\/fr\/tours\/canada-fr\/montreal-fr\/visite-privee-de-la-ville-de-quebec-au-depart-de-montreal\/"]}]},{"@type":"ImageObject","inLanguage":"fr-FR","@id":"https:\/\/tourtravelandmore.com\/fr\/tours\/canada-fr\/montreal-fr\/visite-privee-de-la-ville-de-quebec-au-depart-de-montreal\/#primaryimage","url":"https:\/\/tourtravelandmore.com\/wp-content\/uploads\/2020\/11\/Quebec-4-scaled.jpg","contentUrl":"https:\/\/tourtravelandmore.com\/wp-content\/uploads\/2020\/11\/Quebec-4-scaled.jpg","width":1734,"height":2560},{"@type":"BreadcrumbList","@id":"https:\/\/tourtravelandmore.com\/fr\/tours\/canada-fr\/montreal-fr\/visite-privee-de-la-ville-de-quebec-au-depart-de-montreal\/#breadcrumb","itemListElement":[{"@type":"ListItem","position":1,"name":"Home","item":"https:\/\/tourtravelandmore.com\/fr\/"},{"@type":"ListItem","position":2,"name":"Tours","item":"https:\/\/tourtravelandmore.com\/fr\/tours\/"},{"@type":"ListItem","position":3,"name":"Visite priv\u00e9e de la ville de Qu\u00e9bec au d\u00e9part de Montr\u00e9al"}]},{"@type":"WebSite","@id":"https:\/\/tourtravelandmore.com\/fr\/#website","url":"https:\/\/tourtravelandmore.com\/fr\/","name":"Tour Travel And More","description":"Private sightseeing tours and luxury transfers in Spain","publisher":{"@id":"https:\/\/tourtravelandmore.com\/fr\/#organization"},"potentialAction":[{"@type":"SearchAction","target":{"@type":"EntryPoint","urlTemplate":"https:\/\/tourtravelandmore.com\/fr\/?s={search_term_string}"},"query-input":{"@type":"PropertyValueSpecification","valueRequired":true,"valueName":"search_term_string"}}],"inLanguage":"fr-FR"},{"@type":"Organization","@id":"https:\/\/tourtravelandmore.com\/fr\/#organization","name":"Tour Travel And More","url":"https:\/\/tourtravelandmore.com\/fr\/","logo":{"@type":"ImageObject","inLanguage":"fr-FR","@id":"https:\/\/tourtravelandmore.com\/fr\/#\/schema\/logo\/image\/","url":"https:\/\/tourtravelandmore.com\/wp-content\/uploads\/2022\/12\/cropped-logo-cabecera-new.png","contentUrl":"https:\/\/tourtravelandmore.com\/wp-content\/uploads\/2022\/12\/cropped-logo-cabecera-new.png","width":430,"height":61,"caption":"Tour Travel And More"},"image":{"@id":"https:\/\/tourtravelandmore.com\/fr\/#\/schema\/logo\/image\/"},"sameAs":["https:\/\/www.facebook.com\/tourtravelandmore\/","https:\/\/x.com\/TourTravel_More"]}]}},"_links":{"self":[{"href":"https:\/\/tourtravelandmore.com\/fr\/wp-json\/wp\/v2\/product\/103322","targetHints":{"allow":["GET"]}}],"collection":[{"href":"https:\/\/tourtravelandmore.com\/fr\/wp-json\/wp\/v2\/product"}],"about":[{"href":"https:\/\/tourtravelandmore.com\/fr\/wp-json\/wp\/v2\/types\/product"}],"replies":[{"embeddable":true,"href":"https:\/\/tourtravelandmore.com\/fr\/wp-json\/wp\/v2\/comments?post=103322"}],"wp:featuredmedia":[{"embeddable":true,"href":"https:\/\/tourtravelandmore.com\/fr\/wp-json\/wp\/v2\/media\/86182"}],"wp:attachment":[{"href":"https:\/\/tourtravelandmore.com\/fr\/wp-json\/wp\/v2\/media?parent=103322"}],"wp:term":[{"taxonomy":"product_brand","embeddable":true,"href":"https:\/\/tourtravelandmore.com\/fr\/wp-json\/wp\/v2\/product_brand?post=103322"},{"taxonomy":"product_cat","embeddable":true,"href":"https:\/\/tourtravelandmore.com\/fr\/wp-json\/wp\/v2\/product_cat?post=103322"},{"taxonomy":"product_tag","embeddable":true,"href":"https:\/\/tourtravelandmore.com\/fr\/wp-json\/wp\/v2\/product_tag?post=103322"}],"curies":[{"name":"wp","href":"https:\/\/api.w.org\/{rel}","templated":true}]}}