{"id":103316,"date":"2020-11-11T11:51:52","date_gmt":"2020-11-11T10:51:52","guid":{"rendered":"https:\/\/tourtravelandmore.com\/tours\/non%20class\u00e9\/visite-privee-de-montreal-au-depart-de-quebec\/"},"modified":"2021-03-15T20:06:47","modified_gmt":"2021-03-15T19:06:47","slug":"visite-privee-de-montreal-au-depart-de-quebec","status":"publish","type":"product","link":"https:\/\/tourtravelandmore.com\/fr\/tours\/canada-fr\/quebec-city-fr\/visite-privee-de-montreal-au-depart-de-quebec\/","title":{"rendered":"Visite priv\u00e9e de Montr\u00e9al au d\u00e9part de Qu\u00e9bec"},"content":{"rendered":"<h2>Description<\/h2>\n<p>Montr\u00e9al est vraiment un endroit unique et incroyable non seulement au Canada, mais dans toute l&#8217;Am\u00e9rique du Nord! Nous adorons \u00e7a! Cette visite priv\u00e9e de Montr\u00e9al au d\u00e9part de Qu\u00e9bec est une exp\u00e9rience formidable pour vous!<\/p>\n<p>Montr\u00e9al est vraiment une ville unique qu&#8217;il y a tant \u00e0 voir et \u00e0 appr\u00e9cier. On peut m\u00eame parfois avoir l&#8217;impression d&#8217;\u00eatre en Europe mais en Am\u00e9rique du Nord. Notre visite priv\u00e9e de Montr\u00e9al au d\u00e9part de Qu\u00e9bec est une visite parfaite pour vous! Nous organiserons un excellent arr\u00eat pour le d\u00e9jeuner et m\u00eame une collation pour manger et essayer la c\u00e9l\u00e8bre poutine.<\/p>\n<p>Pour cette visite priv\u00e9e, nous commencerons par une prise en charge \u00e0 l&#8217;h\u00f4tel de Qu\u00e9bec. Bien que la ville de Qu\u00e9bec ait tant \u00e0 offrir, Montr\u00e9al est une ville \u00e0 ne pas manquer.<\/p>\n<h2>Sites d&#8217;int\u00e9r\u00eat et monuments<\/h2>\n<p>Tout d&#8217;abord, laissez-nous vous chercher \u00e0 Qu\u00e9bec et nous commencerons cette visite priv\u00e9e de Montr\u00e9al au d\u00e9part de Qu\u00e9bec.<\/p>\n<p>Une fois arriv\u00e9s \u00e0 Montr\u00e9al, notre guide priv\u00e9 vous rencontrera et nous commencerons notre visite priv\u00e9e!<\/p>\n<p>Voici une liste d&#8217;endroits \u00e0 visiter \u00e0 Montr\u00e9al.<\/p>\n<ul>\n<li>Mont-Royal: ainsi que le parc du Mont Royal<\/li>\n<li>Vieux Montr\u00e9al. Le Vieux-Montr\u00e9al remonte au 17e si\u00e8cle. Admirez la basilique Notre-Dame avec un style n\u00e9o-gothique.<\/li>\n<li>March\u00e9 Jean-Talon: Dans la Petite Italie de Montr\u00e9al. Ce march\u00e9 est ouvert tous les jours.<\/li>\n<li>Vieux port de Montr\u00e9al: Vieux-Port de Montr\u00e9al.<\/li>\n<li>Sommet Place Ville Marie: Profitez de la vue magnifique. Ces vues incroyables sont la montagne du Mont-Royal, le fleuve<\/li>\n<li>Saint-Laurent, le stade olympique et le centre-ville de Montr\u00e9al<\/li>\n<li>Admirez la vue et promenez-vous dans le Mile End.<\/li>\n<li>Montr\u00e9al souterrain: The Passageways relie 7 stations de m\u00e9tro! Vous pouvez trouver des liens depuis la gare centrale, la<\/li>\n<li>Place des Artes, l&#8217;Universit\u00e9 McGill, la gare Windsor et la Bourse de Montr\u00e9al.<\/li>\n<\/ul>\n<p>Enfin, notre chauffeur sera \u00e0 votre disposition. Nous vous ram\u00e8nerons et cette visite priv\u00e9e se terminera \u00e0 votre h\u00f4tel \u00e0 Qu\u00e9bec.<\/p>\n<p>D\u00e9couvrez nos autres circuits \u00e0 Montr\u00e9al et au Canada!<\/p>\n<p><button style=\"width: auto; height: auto; background-image: url('data:image\/png;base64,iVBORw0KGgoAAAANSUhEUgAAADAAAAAwCAYAAABXAvmHAAABS2lUWHRYTUw6Y29tLmFkb2JlLnhtcAAAAAAAPD94cGFja2V0IGJlZ2luPSLvu78iIGlkPSJXNU0wTXBDZWhpSHpyZVN6TlRjemtjOWQiPz4KPHg6eG1wbWV0YSB4bWxuczp4PSJhZG9iZTpuczptZXRhLyIgeDp4bXB0az0iQWRvYmUgWE1QIENvcmUgNS42LWMxMzggNzkuMTU5ODI0LCAyMDE2LzA5LzE0LTAxOjA5OjAxICAgICAgICAiPgogPHJkZjpSREYgeG1sbnM6cmRmPSJodHRwOi8vd3d3LnczLm9yZy8xOTk5LzAyLzIyLXJkZi1zeW50YXgtbnMjIj4KICA8cmRmOkRlc2NyaXB0aW9uIHJkZjphYm91dD0iIi8+CiA8L3JkZjpSREY+CjwveDp4bXBtZXRhPgo8P3hwYWNrZXQgZW5kPSJyIj8+IEmuOgAAAx5JREFUaIHtmj1L81wYx39JI75AbYtgBTFTRdQGXV2cxMlPICjiakHE0cVJB5FO4uLgN1AnZ\/0EgoLQtd6tL6hJIwia9DzDg6Wxpcb7hMTe+INCz+t1\/TnJuU7OOYoQ4g8Qpz2xFSGEiNoLGVTAjtoJCWw1ag9k0eoTQgg2NzcplUp0dHRE5VNTHMdB0zTy+TydnZ21fI8Ay7K4vr4ml8uRSqVCd7IVQgjW19cpFAoYhlHLbxiBTCbD9PR06A76YXx8HNd1PXmed0BRFBzHwTTNUB3zy\/v7O7FYzJPX9i\/xr4Co0b6u0prj42Pu7u5a1unp6UHXdSYmJkgmk7ImPUgLWFlZoVQq+aqbSCSYn59ne3ubRCIhaxoI4BHSdd13Xcuy2N\/fxzCML0fNL9IjoChK7f\/p6Smjo6MNdWzb5vz8nI2NDUzTpFgsMjMzw+Xlpax5eQH1TE5OMjAw0LQsm80yNzdHNpvFtm2urq44PDxkaWlJymags9D9\/X3Lcl3X2dnZqaX39vakbYY+jS4uLtLV1QXAxcUFlUpFqr\/QBXR3d9Pf3w\/8v8J8fn6W6i90Aa7r8vT0BEAsFpOeTkMXcHJywsvLCwAjIyPSgS1QAb29vS3LHx4eyOVytfTy8rK0zUAFPD4+8vb25vm9vr5SLBY5ODjAMAzK5TIAQ0NDrK6uStsMNA7Mzs42rNfrn\/kP0uk0Z2dnaJq8+UAFfHb0M6qqsrCwwO7uLn19fYHYDFTA2tpa00isaRqDg4NMTU19a+3kh0AFbG1t1YJUWAT6EhcKhSC780Xbf5H9CoiaXwFRIy2gPng5jiPb3beRjgPDw8NYlgUQegyAAAQcHR3xccgTxNrmu0hbjMJpj32ZxkIITNOkWq16tlf8tlVVlWQy+e229UgLKJfLuK77VwI+PikjE6CqKmNjYzJdSPPvxQFVVT2HaD8JVVX5fKzdcEZWLpe5vb39cYd8ADc3Nw1nZB4B8XicdDpNPp+PJCi1wnEcUqkUmUzGk68IISp8uitRqVSoVqth+ueLJntIdtNZ6Kv9nZ9E21\/20IASbXzd5j\/MIQu2KoJrJwAAAABJRU5ErkJggg=='); background-size: 14px 14px; background-color: #000000; position: absolute; opacity: 1; z-index: 86753099; display: none; cursor: pointer; border: none; border-top-left-radius: 3px; border-top-right-radius: 3px; border-bottom-right-radius: 3px; border-bottom-left-radius: 3px; text-indent: 20px; padding: 0px 4px 0px 0px; text-align: center; font-style: normal; font-variant-caps: normal; font-weight: bold; font-stretch: normal; font-size: 11px; line-height: 20px; font-family: 'Helvetica Neue', Helvetica, sans-serif; color: #ffffff; text-transform: capitalize; -webkit-font-smoothing: antialiased; top: 1397px; left: 563px; background-position: 3px 50%; background-repeat: no-repeat no-repeat;\">plan it<\/button><\/p>\n","protected":false},"excerpt":{"rendered":"<p>Rejoignez-nous pour cette visite priv\u00e9e de Montr\u00e9al au d\u00e9part d&#8217;Ottawa et courez la chance de profiter de la partie historique de Montr\u00e9al. Une exp\u00e9rience priv\u00e9e vraiment incroyable.<\/p>\n","protected":false},"featured_media":86099,"comment_status":"open","ping_status":"closed","template":"","meta":{"_acf_changed":false},"product_brand":[],"product_cat":[3751,3783,3547],"product_tag":[],"class_list":{"0":"post-103316","1":"product","2":"type-product","3":"status-publish","4":"has-post-thumbnail","6":"product_cat-canada-fr","7":"product_cat-quebec-city-fr","8":"product_cat-etats-unis-fr","10":"first","11":"instock","12":"shipping-taxable","13":"purchasable","14":"product-type-simple"},"acf":[],"yoast_head":"<!-- This site is optimized with the Yoast SEO Premium plugin v25.3.1 (Yoast SEO v25.3.1) - https:\/\/yoast.com\/wordpress\/plugins\/seo\/ -->\n<title>Visite priv\u00e9e de Montr\u00e9al au d\u00e9part de Qu\u00e9bec avec un v\u00e9hicule et un guide touristique<\/title>\n<meta name=\"description\" content=\"Rejoignez-nous pour cette visite priv\u00e9e de Montr\u00e9al au d\u00e9part de Qu\u00e9bec et courez la chance de profiter de la partie historique de Montr\u00e9al. Une exp\u00e9rience priv\u00e9e vraiment incroyable.\" \/>\n<meta name=\"robots\" content=\"index, follow, max-snippet:-1, max-image-preview:large, max-video-preview:-1\" \/>\n<link rel=\"canonical\" href=\"https:\/\/tourtravelandmore.com\/fr\/tours\/canada-fr\/quebec-city-fr\/visite-privee-de-montreal-au-depart-de-quebec\/\" \/>\n<meta property=\"og:locale\" content=\"fr_FR\" \/>\n<meta property=\"og:type\" content=\"article\" \/>\n<meta property=\"og:title\" content=\"Visite priv\u00e9e de Montr\u00e9al au d\u00e9part de Qu\u00e9bec\" \/>\n<meta property=\"og:description\" content=\"Rejoignez-nous pour cette visite priv\u00e9e de Montr\u00e9al au d\u00e9part de Qu\u00e9bec et courez la chance de profiter de la partie historique de Montr\u00e9al. Une exp\u00e9rience priv\u00e9e vraiment incroyable.\" \/>\n<meta property=\"og:url\" content=\"https:\/\/tourtravelandmore.com\/fr\/tours\/canada-fr\/quebec-city-fr\/visite-privee-de-montreal-au-depart-de-quebec\/\" \/>\n<meta property=\"og:site_name\" content=\"Tour Travel And More\" \/>\n<meta property=\"article:publisher\" content=\"https:\/\/www.facebook.com\/tourtravelandmore\/\" \/>\n<meta property=\"article:modified_time\" content=\"2021-03-15T19:06:47+00:00\" \/>\n<meta property=\"og:image\" content=\"https:\/\/tourtravelandmore.com\/wp-content\/uploads\/2020\/11\/Montreal-4-scaled.jpg\" \/>\n\t<meta property=\"og:image:width\" content=\"2560\" \/>\n\t<meta property=\"og:image:height\" content=\"1707\" \/>\n\t<meta property=\"og:image:type\" content=\"image\/jpeg\" \/>\n<meta name=\"twitter:card\" content=\"summary_large_image\" \/>\n<meta name=\"twitter:site\" content=\"@TourTravel_More\" \/>\n<meta name=\"twitter:label1\" content=\"Dur\u00e9e de lecture estim\u00e9e\" \/>\n\t<meta name=\"twitter:data1\" content=\"2 minutes\" \/>\n<script type=\"application\/ld+json\" class=\"yoast-schema-graph\">{\"@context\":\"https:\/\/schema.org\",\"@graph\":[{\"@type\":\"WebPage\",\"@id\":\"https:\/\/tourtravelandmore.com\/fr\/tours\/canada-fr\/quebec-city-fr\/visite-privee-de-montreal-au-depart-de-quebec\/\",\"url\":\"https:\/\/tourtravelandmore.com\/fr\/tours\/canada-fr\/quebec-city-fr\/visite-privee-de-montreal-au-depart-de-quebec\/\",\"name\":\"Visite priv\u00e9e de Montr\u00e9al au d\u00e9part de Qu\u00e9bec avec un v\u00e9hicule et un guide touristique\",\"isPartOf\":{\"@id\":\"https:\/\/tourtravelandmore.com\/fr\/#website\"},\"primaryImageOfPage\":{\"@id\":\"https:\/\/tourtravelandmore.com\/fr\/tours\/canada-fr\/quebec-city-fr\/visite-privee-de-montreal-au-depart-de-quebec\/#primaryimage\"},\"image\":{\"@id\":\"https:\/\/tourtravelandmore.com\/fr\/tours\/canada-fr\/quebec-city-fr\/visite-privee-de-montreal-au-depart-de-quebec\/#primaryimage\"},\"thumbnailUrl\":\"https:\/\/tourtravelandmore.com\/wp-content\/uploads\/2020\/11\/Montreal-4-scaled.jpg\",\"datePublished\":\"2020-11-11T10:51:52+00:00\",\"dateModified\":\"2021-03-15T19:06:47+00:00\",\"description\":\"Rejoignez-nous pour cette visite priv\u00e9e de Montr\u00e9al au d\u00e9part de Qu\u00e9bec et courez la chance de profiter de la partie historique de Montr\u00e9al. Une exp\u00e9rience priv\u00e9e vraiment incroyable.\",\"breadcrumb\":{\"@id\":\"https:\/\/tourtravelandmore.com\/fr\/tours\/canada-fr\/quebec-city-fr\/visite-privee-de-montreal-au-depart-de-quebec\/#breadcrumb\"},\"inLanguage\":\"fr-FR\",\"potentialAction\":[{\"@type\":\"ReadAction\",\"target\":[\"https:\/\/tourtravelandmore.com\/fr\/tours\/canada-fr\/quebec-city-fr\/visite-privee-de-montreal-au-depart-de-quebec\/\"]}]},{\"@type\":\"ImageObject\",\"inLanguage\":\"fr-FR\",\"@id\":\"https:\/\/tourtravelandmore.com\/fr\/tours\/canada-fr\/quebec-city-fr\/visite-privee-de-montreal-au-depart-de-quebec\/#primaryimage\",\"url\":\"https:\/\/tourtravelandmore.com\/wp-content\/uploads\/2020\/11\/Montreal-4-scaled.jpg\",\"contentUrl\":\"https:\/\/tourtravelandmore.com\/wp-content\/uploads\/2020\/11\/Montreal-4-scaled.jpg\",\"width\":2560,\"height\":1707},{\"@type\":\"BreadcrumbList\",\"@id\":\"https:\/\/tourtravelandmore.com\/fr\/tours\/canada-fr\/quebec-city-fr\/visite-privee-de-montreal-au-depart-de-quebec\/#breadcrumb\",\"itemListElement\":[{\"@type\":\"ListItem\",\"position\":1,\"name\":\"Home\",\"item\":\"https:\/\/tourtravelandmore.com\/fr\/\"},{\"@type\":\"ListItem\",\"position\":2,\"name\":\"Tours\",\"item\":\"https:\/\/tourtravelandmore.com\/fr\/tours\/\"},{\"@type\":\"ListItem\",\"position\":3,\"name\":\"Visite priv\u00e9e de Montr\u00e9al au d\u00e9part de Qu\u00e9bec\"}]},{\"@type\":\"WebSite\",\"@id\":\"https:\/\/tourtravelandmore.com\/fr\/#website\",\"url\":\"https:\/\/tourtravelandmore.com\/fr\/\",\"name\":\"Tour Travel And More\",\"description\":\"Private sightseeing tours and luxury transfers in Spain\",\"publisher\":{\"@id\":\"https:\/\/tourtravelandmore.com\/fr\/#organization\"},\"potentialAction\":[{\"@type\":\"SearchAction\",\"target\":{\"@type\":\"EntryPoint\",\"urlTemplate\":\"https:\/\/tourtravelandmore.com\/fr\/?s={search_term_string}\"},\"query-input\":{\"@type\":\"PropertyValueSpecification\",\"valueRequired\":true,\"valueName\":\"search_term_string\"}}],\"inLanguage\":\"fr-FR\"},{\"@type\":\"Organization\",\"@id\":\"https:\/\/tourtravelandmore.com\/fr\/#organization\",\"name\":\"Tour Travel And More\",\"url\":\"https:\/\/tourtravelandmore.com\/fr\/\",\"logo\":{\"@type\":\"ImageObject\",\"inLanguage\":\"fr-FR\",\"@id\":\"https:\/\/tourtravelandmore.com\/fr\/#\/schema\/logo\/image\/\",\"url\":\"https:\/\/tourtravelandmore.com\/wp-content\/uploads\/2022\/12\/cropped-logo-cabecera-new.png\",\"contentUrl\":\"https:\/\/tourtravelandmore.com\/wp-content\/uploads\/2022\/12\/cropped-logo-cabecera-new.png\",\"width\":430,\"height\":61,\"caption\":\"Tour Travel And More\"},\"image\":{\"@id\":\"https:\/\/tourtravelandmore.com\/fr\/#\/schema\/logo\/image\/\"},\"sameAs\":[\"https:\/\/www.facebook.com\/tourtravelandmore\/\",\"https:\/\/x.com\/TourTravel_More\"]}]}<\/script>\n<!-- \/ Yoast SEO Premium plugin. -->","yoast_head_json":{"title":"Visite priv\u00e9e de Montr\u00e9al au d\u00e9part de Qu\u00e9bec avec un v\u00e9hicule et un guide touristique","description":"Rejoignez-nous pour cette visite priv\u00e9e de Montr\u00e9al au d\u00e9part de Qu\u00e9bec et courez la chance de profiter de la partie historique de Montr\u00e9al. Une exp\u00e9rience priv\u00e9e vraiment incroyable.","robots":{"index":"index","follow":"follow","max-snippet":"max-snippet:-1","max-image-preview":"max-image-preview:large","max-video-preview":"max-video-preview:-1"},"canonical":"https:\/\/tourtravelandmore.com\/fr\/tours\/canada-fr\/quebec-city-fr\/visite-privee-de-montreal-au-depart-de-quebec\/","og_locale":"fr_FR","og_type":"article","og_title":"Visite priv\u00e9e de Montr\u00e9al au d\u00e9part de Qu\u00e9bec","og_description":"Rejoignez-nous pour cette visite priv\u00e9e de Montr\u00e9al au d\u00e9part de Qu\u00e9bec et courez la chance de profiter de la partie historique de Montr\u00e9al. Une exp\u00e9rience priv\u00e9e vraiment incroyable.","og_url":"https:\/\/tourtravelandmore.com\/fr\/tours\/canada-fr\/quebec-city-fr\/visite-privee-de-montreal-au-depart-de-quebec\/","og_site_name":"Tour Travel And More","article_publisher":"https:\/\/www.facebook.com\/tourtravelandmore\/","article_modified_time":"2021-03-15T19:06:47+00:00","og_image":[{"width":2560,"height":1707,"url":"https:\/\/tourtravelandmore.com\/wp-content\/uploads\/2020\/11\/Montreal-4-scaled.jpg","type":"image\/jpeg"}],"twitter_card":"summary_large_image","twitter_site":"@TourTravel_More","twitter_misc":{"Dur\u00e9e de lecture estim\u00e9e":"2 minutes"},"schema":{"@context":"https:\/\/schema.org","@graph":[{"@type":"WebPage","@id":"https:\/\/tourtravelandmore.com\/fr\/tours\/canada-fr\/quebec-city-fr\/visite-privee-de-montreal-au-depart-de-quebec\/","url":"https:\/\/tourtravelandmore.com\/fr\/tours\/canada-fr\/quebec-city-fr\/visite-privee-de-montreal-au-depart-de-quebec\/","name":"Visite priv\u00e9e de Montr\u00e9al au d\u00e9part de Qu\u00e9bec avec un v\u00e9hicule et un guide touristique","isPartOf":{"@id":"https:\/\/tourtravelandmore.com\/fr\/#website"},"primaryImageOfPage":{"@id":"https:\/\/tourtravelandmore.com\/fr\/tours\/canada-fr\/quebec-city-fr\/visite-privee-de-montreal-au-depart-de-quebec\/#primaryimage"},"image":{"@id":"https:\/\/tourtravelandmore.com\/fr\/tours\/canada-fr\/quebec-city-fr\/visite-privee-de-montreal-au-depart-de-quebec\/#primaryimage"},"thumbnailUrl":"https:\/\/tourtravelandmore.com\/wp-content\/uploads\/2020\/11\/Montreal-4-scaled.jpg","datePublished":"2020-11-11T10:51:52+00:00","dateModified":"2021-03-15T19:06:47+00:00","description":"Rejoignez-nous pour cette visite priv\u00e9e de Montr\u00e9al au d\u00e9part de Qu\u00e9bec et courez la chance de profiter de la partie historique de Montr\u00e9al. Une exp\u00e9rience priv\u00e9e vraiment incroyable.","breadcrumb":{"@id":"https:\/\/tourtravelandmore.com\/fr\/tours\/canada-fr\/quebec-city-fr\/visite-privee-de-montreal-au-depart-de-quebec\/#breadcrumb"},"inLanguage":"fr-FR","potentialAction":[{"@type":"ReadAction","target":["https:\/\/tourtravelandmore.com\/fr\/tours\/canada-fr\/quebec-city-fr\/visite-privee-de-montreal-au-depart-de-quebec\/"]}]},{"@type":"ImageObject","inLanguage":"fr-FR","@id":"https:\/\/tourtravelandmore.com\/fr\/tours\/canada-fr\/quebec-city-fr\/visite-privee-de-montreal-au-depart-de-quebec\/#primaryimage","url":"https:\/\/tourtravelandmore.com\/wp-content\/uploads\/2020\/11\/Montreal-4-scaled.jpg","contentUrl":"https:\/\/tourtravelandmore.com\/wp-content\/uploads\/2020\/11\/Montreal-4-scaled.jpg","width":2560,"height":1707},{"@type":"BreadcrumbList","@id":"https:\/\/tourtravelandmore.com\/fr\/tours\/canada-fr\/quebec-city-fr\/visite-privee-de-montreal-au-depart-de-quebec\/#breadcrumb","itemListElement":[{"@type":"ListItem","position":1,"name":"Home","item":"https:\/\/tourtravelandmore.com\/fr\/"},{"@type":"ListItem","position":2,"name":"Tours","item":"https:\/\/tourtravelandmore.com\/fr\/tours\/"},{"@type":"ListItem","position":3,"name":"Visite priv\u00e9e de Montr\u00e9al au d\u00e9part de Qu\u00e9bec"}]},{"@type":"WebSite","@id":"https:\/\/tourtravelandmore.com\/fr\/#website","url":"https:\/\/tourtravelandmore.com\/fr\/","name":"Tour Travel And More","description":"Private sightseeing tours and luxury transfers in Spain","publisher":{"@id":"https:\/\/tourtravelandmore.com\/fr\/#organization"},"potentialAction":[{"@type":"SearchAction","target":{"@type":"EntryPoint","urlTemplate":"https:\/\/tourtravelandmore.com\/fr\/?s={search_term_string}"},"query-input":{"@type":"PropertyValueSpecification","valueRequired":true,"valueName":"search_term_string"}}],"inLanguage":"fr-FR"},{"@type":"Organization","@id":"https:\/\/tourtravelandmore.com\/fr\/#organization","name":"Tour Travel And More","url":"https:\/\/tourtravelandmore.com\/fr\/","logo":{"@type":"ImageObject","inLanguage":"fr-FR","@id":"https:\/\/tourtravelandmore.com\/fr\/#\/schema\/logo\/image\/","url":"https:\/\/tourtravelandmore.com\/wp-content\/uploads\/2022\/12\/cropped-logo-cabecera-new.png","contentUrl":"https:\/\/tourtravelandmore.com\/wp-content\/uploads\/2022\/12\/cropped-logo-cabecera-new.png","width":430,"height":61,"caption":"Tour Travel And More"},"image":{"@id":"https:\/\/tourtravelandmore.com\/fr\/#\/schema\/logo\/image\/"},"sameAs":["https:\/\/www.facebook.com\/tourtravelandmore\/","https:\/\/x.com\/TourTravel_More"]}]}},"_links":{"self":[{"href":"https:\/\/tourtravelandmore.com\/fr\/wp-json\/wp\/v2\/product\/103316","targetHints":{"allow":["GET"]}}],"collection":[{"href":"https:\/\/tourtravelandmore.com\/fr\/wp-json\/wp\/v2\/product"}],"about":[{"href":"https:\/\/tourtravelandmore.com\/fr\/wp-json\/wp\/v2\/types\/product"}],"replies":[{"embeddable":true,"href":"https:\/\/tourtravelandmore.com\/fr\/wp-json\/wp\/v2\/comments?post=103316"}],"wp:featuredmedia":[{"embeddable":true,"href":"https:\/\/tourtravelandmore.com\/fr\/wp-json\/wp\/v2\/media\/86099"}],"wp:attachment":[{"href":"https:\/\/tourtravelandmore.com\/fr\/wp-json\/wp\/v2\/media?parent=103316"}],"wp:term":[{"taxonomy":"product_brand","embeddable":true,"href":"https:\/\/tourtravelandmore.com\/fr\/wp-json\/wp\/v2\/product_brand?post=103316"},{"taxonomy":"product_cat","embeddable":true,"href":"https:\/\/tourtravelandmore.com\/fr\/wp-json\/wp\/v2\/product_cat?post=103316"},{"taxonomy":"product_tag","embeddable":true,"href":"https:\/\/tourtravelandmore.com\/fr\/wp-json\/wp\/v2\/product_tag?post=103316"}],"curies":[{"name":"wp","href":"https:\/\/api.w.org\/{rel}","templated":true}]}}