{"id":103304,"date":"2019-09-07T23:45:58","date_gmt":"2019-09-07T21:45:58","guid":{"rendered":"https:\/\/tourtravelandmore.com\/tours\/non%20class\u00e9\/visite-privee-de-ratisbonne-au-depart-de-munich\/"},"modified":"2022-11-16T09:22:10","modified_gmt":"2022-11-16T08:22:10","slug":"visite-privee-de-ratisbonne-au-depart-de-munich","status":"publish","type":"product","link":"https:\/\/tourtravelandmore.com\/fr\/tours\/allemagne-fr\/munich-fr\/visite-privee-de-ratisbonne-au-depart-de-munich\/","title":{"rendered":"Visite priv\u00e9e de Ratisbonne au d\u00e9part de Munich"},"content":{"rendered":"<h2>Description<\/h2>\n<p>Profitez de Ratisbonne, de sa superbe architecture et de ses merveilleux sites urbains lors de cette visite priv\u00e9e de Ratisbonne au d\u00e9part de Munich. Vous serez assist\u00e9 pendant toute la dur\u00e9e de la visite par votre chauffeur \/ guide priv\u00e9 dans un v\u00e9hicule de luxe priv\u00e9.<\/p>\n<p>Ratisbonne est une ville de l&#8217;\u00c9tat f\u00e9d\u00e9ral de Baviera et elle est situ\u00e9e au confluent des rivi\u00e8res Danube et Regen. Son centre historique a \u00e9t\u00e9 inscrit au patrimoine mondial de l&#8217;UNESCO en 2006. Cette cit\u00e9 m\u00e9di\u00e9vale renferme de nombreux \u00e9difices d&#8217;une qualit\u00e9 exceptionnelle qui t\u00e9moignent de son histoire.<\/p>\n<p>Votre chauffeur \/ guide priv\u00e9 vous aidera \u00e0 visiter les endroits les plus pertinents, o\u00f9 vous pourrez prendre les meilleures photos quand et o\u00f9 vous le souhaitez le long de votre visite priv\u00e9e.<\/p>\n<p>Si vous recherchez une exp\u00e9rience plus excitante, jetez un \u0153il \u00e0 notre visite priv\u00e9e Berchtesgaden et Eagle\u2019s Nest au d\u00e9part de Munich.<\/p>\n<h2>Sites d&#8217;int\u00e9r\u00eat et points de rep\u00e8re<\/h2>\n<p>Tout d&#8217;abord, votre chauffeur \/ guide priv\u00e9 viendra vous chercher \u00e0 l&#8217;endroit de votre choix \u00e0 Munich. Il s&#8217;agit d&#8217;une visite priv\u00e9e de 10 heures entre le moment de la prise en charge et le moment du d\u00e9p\u00f4t.<\/p>\n<p>Ratisbonne est connue pour \u00eatre l&#8217;une des villes les plus anciennes et les mieux pr\u00e9serv\u00e9es d&#8217;Allemagne. Vous en apprendrez davantage sur la longue histoire de la ville et de sa ville (Altstadt) gr\u00e2ce \u00e0 votre chauffeur \/ guide priv\u00e9.<\/p>\n<p>Nous commencerons votre visite priv\u00e9e dans les anciens quartiers urbains de Ratisbonne. Vous pourrez voir les impressionnantes structures romaines et gothiques telles que le monast\u00e8re \u00e9cossais, la mairie ou le monast\u00e8re de Saint-Emmeram. Apr\u00e8s avoir couvert toute la visite, nous pouvons prendre un petit d\u00e9jeuner \u00e0 la cuisine historique de saucisses connue sous le nom de Wurstkuchl.<\/p>\n<p>Tout au long de votre chemin vers la ville, vous vous d\u00e9lecterez des magnifiques sc\u00e9narios urbains m\u00e9di\u00e9vaux de Ratisbonne. Parmi les sites que vous visiterez lors de votre visite priv\u00e9e, nous vous proposons \u00e9galement:<\/p>\n<ul>\n<li>Altstadt<\/li>\n<li>Cath\u00e9drale de Ratisbonne<\/li>\n<li>Vieux pont de pierre<\/li>\n<li>Le vieux march\u00e9 aux c\u00e9r\u00e9ales<\/li>\n<li>Monast\u00e8re de Saint Emmeram<\/li>\n<li>Monast\u00e8re \u00e9cossais<\/li>\n<li>Mus\u00e9e d&#8217;histoire bavaroise<\/li>\n<li>Walhalla<\/li>\n<li>Salle de la lib\u00e9ration<\/li>\n<li>Alten Kapelle<\/li>\n<li>Herzogspark<\/li>\n<li>Mus\u00e9e d&#8217;histoire<\/li>\n<li>Et bien d&#8217;autres endroits!<\/li>\n<\/ul>\n<p>Comme nous l&#8217;avons d\u00e9j\u00e0 dit, il s&#8217;agit d&#8217;une visite priv\u00e9e et personnalis\u00e9e, donc si vous pr\u00e9f\u00e9rez, nous pouvons inclure un guide local \u00e0 Ratisbonne pour une exp\u00e9rience plus compl\u00e8te.<\/p>\n<p>Enfin, \u00e0 la fin de la visite, votre chauffeur \/ guide priv\u00e9 vous ram\u00e8nera \u00e0 votre h\u00f4tel ou lieu de votre choix \u00e0 Munich.<\/p>\n","protected":false},"excerpt":{"rendered":"<p>\u00c9vadez-vous de l&#8217;agitation de Munich et profitez d&#8217;une excursion priv\u00e9e d&#8217;une journ\u00e9e \u00e0 Ratisbonne au d\u00e9part de Munich. Venez avec nous et profitez de cette visite priv\u00e9e enti\u00e8rement personnalis\u00e9e et profitez de leurs monuments les plus importants ainsi que de ses sites historiques. Vous pourrez visiter le centre historique d\u00e9clar\u00e9 site du patrimoine mondial par l&#8217;UNESCO avec votre chauffeur \/ guide priv\u00e9.<\/p>\n<p>&nbsp;<\/p>\n","protected":false},"featured_media":96303,"comment_status":"open","ping_status":"closed","template":"","meta":{"_acf_changed":false},"product_brand":[],"product_cat":[3756],"product_tag":[],"class_list":{"0":"post-103304","1":"product","2":"type-product","3":"status-publish","4":"has-post-thumbnail","6":"product_cat-munich-fr","8":"first","9":"instock","10":"shipping-taxable","11":"purchasable","12":"product-type-simple"},"acf":[],"yoast_head":"<!-- This site is optimized with the Yoast SEO Premium plugin v25.3.1 (Yoast SEO v25.3.1) - https:\/\/yoast.com\/wordpress\/plugins\/seo\/ -->\n<title>Visite priv\u00e9e de Ratisbonne au d\u00e9part de Munich avec chauffeur \/ guide<\/title>\n<meta name=\"description\" content=\"Profitez de cette visite priv\u00e9e de Ratisbonne au d\u00e9part de Munich aux c\u00f4t\u00e9s d&#039;un chauffeur \/ guide priv\u00e9. Venez avec nous et d\u00e9couvrez la ville en v\u00e9hicule priv\u00e9.\" \/>\n<meta name=\"robots\" content=\"index, follow, max-snippet:-1, max-image-preview:large, max-video-preview:-1\" \/>\n<link rel=\"canonical\" href=\"https:\/\/tourtravelandmore.com\/fr\/tours\/allemagne-fr\/munich-fr\/visite-privee-de-ratisbonne-au-depart-de-munich\/\" \/>\n<meta property=\"og:locale\" content=\"fr_FR\" \/>\n<meta property=\"og:type\" content=\"article\" \/>\n<meta property=\"og:title\" content=\"Visite priv\u00e9e de Ratisbonne au d\u00e9part de Munich\" \/>\n<meta property=\"og:description\" content=\"Profitez de cette visite priv\u00e9e de Ratisbonne au d\u00e9part de Munich aux c\u00f4t\u00e9s d&#039;un chauffeur \/ guide priv\u00e9. Venez avec nous et d\u00e9couvrez la ville en v\u00e9hicule priv\u00e9.\" \/>\n<meta property=\"og:url\" content=\"https:\/\/tourtravelandmore.com\/fr\/tours\/allemagne-fr\/munich-fr\/visite-privee-de-ratisbonne-au-depart-de-munich\/\" \/>\n<meta property=\"og:site_name\" content=\"Tour Travel And More\" \/>\n<meta property=\"article:publisher\" content=\"https:\/\/www.facebook.com\/tourtravelandmore\/\" \/>\n<meta property=\"article:modified_time\" content=\"2022-11-16T08:22:10+00:00\" \/>\n<meta property=\"og:image\" content=\"https:\/\/tourtravelandmore.com\/wp-content\/uploads\/2019\/09\/ratisbona.2.jpg\" \/>\n\t<meta property=\"og:image:width\" content=\"960\" \/>\n\t<meta property=\"og:image:height\" content=\"642\" \/>\n\t<meta property=\"og:image:type\" content=\"image\/jpeg\" \/>\n<meta name=\"twitter:card\" content=\"summary_large_image\" \/>\n<meta name=\"twitter:site\" content=\"@TourTravel_More\" \/>\n<meta name=\"twitter:label1\" content=\"Dur\u00e9e de lecture estim\u00e9e\" \/>\n\t<meta name=\"twitter:data1\" content=\"2 minutes\" \/>\n<script type=\"application\/ld+json\" class=\"yoast-schema-graph\">{\"@context\":\"https:\/\/schema.org\",\"@graph\":[{\"@type\":\"WebPage\",\"@id\":\"https:\/\/tourtravelandmore.com\/fr\/tours\/allemagne-fr\/munich-fr\/visite-privee-de-ratisbonne-au-depart-de-munich\/\",\"url\":\"https:\/\/tourtravelandmore.com\/fr\/tours\/allemagne-fr\/munich-fr\/visite-privee-de-ratisbonne-au-depart-de-munich\/\",\"name\":\"Visite priv\u00e9e de Ratisbonne au d\u00e9part de Munich avec chauffeur \/ guide\",\"isPartOf\":{\"@id\":\"https:\/\/tourtravelandmore.com\/fr\/#website\"},\"primaryImageOfPage\":{\"@id\":\"https:\/\/tourtravelandmore.com\/fr\/tours\/allemagne-fr\/munich-fr\/visite-privee-de-ratisbonne-au-depart-de-munich\/#primaryimage\"},\"image\":{\"@id\":\"https:\/\/tourtravelandmore.com\/fr\/tours\/allemagne-fr\/munich-fr\/visite-privee-de-ratisbonne-au-depart-de-munich\/#primaryimage\"},\"thumbnailUrl\":\"https:\/\/tourtravelandmore.com\/wp-content\/uploads\/2019\/09\/ratisbona.2.jpg\",\"datePublished\":\"2019-09-07T21:45:58+00:00\",\"dateModified\":\"2022-11-16T08:22:10+00:00\",\"description\":\"Profitez de cette visite priv\u00e9e de Ratisbonne au d\u00e9part de Munich aux c\u00f4t\u00e9s d'un chauffeur \/ guide priv\u00e9. Venez avec nous et d\u00e9couvrez la ville en v\u00e9hicule priv\u00e9.\",\"breadcrumb\":{\"@id\":\"https:\/\/tourtravelandmore.com\/fr\/tours\/allemagne-fr\/munich-fr\/visite-privee-de-ratisbonne-au-depart-de-munich\/#breadcrumb\"},\"inLanguage\":\"fr-FR\",\"potentialAction\":[{\"@type\":\"ReadAction\",\"target\":[\"https:\/\/tourtravelandmore.com\/fr\/tours\/allemagne-fr\/munich-fr\/visite-privee-de-ratisbonne-au-depart-de-munich\/\"]}]},{\"@type\":\"ImageObject\",\"inLanguage\":\"fr-FR\",\"@id\":\"https:\/\/tourtravelandmore.com\/fr\/tours\/allemagne-fr\/munich-fr\/visite-privee-de-ratisbonne-au-depart-de-munich\/#primaryimage\",\"url\":\"https:\/\/tourtravelandmore.com\/wp-content\/uploads\/2019\/09\/ratisbona.2.jpg\",\"contentUrl\":\"https:\/\/tourtravelandmore.com\/wp-content\/uploads\/2019\/09\/ratisbona.2.jpg\",\"width\":960,\"height\":642},{\"@type\":\"BreadcrumbList\",\"@id\":\"https:\/\/tourtravelandmore.com\/fr\/tours\/allemagne-fr\/munich-fr\/visite-privee-de-ratisbonne-au-depart-de-munich\/#breadcrumb\",\"itemListElement\":[{\"@type\":\"ListItem\",\"position\":1,\"name\":\"Home\",\"item\":\"https:\/\/tourtravelandmore.com\/fr\/\"},{\"@type\":\"ListItem\",\"position\":2,\"name\":\"Tours\",\"item\":\"https:\/\/tourtravelandmore.com\/fr\/tours\/\"},{\"@type\":\"ListItem\",\"position\":3,\"name\":\"Visite priv\u00e9e de Ratisbonne au d\u00e9part de Munich\"}]},{\"@type\":\"WebSite\",\"@id\":\"https:\/\/tourtravelandmore.com\/fr\/#website\",\"url\":\"https:\/\/tourtravelandmore.com\/fr\/\",\"name\":\"Tour Travel And More\",\"description\":\"Private sightseeing tours and luxury transfers in Spain\",\"publisher\":{\"@id\":\"https:\/\/tourtravelandmore.com\/fr\/#organization\"},\"potentialAction\":[{\"@type\":\"SearchAction\",\"target\":{\"@type\":\"EntryPoint\",\"urlTemplate\":\"https:\/\/tourtravelandmore.com\/fr\/?s={search_term_string}\"},\"query-input\":{\"@type\":\"PropertyValueSpecification\",\"valueRequired\":true,\"valueName\":\"search_term_string\"}}],\"inLanguage\":\"fr-FR\"},{\"@type\":\"Organization\",\"@id\":\"https:\/\/tourtravelandmore.com\/fr\/#organization\",\"name\":\"Tour Travel And More\",\"url\":\"https:\/\/tourtravelandmore.com\/fr\/\",\"logo\":{\"@type\":\"ImageObject\",\"inLanguage\":\"fr-FR\",\"@id\":\"https:\/\/tourtravelandmore.com\/fr\/#\/schema\/logo\/image\/\",\"url\":\"https:\/\/tourtravelandmore.com\/wp-content\/uploads\/2022\/12\/cropped-logo-cabecera-new.png\",\"contentUrl\":\"https:\/\/tourtravelandmore.com\/wp-content\/uploads\/2022\/12\/cropped-logo-cabecera-new.png\",\"width\":430,\"height\":61,\"caption\":\"Tour Travel And More\"},\"image\":{\"@id\":\"https:\/\/tourtravelandmore.com\/fr\/#\/schema\/logo\/image\/\"},\"sameAs\":[\"https:\/\/www.facebook.com\/tourtravelandmore\/\",\"https:\/\/x.com\/TourTravel_More\"]}]}<\/script>\n<!-- \/ Yoast SEO Premium plugin. -->","yoast_head_json":{"title":"Visite priv\u00e9e de Ratisbonne au d\u00e9part de Munich avec chauffeur \/ guide","description":"Profitez de cette visite priv\u00e9e de Ratisbonne au d\u00e9part de Munich aux c\u00f4t\u00e9s d'un chauffeur \/ guide priv\u00e9. Venez avec nous et d\u00e9couvrez la ville en v\u00e9hicule priv\u00e9.","robots":{"index":"index","follow":"follow","max-snippet":"max-snippet:-1","max-image-preview":"max-image-preview:large","max-video-preview":"max-video-preview:-1"},"canonical":"https:\/\/tourtravelandmore.com\/fr\/tours\/allemagne-fr\/munich-fr\/visite-privee-de-ratisbonne-au-depart-de-munich\/","og_locale":"fr_FR","og_type":"article","og_title":"Visite priv\u00e9e de Ratisbonne au d\u00e9part de Munich","og_description":"Profitez de cette visite priv\u00e9e de Ratisbonne au d\u00e9part de Munich aux c\u00f4t\u00e9s d'un chauffeur \/ guide priv\u00e9. Venez avec nous et d\u00e9couvrez la ville en v\u00e9hicule priv\u00e9.","og_url":"https:\/\/tourtravelandmore.com\/fr\/tours\/allemagne-fr\/munich-fr\/visite-privee-de-ratisbonne-au-depart-de-munich\/","og_site_name":"Tour Travel And More","article_publisher":"https:\/\/www.facebook.com\/tourtravelandmore\/","article_modified_time":"2022-11-16T08:22:10+00:00","og_image":[{"width":960,"height":642,"url":"https:\/\/tourtravelandmore.com\/wp-content\/uploads\/2019\/09\/ratisbona.2.jpg","type":"image\/jpeg"}],"twitter_card":"summary_large_image","twitter_site":"@TourTravel_More","twitter_misc":{"Dur\u00e9e de lecture estim\u00e9e":"2 minutes"},"schema":{"@context":"https:\/\/schema.org","@graph":[{"@type":"WebPage","@id":"https:\/\/tourtravelandmore.com\/fr\/tours\/allemagne-fr\/munich-fr\/visite-privee-de-ratisbonne-au-depart-de-munich\/","url":"https:\/\/tourtravelandmore.com\/fr\/tours\/allemagne-fr\/munich-fr\/visite-privee-de-ratisbonne-au-depart-de-munich\/","name":"Visite priv\u00e9e de Ratisbonne au d\u00e9part de Munich avec chauffeur \/ guide","isPartOf":{"@id":"https:\/\/tourtravelandmore.com\/fr\/#website"},"primaryImageOfPage":{"@id":"https:\/\/tourtravelandmore.com\/fr\/tours\/allemagne-fr\/munich-fr\/visite-privee-de-ratisbonne-au-depart-de-munich\/#primaryimage"},"image":{"@id":"https:\/\/tourtravelandmore.com\/fr\/tours\/allemagne-fr\/munich-fr\/visite-privee-de-ratisbonne-au-depart-de-munich\/#primaryimage"},"thumbnailUrl":"https:\/\/tourtravelandmore.com\/wp-content\/uploads\/2019\/09\/ratisbona.2.jpg","datePublished":"2019-09-07T21:45:58+00:00","dateModified":"2022-11-16T08:22:10+00:00","description":"Profitez de cette visite priv\u00e9e de Ratisbonne au d\u00e9part de Munich aux c\u00f4t\u00e9s d'un chauffeur \/ guide priv\u00e9. Venez avec nous et d\u00e9couvrez la ville en v\u00e9hicule priv\u00e9.","breadcrumb":{"@id":"https:\/\/tourtravelandmore.com\/fr\/tours\/allemagne-fr\/munich-fr\/visite-privee-de-ratisbonne-au-depart-de-munich\/#breadcrumb"},"inLanguage":"fr-FR","potentialAction":[{"@type":"ReadAction","target":["https:\/\/tourtravelandmore.com\/fr\/tours\/allemagne-fr\/munich-fr\/visite-privee-de-ratisbonne-au-depart-de-munich\/"]}]},{"@type":"ImageObject","inLanguage":"fr-FR","@id":"https:\/\/tourtravelandmore.com\/fr\/tours\/allemagne-fr\/munich-fr\/visite-privee-de-ratisbonne-au-depart-de-munich\/#primaryimage","url":"https:\/\/tourtravelandmore.com\/wp-content\/uploads\/2019\/09\/ratisbona.2.jpg","contentUrl":"https:\/\/tourtravelandmore.com\/wp-content\/uploads\/2019\/09\/ratisbona.2.jpg","width":960,"height":642},{"@type":"BreadcrumbList","@id":"https:\/\/tourtravelandmore.com\/fr\/tours\/allemagne-fr\/munich-fr\/visite-privee-de-ratisbonne-au-depart-de-munich\/#breadcrumb","itemListElement":[{"@type":"ListItem","position":1,"name":"Home","item":"https:\/\/tourtravelandmore.com\/fr\/"},{"@type":"ListItem","position":2,"name":"Tours","item":"https:\/\/tourtravelandmore.com\/fr\/tours\/"},{"@type":"ListItem","position":3,"name":"Visite priv\u00e9e de Ratisbonne au d\u00e9part de Munich"}]},{"@type":"WebSite","@id":"https:\/\/tourtravelandmore.com\/fr\/#website","url":"https:\/\/tourtravelandmore.com\/fr\/","name":"Tour Travel And More","description":"Private sightseeing tours and luxury transfers in Spain","publisher":{"@id":"https:\/\/tourtravelandmore.com\/fr\/#organization"},"potentialAction":[{"@type":"SearchAction","target":{"@type":"EntryPoint","urlTemplate":"https:\/\/tourtravelandmore.com\/fr\/?s={search_term_string}"},"query-input":{"@type":"PropertyValueSpecification","valueRequired":true,"valueName":"search_term_string"}}],"inLanguage":"fr-FR"},{"@type":"Organization","@id":"https:\/\/tourtravelandmore.com\/fr\/#organization","name":"Tour Travel And More","url":"https:\/\/tourtravelandmore.com\/fr\/","logo":{"@type":"ImageObject","inLanguage":"fr-FR","@id":"https:\/\/tourtravelandmore.com\/fr\/#\/schema\/logo\/image\/","url":"https:\/\/tourtravelandmore.com\/wp-content\/uploads\/2022\/12\/cropped-logo-cabecera-new.png","contentUrl":"https:\/\/tourtravelandmore.com\/wp-content\/uploads\/2022\/12\/cropped-logo-cabecera-new.png","width":430,"height":61,"caption":"Tour Travel And More"},"image":{"@id":"https:\/\/tourtravelandmore.com\/fr\/#\/schema\/logo\/image\/"},"sameAs":["https:\/\/www.facebook.com\/tourtravelandmore\/","https:\/\/x.com\/TourTravel_More"]}]}},"_links":{"self":[{"href":"https:\/\/tourtravelandmore.com\/fr\/wp-json\/wp\/v2\/product\/103304","targetHints":{"allow":["GET"]}}],"collection":[{"href":"https:\/\/tourtravelandmore.com\/fr\/wp-json\/wp\/v2\/product"}],"about":[{"href":"https:\/\/tourtravelandmore.com\/fr\/wp-json\/wp\/v2\/types\/product"}],"replies":[{"embeddable":true,"href":"https:\/\/tourtravelandmore.com\/fr\/wp-json\/wp\/v2\/comments?post=103304"}],"wp:featuredmedia":[{"embeddable":true,"href":"https:\/\/tourtravelandmore.com\/fr\/wp-json\/wp\/v2\/media\/96303"}],"wp:attachment":[{"href":"https:\/\/tourtravelandmore.com\/fr\/wp-json\/wp\/v2\/media?parent=103304"}],"wp:term":[{"taxonomy":"product_brand","embeddable":true,"href":"https:\/\/tourtravelandmore.com\/fr\/wp-json\/wp\/v2\/product_brand?post=103304"},{"taxonomy":"product_cat","embeddable":true,"href":"https:\/\/tourtravelandmore.com\/fr\/wp-json\/wp\/v2\/product_cat?post=103304"},{"taxonomy":"product_tag","embeddable":true,"href":"https:\/\/tourtravelandmore.com\/fr\/wp-json\/wp\/v2\/product_tag?post=103304"}],"curies":[{"name":"wp","href":"https:\/\/api.w.org\/{rel}","templated":true}]}}