{"id":103298,"date":"2019-09-07T23:38:22","date_gmt":"2019-09-07T21:38:22","guid":{"rendered":"https:\/\/tourtravelandmore.com\/tours\/non%20class\u00e9\/visite-privee-de-nuremberg-au-depart-de-munich\/"},"modified":"2022-11-15T20:31:12","modified_gmt":"2022-11-15T19:31:12","slug":"visite-privee-de-nuremberg-au-depart-de-munich","status":"publish","type":"product","link":"https:\/\/tourtravelandmore.com\/fr\/tours\/allemagne-fr\/munich-fr\/visite-privee-de-nuremberg-au-depart-de-munich\/","title":{"rendered":"Visite priv\u00e9e de Nuremberg au d\u00e9part de Munich"},"content":{"rendered":"<h2>Description<\/h2>\n<p>Admirez la grande architecture de Nuremberg et la vieille ville historique lors de cette visite priv\u00e9e de Nuremberg au d\u00e9part de Munich. Vous aurez un chauffeur \/ guide priv\u00e9 \u00e0 votre enti\u00e8re disposition dans un v\u00e9hicule de luxe priv\u00e9.<\/p>\n<p>Nuremberg est une ville situ\u00e9e au nord de Baviera. Il se distingue par son architecture m\u00e9di\u00e9vale, comme les fortifications et les tours en pierre de son Altstadt (vieille ville).<\/p>\n<p>Cette ville incroyable est l&#8217;une des plus belles d&#8217;Allemagne. Il a une architecture unique et un mur m\u00e9di\u00e9val entourant la vieille ville.<\/p>\n<p>Avec cette visite priv\u00e9e de Nuremberg au d\u00e9part de Munich, vous aurez la chance d&#8217;admirer une ville unique avec un chauffeur \/ guide professionnel.<\/p>\n<p>Nous avons plusieurs options de visites priv\u00e9es dans et depuis Munich, jetez un \u0153il \u00e0 notre liste de visites priv\u00e9es.<\/p>\n<h2>Points d&#8217;int\u00e9r\u00eat et points de rep\u00e8re<\/h2>\n<p>Tout d&#8217;abord, votre chauffeur \/ guide priv\u00e9 viendra vous chercher \u00e0 votre h\u00f4tel ou lieu de votre choix \u00e0 Munich.<\/p>\n<p>Nuremberg est connue pour \u00eatre l&#8217;\u00e9picentre de la campagne de propagande nazie et, paradoxalement, le site principal des proc\u00e8s nazis. \u00c0 votre arriv\u00e9e, vous t\u00e9moignerez de l&#8217;une des plus belles vues urbaines que pr\u00e9sentent ses maisons m\u00e9di\u00e9vales et ses structures gothiques.<\/p>\n<p>Parmi les sites que vous visiterez, nous vous proposons:<\/p>\n<ul>\n<li>Ch\u00e2teau de Nuremberg, Kaiserburg<\/li>\n<li>Mus\u00e9e national du Germanisches<\/li>\n<li>Palais de justice<\/li>\n<li>Zum Guldenen Stern<\/li>\n<li>Mus\u00e9e des transports<\/li>\n<li>\u00c9glise Saint-Laurent<\/li>\n<li>\u00c9glise Saint-Sebaldus<\/li>\n<li>Mus\u00e9e du jouet<\/li>\n<li>Mus\u00e9e Neues<\/li>\n<li>Turm der Sinne<\/li>\n<li>Sch\u00f6ner Brunnen<\/li>\n<li>Frauenkirche<\/li>\n<li>Et bien d&#8217;autres endroits dans cette visite priv\u00e9e!<\/li>\n<\/ul>\n<p>Lors de cette visite priv\u00e9e, vous ferez \u00e9galement une halte pour d\u00e9jeuner dans un restaurant typique de la zone. Si vous pr\u00e9f\u00e9rez, nous pouvons faire une r\u00e9servation juste pour vous et votre groupe.<\/p>\n<p>Voici un exemple des meilleures choses \u00e0 visiter et \u00e0 voir en 10 heures lors de la visite priv\u00e9e de Nuremberg. \u00c9tant une visite priv\u00e9e, nous pouvons personnaliser la visite en fonction de vos besoins exacts. Nous sommes sp\u00e9cialis\u00e9s dans les visites priv\u00e9es et pour que vous puissiez profiter d&#8217;un s\u00e9jour unique. Profitez du meilleur de la ville avec Tour Travel &amp; More.<\/p>\n<p>Enfin, votre chauffeur \/ guide priv\u00e9 vous ram\u00e8nera \u00e0 votre h\u00f4tel ou \u00e0 votre point de d\u00e9part \u00e0 Munich.<\/p>\n","protected":false},"excerpt":{"rendered":"<p>Profitez de l&#8217;un de nos circuits &#8220;Best Seller&#8221; au d\u00e9part de Munich et admirez la magnifique ville de Nuremberg avec un chauffeur \/ guide professionnel. Faites une promenade sur les lieux et monuments les plus importants tels que le ch\u00e2teau de Nuremberg, le palais de justice, l&#8217;\u00e9glise Saint-Laurent et bien plus encore !.<\/p>\n<p>&nbsp;<\/p>\n","protected":false},"featured_media":96309,"comment_status":"open","ping_status":"closed","template":"","meta":{"_acf_changed":false},"product_brand":[],"product_cat":[3756],"product_tag":[],"class_list":{"0":"post-103298","1":"product","2":"type-product","3":"status-publish","4":"has-post-thumbnail","6":"product_cat-munich-fr","8":"first","9":"instock","10":"shipping-taxable","11":"purchasable","12":"product-type-simple"},"acf":[],"yoast_head":"<!-- This site is optimized with the Yoast SEO Premium plugin v25.3.1 (Yoast SEO v25.3.1) - https:\/\/yoast.com\/wordpress\/plugins\/seo\/ -->\n<title>Visite priv\u00e9e de Nuremberg au d\u00e9part de Munich dans un v\u00e9hicule de luxe priv\u00e9<\/title>\n<meta name=\"description\" content=\"Si vous souhaitez vivre une exp\u00e9rience d&#039;une journ\u00e9e compl\u00e8te, profitez de cette visite priv\u00e9e de Nuremberg au d\u00e9part de Munich dans un v\u00e9hicule priv\u00e9 avec un chauffeur \/ guide.\" \/>\n<meta name=\"robots\" content=\"index, follow, max-snippet:-1, max-image-preview:large, max-video-preview:-1\" \/>\n<link rel=\"canonical\" href=\"https:\/\/tourtravelandmore.com\/fr\/tours\/allemagne-fr\/munich-fr\/visite-privee-de-nuremberg-au-depart-de-munich\/\" \/>\n<meta property=\"og:locale\" content=\"fr_FR\" \/>\n<meta property=\"og:type\" content=\"article\" \/>\n<meta property=\"og:title\" content=\"Visite priv\u00e9e de Nuremberg au d\u00e9part de Munich\" \/>\n<meta property=\"og:description\" content=\"Si vous souhaitez vivre une exp\u00e9rience d&#039;une journ\u00e9e compl\u00e8te, profitez de cette visite priv\u00e9e de Nuremberg au d\u00e9part de Munich dans un v\u00e9hicule priv\u00e9 avec un chauffeur \/ guide.\" \/>\n<meta property=\"og:url\" content=\"https:\/\/tourtravelandmore.com\/fr\/tours\/allemagne-fr\/munich-fr\/visite-privee-de-nuremberg-au-depart-de-munich\/\" \/>\n<meta property=\"og:site_name\" content=\"Tour Travel And More\" \/>\n<meta property=\"article:publisher\" content=\"https:\/\/www.facebook.com\/tourtravelandmore\/\" \/>\n<meta property=\"article:modified_time\" content=\"2022-11-15T19:31:12+00:00\" \/>\n<meta property=\"og:image\" content=\"https:\/\/tourtravelandmore.com\/wp-content\/uploads\/2019\/09\/nuremberg.4.jpg\" \/>\n\t<meta property=\"og:image:width\" content=\"960\" \/>\n\t<meta property=\"og:image:height\" content=\"628\" \/>\n\t<meta property=\"og:image:type\" content=\"image\/jpeg\" \/>\n<meta name=\"twitter:card\" content=\"summary_large_image\" \/>\n<meta name=\"twitter:site\" content=\"@TourTravel_More\" \/>\n<meta name=\"twitter:label1\" content=\"Dur\u00e9e de lecture estim\u00e9e\" \/>\n\t<meta name=\"twitter:data1\" content=\"2 minutes\" \/>\n<script type=\"application\/ld+json\" class=\"yoast-schema-graph\">{\"@context\":\"https:\/\/schema.org\",\"@graph\":[{\"@type\":\"WebPage\",\"@id\":\"https:\/\/tourtravelandmore.com\/fr\/tours\/allemagne-fr\/munich-fr\/visite-privee-de-nuremberg-au-depart-de-munich\/\",\"url\":\"https:\/\/tourtravelandmore.com\/fr\/tours\/allemagne-fr\/munich-fr\/visite-privee-de-nuremberg-au-depart-de-munich\/\",\"name\":\"Visite priv\u00e9e de Nuremberg au d\u00e9part de Munich dans un v\u00e9hicule de luxe priv\u00e9\",\"isPartOf\":{\"@id\":\"https:\/\/tourtravelandmore.com\/fr\/#website\"},\"primaryImageOfPage\":{\"@id\":\"https:\/\/tourtravelandmore.com\/fr\/tours\/allemagne-fr\/munich-fr\/visite-privee-de-nuremberg-au-depart-de-munich\/#primaryimage\"},\"image\":{\"@id\":\"https:\/\/tourtravelandmore.com\/fr\/tours\/allemagne-fr\/munich-fr\/visite-privee-de-nuremberg-au-depart-de-munich\/#primaryimage\"},\"thumbnailUrl\":\"https:\/\/tourtravelandmore.com\/wp-content\/uploads\/2019\/09\/nuremberg.4.jpg\",\"datePublished\":\"2019-09-07T21:38:22+00:00\",\"dateModified\":\"2022-11-15T19:31:12+00:00\",\"description\":\"Si vous souhaitez vivre une exp\u00e9rience d'une journ\u00e9e compl\u00e8te, profitez de cette visite priv\u00e9e de Nuremberg au d\u00e9part de Munich dans un v\u00e9hicule priv\u00e9 avec un chauffeur \/ guide.\",\"breadcrumb\":{\"@id\":\"https:\/\/tourtravelandmore.com\/fr\/tours\/allemagne-fr\/munich-fr\/visite-privee-de-nuremberg-au-depart-de-munich\/#breadcrumb\"},\"inLanguage\":\"fr-FR\",\"potentialAction\":[{\"@type\":\"ReadAction\",\"target\":[\"https:\/\/tourtravelandmore.com\/fr\/tours\/allemagne-fr\/munich-fr\/visite-privee-de-nuremberg-au-depart-de-munich\/\"]}]},{\"@type\":\"ImageObject\",\"inLanguage\":\"fr-FR\",\"@id\":\"https:\/\/tourtravelandmore.com\/fr\/tours\/allemagne-fr\/munich-fr\/visite-privee-de-nuremberg-au-depart-de-munich\/#primaryimage\",\"url\":\"https:\/\/tourtravelandmore.com\/wp-content\/uploads\/2019\/09\/nuremberg.4.jpg\",\"contentUrl\":\"https:\/\/tourtravelandmore.com\/wp-content\/uploads\/2019\/09\/nuremberg.4.jpg\",\"width\":960,\"height\":628},{\"@type\":\"BreadcrumbList\",\"@id\":\"https:\/\/tourtravelandmore.com\/fr\/tours\/allemagne-fr\/munich-fr\/visite-privee-de-nuremberg-au-depart-de-munich\/#breadcrumb\",\"itemListElement\":[{\"@type\":\"ListItem\",\"position\":1,\"name\":\"Home\",\"item\":\"https:\/\/tourtravelandmore.com\/fr\/\"},{\"@type\":\"ListItem\",\"position\":2,\"name\":\"Tours\",\"item\":\"https:\/\/tourtravelandmore.com\/fr\/tours\/\"},{\"@type\":\"ListItem\",\"position\":3,\"name\":\"Visite priv\u00e9e de Nuremberg au d\u00e9part de Munich\"}]},{\"@type\":\"WebSite\",\"@id\":\"https:\/\/tourtravelandmore.com\/fr\/#website\",\"url\":\"https:\/\/tourtravelandmore.com\/fr\/\",\"name\":\"Tour Travel And More\",\"description\":\"Private sightseeing tours and luxury transfers in Spain\",\"publisher\":{\"@id\":\"https:\/\/tourtravelandmore.com\/fr\/#organization\"},\"potentialAction\":[{\"@type\":\"SearchAction\",\"target\":{\"@type\":\"EntryPoint\",\"urlTemplate\":\"https:\/\/tourtravelandmore.com\/fr\/?s={search_term_string}\"},\"query-input\":{\"@type\":\"PropertyValueSpecification\",\"valueRequired\":true,\"valueName\":\"search_term_string\"}}],\"inLanguage\":\"fr-FR\"},{\"@type\":\"Organization\",\"@id\":\"https:\/\/tourtravelandmore.com\/fr\/#organization\",\"name\":\"Tour Travel And More\",\"url\":\"https:\/\/tourtravelandmore.com\/fr\/\",\"logo\":{\"@type\":\"ImageObject\",\"inLanguage\":\"fr-FR\",\"@id\":\"https:\/\/tourtravelandmore.com\/fr\/#\/schema\/logo\/image\/\",\"url\":\"https:\/\/tourtravelandmore.com\/wp-content\/uploads\/2022\/12\/cropped-logo-cabecera-new.png\",\"contentUrl\":\"https:\/\/tourtravelandmore.com\/wp-content\/uploads\/2022\/12\/cropped-logo-cabecera-new.png\",\"width\":430,\"height\":61,\"caption\":\"Tour Travel And More\"},\"image\":{\"@id\":\"https:\/\/tourtravelandmore.com\/fr\/#\/schema\/logo\/image\/\"},\"sameAs\":[\"https:\/\/www.facebook.com\/tourtravelandmore\/\",\"https:\/\/x.com\/TourTravel_More\"]}]}<\/script>\n<!-- \/ Yoast SEO Premium plugin. -->","yoast_head_json":{"title":"Visite priv\u00e9e de Nuremberg au d\u00e9part de Munich dans un v\u00e9hicule de luxe priv\u00e9","description":"Si vous souhaitez vivre une exp\u00e9rience d'une journ\u00e9e compl\u00e8te, profitez de cette visite priv\u00e9e de Nuremberg au d\u00e9part de Munich dans un v\u00e9hicule priv\u00e9 avec un chauffeur \/ guide.","robots":{"index":"index","follow":"follow","max-snippet":"max-snippet:-1","max-image-preview":"max-image-preview:large","max-video-preview":"max-video-preview:-1"},"canonical":"https:\/\/tourtravelandmore.com\/fr\/tours\/allemagne-fr\/munich-fr\/visite-privee-de-nuremberg-au-depart-de-munich\/","og_locale":"fr_FR","og_type":"article","og_title":"Visite priv\u00e9e de Nuremberg au d\u00e9part de Munich","og_description":"Si vous souhaitez vivre une exp\u00e9rience d'une journ\u00e9e compl\u00e8te, profitez de cette visite priv\u00e9e de Nuremberg au d\u00e9part de Munich dans un v\u00e9hicule priv\u00e9 avec un chauffeur \/ guide.","og_url":"https:\/\/tourtravelandmore.com\/fr\/tours\/allemagne-fr\/munich-fr\/visite-privee-de-nuremberg-au-depart-de-munich\/","og_site_name":"Tour Travel And More","article_publisher":"https:\/\/www.facebook.com\/tourtravelandmore\/","article_modified_time":"2022-11-15T19:31:12+00:00","og_image":[{"width":960,"height":628,"url":"https:\/\/tourtravelandmore.com\/wp-content\/uploads\/2019\/09\/nuremberg.4.jpg","type":"image\/jpeg"}],"twitter_card":"summary_large_image","twitter_site":"@TourTravel_More","twitter_misc":{"Dur\u00e9e de lecture estim\u00e9e":"2 minutes"},"schema":{"@context":"https:\/\/schema.org","@graph":[{"@type":"WebPage","@id":"https:\/\/tourtravelandmore.com\/fr\/tours\/allemagne-fr\/munich-fr\/visite-privee-de-nuremberg-au-depart-de-munich\/","url":"https:\/\/tourtravelandmore.com\/fr\/tours\/allemagne-fr\/munich-fr\/visite-privee-de-nuremberg-au-depart-de-munich\/","name":"Visite priv\u00e9e de Nuremberg au d\u00e9part de Munich dans un v\u00e9hicule de luxe priv\u00e9","isPartOf":{"@id":"https:\/\/tourtravelandmore.com\/fr\/#website"},"primaryImageOfPage":{"@id":"https:\/\/tourtravelandmore.com\/fr\/tours\/allemagne-fr\/munich-fr\/visite-privee-de-nuremberg-au-depart-de-munich\/#primaryimage"},"image":{"@id":"https:\/\/tourtravelandmore.com\/fr\/tours\/allemagne-fr\/munich-fr\/visite-privee-de-nuremberg-au-depart-de-munich\/#primaryimage"},"thumbnailUrl":"https:\/\/tourtravelandmore.com\/wp-content\/uploads\/2019\/09\/nuremberg.4.jpg","datePublished":"2019-09-07T21:38:22+00:00","dateModified":"2022-11-15T19:31:12+00:00","description":"Si vous souhaitez vivre une exp\u00e9rience d'une journ\u00e9e compl\u00e8te, profitez de cette visite priv\u00e9e de Nuremberg au d\u00e9part de Munich dans un v\u00e9hicule priv\u00e9 avec un chauffeur \/ guide.","breadcrumb":{"@id":"https:\/\/tourtravelandmore.com\/fr\/tours\/allemagne-fr\/munich-fr\/visite-privee-de-nuremberg-au-depart-de-munich\/#breadcrumb"},"inLanguage":"fr-FR","potentialAction":[{"@type":"ReadAction","target":["https:\/\/tourtravelandmore.com\/fr\/tours\/allemagne-fr\/munich-fr\/visite-privee-de-nuremberg-au-depart-de-munich\/"]}]},{"@type":"ImageObject","inLanguage":"fr-FR","@id":"https:\/\/tourtravelandmore.com\/fr\/tours\/allemagne-fr\/munich-fr\/visite-privee-de-nuremberg-au-depart-de-munich\/#primaryimage","url":"https:\/\/tourtravelandmore.com\/wp-content\/uploads\/2019\/09\/nuremberg.4.jpg","contentUrl":"https:\/\/tourtravelandmore.com\/wp-content\/uploads\/2019\/09\/nuremberg.4.jpg","width":960,"height":628},{"@type":"BreadcrumbList","@id":"https:\/\/tourtravelandmore.com\/fr\/tours\/allemagne-fr\/munich-fr\/visite-privee-de-nuremberg-au-depart-de-munich\/#breadcrumb","itemListElement":[{"@type":"ListItem","position":1,"name":"Home","item":"https:\/\/tourtravelandmore.com\/fr\/"},{"@type":"ListItem","position":2,"name":"Tours","item":"https:\/\/tourtravelandmore.com\/fr\/tours\/"},{"@type":"ListItem","position":3,"name":"Visite priv\u00e9e de Nuremberg au d\u00e9part de Munich"}]},{"@type":"WebSite","@id":"https:\/\/tourtravelandmore.com\/fr\/#website","url":"https:\/\/tourtravelandmore.com\/fr\/","name":"Tour Travel And More","description":"Private sightseeing tours and luxury transfers in Spain","publisher":{"@id":"https:\/\/tourtravelandmore.com\/fr\/#organization"},"potentialAction":[{"@type":"SearchAction","target":{"@type":"EntryPoint","urlTemplate":"https:\/\/tourtravelandmore.com\/fr\/?s={search_term_string}"},"query-input":{"@type":"PropertyValueSpecification","valueRequired":true,"valueName":"search_term_string"}}],"inLanguage":"fr-FR"},{"@type":"Organization","@id":"https:\/\/tourtravelandmore.com\/fr\/#organization","name":"Tour Travel And More","url":"https:\/\/tourtravelandmore.com\/fr\/","logo":{"@type":"ImageObject","inLanguage":"fr-FR","@id":"https:\/\/tourtravelandmore.com\/fr\/#\/schema\/logo\/image\/","url":"https:\/\/tourtravelandmore.com\/wp-content\/uploads\/2022\/12\/cropped-logo-cabecera-new.png","contentUrl":"https:\/\/tourtravelandmore.com\/wp-content\/uploads\/2022\/12\/cropped-logo-cabecera-new.png","width":430,"height":61,"caption":"Tour Travel And More"},"image":{"@id":"https:\/\/tourtravelandmore.com\/fr\/#\/schema\/logo\/image\/"},"sameAs":["https:\/\/www.facebook.com\/tourtravelandmore\/","https:\/\/x.com\/TourTravel_More"]}]}},"_links":{"self":[{"href":"https:\/\/tourtravelandmore.com\/fr\/wp-json\/wp\/v2\/product\/103298","targetHints":{"allow":["GET"]}}],"collection":[{"href":"https:\/\/tourtravelandmore.com\/fr\/wp-json\/wp\/v2\/product"}],"about":[{"href":"https:\/\/tourtravelandmore.com\/fr\/wp-json\/wp\/v2\/types\/product"}],"replies":[{"embeddable":true,"href":"https:\/\/tourtravelandmore.com\/fr\/wp-json\/wp\/v2\/comments?post=103298"}],"wp:featuredmedia":[{"embeddable":true,"href":"https:\/\/tourtravelandmore.com\/fr\/wp-json\/wp\/v2\/media\/96309"}],"wp:attachment":[{"href":"https:\/\/tourtravelandmore.com\/fr\/wp-json\/wp\/v2\/media?parent=103298"}],"wp:term":[{"taxonomy":"product_brand","embeddable":true,"href":"https:\/\/tourtravelandmore.com\/fr\/wp-json\/wp\/v2\/product_brand?post=103298"},{"taxonomy":"product_cat","embeddable":true,"href":"https:\/\/tourtravelandmore.com\/fr\/wp-json\/wp\/v2\/product_cat?post=103298"},{"taxonomy":"product_tag","embeddable":true,"href":"https:\/\/tourtravelandmore.com\/fr\/wp-json\/wp\/v2\/product_tag?post=103298"}],"curies":[{"name":"wp","href":"https:\/\/api.w.org\/{rel}","templated":true}]}}