{"id":103292,"date":"2019-09-07T23:23:20","date_gmt":"2019-09-07T21:23:20","guid":{"rendered":"https:\/\/tourtravelandmore.com\/tours\/non%20class\u00e9\/visite-privee-a-berchtesgaden-et-eagles-nest\/"},"modified":"2022-11-16T09:22:23","modified_gmt":"2022-11-16T08:22:23","slug":"visite-privee-a-berchtesgaden-et-eagles-nest","status":"publish","type":"product","link":"https:\/\/tourtravelandmore.com\/fr\/tours\/allemagne-fr\/munich-fr\/visite-privee-a-berchtesgaden-et-eagles-nest\/","title":{"rendered":"Visite priv\u00e9e \u00e0 Berchtesgaden et Eagle&#8217;s Nest"},"content":{"rendered":"<h2>Description<\/h2>\n<p>Profitez de la vue magnifique sur le paysage de Berchtesgaden lors de cette visite priv\u00e9e \u00e0 Berchtesgaden et Eagle&#8217;s Nest. Le service aura lieu dans un v\u00e9hicule de luxe priv\u00e9 avec chauffeur \/ guide depuis le lieu de votre choix \u00e0 Munich.<\/p>\n<p>La ville de Berchtesgaden est situ\u00e9e dans les Alpes bavaroises, pr\u00e8s de la fronti\u00e8re autrichienne. Cette ville est tr\u00e8s connue car elle abrite le nid d&#8217;aigle qui est situ\u00e9 \u00e0 c\u00f4t\u00e9 de Hoher G\u00f6ll, l&#8217;un des plus hauts sommets des Alpes bavaroises. De nos jours, le nid d&#8217;aigle a \u00e9t\u00e9 converti en restaurant et est un endroit que les touristes adorent visiter.<\/p>\n<p>Cette visite priv\u00e9e s&#8217;adresse \u00e0 ceux qui souhaitent passer un tr\u00e8s bon moment dans les montagnes et \u00e9galement en apprendre davantage sur l&#8217;histoire du lieu. Berchtesgaden est un endroit \u00e0 ne pas manquer.<\/p>\n<p>Si vous recherchez un autre type de visite d&#8217;une journ\u00e9e compl\u00e8te, veuillez jeter un coup d&#8217;\u0153il \u00e0 notre visite priv\u00e9e de Nuremberg au d\u00e9part de Munich.<\/p>\n<h2>Points d&#8217;int\u00e9r\u00eat et points de rep\u00e8re<\/h2>\n<p>Tout d&#8217;abord, vous r\u00e9cup\u00e9rerez votre chauffeur \/ guide priv\u00e9 dans un v\u00e9hicule de luxe \u00e0 l&#8217;heure souhait\u00e9e \u00e0 Munich. Profitez de la ville de Berchtesgaden et des vues magnifiques et fascinantes sur les Alpes de son parc Wasseralm.<\/p>\n<p>Berchtesgaden est connu pour avoir accueilli la maison de retraite d&#8217;Adolf Hitler, le nid d&#8217;aigle, au Mont Kehlstein. Profitez de la vue sur les Alpes bavaroises pendant que votre chauffeur \/ guide priv\u00e9 vous conduit \u00e0 Berchtesgaden.<\/p>\n<p>Parmi les sites que vous visiterez, nous vous proposons \u00e9galement:<\/p>\n<ul>\n<li>Parc Wasseralm<\/li>\n<li>Mont Kehlstein<\/li>\n<li>Nid d&#8217;aigle, Kehlsteinhaus<\/li>\n<li>Lac K\u00f6nigssee<\/li>\n<li>Mines de sel<\/li>\n<li>Hoher G\u00f6ll mont<\/li>\n<li>Watzmann<\/li>\n<li>Hochkalter<\/li>\n<li>Et bien d&#8217;autres attractions rurales dans cette visite priv\u00e9e.<\/li>\n<\/ul>\n<p>Il s&#8217;agit d&#8217;une visite priv\u00e9e d&#8217;une dur\u00e9e totale de 10 heures entre le moment de la prise en charge et le moment du d\u00e9p\u00f4t. Au cas o\u00f9 vous pr\u00e9f\u00e9rez, nous pouvons inclure plus d&#8217;heures \u00e0 votre exp\u00e9rience.<\/p>\n<p>Votre chauffeur \/ guide priv\u00e9 est un professionnel et tr\u00e8s bien inform\u00e9 sur la ville et son histoire. Vous aurez l&#8217;occasion d&#8217;en apprendre beaucoup sur l&#8217;histoire qui rend cet endroit si sp\u00e9cial.<\/p>\n<p>Au cours de cette visite priv\u00e9e \u00e0 Berchtesgaden et Eagle&#8217;s Nest, vous ferez \u00e9galement une halte pour le d\u00e9jeuner et d\u00e9gusterez un plat typique de la zone.<\/p>\n<p>Enfin, votre chauffeur \/ guide priv\u00e9 vous ram\u00e8nera \u00e0 votre point de d\u00e9part \u00e0 Munich.<\/p>\n","protected":false},"excerpt":{"rendered":"<p>Venez avec nous dans cette excursion priv\u00e9e d&#8217;une journ\u00e9e \u00e0 Berchtesgaden et Eagle&#8217;s Nest au d\u00e9part de Munich. Profitez de cette visite enti\u00e8rement personnalis\u00e9e et priv\u00e9e avec un chauffeur \/ guide professionnel qui est pr\u00eat \u00e0 vous montrer ce lieu magnifique. Ne manquez pas l&#8217;occasion de d\u00e9couvrir cet endroit unique tout en admirant la vue imprenable sur la campagne de son parc, Wasseralm.<\/p>\n","protected":false},"featured_media":96329,"comment_status":"open","ping_status":"closed","template":"","meta":{"_acf_changed":false},"product_brand":[],"product_cat":[3756],"product_tag":[],"class_list":{"0":"post-103292","1":"product","2":"type-product","3":"status-publish","4":"has-post-thumbnail","6":"product_cat-munich-fr","8":"first","9":"instock","10":"shipping-taxable","11":"purchasable","12":"product-type-simple"},"acf":[],"yoast_head":"<!-- This site is optimized with the Yoast SEO Premium plugin v25.3.1 (Yoast SEO v25.3.1) - https:\/\/yoast.com\/wordpress\/plugins\/seo\/ -->\n<title>Visite priv\u00e9e \u00e0 Berchtesgaden et Eagle&#039;s Nest au d\u00e9part de Munich<\/title>\n<meta name=\"description\" content=\"Profitez de cette visite priv\u00e9e des paysages ruraux de Berchtesgaden et profitez-en pour visiter le nid d&#039;aigle avec votre chauffeur \/ guide priv\u00e9.\" \/>\n<meta name=\"robots\" content=\"index, follow, max-snippet:-1, max-image-preview:large, max-video-preview:-1\" \/>\n<link rel=\"canonical\" href=\"https:\/\/tourtravelandmore.com\/fr\/tours\/allemagne-fr\/munich-fr\/visite-privee-a-berchtesgaden-et-eagles-nest\/\" \/>\n<meta property=\"og:locale\" content=\"fr_FR\" \/>\n<meta property=\"og:type\" content=\"article\" \/>\n<meta property=\"og:title\" content=\"Visite priv\u00e9e \u00e0 Berchtesgaden et Eagle&#039;s Nest\" \/>\n<meta property=\"og:description\" content=\"Profitez de cette visite priv\u00e9e des paysages ruraux de Berchtesgaden et profitez-en pour visiter le nid d&#039;aigle avec votre chauffeur \/ guide priv\u00e9.\" \/>\n<meta property=\"og:url\" content=\"https:\/\/tourtravelandmore.com\/fr\/tours\/allemagne-fr\/munich-fr\/visite-privee-a-berchtesgaden-et-eagles-nest\/\" \/>\n<meta property=\"og:site_name\" content=\"Tour Travel And More\" \/>\n<meta property=\"article:publisher\" content=\"https:\/\/www.facebook.com\/tourtravelandmore\/\" \/>\n<meta property=\"article:modified_time\" content=\"2022-11-16T08:22:23+00:00\" \/>\n<meta property=\"og:image\" content=\"https:\/\/tourtravelandmore.com\/wp-content\/uploads\/2019\/09\/berchtesgaden.jpg\" \/>\n\t<meta property=\"og:image:width\" content=\"960\" \/>\n\t<meta property=\"og:image:height\" content=\"720\" \/>\n\t<meta property=\"og:image:type\" content=\"image\/jpeg\" \/>\n<meta name=\"twitter:card\" content=\"summary_large_image\" \/>\n<meta name=\"twitter:site\" content=\"@TourTravel_More\" \/>\n<meta name=\"twitter:label1\" content=\"Dur\u00e9e de lecture estim\u00e9e\" \/>\n\t<meta name=\"twitter:data1\" content=\"2 minutes\" \/>\n<script type=\"application\/ld+json\" class=\"yoast-schema-graph\">{\"@context\":\"https:\/\/schema.org\",\"@graph\":[{\"@type\":\"WebPage\",\"@id\":\"https:\/\/tourtravelandmore.com\/fr\/tours\/allemagne-fr\/munich-fr\/visite-privee-a-berchtesgaden-et-eagles-nest\/\",\"url\":\"https:\/\/tourtravelandmore.com\/fr\/tours\/allemagne-fr\/munich-fr\/visite-privee-a-berchtesgaden-et-eagles-nest\/\",\"name\":\"Visite priv\u00e9e \u00e0 Berchtesgaden et Eagle's Nest au d\u00e9part de Munich\",\"isPartOf\":{\"@id\":\"https:\/\/tourtravelandmore.com\/fr\/#website\"},\"primaryImageOfPage\":{\"@id\":\"https:\/\/tourtravelandmore.com\/fr\/tours\/allemagne-fr\/munich-fr\/visite-privee-a-berchtesgaden-et-eagles-nest\/#primaryimage\"},\"image\":{\"@id\":\"https:\/\/tourtravelandmore.com\/fr\/tours\/allemagne-fr\/munich-fr\/visite-privee-a-berchtesgaden-et-eagles-nest\/#primaryimage\"},\"thumbnailUrl\":\"https:\/\/tourtravelandmore.com\/wp-content\/uploads\/2019\/09\/berchtesgaden.jpg\",\"datePublished\":\"2019-09-07T21:23:20+00:00\",\"dateModified\":\"2022-11-16T08:22:23+00:00\",\"description\":\"Profitez de cette visite priv\u00e9e des paysages ruraux de Berchtesgaden et profitez-en pour visiter le nid d'aigle avec votre chauffeur \/ guide priv\u00e9.\",\"breadcrumb\":{\"@id\":\"https:\/\/tourtravelandmore.com\/fr\/tours\/allemagne-fr\/munich-fr\/visite-privee-a-berchtesgaden-et-eagles-nest\/#breadcrumb\"},\"inLanguage\":\"fr-FR\",\"potentialAction\":[{\"@type\":\"ReadAction\",\"target\":[\"https:\/\/tourtravelandmore.com\/fr\/tours\/allemagne-fr\/munich-fr\/visite-privee-a-berchtesgaden-et-eagles-nest\/\"]}]},{\"@type\":\"ImageObject\",\"inLanguage\":\"fr-FR\",\"@id\":\"https:\/\/tourtravelandmore.com\/fr\/tours\/allemagne-fr\/munich-fr\/visite-privee-a-berchtesgaden-et-eagles-nest\/#primaryimage\",\"url\":\"https:\/\/tourtravelandmore.com\/wp-content\/uploads\/2019\/09\/berchtesgaden.jpg\",\"contentUrl\":\"https:\/\/tourtravelandmore.com\/wp-content\/uploads\/2019\/09\/berchtesgaden.jpg\",\"width\":960,\"height\":720},{\"@type\":\"BreadcrumbList\",\"@id\":\"https:\/\/tourtravelandmore.com\/fr\/tours\/allemagne-fr\/munich-fr\/visite-privee-a-berchtesgaden-et-eagles-nest\/#breadcrumb\",\"itemListElement\":[{\"@type\":\"ListItem\",\"position\":1,\"name\":\"Home\",\"item\":\"https:\/\/tourtravelandmore.com\/fr\/\"},{\"@type\":\"ListItem\",\"position\":2,\"name\":\"Tours\",\"item\":\"https:\/\/tourtravelandmore.com\/fr\/tours\/\"},{\"@type\":\"ListItem\",\"position\":3,\"name\":\"Visite priv\u00e9e \u00e0 Berchtesgaden et Eagle&rsquo;s Nest\"}]},{\"@type\":\"WebSite\",\"@id\":\"https:\/\/tourtravelandmore.com\/fr\/#website\",\"url\":\"https:\/\/tourtravelandmore.com\/fr\/\",\"name\":\"Tour Travel And More\",\"description\":\"Private sightseeing tours and luxury transfers in Spain\",\"publisher\":{\"@id\":\"https:\/\/tourtravelandmore.com\/fr\/#organization\"},\"potentialAction\":[{\"@type\":\"SearchAction\",\"target\":{\"@type\":\"EntryPoint\",\"urlTemplate\":\"https:\/\/tourtravelandmore.com\/fr\/?s={search_term_string}\"},\"query-input\":{\"@type\":\"PropertyValueSpecification\",\"valueRequired\":true,\"valueName\":\"search_term_string\"}}],\"inLanguage\":\"fr-FR\"},{\"@type\":\"Organization\",\"@id\":\"https:\/\/tourtravelandmore.com\/fr\/#organization\",\"name\":\"Tour Travel And More\",\"url\":\"https:\/\/tourtravelandmore.com\/fr\/\",\"logo\":{\"@type\":\"ImageObject\",\"inLanguage\":\"fr-FR\",\"@id\":\"https:\/\/tourtravelandmore.com\/fr\/#\/schema\/logo\/image\/\",\"url\":\"https:\/\/tourtravelandmore.com\/wp-content\/uploads\/2022\/12\/cropped-logo-cabecera-new.png\",\"contentUrl\":\"https:\/\/tourtravelandmore.com\/wp-content\/uploads\/2022\/12\/cropped-logo-cabecera-new.png\",\"width\":430,\"height\":61,\"caption\":\"Tour Travel And More\"},\"image\":{\"@id\":\"https:\/\/tourtravelandmore.com\/fr\/#\/schema\/logo\/image\/\"},\"sameAs\":[\"https:\/\/www.facebook.com\/tourtravelandmore\/\",\"https:\/\/x.com\/TourTravel_More\"]}]}<\/script>\n<!-- \/ Yoast SEO Premium plugin. -->","yoast_head_json":{"title":"Visite priv\u00e9e \u00e0 Berchtesgaden et Eagle's Nest au d\u00e9part de Munich","description":"Profitez de cette visite priv\u00e9e des paysages ruraux de Berchtesgaden et profitez-en pour visiter le nid d'aigle avec votre chauffeur \/ guide priv\u00e9.","robots":{"index":"index","follow":"follow","max-snippet":"max-snippet:-1","max-image-preview":"max-image-preview:large","max-video-preview":"max-video-preview:-1"},"canonical":"https:\/\/tourtravelandmore.com\/fr\/tours\/allemagne-fr\/munich-fr\/visite-privee-a-berchtesgaden-et-eagles-nest\/","og_locale":"fr_FR","og_type":"article","og_title":"Visite priv\u00e9e \u00e0 Berchtesgaden et Eagle's Nest","og_description":"Profitez de cette visite priv\u00e9e des paysages ruraux de Berchtesgaden et profitez-en pour visiter le nid d'aigle avec votre chauffeur \/ guide priv\u00e9.","og_url":"https:\/\/tourtravelandmore.com\/fr\/tours\/allemagne-fr\/munich-fr\/visite-privee-a-berchtesgaden-et-eagles-nest\/","og_site_name":"Tour Travel And More","article_publisher":"https:\/\/www.facebook.com\/tourtravelandmore\/","article_modified_time":"2022-11-16T08:22:23+00:00","og_image":[{"width":960,"height":720,"url":"https:\/\/tourtravelandmore.com\/wp-content\/uploads\/2019\/09\/berchtesgaden.jpg","type":"image\/jpeg"}],"twitter_card":"summary_large_image","twitter_site":"@TourTravel_More","twitter_misc":{"Dur\u00e9e de lecture estim\u00e9e":"2 minutes"},"schema":{"@context":"https:\/\/schema.org","@graph":[{"@type":"WebPage","@id":"https:\/\/tourtravelandmore.com\/fr\/tours\/allemagne-fr\/munich-fr\/visite-privee-a-berchtesgaden-et-eagles-nest\/","url":"https:\/\/tourtravelandmore.com\/fr\/tours\/allemagne-fr\/munich-fr\/visite-privee-a-berchtesgaden-et-eagles-nest\/","name":"Visite priv\u00e9e \u00e0 Berchtesgaden et Eagle's Nest au d\u00e9part de Munich","isPartOf":{"@id":"https:\/\/tourtravelandmore.com\/fr\/#website"},"primaryImageOfPage":{"@id":"https:\/\/tourtravelandmore.com\/fr\/tours\/allemagne-fr\/munich-fr\/visite-privee-a-berchtesgaden-et-eagles-nest\/#primaryimage"},"image":{"@id":"https:\/\/tourtravelandmore.com\/fr\/tours\/allemagne-fr\/munich-fr\/visite-privee-a-berchtesgaden-et-eagles-nest\/#primaryimage"},"thumbnailUrl":"https:\/\/tourtravelandmore.com\/wp-content\/uploads\/2019\/09\/berchtesgaden.jpg","datePublished":"2019-09-07T21:23:20+00:00","dateModified":"2022-11-16T08:22:23+00:00","description":"Profitez de cette visite priv\u00e9e des paysages ruraux de Berchtesgaden et profitez-en pour visiter le nid d'aigle avec votre chauffeur \/ guide priv\u00e9.","breadcrumb":{"@id":"https:\/\/tourtravelandmore.com\/fr\/tours\/allemagne-fr\/munich-fr\/visite-privee-a-berchtesgaden-et-eagles-nest\/#breadcrumb"},"inLanguage":"fr-FR","potentialAction":[{"@type":"ReadAction","target":["https:\/\/tourtravelandmore.com\/fr\/tours\/allemagne-fr\/munich-fr\/visite-privee-a-berchtesgaden-et-eagles-nest\/"]}]},{"@type":"ImageObject","inLanguage":"fr-FR","@id":"https:\/\/tourtravelandmore.com\/fr\/tours\/allemagne-fr\/munich-fr\/visite-privee-a-berchtesgaden-et-eagles-nest\/#primaryimage","url":"https:\/\/tourtravelandmore.com\/wp-content\/uploads\/2019\/09\/berchtesgaden.jpg","contentUrl":"https:\/\/tourtravelandmore.com\/wp-content\/uploads\/2019\/09\/berchtesgaden.jpg","width":960,"height":720},{"@type":"BreadcrumbList","@id":"https:\/\/tourtravelandmore.com\/fr\/tours\/allemagne-fr\/munich-fr\/visite-privee-a-berchtesgaden-et-eagles-nest\/#breadcrumb","itemListElement":[{"@type":"ListItem","position":1,"name":"Home","item":"https:\/\/tourtravelandmore.com\/fr\/"},{"@type":"ListItem","position":2,"name":"Tours","item":"https:\/\/tourtravelandmore.com\/fr\/tours\/"},{"@type":"ListItem","position":3,"name":"Visite priv\u00e9e \u00e0 Berchtesgaden et Eagle&rsquo;s Nest"}]},{"@type":"WebSite","@id":"https:\/\/tourtravelandmore.com\/fr\/#website","url":"https:\/\/tourtravelandmore.com\/fr\/","name":"Tour Travel And More","description":"Private sightseeing tours and luxury transfers in Spain","publisher":{"@id":"https:\/\/tourtravelandmore.com\/fr\/#organization"},"potentialAction":[{"@type":"SearchAction","target":{"@type":"EntryPoint","urlTemplate":"https:\/\/tourtravelandmore.com\/fr\/?s={search_term_string}"},"query-input":{"@type":"PropertyValueSpecification","valueRequired":true,"valueName":"search_term_string"}}],"inLanguage":"fr-FR"},{"@type":"Organization","@id":"https:\/\/tourtravelandmore.com\/fr\/#organization","name":"Tour Travel And More","url":"https:\/\/tourtravelandmore.com\/fr\/","logo":{"@type":"ImageObject","inLanguage":"fr-FR","@id":"https:\/\/tourtravelandmore.com\/fr\/#\/schema\/logo\/image\/","url":"https:\/\/tourtravelandmore.com\/wp-content\/uploads\/2022\/12\/cropped-logo-cabecera-new.png","contentUrl":"https:\/\/tourtravelandmore.com\/wp-content\/uploads\/2022\/12\/cropped-logo-cabecera-new.png","width":430,"height":61,"caption":"Tour Travel And More"},"image":{"@id":"https:\/\/tourtravelandmore.com\/fr\/#\/schema\/logo\/image\/"},"sameAs":["https:\/\/www.facebook.com\/tourtravelandmore\/","https:\/\/x.com\/TourTravel_More"]}]}},"_links":{"self":[{"href":"https:\/\/tourtravelandmore.com\/fr\/wp-json\/wp\/v2\/product\/103292","targetHints":{"allow":["GET"]}}],"collection":[{"href":"https:\/\/tourtravelandmore.com\/fr\/wp-json\/wp\/v2\/product"}],"about":[{"href":"https:\/\/tourtravelandmore.com\/fr\/wp-json\/wp\/v2\/types\/product"}],"replies":[{"embeddable":true,"href":"https:\/\/tourtravelandmore.com\/fr\/wp-json\/wp\/v2\/comments?post=103292"}],"wp:featuredmedia":[{"embeddable":true,"href":"https:\/\/tourtravelandmore.com\/fr\/wp-json\/wp\/v2\/media\/96329"}],"wp:attachment":[{"href":"https:\/\/tourtravelandmore.com\/fr\/wp-json\/wp\/v2\/media?parent=103292"}],"wp:term":[{"taxonomy":"product_brand","embeddable":true,"href":"https:\/\/tourtravelandmore.com\/fr\/wp-json\/wp\/v2\/product_brand?post=103292"},{"taxonomy":"product_cat","embeddable":true,"href":"https:\/\/tourtravelandmore.com\/fr\/wp-json\/wp\/v2\/product_cat?post=103292"},{"taxonomy":"product_tag","embeddable":true,"href":"https:\/\/tourtravelandmore.com\/fr\/wp-json\/wp\/v2\/product_tag?post=103292"}],"curies":[{"name":"wp","href":"https:\/\/api.w.org\/{rel}","templated":true}]}}