{"id":103287,"date":"2019-09-07T22:30:17","date_gmt":"2019-09-07T20:30:17","guid":{"rendered":"https:\/\/tourtravelandmore.com\/tours\/non%20class\u00e9\/visite-privee-dinnsbruck-et-de-swarovski-kristallwelten\/"},"modified":"2022-11-15T20:30:56","modified_gmt":"2022-11-15T19:30:56","slug":"visite-privee-dinnsbruck-et-de-swarovski-kristallwelten","status":"publish","type":"product","link":"https:\/\/tourtravelandmore.com\/fr\/tours\/allemagne-fr\/munich-fr\/visite-privee-dinnsbruck-et-de-swarovski-kristallwelten\/","title":{"rendered":"Visite priv\u00e9e d&#8217;Innsbruck et de Swarovski Kristallwelten"},"content":{"rendered":"<h2>Description<\/h2>\n<p>Profitez de la riche histoire et de la grande architecture d&#8217;Innsburg et des magnifiques sculptures et sites touristiques du Swarovski Kristallwelten Museum. Vous aurez un chauffeur \/ guide priv\u00e9 \u00e0 votre enti\u00e8re disposition lors de votre visite priv\u00e9e d&#8217;Innsbruck et de Swarovski Kristallwelten.<\/p>\n<p>Pour couronner votre exp\u00e9rience, nous vous rencontrerons \u00e0 votre h\u00f4tel ou lieu de votre choix \u00e0 Munich \u00e0 l&#8217;heure souhait\u00e9e. Comme toutes nos visites, cette visite priv\u00e9e d&#8217;Innsbruck et de Swarovski Kristallwelten est une visite enti\u00e8rement personnalis\u00e9e. Nous sommes en mesure de l&#8217;organiser en fonction de vos besoins et d\u00e9sirs personnels.<\/p>\n<p>Innsburg est une ville autrichienne situ\u00e9e dans les Alpes. Cette ville est tr\u00e8s connue pour son architecture imp\u00e9riale et moderne ainsi que pour \u00eatre le lieu privil\u00e9gi\u00e9 pour pratiquer les sports d&#8217;hiver.<\/p>\n<p>Lors de cette visite priv\u00e9e, vous pourrez admirer l&#8217;incroyable ville d&#8217;Innsburg et visiter l&#8217;un des mus\u00e9es les plus extraordinaires: Swarovski Kristallwelten. Pour faire de votre visite une exp\u00e9rience compl\u00e8te, vous voyagerez dans un v\u00e9hicule de luxe priv\u00e9.<\/p>\n<h2>Points d&#8217;int\u00e9r\u00eat et points de rep\u00e8re<\/h2>\n<p>Tout d&#8217;abord, nous viendrons vous chercher \u00e0 votre h\u00f4tel ou lieu de votre choix \u00e0 Munich. Vous pouvez profiter de cette visite priv\u00e9e d&#8217;Innsbruck et de Swarovski Kristallwelten \u00e0 c\u00f4t\u00e9 de votre chauffeur \/ guide officiel<\/p>\n<p>Parmi les sites que vous pouvez visiter \u00e0 Innsbruck, nous vous proposons \u00e9galement de conna\u00eetre:<\/p>\n<ul>\n<li>Hofkirche et le tombeau de l&#8217;empereur<\/li>\n<li>Toit d&#8217;or<\/li>\n<li>Palais d&#8217;Ambras<\/li>\n<li>L&#8217;h\u00e9ritage olympique de Bergisel<\/li>\n<li>Vieille ville d&#8217;Innsbruck<\/li>\n<li>Cath\u00e9drale Saint-Jacques<\/li>\n<li>\u00c9glise paroissiale et basilique de Wilten<\/li>\n<li>Nordkettenbahnen<\/li>\n<li>Quartier de la Hofburg<\/li>\n<li>Mus\u00e9es d&#8217;\u00c9tat du Tyrol<\/li>\n<li>Maria-Theresien Strasse<\/li>\n<li>Les march\u00e9s de No\u00ebl<\/li>\n<\/ul>\n<p>Apr\u00e8s avoir termin\u00e9 la visite d&#8217;Innsbruck, votre v\u00e9hicule de luxe priv\u00e9 vous m\u00e8nera au c\u00e9l\u00e8bre mus\u00e9e de Swarovski Kristallwelten. Le mus\u00e9e a la forme d&#8217;un g\u00e9ant, o\u00f9 vous pourrez d\u00e9couvrir dans ses 17 salles d&#8217;exposition de nombreuses sculptures et monuments en verre de cristal, tels que:<\/p>\n<ul>\n<li>Eden<\/li>\n<li>Dans le soleil en treillis<\/li>\n<li>Passage de glace<\/li>\n<li>D\u00f4me de cristal<\/li>\n<li>Boutique Swarovski<\/li>\n<\/ul>\n<p>Enfin, \u00e0 la fin de la visite, votre chauffeur \/ guide priv\u00e9 vous ram\u00e8nera \u00e0 votre point de d\u00e9part \u00e0 Munich.<\/p>\n","protected":false},"excerpt":{"rendered":"<p>Profitez de l&#8217;occasion pour profiter d&#8217;une visite priv\u00e9e d&#8217;une journ\u00e9e compl\u00e8te d&#8217;Innsbruck et du mus\u00e9e Swarovski Kristallwelten au d\u00e9part de Munich. Laissez-nous vous emmener dans cette exp\u00e9rience priv\u00e9e pour visiter l&#8217;un des endroits les plus extraordinaires d&#8217;Autriche. Visitez Innsbruck l&#8217;une des villes les plus exclusives et le mus\u00e9e Swarovski Kristallwelten avec un chauffeur \/ guide professionnel.<\/p>\n","protected":false},"featured_media":96316,"comment_status":"open","ping_status":"closed","template":"","meta":{"_acf_changed":false},"product_brand":[],"product_cat":[3756],"product_tag":[],"class_list":{"0":"post-103287","1":"product","2":"type-product","3":"status-publish","4":"has-post-thumbnail","6":"product_cat-munich-fr","8":"first","9":"instock","10":"shipping-taxable","11":"purchasable","12":"product-type-simple"},"acf":[],"yoast_head":"<!-- This site is optimized with the Yoast SEO Premium plugin v25.3.1 (Yoast SEO v25.3.1) - https:\/\/yoast.com\/wordpress\/plugins\/seo\/ -->\n<title>Visite priv\u00e9e d&#039;Innsbruck et de Swarovski Kristallwelten au d\u00e9part de Munich<\/title>\n<meta name=\"description\" content=\"Visite priv\u00e9e d&#039;Innsbruck et du mus\u00e9e Swarovski Kristallwelten. Apprenez \u00e0 conna\u00eetre les meilleurs monuments et lieux d&#039;Innsbruck avec votre chauffeur \/ guide priv\u00e9.\" \/>\n<meta name=\"robots\" content=\"index, follow, max-snippet:-1, max-image-preview:large, max-video-preview:-1\" \/>\n<link rel=\"canonical\" href=\"https:\/\/tourtravelandmore.com\/fr\/tours\/allemagne-fr\/munich-fr\/visite-privee-dinnsbruck-et-de-swarovski-kristallwelten\/\" \/>\n<meta property=\"og:locale\" content=\"fr_FR\" \/>\n<meta property=\"og:type\" content=\"article\" \/>\n<meta property=\"og:title\" content=\"Visite priv\u00e9e d&#039;Innsbruck et de Swarovski Kristallwelten\" \/>\n<meta property=\"og:description\" content=\"Visite priv\u00e9e d&#039;Innsbruck et du mus\u00e9e Swarovski Kristallwelten. Apprenez \u00e0 conna\u00eetre les meilleurs monuments et lieux d&#039;Innsbruck avec votre chauffeur \/ guide priv\u00e9.\" \/>\n<meta property=\"og:url\" content=\"https:\/\/tourtravelandmore.com\/fr\/tours\/allemagne-fr\/munich-fr\/visite-privee-dinnsbruck-et-de-swarovski-kristallwelten\/\" \/>\n<meta property=\"og:site_name\" content=\"Tour Travel And More\" \/>\n<meta property=\"article:publisher\" content=\"https:\/\/www.facebook.com\/tourtravelandmore\/\" \/>\n<meta property=\"article:modified_time\" content=\"2022-11-15T19:30:56+00:00\" \/>\n<meta property=\"og:image\" content=\"https:\/\/tourtravelandmore.com\/wp-content\/uploads\/2019\/09\/innsbruck.jpg\" \/>\n\t<meta property=\"og:image:width\" content=\"1024\" \/>\n\t<meta property=\"og:image:height\" content=\"768\" \/>\n\t<meta property=\"og:image:type\" content=\"image\/jpeg\" \/>\n<meta name=\"twitter:card\" content=\"summary_large_image\" \/>\n<meta name=\"twitter:site\" content=\"@TourTravel_More\" \/>\n<meta name=\"twitter:label1\" content=\"Dur\u00e9e de lecture estim\u00e9e\" \/>\n\t<meta name=\"twitter:data1\" content=\"2 minutes\" \/>\n<script type=\"application\/ld+json\" class=\"yoast-schema-graph\">{\"@context\":\"https:\/\/schema.org\",\"@graph\":[{\"@type\":\"WebPage\",\"@id\":\"https:\/\/tourtravelandmore.com\/fr\/tours\/allemagne-fr\/munich-fr\/visite-privee-dinnsbruck-et-de-swarovski-kristallwelten\/\",\"url\":\"https:\/\/tourtravelandmore.com\/fr\/tours\/allemagne-fr\/munich-fr\/visite-privee-dinnsbruck-et-de-swarovski-kristallwelten\/\",\"name\":\"Visite priv\u00e9e d'Innsbruck et de Swarovski Kristallwelten au d\u00e9part de Munich\",\"isPartOf\":{\"@id\":\"https:\/\/tourtravelandmore.com\/fr\/#website\"},\"primaryImageOfPage\":{\"@id\":\"https:\/\/tourtravelandmore.com\/fr\/tours\/allemagne-fr\/munich-fr\/visite-privee-dinnsbruck-et-de-swarovski-kristallwelten\/#primaryimage\"},\"image\":{\"@id\":\"https:\/\/tourtravelandmore.com\/fr\/tours\/allemagne-fr\/munich-fr\/visite-privee-dinnsbruck-et-de-swarovski-kristallwelten\/#primaryimage\"},\"thumbnailUrl\":\"https:\/\/tourtravelandmore.com\/wp-content\/uploads\/2019\/09\/innsbruck.jpg\",\"datePublished\":\"2019-09-07T20:30:17+00:00\",\"dateModified\":\"2022-11-15T19:30:56+00:00\",\"description\":\"Visite priv\u00e9e d'Innsbruck et du mus\u00e9e Swarovski Kristallwelten. Apprenez \u00e0 conna\u00eetre les meilleurs monuments et lieux d'Innsbruck avec votre chauffeur \/ guide priv\u00e9.\",\"breadcrumb\":{\"@id\":\"https:\/\/tourtravelandmore.com\/fr\/tours\/allemagne-fr\/munich-fr\/visite-privee-dinnsbruck-et-de-swarovski-kristallwelten\/#breadcrumb\"},\"inLanguage\":\"fr-FR\",\"potentialAction\":[{\"@type\":\"ReadAction\",\"target\":[\"https:\/\/tourtravelandmore.com\/fr\/tours\/allemagne-fr\/munich-fr\/visite-privee-dinnsbruck-et-de-swarovski-kristallwelten\/\"]}]},{\"@type\":\"ImageObject\",\"inLanguage\":\"fr-FR\",\"@id\":\"https:\/\/tourtravelandmore.com\/fr\/tours\/allemagne-fr\/munich-fr\/visite-privee-dinnsbruck-et-de-swarovski-kristallwelten\/#primaryimage\",\"url\":\"https:\/\/tourtravelandmore.com\/wp-content\/uploads\/2019\/09\/innsbruck.jpg\",\"contentUrl\":\"https:\/\/tourtravelandmore.com\/wp-content\/uploads\/2019\/09\/innsbruck.jpg\",\"width\":1024,\"height\":768},{\"@type\":\"BreadcrumbList\",\"@id\":\"https:\/\/tourtravelandmore.com\/fr\/tours\/allemagne-fr\/munich-fr\/visite-privee-dinnsbruck-et-de-swarovski-kristallwelten\/#breadcrumb\",\"itemListElement\":[{\"@type\":\"ListItem\",\"position\":1,\"name\":\"Home\",\"item\":\"https:\/\/tourtravelandmore.com\/fr\/\"},{\"@type\":\"ListItem\",\"position\":2,\"name\":\"Tours\",\"item\":\"https:\/\/tourtravelandmore.com\/fr\/tours\/\"},{\"@type\":\"ListItem\",\"position\":3,\"name\":\"Visite priv\u00e9e d&rsquo;Innsbruck et de Swarovski Kristallwelten\"}]},{\"@type\":\"WebSite\",\"@id\":\"https:\/\/tourtravelandmore.com\/fr\/#website\",\"url\":\"https:\/\/tourtravelandmore.com\/fr\/\",\"name\":\"Tour Travel And More\",\"description\":\"Private sightseeing tours and luxury transfers in Spain\",\"publisher\":{\"@id\":\"https:\/\/tourtravelandmore.com\/fr\/#organization\"},\"potentialAction\":[{\"@type\":\"SearchAction\",\"target\":{\"@type\":\"EntryPoint\",\"urlTemplate\":\"https:\/\/tourtravelandmore.com\/fr\/?s={search_term_string}\"},\"query-input\":{\"@type\":\"PropertyValueSpecification\",\"valueRequired\":true,\"valueName\":\"search_term_string\"}}],\"inLanguage\":\"fr-FR\"},{\"@type\":\"Organization\",\"@id\":\"https:\/\/tourtravelandmore.com\/fr\/#organization\",\"name\":\"Tour Travel And More\",\"url\":\"https:\/\/tourtravelandmore.com\/fr\/\",\"logo\":{\"@type\":\"ImageObject\",\"inLanguage\":\"fr-FR\",\"@id\":\"https:\/\/tourtravelandmore.com\/fr\/#\/schema\/logo\/image\/\",\"url\":\"https:\/\/tourtravelandmore.com\/wp-content\/uploads\/2022\/12\/cropped-logo-cabecera-new.png\",\"contentUrl\":\"https:\/\/tourtravelandmore.com\/wp-content\/uploads\/2022\/12\/cropped-logo-cabecera-new.png\",\"width\":430,\"height\":61,\"caption\":\"Tour Travel And More\"},\"image\":{\"@id\":\"https:\/\/tourtravelandmore.com\/fr\/#\/schema\/logo\/image\/\"},\"sameAs\":[\"https:\/\/www.facebook.com\/tourtravelandmore\/\",\"https:\/\/x.com\/TourTravel_More\"]}]}<\/script>\n<!-- \/ Yoast SEO Premium plugin. -->","yoast_head_json":{"title":"Visite priv\u00e9e d'Innsbruck et de Swarovski Kristallwelten au d\u00e9part de Munich","description":"Visite priv\u00e9e d'Innsbruck et du mus\u00e9e Swarovski Kristallwelten. Apprenez \u00e0 conna\u00eetre les meilleurs monuments et lieux d'Innsbruck avec votre chauffeur \/ guide priv\u00e9.","robots":{"index":"index","follow":"follow","max-snippet":"max-snippet:-1","max-image-preview":"max-image-preview:large","max-video-preview":"max-video-preview:-1"},"canonical":"https:\/\/tourtravelandmore.com\/fr\/tours\/allemagne-fr\/munich-fr\/visite-privee-dinnsbruck-et-de-swarovski-kristallwelten\/","og_locale":"fr_FR","og_type":"article","og_title":"Visite priv\u00e9e d'Innsbruck et de Swarovski Kristallwelten","og_description":"Visite priv\u00e9e d'Innsbruck et du mus\u00e9e Swarovski Kristallwelten. Apprenez \u00e0 conna\u00eetre les meilleurs monuments et lieux d'Innsbruck avec votre chauffeur \/ guide priv\u00e9.","og_url":"https:\/\/tourtravelandmore.com\/fr\/tours\/allemagne-fr\/munich-fr\/visite-privee-dinnsbruck-et-de-swarovski-kristallwelten\/","og_site_name":"Tour Travel And More","article_publisher":"https:\/\/www.facebook.com\/tourtravelandmore\/","article_modified_time":"2022-11-15T19:30:56+00:00","og_image":[{"width":1024,"height":768,"url":"https:\/\/tourtravelandmore.com\/wp-content\/uploads\/2019\/09\/innsbruck.jpg","type":"image\/jpeg"}],"twitter_card":"summary_large_image","twitter_site":"@TourTravel_More","twitter_misc":{"Dur\u00e9e de lecture estim\u00e9e":"2 minutes"},"schema":{"@context":"https:\/\/schema.org","@graph":[{"@type":"WebPage","@id":"https:\/\/tourtravelandmore.com\/fr\/tours\/allemagne-fr\/munich-fr\/visite-privee-dinnsbruck-et-de-swarovski-kristallwelten\/","url":"https:\/\/tourtravelandmore.com\/fr\/tours\/allemagne-fr\/munich-fr\/visite-privee-dinnsbruck-et-de-swarovski-kristallwelten\/","name":"Visite priv\u00e9e d'Innsbruck et de Swarovski Kristallwelten au d\u00e9part de Munich","isPartOf":{"@id":"https:\/\/tourtravelandmore.com\/fr\/#website"},"primaryImageOfPage":{"@id":"https:\/\/tourtravelandmore.com\/fr\/tours\/allemagne-fr\/munich-fr\/visite-privee-dinnsbruck-et-de-swarovski-kristallwelten\/#primaryimage"},"image":{"@id":"https:\/\/tourtravelandmore.com\/fr\/tours\/allemagne-fr\/munich-fr\/visite-privee-dinnsbruck-et-de-swarovski-kristallwelten\/#primaryimage"},"thumbnailUrl":"https:\/\/tourtravelandmore.com\/wp-content\/uploads\/2019\/09\/innsbruck.jpg","datePublished":"2019-09-07T20:30:17+00:00","dateModified":"2022-11-15T19:30:56+00:00","description":"Visite priv\u00e9e d'Innsbruck et du mus\u00e9e Swarovski Kristallwelten. Apprenez \u00e0 conna\u00eetre les meilleurs monuments et lieux d'Innsbruck avec votre chauffeur \/ guide priv\u00e9.","breadcrumb":{"@id":"https:\/\/tourtravelandmore.com\/fr\/tours\/allemagne-fr\/munich-fr\/visite-privee-dinnsbruck-et-de-swarovski-kristallwelten\/#breadcrumb"},"inLanguage":"fr-FR","potentialAction":[{"@type":"ReadAction","target":["https:\/\/tourtravelandmore.com\/fr\/tours\/allemagne-fr\/munich-fr\/visite-privee-dinnsbruck-et-de-swarovski-kristallwelten\/"]}]},{"@type":"ImageObject","inLanguage":"fr-FR","@id":"https:\/\/tourtravelandmore.com\/fr\/tours\/allemagne-fr\/munich-fr\/visite-privee-dinnsbruck-et-de-swarovski-kristallwelten\/#primaryimage","url":"https:\/\/tourtravelandmore.com\/wp-content\/uploads\/2019\/09\/innsbruck.jpg","contentUrl":"https:\/\/tourtravelandmore.com\/wp-content\/uploads\/2019\/09\/innsbruck.jpg","width":1024,"height":768},{"@type":"BreadcrumbList","@id":"https:\/\/tourtravelandmore.com\/fr\/tours\/allemagne-fr\/munich-fr\/visite-privee-dinnsbruck-et-de-swarovski-kristallwelten\/#breadcrumb","itemListElement":[{"@type":"ListItem","position":1,"name":"Home","item":"https:\/\/tourtravelandmore.com\/fr\/"},{"@type":"ListItem","position":2,"name":"Tours","item":"https:\/\/tourtravelandmore.com\/fr\/tours\/"},{"@type":"ListItem","position":3,"name":"Visite priv\u00e9e d&rsquo;Innsbruck et de Swarovski Kristallwelten"}]},{"@type":"WebSite","@id":"https:\/\/tourtravelandmore.com\/fr\/#website","url":"https:\/\/tourtravelandmore.com\/fr\/","name":"Tour Travel And More","description":"Private sightseeing tours and luxury transfers in Spain","publisher":{"@id":"https:\/\/tourtravelandmore.com\/fr\/#organization"},"potentialAction":[{"@type":"SearchAction","target":{"@type":"EntryPoint","urlTemplate":"https:\/\/tourtravelandmore.com\/fr\/?s={search_term_string}"},"query-input":{"@type":"PropertyValueSpecification","valueRequired":true,"valueName":"search_term_string"}}],"inLanguage":"fr-FR"},{"@type":"Organization","@id":"https:\/\/tourtravelandmore.com\/fr\/#organization","name":"Tour Travel And More","url":"https:\/\/tourtravelandmore.com\/fr\/","logo":{"@type":"ImageObject","inLanguage":"fr-FR","@id":"https:\/\/tourtravelandmore.com\/fr\/#\/schema\/logo\/image\/","url":"https:\/\/tourtravelandmore.com\/wp-content\/uploads\/2022\/12\/cropped-logo-cabecera-new.png","contentUrl":"https:\/\/tourtravelandmore.com\/wp-content\/uploads\/2022\/12\/cropped-logo-cabecera-new.png","width":430,"height":61,"caption":"Tour Travel And More"},"image":{"@id":"https:\/\/tourtravelandmore.com\/fr\/#\/schema\/logo\/image\/"},"sameAs":["https:\/\/www.facebook.com\/tourtravelandmore\/","https:\/\/x.com\/TourTravel_More"]}]}},"_links":{"self":[{"href":"https:\/\/tourtravelandmore.com\/fr\/wp-json\/wp\/v2\/product\/103287","targetHints":{"allow":["GET"]}}],"collection":[{"href":"https:\/\/tourtravelandmore.com\/fr\/wp-json\/wp\/v2\/product"}],"about":[{"href":"https:\/\/tourtravelandmore.com\/fr\/wp-json\/wp\/v2\/types\/product"}],"replies":[{"embeddable":true,"href":"https:\/\/tourtravelandmore.com\/fr\/wp-json\/wp\/v2\/comments?post=103287"}],"wp:featuredmedia":[{"embeddable":true,"href":"https:\/\/tourtravelandmore.com\/fr\/wp-json\/wp\/v2\/media\/96316"}],"wp:attachment":[{"href":"https:\/\/tourtravelandmore.com\/fr\/wp-json\/wp\/v2\/media?parent=103287"}],"wp:term":[{"taxonomy":"product_brand","embeddable":true,"href":"https:\/\/tourtravelandmore.com\/fr\/wp-json\/wp\/v2\/product_brand?post=103287"},{"taxonomy":"product_cat","embeddable":true,"href":"https:\/\/tourtravelandmore.com\/fr\/wp-json\/wp\/v2\/product_cat?post=103287"},{"taxonomy":"product_tag","embeddable":true,"href":"https:\/\/tourtravelandmore.com\/fr\/wp-json\/wp\/v2\/product_tag?post=103287"}],"curies":[{"name":"wp","href":"https:\/\/api.w.org\/{rel}","templated":true}]}}