{"id":103282,"date":"2019-09-07T22:28:43","date_gmt":"2019-09-07T20:28:43","guid":{"rendered":"https:\/\/tourtravelandmore.com\/tours\/non%20class\u00e9\/visite-privee-a-herrenchiemsee\/"},"modified":"2022-11-16T09:32:53","modified_gmt":"2022-11-16T08:32:53","slug":"visite-privee-a-herrenchiemsee","status":"publish","type":"product","link":"https:\/\/tourtravelandmore.com\/fr\/tours\/allemagne-fr\/munich-fr\/visite-privee-a-herrenchiemsee\/","title":{"rendered":"Visite priv\u00e9e \u00e0 Herrenchiemsee"},"content":{"rendered":"<h2>Description<\/h2>\n<p>Si vous avez d\u00e9j\u00e0 parcouru les plus beaux endroits de Munich, vous ne pouvez pas manquer cette visite priv\u00e9e \u00e0 Herrenchiemsee. Vous profiterez d&#8217;une excursion priv\u00e9e d&#8217;une journ\u00e9e dans un v\u00e9hicule de luxe avec un chauffeur \/ guide professionnel.<\/p>\n<p>Herrenchiemsee est un complexe de b\u00e2timents royaux sur Herreninsel situ\u00e9 dans le sud de la Bavi\u00e8re. C&#8217;est l&#8217;une des plus grandes \u00eeles du lac Chiemsee. Dans cette \u00eele, vous pouvez trouver le magnifique palais Herrenchiemsee. Le palais a \u00e9t\u00e9 construit uniquement comme r\u00e9sidence priv\u00e9e pour le roi reclus, qui voulait l&#8217;utiliser comme une retraite de la vie publique.<\/p>\n<p>Cette visite priv\u00e9e \u00e0 Herrenchiemsee commencera dans votre lieu de choix \u00e0 Munich et a une dur\u00e9e totale de 8 heures. Au cas o\u00f9 vous pr\u00e9f\u00e9rez, nous pouvons inclure plus d&#8217;heures \u00e0 votre exp\u00e9rience.<\/p>\n<p>Ne manquez pas toutes nos visites priv\u00e9es dans et depuis Munich, jetez un \u0153il \u00e0 notre liste de visites priv\u00e9es.<\/p>\n<h2>Points d&#8217;int\u00e9r\u00eat et points de rep\u00e8re<\/h2>\n<p>Apr\u00e8s une prise en charge confortable et facile, nous commencerons cette visite priv\u00e9e. Votre chauffeur \/ guide priv\u00e9 sera \u00e0 votre disposition pour vous assurer une exp\u00e9rience unique en Allemagne.<\/p>\n<p>Au cours de cette visite priv\u00e9e, vous pourrez admirer la vue sur les basses Alpes de Chiemgau pendant que vous vous dirigez vers Herrenchiemsee. Votre chauffeur \/ guide vous aidera \u00e0 visiter les deux complexes de l&#8217;\u00eele: le monast\u00e8re des Augustins et le nouveau palais n\u00e9o-baroque de Herrenchiemsee. Pour rejoindre l&#8217;\u00eele, vous devrez prendre un ferry \u00e0 Prien-Stock pour un trajet de 20 minutes.<\/p>\n<p>Tout au long de votre chemin vers Herrenchiemsee, vous vous d\u00e9lecterez des magnifiques paysages ruraux du lac Chiemsee. \u00c0 votre arriv\u00e9e, vous t\u00e9moignerez de l&#8217;une des plus belles vues de paysage que montre son lac et son complexe royal.<\/p>\n<p>Le nouveau palais a \u00e9t\u00e9 construit en 1878 et \u00e9tait bas\u00e9 sur le mod\u00e8le de Versailles. La construction du palais ne fut jamais termin\u00e9e, en raison de la mort subite de son propri\u00e9taire, le roi Louis II de Bavi\u00e8re. Au monast\u00e8re des Augustins, nous visiterons le mus\u00e9e du roi Louis II et les deux galeries d&#8217;art.<\/p>\n<p>Vous profiterez d&#8217;une visite priv\u00e9e d&#8217;une journ\u00e9e compl\u00e8te \u00e0 Herrenchiemsee avec un professionnel exp\u00e9riment\u00e9 qui vous \u00e9clairera avec toute son histoire.<\/p>\n<p>Enfin, \u00e0 la fin de la visite, votre chauffeur \/ guide priv\u00e9 vous ram\u00e8nera \u00e0 votre h\u00f4tel \u00e0 Munich.<\/p>\n","protected":false},"excerpt":{"rendered":"<p>Aventurez-vous lors de cette excursion priv\u00e9e d&#8217;une journ\u00e9e \u00e0 Herrenchiemsee depuis la ville de Munich. Ne manquez pas l&#8217;occasion de profiter du meilleur de Herrenchiemsee et de ses complexes royaux, confortablement dans votre luxe priv\u00e9 avec chauffeur \/ guide. Profitez des sites touristiques, des monuments de Herrenchiemsee et du paysage rural du lac Chiemsee.<\/p>\n<p>&nbsp;<\/p>\n","protected":false},"featured_media":98335,"comment_status":"open","ping_status":"closed","template":"","meta":{"_acf_changed":false},"product_brand":[],"product_cat":[3756],"product_tag":[],"class_list":{"0":"post-103282","1":"product","2":"type-product","3":"status-publish","4":"has-post-thumbnail","6":"product_cat-munich-fr","8":"first","9":"instock","10":"shipping-taxable","11":"purchasable","12":"product-type-simple"},"acf":[],"yoast_head":"<!-- This site is optimized with the Yoast SEO Premium plugin v25.3.1 (Yoast SEO v25.3.1) - https:\/\/yoast.com\/wordpress\/plugins\/seo\/ -->\n<title>Visite priv\u00e9e de l&#039;\u00eele Herrenchiemsee depuis la ville de Munich<\/title>\n<meta name=\"description\" content=\"Profitez de cette visite priv\u00e9e sur l&#039;\u00eele de Herrenchiemsee au d\u00e9part de Munich \u00e0 l&#039;aise dans un v\u00e9hicule de luxe priv\u00e9 avec un chauffeur \/ guide professionnel.\" \/>\n<meta name=\"robots\" content=\"index, follow, max-snippet:-1, max-image-preview:large, max-video-preview:-1\" \/>\n<link rel=\"canonical\" href=\"https:\/\/tourtravelandmore.com\/fr\/tours\/allemagne-fr\/munich-fr\/visite-privee-a-herrenchiemsee\/\" \/>\n<meta property=\"og:locale\" content=\"fr_FR\" \/>\n<meta property=\"og:type\" content=\"article\" \/>\n<meta property=\"og:title\" content=\"Visite priv\u00e9e \u00e0 Herrenchiemsee\" \/>\n<meta property=\"og:description\" content=\"Profitez de cette visite priv\u00e9e sur l&#039;\u00eele de Herrenchiemsee au d\u00e9part de Munich \u00e0 l&#039;aise dans un v\u00e9hicule de luxe priv\u00e9 avec un chauffeur \/ guide professionnel.\" \/>\n<meta property=\"og:url\" content=\"https:\/\/tourtravelandmore.com\/fr\/tours\/allemagne-fr\/munich-fr\/visite-privee-a-herrenchiemsee\/\" \/>\n<meta property=\"og:site_name\" content=\"Tour Travel And More\" \/>\n<meta property=\"article:publisher\" content=\"https:\/\/www.facebook.com\/tourtravelandmore\/\" \/>\n<meta property=\"article:modified_time\" content=\"2022-11-16T08:32:53+00:00\" \/>\n<meta property=\"og:image\" content=\"https:\/\/tourtravelandmore.com\/wp-content\/uploads\/2019\/09\/palace.jpg\" \/>\n\t<meta property=\"og:image:width\" content=\"1024\" \/>\n\t<meta property=\"og:image:height\" content=\"681\" \/>\n\t<meta property=\"og:image:type\" content=\"image\/jpeg\" \/>\n<meta name=\"twitter:card\" content=\"summary_large_image\" \/>\n<meta name=\"twitter:site\" content=\"@TourTravel_More\" \/>\n<meta name=\"twitter:label1\" content=\"Dur\u00e9e de lecture estim\u00e9e\" \/>\n\t<meta name=\"twitter:data1\" content=\"2 minutes\" \/>\n<script type=\"application\/ld+json\" class=\"yoast-schema-graph\">{\"@context\":\"https:\/\/schema.org\",\"@graph\":[{\"@type\":\"WebPage\",\"@id\":\"https:\/\/tourtravelandmore.com\/fr\/tours\/allemagne-fr\/munich-fr\/visite-privee-a-herrenchiemsee\/\",\"url\":\"https:\/\/tourtravelandmore.com\/fr\/tours\/allemagne-fr\/munich-fr\/visite-privee-a-herrenchiemsee\/\",\"name\":\"Visite priv\u00e9e de l'\u00eele Herrenchiemsee depuis la ville de Munich\",\"isPartOf\":{\"@id\":\"https:\/\/tourtravelandmore.com\/fr\/#website\"},\"primaryImageOfPage\":{\"@id\":\"https:\/\/tourtravelandmore.com\/fr\/tours\/allemagne-fr\/munich-fr\/visite-privee-a-herrenchiemsee\/#primaryimage\"},\"image\":{\"@id\":\"https:\/\/tourtravelandmore.com\/fr\/tours\/allemagne-fr\/munich-fr\/visite-privee-a-herrenchiemsee\/#primaryimage\"},\"thumbnailUrl\":\"https:\/\/tourtravelandmore.com\/wp-content\/uploads\/2019\/09\/palace.jpg\",\"datePublished\":\"2019-09-07T20:28:43+00:00\",\"dateModified\":\"2022-11-16T08:32:53+00:00\",\"description\":\"Profitez de cette visite priv\u00e9e sur l'\u00eele de Herrenchiemsee au d\u00e9part de Munich \u00e0 l'aise dans un v\u00e9hicule de luxe priv\u00e9 avec un chauffeur \/ guide professionnel.\",\"breadcrumb\":{\"@id\":\"https:\/\/tourtravelandmore.com\/fr\/tours\/allemagne-fr\/munich-fr\/visite-privee-a-herrenchiemsee\/#breadcrumb\"},\"inLanguage\":\"fr-FR\",\"potentialAction\":[{\"@type\":\"ReadAction\",\"target\":[\"https:\/\/tourtravelandmore.com\/fr\/tours\/allemagne-fr\/munich-fr\/visite-privee-a-herrenchiemsee\/\"]}]},{\"@type\":\"ImageObject\",\"inLanguage\":\"fr-FR\",\"@id\":\"https:\/\/tourtravelandmore.com\/fr\/tours\/allemagne-fr\/munich-fr\/visite-privee-a-herrenchiemsee\/#primaryimage\",\"url\":\"https:\/\/tourtravelandmore.com\/wp-content\/uploads\/2019\/09\/palace.jpg\",\"contentUrl\":\"https:\/\/tourtravelandmore.com\/wp-content\/uploads\/2019\/09\/palace.jpg\",\"width\":1024,\"height\":681},{\"@type\":\"BreadcrumbList\",\"@id\":\"https:\/\/tourtravelandmore.com\/fr\/tours\/allemagne-fr\/munich-fr\/visite-privee-a-herrenchiemsee\/#breadcrumb\",\"itemListElement\":[{\"@type\":\"ListItem\",\"position\":1,\"name\":\"Home\",\"item\":\"https:\/\/tourtravelandmore.com\/fr\/\"},{\"@type\":\"ListItem\",\"position\":2,\"name\":\"Tours\",\"item\":\"https:\/\/tourtravelandmore.com\/fr\/tours\/\"},{\"@type\":\"ListItem\",\"position\":3,\"name\":\"Visite priv\u00e9e \u00e0 Herrenchiemsee\"}]},{\"@type\":\"WebSite\",\"@id\":\"https:\/\/tourtravelandmore.com\/fr\/#website\",\"url\":\"https:\/\/tourtravelandmore.com\/fr\/\",\"name\":\"Tour Travel And More\",\"description\":\"Private sightseeing tours and luxury transfers in Spain\",\"publisher\":{\"@id\":\"https:\/\/tourtravelandmore.com\/fr\/#organization\"},\"potentialAction\":[{\"@type\":\"SearchAction\",\"target\":{\"@type\":\"EntryPoint\",\"urlTemplate\":\"https:\/\/tourtravelandmore.com\/fr\/?s={search_term_string}\"},\"query-input\":{\"@type\":\"PropertyValueSpecification\",\"valueRequired\":true,\"valueName\":\"search_term_string\"}}],\"inLanguage\":\"fr-FR\"},{\"@type\":\"Organization\",\"@id\":\"https:\/\/tourtravelandmore.com\/fr\/#organization\",\"name\":\"Tour Travel And More\",\"url\":\"https:\/\/tourtravelandmore.com\/fr\/\",\"logo\":{\"@type\":\"ImageObject\",\"inLanguage\":\"fr-FR\",\"@id\":\"https:\/\/tourtravelandmore.com\/fr\/#\/schema\/logo\/image\/\",\"url\":\"https:\/\/tourtravelandmore.com\/wp-content\/uploads\/2022\/12\/cropped-logo-cabecera-new.png\",\"contentUrl\":\"https:\/\/tourtravelandmore.com\/wp-content\/uploads\/2022\/12\/cropped-logo-cabecera-new.png\",\"width\":430,\"height\":61,\"caption\":\"Tour Travel And More\"},\"image\":{\"@id\":\"https:\/\/tourtravelandmore.com\/fr\/#\/schema\/logo\/image\/\"},\"sameAs\":[\"https:\/\/www.facebook.com\/tourtravelandmore\/\",\"https:\/\/x.com\/TourTravel_More\"]}]}<\/script>\n<!-- \/ Yoast SEO Premium plugin. -->","yoast_head_json":{"title":"Visite priv\u00e9e de l'\u00eele Herrenchiemsee depuis la ville de Munich","description":"Profitez de cette visite priv\u00e9e sur l'\u00eele de Herrenchiemsee au d\u00e9part de Munich \u00e0 l'aise dans un v\u00e9hicule de luxe priv\u00e9 avec un chauffeur \/ guide professionnel.","robots":{"index":"index","follow":"follow","max-snippet":"max-snippet:-1","max-image-preview":"max-image-preview:large","max-video-preview":"max-video-preview:-1"},"canonical":"https:\/\/tourtravelandmore.com\/fr\/tours\/allemagne-fr\/munich-fr\/visite-privee-a-herrenchiemsee\/","og_locale":"fr_FR","og_type":"article","og_title":"Visite priv\u00e9e \u00e0 Herrenchiemsee","og_description":"Profitez de cette visite priv\u00e9e sur l'\u00eele de Herrenchiemsee au d\u00e9part de Munich \u00e0 l'aise dans un v\u00e9hicule de luxe priv\u00e9 avec un chauffeur \/ guide professionnel.","og_url":"https:\/\/tourtravelandmore.com\/fr\/tours\/allemagne-fr\/munich-fr\/visite-privee-a-herrenchiemsee\/","og_site_name":"Tour Travel And More","article_publisher":"https:\/\/www.facebook.com\/tourtravelandmore\/","article_modified_time":"2022-11-16T08:32:53+00:00","og_image":[{"width":1024,"height":681,"url":"https:\/\/tourtravelandmore.com\/wp-content\/uploads\/2019\/09\/palace.jpg","type":"image\/jpeg"}],"twitter_card":"summary_large_image","twitter_site":"@TourTravel_More","twitter_misc":{"Dur\u00e9e de lecture estim\u00e9e":"2 minutes"},"schema":{"@context":"https:\/\/schema.org","@graph":[{"@type":"WebPage","@id":"https:\/\/tourtravelandmore.com\/fr\/tours\/allemagne-fr\/munich-fr\/visite-privee-a-herrenchiemsee\/","url":"https:\/\/tourtravelandmore.com\/fr\/tours\/allemagne-fr\/munich-fr\/visite-privee-a-herrenchiemsee\/","name":"Visite priv\u00e9e de l'\u00eele Herrenchiemsee depuis la ville de Munich","isPartOf":{"@id":"https:\/\/tourtravelandmore.com\/fr\/#website"},"primaryImageOfPage":{"@id":"https:\/\/tourtravelandmore.com\/fr\/tours\/allemagne-fr\/munich-fr\/visite-privee-a-herrenchiemsee\/#primaryimage"},"image":{"@id":"https:\/\/tourtravelandmore.com\/fr\/tours\/allemagne-fr\/munich-fr\/visite-privee-a-herrenchiemsee\/#primaryimage"},"thumbnailUrl":"https:\/\/tourtravelandmore.com\/wp-content\/uploads\/2019\/09\/palace.jpg","datePublished":"2019-09-07T20:28:43+00:00","dateModified":"2022-11-16T08:32:53+00:00","description":"Profitez de cette visite priv\u00e9e sur l'\u00eele de Herrenchiemsee au d\u00e9part de Munich \u00e0 l'aise dans un v\u00e9hicule de luxe priv\u00e9 avec un chauffeur \/ guide professionnel.","breadcrumb":{"@id":"https:\/\/tourtravelandmore.com\/fr\/tours\/allemagne-fr\/munich-fr\/visite-privee-a-herrenchiemsee\/#breadcrumb"},"inLanguage":"fr-FR","potentialAction":[{"@type":"ReadAction","target":["https:\/\/tourtravelandmore.com\/fr\/tours\/allemagne-fr\/munich-fr\/visite-privee-a-herrenchiemsee\/"]}]},{"@type":"ImageObject","inLanguage":"fr-FR","@id":"https:\/\/tourtravelandmore.com\/fr\/tours\/allemagne-fr\/munich-fr\/visite-privee-a-herrenchiemsee\/#primaryimage","url":"https:\/\/tourtravelandmore.com\/wp-content\/uploads\/2019\/09\/palace.jpg","contentUrl":"https:\/\/tourtravelandmore.com\/wp-content\/uploads\/2019\/09\/palace.jpg","width":1024,"height":681},{"@type":"BreadcrumbList","@id":"https:\/\/tourtravelandmore.com\/fr\/tours\/allemagne-fr\/munich-fr\/visite-privee-a-herrenchiemsee\/#breadcrumb","itemListElement":[{"@type":"ListItem","position":1,"name":"Home","item":"https:\/\/tourtravelandmore.com\/fr\/"},{"@type":"ListItem","position":2,"name":"Tours","item":"https:\/\/tourtravelandmore.com\/fr\/tours\/"},{"@type":"ListItem","position":3,"name":"Visite priv\u00e9e \u00e0 Herrenchiemsee"}]},{"@type":"WebSite","@id":"https:\/\/tourtravelandmore.com\/fr\/#website","url":"https:\/\/tourtravelandmore.com\/fr\/","name":"Tour Travel And More","description":"Private sightseeing tours and luxury transfers in Spain","publisher":{"@id":"https:\/\/tourtravelandmore.com\/fr\/#organization"},"potentialAction":[{"@type":"SearchAction","target":{"@type":"EntryPoint","urlTemplate":"https:\/\/tourtravelandmore.com\/fr\/?s={search_term_string}"},"query-input":{"@type":"PropertyValueSpecification","valueRequired":true,"valueName":"search_term_string"}}],"inLanguage":"fr-FR"},{"@type":"Organization","@id":"https:\/\/tourtravelandmore.com\/fr\/#organization","name":"Tour Travel And More","url":"https:\/\/tourtravelandmore.com\/fr\/","logo":{"@type":"ImageObject","inLanguage":"fr-FR","@id":"https:\/\/tourtravelandmore.com\/fr\/#\/schema\/logo\/image\/","url":"https:\/\/tourtravelandmore.com\/wp-content\/uploads\/2022\/12\/cropped-logo-cabecera-new.png","contentUrl":"https:\/\/tourtravelandmore.com\/wp-content\/uploads\/2022\/12\/cropped-logo-cabecera-new.png","width":430,"height":61,"caption":"Tour Travel And More"},"image":{"@id":"https:\/\/tourtravelandmore.com\/fr\/#\/schema\/logo\/image\/"},"sameAs":["https:\/\/www.facebook.com\/tourtravelandmore\/","https:\/\/x.com\/TourTravel_More"]}]}},"_links":{"self":[{"href":"https:\/\/tourtravelandmore.com\/fr\/wp-json\/wp\/v2\/product\/103282","targetHints":{"allow":["GET"]}}],"collection":[{"href":"https:\/\/tourtravelandmore.com\/fr\/wp-json\/wp\/v2\/product"}],"about":[{"href":"https:\/\/tourtravelandmore.com\/fr\/wp-json\/wp\/v2\/types\/product"}],"replies":[{"embeddable":true,"href":"https:\/\/tourtravelandmore.com\/fr\/wp-json\/wp\/v2\/comments?post=103282"}],"wp:featuredmedia":[{"embeddable":true,"href":"https:\/\/tourtravelandmore.com\/fr\/wp-json\/wp\/v2\/media\/98335"}],"wp:attachment":[{"href":"https:\/\/tourtravelandmore.com\/fr\/wp-json\/wp\/v2\/media?parent=103282"}],"wp:term":[{"taxonomy":"product_brand","embeddable":true,"href":"https:\/\/tourtravelandmore.com\/fr\/wp-json\/wp\/v2\/product_brand?post=103282"},{"taxonomy":"product_cat","embeddable":true,"href":"https:\/\/tourtravelandmore.com\/fr\/wp-json\/wp\/v2\/product_cat?post=103282"},{"taxonomy":"product_tag","embeddable":true,"href":"https:\/\/tourtravelandmore.com\/fr\/wp-json\/wp\/v2\/product_tag?post=103282"}],"curies":[{"name":"wp","href":"https:\/\/api.w.org\/{rel}","templated":true}]}}