{"id":103276,"date":"2019-09-07T12:24:12","date_gmt":"2019-09-07T10:24:12","guid":{"rendered":"https:\/\/tourtravelandmore.com\/tours\/non%20class\u00e9\/visite-privee-du-stade-du-bayern-munich\/"},"modified":"2022-11-15T20:29:59","modified_gmt":"2022-11-15T19:29:59","slug":"visite-privee-du-stade-du-bayern-munich","status":"publish","type":"product","link":"https:\/\/tourtravelandmore.com\/fr\/tours\/allemagne-fr\/munich-fr\/visite-privee-du-stade-du-bayern-munich\/","title":{"rendered":"Visite priv\u00e9e du stade du Bayern Munich"},"content":{"rendered":"<h2>Description<\/h2>\n<p>Aventurez-vous dans cette visite priv\u00e9e du stade du Bayern Munich aux c\u00f4t\u00e9s d&#8217;un guide priv\u00e9. Apprenez \u00e0 conna\u00eetre de pr\u00e8s les coulisses de l&#8217;un des stades les plus c\u00e9l\u00e8bres au monde. Explorez l&#8217;Allianz Arena et ressentez par vous-m\u00eame l&#8217;exp\u00e9rience immersive du stade du point de vue d&#8217;un footballeur professionnel.<\/p>\n<p>Munich est l&#8217;un des plus grands \u00c9tats f\u00e9d\u00e9raux d&#8217;Allemagne et est situ\u00e9 dans le sud du pays. Est la troisi\u00e8me plus grande ville d&#8217;Allemagne apr\u00e8s Berlin et Hambourg. Vous pouvez trouver la rivi\u00e8re Isar au nord des Alpes bavaroises.<\/p>\n<p>La ville de Munich est \u00e9galement bien connue en raison de son r\u00f4le important dans le football europ\u00e9en et mondial. C&#8217;est la tourn\u00e9e parfaite pour ceux qui veulent en savoir plus sur le football allemand et vivre une exp\u00e9rience unique.<\/p>\n<p>La dur\u00e9e exacte de la visite est totalement flexible. Cette visite est pr\u00e9vue pour 3 heures, mais nous pouvons organiser la dur\u00e9e de la visite exactement comme vous le souhaitez. Nous vous recommandons de profiter de cette visite avec un guide officiel s\u00e9par\u00e9 et un v\u00e9hicule priv\u00e9 avec chauffeur. Cela vous donne la chance d\u2019avoir toute l\u2019attention du guide officiel pendant la visite.<\/p>\n<h2>Points d&#8217;int\u00e9r\u00eat et points de rep\u00e8re<\/h2>\n<p>Tout d&#8217;abord, votre chauffeur et guide priv\u00e9 viendra vous chercher \u00e0 l&#8217;endroit souhait\u00e9 \u00e0 Munich. Vous aurez la possibilit\u00e9 de d\u00e9terminer l&#8217;heure de d\u00e9but de votre visite puisqu&#8217;il s&#8217;agit d&#8217;une visite priv\u00e9e et personnalis\u00e9e.<\/p>\n<p>Vous pouvez profiter de cette visite priv\u00e9e de l&#8217;Allianz Arena \u00e0 c\u00f4t\u00e9 de votre guide officiel. Parmi les autres sites que vous pouvez visiter, nous vous proposons:<\/p>\n<ul>\n<li>FC Bayern Erlebniswelt<\/li>\n<li>Tunnel des joueurs<\/li>\n<li>Niveau inf\u00e9rieur du support principal<\/li>\n<li>Niveau interm\u00e9diaire<\/li>\n<li>Vestiaire<\/li>\n<li>Et bien d&#8217;autres sites dans cette visite priv\u00e9e!<\/li>\n<\/ul>\n<p>Comme nous l&#8217;avons d\u00e9j\u00e0 dit, nous pouvons organiser la dur\u00e9e exacte de la visite en fonction de vos besoins personnels. Nous pouvons offrir des heures suppl\u00e9mentaires ou m\u00eame en faire une exp\u00e9rience d&#8217;une journ\u00e9e compl\u00e8te et \u00e9galement visiter les points forts de Munich. Le billet d&#8217;entr\u00e9e au FC Bayern est inclus dans le prix de la visite.<\/p>\n<p>Enfin, votre chauffeur priv\u00e9 et votre guide officiel vous ram\u00e8neront \u00e0 votre point de d\u00e9part ou \u00e0 votre h\u00f4tel \u00e0 Munich.<\/p>\n<p>Nous avons plusieurs options de visites priv\u00e9es depuis et vers Munich, jetez un \u0153il \u00e0 notre liste de visites priv\u00e9es.<\/p>\n","protected":false},"excerpt":{"rendered":"<p>Profitez de cette visite priv\u00e9e du stade du Bayern Munich aux c\u00f4t\u00e9s d&#8217;un guide priv\u00e9. Venez avec nous et profitez de cette visite priv\u00e9e enti\u00e8rement personnalis\u00e9e et profitez de ses lieux les plus importants. Ne manquez pas l\u2019occasion de d\u00e9couvrir l\u2019Allianz Arena et de d\u00e9couvrir l\u2019histoire du football allemand.<\/p>\n","protected":false},"featured_media":96286,"comment_status":"open","ping_status":"closed","template":"","meta":{"_acf_changed":false},"product_brand":[],"product_cat":[3756],"product_tag":[],"class_list":{"0":"post-103276","1":"product","2":"type-product","3":"status-publish","4":"has-post-thumbnail","6":"product_cat-munich-fr","8":"first","9":"instock","10":"shipping-taxable","11":"purchasable","12":"product-type-simple"},"acf":[],"yoast_head":"<!-- This site is optimized with the Yoast SEO Premium plugin v25.3.1 (Yoast SEO v25.3.1) - https:\/\/yoast.com\/wordpress\/plugins\/seo\/ -->\n<title>Visite priv\u00e9e du stade du Bayern Munich avec guide officiel et chauffeur<\/title>\n<meta name=\"description\" content=\"Profitez de cette visite priv\u00e9e du stade du Bayern Munich et d\u00e9couvrez le confortable Allianz Arena dans un v\u00e9hicule de luxe priv\u00e9 avec chauffeur et guide.\" \/>\n<meta name=\"robots\" content=\"index, follow, max-snippet:-1, max-image-preview:large, max-video-preview:-1\" \/>\n<link rel=\"canonical\" href=\"https:\/\/tourtravelandmore.com\/fr\/tours\/allemagne-fr\/munich-fr\/visite-privee-du-stade-du-bayern-munich\/\" \/>\n<meta property=\"og:locale\" content=\"fr_FR\" \/>\n<meta property=\"og:type\" content=\"article\" \/>\n<meta property=\"og:title\" content=\"Visite priv\u00e9e du stade du Bayern Munich\" \/>\n<meta property=\"og:description\" content=\"Profitez de cette visite priv\u00e9e du stade du Bayern Munich et d\u00e9couvrez le confortable Allianz Arena dans un v\u00e9hicule de luxe priv\u00e9 avec chauffeur et guide.\" \/>\n<meta property=\"og:url\" content=\"https:\/\/tourtravelandmore.com\/fr\/tours\/allemagne-fr\/munich-fr\/visite-privee-du-stade-du-bayern-munich\/\" \/>\n<meta property=\"og:site_name\" content=\"Tour Travel And More\" \/>\n<meta property=\"article:publisher\" content=\"https:\/\/www.facebook.com\/tourtravelandmore\/\" \/>\n<meta property=\"article:modified_time\" content=\"2022-11-15T19:29:59+00:00\" \/>\n<meta property=\"og:image\" content=\"https:\/\/tourtravelandmore.com\/wp-content\/uploads\/2019\/09\/bayern.munich.4.jpg\" \/>\n\t<meta property=\"og:image:width\" content=\"1024\" \/>\n\t<meta property=\"og:image:height\" content=\"768\" \/>\n\t<meta property=\"og:image:type\" content=\"image\/jpeg\" \/>\n<meta name=\"twitter:card\" content=\"summary_large_image\" \/>\n<meta name=\"twitter:site\" content=\"@TourTravel_More\" \/>\n<meta name=\"twitter:label1\" content=\"Dur\u00e9e de lecture estim\u00e9e\" \/>\n\t<meta name=\"twitter:data1\" content=\"2 minutes\" \/>\n<script type=\"application\/ld+json\" class=\"yoast-schema-graph\">{\"@context\":\"https:\/\/schema.org\",\"@graph\":[{\"@type\":\"WebPage\",\"@id\":\"https:\/\/tourtravelandmore.com\/fr\/tours\/allemagne-fr\/munich-fr\/visite-privee-du-stade-du-bayern-munich\/\",\"url\":\"https:\/\/tourtravelandmore.com\/fr\/tours\/allemagne-fr\/munich-fr\/visite-privee-du-stade-du-bayern-munich\/\",\"name\":\"Visite priv\u00e9e du stade du Bayern Munich avec guide officiel et chauffeur\",\"isPartOf\":{\"@id\":\"https:\/\/tourtravelandmore.com\/fr\/#website\"},\"primaryImageOfPage\":{\"@id\":\"https:\/\/tourtravelandmore.com\/fr\/tours\/allemagne-fr\/munich-fr\/visite-privee-du-stade-du-bayern-munich\/#primaryimage\"},\"image\":{\"@id\":\"https:\/\/tourtravelandmore.com\/fr\/tours\/allemagne-fr\/munich-fr\/visite-privee-du-stade-du-bayern-munich\/#primaryimage\"},\"thumbnailUrl\":\"https:\/\/tourtravelandmore.com\/wp-content\/uploads\/2019\/09\/bayern.munich.4.jpg\",\"datePublished\":\"2019-09-07T10:24:12+00:00\",\"dateModified\":\"2022-11-15T19:29:59+00:00\",\"description\":\"Profitez de cette visite priv\u00e9e du stade du Bayern Munich et d\u00e9couvrez le confortable Allianz Arena dans un v\u00e9hicule de luxe priv\u00e9 avec chauffeur et guide.\",\"breadcrumb\":{\"@id\":\"https:\/\/tourtravelandmore.com\/fr\/tours\/allemagne-fr\/munich-fr\/visite-privee-du-stade-du-bayern-munich\/#breadcrumb\"},\"inLanguage\":\"fr-FR\",\"potentialAction\":[{\"@type\":\"ReadAction\",\"target\":[\"https:\/\/tourtravelandmore.com\/fr\/tours\/allemagne-fr\/munich-fr\/visite-privee-du-stade-du-bayern-munich\/\"]}]},{\"@type\":\"ImageObject\",\"inLanguage\":\"fr-FR\",\"@id\":\"https:\/\/tourtravelandmore.com\/fr\/tours\/allemagne-fr\/munich-fr\/visite-privee-du-stade-du-bayern-munich\/#primaryimage\",\"url\":\"https:\/\/tourtravelandmore.com\/wp-content\/uploads\/2019\/09\/bayern.munich.4.jpg\",\"contentUrl\":\"https:\/\/tourtravelandmore.com\/wp-content\/uploads\/2019\/09\/bayern.munich.4.jpg\",\"width\":1024,\"height\":768},{\"@type\":\"BreadcrumbList\",\"@id\":\"https:\/\/tourtravelandmore.com\/fr\/tours\/allemagne-fr\/munich-fr\/visite-privee-du-stade-du-bayern-munich\/#breadcrumb\",\"itemListElement\":[{\"@type\":\"ListItem\",\"position\":1,\"name\":\"Home\",\"item\":\"https:\/\/tourtravelandmore.com\/fr\/\"},{\"@type\":\"ListItem\",\"position\":2,\"name\":\"Tours\",\"item\":\"https:\/\/tourtravelandmore.com\/fr\/tours\/\"},{\"@type\":\"ListItem\",\"position\":3,\"name\":\"Visite priv\u00e9e du stade du Bayern Munich\"}]},{\"@type\":\"WebSite\",\"@id\":\"https:\/\/tourtravelandmore.com\/fr\/#website\",\"url\":\"https:\/\/tourtravelandmore.com\/fr\/\",\"name\":\"Tour Travel And More\",\"description\":\"Private sightseeing tours and luxury transfers in Spain\",\"publisher\":{\"@id\":\"https:\/\/tourtravelandmore.com\/fr\/#organization\"},\"potentialAction\":[{\"@type\":\"SearchAction\",\"target\":{\"@type\":\"EntryPoint\",\"urlTemplate\":\"https:\/\/tourtravelandmore.com\/fr\/?s={search_term_string}\"},\"query-input\":{\"@type\":\"PropertyValueSpecification\",\"valueRequired\":true,\"valueName\":\"search_term_string\"}}],\"inLanguage\":\"fr-FR\"},{\"@type\":\"Organization\",\"@id\":\"https:\/\/tourtravelandmore.com\/fr\/#organization\",\"name\":\"Tour Travel And More\",\"url\":\"https:\/\/tourtravelandmore.com\/fr\/\",\"logo\":{\"@type\":\"ImageObject\",\"inLanguage\":\"fr-FR\",\"@id\":\"https:\/\/tourtravelandmore.com\/fr\/#\/schema\/logo\/image\/\",\"url\":\"https:\/\/tourtravelandmore.com\/wp-content\/uploads\/2022\/12\/cropped-logo-cabecera-new.png\",\"contentUrl\":\"https:\/\/tourtravelandmore.com\/wp-content\/uploads\/2022\/12\/cropped-logo-cabecera-new.png\",\"width\":430,\"height\":61,\"caption\":\"Tour Travel And More\"},\"image\":{\"@id\":\"https:\/\/tourtravelandmore.com\/fr\/#\/schema\/logo\/image\/\"},\"sameAs\":[\"https:\/\/www.facebook.com\/tourtravelandmore\/\",\"https:\/\/x.com\/TourTravel_More\"]}]}<\/script>\n<!-- \/ Yoast SEO Premium plugin. -->","yoast_head_json":{"title":"Visite priv\u00e9e du stade du Bayern Munich avec guide officiel et chauffeur","description":"Profitez de cette visite priv\u00e9e du stade du Bayern Munich et d\u00e9couvrez le confortable Allianz Arena dans un v\u00e9hicule de luxe priv\u00e9 avec chauffeur et guide.","robots":{"index":"index","follow":"follow","max-snippet":"max-snippet:-1","max-image-preview":"max-image-preview:large","max-video-preview":"max-video-preview:-1"},"canonical":"https:\/\/tourtravelandmore.com\/fr\/tours\/allemagne-fr\/munich-fr\/visite-privee-du-stade-du-bayern-munich\/","og_locale":"fr_FR","og_type":"article","og_title":"Visite priv\u00e9e du stade du Bayern Munich","og_description":"Profitez de cette visite priv\u00e9e du stade du Bayern Munich et d\u00e9couvrez le confortable Allianz Arena dans un v\u00e9hicule de luxe priv\u00e9 avec chauffeur et guide.","og_url":"https:\/\/tourtravelandmore.com\/fr\/tours\/allemagne-fr\/munich-fr\/visite-privee-du-stade-du-bayern-munich\/","og_site_name":"Tour Travel And More","article_publisher":"https:\/\/www.facebook.com\/tourtravelandmore\/","article_modified_time":"2022-11-15T19:29:59+00:00","og_image":[{"width":1024,"height":768,"url":"https:\/\/tourtravelandmore.com\/wp-content\/uploads\/2019\/09\/bayern.munich.4.jpg","type":"image\/jpeg"}],"twitter_card":"summary_large_image","twitter_site":"@TourTravel_More","twitter_misc":{"Dur\u00e9e de lecture estim\u00e9e":"2 minutes"},"schema":{"@context":"https:\/\/schema.org","@graph":[{"@type":"WebPage","@id":"https:\/\/tourtravelandmore.com\/fr\/tours\/allemagne-fr\/munich-fr\/visite-privee-du-stade-du-bayern-munich\/","url":"https:\/\/tourtravelandmore.com\/fr\/tours\/allemagne-fr\/munich-fr\/visite-privee-du-stade-du-bayern-munich\/","name":"Visite priv\u00e9e du stade du Bayern Munich avec guide officiel et chauffeur","isPartOf":{"@id":"https:\/\/tourtravelandmore.com\/fr\/#website"},"primaryImageOfPage":{"@id":"https:\/\/tourtravelandmore.com\/fr\/tours\/allemagne-fr\/munich-fr\/visite-privee-du-stade-du-bayern-munich\/#primaryimage"},"image":{"@id":"https:\/\/tourtravelandmore.com\/fr\/tours\/allemagne-fr\/munich-fr\/visite-privee-du-stade-du-bayern-munich\/#primaryimage"},"thumbnailUrl":"https:\/\/tourtravelandmore.com\/wp-content\/uploads\/2019\/09\/bayern.munich.4.jpg","datePublished":"2019-09-07T10:24:12+00:00","dateModified":"2022-11-15T19:29:59+00:00","description":"Profitez de cette visite priv\u00e9e du stade du Bayern Munich et d\u00e9couvrez le confortable Allianz Arena dans un v\u00e9hicule de luxe priv\u00e9 avec chauffeur et guide.","breadcrumb":{"@id":"https:\/\/tourtravelandmore.com\/fr\/tours\/allemagne-fr\/munich-fr\/visite-privee-du-stade-du-bayern-munich\/#breadcrumb"},"inLanguage":"fr-FR","potentialAction":[{"@type":"ReadAction","target":["https:\/\/tourtravelandmore.com\/fr\/tours\/allemagne-fr\/munich-fr\/visite-privee-du-stade-du-bayern-munich\/"]}]},{"@type":"ImageObject","inLanguage":"fr-FR","@id":"https:\/\/tourtravelandmore.com\/fr\/tours\/allemagne-fr\/munich-fr\/visite-privee-du-stade-du-bayern-munich\/#primaryimage","url":"https:\/\/tourtravelandmore.com\/wp-content\/uploads\/2019\/09\/bayern.munich.4.jpg","contentUrl":"https:\/\/tourtravelandmore.com\/wp-content\/uploads\/2019\/09\/bayern.munich.4.jpg","width":1024,"height":768},{"@type":"BreadcrumbList","@id":"https:\/\/tourtravelandmore.com\/fr\/tours\/allemagne-fr\/munich-fr\/visite-privee-du-stade-du-bayern-munich\/#breadcrumb","itemListElement":[{"@type":"ListItem","position":1,"name":"Home","item":"https:\/\/tourtravelandmore.com\/fr\/"},{"@type":"ListItem","position":2,"name":"Tours","item":"https:\/\/tourtravelandmore.com\/fr\/tours\/"},{"@type":"ListItem","position":3,"name":"Visite priv\u00e9e du stade du Bayern Munich"}]},{"@type":"WebSite","@id":"https:\/\/tourtravelandmore.com\/fr\/#website","url":"https:\/\/tourtravelandmore.com\/fr\/","name":"Tour Travel And More","description":"Private sightseeing tours and luxury transfers in Spain","publisher":{"@id":"https:\/\/tourtravelandmore.com\/fr\/#organization"},"potentialAction":[{"@type":"SearchAction","target":{"@type":"EntryPoint","urlTemplate":"https:\/\/tourtravelandmore.com\/fr\/?s={search_term_string}"},"query-input":{"@type":"PropertyValueSpecification","valueRequired":true,"valueName":"search_term_string"}}],"inLanguage":"fr-FR"},{"@type":"Organization","@id":"https:\/\/tourtravelandmore.com\/fr\/#organization","name":"Tour Travel And More","url":"https:\/\/tourtravelandmore.com\/fr\/","logo":{"@type":"ImageObject","inLanguage":"fr-FR","@id":"https:\/\/tourtravelandmore.com\/fr\/#\/schema\/logo\/image\/","url":"https:\/\/tourtravelandmore.com\/wp-content\/uploads\/2022\/12\/cropped-logo-cabecera-new.png","contentUrl":"https:\/\/tourtravelandmore.com\/wp-content\/uploads\/2022\/12\/cropped-logo-cabecera-new.png","width":430,"height":61,"caption":"Tour Travel And More"},"image":{"@id":"https:\/\/tourtravelandmore.com\/fr\/#\/schema\/logo\/image\/"},"sameAs":["https:\/\/www.facebook.com\/tourtravelandmore\/","https:\/\/x.com\/TourTravel_More"]}]}},"_links":{"self":[{"href":"https:\/\/tourtravelandmore.com\/fr\/wp-json\/wp\/v2\/product\/103276","targetHints":{"allow":["GET"]}}],"collection":[{"href":"https:\/\/tourtravelandmore.com\/fr\/wp-json\/wp\/v2\/product"}],"about":[{"href":"https:\/\/tourtravelandmore.com\/fr\/wp-json\/wp\/v2\/types\/product"}],"replies":[{"embeddable":true,"href":"https:\/\/tourtravelandmore.com\/fr\/wp-json\/wp\/v2\/comments?post=103276"}],"wp:featuredmedia":[{"embeddable":true,"href":"https:\/\/tourtravelandmore.com\/fr\/wp-json\/wp\/v2\/media\/96286"}],"wp:attachment":[{"href":"https:\/\/tourtravelandmore.com\/fr\/wp-json\/wp\/v2\/media?parent=103276"}],"wp:term":[{"taxonomy":"product_brand","embeddable":true,"href":"https:\/\/tourtravelandmore.com\/fr\/wp-json\/wp\/v2\/product_brand?post=103276"},{"taxonomy":"product_cat","embeddable":true,"href":"https:\/\/tourtravelandmore.com\/fr\/wp-json\/wp\/v2\/product_cat?post=103276"},{"taxonomy":"product_tag","embeddable":true,"href":"https:\/\/tourtravelandmore.com\/fr\/wp-json\/wp\/v2\/product_tag?post=103276"}],"curies":[{"name":"wp","href":"https:\/\/api.w.org\/{rel}","templated":true}]}}