{"id":103271,"date":"2019-09-06T19:15:18","date_gmt":"2019-09-06T17:15:18","guid":{"rendered":"https:\/\/tourtravelandmore.com\/tours\/non%20class\u00e9\/visite-privee-daugsbourg-au-depart-de-munich\/"},"modified":"2022-11-15T20:30:07","modified_gmt":"2022-11-15T19:30:07","slug":"visite-privee-daugsbourg-au-depart-de-munich","status":"publish","type":"product","link":"https:\/\/tourtravelandmore.com\/fr\/tours\/allemagne-fr\/munich-fr\/visite-privee-daugsbourg-au-depart-de-munich\/","title":{"rendered":"Visite priv\u00e9e d&#8217;Augsbourg au d\u00e9part de Munich"},"content":{"rendered":"<h2>Description<\/h2>\n<p>Augsbourg est l&#8217;une des villes les plus anciennes d&#8217;Allemagne \u00e0 l&#8217;architecture vari\u00e9e. Profitez de cette visite priv\u00e9e d&#8217;Augsbourg au d\u00e9part de Munich dans un v\u00e9hicule de luxe priv\u00e9 avec un chauffeur \/ guide priv\u00e9.<\/p>\n<p>La prise en charge se fera \u00e0 votre h\u00f4tel ou lieu de votre choix \u00e0 Munich \u00e0 l&#8217;heure souhait\u00e9e le matin. Vous passerez une journ\u00e9e riche en exp\u00e9riences et en grands souvenirs.<\/p>\n<p>Augsbourg est une ville pleine de vie et de charme. Ici vous trouverez des maisons aux belles couleurs sur ses fa\u00e7ades ou ses toits ainsi que de nombreux arrangements floraux dans leur fen\u00eatre. Est une ville parfaite pour marcher ou simplement prendre le v\u00e9lo pour faire du v\u00e9lo.<\/p>\n<p>Dans cette visite priv\u00e9e, vous aurez un chauffeur \/ guide priv\u00e9 \u00e0 votre enti\u00e8re disposition pendant toute la visite. Si vous pr\u00e9f\u00e9rez, nous pouvons inclure un guide local \u00e0 Augsbourg pour une exp\u00e9rience plus compl\u00e8te.<\/p>\n<p>Chez Tour Travel and More, nous avons un groupe d&#8217;experts en voyage d\u00e9sireux de vous aider \u00e0 trouver votre meilleure visite ou exp\u00e9rience. Si vous avez quelque chose en t\u00eate, faites-le nous savoir et nous ferons de notre mieux pour vous aider.<\/p>\n<h2>Sites d&#8217;int\u00e9r\u00eat et points de rep\u00e8re<\/h2>\n<p>Votre visite commencera d\u00e8s que votre chauffeur \/ guide priv\u00e9 est venu vous chercher \u00e0 votre h\u00f4tel \u00e0 Munich. Vous appr\u00e9cierez la ville d&#8217;Augsbourg sous un autre angle avec l&#8217;aide d&#8217;un professionnel.<\/p>\n<p>La ville est connue pour son ancienne architecture allemande. Parmi les sites que vous visiterez, votre chauffeur \/ guide vous guidera \u00e0 travers Goldener Saal, une salle de c\u00e9r\u00e9monie c\u00e9l\u00e8bre pour ses peintures au plafond et ses murs dor\u00e9s ou jusqu&#8217;\u00e0 la tour Perlach. Est une tour de 70 m\u00e8tres de haut situ\u00e9e dans le quartier central.<\/p>\n<p>Entre autres lieux et monuments que vous pourrez visiter<\/p>\n<ul>\n<li>\u00c9glise Sainte-Anne<\/li>\n<li>Goldener Saal<\/li>\n<li>Fuggerei<\/li>\n<li>Tour Perlach<\/li>\n<li>Fontaine d&#8217;Auguste<\/li>\n<li>Fontaine d&#8217;Hercule<\/li>\n<li>Rathausplatz<\/li>\n<li>Mairie<\/li>\n<li>Cath\u00e9drale d&#8217;Augsbourg<\/li>\n<li>Mozarthaus Augsbourg<\/li>\n<li>Maximillianstra\u00dfe<\/li>\n<li>Fontaine de mercure<\/li>\n<li>Fuggerh\u00e4user<\/li>\n<li>Schaezlerpalais<\/li>\n<li>Handswerkermuseum<\/li>\n<li>et beaucoup plus!<\/li>\n<\/ul>\n<p>Au cours de cette visite priv\u00e9e d&#8217;Augsbourg au d\u00e9part de Munich, vous aurez \u00e9galement du temps libre pour d\u00e9guster un plat typique de la zone.<\/p>\n<p>Si vous pr\u00e9f\u00e9rez, nous pouvons inclure des billets d&#8217;entr\u00e9e pour tout monument ou mus\u00e9e que vous souhaitez visiter. Ceci est une visite priv\u00e9e juste pour vous et votre groupe.<\/p>\n<p>Enfin, votre chauffeur \/ guide priv\u00e9 vous ram\u00e8nera \u00e0 votre h\u00f4tel ou lieu de votre choix \u00e0 Munich.<\/p>\n<p>Si vous recherchez un autre type d&#8217;excursion d&#8217;une journ\u00e9e, jetez un \u0153il \u00e0 notre visite priv\u00e9e \u00e0 Rothenburgo au d\u00e9part de Munich.<\/p>\n","protected":false},"excerpt":{"rendered":"<p>Si vous recherchez une journ\u00e9e compl\u00e8te au d\u00e9part de Munich, vous ne pouvez pas manquer cette visite priv\u00e9e d&#8217;Augsbourg. Le service aura lieu dans un v\u00e9hicule de luxe priv\u00e9 avec un chauffeur \/ guide professionnel. Vous visiterez l&#8217;une des plus anciennes villes d&#8217;Allemagne qui a beaucoup \u00e0 offrir. Connaissez des endroits comme l&#8217;\u00e9glise Sainte-Anne, Goldener Saal, Fuggerei et bien plus encore !.<\/p>\n<p>&nbsp;<\/p>\n","protected":false},"featured_media":96283,"comment_status":"open","ping_status":"closed","template":"","meta":{"_acf_changed":false},"product_brand":[],"product_cat":[3756],"product_tag":[],"class_list":{"0":"post-103271","1":"product","2":"type-product","3":"status-publish","4":"has-post-thumbnail","6":"product_cat-munich-fr","8":"first","9":"instock","10":"shipping-taxable","11":"purchasable","12":"product-type-simple"},"acf":[],"yoast_head":"<!-- This site is optimized with the Yoast SEO Premium plugin v25.3.1 (Yoast SEO v25.3.1) - https:\/\/yoast.com\/wordpress\/plugins\/seo\/ -->\n<title>Visite priv\u00e9e d&#039;une journ\u00e9e compl\u00e8te d&#039;Augsbourg depuis la ville de Munich<\/title>\n<meta name=\"description\" content=\"Profitez d&#039;une visite priv\u00e9e de la ville d&#039;Augsbourg au d\u00e9part de Munich dans un v\u00e9hicule de luxe priv\u00e9 avec chauffeur \/ guide. Profitez-en pour visiter l&#039;une des plus anciennes villes.\" \/>\n<meta name=\"robots\" content=\"index, follow, max-snippet:-1, max-image-preview:large, max-video-preview:-1\" \/>\n<link rel=\"canonical\" href=\"https:\/\/tourtravelandmore.com\/fr\/tours\/allemagne-fr\/munich-fr\/visite-privee-daugsbourg-au-depart-de-munich\/\" \/>\n<meta property=\"og:locale\" content=\"fr_FR\" \/>\n<meta property=\"og:type\" content=\"article\" \/>\n<meta property=\"og:title\" content=\"Visite priv\u00e9e d&#039;Augsbourg au d\u00e9part de Munich\" \/>\n<meta property=\"og:description\" content=\"Profitez d&#039;une visite priv\u00e9e de la ville d&#039;Augsbourg au d\u00e9part de Munich dans un v\u00e9hicule de luxe priv\u00e9 avec chauffeur \/ guide. Profitez-en pour visiter l&#039;une des plus anciennes villes.\" \/>\n<meta property=\"og:url\" content=\"https:\/\/tourtravelandmore.com\/fr\/tours\/allemagne-fr\/munich-fr\/visite-privee-daugsbourg-au-depart-de-munich\/\" \/>\n<meta property=\"og:site_name\" content=\"Tour Travel And More\" \/>\n<meta property=\"article:publisher\" content=\"https:\/\/www.facebook.com\/tourtravelandmore\/\" \/>\n<meta property=\"article:modified_time\" content=\"2022-11-15T19:30:07+00:00\" \/>\n<meta property=\"og:image\" content=\"https:\/\/tourtravelandmore.com\/wp-content\/uploads\/2019\/09\/augsburg.jpg\" \/>\n\t<meta property=\"og:image:width\" content=\"960\" \/>\n\t<meta property=\"og:image:height\" content=\"720\" \/>\n\t<meta property=\"og:image:type\" content=\"image\/jpeg\" \/>\n<meta name=\"twitter:card\" content=\"summary_large_image\" \/>\n<meta name=\"twitter:site\" content=\"@TourTravel_More\" \/>\n<meta name=\"twitter:label1\" content=\"Dur\u00e9e de lecture estim\u00e9e\" \/>\n\t<meta name=\"twitter:data1\" content=\"2 minutes\" \/>\n<script type=\"application\/ld+json\" class=\"yoast-schema-graph\">{\"@context\":\"https:\/\/schema.org\",\"@graph\":[{\"@type\":\"WebPage\",\"@id\":\"https:\/\/tourtravelandmore.com\/fr\/tours\/allemagne-fr\/munich-fr\/visite-privee-daugsbourg-au-depart-de-munich\/\",\"url\":\"https:\/\/tourtravelandmore.com\/fr\/tours\/allemagne-fr\/munich-fr\/visite-privee-daugsbourg-au-depart-de-munich\/\",\"name\":\"Visite priv\u00e9e d'une journ\u00e9e compl\u00e8te d'Augsbourg depuis la ville de Munich\",\"isPartOf\":{\"@id\":\"https:\/\/tourtravelandmore.com\/fr\/#website\"},\"primaryImageOfPage\":{\"@id\":\"https:\/\/tourtravelandmore.com\/fr\/tours\/allemagne-fr\/munich-fr\/visite-privee-daugsbourg-au-depart-de-munich\/#primaryimage\"},\"image\":{\"@id\":\"https:\/\/tourtravelandmore.com\/fr\/tours\/allemagne-fr\/munich-fr\/visite-privee-daugsbourg-au-depart-de-munich\/#primaryimage\"},\"thumbnailUrl\":\"https:\/\/tourtravelandmore.com\/wp-content\/uploads\/2019\/09\/augsburg.jpg\",\"datePublished\":\"2019-09-06T17:15:18+00:00\",\"dateModified\":\"2022-11-15T19:30:07+00:00\",\"description\":\"Profitez d'une visite priv\u00e9e de la ville d'Augsbourg au d\u00e9part de Munich dans un v\u00e9hicule de luxe priv\u00e9 avec chauffeur \/ guide. Profitez-en pour visiter l'une des plus anciennes villes.\",\"breadcrumb\":{\"@id\":\"https:\/\/tourtravelandmore.com\/fr\/tours\/allemagne-fr\/munich-fr\/visite-privee-daugsbourg-au-depart-de-munich\/#breadcrumb\"},\"inLanguage\":\"fr-FR\",\"potentialAction\":[{\"@type\":\"ReadAction\",\"target\":[\"https:\/\/tourtravelandmore.com\/fr\/tours\/allemagne-fr\/munich-fr\/visite-privee-daugsbourg-au-depart-de-munich\/\"]}]},{\"@type\":\"ImageObject\",\"inLanguage\":\"fr-FR\",\"@id\":\"https:\/\/tourtravelandmore.com\/fr\/tours\/allemagne-fr\/munich-fr\/visite-privee-daugsbourg-au-depart-de-munich\/#primaryimage\",\"url\":\"https:\/\/tourtravelandmore.com\/wp-content\/uploads\/2019\/09\/augsburg.jpg\",\"contentUrl\":\"https:\/\/tourtravelandmore.com\/wp-content\/uploads\/2019\/09\/augsburg.jpg\",\"width\":960,\"height\":720},{\"@type\":\"BreadcrumbList\",\"@id\":\"https:\/\/tourtravelandmore.com\/fr\/tours\/allemagne-fr\/munich-fr\/visite-privee-daugsbourg-au-depart-de-munich\/#breadcrumb\",\"itemListElement\":[{\"@type\":\"ListItem\",\"position\":1,\"name\":\"Home\",\"item\":\"https:\/\/tourtravelandmore.com\/fr\/\"},{\"@type\":\"ListItem\",\"position\":2,\"name\":\"Tours\",\"item\":\"https:\/\/tourtravelandmore.com\/fr\/tours\/\"},{\"@type\":\"ListItem\",\"position\":3,\"name\":\"Visite priv\u00e9e d&rsquo;Augsbourg au d\u00e9part de Munich\"}]},{\"@type\":\"WebSite\",\"@id\":\"https:\/\/tourtravelandmore.com\/fr\/#website\",\"url\":\"https:\/\/tourtravelandmore.com\/fr\/\",\"name\":\"Tour Travel And More\",\"description\":\"Private sightseeing tours and luxury transfers in Spain\",\"publisher\":{\"@id\":\"https:\/\/tourtravelandmore.com\/fr\/#organization\"},\"potentialAction\":[{\"@type\":\"SearchAction\",\"target\":{\"@type\":\"EntryPoint\",\"urlTemplate\":\"https:\/\/tourtravelandmore.com\/fr\/?s={search_term_string}\"},\"query-input\":{\"@type\":\"PropertyValueSpecification\",\"valueRequired\":true,\"valueName\":\"search_term_string\"}}],\"inLanguage\":\"fr-FR\"},{\"@type\":\"Organization\",\"@id\":\"https:\/\/tourtravelandmore.com\/fr\/#organization\",\"name\":\"Tour Travel And More\",\"url\":\"https:\/\/tourtravelandmore.com\/fr\/\",\"logo\":{\"@type\":\"ImageObject\",\"inLanguage\":\"fr-FR\",\"@id\":\"https:\/\/tourtravelandmore.com\/fr\/#\/schema\/logo\/image\/\",\"url\":\"https:\/\/tourtravelandmore.com\/wp-content\/uploads\/2022\/12\/cropped-logo-cabecera-new.png\",\"contentUrl\":\"https:\/\/tourtravelandmore.com\/wp-content\/uploads\/2022\/12\/cropped-logo-cabecera-new.png\",\"width\":430,\"height\":61,\"caption\":\"Tour Travel And More\"},\"image\":{\"@id\":\"https:\/\/tourtravelandmore.com\/fr\/#\/schema\/logo\/image\/\"},\"sameAs\":[\"https:\/\/www.facebook.com\/tourtravelandmore\/\",\"https:\/\/x.com\/TourTravel_More\"]}]}<\/script>\n<!-- \/ Yoast SEO Premium plugin. -->","yoast_head_json":{"title":"Visite priv\u00e9e d'une journ\u00e9e compl\u00e8te d'Augsbourg depuis la ville de Munich","description":"Profitez d'une visite priv\u00e9e de la ville d'Augsbourg au d\u00e9part de Munich dans un v\u00e9hicule de luxe priv\u00e9 avec chauffeur \/ guide. Profitez-en pour visiter l'une des plus anciennes villes.","robots":{"index":"index","follow":"follow","max-snippet":"max-snippet:-1","max-image-preview":"max-image-preview:large","max-video-preview":"max-video-preview:-1"},"canonical":"https:\/\/tourtravelandmore.com\/fr\/tours\/allemagne-fr\/munich-fr\/visite-privee-daugsbourg-au-depart-de-munich\/","og_locale":"fr_FR","og_type":"article","og_title":"Visite priv\u00e9e d'Augsbourg au d\u00e9part de Munich","og_description":"Profitez d'une visite priv\u00e9e de la ville d'Augsbourg au d\u00e9part de Munich dans un v\u00e9hicule de luxe priv\u00e9 avec chauffeur \/ guide. Profitez-en pour visiter l'une des plus anciennes villes.","og_url":"https:\/\/tourtravelandmore.com\/fr\/tours\/allemagne-fr\/munich-fr\/visite-privee-daugsbourg-au-depart-de-munich\/","og_site_name":"Tour Travel And More","article_publisher":"https:\/\/www.facebook.com\/tourtravelandmore\/","article_modified_time":"2022-11-15T19:30:07+00:00","og_image":[{"width":960,"height":720,"url":"https:\/\/tourtravelandmore.com\/wp-content\/uploads\/2019\/09\/augsburg.jpg","type":"image\/jpeg"}],"twitter_card":"summary_large_image","twitter_site":"@TourTravel_More","twitter_misc":{"Dur\u00e9e de lecture estim\u00e9e":"2 minutes"},"schema":{"@context":"https:\/\/schema.org","@graph":[{"@type":"WebPage","@id":"https:\/\/tourtravelandmore.com\/fr\/tours\/allemagne-fr\/munich-fr\/visite-privee-daugsbourg-au-depart-de-munich\/","url":"https:\/\/tourtravelandmore.com\/fr\/tours\/allemagne-fr\/munich-fr\/visite-privee-daugsbourg-au-depart-de-munich\/","name":"Visite priv\u00e9e d'une journ\u00e9e compl\u00e8te d'Augsbourg depuis la ville de Munich","isPartOf":{"@id":"https:\/\/tourtravelandmore.com\/fr\/#website"},"primaryImageOfPage":{"@id":"https:\/\/tourtravelandmore.com\/fr\/tours\/allemagne-fr\/munich-fr\/visite-privee-daugsbourg-au-depart-de-munich\/#primaryimage"},"image":{"@id":"https:\/\/tourtravelandmore.com\/fr\/tours\/allemagne-fr\/munich-fr\/visite-privee-daugsbourg-au-depart-de-munich\/#primaryimage"},"thumbnailUrl":"https:\/\/tourtravelandmore.com\/wp-content\/uploads\/2019\/09\/augsburg.jpg","datePublished":"2019-09-06T17:15:18+00:00","dateModified":"2022-11-15T19:30:07+00:00","description":"Profitez d'une visite priv\u00e9e de la ville d'Augsbourg au d\u00e9part de Munich dans un v\u00e9hicule de luxe priv\u00e9 avec chauffeur \/ guide. Profitez-en pour visiter l'une des plus anciennes villes.","breadcrumb":{"@id":"https:\/\/tourtravelandmore.com\/fr\/tours\/allemagne-fr\/munich-fr\/visite-privee-daugsbourg-au-depart-de-munich\/#breadcrumb"},"inLanguage":"fr-FR","potentialAction":[{"@type":"ReadAction","target":["https:\/\/tourtravelandmore.com\/fr\/tours\/allemagne-fr\/munich-fr\/visite-privee-daugsbourg-au-depart-de-munich\/"]}]},{"@type":"ImageObject","inLanguage":"fr-FR","@id":"https:\/\/tourtravelandmore.com\/fr\/tours\/allemagne-fr\/munich-fr\/visite-privee-daugsbourg-au-depart-de-munich\/#primaryimage","url":"https:\/\/tourtravelandmore.com\/wp-content\/uploads\/2019\/09\/augsburg.jpg","contentUrl":"https:\/\/tourtravelandmore.com\/wp-content\/uploads\/2019\/09\/augsburg.jpg","width":960,"height":720},{"@type":"BreadcrumbList","@id":"https:\/\/tourtravelandmore.com\/fr\/tours\/allemagne-fr\/munich-fr\/visite-privee-daugsbourg-au-depart-de-munich\/#breadcrumb","itemListElement":[{"@type":"ListItem","position":1,"name":"Home","item":"https:\/\/tourtravelandmore.com\/fr\/"},{"@type":"ListItem","position":2,"name":"Tours","item":"https:\/\/tourtravelandmore.com\/fr\/tours\/"},{"@type":"ListItem","position":3,"name":"Visite priv\u00e9e d&rsquo;Augsbourg au d\u00e9part de Munich"}]},{"@type":"WebSite","@id":"https:\/\/tourtravelandmore.com\/fr\/#website","url":"https:\/\/tourtravelandmore.com\/fr\/","name":"Tour Travel And More","description":"Private sightseeing tours and luxury transfers in Spain","publisher":{"@id":"https:\/\/tourtravelandmore.com\/fr\/#organization"},"potentialAction":[{"@type":"SearchAction","target":{"@type":"EntryPoint","urlTemplate":"https:\/\/tourtravelandmore.com\/fr\/?s={search_term_string}"},"query-input":{"@type":"PropertyValueSpecification","valueRequired":true,"valueName":"search_term_string"}}],"inLanguage":"fr-FR"},{"@type":"Organization","@id":"https:\/\/tourtravelandmore.com\/fr\/#organization","name":"Tour Travel And More","url":"https:\/\/tourtravelandmore.com\/fr\/","logo":{"@type":"ImageObject","inLanguage":"fr-FR","@id":"https:\/\/tourtravelandmore.com\/fr\/#\/schema\/logo\/image\/","url":"https:\/\/tourtravelandmore.com\/wp-content\/uploads\/2022\/12\/cropped-logo-cabecera-new.png","contentUrl":"https:\/\/tourtravelandmore.com\/wp-content\/uploads\/2022\/12\/cropped-logo-cabecera-new.png","width":430,"height":61,"caption":"Tour Travel And More"},"image":{"@id":"https:\/\/tourtravelandmore.com\/fr\/#\/schema\/logo\/image\/"},"sameAs":["https:\/\/www.facebook.com\/tourtravelandmore\/","https:\/\/x.com\/TourTravel_More"]}]}},"_links":{"self":[{"href":"https:\/\/tourtravelandmore.com\/fr\/wp-json\/wp\/v2\/product\/103271","targetHints":{"allow":["GET"]}}],"collection":[{"href":"https:\/\/tourtravelandmore.com\/fr\/wp-json\/wp\/v2\/product"}],"about":[{"href":"https:\/\/tourtravelandmore.com\/fr\/wp-json\/wp\/v2\/types\/product"}],"replies":[{"embeddable":true,"href":"https:\/\/tourtravelandmore.com\/fr\/wp-json\/wp\/v2\/comments?post=103271"}],"wp:featuredmedia":[{"embeddable":true,"href":"https:\/\/tourtravelandmore.com\/fr\/wp-json\/wp\/v2\/media\/96283"}],"wp:attachment":[{"href":"https:\/\/tourtravelandmore.com\/fr\/wp-json\/wp\/v2\/media?parent=103271"}],"wp:term":[{"taxonomy":"product_brand","embeddable":true,"href":"https:\/\/tourtravelandmore.com\/fr\/wp-json\/wp\/v2\/product_brand?post=103271"},{"taxonomy":"product_cat","embeddable":true,"href":"https:\/\/tourtravelandmore.com\/fr\/wp-json\/wp\/v2\/product_cat?post=103271"},{"taxonomy":"product_tag","embeddable":true,"href":"https:\/\/tourtravelandmore.com\/fr\/wp-json\/wp\/v2\/product_tag?post=103271"}],"curies":[{"name":"wp","href":"https:\/\/api.w.org\/{rel}","templated":true}]}}