{"id":103265,"date":"2019-09-06T15:30:55","date_gmt":"2019-09-06T13:30:55","guid":{"rendered":"https:\/\/tourtravelandmore.com\/tours\/non%20class\u00e9\/visite-privee-du-palais-de-linderhof-et-du-chateau-de-hohenschwangau\/"},"modified":"2022-11-16T09:35:04","modified_gmt":"2022-11-16T08:35:04","slug":"visite-privee-du-palais-de-linderhof-et-du-chateau-de-hohenschwangau","status":"publish","type":"product","link":"https:\/\/tourtravelandmore.com\/fr\/tours\/allemagne-fr\/munich-fr\/visite-privee-du-palais-de-linderhof-et-du-chateau-de-hohenschwangau\/","title":{"rendered":"Visite priv\u00e9e du palais de Linderhof et du ch\u00e2teau de Hohenschwangau"},"content":{"rendered":"<h2>Description<\/h2>\n<p>Profitez de cette visite priv\u00e9e enti\u00e8rement personnalis\u00e9e du palais de Linderhof et du ch\u00e2teau de Hohenschwangau au d\u00e9part de Munich. Pour couronner votre exp\u00e9rience, vous disposerez d&#8217;un v\u00e9hicule de luxe priv\u00e9 avec chauffeur \/ guide pour une visite de 10 heures.<\/p>\n<p>Le palais de Linderhof est un palais situ\u00e9 dans une vall\u00e9e pr\u00e8s de la ville d&#8217;Oberammergau, dans l&#8217;\u00c9tat f\u00e9d\u00e9ral de Bavi\u00e8re. Son parc environnant est l&#8217;un des ensembles complexes les plus artistiques et incroyables du 19\u00e8me si\u00e8cle.<\/p>\n<p>D&#8217;autre part, le ch\u00e2teau de Hohenschwangau est situ\u00e9 dans le village de Schwangau pr\u00e8s de la ville de F\u00fcssen. C&#8217;\u00e9tait la r\u00e9sidence d&#8217;enfance du roi Louis II de Bavi\u00e8re.<\/p>\n<p>Au cours de cette visite priv\u00e9e du palais de Linderhof et du ch\u00e2teau de Hohenschwangau, vous pourrez admirer deux monuments \u00e9tonnants d&#8217;une grande valeur historique. En outre, vous conna\u00eetrez l&#8217;architecture de ces lieux uniques avec votre chauffeur \/ guide.<\/p>\n<p>Si vous recherchez un autre type de visite, veuillez jeter un coup d&#8217;\u0153il \u00e0 notre visite priv\u00e9e d&#8217;une journ\u00e9e compl\u00e8te de Salzbourg et de la r\u00e9gion des lacs au d\u00e9part de Munich.<\/p>\n<h2>Sites d&#8217;int\u00e9r\u00eat et points de rep\u00e8re<\/h2>\n<p>Votre premier contact avec Tour Travel &amp; More se fera dans le hall de votre h\u00f4tel ou lieu de votre choix \u00e0 Munich. Votre chauffeur \/ guide priv\u00e9 viendra vous chercher \u00e0 l&#8217;heure souhait\u00e9e pour commencer la visite.<\/p>\n<p>Notre premier arr\u00eat sera le Palais de Linderhof. Construit au 19\u00e8me si\u00e8cle par le roi Louis II comme pavillon de chasse, vous pourrez admirer la beaut\u00e9 architecturale du palais, les paysages de montagne et ses jardins impressionnants. Vous pouvez prendre les meilleures photos quand vous le souhaitez.<\/p>\n<p>Une fois arriv\u00e9s au Palais, nous vous proposons de visiter:<\/p>\n<ul>\n<li>Kiosque maure<\/li>\n<li>Parc de Linderhof<\/li>\n<li>Jardins formels<\/li>\n<li>Galerie des glaces<\/li>\n<li>Cabinet lilas, jaune, bleu et rose<\/li>\n<li>Salle d&#8217;audience<\/li>\n<li>Chambre de lit<\/li>\n<li>Salle \u00e0 manger<\/li>\n<\/ul>\n<p>Vous apprendrez \u00e0 conna\u00eetre l&#8217;histoire du roi Louis II et le m\u00e9lange entre l&#8217;unicit\u00e9 du palais de Linderhof et les Alpes bavaroises.<\/p>\n<p>Nous continuerons ensuite la visite du ch\u00e2teau n\u00e9o-gothique de Hohenschwangau, situ\u00e9 pr\u00e8s des lacs de Schwansee. Construit par le prince h\u00e9ritier Maximillan de Bavi\u00e8re \u00e0 partir des ruines du ch\u00e2teau en ruine de Schwanstein. Chacun des meubles du ch\u00e2teau est un original utilis\u00e9.<\/p>\n<p>Dans la r\u00e9gion de Hohenschwangau, vous pouvez \u00e9galement profiter des monuments suivants:<\/p>\n<ul>\n<li>Alpsee<\/li>\n<li>Ch\u00e2teau de Hohenschwangau<\/li>\n<li>Peintures Domenik Quaglio<\/li>\n<li>Les appartements royaux<\/li>\n<li>Marienbr\u00fccke<\/li>\n<li>Et bien d&#8217;autres sites lors de cette visite priv\u00e9e!<\/li>\n<\/ul>\n<p>Au cours de cette visite priv\u00e9e, vous pourrez faire une halte pour d\u00e9jeuner \u00e0 Oberammergau et faire une visite rapide de la villa.<\/p>\n<p>Enfin, \u00e0 la fin de la visite, votre chauffeur \/ guide priv\u00e9 vous ram\u00e8nera \u00e0 votre point de d\u00e9part \u00e0 Munich.<\/p>\n","protected":false},"excerpt":{"rendered":"<p>Aventurez-vous pour profiter de cette visite priv\u00e9e d&#8217;une journ\u00e9e compl\u00e8te du palais de Linderhof et du ch\u00e2teau de Hohenschwangau au d\u00e9part de Munich. Ne manquez pas une chance de conna\u00eetre Hohenschwangau ainsi que le magnifique paysage des Alpes bavaroises \u00e0 c\u00f4t\u00e9 de votre chauffeur \/ guide officiel priv\u00e9 confortablement dans votre v\u00e9hicule de luxe priv\u00e9. Prise en charge et retour du lieu de votre choix \u00e0 Munich.<\/p>\n<p>&nbsp;<\/p>\n","protected":false},"featured_media":96276,"comment_status":"open","ping_status":"closed","template":"","meta":{"_acf_changed":false},"product_brand":[],"product_cat":[3756],"product_tag":[],"class_list":{"0":"post-103265","1":"product","2":"type-product","3":"status-publish","4":"has-post-thumbnail","6":"product_cat-munich-fr","8":"first","9":"instock","10":"shipping-taxable","11":"purchasable","12":"product-type-simple"},"acf":[],"yoast_head":"<!-- This site is optimized with the Yoast SEO Premium plugin v25.3.1 (Yoast SEO v25.3.1) - https:\/\/yoast.com\/wordpress\/plugins\/seo\/ -->\n<title>Visite priv\u00e9e d&#039;une journ\u00e9e compl\u00e8te du palais de Linderhof et du ch\u00e2teau de Hohenschwangau<\/title>\n<meta name=\"description\" content=\"Profitez de cette visite priv\u00e9e du palais de Linderhof et du ch\u00e2teau de Hohenschwangau au d\u00e9part de Munich et d\u00e9couvrez les plus beaux monuments de chacun.\" \/>\n<meta name=\"robots\" content=\"index, follow, max-snippet:-1, max-image-preview:large, max-video-preview:-1\" \/>\n<link rel=\"canonical\" href=\"https:\/\/tourtravelandmore.com\/fr\/tours\/allemagne-fr\/munich-fr\/visite-privee-du-palais-de-linderhof-et-du-chateau-de-hohenschwangau\/\" \/>\n<meta property=\"og:locale\" content=\"fr_FR\" \/>\n<meta property=\"og:type\" content=\"article\" \/>\n<meta property=\"og:title\" content=\"Visite priv\u00e9e du palais de Linderhof et du ch\u00e2teau de Hohenschwangau\" \/>\n<meta property=\"og:description\" content=\"Profitez de cette visite priv\u00e9e du palais de Linderhof et du ch\u00e2teau de Hohenschwangau au d\u00e9part de Munich et d\u00e9couvrez les plus beaux monuments de chacun.\" \/>\n<meta property=\"og:url\" content=\"https:\/\/tourtravelandmore.com\/fr\/tours\/allemagne-fr\/munich-fr\/visite-privee-du-palais-de-linderhof-et-du-chateau-de-hohenschwangau\/\" \/>\n<meta property=\"og:site_name\" content=\"Tour Travel And More\" \/>\n<meta property=\"article:publisher\" content=\"https:\/\/www.facebook.com\/tourtravelandmore\/\" \/>\n<meta property=\"article:modified_time\" content=\"2022-11-16T08:35:04+00:00\" \/>\n<meta property=\"og:image\" content=\"https:\/\/tourtravelandmore.com\/wp-content\/uploads\/2019\/09\/9799483224_b9c1ff2b2a_k.jpg\" \/>\n\t<meta property=\"og:image:width\" content=\"2047\" \/>\n\t<meta property=\"og:image:height\" content=\"1348\" \/>\n\t<meta property=\"og:image:type\" content=\"image\/jpeg\" \/>\n<meta name=\"twitter:card\" content=\"summary_large_image\" \/>\n<meta name=\"twitter:site\" content=\"@TourTravel_More\" \/>\n<meta name=\"twitter:label1\" content=\"Dur\u00e9e de lecture estim\u00e9e\" \/>\n\t<meta name=\"twitter:data1\" content=\"2 minutes\" \/>\n<script type=\"application\/ld+json\" class=\"yoast-schema-graph\">{\"@context\":\"https:\/\/schema.org\",\"@graph\":[{\"@type\":\"WebPage\",\"@id\":\"https:\/\/tourtravelandmore.com\/fr\/tours\/allemagne-fr\/munich-fr\/visite-privee-du-palais-de-linderhof-et-du-chateau-de-hohenschwangau\/\",\"url\":\"https:\/\/tourtravelandmore.com\/fr\/tours\/allemagne-fr\/munich-fr\/visite-privee-du-palais-de-linderhof-et-du-chateau-de-hohenschwangau\/\",\"name\":\"Visite priv\u00e9e d'une journ\u00e9e compl\u00e8te du palais de Linderhof et du ch\u00e2teau de Hohenschwangau\",\"isPartOf\":{\"@id\":\"https:\/\/tourtravelandmore.com\/fr\/#website\"},\"primaryImageOfPage\":{\"@id\":\"https:\/\/tourtravelandmore.com\/fr\/tours\/allemagne-fr\/munich-fr\/visite-privee-du-palais-de-linderhof-et-du-chateau-de-hohenschwangau\/#primaryimage\"},\"image\":{\"@id\":\"https:\/\/tourtravelandmore.com\/fr\/tours\/allemagne-fr\/munich-fr\/visite-privee-du-palais-de-linderhof-et-du-chateau-de-hohenschwangau\/#primaryimage\"},\"thumbnailUrl\":\"https:\/\/tourtravelandmore.com\/wp-content\/uploads\/2019\/09\/9799483224_b9c1ff2b2a_k.jpg\",\"datePublished\":\"2019-09-06T13:30:55+00:00\",\"dateModified\":\"2022-11-16T08:35:04+00:00\",\"description\":\"Profitez de cette visite priv\u00e9e du palais de Linderhof et du ch\u00e2teau de Hohenschwangau au d\u00e9part de Munich et d\u00e9couvrez les plus beaux monuments de chacun.\",\"breadcrumb\":{\"@id\":\"https:\/\/tourtravelandmore.com\/fr\/tours\/allemagne-fr\/munich-fr\/visite-privee-du-palais-de-linderhof-et-du-chateau-de-hohenschwangau\/#breadcrumb\"},\"inLanguage\":\"fr-FR\",\"potentialAction\":[{\"@type\":\"ReadAction\",\"target\":[\"https:\/\/tourtravelandmore.com\/fr\/tours\/allemagne-fr\/munich-fr\/visite-privee-du-palais-de-linderhof-et-du-chateau-de-hohenschwangau\/\"]}]},{\"@type\":\"ImageObject\",\"inLanguage\":\"fr-FR\",\"@id\":\"https:\/\/tourtravelandmore.com\/fr\/tours\/allemagne-fr\/munich-fr\/visite-privee-du-palais-de-linderhof-et-du-chateau-de-hohenschwangau\/#primaryimage\",\"url\":\"https:\/\/tourtravelandmore.com\/wp-content\/uploads\/2019\/09\/9799483224_b9c1ff2b2a_k.jpg\",\"contentUrl\":\"https:\/\/tourtravelandmore.com\/wp-content\/uploads\/2019\/09\/9799483224_b9c1ff2b2a_k.jpg\",\"width\":2047,\"height\":1348,\"caption\":\"Das Schloss Schwanstein, das Stammschloss der Edlen vom Schwangau stammt aus dem 12 Jhd. Der bayrische Kronprinz Maximiian (sp\u00e4ter K\u00f6nig Maximilian II von Bayern) kaufte das zur Ruine zerfallenen Schloss und lie\u00df es im Stil der Neugotik wieder aufbauen. Es diente fortan als Sommerresidenz der K\u00f6niglichen Familie. K\u00f6nig Ludwig II wuchs hier auf. Seit Anfang des 19 Jhd. wurde das Schloss Hohenschwangau genannt. The Swan Stone Castle, the ancestral home of the nobles of the Schwangau dates from the 12 century. The Bavarian Crown Prince Maximilian (later King Maximilian II of Bavaria) bought the castle crumbled to ruin and left it in the Gothic Revival style rebuild. It was from then on as a summer residence of the Royal Family. King Ludwig II grew up here. Since the beginning of the 19th century, the castle of Hohenschwangau was named.\"},{\"@type\":\"BreadcrumbList\",\"@id\":\"https:\/\/tourtravelandmore.com\/fr\/tours\/allemagne-fr\/munich-fr\/visite-privee-du-palais-de-linderhof-et-du-chateau-de-hohenschwangau\/#breadcrumb\",\"itemListElement\":[{\"@type\":\"ListItem\",\"position\":1,\"name\":\"Home\",\"item\":\"https:\/\/tourtravelandmore.com\/fr\/\"},{\"@type\":\"ListItem\",\"position\":2,\"name\":\"Tours\",\"item\":\"https:\/\/tourtravelandmore.com\/fr\/tours\/\"},{\"@type\":\"ListItem\",\"position\":3,\"name\":\"Visite priv\u00e9e du palais de Linderhof et du ch\u00e2teau de Hohenschwangau\"}]},{\"@type\":\"WebSite\",\"@id\":\"https:\/\/tourtravelandmore.com\/fr\/#website\",\"url\":\"https:\/\/tourtravelandmore.com\/fr\/\",\"name\":\"Tour Travel And More\",\"description\":\"Private sightseeing tours and luxury transfers in Spain\",\"publisher\":{\"@id\":\"https:\/\/tourtravelandmore.com\/fr\/#organization\"},\"potentialAction\":[{\"@type\":\"SearchAction\",\"target\":{\"@type\":\"EntryPoint\",\"urlTemplate\":\"https:\/\/tourtravelandmore.com\/fr\/?s={search_term_string}\"},\"query-input\":{\"@type\":\"PropertyValueSpecification\",\"valueRequired\":true,\"valueName\":\"search_term_string\"}}],\"inLanguage\":\"fr-FR\"},{\"@type\":\"Organization\",\"@id\":\"https:\/\/tourtravelandmore.com\/fr\/#organization\",\"name\":\"Tour Travel And More\",\"url\":\"https:\/\/tourtravelandmore.com\/fr\/\",\"logo\":{\"@type\":\"ImageObject\",\"inLanguage\":\"fr-FR\",\"@id\":\"https:\/\/tourtravelandmore.com\/fr\/#\/schema\/logo\/image\/\",\"url\":\"https:\/\/tourtravelandmore.com\/wp-content\/uploads\/2022\/12\/cropped-logo-cabecera-new.png\",\"contentUrl\":\"https:\/\/tourtravelandmore.com\/wp-content\/uploads\/2022\/12\/cropped-logo-cabecera-new.png\",\"width\":430,\"height\":61,\"caption\":\"Tour Travel And More\"},\"image\":{\"@id\":\"https:\/\/tourtravelandmore.com\/fr\/#\/schema\/logo\/image\/\"},\"sameAs\":[\"https:\/\/www.facebook.com\/tourtravelandmore\/\",\"https:\/\/x.com\/TourTravel_More\"]}]}<\/script>\n<!-- \/ Yoast SEO Premium plugin. -->","yoast_head_json":{"title":"Visite priv\u00e9e d'une journ\u00e9e compl\u00e8te du palais de Linderhof et du ch\u00e2teau de Hohenschwangau","description":"Profitez de cette visite priv\u00e9e du palais de Linderhof et du ch\u00e2teau de Hohenschwangau au d\u00e9part de Munich et d\u00e9couvrez les plus beaux monuments de chacun.","robots":{"index":"index","follow":"follow","max-snippet":"max-snippet:-1","max-image-preview":"max-image-preview:large","max-video-preview":"max-video-preview:-1"},"canonical":"https:\/\/tourtravelandmore.com\/fr\/tours\/allemagne-fr\/munich-fr\/visite-privee-du-palais-de-linderhof-et-du-chateau-de-hohenschwangau\/","og_locale":"fr_FR","og_type":"article","og_title":"Visite priv\u00e9e du palais de Linderhof et du ch\u00e2teau de Hohenschwangau","og_description":"Profitez de cette visite priv\u00e9e du palais de Linderhof et du ch\u00e2teau de Hohenschwangau au d\u00e9part de Munich et d\u00e9couvrez les plus beaux monuments de chacun.","og_url":"https:\/\/tourtravelandmore.com\/fr\/tours\/allemagne-fr\/munich-fr\/visite-privee-du-palais-de-linderhof-et-du-chateau-de-hohenschwangau\/","og_site_name":"Tour Travel And More","article_publisher":"https:\/\/www.facebook.com\/tourtravelandmore\/","article_modified_time":"2022-11-16T08:35:04+00:00","og_image":[{"width":2047,"height":1348,"url":"https:\/\/tourtravelandmore.com\/wp-content\/uploads\/2019\/09\/9799483224_b9c1ff2b2a_k.jpg","type":"image\/jpeg"}],"twitter_card":"summary_large_image","twitter_site":"@TourTravel_More","twitter_misc":{"Dur\u00e9e de lecture estim\u00e9e":"2 minutes"},"schema":{"@context":"https:\/\/schema.org","@graph":[{"@type":"WebPage","@id":"https:\/\/tourtravelandmore.com\/fr\/tours\/allemagne-fr\/munich-fr\/visite-privee-du-palais-de-linderhof-et-du-chateau-de-hohenschwangau\/","url":"https:\/\/tourtravelandmore.com\/fr\/tours\/allemagne-fr\/munich-fr\/visite-privee-du-palais-de-linderhof-et-du-chateau-de-hohenschwangau\/","name":"Visite priv\u00e9e d'une journ\u00e9e compl\u00e8te du palais de Linderhof et du ch\u00e2teau de Hohenschwangau","isPartOf":{"@id":"https:\/\/tourtravelandmore.com\/fr\/#website"},"primaryImageOfPage":{"@id":"https:\/\/tourtravelandmore.com\/fr\/tours\/allemagne-fr\/munich-fr\/visite-privee-du-palais-de-linderhof-et-du-chateau-de-hohenschwangau\/#primaryimage"},"image":{"@id":"https:\/\/tourtravelandmore.com\/fr\/tours\/allemagne-fr\/munich-fr\/visite-privee-du-palais-de-linderhof-et-du-chateau-de-hohenschwangau\/#primaryimage"},"thumbnailUrl":"https:\/\/tourtravelandmore.com\/wp-content\/uploads\/2019\/09\/9799483224_b9c1ff2b2a_k.jpg","datePublished":"2019-09-06T13:30:55+00:00","dateModified":"2022-11-16T08:35:04+00:00","description":"Profitez de cette visite priv\u00e9e du palais de Linderhof et du ch\u00e2teau de Hohenschwangau au d\u00e9part de Munich et d\u00e9couvrez les plus beaux monuments de chacun.","breadcrumb":{"@id":"https:\/\/tourtravelandmore.com\/fr\/tours\/allemagne-fr\/munich-fr\/visite-privee-du-palais-de-linderhof-et-du-chateau-de-hohenschwangau\/#breadcrumb"},"inLanguage":"fr-FR","potentialAction":[{"@type":"ReadAction","target":["https:\/\/tourtravelandmore.com\/fr\/tours\/allemagne-fr\/munich-fr\/visite-privee-du-palais-de-linderhof-et-du-chateau-de-hohenschwangau\/"]}]},{"@type":"ImageObject","inLanguage":"fr-FR","@id":"https:\/\/tourtravelandmore.com\/fr\/tours\/allemagne-fr\/munich-fr\/visite-privee-du-palais-de-linderhof-et-du-chateau-de-hohenschwangau\/#primaryimage","url":"https:\/\/tourtravelandmore.com\/wp-content\/uploads\/2019\/09\/9799483224_b9c1ff2b2a_k.jpg","contentUrl":"https:\/\/tourtravelandmore.com\/wp-content\/uploads\/2019\/09\/9799483224_b9c1ff2b2a_k.jpg","width":2047,"height":1348,"caption":"Das Schloss Schwanstein, das Stammschloss der Edlen vom Schwangau stammt aus dem 12 Jhd. Der bayrische Kronprinz Maximiian (sp\u00e4ter K\u00f6nig Maximilian II von Bayern) kaufte das zur Ruine zerfallenen Schloss und lie\u00df es im Stil der Neugotik wieder aufbauen. Es diente fortan als Sommerresidenz der K\u00f6niglichen Familie. K\u00f6nig Ludwig II wuchs hier auf. Seit Anfang des 19 Jhd. wurde das Schloss Hohenschwangau genannt. The Swan Stone Castle, the ancestral home of the nobles of the Schwangau dates from the 12 century. The Bavarian Crown Prince Maximilian (later King Maximilian II of Bavaria) bought the castle crumbled to ruin and left it in the Gothic Revival style rebuild. It was from then on as a summer residence of the Royal Family. King Ludwig II grew up here. Since the beginning of the 19th century, the castle of Hohenschwangau was named."},{"@type":"BreadcrumbList","@id":"https:\/\/tourtravelandmore.com\/fr\/tours\/allemagne-fr\/munich-fr\/visite-privee-du-palais-de-linderhof-et-du-chateau-de-hohenschwangau\/#breadcrumb","itemListElement":[{"@type":"ListItem","position":1,"name":"Home","item":"https:\/\/tourtravelandmore.com\/fr\/"},{"@type":"ListItem","position":2,"name":"Tours","item":"https:\/\/tourtravelandmore.com\/fr\/tours\/"},{"@type":"ListItem","position":3,"name":"Visite priv\u00e9e du palais de Linderhof et du ch\u00e2teau de Hohenschwangau"}]},{"@type":"WebSite","@id":"https:\/\/tourtravelandmore.com\/fr\/#website","url":"https:\/\/tourtravelandmore.com\/fr\/","name":"Tour Travel And More","description":"Private sightseeing tours and luxury transfers in Spain","publisher":{"@id":"https:\/\/tourtravelandmore.com\/fr\/#organization"},"potentialAction":[{"@type":"SearchAction","target":{"@type":"EntryPoint","urlTemplate":"https:\/\/tourtravelandmore.com\/fr\/?s={search_term_string}"},"query-input":{"@type":"PropertyValueSpecification","valueRequired":true,"valueName":"search_term_string"}}],"inLanguage":"fr-FR"},{"@type":"Organization","@id":"https:\/\/tourtravelandmore.com\/fr\/#organization","name":"Tour Travel And More","url":"https:\/\/tourtravelandmore.com\/fr\/","logo":{"@type":"ImageObject","inLanguage":"fr-FR","@id":"https:\/\/tourtravelandmore.com\/fr\/#\/schema\/logo\/image\/","url":"https:\/\/tourtravelandmore.com\/wp-content\/uploads\/2022\/12\/cropped-logo-cabecera-new.png","contentUrl":"https:\/\/tourtravelandmore.com\/wp-content\/uploads\/2022\/12\/cropped-logo-cabecera-new.png","width":430,"height":61,"caption":"Tour Travel And More"},"image":{"@id":"https:\/\/tourtravelandmore.com\/fr\/#\/schema\/logo\/image\/"},"sameAs":["https:\/\/www.facebook.com\/tourtravelandmore\/","https:\/\/x.com\/TourTravel_More"]}]}},"_links":{"self":[{"href":"https:\/\/tourtravelandmore.com\/fr\/wp-json\/wp\/v2\/product\/103265","targetHints":{"allow":["GET"]}}],"collection":[{"href":"https:\/\/tourtravelandmore.com\/fr\/wp-json\/wp\/v2\/product"}],"about":[{"href":"https:\/\/tourtravelandmore.com\/fr\/wp-json\/wp\/v2\/types\/product"}],"replies":[{"embeddable":true,"href":"https:\/\/tourtravelandmore.com\/fr\/wp-json\/wp\/v2\/comments?post=103265"}],"wp:featuredmedia":[{"embeddable":true,"href":"https:\/\/tourtravelandmore.com\/fr\/wp-json\/wp\/v2\/media\/96276"}],"wp:attachment":[{"href":"https:\/\/tourtravelandmore.com\/fr\/wp-json\/wp\/v2\/media?parent=103265"}],"wp:term":[{"taxonomy":"product_brand","embeddable":true,"href":"https:\/\/tourtravelandmore.com\/fr\/wp-json\/wp\/v2\/product_brand?post=103265"},{"taxonomy":"product_cat","embeddable":true,"href":"https:\/\/tourtravelandmore.com\/fr\/wp-json\/wp\/v2\/product_cat?post=103265"},{"taxonomy":"product_tag","embeddable":true,"href":"https:\/\/tourtravelandmore.com\/fr\/wp-json\/wp\/v2\/product_tag?post=103265"}],"curies":[{"name":"wp","href":"https:\/\/api.w.org\/{rel}","templated":true}]}}