{"id":103259,"date":"2019-09-05T14:34:48","date_gmt":"2019-09-05T12:34:48","guid":{"rendered":"https:\/\/tourtravelandmore.com\/tours\/non%20class\u00e9\/visite-privee-de-salzbourg-et-de-la-region-des-lacs\/"},"modified":"2022-11-09T17:00:25","modified_gmt":"2022-11-09T16:00:25","slug":"visite-privee-de-salzbourg-et-de-la-region-des-lacs","status":"publish","type":"product","link":"https:\/\/tourtravelandmore.com\/fr\/tours\/allemagne-fr\/munich-fr\/visite-privee-de-salzbourg-et-de-la-region-des-lacs\/","title":{"rendered":"Visite priv\u00e9e de Salzbourg et de la r\u00e9gion des lacs"},"content":{"rendered":"<h2>Description<\/h2>\n<p>L&#8217;emplacement id\u00e9al de la ville de Munich nous donne la chance de visiter de nombreux endroits \u00e0 partir de l\u00e0. Profitez de cette visite priv\u00e9e de Salzbourg et de la r\u00e9gion des lacs \u00e0 l&#8217;aise dans un v\u00e9hicule de luxe priv\u00e9 avec chauffeur \/ guide.<\/p>\n<p>Salzbourg est une ville autrichienne situ\u00e9e \u00e0 la fronti\u00e8re allemande, avec vue sur les Alpes orientales. Cette ville est divis\u00e9e par la rivi\u00e8re Salzach, sur une partie nous avons Altstadt (vieille ville) et dans l&#8217;autre partie nous trouverons Neustadt (ville nouvelle).<\/p>\n<p>La r\u00e9gion des lacs d&#8217;Autriche est un tr\u00e8s bel endroit o\u00f9 des montagnes spectaculaires plongent dans des lacs glaciaires d&#8217;un bleu \u00e9tincelant, cr\u00e9ant des paysages ressemblant \u00e0 des fjords<\/p>\n<p>C&#8217;est une visite parfaite pour ceux qui veulent explorer autant qu&#8217;ils le peuvent. Profitez de vos journ\u00e9es \u00e0 Munich et visitez cette charmante ville autrichienne et la r\u00e9gion des lacs qui ont beaucoup \u00e0 offrir.<\/p>\n<p>Comme toutes nos visites, cette visite priv\u00e9e de Salzbourg et de la r\u00e9gion des lacs est une visite enti\u00e8rement personnalis\u00e9e. Nous sommes en mesure de l&#8217;organiser en fonction de vos besoins et d\u00e9sirs personnels. Si vous avez quelque chose \u00e0 l&#8217;esprit, faites-le nous savoir et nous ferons de notre mieux pour l&#8217;arranger.<\/p>\n<h2>Sites d&#8217;int\u00e9r\u00eat et points de rep\u00e8re<\/h2>\n<p>Tout d&#8217;abord, votre chauffeur \/ guide priv\u00e9 viendra vous chercher \u00e0 votre h\u00f4tel ou lieu de votre choix \u00e0 Munich. Comme il s&#8217;agit d&#8217;une visite priv\u00e9e, l&#8217;heure de d\u00e9part sera d\u00e9termin\u00e9e par vous.<\/p>\n<p>Vous profiterez d&#8217;une vue sur les basses Alpes bavaroises pendant que vous vous rendrez \u00e0 Salzbourg. Vous apprendrez \u00e0 conna\u00eetre les \u00e9glises, les places et les lieux uniques de Sound of Music.<\/p>\n<p>Salzbourg est \u00e9galement le berceau de Mozart. Au cours de cette visite priv\u00e9e, vous d\u00e9couvrirez ses monuments et sites les plus importants. Vous continuerez la visite du Lake District en direction de la ville de St Wolfgang. Ici, vous pouvez admirer la beaut\u00e9 du lac Wolfgang, le paysage de montagne et le m\u00e9lange entre la ville et ses environs.<\/p>\n<p>Parmi les sites que vous pouvez visiter, nous vous proposons:<\/p>\n<ul>\n<li>Hogen Salzburg Fort<\/li>\n<li>Saint-Patrick Abay<\/li>\n<li>Palais Mirabell<\/li>\n<li>Residenzplatz<\/li>\n<li>La cath\u00e9drale de Salzbourg<\/li>\n<li>Quartier de Salzbourg<\/li>\n<li>Lac Wolfgang<\/li>\n<li>\u00c9glise St Wolfgang et son quartier<\/li>\n<li>Et bien d&#8217;autres endroits dans cette visite priv\u00e9e!<\/li>\n<\/ul>\n<p>Il s&#8217;agit d&#8217;une visite priv\u00e9e de 10 heures entre le moment de la prise en charge et le moment du d\u00e9p\u00f4t. Si vous pr\u00e9f\u00e9rez, nous pouvons inclure plus d&#8217;heures ou m\u00eame un guide priv\u00e9 local \u00e0 Salzbourg.<\/p>\n<p>Enfin, \u00e0 la fin de la visite, votre chauffeur \/ guide priv\u00e9 vous ram\u00e8nera au point de d\u00e9part \u00e0 Munich.<\/p>\n","protected":false},"excerpt":{"rendered":"<p>Quittez la ville de Munich pour une journ\u00e9e et profitez d&#8217;une visite priv\u00e9e de Salzbourg et de la r\u00e9gion des lacs. Profitez de cette occasion pour visiter l&#8217;un des endroits les plus \u00e9tonnants et les plus beaux d&#8217;Autriche avec un chauffeur \/ guide professionnel \u00e0 bord d&#8217;un v\u00e9hicule de luxe. La prise en charge peut provenir de n&#8217;importe quelle partie de Munich.<\/p>\n","protected":false},"featured_media":96255,"comment_status":"open","ping_status":"closed","template":"","meta":{"_acf_changed":false},"product_brand":[],"product_cat":[3756],"product_tag":[],"class_list":{"0":"post-103259","1":"product","2":"type-product","3":"status-publish","4":"has-post-thumbnail","6":"product_cat-munich-fr","8":"first","9":"instock","10":"shipping-taxable","11":"purchasable","12":"product-type-simple"},"acf":[],"yoast_head":"<!-- This site is optimized with the Yoast SEO Premium plugin v25.3.1 (Yoast SEO v25.3.1) - https:\/\/yoast.com\/wordpress\/plugins\/seo\/ -->\n<title>Visite priv\u00e9e de Salzbourg et de la r\u00e9gion des lacs au d\u00e9part de Munich<\/title>\n<meta name=\"description\" content=\"Profitez de cette visite priv\u00e9e de Salzbourg et de la r\u00e9gion des lacs au d\u00e9part de Munich \u00e0 l&#039;aise dans un v\u00e9hicule de luxe priv\u00e9 avec un chauffeur \/ guide professionnel.\" \/>\n<meta name=\"robots\" content=\"index, follow, max-snippet:-1, max-image-preview:large, max-video-preview:-1\" \/>\n<link rel=\"canonical\" href=\"https:\/\/tourtravelandmore.com\/fr\/tours\/allemagne-fr\/munich-fr\/visite-privee-de-salzbourg-et-de-la-region-des-lacs\/\" \/>\n<meta property=\"og:locale\" content=\"fr_FR\" \/>\n<meta property=\"og:type\" content=\"article\" \/>\n<meta property=\"og:title\" content=\"Visite priv\u00e9e de Salzbourg et de la r\u00e9gion des lacs\" \/>\n<meta property=\"og:description\" content=\"Profitez de cette visite priv\u00e9e de Salzbourg et de la r\u00e9gion des lacs au d\u00e9part de Munich \u00e0 l&#039;aise dans un v\u00e9hicule de luxe priv\u00e9 avec un chauffeur \/ guide professionnel.\" \/>\n<meta property=\"og:url\" content=\"https:\/\/tourtravelandmore.com\/fr\/tours\/allemagne-fr\/munich-fr\/visite-privee-de-salzbourg-et-de-la-region-des-lacs\/\" \/>\n<meta property=\"og:site_name\" content=\"Tour Travel And More\" \/>\n<meta property=\"article:publisher\" content=\"https:\/\/www.facebook.com\/tourtravelandmore\/\" \/>\n<meta property=\"article:modified_time\" content=\"2022-11-09T16:00:25+00:00\" \/>\n<meta property=\"og:image\" content=\"https:\/\/tourtravelandmore.com\/wp-content\/uploads\/2019\/09\/salzburg.jpg\" \/>\n\t<meta property=\"og:image:width\" content=\"1024\" \/>\n\t<meta property=\"og:image:height\" content=\"640\" \/>\n\t<meta property=\"og:image:type\" content=\"image\/jpeg\" \/>\n<meta name=\"twitter:card\" content=\"summary_large_image\" \/>\n<meta name=\"twitter:site\" content=\"@TourTravel_More\" \/>\n<meta name=\"twitter:label1\" content=\"Dur\u00e9e de lecture estim\u00e9e\" \/>\n\t<meta name=\"twitter:data1\" content=\"2 minutes\" \/>\n<script type=\"application\/ld+json\" class=\"yoast-schema-graph\">{\"@context\":\"https:\/\/schema.org\",\"@graph\":[{\"@type\":\"WebPage\",\"@id\":\"https:\/\/tourtravelandmore.com\/fr\/tours\/allemagne-fr\/munich-fr\/visite-privee-de-salzbourg-et-de-la-region-des-lacs\/\",\"url\":\"https:\/\/tourtravelandmore.com\/fr\/tours\/allemagne-fr\/munich-fr\/visite-privee-de-salzbourg-et-de-la-region-des-lacs\/\",\"name\":\"Visite priv\u00e9e de Salzbourg et de la r\u00e9gion des lacs au d\u00e9part de Munich\",\"isPartOf\":{\"@id\":\"https:\/\/tourtravelandmore.com\/fr\/#website\"},\"primaryImageOfPage\":{\"@id\":\"https:\/\/tourtravelandmore.com\/fr\/tours\/allemagne-fr\/munich-fr\/visite-privee-de-salzbourg-et-de-la-region-des-lacs\/#primaryimage\"},\"image\":{\"@id\":\"https:\/\/tourtravelandmore.com\/fr\/tours\/allemagne-fr\/munich-fr\/visite-privee-de-salzbourg-et-de-la-region-des-lacs\/#primaryimage\"},\"thumbnailUrl\":\"https:\/\/tourtravelandmore.com\/wp-content\/uploads\/2019\/09\/salzburg.jpg\",\"datePublished\":\"2019-09-05T12:34:48+00:00\",\"dateModified\":\"2022-11-09T16:00:25+00:00\",\"description\":\"Profitez de cette visite priv\u00e9e de Salzbourg et de la r\u00e9gion des lacs au d\u00e9part de Munich \u00e0 l'aise dans un v\u00e9hicule de luxe priv\u00e9 avec un chauffeur \/ guide professionnel.\",\"breadcrumb\":{\"@id\":\"https:\/\/tourtravelandmore.com\/fr\/tours\/allemagne-fr\/munich-fr\/visite-privee-de-salzbourg-et-de-la-region-des-lacs\/#breadcrumb\"},\"inLanguage\":\"fr-FR\",\"potentialAction\":[{\"@type\":\"ReadAction\",\"target\":[\"https:\/\/tourtravelandmore.com\/fr\/tours\/allemagne-fr\/munich-fr\/visite-privee-de-salzbourg-et-de-la-region-des-lacs\/\"]}]},{\"@type\":\"ImageObject\",\"inLanguage\":\"fr-FR\",\"@id\":\"https:\/\/tourtravelandmore.com\/fr\/tours\/allemagne-fr\/munich-fr\/visite-privee-de-salzbourg-et-de-la-region-des-lacs\/#primaryimage\",\"url\":\"https:\/\/tourtravelandmore.com\/wp-content\/uploads\/2019\/09\/salzburg.jpg\",\"contentUrl\":\"https:\/\/tourtravelandmore.com\/wp-content\/uploads\/2019\/09\/salzburg.jpg\",\"width\":1024,\"height\":640,\"caption\":\"As seen from the Salzburg Fortress\"},{\"@type\":\"BreadcrumbList\",\"@id\":\"https:\/\/tourtravelandmore.com\/fr\/tours\/allemagne-fr\/munich-fr\/visite-privee-de-salzbourg-et-de-la-region-des-lacs\/#breadcrumb\",\"itemListElement\":[{\"@type\":\"ListItem\",\"position\":1,\"name\":\"Home\",\"item\":\"https:\/\/tourtravelandmore.com\/fr\/\"},{\"@type\":\"ListItem\",\"position\":2,\"name\":\"Tours\",\"item\":\"https:\/\/tourtravelandmore.com\/fr\/tours\/\"},{\"@type\":\"ListItem\",\"position\":3,\"name\":\"Visite priv\u00e9e de Salzbourg et de la r\u00e9gion des lacs\"}]},{\"@type\":\"WebSite\",\"@id\":\"https:\/\/tourtravelandmore.com\/fr\/#website\",\"url\":\"https:\/\/tourtravelandmore.com\/fr\/\",\"name\":\"Tour Travel And More\",\"description\":\"Private sightseeing tours and luxury transfers in Spain\",\"publisher\":{\"@id\":\"https:\/\/tourtravelandmore.com\/fr\/#organization\"},\"potentialAction\":[{\"@type\":\"SearchAction\",\"target\":{\"@type\":\"EntryPoint\",\"urlTemplate\":\"https:\/\/tourtravelandmore.com\/fr\/?s={search_term_string}\"},\"query-input\":{\"@type\":\"PropertyValueSpecification\",\"valueRequired\":true,\"valueName\":\"search_term_string\"}}],\"inLanguage\":\"fr-FR\"},{\"@type\":\"Organization\",\"@id\":\"https:\/\/tourtravelandmore.com\/fr\/#organization\",\"name\":\"Tour Travel And More\",\"url\":\"https:\/\/tourtravelandmore.com\/fr\/\",\"logo\":{\"@type\":\"ImageObject\",\"inLanguage\":\"fr-FR\",\"@id\":\"https:\/\/tourtravelandmore.com\/fr\/#\/schema\/logo\/image\/\",\"url\":\"https:\/\/tourtravelandmore.com\/wp-content\/uploads\/2022\/12\/cropped-logo-cabecera-new.png\",\"contentUrl\":\"https:\/\/tourtravelandmore.com\/wp-content\/uploads\/2022\/12\/cropped-logo-cabecera-new.png\",\"width\":430,\"height\":61,\"caption\":\"Tour Travel And More\"},\"image\":{\"@id\":\"https:\/\/tourtravelandmore.com\/fr\/#\/schema\/logo\/image\/\"},\"sameAs\":[\"https:\/\/www.facebook.com\/tourtravelandmore\/\",\"https:\/\/x.com\/TourTravel_More\"]}]}<\/script>\n<!-- \/ Yoast SEO Premium plugin. -->","yoast_head_json":{"title":"Visite priv\u00e9e de Salzbourg et de la r\u00e9gion des lacs au d\u00e9part de Munich","description":"Profitez de cette visite priv\u00e9e de Salzbourg et de la r\u00e9gion des lacs au d\u00e9part de Munich \u00e0 l'aise dans un v\u00e9hicule de luxe priv\u00e9 avec un chauffeur \/ guide professionnel.","robots":{"index":"index","follow":"follow","max-snippet":"max-snippet:-1","max-image-preview":"max-image-preview:large","max-video-preview":"max-video-preview:-1"},"canonical":"https:\/\/tourtravelandmore.com\/fr\/tours\/allemagne-fr\/munich-fr\/visite-privee-de-salzbourg-et-de-la-region-des-lacs\/","og_locale":"fr_FR","og_type":"article","og_title":"Visite priv\u00e9e de Salzbourg et de la r\u00e9gion des lacs","og_description":"Profitez de cette visite priv\u00e9e de Salzbourg et de la r\u00e9gion des lacs au d\u00e9part de Munich \u00e0 l'aise dans un v\u00e9hicule de luxe priv\u00e9 avec un chauffeur \/ guide professionnel.","og_url":"https:\/\/tourtravelandmore.com\/fr\/tours\/allemagne-fr\/munich-fr\/visite-privee-de-salzbourg-et-de-la-region-des-lacs\/","og_site_name":"Tour Travel And More","article_publisher":"https:\/\/www.facebook.com\/tourtravelandmore\/","article_modified_time":"2022-11-09T16:00:25+00:00","og_image":[{"width":1024,"height":640,"url":"https:\/\/tourtravelandmore.com\/wp-content\/uploads\/2019\/09\/salzburg.jpg","type":"image\/jpeg"}],"twitter_card":"summary_large_image","twitter_site":"@TourTravel_More","twitter_misc":{"Dur\u00e9e de lecture estim\u00e9e":"2 minutes"},"schema":{"@context":"https:\/\/schema.org","@graph":[{"@type":"WebPage","@id":"https:\/\/tourtravelandmore.com\/fr\/tours\/allemagne-fr\/munich-fr\/visite-privee-de-salzbourg-et-de-la-region-des-lacs\/","url":"https:\/\/tourtravelandmore.com\/fr\/tours\/allemagne-fr\/munich-fr\/visite-privee-de-salzbourg-et-de-la-region-des-lacs\/","name":"Visite priv\u00e9e de Salzbourg et de la r\u00e9gion des lacs au d\u00e9part de Munich","isPartOf":{"@id":"https:\/\/tourtravelandmore.com\/fr\/#website"},"primaryImageOfPage":{"@id":"https:\/\/tourtravelandmore.com\/fr\/tours\/allemagne-fr\/munich-fr\/visite-privee-de-salzbourg-et-de-la-region-des-lacs\/#primaryimage"},"image":{"@id":"https:\/\/tourtravelandmore.com\/fr\/tours\/allemagne-fr\/munich-fr\/visite-privee-de-salzbourg-et-de-la-region-des-lacs\/#primaryimage"},"thumbnailUrl":"https:\/\/tourtravelandmore.com\/wp-content\/uploads\/2019\/09\/salzburg.jpg","datePublished":"2019-09-05T12:34:48+00:00","dateModified":"2022-11-09T16:00:25+00:00","description":"Profitez de cette visite priv\u00e9e de Salzbourg et de la r\u00e9gion des lacs au d\u00e9part de Munich \u00e0 l'aise dans un v\u00e9hicule de luxe priv\u00e9 avec un chauffeur \/ guide professionnel.","breadcrumb":{"@id":"https:\/\/tourtravelandmore.com\/fr\/tours\/allemagne-fr\/munich-fr\/visite-privee-de-salzbourg-et-de-la-region-des-lacs\/#breadcrumb"},"inLanguage":"fr-FR","potentialAction":[{"@type":"ReadAction","target":["https:\/\/tourtravelandmore.com\/fr\/tours\/allemagne-fr\/munich-fr\/visite-privee-de-salzbourg-et-de-la-region-des-lacs\/"]}]},{"@type":"ImageObject","inLanguage":"fr-FR","@id":"https:\/\/tourtravelandmore.com\/fr\/tours\/allemagne-fr\/munich-fr\/visite-privee-de-salzbourg-et-de-la-region-des-lacs\/#primaryimage","url":"https:\/\/tourtravelandmore.com\/wp-content\/uploads\/2019\/09\/salzburg.jpg","contentUrl":"https:\/\/tourtravelandmore.com\/wp-content\/uploads\/2019\/09\/salzburg.jpg","width":1024,"height":640,"caption":"As seen from the Salzburg Fortress"},{"@type":"BreadcrumbList","@id":"https:\/\/tourtravelandmore.com\/fr\/tours\/allemagne-fr\/munich-fr\/visite-privee-de-salzbourg-et-de-la-region-des-lacs\/#breadcrumb","itemListElement":[{"@type":"ListItem","position":1,"name":"Home","item":"https:\/\/tourtravelandmore.com\/fr\/"},{"@type":"ListItem","position":2,"name":"Tours","item":"https:\/\/tourtravelandmore.com\/fr\/tours\/"},{"@type":"ListItem","position":3,"name":"Visite priv\u00e9e de Salzbourg et de la r\u00e9gion des lacs"}]},{"@type":"WebSite","@id":"https:\/\/tourtravelandmore.com\/fr\/#website","url":"https:\/\/tourtravelandmore.com\/fr\/","name":"Tour Travel And More","description":"Private sightseeing tours and luxury transfers in Spain","publisher":{"@id":"https:\/\/tourtravelandmore.com\/fr\/#organization"},"potentialAction":[{"@type":"SearchAction","target":{"@type":"EntryPoint","urlTemplate":"https:\/\/tourtravelandmore.com\/fr\/?s={search_term_string}"},"query-input":{"@type":"PropertyValueSpecification","valueRequired":true,"valueName":"search_term_string"}}],"inLanguage":"fr-FR"},{"@type":"Organization","@id":"https:\/\/tourtravelandmore.com\/fr\/#organization","name":"Tour Travel And More","url":"https:\/\/tourtravelandmore.com\/fr\/","logo":{"@type":"ImageObject","inLanguage":"fr-FR","@id":"https:\/\/tourtravelandmore.com\/fr\/#\/schema\/logo\/image\/","url":"https:\/\/tourtravelandmore.com\/wp-content\/uploads\/2022\/12\/cropped-logo-cabecera-new.png","contentUrl":"https:\/\/tourtravelandmore.com\/wp-content\/uploads\/2022\/12\/cropped-logo-cabecera-new.png","width":430,"height":61,"caption":"Tour Travel And More"},"image":{"@id":"https:\/\/tourtravelandmore.com\/fr\/#\/schema\/logo\/image\/"},"sameAs":["https:\/\/www.facebook.com\/tourtravelandmore\/","https:\/\/x.com\/TourTravel_More"]}]}},"_links":{"self":[{"href":"https:\/\/tourtravelandmore.com\/fr\/wp-json\/wp\/v2\/product\/103259","targetHints":{"allow":["GET"]}}],"collection":[{"href":"https:\/\/tourtravelandmore.com\/fr\/wp-json\/wp\/v2\/product"}],"about":[{"href":"https:\/\/tourtravelandmore.com\/fr\/wp-json\/wp\/v2\/types\/product"}],"replies":[{"embeddable":true,"href":"https:\/\/tourtravelandmore.com\/fr\/wp-json\/wp\/v2\/comments?post=103259"}],"wp:featuredmedia":[{"embeddable":true,"href":"https:\/\/tourtravelandmore.com\/fr\/wp-json\/wp\/v2\/media\/96255"}],"wp:attachment":[{"href":"https:\/\/tourtravelandmore.com\/fr\/wp-json\/wp\/v2\/media?parent=103259"}],"wp:term":[{"taxonomy":"product_brand","embeddable":true,"href":"https:\/\/tourtravelandmore.com\/fr\/wp-json\/wp\/v2\/product_brand?post=103259"},{"taxonomy":"product_cat","embeddable":true,"href":"https:\/\/tourtravelandmore.com\/fr\/wp-json\/wp\/v2\/product_cat?post=103259"},{"taxonomy":"product_tag","embeddable":true,"href":"https:\/\/tourtravelandmore.com\/fr\/wp-json\/wp\/v2\/product_tag?post=103259"}],"curies":[{"name":"wp","href":"https:\/\/api.w.org\/{rel}","templated":true}]}}