{"id":103231,"date":"2021-03-15T12:11:56","date_gmt":"2021-03-15T11:12:06","guid":{"rendered":"https:\/\/tourtravelandmore.com\/?post_type=product&#038;p=103231"},"modified":"2022-10-24T04:21:43","modified_gmt":"2022-10-24T02:21:43","slug":"visite-privee-a-pied-de-toulouse","status":"publish","type":"product","link":"https:\/\/tourtravelandmore.com\/fr\/tours\/france-fr\/toulouse-fr\/visite-privee-a-pied-de-toulouse\/","title":{"rendered":"Visite priv\u00e9e \u00e0 pied de Toulouse"},"content":{"rendered":"<h2><b>Description de la visite priv\u00e9e \u00e0 pied de Toulouse<\/b><\/h2>\n<p><span style=\"font-weight: 400;\">Profitez de cette occasion pour admirer les vues \u00e0 couper le souffle de la ville rose lors d&#8217;une visite priv\u00e9e \u00e0 pied. Situ\u00e9e \u00e0 seulement 150 kilom\u00e8tres de la mer M\u00e9diterran\u00e9e, Toulouse offre la possibilit\u00e9 de d\u00e9couvrir des paysages et une culture fantastiques.<\/span><\/p>\n<p><span style=\"font-weight: 400;\">Il y a plus \u00e0 voir que vous ne le pensez au premier point de Toulouse et laissez notre guide officiel priv\u00e9 vous emmener dans cette visite priv\u00e9e \u00e0 pied. Vous avez \u00e9galement la possibilit\u00e9 de r\u00e9server un v\u00e9hicule priv\u00e9 et de profiter d&#8217;une visite priv\u00e9e. Vous pouvez visiter la Cit\u00e9 de L&#8217;espace ou vous rendre sur la Place de l&#8217;Etoile.<\/span><\/p>\n<p><span style=\"font-weight: 400;\">Ne manquez pas cette occasion de profiter d&#8217;une visite priv\u00e9e de Toulouse avec notre guide touristique accr\u00e9dit\u00e9 et agr\u00e9\u00e9.<\/span><\/p>\n<h2><b>Points d&#8217;int\u00e9r\u00eat de la visite priv\u00e9e \u00e0 pied de Toulouse<\/b><\/h2>\n<p><span style=\"font-weight: 400;\">Comme pour toutes nos autres visites, la visite priv\u00e9e \u00e0 pied commencera \u00e0 un point de rencontre d\u00e9sign\u00e9. Si vous s\u00e9journez dans un h\u00f4tel voisin, vous aurez l&#8217;impression d&#8217;\u00eatre sur place. Les visiteurs nous rencontrent g\u00e9n\u00e9ralement sur la rue principale.<\/span><\/p>\n<p><span style=\"font-weight: 400;\">Si vous pr\u00e9f\u00e9rez que l&#8217;on vienne vous chercher \u00e0 votre h\u00f4tel et que vous souhaitez organiser un transfert aller simple ou un taxi, c&#8217;est \u00e9galement possible. La visite priv\u00e9e partira de votre h\u00f4tel, vous emm\u00e8nera au centre ville pour votre visite \u00e0 pied et reviendra ensuite \u00e0 votre h\u00f4tel.<\/span><\/p>\n<p><span style=\"font-weight: 400;\">Il y a de nombreuses attractions \u00e0 voir \u00e0 Toulouse, voici donc quelques suggestions :<\/span><\/p>\n<h3><b>Promenade le long de la Garonne<\/b><\/h3>\n<p><span style=\"font-weight: 400;\">La promenade qui longe la Garonne \u00e0 Toulouse est c\u00e9l\u00e8bre pour la beaut\u00e9 de ses paysages. Le fleuve est un affluent majeur de la Garonne, qui s&#8217;\u00e9coule des Pyr\u00e9n\u00e9es \u00e0 l&#8217;oc\u00e9an Atlantique.<\/span><\/p>\n<p><span style=\"font-weight: 400;\">Le fleuve est long d&#8217;environ 1 200 kilom\u00e8tres et constitue la fronti\u00e8re entre la France et l&#8217;Espagne. Il fait \u00e9galement partie de la fronti\u00e8re entre la France et Andorre.<\/span><\/p>\n<p><span style=\"font-weight: 400;\">Les raisons pour lesquelles cette promenade est c\u00e9l\u00e8bre sont nombreuses. L&#8217;une des raisons en est qu&#8217;elle a re\u00e7u le prestigieux drapeau bleu europ\u00e9en pour sa propret\u00e9 et sa s\u00e9curit\u00e9, ce qui signifie qu&#8217;elle convient aussi bien aux enfants qu&#8217;aux adultes qui veulent s&#8217;amuser en toute tranquillit\u00e9, sans danger ni pollution.<\/span><\/p>\n<h3><b>Basilique de Saint Sernin<\/b><\/h3>\n<p><span style=\"font-weight: 400;\">La basilique Saint-Sernin de Toulouse est c\u00e9l\u00e8bre pour son architecture unique, qui est le r\u00e9sultat de la fusion des styles romain et byzantin.<\/span><\/p>\n<p><span style=\"font-weight: 400;\">La basilique est l&#8217;un des plus grands \u00e9difices religieux de France et a \u00e9t\u00e9 construite sur une p\u00e9riode d&#8217;environ 100 ans. La construction a commenc\u00e9 en 1154 et s&#8217;est achev\u00e9e en 1284.<\/span><\/p>\n<h3><b>Place du Capitole<\/b><\/h3>\n<p><span style=\"font-weight: 400;\">La place du Capitole \u00e0 Toulouse est c\u00e9l\u00e8bre pour \u00eatre le site du mus\u00e9e Toulouse-Lautrec.<\/span><\/p>\n<p><span style=\"font-weight: 400;\">Le mus\u00e9e a \u00e9t\u00e9 ouvert en 2001 et pr\u00e9sente une exposition permanente de certains des tableaux les plus c\u00e9l\u00e8bres d&#8217;Henri de Toulouse-Lautrec, qui est n\u00e9 en 1864. Le mus\u00e9e expose \u00e9galement d&#8217;autres \u0153uvres d&#8217;art li\u00e9es \u00e0 Lautrec, comme celles de Pablo Picasso et de Vincent Van Gogh.<\/span><\/p>\n<h3><b>\u00c9glise des Jacobins<\/b><\/h3>\n<p><span style=\"font-weight: 400;\">L&#8217;\u00e9glise des Jacobins \u00e0 Toulouse n&#8217;est pas seulement une \u00e9glise. Il abrite \u00e9galement un mus\u00e9e qui pr\u00e9sente certaines des peintures les plus embl\u00e9matiques de l&#8217;artiste Jacques-Louis David.<\/span><\/p>\n<p><span style=\"font-weight: 400;\">Cette \u00e9glise a \u00e9t\u00e9 construite \u00e0 l&#8217;origine comme un monast\u00e8re pour l&#8217;ordre des Jacobins, mais elle est ensuite devenue une \u00e9glise paroissiale catholique et un mus\u00e9e.<\/span><\/p>\n<h3><b>H\u00f4tel d&#8217;Assezat<\/b><\/h3>\n<p><span style=\"font-weight: 400;\">L&#8217;H\u00f4tel d&#8217;Assezat \u00e0 Toulouse est c\u00e9l\u00e8bre pour son architecture. Il a \u00e9t\u00e9 construit en 1815 par l&#8217;architecte Pierre-Victor Pouyaud et constitue un excellent exemple de l'&#8221;\u00e9cole d&#8217;architecture de Toulouse&#8221;.<\/span><\/p>\n<p><span style=\"font-weight: 400;\">La fa\u00e7ade de l&#8217;h\u00f4tel est class\u00e9e Monument historique depuis 1925 et est le seul b\u00e2timent en France class\u00e9 comme tel pour sa conception ext\u00e9rieure.<\/span><\/p>\n<h3><b>Place de la Trinit\u00e9<\/b><\/h3>\n<p><span style=\"font-weight: 400;\">La place de la Trinit\u00e9 est c\u00e9l\u00e8bre pour son architecture et son histoire. C&#8217;est \u00e9galement le lieu de nombreux \u00e9v\u00e9nements importants de l&#8217;histoire de Toulouse.<\/span><\/p>\n<p><span style=\"font-weight: 400;\">La place de la Trinit\u00e9 est une place publique de Toulouse, en France, qui a \u00e9t\u00e9 con\u00e7ue par Eug\u00e8ne Viollet-le-Duc en 1855. Il a \u00e9t\u00e9 le th\u00e9\u00e2tre de nombreux \u00e9v\u00e9nements importants de l&#8217;histoire de Toulouse, tels que l&#8217;abolition de l&#8217;esclavage, la proclamation de la Troisi\u00e8me R\u00e9publique et la Seconde Guerre mondiale. La place est c\u00e9l\u00e8bre pour son architecture et est class\u00e9e monument historique depuis 1975.<\/span><\/p>\n<h3><b>Quai de la Daurade<\/b><\/h3>\n<p><span style=\"font-weight: 400;\">Le Quai de la Daurade est une rue de Toulouse, en France. Elle a \u00e9t\u00e9 rendue c\u00e9l\u00e8bre par l&#8217;auteur et philosophe fran\u00e7ais Jean-Paul Sartre. Il y a v\u00e9cu de 1945 \u00e0 sa mort en 1980.<\/span><\/p>\n<h3><b>\u00c9glise de Notre-Dame de la Dalbade<\/b><\/h3>\n<p><span style=\"font-weight: 400;\">L&#8217;\u00e9glise Notre-Dame de la Dalbade \u00e0 Toulouse est c\u00e9l\u00e8bre parce qu&#8217;elle est la seule \u00e9glise au monde \u00e0 poss\u00e9der une statue de la Vierge Marie avec le pied sur un d\u00e9mon. L&#8217;\u00e9glise a \u00e9t\u00e9 construite en 1182 et on dit que cette statue a \u00e9t\u00e9 plac\u00e9e l\u00e0 pour comm\u00e9morer la victoire sur les Sarrasins.<\/span><\/p>\n<p><span style=\"font-weight: 400;\">On dit \u00e9galement que cette statue est utilis\u00e9e depuis lors comme un talisman contre le mal.<\/span><\/p>\n<h3><b>H\u00f4tel du Vieux Raisin<\/b><\/h3>\n<p><span style=\"font-weight: 400;\">L&#8217;h\u00f4tel du Vieux Raisin est un h\u00f4tel de Toulouse, en France, qui a \u00e9t\u00e9 fond\u00e9 en 1836. Elle est c\u00e9l\u00e8bre pour son architecture, qui est class\u00e9e monument historique depuis 1975. L&#8217;h\u00f4tel a \u00e9t\u00e9 class\u00e9 monument historique officiel par le minist\u00e8re fran\u00e7ais de la Culture.<\/span><\/p>\n<p><span style=\"font-weight: 400;\">L&#8217;h\u00f4tel du Vieux Raisin est un bel exemple d&#8217;architecture du sud de la France et propose un h\u00e9bergement abordable aux visiteurs de cette ville historique.<\/span><\/p>\n<h3><b>Cath\u00e9drale de St Etienne<\/b><\/h3>\n<p><span style=\"font-weight: 400;\">La cath\u00e9drale Saint-\u00c9tienne de Toulouse est c\u00e9l\u00e8bre parce qu&#8217;elle a \u00e9t\u00e9 la premi\u00e8re cath\u00e9drale gothique de France. Elle a \u00e9t\u00e9 construite par l&#8217;\u00e9v\u00eaque Bertrand de Got et achev\u00e9e en 1144.<\/span><\/p>\n<p><span style=\"font-weight: 400;\">Il est \u00e9galement c\u00e9l\u00e8bre pour avoir \u00e0 l&#8217;int\u00e9rieur un grand nombre d&#8217;\u0153uvres d&#8217;art religieuses, notamment des peintures, des sculptures et des vitraux.<\/span><\/p>\n<h3><b>Rue Saint Rome<\/b><\/h3>\n<p><span style=\"font-weight: 400;\">La rue Saint-Rome est une rue de Toulouse, en France. C&#8217;est la plus ancienne rue de la ville et elle a \u00e9t\u00e9 construite par les Romains. Elle est c\u00e9l\u00e8bre pour ses nombreux magasins et restaurants.<\/span><\/p>\n<h3><b>Place Saint-Georges<\/b><\/h3>\n<p><span style=\"font-weight: 400;\">La place Saint-George est une place de Toulouse, en France. C&#8217;est l&#8217;une des plus anciennes places de la ville et elle porte le nom du roi George III de Grande-Bretagne. Il est connu pour son architecture et ses sculptures. La place a \u00e9t\u00e9 r\u00e9nov\u00e9e ces derni\u00e8res ann\u00e9es pour la rendre plus conviviale pour les pi\u00e9tons.<\/span><\/p>\n<p><span style=\"font-weight: 400;\">D\u00e9couvrez le meilleur de Toulouse avec un guide priv\u00e9 \u00e0 votre disposition pendant toute la dur\u00e9e de l&#8217;exp\u00e9rience. Comme mentionn\u00e9 ci-dessus, nous pouvons modifier l&#8217;itin\u00e9raire pour r\u00e9pondre \u00e0 vos besoins exacts.<\/span><\/p>\n<p><a href=\"https:\/\/tourtravelandmore.com\/es\/ciudad\/francia\/toulouse-sp\/\"><span style=\"font-weight: 400;\">Voir ici toutes nos visites priv\u00e9es et activit\u00e9s \u00e0 Toulouse.<\/span><\/a><\/p>\n","protected":false},"excerpt":{"rendered":"<p><span style=\"font-weight: 400;\">Cette visite vous fera d\u00e9couvrir les lieux les plus embl\u00e9matiques de Toulouse, notamment sa vieille ville, sa cath\u00e9drale et son c\u00e9l\u00e8bre op\u00e9ra. Vous aurez \u00e9galement l&#8217;occasion de visiter certains des joyaux cach\u00e9s de la ville, comme la basilique Saint-Sernin, l&#8217;\u00e9glise Saint-Michel ou la basilique Saint-Cyprien.<\/span><\/p>\n","protected":false},"featured_media":103242,"comment_status":"open","ping_status":"closed","template":"","meta":{"_acf_changed":false},"product_brand":[],"product_cat":[3540,3628],"product_tag":[],"class_list":{"0":"post-103231","1":"product","2":"type-product","3":"status-publish","4":"has-post-thumbnail","6":"product_cat-france-fr","7":"product_cat-toulouse-fr","9":"first","10":"instock","11":"shipping-taxable","12":"purchasable","13":"product-type-simple"},"acf":[],"yoast_head":"<!-- This site is optimized with the Yoast SEO Premium plugin v25.3.1 (Yoast SEO v25.3.1) - https:\/\/yoast.com\/wordpress\/plugins\/seo\/ -->\n<title>\u27a1\ufe0f Visite priv\u00e9e \u00e0 pied de Toulouse | Tour Travel &amp; More<\/title>\n<meta name=\"description\" content=\"Toulouse est l&#039;une des plus belles villes de France. C&#039;est une ville qui a \u00e9t\u00e9 influenc\u00e9e par de nombreuses cultures et civilisations. R\u00e9servez cette visite \u00e0 pied d\u00e8s maintenant ! \u2705\" \/>\n<meta name=\"robots\" content=\"index, follow, max-snippet:-1, max-image-preview:large, max-video-preview:-1\" \/>\n<link rel=\"canonical\" href=\"https:\/\/tourtravelandmore.com\/fr\/tours\/france-fr\/toulouse-fr\/visite-privee-a-pied-de-toulouse\/\" \/>\n<meta property=\"og:locale\" content=\"fr_FR\" \/>\n<meta property=\"og:type\" content=\"article\" \/>\n<meta property=\"og:title\" content=\"Visite priv\u00e9e \u00e0 pied de Toulouse\" \/>\n<meta property=\"og:description\" content=\"Toulouse est l&#039;une des plus belles villes de France. C&#039;est une ville qui a \u00e9t\u00e9 influenc\u00e9e par de nombreuses cultures et civilisations. R\u00e9servez cette visite \u00e0 pied d\u00e8s maintenant ! \u2705\" \/>\n<meta property=\"og:url\" content=\"https:\/\/tourtravelandmore.com\/fr\/tours\/france-fr\/toulouse-fr\/visite-privee-a-pied-de-toulouse\/\" \/>\n<meta property=\"og:site_name\" content=\"Tour Travel And More\" \/>\n<meta property=\"article:publisher\" content=\"https:\/\/www.facebook.com\/tourtravelandmore\/\" \/>\n<meta property=\"article:modified_time\" content=\"2022-10-24T02:21:43+00:00\" \/>\n<meta property=\"og:image\" content=\"https:\/\/tourtravelandmore.com\/wp-content\/uploads\/2021\/03\/toulouse-6.jpg\" \/>\n\t<meta property=\"og:image:width\" content=\"910\" \/>\n\t<meta property=\"og:image:height\" content=\"667\" \/>\n\t<meta property=\"og:image:type\" content=\"image\/jpeg\" \/>\n<meta name=\"twitter:card\" content=\"summary_large_image\" \/>\n<meta name=\"twitter:site\" content=\"@TourTravel_More\" \/>\n<meta name=\"twitter:label1\" content=\"Dur\u00e9e de lecture estim\u00e9e\" \/>\n\t<meta name=\"twitter:data1\" content=\"6 minutes\" \/>\n<script type=\"application\/ld+json\" class=\"yoast-schema-graph\">{\"@context\":\"https:\/\/schema.org\",\"@graph\":[{\"@type\":\"WebPage\",\"@id\":\"https:\/\/tourtravelandmore.com\/fr\/tours\/france-fr\/toulouse-fr\/visite-privee-a-pied-de-toulouse\/\",\"url\":\"https:\/\/tourtravelandmore.com\/fr\/tours\/france-fr\/toulouse-fr\/visite-privee-a-pied-de-toulouse\/\",\"name\":\"\u27a1\ufe0f Visite priv\u00e9e \u00e0 pied de Toulouse | Tour Travel & More\",\"isPartOf\":{\"@id\":\"https:\/\/tourtravelandmore.com\/fr\/#website\"},\"primaryImageOfPage\":{\"@id\":\"https:\/\/tourtravelandmore.com\/fr\/tours\/france-fr\/toulouse-fr\/visite-privee-a-pied-de-toulouse\/#primaryimage\"},\"image\":{\"@id\":\"https:\/\/tourtravelandmore.com\/fr\/tours\/france-fr\/toulouse-fr\/visite-privee-a-pied-de-toulouse\/#primaryimage\"},\"thumbnailUrl\":\"https:\/\/tourtravelandmore.com\/wp-content\/uploads\/2021\/03\/toulouse-6.jpg\",\"datePublished\":\"2021-03-15T11:12:06+00:00\",\"dateModified\":\"2022-10-24T02:21:43+00:00\",\"description\":\"Toulouse est l'une des plus belles villes de France. C'est une ville qui a \u00e9t\u00e9 influenc\u00e9e par de nombreuses cultures et civilisations. R\u00e9servez cette visite \u00e0 pied d\u00e8s maintenant ! \u2705\",\"breadcrumb\":{\"@id\":\"https:\/\/tourtravelandmore.com\/fr\/tours\/france-fr\/toulouse-fr\/visite-privee-a-pied-de-toulouse\/#breadcrumb\"},\"inLanguage\":\"fr-FR\",\"potentialAction\":[{\"@type\":\"ReadAction\",\"target\":[\"https:\/\/tourtravelandmore.com\/fr\/tours\/france-fr\/toulouse-fr\/visite-privee-a-pied-de-toulouse\/\"]}]},{\"@type\":\"ImageObject\",\"inLanguage\":\"fr-FR\",\"@id\":\"https:\/\/tourtravelandmore.com\/fr\/tours\/france-fr\/toulouse-fr\/visite-privee-a-pied-de-toulouse\/#primaryimage\",\"url\":\"https:\/\/tourtravelandmore.com\/wp-content\/uploads\/2021\/03\/toulouse-6.jpg\",\"contentUrl\":\"https:\/\/tourtravelandmore.com\/wp-content\/uploads\/2021\/03\/toulouse-6.jpg\",\"width\":910,\"height\":667},{\"@type\":\"BreadcrumbList\",\"@id\":\"https:\/\/tourtravelandmore.com\/fr\/tours\/france-fr\/toulouse-fr\/visite-privee-a-pied-de-toulouse\/#breadcrumb\",\"itemListElement\":[{\"@type\":\"ListItem\",\"position\":1,\"name\":\"Home\",\"item\":\"https:\/\/tourtravelandmore.com\/fr\/\"},{\"@type\":\"ListItem\",\"position\":2,\"name\":\"Tours\",\"item\":\"https:\/\/tourtravelandmore.com\/fr\/tours\/\"},{\"@type\":\"ListItem\",\"position\":3,\"name\":\"Visite priv\u00e9e \u00e0 pied de Toulouse\"}]},{\"@type\":\"WebSite\",\"@id\":\"https:\/\/tourtravelandmore.com\/fr\/#website\",\"url\":\"https:\/\/tourtravelandmore.com\/fr\/\",\"name\":\"Tour Travel And More\",\"description\":\"Private sightseeing tours and luxury transfers in Spain\",\"publisher\":{\"@id\":\"https:\/\/tourtravelandmore.com\/fr\/#organization\"},\"potentialAction\":[{\"@type\":\"SearchAction\",\"target\":{\"@type\":\"EntryPoint\",\"urlTemplate\":\"https:\/\/tourtravelandmore.com\/fr\/?s={search_term_string}\"},\"query-input\":{\"@type\":\"PropertyValueSpecification\",\"valueRequired\":true,\"valueName\":\"search_term_string\"}}],\"inLanguage\":\"fr-FR\"},{\"@type\":\"Organization\",\"@id\":\"https:\/\/tourtravelandmore.com\/fr\/#organization\",\"name\":\"Tour Travel And More\",\"url\":\"https:\/\/tourtravelandmore.com\/fr\/\",\"logo\":{\"@type\":\"ImageObject\",\"inLanguage\":\"fr-FR\",\"@id\":\"https:\/\/tourtravelandmore.com\/fr\/#\/schema\/logo\/image\/\",\"url\":\"https:\/\/tourtravelandmore.com\/wp-content\/uploads\/2022\/12\/cropped-logo-cabecera-new.png\",\"contentUrl\":\"https:\/\/tourtravelandmore.com\/wp-content\/uploads\/2022\/12\/cropped-logo-cabecera-new.png\",\"width\":430,\"height\":61,\"caption\":\"Tour Travel And More\"},\"image\":{\"@id\":\"https:\/\/tourtravelandmore.com\/fr\/#\/schema\/logo\/image\/\"},\"sameAs\":[\"https:\/\/www.facebook.com\/tourtravelandmore\/\",\"https:\/\/x.com\/TourTravel_More\"]}]}<\/script>\n<!-- \/ Yoast SEO Premium plugin. -->","yoast_head_json":{"title":"\u27a1\ufe0f Visite priv\u00e9e \u00e0 pied de Toulouse | Tour Travel & More","description":"Toulouse est l'une des plus belles villes de France. C'est une ville qui a \u00e9t\u00e9 influenc\u00e9e par de nombreuses cultures et civilisations. R\u00e9servez cette visite \u00e0 pied d\u00e8s maintenant ! \u2705","robots":{"index":"index","follow":"follow","max-snippet":"max-snippet:-1","max-image-preview":"max-image-preview:large","max-video-preview":"max-video-preview:-1"},"canonical":"https:\/\/tourtravelandmore.com\/fr\/tours\/france-fr\/toulouse-fr\/visite-privee-a-pied-de-toulouse\/","og_locale":"fr_FR","og_type":"article","og_title":"Visite priv\u00e9e \u00e0 pied de Toulouse","og_description":"Toulouse est l'une des plus belles villes de France. C'est une ville qui a \u00e9t\u00e9 influenc\u00e9e par de nombreuses cultures et civilisations. R\u00e9servez cette visite \u00e0 pied d\u00e8s maintenant ! \u2705","og_url":"https:\/\/tourtravelandmore.com\/fr\/tours\/france-fr\/toulouse-fr\/visite-privee-a-pied-de-toulouse\/","og_site_name":"Tour Travel And More","article_publisher":"https:\/\/www.facebook.com\/tourtravelandmore\/","article_modified_time":"2022-10-24T02:21:43+00:00","og_image":[{"width":910,"height":667,"url":"https:\/\/tourtravelandmore.com\/wp-content\/uploads\/2021\/03\/toulouse-6.jpg","type":"image\/jpeg"}],"twitter_card":"summary_large_image","twitter_site":"@TourTravel_More","twitter_misc":{"Dur\u00e9e de lecture estim\u00e9e":"6 minutes"},"schema":{"@context":"https:\/\/schema.org","@graph":[{"@type":"WebPage","@id":"https:\/\/tourtravelandmore.com\/fr\/tours\/france-fr\/toulouse-fr\/visite-privee-a-pied-de-toulouse\/","url":"https:\/\/tourtravelandmore.com\/fr\/tours\/france-fr\/toulouse-fr\/visite-privee-a-pied-de-toulouse\/","name":"\u27a1\ufe0f Visite priv\u00e9e \u00e0 pied de Toulouse | Tour Travel & More","isPartOf":{"@id":"https:\/\/tourtravelandmore.com\/fr\/#website"},"primaryImageOfPage":{"@id":"https:\/\/tourtravelandmore.com\/fr\/tours\/france-fr\/toulouse-fr\/visite-privee-a-pied-de-toulouse\/#primaryimage"},"image":{"@id":"https:\/\/tourtravelandmore.com\/fr\/tours\/france-fr\/toulouse-fr\/visite-privee-a-pied-de-toulouse\/#primaryimage"},"thumbnailUrl":"https:\/\/tourtravelandmore.com\/wp-content\/uploads\/2021\/03\/toulouse-6.jpg","datePublished":"2021-03-15T11:12:06+00:00","dateModified":"2022-10-24T02:21:43+00:00","description":"Toulouse est l'une des plus belles villes de France. C'est une ville qui a \u00e9t\u00e9 influenc\u00e9e par de nombreuses cultures et civilisations. R\u00e9servez cette visite \u00e0 pied d\u00e8s maintenant ! \u2705","breadcrumb":{"@id":"https:\/\/tourtravelandmore.com\/fr\/tours\/france-fr\/toulouse-fr\/visite-privee-a-pied-de-toulouse\/#breadcrumb"},"inLanguage":"fr-FR","potentialAction":[{"@type":"ReadAction","target":["https:\/\/tourtravelandmore.com\/fr\/tours\/france-fr\/toulouse-fr\/visite-privee-a-pied-de-toulouse\/"]}]},{"@type":"ImageObject","inLanguage":"fr-FR","@id":"https:\/\/tourtravelandmore.com\/fr\/tours\/france-fr\/toulouse-fr\/visite-privee-a-pied-de-toulouse\/#primaryimage","url":"https:\/\/tourtravelandmore.com\/wp-content\/uploads\/2021\/03\/toulouse-6.jpg","contentUrl":"https:\/\/tourtravelandmore.com\/wp-content\/uploads\/2021\/03\/toulouse-6.jpg","width":910,"height":667},{"@type":"BreadcrumbList","@id":"https:\/\/tourtravelandmore.com\/fr\/tours\/france-fr\/toulouse-fr\/visite-privee-a-pied-de-toulouse\/#breadcrumb","itemListElement":[{"@type":"ListItem","position":1,"name":"Home","item":"https:\/\/tourtravelandmore.com\/fr\/"},{"@type":"ListItem","position":2,"name":"Tours","item":"https:\/\/tourtravelandmore.com\/fr\/tours\/"},{"@type":"ListItem","position":3,"name":"Visite priv\u00e9e \u00e0 pied de Toulouse"}]},{"@type":"WebSite","@id":"https:\/\/tourtravelandmore.com\/fr\/#website","url":"https:\/\/tourtravelandmore.com\/fr\/","name":"Tour Travel And More","description":"Private sightseeing tours and luxury transfers in Spain","publisher":{"@id":"https:\/\/tourtravelandmore.com\/fr\/#organization"},"potentialAction":[{"@type":"SearchAction","target":{"@type":"EntryPoint","urlTemplate":"https:\/\/tourtravelandmore.com\/fr\/?s={search_term_string}"},"query-input":{"@type":"PropertyValueSpecification","valueRequired":true,"valueName":"search_term_string"}}],"inLanguage":"fr-FR"},{"@type":"Organization","@id":"https:\/\/tourtravelandmore.com\/fr\/#organization","name":"Tour Travel And More","url":"https:\/\/tourtravelandmore.com\/fr\/","logo":{"@type":"ImageObject","inLanguage":"fr-FR","@id":"https:\/\/tourtravelandmore.com\/fr\/#\/schema\/logo\/image\/","url":"https:\/\/tourtravelandmore.com\/wp-content\/uploads\/2022\/12\/cropped-logo-cabecera-new.png","contentUrl":"https:\/\/tourtravelandmore.com\/wp-content\/uploads\/2022\/12\/cropped-logo-cabecera-new.png","width":430,"height":61,"caption":"Tour Travel And More"},"image":{"@id":"https:\/\/tourtravelandmore.com\/fr\/#\/schema\/logo\/image\/"},"sameAs":["https:\/\/www.facebook.com\/tourtravelandmore\/","https:\/\/x.com\/TourTravel_More"]}]}},"_links":{"self":[{"href":"https:\/\/tourtravelandmore.com\/fr\/wp-json\/wp\/v2\/product\/103231","targetHints":{"allow":["GET"]}}],"collection":[{"href":"https:\/\/tourtravelandmore.com\/fr\/wp-json\/wp\/v2\/product"}],"about":[{"href":"https:\/\/tourtravelandmore.com\/fr\/wp-json\/wp\/v2\/types\/product"}],"replies":[{"embeddable":true,"href":"https:\/\/tourtravelandmore.com\/fr\/wp-json\/wp\/v2\/comments?post=103231"}],"wp:featuredmedia":[{"embeddable":true,"href":"https:\/\/tourtravelandmore.com\/fr\/wp-json\/wp\/v2\/media\/103242"}],"wp:attachment":[{"href":"https:\/\/tourtravelandmore.com\/fr\/wp-json\/wp\/v2\/media?parent=103231"}],"wp:term":[{"taxonomy":"product_brand","embeddable":true,"href":"https:\/\/tourtravelandmore.com\/fr\/wp-json\/wp\/v2\/product_brand?post=103231"},{"taxonomy":"product_cat","embeddable":true,"href":"https:\/\/tourtravelandmore.com\/fr\/wp-json\/wp\/v2\/product_cat?post=103231"},{"taxonomy":"product_tag","embeddable":true,"href":"https:\/\/tourtravelandmore.com\/fr\/wp-json\/wp\/v2\/product_tag?post=103231"}],"curies":[{"name":"wp","href":"https:\/\/api.w.org\/{rel}","templated":true}]}}