{"id":103214,"date":"2019-09-03T11:27:45","date_gmt":"2019-09-03T09:27:45","guid":{"rendered":"https:\/\/tourtravelandmore.com\/tours\/non%20class\u00e9\/visite-privee-de-salzbourg-et-de-hallstatt\/"},"modified":"2026-02-11T17:00:45","modified_gmt":"2026-02-11T16:00:45","slug":"visite-privee-de-salzbourg-et-de-hallstatt","status":"publish","type":"product","link":"https:\/\/tourtravelandmore.com\/fr\/tours\/allemagne-fr\/munich-fr\/visite-privee-de-salzbourg-et-de-hallstatt\/","title":{"rendered":"Visite priv\u00e9e de Salzbourg et de Hallstatt"},"content":{"rendered":"<h2>Description<\/h2>\n<p>Profitez de la superbe architecture de Salzbourg et des merveilleux sites maritimes de Hallstatt lors de cette visite priv\u00e9e. Votre chauffeur \/ guide priv\u00e9 viendra vous chercher dans un v\u00e9hicule de luxe \u00e0 l&#8217;endroit souhait\u00e9 \u00e0 Munich. Cette visite priv\u00e9e de Salzbourg et de Hallstatt est une visite enti\u00e8rement personnalis\u00e9e rien que pour vous et votre groupe.<\/p>\n<p>Salzbourg est une ville autrichienne situ\u00e9e \u00e0 la fronti\u00e8re allemande, avec vue sur les Alpes orientales. Cette ville est divis\u00e9e par la rivi\u00e8re Salzach, sur une partie nous avons Altstadt (vieille ville) et dans l&#8217;autre partie nous trouverons Neustadt (ville nouvelle).<\/p>\n<p>D&#8217;un autre c\u00f4t\u00e9, nous avons Hallstatt. C&#8217;est une commune situ\u00e9e sur la rive ouest du lac de Hallstatt, dans la r\u00e9gion montagneuse du Salzkammergut. C&#8217;est un endroit tr\u00e8s c\u00e9l\u00e8bre en raison de ses maisons, de ses caf\u00e9s et de sa vue imprenable sur le lac.<\/p>\n<p>Votre chauffeur \/ guide priv\u00e9 sera \u00e0 votre enti\u00e8re disposition pendant toute la dur\u00e9e de la visite. Si vous pr\u00e9f\u00e9rez, nous pouvons inclure un guide local pendant 2 heures \u00e0 Salzbourg. Si vous avez quelque chose en t\u00eate, faites-le nous savoir et nous ferons de notre mieux pour l&#8217;arranger.<\/p>\n<h2>Sites d&#8217;int\u00e9r\u00eat et points de rep\u00e8re<\/h2>\n<p>Votre visite commencera lorsque votre chauffeur \/ guide priv\u00e9 est venu vous chercher \u00e0 l&#8217;endroit de votre choix \u00e0 Munich. Le service aura lieu dans un v\u00e9hicule de luxe priv\u00e9.<\/p>\n<p>Tout d&#8217;abord, vous visiterez Salzbourg, qui est bien connue pour ses vues sur le son de la musique. Vous pourrez admirer la vue sur les basses Alpes bavaroises pendant que vous vous rendrez \u00e0 Salzbourg.<\/p>\n<p>Entre autres lieux et monuments que vous pourrez visiter:<\/p>\n<ul>\n<li>Forteresse de Hohensalzburg<\/li>\n<li>Getreidegasse<\/li>\n<li>Cath\u00e9drale de Salzbourg<\/li>\n<li>Maison de Mozart<\/li>\n<li>Palais Mirabell<\/li>\n<li>Kapitelplatz et Alter Markt<\/li>\n<li>et bien plus!<\/li>\n<\/ul>\n<p>Deuxi\u00e8mement, vous continuerez vers Hallstatt. Tout au long de votre chemin vers Hallstatt, vous vous d\u00e9lecterez des magnifiques paysages ruraux de Salzkammergut et de sa ville. \u00c0 votre arriv\u00e9e \u00e0 Hallstatt, vous t\u00e9moignerez de l&#8217;une des plus belles vues de paysage que pr\u00e9sentent son lac et ses maisons m\u00e9di\u00e9vales.<\/p>\n<p>Vous passerez un moment incroyable lors de cette visite priv\u00e9e de Salzbourg et de Hallstatt avec votre chauffeur \/ guide priv\u00e9. Nous pouvons inclure des billets d&#8217;entr\u00e9e pour tout monument ou mus\u00e9e que vous souhaitez visiter.<\/p>\n<p>Pendant la visite, vous aurez \u00e9galement du temps libre pour d\u00e9jeuner dans un tr\u00e8s bon restaurant de la zone.<\/p>\n<p>Enfin, votre chauffeur \/ guide priv\u00e9 vous ram\u00e8nera \u00e0 votre point de d\u00e9part \u00e0 Munich.<\/p>\n<p>Nous proposons de nombreuses options de visites priv\u00e9es au d\u00e9part de Munich, jetez un \u0153il \u00e0 notre visite priv\u00e9e d&#8217;une journ\u00e9e compl\u00e8te \u00e0 Augsbourg.<\/p>\n<div id=\"gtx-trans\" style=\"position: absolute; left: 31px; top: 615.625px;\">\n<div class=\"gtx-trans-icon\"><\/div>\n<\/div>\n","protected":false},"excerpt":{"rendered":"<p>Saisissez l&#8217;occasion de profiter d&#8217;une visite priv\u00e9e d&#8217;une journ\u00e9e compl\u00e8te de Salzbourg et de Hallstatt au d\u00e9part de Munich. Venez avec nous et profitez de cette visite priv\u00e9e enti\u00e8rement personnalis\u00e9e et profitez de leurs monuments et sites les plus importants ainsi que de ses sites historiques. La prise en charge se fera \u00e0 l&#8217;endroit de votre choix \u00e0 Munich. Chauffeur \/ guide professionnel disponible pour toute la visite.<\/p>\n","protected":false},"featured_media":96250,"comment_status":"open","ping_status":"closed","template":"","meta":{"_acf_changed":false},"product_brand":[],"product_cat":[5564,5565,5566,3721,3722,4217,3756],"product_tag":[],"class_list":{"0":"post-103214","1":"product","2":"type-product","3":"status-publish","4":"has-post-thumbnail","6":"product_cat-all-private-tours-activities-fr-42","7":"product_cat-private-day-trips-fr-24","8":"product_cat-private-sightseeing-tours-fr-51","9":"product_cat-hallstatt-fr","10":"product_cat-salzbourg-fr","11":"product_cat-all-private-tours-activities-fr-10","12":"product_cat-munich-fr","14":"first","15":"instock","16":"shipping-taxable","17":"purchasable","18":"product-type-simple"},"acf":[],"yoast_head":"<!-- This site is optimized with the Yoast SEO Premium plugin v25.3.1 (Yoast SEO v25.3.1) - https:\/\/yoast.com\/wordpress\/plugins\/seo\/ -->\n<title>Visite priv\u00e9e de Salzbourg et de Hallstatt au d\u00e9part de Munich<\/title>\n<meta name=\"description\" content=\"Profitez de vos journ\u00e9es \u00e0 Munich et profitez d&#039;une visite priv\u00e9e de Salzbourg et de Hallstatt \u00e0 l&#039;aise dans un v\u00e9hicule de luxe priv\u00e9 avec chauffeur \/ guide.\" \/>\n<meta name=\"robots\" content=\"index, follow, max-snippet:-1, max-image-preview:large, max-video-preview:-1\" \/>\n<link rel=\"canonical\" href=\"https:\/\/tourtravelandmore.com\/fr\/tours\/allemagne-fr\/munich-fr\/visite-privee-de-salzbourg-et-de-hallstatt\/\" \/>\n<meta property=\"og:locale\" content=\"fr_FR\" \/>\n<meta property=\"og:type\" content=\"article\" \/>\n<meta property=\"og:title\" content=\"Visite priv\u00e9e de Salzbourg et de Hallstatt\" \/>\n<meta property=\"og:description\" content=\"Profitez de vos journ\u00e9es \u00e0 Munich et profitez d&#039;une visite priv\u00e9e de Salzbourg et de Hallstatt \u00e0 l&#039;aise dans un v\u00e9hicule de luxe priv\u00e9 avec chauffeur \/ guide.\" \/>\n<meta property=\"og:url\" content=\"https:\/\/tourtravelandmore.com\/fr\/tours\/allemagne-fr\/munich-fr\/visite-privee-de-salzbourg-et-de-hallstatt\/\" \/>\n<meta property=\"og:site_name\" content=\"Tour Travel And More\" \/>\n<meta property=\"article:publisher\" content=\"https:\/\/www.facebook.com\/tourtravelandmore\/\" \/>\n<meta property=\"article:modified_time\" content=\"2026-02-11T16:00:45+00:00\" \/>\n<meta property=\"og:image\" content=\"https:\/\/tourtravelandmore.com\/wp-content\/uploads\/2019\/09\/hallstatt.jpg\" \/>\n\t<meta property=\"og:image:width\" content=\"960\" \/>\n\t<meta property=\"og:image:height\" content=\"549\" \/>\n\t<meta property=\"og:image:type\" content=\"image\/jpeg\" \/>\n<meta name=\"twitter:card\" content=\"summary_large_image\" \/>\n<meta name=\"twitter:site\" content=\"@TourTravel_More\" \/>\n<meta name=\"twitter:label1\" content=\"Dur\u00e9e de lecture estim\u00e9e\" \/>\n\t<meta name=\"twitter:data1\" content=\"2 minutes\" \/>\n<script type=\"application\/ld+json\" class=\"yoast-schema-graph\">{\"@context\":\"https:\/\/schema.org\",\"@graph\":[{\"@type\":\"WebPage\",\"@id\":\"https:\/\/tourtravelandmore.com\/fr\/tours\/allemagne-fr\/munich-fr\/visite-privee-de-salzbourg-et-de-hallstatt\/\",\"url\":\"https:\/\/tourtravelandmore.com\/fr\/tours\/allemagne-fr\/munich-fr\/visite-privee-de-salzbourg-et-de-hallstatt\/\",\"name\":\"Visite priv\u00e9e de Salzbourg et de Hallstatt au d\u00e9part de Munich\",\"isPartOf\":{\"@id\":\"https:\/\/tourtravelandmore.com\/fr\/#website\"},\"primaryImageOfPage\":{\"@id\":\"https:\/\/tourtravelandmore.com\/fr\/tours\/allemagne-fr\/munich-fr\/visite-privee-de-salzbourg-et-de-hallstatt\/#primaryimage\"},\"image\":{\"@id\":\"https:\/\/tourtravelandmore.com\/fr\/tours\/allemagne-fr\/munich-fr\/visite-privee-de-salzbourg-et-de-hallstatt\/#primaryimage\"},\"thumbnailUrl\":\"https:\/\/tourtravelandmore.com\/wp-content\/uploads\/2019\/09\/hallstatt.jpg\",\"datePublished\":\"2019-09-03T09:27:45+00:00\",\"dateModified\":\"2026-02-11T16:00:45+00:00\",\"description\":\"Profitez de vos journ\u00e9es \u00e0 Munich et profitez d'une visite priv\u00e9e de Salzbourg et de Hallstatt \u00e0 l'aise dans un v\u00e9hicule de luxe priv\u00e9 avec chauffeur \/ guide.\",\"breadcrumb\":{\"@id\":\"https:\/\/tourtravelandmore.com\/fr\/tours\/allemagne-fr\/munich-fr\/visite-privee-de-salzbourg-et-de-hallstatt\/#breadcrumb\"},\"inLanguage\":\"fr-FR\",\"potentialAction\":[{\"@type\":\"ReadAction\",\"target\":[\"https:\/\/tourtravelandmore.com\/fr\/tours\/allemagne-fr\/munich-fr\/visite-privee-de-salzbourg-et-de-hallstatt\/\"]}]},{\"@type\":\"ImageObject\",\"inLanguage\":\"fr-FR\",\"@id\":\"https:\/\/tourtravelandmore.com\/fr\/tours\/allemagne-fr\/munich-fr\/visite-privee-de-salzbourg-et-de-hallstatt\/#primaryimage\",\"url\":\"https:\/\/tourtravelandmore.com\/wp-content\/uploads\/2019\/09\/hallstatt.jpg\",\"contentUrl\":\"https:\/\/tourtravelandmore.com\/wp-content\/uploads\/2019\/09\/hallstatt.jpg\",\"width\":960,\"height\":549},{\"@type\":\"BreadcrumbList\",\"@id\":\"https:\/\/tourtravelandmore.com\/fr\/tours\/allemagne-fr\/munich-fr\/visite-privee-de-salzbourg-et-de-hallstatt\/#breadcrumb\",\"itemListElement\":[{\"@type\":\"ListItem\",\"position\":1,\"name\":\"Home\",\"item\":\"https:\/\/tourtravelandmore.com\/fr\/\"},{\"@type\":\"ListItem\",\"position\":2,\"name\":\"Tours\",\"item\":\"https:\/\/tourtravelandmore.com\/fr\/tours\/\"},{\"@type\":\"ListItem\",\"position\":3,\"name\":\"Visite priv\u00e9e de Salzbourg et de Hallstatt\"}]},{\"@type\":\"WebSite\",\"@id\":\"https:\/\/tourtravelandmore.com\/fr\/#website\",\"url\":\"https:\/\/tourtravelandmore.com\/fr\/\",\"name\":\"Tour Travel And More\",\"description\":\"Private sightseeing tours and luxury transfers in Spain\",\"publisher\":{\"@id\":\"https:\/\/tourtravelandmore.com\/fr\/#organization\"},\"potentialAction\":[{\"@type\":\"SearchAction\",\"target\":{\"@type\":\"EntryPoint\",\"urlTemplate\":\"https:\/\/tourtravelandmore.com\/fr\/?s={search_term_string}\"},\"query-input\":{\"@type\":\"PropertyValueSpecification\",\"valueRequired\":true,\"valueName\":\"search_term_string\"}}],\"inLanguage\":\"fr-FR\"},{\"@type\":\"Organization\",\"@id\":\"https:\/\/tourtravelandmore.com\/fr\/#organization\",\"name\":\"Tour Travel And More\",\"url\":\"https:\/\/tourtravelandmore.com\/fr\/\",\"logo\":{\"@type\":\"ImageObject\",\"inLanguage\":\"fr-FR\",\"@id\":\"https:\/\/tourtravelandmore.com\/fr\/#\/schema\/logo\/image\/\",\"url\":\"https:\/\/tourtravelandmore.com\/wp-content\/uploads\/2022\/12\/cropped-logo-cabecera-new.png\",\"contentUrl\":\"https:\/\/tourtravelandmore.com\/wp-content\/uploads\/2022\/12\/cropped-logo-cabecera-new.png\",\"width\":430,\"height\":61,\"caption\":\"Tour Travel And More\"},\"image\":{\"@id\":\"https:\/\/tourtravelandmore.com\/fr\/#\/schema\/logo\/image\/\"},\"sameAs\":[\"https:\/\/www.facebook.com\/tourtravelandmore\/\",\"https:\/\/x.com\/TourTravel_More\"]}]}<\/script>\n<!-- \/ Yoast SEO Premium plugin. -->","yoast_head_json":{"title":"Visite priv\u00e9e de Salzbourg et de Hallstatt au d\u00e9part de Munich","description":"Profitez de vos journ\u00e9es \u00e0 Munich et profitez d'une visite priv\u00e9e de Salzbourg et de Hallstatt \u00e0 l'aise dans un v\u00e9hicule de luxe priv\u00e9 avec chauffeur \/ guide.","robots":{"index":"index","follow":"follow","max-snippet":"max-snippet:-1","max-image-preview":"max-image-preview:large","max-video-preview":"max-video-preview:-1"},"canonical":"https:\/\/tourtravelandmore.com\/fr\/tours\/allemagne-fr\/munich-fr\/visite-privee-de-salzbourg-et-de-hallstatt\/","og_locale":"fr_FR","og_type":"article","og_title":"Visite priv\u00e9e de Salzbourg et de Hallstatt","og_description":"Profitez de vos journ\u00e9es \u00e0 Munich et profitez d'une visite priv\u00e9e de Salzbourg et de Hallstatt \u00e0 l'aise dans un v\u00e9hicule de luxe priv\u00e9 avec chauffeur \/ guide.","og_url":"https:\/\/tourtravelandmore.com\/fr\/tours\/allemagne-fr\/munich-fr\/visite-privee-de-salzbourg-et-de-hallstatt\/","og_site_name":"Tour Travel And More","article_publisher":"https:\/\/www.facebook.com\/tourtravelandmore\/","article_modified_time":"2026-02-11T16:00:45+00:00","og_image":[{"width":960,"height":549,"url":"https:\/\/tourtravelandmore.com\/wp-content\/uploads\/2019\/09\/hallstatt.jpg","type":"image\/jpeg"}],"twitter_card":"summary_large_image","twitter_site":"@TourTravel_More","twitter_misc":{"Dur\u00e9e de lecture estim\u00e9e":"2 minutes"},"schema":{"@context":"https:\/\/schema.org","@graph":[{"@type":"WebPage","@id":"https:\/\/tourtravelandmore.com\/fr\/tours\/allemagne-fr\/munich-fr\/visite-privee-de-salzbourg-et-de-hallstatt\/","url":"https:\/\/tourtravelandmore.com\/fr\/tours\/allemagne-fr\/munich-fr\/visite-privee-de-salzbourg-et-de-hallstatt\/","name":"Visite priv\u00e9e de Salzbourg et de Hallstatt au d\u00e9part de Munich","isPartOf":{"@id":"https:\/\/tourtravelandmore.com\/fr\/#website"},"primaryImageOfPage":{"@id":"https:\/\/tourtravelandmore.com\/fr\/tours\/allemagne-fr\/munich-fr\/visite-privee-de-salzbourg-et-de-hallstatt\/#primaryimage"},"image":{"@id":"https:\/\/tourtravelandmore.com\/fr\/tours\/allemagne-fr\/munich-fr\/visite-privee-de-salzbourg-et-de-hallstatt\/#primaryimage"},"thumbnailUrl":"https:\/\/tourtravelandmore.com\/wp-content\/uploads\/2019\/09\/hallstatt.jpg","datePublished":"2019-09-03T09:27:45+00:00","dateModified":"2026-02-11T16:00:45+00:00","description":"Profitez de vos journ\u00e9es \u00e0 Munich et profitez d'une visite priv\u00e9e de Salzbourg et de Hallstatt \u00e0 l'aise dans un v\u00e9hicule de luxe priv\u00e9 avec chauffeur \/ guide.","breadcrumb":{"@id":"https:\/\/tourtravelandmore.com\/fr\/tours\/allemagne-fr\/munich-fr\/visite-privee-de-salzbourg-et-de-hallstatt\/#breadcrumb"},"inLanguage":"fr-FR","potentialAction":[{"@type":"ReadAction","target":["https:\/\/tourtravelandmore.com\/fr\/tours\/allemagne-fr\/munich-fr\/visite-privee-de-salzbourg-et-de-hallstatt\/"]}]},{"@type":"ImageObject","inLanguage":"fr-FR","@id":"https:\/\/tourtravelandmore.com\/fr\/tours\/allemagne-fr\/munich-fr\/visite-privee-de-salzbourg-et-de-hallstatt\/#primaryimage","url":"https:\/\/tourtravelandmore.com\/wp-content\/uploads\/2019\/09\/hallstatt.jpg","contentUrl":"https:\/\/tourtravelandmore.com\/wp-content\/uploads\/2019\/09\/hallstatt.jpg","width":960,"height":549},{"@type":"BreadcrumbList","@id":"https:\/\/tourtravelandmore.com\/fr\/tours\/allemagne-fr\/munich-fr\/visite-privee-de-salzbourg-et-de-hallstatt\/#breadcrumb","itemListElement":[{"@type":"ListItem","position":1,"name":"Home","item":"https:\/\/tourtravelandmore.com\/fr\/"},{"@type":"ListItem","position":2,"name":"Tours","item":"https:\/\/tourtravelandmore.com\/fr\/tours\/"},{"@type":"ListItem","position":3,"name":"Visite priv\u00e9e de Salzbourg et de Hallstatt"}]},{"@type":"WebSite","@id":"https:\/\/tourtravelandmore.com\/fr\/#website","url":"https:\/\/tourtravelandmore.com\/fr\/","name":"Tour Travel And More","description":"Private sightseeing tours and luxury transfers in Spain","publisher":{"@id":"https:\/\/tourtravelandmore.com\/fr\/#organization"},"potentialAction":[{"@type":"SearchAction","target":{"@type":"EntryPoint","urlTemplate":"https:\/\/tourtravelandmore.com\/fr\/?s={search_term_string}"},"query-input":{"@type":"PropertyValueSpecification","valueRequired":true,"valueName":"search_term_string"}}],"inLanguage":"fr-FR"},{"@type":"Organization","@id":"https:\/\/tourtravelandmore.com\/fr\/#organization","name":"Tour Travel And More","url":"https:\/\/tourtravelandmore.com\/fr\/","logo":{"@type":"ImageObject","inLanguage":"fr-FR","@id":"https:\/\/tourtravelandmore.com\/fr\/#\/schema\/logo\/image\/","url":"https:\/\/tourtravelandmore.com\/wp-content\/uploads\/2022\/12\/cropped-logo-cabecera-new.png","contentUrl":"https:\/\/tourtravelandmore.com\/wp-content\/uploads\/2022\/12\/cropped-logo-cabecera-new.png","width":430,"height":61,"caption":"Tour Travel And More"},"image":{"@id":"https:\/\/tourtravelandmore.com\/fr\/#\/schema\/logo\/image\/"},"sameAs":["https:\/\/www.facebook.com\/tourtravelandmore\/","https:\/\/x.com\/TourTravel_More"]}]}},"_links":{"self":[{"href":"https:\/\/tourtravelandmore.com\/fr\/wp-json\/wp\/v2\/product\/103214","targetHints":{"allow":["GET"]}}],"collection":[{"href":"https:\/\/tourtravelandmore.com\/fr\/wp-json\/wp\/v2\/product"}],"about":[{"href":"https:\/\/tourtravelandmore.com\/fr\/wp-json\/wp\/v2\/types\/product"}],"replies":[{"embeddable":true,"href":"https:\/\/tourtravelandmore.com\/fr\/wp-json\/wp\/v2\/comments?post=103214"}],"wp:featuredmedia":[{"embeddable":true,"href":"https:\/\/tourtravelandmore.com\/fr\/wp-json\/wp\/v2\/media\/96250"}],"wp:attachment":[{"href":"https:\/\/tourtravelandmore.com\/fr\/wp-json\/wp\/v2\/media?parent=103214"}],"wp:term":[{"taxonomy":"product_brand","embeddable":true,"href":"https:\/\/tourtravelandmore.com\/fr\/wp-json\/wp\/v2\/product_brand?post=103214"},{"taxonomy":"product_cat","embeddable":true,"href":"https:\/\/tourtravelandmore.com\/fr\/wp-json\/wp\/v2\/product_cat?post=103214"},{"taxonomy":"product_tag","embeddable":true,"href":"https:\/\/tourtravelandmore.com\/fr\/wp-json\/wp\/v2\/product_tag?post=103214"}],"curies":[{"name":"wp","href":"https:\/\/api.w.org\/{rel}","templated":true}]}}