{"id":103209,"date":"2019-09-03T10:46:44","date_gmt":"2019-09-03T08:46:44","guid":{"rendered":"https:\/\/tourtravelandmore.com\/tours\/non%20class\u00e9\/visite-privee-de-rothenburg-au-depart-de-munich\/"},"modified":"2022-11-16T09:32:59","modified_gmt":"2022-11-16T08:32:59","slug":"visite-privee-de-rothenburg-au-depart-de-munich","status":"publish","type":"product","link":"https:\/\/tourtravelandmore.com\/fr\/tours\/allemagne-fr\/munich-fr\/visite-privee-de-rothenburg-au-depart-de-munich\/","title":{"rendered":"Visite priv\u00e9e de Rothenburg au d\u00e9part de Munich"},"content":{"rendered":"<h2>Description<\/h2>\n<p>Munich vous offre la possibilit\u00e9 de visiter de nombreuses autres villes allemandes. Profitez de cette visite priv\u00e9e de Rothenburg au d\u00e9part de Munich \u00e0 l&#8217;aise dans un v\u00e9hicule de luxe priv\u00e9 avec un chauffeur \/ guide professionnel.<\/p>\n<p>Pour couronner votre exp\u00e9rience, nous vous rencontrerons \u00e0 votre h\u00f4tel ou lieu de votre choix \u00e0 Munich. Comme il s&#8217;agit d&#8217;une visite priv\u00e9e et personnalis\u00e9e, vous pourrez d\u00e9terminer l&#8217;heure de d\u00e9but de votre visite.<\/p>\n<p>Rothenburg est une ville situ\u00e9e dans l&#8217;\u00e9tat de Baviera et c&#8217;est l&#8217;une des villes les plus jolies et les plus c\u00e9l\u00e8bres d&#8217;Allemagne. Elle est \u00e9galement bien connue comme une &#8220;ville romantique&#8221; en raison de ses belles fa\u00e7ades, de ses petites rues et de son architecture m\u00e9di\u00e9vale.<\/p>\n<p>C&#8217;est une escapade parfaite pour ceux qui veulent du calme et veulent profiter d&#8217;un moment incroyable loin de la ville bruyante. Profitez de cette visite priv\u00e9e de Rothenburg au d\u00e9part de Munich avec votre propre chauffeur \/ guide priv\u00e9.<\/p>\n<p>Une autre option possible d&#8217;une excursion d&#8217;une journ\u00e9e compl\u00e8te au d\u00e9part de Munich pourrait \u00eatre notre visite priv\u00e9e \u00e0 Ratisbonne, jetez un coup d&#8217;\u0153il !.<\/p>\n<h2>Sites d&#8217;int\u00e9r\u00eat et points de rep\u00e8re<\/h2>\n<p>Votre premier contact avec Tour Travel &amp; More se fera dans le hall de votre h\u00f4tel lorsque votre chauffeur \/ guide priv\u00e9 viendra vous chercher. Nous pouvons organiser la prise en charge depuis n&#8217;importe quel endroit de la ville de Munich.<\/p>\n<p>La ville de Rothenburg est connue pour son ancienne architecture allemande. Profitez de la vue sur les basses Alpes bavaroises pendant que vous vous rendez \u00e0 Rothenburg. Vous d\u00e9couvrirez ses \u00e9glises, ses places et ses maisons m\u00e9di\u00e9vales uniques.<\/p>\n<p>Vous pouvez profiter de cette visite priv\u00e9e de Rothenburg aux c\u00f4t\u00e9s d&#8217;un professionnel exp\u00e9riment\u00e9. Entre autres lieux et monuments que vous pourrez visiter:<\/p>\n<ul>\n<li>N\u00f6rdlinger Ries de Souabe<\/li>\n<li>Salle Schw\u00e4bisch<\/li>\n<li>Gallow-Gate<\/li>\n<li>Ch\u00e2teau de Harburg<\/li>\n<li>Paysages de Dinkelsb\u00fchl<\/li>\n<li>Tour R\u00f6edert<\/li>\n<li>Hallertau<\/li>\n<li>et bien plus!<\/li>\n<\/ul>\n<p>Au cours de cette visite priv\u00e9e, vous aurez \u00e9galement du temps libre pour d\u00e9jeuner dans un restaurant typique de la ville. Si vous pr\u00e9f\u00e9rez, nous pouvons faire une r\u00e9servation pour vous afin que vous n&#8217;ayez \u00e0 vous soucier de rien.<\/p>\n<p>Nous pouvons organiser la dur\u00e9e exacte de la visite en fonction de vos besoins personnels. Nous pouvons offrir des heures suppl\u00e9mentaires. Veuillez nous indiquer la dur\u00e9e de la visite priv\u00e9e.<\/p>\n<p>Enfin, votre chauffeur \/ guide priv\u00e9 vous ram\u00e8nera \u00e0 votre h\u00f4tel \u00e0 Munich apr\u00e8s une journ\u00e9e compl\u00e8te d&#8217;exp\u00e9rience.<\/p>\n","protected":false},"excerpt":{"rendered":"<p>Profitez de cette visite priv\u00e9e enti\u00e8rement personnalis\u00e9e de Rothenburg au d\u00e9part de Munich et profitez de leurs monuments et sites les plus importants ainsi que de ses sites historiques. Rothenburg est une jolie ville allemande qui vaut la peine d&#8217;\u00eatre visit\u00e9e. Vous aurez \u00e0 votre enti\u00e8re disposition un chauffeur \/ guide professionnel priv\u00e9 pour tout le tour.<\/p>\n","protected":false},"featured_media":96244,"comment_status":"open","ping_status":"closed","template":"","meta":{"_acf_changed":false},"product_brand":[],"product_cat":[3756],"product_tag":[],"class_list":{"0":"post-103209","1":"product","2":"type-product","3":"status-publish","4":"has-post-thumbnail","6":"product_cat-munich-fr","8":"first","9":"instock","10":"shipping-taxable","11":"purchasable","12":"product-type-simple"},"acf":[],"yoast_head":"<!-- This site is optimized with the Yoast SEO Premium plugin v25.3.1 (Yoast SEO v25.3.1) - https:\/\/yoast.com\/wordpress\/plugins\/seo\/ -->\n<title>Visite priv\u00e9e d&#039;une journ\u00e9e \u00e0 Rothenburg depuis la ville de Munich<\/title>\n<meta name=\"description\" content=\"\u00c9loignez-vous de la grande ville de Munich et profitez de cette visite priv\u00e9e de Rothenburg \u00e0 l&#039;aise dans votre v\u00e9hicule de luxe priv\u00e9 avec chauffeur \/ guide.\" \/>\n<meta name=\"robots\" content=\"index, follow, max-snippet:-1, max-image-preview:large, max-video-preview:-1\" \/>\n<link rel=\"canonical\" href=\"https:\/\/tourtravelandmore.com\/fr\/tours\/allemagne-fr\/munich-fr\/visite-privee-de-rothenburg-au-depart-de-munich\/\" \/>\n<meta property=\"og:locale\" content=\"fr_FR\" \/>\n<meta property=\"og:type\" content=\"article\" \/>\n<meta property=\"og:title\" content=\"Visite priv\u00e9e de Rothenburg au d\u00e9part de Munich\" \/>\n<meta property=\"og:description\" content=\"\u00c9loignez-vous de la grande ville de Munich et profitez de cette visite priv\u00e9e de Rothenburg \u00e0 l&#039;aise dans votre v\u00e9hicule de luxe priv\u00e9 avec chauffeur \/ guide.\" \/>\n<meta property=\"og:url\" content=\"https:\/\/tourtravelandmore.com\/fr\/tours\/allemagne-fr\/munich-fr\/visite-privee-de-rothenburg-au-depart-de-munich\/\" \/>\n<meta property=\"og:site_name\" content=\"Tour Travel And More\" \/>\n<meta property=\"article:publisher\" content=\"https:\/\/www.facebook.com\/tourtravelandmore\/\" \/>\n<meta property=\"article:modified_time\" content=\"2022-11-16T08:32:59+00:00\" \/>\n<meta property=\"og:image\" content=\"https:\/\/tourtravelandmore.com\/wp-content\/uploads\/2019\/09\/rothenburg.6.jpg\" \/>\n\t<meta property=\"og:image:width\" content=\"1280\" \/>\n\t<meta property=\"og:image:height\" content=\"1028\" \/>\n\t<meta property=\"og:image:type\" content=\"image\/jpeg\" \/>\n<meta name=\"twitter:card\" content=\"summary_large_image\" \/>\n<meta name=\"twitter:site\" content=\"@TourTravel_More\" \/>\n<meta name=\"twitter:label1\" content=\"Dur\u00e9e de lecture estim\u00e9e\" \/>\n\t<meta name=\"twitter:data1\" content=\"2 minutes\" \/>\n<script type=\"application\/ld+json\" class=\"yoast-schema-graph\">{\"@context\":\"https:\/\/schema.org\",\"@graph\":[{\"@type\":\"WebPage\",\"@id\":\"https:\/\/tourtravelandmore.com\/fr\/tours\/allemagne-fr\/munich-fr\/visite-privee-de-rothenburg-au-depart-de-munich\/\",\"url\":\"https:\/\/tourtravelandmore.com\/fr\/tours\/allemagne-fr\/munich-fr\/visite-privee-de-rothenburg-au-depart-de-munich\/\",\"name\":\"Visite priv\u00e9e d'une journ\u00e9e \u00e0 Rothenburg depuis la ville de Munich\",\"isPartOf\":{\"@id\":\"https:\/\/tourtravelandmore.com\/fr\/#website\"},\"primaryImageOfPage\":{\"@id\":\"https:\/\/tourtravelandmore.com\/fr\/tours\/allemagne-fr\/munich-fr\/visite-privee-de-rothenburg-au-depart-de-munich\/#primaryimage\"},\"image\":{\"@id\":\"https:\/\/tourtravelandmore.com\/fr\/tours\/allemagne-fr\/munich-fr\/visite-privee-de-rothenburg-au-depart-de-munich\/#primaryimage\"},\"thumbnailUrl\":\"https:\/\/tourtravelandmore.com\/wp-content\/uploads\/2019\/09\/rothenburg.6.jpg\",\"datePublished\":\"2019-09-03T08:46:44+00:00\",\"dateModified\":\"2022-11-16T08:32:59+00:00\",\"description\":\"\u00c9loignez-vous de la grande ville de Munich et profitez de cette visite priv\u00e9e de Rothenburg \u00e0 l'aise dans votre v\u00e9hicule de luxe priv\u00e9 avec chauffeur \/ guide.\",\"breadcrumb\":{\"@id\":\"https:\/\/tourtravelandmore.com\/fr\/tours\/allemagne-fr\/munich-fr\/visite-privee-de-rothenburg-au-depart-de-munich\/#breadcrumb\"},\"inLanguage\":\"fr-FR\",\"potentialAction\":[{\"@type\":\"ReadAction\",\"target\":[\"https:\/\/tourtravelandmore.com\/fr\/tours\/allemagne-fr\/munich-fr\/visite-privee-de-rothenburg-au-depart-de-munich\/\"]}]},{\"@type\":\"ImageObject\",\"inLanguage\":\"fr-FR\",\"@id\":\"https:\/\/tourtravelandmore.com\/fr\/tours\/allemagne-fr\/munich-fr\/visite-privee-de-rothenburg-au-depart-de-munich\/#primaryimage\",\"url\":\"https:\/\/tourtravelandmore.com\/wp-content\/uploads\/2019\/09\/rothenburg.6.jpg\",\"contentUrl\":\"https:\/\/tourtravelandmore.com\/wp-content\/uploads\/2019\/09\/rothenburg.6.jpg\",\"width\":1280,\"height\":1028},{\"@type\":\"BreadcrumbList\",\"@id\":\"https:\/\/tourtravelandmore.com\/fr\/tours\/allemagne-fr\/munich-fr\/visite-privee-de-rothenburg-au-depart-de-munich\/#breadcrumb\",\"itemListElement\":[{\"@type\":\"ListItem\",\"position\":1,\"name\":\"Home\",\"item\":\"https:\/\/tourtravelandmore.com\/fr\/\"},{\"@type\":\"ListItem\",\"position\":2,\"name\":\"Tours\",\"item\":\"https:\/\/tourtravelandmore.com\/fr\/tours\/\"},{\"@type\":\"ListItem\",\"position\":3,\"name\":\"Visite priv\u00e9e de Rothenburg au d\u00e9part de Munich\"}]},{\"@type\":\"WebSite\",\"@id\":\"https:\/\/tourtravelandmore.com\/fr\/#website\",\"url\":\"https:\/\/tourtravelandmore.com\/fr\/\",\"name\":\"Tour Travel And More\",\"description\":\"Private sightseeing tours and luxury transfers in Spain\",\"publisher\":{\"@id\":\"https:\/\/tourtravelandmore.com\/fr\/#organization\"},\"potentialAction\":[{\"@type\":\"SearchAction\",\"target\":{\"@type\":\"EntryPoint\",\"urlTemplate\":\"https:\/\/tourtravelandmore.com\/fr\/?s={search_term_string}\"},\"query-input\":{\"@type\":\"PropertyValueSpecification\",\"valueRequired\":true,\"valueName\":\"search_term_string\"}}],\"inLanguage\":\"fr-FR\"},{\"@type\":\"Organization\",\"@id\":\"https:\/\/tourtravelandmore.com\/fr\/#organization\",\"name\":\"Tour Travel And More\",\"url\":\"https:\/\/tourtravelandmore.com\/fr\/\",\"logo\":{\"@type\":\"ImageObject\",\"inLanguage\":\"fr-FR\",\"@id\":\"https:\/\/tourtravelandmore.com\/fr\/#\/schema\/logo\/image\/\",\"url\":\"https:\/\/tourtravelandmore.com\/wp-content\/uploads\/2022\/12\/cropped-logo-cabecera-new.png\",\"contentUrl\":\"https:\/\/tourtravelandmore.com\/wp-content\/uploads\/2022\/12\/cropped-logo-cabecera-new.png\",\"width\":430,\"height\":61,\"caption\":\"Tour Travel And More\"},\"image\":{\"@id\":\"https:\/\/tourtravelandmore.com\/fr\/#\/schema\/logo\/image\/\"},\"sameAs\":[\"https:\/\/www.facebook.com\/tourtravelandmore\/\",\"https:\/\/x.com\/TourTravel_More\"]}]}<\/script>\n<!-- \/ Yoast SEO Premium plugin. -->","yoast_head_json":{"title":"Visite priv\u00e9e d'une journ\u00e9e \u00e0 Rothenburg depuis la ville de Munich","description":"\u00c9loignez-vous de la grande ville de Munich et profitez de cette visite priv\u00e9e de Rothenburg \u00e0 l'aise dans votre v\u00e9hicule de luxe priv\u00e9 avec chauffeur \/ guide.","robots":{"index":"index","follow":"follow","max-snippet":"max-snippet:-1","max-image-preview":"max-image-preview:large","max-video-preview":"max-video-preview:-1"},"canonical":"https:\/\/tourtravelandmore.com\/fr\/tours\/allemagne-fr\/munich-fr\/visite-privee-de-rothenburg-au-depart-de-munich\/","og_locale":"fr_FR","og_type":"article","og_title":"Visite priv\u00e9e de Rothenburg au d\u00e9part de Munich","og_description":"\u00c9loignez-vous de la grande ville de Munich et profitez de cette visite priv\u00e9e de Rothenburg \u00e0 l'aise dans votre v\u00e9hicule de luxe priv\u00e9 avec chauffeur \/ guide.","og_url":"https:\/\/tourtravelandmore.com\/fr\/tours\/allemagne-fr\/munich-fr\/visite-privee-de-rothenburg-au-depart-de-munich\/","og_site_name":"Tour Travel And More","article_publisher":"https:\/\/www.facebook.com\/tourtravelandmore\/","article_modified_time":"2022-11-16T08:32:59+00:00","og_image":[{"width":1280,"height":1028,"url":"https:\/\/tourtravelandmore.com\/wp-content\/uploads\/2019\/09\/rothenburg.6.jpg","type":"image\/jpeg"}],"twitter_card":"summary_large_image","twitter_site":"@TourTravel_More","twitter_misc":{"Dur\u00e9e de lecture estim\u00e9e":"2 minutes"},"schema":{"@context":"https:\/\/schema.org","@graph":[{"@type":"WebPage","@id":"https:\/\/tourtravelandmore.com\/fr\/tours\/allemagne-fr\/munich-fr\/visite-privee-de-rothenburg-au-depart-de-munich\/","url":"https:\/\/tourtravelandmore.com\/fr\/tours\/allemagne-fr\/munich-fr\/visite-privee-de-rothenburg-au-depart-de-munich\/","name":"Visite priv\u00e9e d'une journ\u00e9e \u00e0 Rothenburg depuis la ville de Munich","isPartOf":{"@id":"https:\/\/tourtravelandmore.com\/fr\/#website"},"primaryImageOfPage":{"@id":"https:\/\/tourtravelandmore.com\/fr\/tours\/allemagne-fr\/munich-fr\/visite-privee-de-rothenburg-au-depart-de-munich\/#primaryimage"},"image":{"@id":"https:\/\/tourtravelandmore.com\/fr\/tours\/allemagne-fr\/munich-fr\/visite-privee-de-rothenburg-au-depart-de-munich\/#primaryimage"},"thumbnailUrl":"https:\/\/tourtravelandmore.com\/wp-content\/uploads\/2019\/09\/rothenburg.6.jpg","datePublished":"2019-09-03T08:46:44+00:00","dateModified":"2022-11-16T08:32:59+00:00","description":"\u00c9loignez-vous de la grande ville de Munich et profitez de cette visite priv\u00e9e de Rothenburg \u00e0 l'aise dans votre v\u00e9hicule de luxe priv\u00e9 avec chauffeur \/ guide.","breadcrumb":{"@id":"https:\/\/tourtravelandmore.com\/fr\/tours\/allemagne-fr\/munich-fr\/visite-privee-de-rothenburg-au-depart-de-munich\/#breadcrumb"},"inLanguage":"fr-FR","potentialAction":[{"@type":"ReadAction","target":["https:\/\/tourtravelandmore.com\/fr\/tours\/allemagne-fr\/munich-fr\/visite-privee-de-rothenburg-au-depart-de-munich\/"]}]},{"@type":"ImageObject","inLanguage":"fr-FR","@id":"https:\/\/tourtravelandmore.com\/fr\/tours\/allemagne-fr\/munich-fr\/visite-privee-de-rothenburg-au-depart-de-munich\/#primaryimage","url":"https:\/\/tourtravelandmore.com\/wp-content\/uploads\/2019\/09\/rothenburg.6.jpg","contentUrl":"https:\/\/tourtravelandmore.com\/wp-content\/uploads\/2019\/09\/rothenburg.6.jpg","width":1280,"height":1028},{"@type":"BreadcrumbList","@id":"https:\/\/tourtravelandmore.com\/fr\/tours\/allemagne-fr\/munich-fr\/visite-privee-de-rothenburg-au-depart-de-munich\/#breadcrumb","itemListElement":[{"@type":"ListItem","position":1,"name":"Home","item":"https:\/\/tourtravelandmore.com\/fr\/"},{"@type":"ListItem","position":2,"name":"Tours","item":"https:\/\/tourtravelandmore.com\/fr\/tours\/"},{"@type":"ListItem","position":3,"name":"Visite priv\u00e9e de Rothenburg au d\u00e9part de Munich"}]},{"@type":"WebSite","@id":"https:\/\/tourtravelandmore.com\/fr\/#website","url":"https:\/\/tourtravelandmore.com\/fr\/","name":"Tour Travel And More","description":"Private sightseeing tours and luxury transfers in Spain","publisher":{"@id":"https:\/\/tourtravelandmore.com\/fr\/#organization"},"potentialAction":[{"@type":"SearchAction","target":{"@type":"EntryPoint","urlTemplate":"https:\/\/tourtravelandmore.com\/fr\/?s={search_term_string}"},"query-input":{"@type":"PropertyValueSpecification","valueRequired":true,"valueName":"search_term_string"}}],"inLanguage":"fr-FR"},{"@type":"Organization","@id":"https:\/\/tourtravelandmore.com\/fr\/#organization","name":"Tour Travel And More","url":"https:\/\/tourtravelandmore.com\/fr\/","logo":{"@type":"ImageObject","inLanguage":"fr-FR","@id":"https:\/\/tourtravelandmore.com\/fr\/#\/schema\/logo\/image\/","url":"https:\/\/tourtravelandmore.com\/wp-content\/uploads\/2022\/12\/cropped-logo-cabecera-new.png","contentUrl":"https:\/\/tourtravelandmore.com\/wp-content\/uploads\/2022\/12\/cropped-logo-cabecera-new.png","width":430,"height":61,"caption":"Tour Travel And More"},"image":{"@id":"https:\/\/tourtravelandmore.com\/fr\/#\/schema\/logo\/image\/"},"sameAs":["https:\/\/www.facebook.com\/tourtravelandmore\/","https:\/\/x.com\/TourTravel_More"]}]}},"_links":{"self":[{"href":"https:\/\/tourtravelandmore.com\/fr\/wp-json\/wp\/v2\/product\/103209","targetHints":{"allow":["GET"]}}],"collection":[{"href":"https:\/\/tourtravelandmore.com\/fr\/wp-json\/wp\/v2\/product"}],"about":[{"href":"https:\/\/tourtravelandmore.com\/fr\/wp-json\/wp\/v2\/types\/product"}],"replies":[{"embeddable":true,"href":"https:\/\/tourtravelandmore.com\/fr\/wp-json\/wp\/v2\/comments?post=103209"}],"wp:featuredmedia":[{"embeddable":true,"href":"https:\/\/tourtravelandmore.com\/fr\/wp-json\/wp\/v2\/media\/96244"}],"wp:attachment":[{"href":"https:\/\/tourtravelandmore.com\/fr\/wp-json\/wp\/v2\/media?parent=103209"}],"wp:term":[{"taxonomy":"product_brand","embeddable":true,"href":"https:\/\/tourtravelandmore.com\/fr\/wp-json\/wp\/v2\/product_brand?post=103209"},{"taxonomy":"product_cat","embeddable":true,"href":"https:\/\/tourtravelandmore.com\/fr\/wp-json\/wp\/v2\/product_cat?post=103209"},{"taxonomy":"product_tag","embeddable":true,"href":"https:\/\/tourtravelandmore.com\/fr\/wp-json\/wp\/v2\/product_tag?post=103209"}],"curies":[{"name":"wp","href":"https:\/\/api.w.org\/{rel}","templated":true}]}}