{"id":103204,"date":"2017-04-05T12:17:01","date_gmt":"2017-04-05T10:17:01","guid":{"rendered":"https:\/\/tourtravelandmore.com\/tours\/non%20class\u00e9\/visite-privee-a-pied-de-munich\/"},"modified":"2025-07-14T14:59:35","modified_gmt":"2025-07-14T12:59:35","slug":"visite-privee-a-pied-de-munich","status":"publish","type":"product","link":"https:\/\/tourtravelandmore.com\/fr\/tours\/allemagne-fr\/munich-fr\/visite-privee-a-pied-de-munich\/","title":{"rendered":"Visite priv\u00e9e \u00e0 pied de Munich"},"content":{"rendered":"<h2>Description<\/h2>\n<p>Profitez de la superbe architecture de Munich et des merveilleux sites historiques lors de cette visite priv\u00e9e \u00e0 pied de Munich. Vous aurez un guide officiel priv\u00e9 disponible juste pour vous et votre groupe pendant toute la visite.<\/p>\n<p>Munich est l&#8217;un des plus grands \u00c9tats f\u00e9d\u00e9raux d&#8217;Allemagne. La ville est situ\u00e9e dans le sud de l&#8217;Allemagne. Est la troisi\u00e8me plus grande ville d&#8217;Allemagne apr\u00e8s Berlin et Hambourg. Vous pouvez trouver la rivi\u00e8re Isar au nord des Alpes bavaroises. Les jeux olympiques ont eu lieu \u00e0 Munich en 1972.<\/p>\n<p>La visite d\u00e9butera \u00e0 un point de rencontre situ\u00e9 au centre de Munich. Vous profiterez d&#8217;une visite guid\u00e9e de 2 heures de cette incroyable ville allemande. La dur\u00e9e exacte de la visite est totalement flexible. Vous trouverez ci-dessous notre visite priv\u00e9e \u00e0 pied de Munich pendant 2 heures, mais nous pouvons organiser la dur\u00e9e de la visite exactement comme vous le souhaitez.<\/p>\n<p>Si vous recherchez une exp\u00e9rience plus compl\u00e8te, veuillez jeter un \u0153il \u00e0 notre ville priv\u00e9e tout de Munich avec chauffeur priv\u00e9.<\/p>\n<h2>Sites d&#8217;int\u00e9r\u00eat et points de rep\u00e8re<\/h2>\n<p>Tout d&#8217;abord, votre guide officiel priv\u00e9 viendra vous chercher \u00e0 votre h\u00f4tel situ\u00e9 au centre \u00e0 l&#8217;heure souhait\u00e9e. Vous pouvez profiter de cette visite priv\u00e9e \u00e0 pied de Munich \u00e0 c\u00f4t\u00e9 d&#8217;un professionnel tr\u00e8s comp\u00e9tent.<\/p>\n<p>Nous pouvons ajouter ou supprimer tout monument ou site que vous ne voudriez peut-\u00eatre pas voir ou que vous avez d\u00e9j\u00e0 vu. Entre autres endroits, vous pourrez voir:<\/p>\n<ul>\n<li>Marienplatz<\/li>\n<li>Ancien h\u00f4tel de ville<\/li>\n<li>Munich Frauenkirche<\/li>\n<li>\u00c9glise San Peter<\/li>\n<li>March\u00e9 Viktualienmarkt<\/li>\n<li>Hofbr\u00e4uhaus<\/li>\n<li>R\u00e9sidence Munich<\/li>\n<li>Odeonsplatz<\/li>\n<li>Alter Hof<\/li>\n<li>Beaucoup plus!<\/li>\n<\/ul>\n<p>Dans le cas o\u00f9 vous pr\u00e9f\u00e9rez, nous pouvons \u00e9galement inclure des entr\u00e9es de billets pour tout monument ou mus\u00e9e que vous souhaitez visiter. Nous vous offrons \u00e9galement la possibilit\u00e9 d&#8217;inclure plus d&#8217;heures \u00e0 votre visite priv\u00e9e \u00e0 pied.<\/p>\n<p>Il s&#8217;agit d&#8217;une visite priv\u00e9e priv\u00e9e et personnalis\u00e9e rien que pour vous et votre groupe. Si vous souhaitez inclure un arr\u00eat pendant la visite, il vous suffit de nous le dire et nous organiserons tout pour vous.<\/p>\n<p>Enfin, votre guide officiel priv\u00e9 vous d\u00e9posera dans un lieu central de Munich.<\/p>\n","protected":false},"excerpt":{"rendered":"<p>Profitez de cette visite priv\u00e9e \u00e0 pied enti\u00e8rement personnalis\u00e9e de Munich et profitez de leurs monuments et sites les plus importants ainsi que de ses sites historiques. Ne manquez pas une chance de conna\u00eetre Munich et tout ce qu&#8217;elle a \u00e0 offrir \u00e0 c\u00f4t\u00e9 de votre guide officiel priv\u00e9 lors de cette visite priv\u00e9e \u00e0 pied. Visitez des endroits comme la Marienplatz, l&#8217;ancien h\u00f4tel de ville et bien plus encore!<\/p>\n","protected":false},"featured_media":94285,"comment_status":"open","ping_status":"closed","template":"","meta":{"_acf_changed":false},"product_brand":[],"product_cat":[5564,5567,3756],"product_tag":[],"class_list":{"0":"post-103204","1":"product","2":"type-product","3":"status-publish","4":"has-post-thumbnail","6":"product_cat-all-private-tours-activities-fr-42","7":"product_cat-private-walking-tours-fr-25","8":"product_cat-munich-fr","10":"first","11":"instock","12":"shipping-taxable","13":"purchasable","14":"product-type-simple"},"acf":[],"yoast_head":"<!-- This site is optimized with the Yoast SEO Premium plugin v25.3.1 (Yoast SEO v25.3.1) - https:\/\/yoast.com\/wordpress\/plugins\/seo\/ -->\n<title>Visite priv\u00e9e \u00e0 pied de Munich avec guide officiel<\/title>\n<meta name=\"description\" content=\"Admirez la grande architecture et les merveilleux sites historiques de Munich lors de cette visite priv\u00e9e \u00e0 pied avec votre propre guide officiel priv\u00e9.\" \/>\n<meta name=\"robots\" content=\"index, follow, max-snippet:-1, max-image-preview:large, max-video-preview:-1\" \/>\n<link rel=\"canonical\" href=\"https:\/\/tourtravelandmore.com\/fr\/tours\/allemagne-fr\/munich-fr\/visite-privee-a-pied-de-munich\/\" \/>\n<meta property=\"og:locale\" content=\"fr_FR\" \/>\n<meta property=\"og:type\" content=\"article\" \/>\n<meta property=\"og:title\" content=\"Visite priv\u00e9e \u00e0 pied de Munich\" \/>\n<meta property=\"og:description\" content=\"Admirez la grande architecture et les merveilleux sites historiques de Munich lors de cette visite priv\u00e9e \u00e0 pied avec votre propre guide officiel priv\u00e9.\" \/>\n<meta property=\"og:url\" content=\"https:\/\/tourtravelandmore.com\/fr\/tours\/allemagne-fr\/munich-fr\/visite-privee-a-pied-de-munich\/\" \/>\n<meta property=\"og:site_name\" content=\"Tour Travel And More\" \/>\n<meta property=\"article:publisher\" content=\"https:\/\/www.facebook.com\/tourtravelandmore\/\" \/>\n<meta property=\"article:modified_time\" content=\"2025-07-14T12:59:35+00:00\" \/>\n<meta property=\"og:image\" content=\"https:\/\/tourtravelandmore.com\/wp-content\/uploads\/2017\/04\/Munich-2.jpg\" \/>\n\t<meta property=\"og:image:width\" content=\"1200\" \/>\n\t<meta property=\"og:image:height\" content=\"800\" \/>\n\t<meta property=\"og:image:type\" content=\"image\/jpeg\" \/>\n<meta name=\"twitter:card\" content=\"summary_large_image\" \/>\n<meta name=\"twitter:site\" content=\"@TourTravel_More\" \/>\n<meta name=\"twitter:label1\" content=\"Dur\u00e9e de lecture estim\u00e9e\" \/>\n\t<meta name=\"twitter:data1\" content=\"2 minutes\" \/>\n<script type=\"application\/ld+json\" class=\"yoast-schema-graph\">{\"@context\":\"https:\/\/schema.org\",\"@graph\":[{\"@type\":\"WebPage\",\"@id\":\"https:\/\/tourtravelandmore.com\/fr\/tours\/allemagne-fr\/munich-fr\/visite-privee-a-pied-de-munich\/\",\"url\":\"https:\/\/tourtravelandmore.com\/fr\/tours\/allemagne-fr\/munich-fr\/visite-privee-a-pied-de-munich\/\",\"name\":\"Visite priv\u00e9e \u00e0 pied de Munich avec guide officiel\",\"isPartOf\":{\"@id\":\"https:\/\/tourtravelandmore.com\/fr\/#website\"},\"primaryImageOfPage\":{\"@id\":\"https:\/\/tourtravelandmore.com\/fr\/tours\/allemagne-fr\/munich-fr\/visite-privee-a-pied-de-munich\/#primaryimage\"},\"image\":{\"@id\":\"https:\/\/tourtravelandmore.com\/fr\/tours\/allemagne-fr\/munich-fr\/visite-privee-a-pied-de-munich\/#primaryimage\"},\"thumbnailUrl\":\"https:\/\/tourtravelandmore.com\/wp-content\/uploads\/2017\/04\/Munich-2.jpg\",\"datePublished\":\"2017-04-05T10:17:01+00:00\",\"dateModified\":\"2025-07-14T12:59:35+00:00\",\"description\":\"Admirez la grande architecture et les merveilleux sites historiques de Munich lors de cette visite priv\u00e9e \u00e0 pied avec votre propre guide officiel priv\u00e9.\",\"breadcrumb\":{\"@id\":\"https:\/\/tourtravelandmore.com\/fr\/tours\/allemagne-fr\/munich-fr\/visite-privee-a-pied-de-munich\/#breadcrumb\"},\"inLanguage\":\"fr-FR\",\"potentialAction\":[{\"@type\":\"ReadAction\",\"target\":[\"https:\/\/tourtravelandmore.com\/fr\/tours\/allemagne-fr\/munich-fr\/visite-privee-a-pied-de-munich\/\"]}]},{\"@type\":\"ImageObject\",\"inLanguage\":\"fr-FR\",\"@id\":\"https:\/\/tourtravelandmore.com\/fr\/tours\/allemagne-fr\/munich-fr\/visite-privee-a-pied-de-munich\/#primaryimage\",\"url\":\"https:\/\/tourtravelandmore.com\/wp-content\/uploads\/2017\/04\/Munich-2.jpg\",\"contentUrl\":\"https:\/\/tourtravelandmore.com\/wp-content\/uploads\/2017\/04\/Munich-2.jpg\",\"width\":1200,\"height\":800,\"caption\":\"Monument of King Maximilan I. Joseph of Bavaria, in front of the Munich Opera House, Germany\"},{\"@type\":\"BreadcrumbList\",\"@id\":\"https:\/\/tourtravelandmore.com\/fr\/tours\/allemagne-fr\/munich-fr\/visite-privee-a-pied-de-munich\/#breadcrumb\",\"itemListElement\":[{\"@type\":\"ListItem\",\"position\":1,\"name\":\"Home\",\"item\":\"https:\/\/tourtravelandmore.com\/fr\/\"},{\"@type\":\"ListItem\",\"position\":2,\"name\":\"Tours\",\"item\":\"https:\/\/tourtravelandmore.com\/fr\/tours\/\"},{\"@type\":\"ListItem\",\"position\":3,\"name\":\"Visite priv\u00e9e \u00e0 pied de Munich\"}]},{\"@type\":\"WebSite\",\"@id\":\"https:\/\/tourtravelandmore.com\/fr\/#website\",\"url\":\"https:\/\/tourtravelandmore.com\/fr\/\",\"name\":\"Tour Travel And More\",\"description\":\"Private sightseeing tours and luxury transfers in Spain\",\"publisher\":{\"@id\":\"https:\/\/tourtravelandmore.com\/fr\/#organization\"},\"potentialAction\":[{\"@type\":\"SearchAction\",\"target\":{\"@type\":\"EntryPoint\",\"urlTemplate\":\"https:\/\/tourtravelandmore.com\/fr\/?s={search_term_string}\"},\"query-input\":{\"@type\":\"PropertyValueSpecification\",\"valueRequired\":true,\"valueName\":\"search_term_string\"}}],\"inLanguage\":\"fr-FR\"},{\"@type\":\"Organization\",\"@id\":\"https:\/\/tourtravelandmore.com\/fr\/#organization\",\"name\":\"Tour Travel And More\",\"url\":\"https:\/\/tourtravelandmore.com\/fr\/\",\"logo\":{\"@type\":\"ImageObject\",\"inLanguage\":\"fr-FR\",\"@id\":\"https:\/\/tourtravelandmore.com\/fr\/#\/schema\/logo\/image\/\",\"url\":\"https:\/\/tourtravelandmore.com\/wp-content\/uploads\/2022\/12\/cropped-logo-cabecera-new.png\",\"contentUrl\":\"https:\/\/tourtravelandmore.com\/wp-content\/uploads\/2022\/12\/cropped-logo-cabecera-new.png\",\"width\":430,\"height\":61,\"caption\":\"Tour Travel And More\"},\"image\":{\"@id\":\"https:\/\/tourtravelandmore.com\/fr\/#\/schema\/logo\/image\/\"},\"sameAs\":[\"https:\/\/www.facebook.com\/tourtravelandmore\/\",\"https:\/\/x.com\/TourTravel_More\"]}]}<\/script>\n<!-- \/ Yoast SEO Premium plugin. -->","yoast_head_json":{"title":"Visite priv\u00e9e \u00e0 pied de Munich avec guide officiel","description":"Admirez la grande architecture et les merveilleux sites historiques de Munich lors de cette visite priv\u00e9e \u00e0 pied avec votre propre guide officiel priv\u00e9.","robots":{"index":"index","follow":"follow","max-snippet":"max-snippet:-1","max-image-preview":"max-image-preview:large","max-video-preview":"max-video-preview:-1"},"canonical":"https:\/\/tourtravelandmore.com\/fr\/tours\/allemagne-fr\/munich-fr\/visite-privee-a-pied-de-munich\/","og_locale":"fr_FR","og_type":"article","og_title":"Visite priv\u00e9e \u00e0 pied de Munich","og_description":"Admirez la grande architecture et les merveilleux sites historiques de Munich lors de cette visite priv\u00e9e \u00e0 pied avec votre propre guide officiel priv\u00e9.","og_url":"https:\/\/tourtravelandmore.com\/fr\/tours\/allemagne-fr\/munich-fr\/visite-privee-a-pied-de-munich\/","og_site_name":"Tour Travel And More","article_publisher":"https:\/\/www.facebook.com\/tourtravelandmore\/","article_modified_time":"2025-07-14T12:59:35+00:00","og_image":[{"width":1200,"height":800,"url":"https:\/\/tourtravelandmore.com\/wp-content\/uploads\/2017\/04\/Munich-2.jpg","type":"image\/jpeg"}],"twitter_card":"summary_large_image","twitter_site":"@TourTravel_More","twitter_misc":{"Dur\u00e9e de lecture estim\u00e9e":"2 minutes"},"schema":{"@context":"https:\/\/schema.org","@graph":[{"@type":"WebPage","@id":"https:\/\/tourtravelandmore.com\/fr\/tours\/allemagne-fr\/munich-fr\/visite-privee-a-pied-de-munich\/","url":"https:\/\/tourtravelandmore.com\/fr\/tours\/allemagne-fr\/munich-fr\/visite-privee-a-pied-de-munich\/","name":"Visite priv\u00e9e \u00e0 pied de Munich avec guide officiel","isPartOf":{"@id":"https:\/\/tourtravelandmore.com\/fr\/#website"},"primaryImageOfPage":{"@id":"https:\/\/tourtravelandmore.com\/fr\/tours\/allemagne-fr\/munich-fr\/visite-privee-a-pied-de-munich\/#primaryimage"},"image":{"@id":"https:\/\/tourtravelandmore.com\/fr\/tours\/allemagne-fr\/munich-fr\/visite-privee-a-pied-de-munich\/#primaryimage"},"thumbnailUrl":"https:\/\/tourtravelandmore.com\/wp-content\/uploads\/2017\/04\/Munich-2.jpg","datePublished":"2017-04-05T10:17:01+00:00","dateModified":"2025-07-14T12:59:35+00:00","description":"Admirez la grande architecture et les merveilleux sites historiques de Munich lors de cette visite priv\u00e9e \u00e0 pied avec votre propre guide officiel priv\u00e9.","breadcrumb":{"@id":"https:\/\/tourtravelandmore.com\/fr\/tours\/allemagne-fr\/munich-fr\/visite-privee-a-pied-de-munich\/#breadcrumb"},"inLanguage":"fr-FR","potentialAction":[{"@type":"ReadAction","target":["https:\/\/tourtravelandmore.com\/fr\/tours\/allemagne-fr\/munich-fr\/visite-privee-a-pied-de-munich\/"]}]},{"@type":"ImageObject","inLanguage":"fr-FR","@id":"https:\/\/tourtravelandmore.com\/fr\/tours\/allemagne-fr\/munich-fr\/visite-privee-a-pied-de-munich\/#primaryimage","url":"https:\/\/tourtravelandmore.com\/wp-content\/uploads\/2017\/04\/Munich-2.jpg","contentUrl":"https:\/\/tourtravelandmore.com\/wp-content\/uploads\/2017\/04\/Munich-2.jpg","width":1200,"height":800,"caption":"Monument of King Maximilan I. Joseph of Bavaria, in front of the Munich Opera House, Germany"},{"@type":"BreadcrumbList","@id":"https:\/\/tourtravelandmore.com\/fr\/tours\/allemagne-fr\/munich-fr\/visite-privee-a-pied-de-munich\/#breadcrumb","itemListElement":[{"@type":"ListItem","position":1,"name":"Home","item":"https:\/\/tourtravelandmore.com\/fr\/"},{"@type":"ListItem","position":2,"name":"Tours","item":"https:\/\/tourtravelandmore.com\/fr\/tours\/"},{"@type":"ListItem","position":3,"name":"Visite priv\u00e9e \u00e0 pied de Munich"}]},{"@type":"WebSite","@id":"https:\/\/tourtravelandmore.com\/fr\/#website","url":"https:\/\/tourtravelandmore.com\/fr\/","name":"Tour Travel And More","description":"Private sightseeing tours and luxury transfers in Spain","publisher":{"@id":"https:\/\/tourtravelandmore.com\/fr\/#organization"},"potentialAction":[{"@type":"SearchAction","target":{"@type":"EntryPoint","urlTemplate":"https:\/\/tourtravelandmore.com\/fr\/?s={search_term_string}"},"query-input":{"@type":"PropertyValueSpecification","valueRequired":true,"valueName":"search_term_string"}}],"inLanguage":"fr-FR"},{"@type":"Organization","@id":"https:\/\/tourtravelandmore.com\/fr\/#organization","name":"Tour Travel And More","url":"https:\/\/tourtravelandmore.com\/fr\/","logo":{"@type":"ImageObject","inLanguage":"fr-FR","@id":"https:\/\/tourtravelandmore.com\/fr\/#\/schema\/logo\/image\/","url":"https:\/\/tourtravelandmore.com\/wp-content\/uploads\/2022\/12\/cropped-logo-cabecera-new.png","contentUrl":"https:\/\/tourtravelandmore.com\/wp-content\/uploads\/2022\/12\/cropped-logo-cabecera-new.png","width":430,"height":61,"caption":"Tour Travel And More"},"image":{"@id":"https:\/\/tourtravelandmore.com\/fr\/#\/schema\/logo\/image\/"},"sameAs":["https:\/\/www.facebook.com\/tourtravelandmore\/","https:\/\/x.com\/TourTravel_More"]}]}},"_links":{"self":[{"href":"https:\/\/tourtravelandmore.com\/fr\/wp-json\/wp\/v2\/product\/103204","targetHints":{"allow":["GET"]}}],"collection":[{"href":"https:\/\/tourtravelandmore.com\/fr\/wp-json\/wp\/v2\/product"}],"about":[{"href":"https:\/\/tourtravelandmore.com\/fr\/wp-json\/wp\/v2\/types\/product"}],"replies":[{"embeddable":true,"href":"https:\/\/tourtravelandmore.com\/fr\/wp-json\/wp\/v2\/comments?post=103204"}],"wp:featuredmedia":[{"embeddable":true,"href":"https:\/\/tourtravelandmore.com\/fr\/wp-json\/wp\/v2\/media\/94285"}],"wp:attachment":[{"href":"https:\/\/tourtravelandmore.com\/fr\/wp-json\/wp\/v2\/media?parent=103204"}],"wp:term":[{"taxonomy":"product_brand","embeddable":true,"href":"https:\/\/tourtravelandmore.com\/fr\/wp-json\/wp\/v2\/product_brand?post=103204"},{"taxonomy":"product_cat","embeddable":true,"href":"https:\/\/tourtravelandmore.com\/fr\/wp-json\/wp\/v2\/product_cat?post=103204"},{"taxonomy":"product_tag","embeddable":true,"href":"https:\/\/tourtravelandmore.com\/fr\/wp-json\/wp\/v2\/product_tag?post=103204"}],"curies":[{"name":"wp","href":"https:\/\/api.w.org\/{rel}","templated":true}]}}