{"id":103197,"date":"2017-04-05T12:11:12","date_gmt":"2017-04-05T10:11:12","guid":{"rendered":"https:\/\/tourtravelandmore.com\/tours\/non%20class\u00e9\/visite-privee-de-salzbourg-et-le-son-de-la-musique\/"},"modified":"2022-11-16T09:30:54","modified_gmt":"2022-11-16T08:30:54","slug":"visite-privee-de-salzbourg-et-le-son-de-la-musique","status":"publish","type":"product","link":"https:\/\/tourtravelandmore.com\/fr\/tours\/allemagne-fr\/munich-fr\/visite-privee-de-salzbourg-et-le-son-de-la-musique\/","title":{"rendered":"Visite priv\u00e9e de Salzbourg et le son de la musique"},"content":{"rendered":"<h2>Description<\/h2>\n<p>L&#8217;emplacement parfait de la ville de Munich nous donne la chance de visiter de nombreux endroits \u00e0 partir de l\u00e0. Profitez de cette visite priv\u00e9e de Salzbourg et du son de la musique \u00e0 l&#8217;aise dans un v\u00e9hicule de luxe priv\u00e9 avec chauffeur \/ guide.<\/p>\n<p>Salzbourg est une ville autrichienne situ\u00e9e \u00e0 la fronti\u00e8re allemande, avec vue sur les Alpes orientales. Cette ville est divis\u00e9e par la rivi\u00e8re Salzach, sur une partie nous avons Altstadt (vieille ville) et dans l&#8217;autre partie nous trouverons Neustadt (ville nouvelle).<\/p>\n<p>C&#8217;est une visite parfaite pour ceux qui veulent explorer autant qu&#8217;ils le peuvent. Profitez de vos journ\u00e9es \u00e0 Munich et visitez cette charmante ville autrichienne qui a beaucoup \u00e0 offrir.<\/p>\n<p>Comme toutes nos visites, cette visite priv\u00e9e de Salzbourg et du son de la musique est une visite enti\u00e8rement personnalis\u00e9e. Nous sommes en mesure de l&#8217;organiser en fonction de vos besoins et d\u00e9sirs personnels. Si vous avez quelque chose \u00e0 l&#8217;esprit, faites-le nous savoir et nous ferons de notre mieux pour l&#8217;arranger.<\/p>\n<h2>Sites d&#8217;int\u00e9r\u00eat et points de rep\u00e8re<\/h2>\n<p>Tout d&#8217;abord, votre chauffeur \/ guide priv\u00e9 viendra vous chercher \u00e0 l&#8217;endroit de votre choix \u00e0 Munich \u00e0 l&#8217;heure souhait\u00e9e. Le service se d\u00e9roulera dans un v\u00e9hicule priv\u00e9 de luxe climatis\u00e9.<\/p>\n<p>Salzbourg est bien connue pour ses vues sur le son de la musique. Profitez de la vue sur les basses Alpes bavaroises pendant que vous vous rendez \u00e0 Salzbourg. Vous apprendrez \u00e0 conna\u00eetre les \u00e9glises, les places et les lieux uniques de Sound of Music.<\/p>\n<p>Salzbourg est \u00e9galement le berceau de Mozart et lors de cette visite priv\u00e9e, vous d\u00e9couvrirez ses monuments les plus importants. Entre autres endroits, vous pourrez visiter:<\/p>\n<ul>\n<li>Forteresse de Hohensalzburg<\/li>\n<li>Getreidegasse<\/li>\n<li>Cath\u00e9drale de Salzbourg<\/li>\n<li>Maison de Mozart<\/li>\n<li>Palais Mirabell<\/li>\n<li>Kapitelplatz et Alter Markt<\/li>\n<li>et bien plus!<\/li>\n<\/ul>\n<p>Vous pouvez profiter de cette visite priv\u00e9e de Salzbourg \u00e0 c\u00f4t\u00e9 de votre chauffeur \/ guide officiel. Nous pouvons ajouter ou supprimer tout monument ou site que vous ne voudriez peut-\u00eatre pas voir ou que vous avez d\u00e9j\u00e0 vu.<\/p>\n<p>Vous aurez \u00e9galement du temps libre pour le d\u00e9jeuner et d\u00e9gusterez un repas typiquement autrichien. Si vous pr\u00e9f\u00e9rez, nous pouvons faire une r\u00e9servation de restaurant pour vous et votre groupe.<\/p>\n<p>Enfin, votre chauffeur \/ guide priv\u00e9 vous ram\u00e8nera \u00e0 votre h\u00f4tel ou lieu de votre choix \u00e0 Munich.<\/p>\n<p>Nous avons plusieurs options de visite priv\u00e9e d&#8217;une journ\u00e9e compl\u00e8te au d\u00e9part de Munich, consultez notre liste de visites priv\u00e9es.<\/p>\n","protected":false},"excerpt":{"rendered":"<p>Profitez de cette visite priv\u00e9e de Salzbourg et du son de la musique de Munich. Profitez de cette occasion pour visiter l&#8217;une des plus belles villes autrichiennes \u00e0 l&#8217;aise dans votre v\u00e9hicule de luxe priv\u00e9 avec un chauffeur \/ guide officiel. La prise en charge et le retour se feront \u00e0 votre h\u00f4tel ou lieu de votre choix \u00e0 Munich.<\/p>\n<p>&nbsp;<\/p>\n","protected":false},"featured_media":94304,"comment_status":"open","ping_status":"closed","template":"","meta":{"_acf_changed":false},"product_brand":[],"product_cat":[3756],"product_tag":[],"class_list":{"0":"post-103197","1":"product","2":"type-product","3":"status-publish","4":"has-post-thumbnail","6":"product_cat-munich-fr","8":"first","9":"instock","10":"shipping-taxable","11":"purchasable","12":"product-type-simple"},"acf":[],"yoast_head":"<!-- This site is optimized with the Yoast SEO Premium plugin v25.3.1 (Yoast SEO v25.3.1) - https:\/\/yoast.com\/wordpress\/plugins\/seo\/ -->\n<title>Visite priv\u00e9e de Salzbourg et son de la musique de Munich<\/title>\n<meta name=\"description\" content=\"\u00c9vadez-vous de l&#039;agitation de Munich et profitez d&#039;une visite priv\u00e9e de Salzbourg et du son de la musique de Munich. Profitez de cette visite priv\u00e9e enti\u00e8rement personnalis\u00e9e.\" \/>\n<meta name=\"robots\" content=\"index, follow, max-snippet:-1, max-image-preview:large, max-video-preview:-1\" \/>\n<link rel=\"canonical\" href=\"https:\/\/tourtravelandmore.com\/fr\/tours\/allemagne-fr\/munich-fr\/visite-privee-de-salzbourg-et-le-son-de-la-musique\/\" \/>\n<meta property=\"og:locale\" content=\"fr_FR\" \/>\n<meta property=\"og:type\" content=\"article\" \/>\n<meta property=\"og:title\" content=\"Visite priv\u00e9e de Salzbourg et le son de la musique\" \/>\n<meta property=\"og:description\" content=\"\u00c9vadez-vous de l&#039;agitation de Munich et profitez d&#039;une visite priv\u00e9e de Salzbourg et du son de la musique de Munich. Profitez de cette visite priv\u00e9e enti\u00e8rement personnalis\u00e9e.\" \/>\n<meta property=\"og:url\" content=\"https:\/\/tourtravelandmore.com\/fr\/tours\/allemagne-fr\/munich-fr\/visite-privee-de-salzbourg-et-le-son-de-la-musique\/\" \/>\n<meta property=\"og:site_name\" content=\"Tour Travel And More\" \/>\n<meta property=\"article:publisher\" content=\"https:\/\/www.facebook.com\/tourtravelandmore\/\" \/>\n<meta property=\"article:modified_time\" content=\"2022-11-16T08:30:54+00:00\" \/>\n<meta property=\"og:image\" content=\"https:\/\/tourtravelandmore.com\/wp-content\/uploads\/2017\/04\/Salzburg-2.jpg\" \/>\n\t<meta property=\"og:image:width\" content=\"1200\" \/>\n\t<meta property=\"og:image:height\" content=\"900\" \/>\n\t<meta property=\"og:image:type\" content=\"image\/jpeg\" \/>\n<meta name=\"twitter:card\" content=\"summary_large_image\" \/>\n<meta name=\"twitter:site\" content=\"@TourTravel_More\" \/>\n<meta name=\"twitter:label1\" content=\"Dur\u00e9e de lecture estim\u00e9e\" \/>\n\t<meta name=\"twitter:data1\" content=\"2 minutes\" \/>\n<script type=\"application\/ld+json\" class=\"yoast-schema-graph\">{\"@context\":\"https:\/\/schema.org\",\"@graph\":[{\"@type\":\"WebPage\",\"@id\":\"https:\/\/tourtravelandmore.com\/fr\/tours\/allemagne-fr\/munich-fr\/visite-privee-de-salzbourg-et-le-son-de-la-musique\/\",\"url\":\"https:\/\/tourtravelandmore.com\/fr\/tours\/allemagne-fr\/munich-fr\/visite-privee-de-salzbourg-et-le-son-de-la-musique\/\",\"name\":\"Visite priv\u00e9e de Salzbourg et son de la musique de Munich\",\"isPartOf\":{\"@id\":\"https:\/\/tourtravelandmore.com\/fr\/#website\"},\"primaryImageOfPage\":{\"@id\":\"https:\/\/tourtravelandmore.com\/fr\/tours\/allemagne-fr\/munich-fr\/visite-privee-de-salzbourg-et-le-son-de-la-musique\/#primaryimage\"},\"image\":{\"@id\":\"https:\/\/tourtravelandmore.com\/fr\/tours\/allemagne-fr\/munich-fr\/visite-privee-de-salzbourg-et-le-son-de-la-musique\/#primaryimage\"},\"thumbnailUrl\":\"https:\/\/tourtravelandmore.com\/wp-content\/uploads\/2017\/04\/Salzburg-2.jpg\",\"datePublished\":\"2017-04-05T10:11:12+00:00\",\"dateModified\":\"2022-11-16T08:30:54+00:00\",\"description\":\"\u00c9vadez-vous de l'agitation de Munich et profitez d'une visite priv\u00e9e de Salzbourg et du son de la musique de Munich. Profitez de cette visite priv\u00e9e enti\u00e8rement personnalis\u00e9e.\",\"breadcrumb\":{\"@id\":\"https:\/\/tourtravelandmore.com\/fr\/tours\/allemagne-fr\/munich-fr\/visite-privee-de-salzbourg-et-le-son-de-la-musique\/#breadcrumb\"},\"inLanguage\":\"fr-FR\",\"potentialAction\":[{\"@type\":\"ReadAction\",\"target\":[\"https:\/\/tourtravelandmore.com\/fr\/tours\/allemagne-fr\/munich-fr\/visite-privee-de-salzbourg-et-le-son-de-la-musique\/\"]}]},{\"@type\":\"ImageObject\",\"inLanguage\":\"fr-FR\",\"@id\":\"https:\/\/tourtravelandmore.com\/fr\/tours\/allemagne-fr\/munich-fr\/visite-privee-de-salzbourg-et-le-son-de-la-musique\/#primaryimage\",\"url\":\"https:\/\/tourtravelandmore.com\/wp-content\/uploads\/2017\/04\/Salzburg-2.jpg\",\"contentUrl\":\"https:\/\/tourtravelandmore.com\/wp-content\/uploads\/2017\/04\/Salzburg-2.jpg\",\"width\":1200,\"height\":900},{\"@type\":\"BreadcrumbList\",\"@id\":\"https:\/\/tourtravelandmore.com\/fr\/tours\/allemagne-fr\/munich-fr\/visite-privee-de-salzbourg-et-le-son-de-la-musique\/#breadcrumb\",\"itemListElement\":[{\"@type\":\"ListItem\",\"position\":1,\"name\":\"Home\",\"item\":\"https:\/\/tourtravelandmore.com\/fr\/\"},{\"@type\":\"ListItem\",\"position\":2,\"name\":\"Tours\",\"item\":\"https:\/\/tourtravelandmore.com\/fr\/tours\/\"},{\"@type\":\"ListItem\",\"position\":3,\"name\":\"Visite priv\u00e9e de Salzbourg et le son de la musique\"}]},{\"@type\":\"WebSite\",\"@id\":\"https:\/\/tourtravelandmore.com\/fr\/#website\",\"url\":\"https:\/\/tourtravelandmore.com\/fr\/\",\"name\":\"Tour Travel And More\",\"description\":\"Private sightseeing tours and luxury transfers in Spain\",\"publisher\":{\"@id\":\"https:\/\/tourtravelandmore.com\/fr\/#organization\"},\"potentialAction\":[{\"@type\":\"SearchAction\",\"target\":{\"@type\":\"EntryPoint\",\"urlTemplate\":\"https:\/\/tourtravelandmore.com\/fr\/?s={search_term_string}\"},\"query-input\":{\"@type\":\"PropertyValueSpecification\",\"valueRequired\":true,\"valueName\":\"search_term_string\"}}],\"inLanguage\":\"fr-FR\"},{\"@type\":\"Organization\",\"@id\":\"https:\/\/tourtravelandmore.com\/fr\/#organization\",\"name\":\"Tour Travel And More\",\"url\":\"https:\/\/tourtravelandmore.com\/fr\/\",\"logo\":{\"@type\":\"ImageObject\",\"inLanguage\":\"fr-FR\",\"@id\":\"https:\/\/tourtravelandmore.com\/fr\/#\/schema\/logo\/image\/\",\"url\":\"https:\/\/tourtravelandmore.com\/wp-content\/uploads\/2022\/12\/cropped-logo-cabecera-new.png\",\"contentUrl\":\"https:\/\/tourtravelandmore.com\/wp-content\/uploads\/2022\/12\/cropped-logo-cabecera-new.png\",\"width\":430,\"height\":61,\"caption\":\"Tour Travel And More\"},\"image\":{\"@id\":\"https:\/\/tourtravelandmore.com\/fr\/#\/schema\/logo\/image\/\"},\"sameAs\":[\"https:\/\/www.facebook.com\/tourtravelandmore\/\",\"https:\/\/x.com\/TourTravel_More\"]}]}<\/script>\n<!-- \/ Yoast SEO Premium plugin. -->","yoast_head_json":{"title":"Visite priv\u00e9e de Salzbourg et son de la musique de Munich","description":"\u00c9vadez-vous de l'agitation de Munich et profitez d'une visite priv\u00e9e de Salzbourg et du son de la musique de Munich. Profitez de cette visite priv\u00e9e enti\u00e8rement personnalis\u00e9e.","robots":{"index":"index","follow":"follow","max-snippet":"max-snippet:-1","max-image-preview":"max-image-preview:large","max-video-preview":"max-video-preview:-1"},"canonical":"https:\/\/tourtravelandmore.com\/fr\/tours\/allemagne-fr\/munich-fr\/visite-privee-de-salzbourg-et-le-son-de-la-musique\/","og_locale":"fr_FR","og_type":"article","og_title":"Visite priv\u00e9e de Salzbourg et le son de la musique","og_description":"\u00c9vadez-vous de l'agitation de Munich et profitez d'une visite priv\u00e9e de Salzbourg et du son de la musique de Munich. Profitez de cette visite priv\u00e9e enti\u00e8rement personnalis\u00e9e.","og_url":"https:\/\/tourtravelandmore.com\/fr\/tours\/allemagne-fr\/munich-fr\/visite-privee-de-salzbourg-et-le-son-de-la-musique\/","og_site_name":"Tour Travel And More","article_publisher":"https:\/\/www.facebook.com\/tourtravelandmore\/","article_modified_time":"2022-11-16T08:30:54+00:00","og_image":[{"width":1200,"height":900,"url":"https:\/\/tourtravelandmore.com\/wp-content\/uploads\/2017\/04\/Salzburg-2.jpg","type":"image\/jpeg"}],"twitter_card":"summary_large_image","twitter_site":"@TourTravel_More","twitter_misc":{"Dur\u00e9e de lecture estim\u00e9e":"2 minutes"},"schema":{"@context":"https:\/\/schema.org","@graph":[{"@type":"WebPage","@id":"https:\/\/tourtravelandmore.com\/fr\/tours\/allemagne-fr\/munich-fr\/visite-privee-de-salzbourg-et-le-son-de-la-musique\/","url":"https:\/\/tourtravelandmore.com\/fr\/tours\/allemagne-fr\/munich-fr\/visite-privee-de-salzbourg-et-le-son-de-la-musique\/","name":"Visite priv\u00e9e de Salzbourg et son de la musique de Munich","isPartOf":{"@id":"https:\/\/tourtravelandmore.com\/fr\/#website"},"primaryImageOfPage":{"@id":"https:\/\/tourtravelandmore.com\/fr\/tours\/allemagne-fr\/munich-fr\/visite-privee-de-salzbourg-et-le-son-de-la-musique\/#primaryimage"},"image":{"@id":"https:\/\/tourtravelandmore.com\/fr\/tours\/allemagne-fr\/munich-fr\/visite-privee-de-salzbourg-et-le-son-de-la-musique\/#primaryimage"},"thumbnailUrl":"https:\/\/tourtravelandmore.com\/wp-content\/uploads\/2017\/04\/Salzburg-2.jpg","datePublished":"2017-04-05T10:11:12+00:00","dateModified":"2022-11-16T08:30:54+00:00","description":"\u00c9vadez-vous de l'agitation de Munich et profitez d'une visite priv\u00e9e de Salzbourg et du son de la musique de Munich. Profitez de cette visite priv\u00e9e enti\u00e8rement personnalis\u00e9e.","breadcrumb":{"@id":"https:\/\/tourtravelandmore.com\/fr\/tours\/allemagne-fr\/munich-fr\/visite-privee-de-salzbourg-et-le-son-de-la-musique\/#breadcrumb"},"inLanguage":"fr-FR","potentialAction":[{"@type":"ReadAction","target":["https:\/\/tourtravelandmore.com\/fr\/tours\/allemagne-fr\/munich-fr\/visite-privee-de-salzbourg-et-le-son-de-la-musique\/"]}]},{"@type":"ImageObject","inLanguage":"fr-FR","@id":"https:\/\/tourtravelandmore.com\/fr\/tours\/allemagne-fr\/munich-fr\/visite-privee-de-salzbourg-et-le-son-de-la-musique\/#primaryimage","url":"https:\/\/tourtravelandmore.com\/wp-content\/uploads\/2017\/04\/Salzburg-2.jpg","contentUrl":"https:\/\/tourtravelandmore.com\/wp-content\/uploads\/2017\/04\/Salzburg-2.jpg","width":1200,"height":900},{"@type":"BreadcrumbList","@id":"https:\/\/tourtravelandmore.com\/fr\/tours\/allemagne-fr\/munich-fr\/visite-privee-de-salzbourg-et-le-son-de-la-musique\/#breadcrumb","itemListElement":[{"@type":"ListItem","position":1,"name":"Home","item":"https:\/\/tourtravelandmore.com\/fr\/"},{"@type":"ListItem","position":2,"name":"Tours","item":"https:\/\/tourtravelandmore.com\/fr\/tours\/"},{"@type":"ListItem","position":3,"name":"Visite priv\u00e9e de Salzbourg et le son de la musique"}]},{"@type":"WebSite","@id":"https:\/\/tourtravelandmore.com\/fr\/#website","url":"https:\/\/tourtravelandmore.com\/fr\/","name":"Tour Travel And More","description":"Private sightseeing tours and luxury transfers in Spain","publisher":{"@id":"https:\/\/tourtravelandmore.com\/fr\/#organization"},"potentialAction":[{"@type":"SearchAction","target":{"@type":"EntryPoint","urlTemplate":"https:\/\/tourtravelandmore.com\/fr\/?s={search_term_string}"},"query-input":{"@type":"PropertyValueSpecification","valueRequired":true,"valueName":"search_term_string"}}],"inLanguage":"fr-FR"},{"@type":"Organization","@id":"https:\/\/tourtravelandmore.com\/fr\/#organization","name":"Tour Travel And More","url":"https:\/\/tourtravelandmore.com\/fr\/","logo":{"@type":"ImageObject","inLanguage":"fr-FR","@id":"https:\/\/tourtravelandmore.com\/fr\/#\/schema\/logo\/image\/","url":"https:\/\/tourtravelandmore.com\/wp-content\/uploads\/2022\/12\/cropped-logo-cabecera-new.png","contentUrl":"https:\/\/tourtravelandmore.com\/wp-content\/uploads\/2022\/12\/cropped-logo-cabecera-new.png","width":430,"height":61,"caption":"Tour Travel And More"},"image":{"@id":"https:\/\/tourtravelandmore.com\/fr\/#\/schema\/logo\/image\/"},"sameAs":["https:\/\/www.facebook.com\/tourtravelandmore\/","https:\/\/x.com\/TourTravel_More"]}]}},"_links":{"self":[{"href":"https:\/\/tourtravelandmore.com\/fr\/wp-json\/wp\/v2\/product\/103197","targetHints":{"allow":["GET"]}}],"collection":[{"href":"https:\/\/tourtravelandmore.com\/fr\/wp-json\/wp\/v2\/product"}],"about":[{"href":"https:\/\/tourtravelandmore.com\/fr\/wp-json\/wp\/v2\/types\/product"}],"replies":[{"embeddable":true,"href":"https:\/\/tourtravelandmore.com\/fr\/wp-json\/wp\/v2\/comments?post=103197"}],"wp:featuredmedia":[{"embeddable":true,"href":"https:\/\/tourtravelandmore.com\/fr\/wp-json\/wp\/v2\/media\/94304"}],"wp:attachment":[{"href":"https:\/\/tourtravelandmore.com\/fr\/wp-json\/wp\/v2\/media?parent=103197"}],"wp:term":[{"taxonomy":"product_brand","embeddable":true,"href":"https:\/\/tourtravelandmore.com\/fr\/wp-json\/wp\/v2\/product_brand?post=103197"},{"taxonomy":"product_cat","embeddable":true,"href":"https:\/\/tourtravelandmore.com\/fr\/wp-json\/wp\/v2\/product_cat?post=103197"},{"taxonomy":"product_tag","embeddable":true,"href":"https:\/\/tourtravelandmore.com\/fr\/wp-json\/wp\/v2\/product_tag?post=103197"}],"curies":[{"name":"wp","href":"https:\/\/api.w.org\/{rel}","templated":true}]}}