{"id":103187,"date":"2017-04-05T11:56:54","date_gmt":"2017-04-05T09:56:54","guid":{"rendered":"https:\/\/tourtravelandmore.com\/tours\/non%20class\u00e9\/visite-privee-au-camp-de-concentration-de-dachau\/"},"modified":"2022-11-15T20:30:12","modified_gmt":"2022-11-15T19:30:12","slug":"visite-privee-au-camp-de-concentration-de-dachau","status":"publish","type":"product","link":"https:\/\/tourtravelandmore.com\/fr\/tours\/allemagne-fr\/munich-fr\/visite-privee-au-camp-de-concentration-de-dachau\/","title":{"rendered":"Visite priv\u00e9e au camp de concentration de Dachau"},"content":{"rendered":"<h2>Description<\/h2>\n<p>\u00catre \u00e0 Munich pendant quelques jours vous donne l&#8217;occasion de conna\u00eetre un peu l&#8217;histoire nazie. Profitez de cette visite priv\u00e9e du camp de concentration de Dachau \u00e0 l&#8217;aise dans votre v\u00e9hicule de luxe priv\u00e9 avec chauffeur s\u00e9par\u00e9. Vous aurez \u00e9galement \u00e0 votre enti\u00e8re disposition un guide priv\u00e9 officiel dans une langue choisie.<\/p>\n<p>Pour couronner votre exp\u00e9rience, nous vous rencontrerons \u00e0 votre h\u00f4tel ou lieu de votre choix \u00e0 Munich \u00e0 l&#8217;heure souhait\u00e9e.<\/p>\n<p>Munich est l&#8217;un des plus grands \u00c9tats f\u00e9d\u00e9raux d&#8217;Allemagne et est situ\u00e9 dans le sud de l&#8217;Allemagne. C&#8217;est aussi la troisi\u00e8me plus grande ville d&#8217;Allemagne apr\u00e8s Berlin et Hambourg. Vous pouvez trouver la rivi\u00e8re Isar au nord des Alpes bavaroises.<\/p>\n<p>Comme il s&#8217;agit d&#8217;une exp\u00e9rience priv\u00e9e, vous pourrez personnaliser chaque partie de cette visite. Si vous avez quelque chose en t\u00eate, faites-le nous savoir et nous organiserons tout pour vous.<\/p>\n<p>Une autre visite possible au d\u00e9part de Munich, pourrait \u00eatre notre visite priv\u00e9e \u00e0 Neuschwanstein et au roi des contes de f\u00e9es, jetez un \u0153il !.<\/p>\n<h2>Sites d&#8217;int\u00e9r\u00eat et points de rep\u00e8re<\/h2>\n<p>Tout d&#8217;abord, votre chauffeur priv\u00e9 et votre guide officiel viendront vous chercher \u00e0 l&#8217;endroit souhait\u00e9 \u00e0 Munich. Le trajet de Munich au camp de Dachau dure environ 35 minutes et est identique pour le retour.<\/p>\n<p>Profitez de cette visite priv\u00e9e d&#8217;une demi-journ\u00e9e sur le site du m\u00e9morial du camp de concentration de Dachau. Dachau a \u00e9t\u00e9 le premier camp de concentration nazi en Allemagne pendant la Seconde Guerre mondiale et l&#8217;Holocauste. C&#8217;\u00e9tait un mod\u00e8le pour tous les autres camps. C&#8217;est pourquoi c&#8217;est une excellente visite pour conna\u00eetre ce monument historique. Vous pourrez voir diff\u00e9rentes parties de l&#8217;installation et m\u00eame explorer son mus\u00e9e.<\/p>\n<p>Votre guide priv\u00e9 officiel vous expliquera l&#8217;histoire de ce lieu qui est aujourd&#8217;hui un monument comm\u00e9moratif.<\/p>\n<p>Un fait int\u00e9ressant du camp de concentration de Dachau est qu&#8217;il a \u00e9t\u00e9 construit sur une usine de poudre \u00e0 canon d\u00e9saffect\u00e9e.<\/p>\n<p>Nous pouvons organiser la dur\u00e9e exacte de la visite en fonction de vos besoins personnels. Nous pouvons offrir des heures suppl\u00e9mentaires ou m\u00eame en faire une exp\u00e9rience d&#8217;une journ\u00e9e compl\u00e8te. Veuillez nous indiquer la dur\u00e9e de la visite priv\u00e9e.<\/p>\n<p>Enfin, une fois la visite termin\u00e9e, votre guide priv\u00e9 officiel et chauffeur avec v\u00e9hicule vous ram\u00e8nera \u00e0 votre h\u00f4tel ou lieu de votre choix \u00e0 Munich.<\/p>\n","protected":false},"excerpt":{"rendered":"<p>Profitez de cette visite priv\u00e9e d&#8217;une demi-journ\u00e9e du m\u00e9morial du camp de concentration de Dachau au d\u00e9part de Munich et d\u00e9couvrez l&#8217;histoire de ce lieu. Ne manquez pas une chance de conna\u00eetre Dachau \u00e0 c\u00f4t\u00e9 de votre guide priv\u00e9 agr\u00e9\u00e9 et confortablement dans votre v\u00e9hicule de luxe priv\u00e9 avec un chauffeur s\u00e9par\u00e9. La prise en charge et le retour se feront \u00e0 l&#8217;endroit de votre choix \u00e0 Munich.<\/p>\n","protected":false},"featured_media":94294,"comment_status":"open","ping_status":"closed","template":"","meta":{"_acf_changed":false},"product_brand":[],"product_cat":[3756],"product_tag":[],"class_list":{"0":"post-103187","1":"product","2":"type-product","3":"status-publish","4":"has-post-thumbnail","6":"product_cat-munich-fr","8":"first","9":"instock","10":"shipping-taxable","11":"purchasable","12":"product-type-simple"},"acf":[],"yoast_head":"<!-- This site is optimized with the Yoast SEO Premium plugin v25.3.1 (Yoast SEO v25.3.1) - https:\/\/yoast.com\/wordpress\/plugins\/seo\/ -->\n<title>Visite priv\u00e9e du camp de concentration de Dachau dans un v\u00e9hicule de luxe<\/title>\n<meta name=\"description\" content=\"Courez la chance de conna\u00eetre le m\u00e9morial du camp de concentration de Dachau, le premier camp de concentration nazi d&#039;Allemagne gr\u00e2ce \u00e0 notre visite priv\u00e9e au d\u00e9part de Munich.\" \/>\n<meta name=\"robots\" content=\"index, follow, max-snippet:-1, max-image-preview:large, max-video-preview:-1\" \/>\n<link rel=\"canonical\" href=\"https:\/\/tourtravelandmore.com\/fr\/tours\/allemagne-fr\/munich-fr\/visite-privee-au-camp-de-concentration-de-dachau\/\" \/>\n<meta property=\"og:locale\" content=\"fr_FR\" \/>\n<meta property=\"og:type\" content=\"article\" \/>\n<meta property=\"og:title\" content=\"Visite priv\u00e9e au camp de concentration de Dachau\" \/>\n<meta property=\"og:description\" content=\"Courez la chance de conna\u00eetre le m\u00e9morial du camp de concentration de Dachau, le premier camp de concentration nazi d&#039;Allemagne gr\u00e2ce \u00e0 notre visite priv\u00e9e au d\u00e9part de Munich.\" \/>\n<meta property=\"og:url\" content=\"https:\/\/tourtravelandmore.com\/fr\/tours\/allemagne-fr\/munich-fr\/visite-privee-au-camp-de-concentration-de-dachau\/\" \/>\n<meta property=\"og:site_name\" content=\"Tour Travel And More\" \/>\n<meta property=\"article:publisher\" content=\"https:\/\/www.facebook.com\/tourtravelandmore\/\" \/>\n<meta property=\"article:modified_time\" content=\"2022-11-15T19:30:12+00:00\" \/>\n<meta property=\"og:image\" content=\"https:\/\/tourtravelandmore.com\/wp-content\/uploads\/2017\/04\/dachau-concentration.jpg\" \/>\n\t<meta property=\"og:image:width\" content=\"550\" \/>\n\t<meta property=\"og:image:height\" content=\"412\" \/>\n\t<meta property=\"og:image:type\" content=\"image\/jpeg\" \/>\n<meta name=\"twitter:card\" content=\"summary_large_image\" \/>\n<meta name=\"twitter:site\" content=\"@TourTravel_More\" \/>\n<meta name=\"twitter:label1\" content=\"Dur\u00e9e de lecture estim\u00e9e\" \/>\n\t<meta name=\"twitter:data1\" content=\"2 minutes\" \/>\n<script type=\"application\/ld+json\" class=\"yoast-schema-graph\">{\"@context\":\"https:\/\/schema.org\",\"@graph\":[{\"@type\":\"WebPage\",\"@id\":\"https:\/\/tourtravelandmore.com\/fr\/tours\/allemagne-fr\/munich-fr\/visite-privee-au-camp-de-concentration-de-dachau\/\",\"url\":\"https:\/\/tourtravelandmore.com\/fr\/tours\/allemagne-fr\/munich-fr\/visite-privee-au-camp-de-concentration-de-dachau\/\",\"name\":\"Visite priv\u00e9e du camp de concentration de Dachau dans un v\u00e9hicule de luxe\",\"isPartOf\":{\"@id\":\"https:\/\/tourtravelandmore.com\/fr\/#website\"},\"primaryImageOfPage\":{\"@id\":\"https:\/\/tourtravelandmore.com\/fr\/tours\/allemagne-fr\/munich-fr\/visite-privee-au-camp-de-concentration-de-dachau\/#primaryimage\"},\"image\":{\"@id\":\"https:\/\/tourtravelandmore.com\/fr\/tours\/allemagne-fr\/munich-fr\/visite-privee-au-camp-de-concentration-de-dachau\/#primaryimage\"},\"thumbnailUrl\":\"https:\/\/tourtravelandmore.com\/wp-content\/uploads\/2017\/04\/dachau-concentration.jpg\",\"datePublished\":\"2017-04-05T09:56:54+00:00\",\"dateModified\":\"2022-11-15T19:30:12+00:00\",\"description\":\"Courez la chance de conna\u00eetre le m\u00e9morial du camp de concentration de Dachau, le premier camp de concentration nazi d'Allemagne gr\u00e2ce \u00e0 notre visite priv\u00e9e au d\u00e9part de Munich.\",\"breadcrumb\":{\"@id\":\"https:\/\/tourtravelandmore.com\/fr\/tours\/allemagne-fr\/munich-fr\/visite-privee-au-camp-de-concentration-de-dachau\/#breadcrumb\"},\"inLanguage\":\"fr-FR\",\"potentialAction\":[{\"@type\":\"ReadAction\",\"target\":[\"https:\/\/tourtravelandmore.com\/fr\/tours\/allemagne-fr\/munich-fr\/visite-privee-au-camp-de-concentration-de-dachau\/\"]}]},{\"@type\":\"ImageObject\",\"inLanguage\":\"fr-FR\",\"@id\":\"https:\/\/tourtravelandmore.com\/fr\/tours\/allemagne-fr\/munich-fr\/visite-privee-au-camp-de-concentration-de-dachau\/#primaryimage\",\"url\":\"https:\/\/tourtravelandmore.com\/wp-content\/uploads\/2017\/04\/dachau-concentration.jpg\",\"contentUrl\":\"https:\/\/tourtravelandmore.com\/wp-content\/uploads\/2017\/04\/dachau-concentration.jpg\",\"width\":550,\"height\":412},{\"@type\":\"BreadcrumbList\",\"@id\":\"https:\/\/tourtravelandmore.com\/fr\/tours\/allemagne-fr\/munich-fr\/visite-privee-au-camp-de-concentration-de-dachau\/#breadcrumb\",\"itemListElement\":[{\"@type\":\"ListItem\",\"position\":1,\"name\":\"Home\",\"item\":\"https:\/\/tourtravelandmore.com\/fr\/\"},{\"@type\":\"ListItem\",\"position\":2,\"name\":\"Tours\",\"item\":\"https:\/\/tourtravelandmore.com\/fr\/tours\/\"},{\"@type\":\"ListItem\",\"position\":3,\"name\":\"Visite priv\u00e9e au camp de concentration de Dachau\"}]},{\"@type\":\"WebSite\",\"@id\":\"https:\/\/tourtravelandmore.com\/fr\/#website\",\"url\":\"https:\/\/tourtravelandmore.com\/fr\/\",\"name\":\"Tour Travel And More\",\"description\":\"Private sightseeing tours and luxury transfers in Spain\",\"publisher\":{\"@id\":\"https:\/\/tourtravelandmore.com\/fr\/#organization\"},\"potentialAction\":[{\"@type\":\"SearchAction\",\"target\":{\"@type\":\"EntryPoint\",\"urlTemplate\":\"https:\/\/tourtravelandmore.com\/fr\/?s={search_term_string}\"},\"query-input\":{\"@type\":\"PropertyValueSpecification\",\"valueRequired\":true,\"valueName\":\"search_term_string\"}}],\"inLanguage\":\"fr-FR\"},{\"@type\":\"Organization\",\"@id\":\"https:\/\/tourtravelandmore.com\/fr\/#organization\",\"name\":\"Tour Travel And More\",\"url\":\"https:\/\/tourtravelandmore.com\/fr\/\",\"logo\":{\"@type\":\"ImageObject\",\"inLanguage\":\"fr-FR\",\"@id\":\"https:\/\/tourtravelandmore.com\/fr\/#\/schema\/logo\/image\/\",\"url\":\"https:\/\/tourtravelandmore.com\/wp-content\/uploads\/2022\/12\/cropped-logo-cabecera-new.png\",\"contentUrl\":\"https:\/\/tourtravelandmore.com\/wp-content\/uploads\/2022\/12\/cropped-logo-cabecera-new.png\",\"width\":430,\"height\":61,\"caption\":\"Tour Travel And More\"},\"image\":{\"@id\":\"https:\/\/tourtravelandmore.com\/fr\/#\/schema\/logo\/image\/\"},\"sameAs\":[\"https:\/\/www.facebook.com\/tourtravelandmore\/\",\"https:\/\/x.com\/TourTravel_More\"]}]}<\/script>\n<!-- \/ Yoast SEO Premium plugin. -->","yoast_head_json":{"title":"Visite priv\u00e9e du camp de concentration de Dachau dans un v\u00e9hicule de luxe","description":"Courez la chance de conna\u00eetre le m\u00e9morial du camp de concentration de Dachau, le premier camp de concentration nazi d'Allemagne gr\u00e2ce \u00e0 notre visite priv\u00e9e au d\u00e9part de Munich.","robots":{"index":"index","follow":"follow","max-snippet":"max-snippet:-1","max-image-preview":"max-image-preview:large","max-video-preview":"max-video-preview:-1"},"canonical":"https:\/\/tourtravelandmore.com\/fr\/tours\/allemagne-fr\/munich-fr\/visite-privee-au-camp-de-concentration-de-dachau\/","og_locale":"fr_FR","og_type":"article","og_title":"Visite priv\u00e9e au camp de concentration de Dachau","og_description":"Courez la chance de conna\u00eetre le m\u00e9morial du camp de concentration de Dachau, le premier camp de concentration nazi d'Allemagne gr\u00e2ce \u00e0 notre visite priv\u00e9e au d\u00e9part de Munich.","og_url":"https:\/\/tourtravelandmore.com\/fr\/tours\/allemagne-fr\/munich-fr\/visite-privee-au-camp-de-concentration-de-dachau\/","og_site_name":"Tour Travel And More","article_publisher":"https:\/\/www.facebook.com\/tourtravelandmore\/","article_modified_time":"2022-11-15T19:30:12+00:00","og_image":[{"width":550,"height":412,"url":"https:\/\/tourtravelandmore.com\/wp-content\/uploads\/2017\/04\/dachau-concentration.jpg","type":"image\/jpeg"}],"twitter_card":"summary_large_image","twitter_site":"@TourTravel_More","twitter_misc":{"Dur\u00e9e de lecture estim\u00e9e":"2 minutes"},"schema":{"@context":"https:\/\/schema.org","@graph":[{"@type":"WebPage","@id":"https:\/\/tourtravelandmore.com\/fr\/tours\/allemagne-fr\/munich-fr\/visite-privee-au-camp-de-concentration-de-dachau\/","url":"https:\/\/tourtravelandmore.com\/fr\/tours\/allemagne-fr\/munich-fr\/visite-privee-au-camp-de-concentration-de-dachau\/","name":"Visite priv\u00e9e du camp de concentration de Dachau dans un v\u00e9hicule de luxe","isPartOf":{"@id":"https:\/\/tourtravelandmore.com\/fr\/#website"},"primaryImageOfPage":{"@id":"https:\/\/tourtravelandmore.com\/fr\/tours\/allemagne-fr\/munich-fr\/visite-privee-au-camp-de-concentration-de-dachau\/#primaryimage"},"image":{"@id":"https:\/\/tourtravelandmore.com\/fr\/tours\/allemagne-fr\/munich-fr\/visite-privee-au-camp-de-concentration-de-dachau\/#primaryimage"},"thumbnailUrl":"https:\/\/tourtravelandmore.com\/wp-content\/uploads\/2017\/04\/dachau-concentration.jpg","datePublished":"2017-04-05T09:56:54+00:00","dateModified":"2022-11-15T19:30:12+00:00","description":"Courez la chance de conna\u00eetre le m\u00e9morial du camp de concentration de Dachau, le premier camp de concentration nazi d'Allemagne gr\u00e2ce \u00e0 notre visite priv\u00e9e au d\u00e9part de Munich.","breadcrumb":{"@id":"https:\/\/tourtravelandmore.com\/fr\/tours\/allemagne-fr\/munich-fr\/visite-privee-au-camp-de-concentration-de-dachau\/#breadcrumb"},"inLanguage":"fr-FR","potentialAction":[{"@type":"ReadAction","target":["https:\/\/tourtravelandmore.com\/fr\/tours\/allemagne-fr\/munich-fr\/visite-privee-au-camp-de-concentration-de-dachau\/"]}]},{"@type":"ImageObject","inLanguage":"fr-FR","@id":"https:\/\/tourtravelandmore.com\/fr\/tours\/allemagne-fr\/munich-fr\/visite-privee-au-camp-de-concentration-de-dachau\/#primaryimage","url":"https:\/\/tourtravelandmore.com\/wp-content\/uploads\/2017\/04\/dachau-concentration.jpg","contentUrl":"https:\/\/tourtravelandmore.com\/wp-content\/uploads\/2017\/04\/dachau-concentration.jpg","width":550,"height":412},{"@type":"BreadcrumbList","@id":"https:\/\/tourtravelandmore.com\/fr\/tours\/allemagne-fr\/munich-fr\/visite-privee-au-camp-de-concentration-de-dachau\/#breadcrumb","itemListElement":[{"@type":"ListItem","position":1,"name":"Home","item":"https:\/\/tourtravelandmore.com\/fr\/"},{"@type":"ListItem","position":2,"name":"Tours","item":"https:\/\/tourtravelandmore.com\/fr\/tours\/"},{"@type":"ListItem","position":3,"name":"Visite priv\u00e9e au camp de concentration de Dachau"}]},{"@type":"WebSite","@id":"https:\/\/tourtravelandmore.com\/fr\/#website","url":"https:\/\/tourtravelandmore.com\/fr\/","name":"Tour Travel And More","description":"Private sightseeing tours and luxury transfers in Spain","publisher":{"@id":"https:\/\/tourtravelandmore.com\/fr\/#organization"},"potentialAction":[{"@type":"SearchAction","target":{"@type":"EntryPoint","urlTemplate":"https:\/\/tourtravelandmore.com\/fr\/?s={search_term_string}"},"query-input":{"@type":"PropertyValueSpecification","valueRequired":true,"valueName":"search_term_string"}}],"inLanguage":"fr-FR"},{"@type":"Organization","@id":"https:\/\/tourtravelandmore.com\/fr\/#organization","name":"Tour Travel And More","url":"https:\/\/tourtravelandmore.com\/fr\/","logo":{"@type":"ImageObject","inLanguage":"fr-FR","@id":"https:\/\/tourtravelandmore.com\/fr\/#\/schema\/logo\/image\/","url":"https:\/\/tourtravelandmore.com\/wp-content\/uploads\/2022\/12\/cropped-logo-cabecera-new.png","contentUrl":"https:\/\/tourtravelandmore.com\/wp-content\/uploads\/2022\/12\/cropped-logo-cabecera-new.png","width":430,"height":61,"caption":"Tour Travel And More"},"image":{"@id":"https:\/\/tourtravelandmore.com\/fr\/#\/schema\/logo\/image\/"},"sameAs":["https:\/\/www.facebook.com\/tourtravelandmore\/","https:\/\/x.com\/TourTravel_More"]}]}},"_links":{"self":[{"href":"https:\/\/tourtravelandmore.com\/fr\/wp-json\/wp\/v2\/product\/103187","targetHints":{"allow":["GET"]}}],"collection":[{"href":"https:\/\/tourtravelandmore.com\/fr\/wp-json\/wp\/v2\/product"}],"about":[{"href":"https:\/\/tourtravelandmore.com\/fr\/wp-json\/wp\/v2\/types\/product"}],"replies":[{"embeddable":true,"href":"https:\/\/tourtravelandmore.com\/fr\/wp-json\/wp\/v2\/comments?post=103187"}],"wp:featuredmedia":[{"embeddable":true,"href":"https:\/\/tourtravelandmore.com\/fr\/wp-json\/wp\/v2\/media\/94294"}],"wp:attachment":[{"href":"https:\/\/tourtravelandmore.com\/fr\/wp-json\/wp\/v2\/media?parent=103187"}],"wp:term":[{"taxonomy":"product_brand","embeddable":true,"href":"https:\/\/tourtravelandmore.com\/fr\/wp-json\/wp\/v2\/product_brand?post=103187"},{"taxonomy":"product_cat","embeddable":true,"href":"https:\/\/tourtravelandmore.com\/fr\/wp-json\/wp\/v2\/product_cat?post=103187"},{"taxonomy":"product_tag","embeddable":true,"href":"https:\/\/tourtravelandmore.com\/fr\/wp-json\/wp\/v2\/product_tag?post=103187"}],"curies":[{"name":"wp","href":"https:\/\/api.w.org\/{rel}","templated":true}]}}