{"id":103181,"date":"2017-04-05T11:47:35","date_gmt":"2017-04-05T09:47:35","guid":{"rendered":"https:\/\/tourtravelandmore.com\/tours\/non%20class\u00e9\/visite-privee-de-la-ville-de-munich\/"},"modified":"2022-11-16T09:31:03","modified_gmt":"2022-11-16T08:31:03","slug":"visite-privee-de-la-ville-de-munich","status":"publish","type":"product","link":"https:\/\/tourtravelandmore.com\/fr\/tours\/allemagne-fr\/munich-fr\/visite-privee-de-la-ville-de-munich\/","title":{"rendered":"Visite priv\u00e9e de la ville de Munich"},"content":{"rendered":"<h2>Description<\/h2>\n<p>D\u00e9couvrez la grande architecture et les merveilleux sites historiques de Munich lors de cette visite priv\u00e9e de Munich avec votre propre guide officiel priv\u00e9 et confortablement dans votre v\u00e9hicule priv\u00e9.<br \/>\nPour lancer votre exp\u00e9rience, votre guide et votre chauffeur vous rencontreront \u00e0 votre h\u00f4tel ou lieu de votre choix \u00e0 Munich. Apr\u00e8s cela, votre visite priv\u00e9e de la ville de Munich d\u00e9butera.<\/p>\n<p>Comme toutes nos visites, cette visite priv\u00e9e de la ville de Munich est une visite sur mesure. L&#8217;itin\u00e9raire final est enti\u00e8rement adaptable \u00e0 vos int\u00e9r\u00eats et d\u00e9sirs personnels. La dur\u00e9e de la visite est \u00e9galement flexible. Vous trouverez ci-dessous notre visite priv\u00e9e de la ville de Munich pendant 4 heures, mais nous pouvons organiser une dur\u00e9e plus courte ou plus longue de la visite.<\/p>\n<h2>Sites d&#8217;int\u00e9r\u00eat et points de rep\u00e8re<\/h2>\n<p>Munich est la capitale de la Bavi\u00e8re et la troisi\u00e8me plus grande ville d&#8217;Allemagne (apr\u00e8s Hambourg et Berlin). Munich, ou M\u00fcnchen (\u00abMaison des moines\u00bb), tire ses origines du monast\u00e8re b\u00e9n\u00e9dictin de Tegernsee, qui a probablement \u00e9t\u00e9 fond\u00e9 en 750 de notre \u00e8re. La ville est aujourd&#8217;hui l&#8217;une des plus visit\u00e9es d&#8217;Europe du Nord. Tout d&#8217;abord, il a une architecture magnifique. Deuxi\u00e8mement, combine \u00e9tonnamment toute son histoire et ses traditions avec la modernit\u00e9. Vous explorerez la ville et ses sites les plus embl\u00e9matiques avec un expert local. Certains des sites que vous pourriez visiter lors de votre visite priv\u00e9e:<\/p>\n<ul>\n<li>Frauenkirche: Le plus ancien lieu de repos \u00e0 Munich pour les Wittelsbach est \u00e9galement la tombe de l&#8217;empereur romain germanique Ludwig le Bavarois (1282 &#8211; 1347).<\/li>\n<li>Marienplatz: est la place centrale de la vieille ville, le c\u0153ur urbain de Munich et le point central de la zone pi\u00e9tonne.<\/li>\n<li>Nouvel h\u00f4tel de ville: l&#8217;un des plus beaux sites touristiques de la ville, et abrite le bureau du maire<\/li>\n<li>Viktualienmarkt: march\u00e9 au centre de la vieille ville<\/li>\n<li>Jardins anglais de Munich: l&#8217;un des plus grands parcs urbains du monde<\/li>\n<li>Palais de Nymphenburg: la r\u00e9sidence d&#8217;\u00e9t\u00e9 de la famille royale<\/li>\n<li>Surfeurs de la rivi\u00e8re Eisbach<\/li>\n<li>Parc Olympia<\/li>\n<li>Hofbr\u00e4uhaus am Platzl: le caf\u00e9 en plein air le plus connu de Munich et probablement de toute l&#8217;Allemagne!<\/li>\n<li>BMW Welt<\/li>\n<li>Beaucoup plus!<\/li>\n<\/ul>\n<p>Vous pouvez entrer dans n&#8217;importe quel monument ou vue que vous souhaitez. Faites-le nous savoir \u00e0 l&#8217;avance et nous organiserons un acc\u00e8s coupe-file. Vous pourrez prendre des photos impressionnantes quand vous le souhaitez. Il s&#8217;agit d&#8217;une visite unique enti\u00e8rement personnalis\u00e9e pour vous et votre groupe.<\/p>\n<p>La visite se terminera \u00e0 votre h\u00f4tel ou lieu de votre choix \u00e0 Munich.<\/p>\n<h4>Visite priv\u00e9e de Munich<\/h4>\n<p>Comme d\u00e9taill\u00e9 ci-dessus, il s&#8217;agit d&#8217;une exp\u00e9rience priv\u00e9e et sur mesure. Nos experts en voyages vous aideront \u00e0 organiser votre visite priv\u00e9e de Munich \u00e0 votre guise. Nous ferons de notre mieux pour vous aider et organiser une exp\u00e9rience inoubliable d\u00e8s votre visite \u00e0 Munich.<\/p>\n<p>Nous pouvons \u00e9galement organiser des visites \u00e0 pied priv\u00e9es, des excursions d&#8217;une journ\u00e9e et des transferts priv\u00e9s. Contactez-nous pour une exp\u00e9rience priv\u00e9e personnalis\u00e9e \u00e0 Munich.<\/p>\n<p>C&#8217;est une exp\u00e9rience sur mesure. L&#8217;heure de d\u00e9part, la dur\u00e9e et l&#8217;itin\u00e9raire sont totalement adaptables \u00e0 vos envies personnelles.<\/p>\n","protected":false},"excerpt":{"rendered":"<p>Profitez d&#8217;une exp\u00e9rience enti\u00e8rement sur mesure et d\u00e9couvrez la merveilleuse ville de Munich avec votre guide officiel et votre chauffeur priv\u00e9. Laissez-nous vous aider \u00e0 d\u00e9couvrir cette ville charg\u00e9e d&#8217;histoire, d&#8217;architecture merveilleuse et de sa touche moderne. Vous effectuerez cette visite confortablement dans un v\u00e9hicule de luxe priv\u00e9. Exp\u00e9rience d&#8217;une demi-journ\u00e9e juste pour vous et votre groupe.<\/p>\n<p>&nbsp;<\/p>\n","protected":false},"featured_media":97993,"comment_status":"open","ping_status":"closed","template":"","meta":{"_acf_changed":false},"product_brand":[],"product_cat":[3756],"product_tag":[],"class_list":{"0":"post-103181","1":"product","2":"type-product","3":"status-publish","4":"has-post-thumbnail","6":"product_cat-munich-fr","8":"first","9":"instock","10":"shipping-taxable","11":"purchasable","12":"product-type-simple"},"acf":[],"yoast_head":"<!-- This site is optimized with the Yoast SEO Premium plugin v25.3.1 (Yoast SEO v25.3.1) - https:\/\/yoast.com\/wordpress\/plugins\/seo\/ -->\n<title>Visite priv\u00e9e de la ville de Munich avec chauffeur et guide touristique agr\u00e9\u00e9<\/title>\n<meta name=\"description\" content=\"D\u00e9couvrez la merveilleuse ville de Munich lors de cette visite priv\u00e9e avec votre guide agr\u00e9\u00e9. Vous apprendrez l&#039;histoire de la ville et visiterez ses principaux sites.\" \/>\n<meta name=\"robots\" content=\"index, follow, max-snippet:-1, max-image-preview:large, max-video-preview:-1\" \/>\n<link rel=\"canonical\" href=\"https:\/\/tourtravelandmore.com\/fr\/tours\/allemagne-fr\/munich-fr\/visite-privee-de-la-ville-de-munich\/\" \/>\n<meta property=\"og:locale\" content=\"fr_FR\" \/>\n<meta property=\"og:type\" content=\"article\" \/>\n<meta property=\"og:title\" content=\"Visite priv\u00e9e de la ville de Munich\" \/>\n<meta property=\"og:description\" content=\"D\u00e9couvrez la merveilleuse ville de Munich lors de cette visite priv\u00e9e avec votre guide agr\u00e9\u00e9. Vous apprendrez l&#039;histoire de la ville et visiterez ses principaux sites.\" \/>\n<meta property=\"og:url\" content=\"https:\/\/tourtravelandmore.com\/fr\/tours\/allemagne-fr\/munich-fr\/visite-privee-de-la-ville-de-munich\/\" \/>\n<meta property=\"og:site_name\" content=\"Tour Travel And More\" \/>\n<meta property=\"article:publisher\" content=\"https:\/\/www.facebook.com\/tourtravelandmore\/\" \/>\n<meta property=\"article:modified_time\" content=\"2022-11-16T08:31:03+00:00\" \/>\n<meta property=\"og:image\" content=\"https:\/\/tourtravelandmore.com\/wp-content\/uploads\/2017\/04\/marienplatz-min.jpg\" \/>\n\t<meta property=\"og:image:width\" content=\"1024\" \/>\n\t<meta property=\"og:image:height\" content=\"768\" \/>\n\t<meta property=\"og:image:type\" content=\"image\/jpeg\" \/>\n<meta name=\"twitter:card\" content=\"summary_large_image\" \/>\n<meta name=\"twitter:site\" content=\"@TourTravel_More\" \/>\n<meta name=\"twitter:label1\" content=\"Dur\u00e9e de lecture estim\u00e9e\" \/>\n\t<meta name=\"twitter:data1\" content=\"3 minutes\" \/>\n<script type=\"application\/ld+json\" class=\"yoast-schema-graph\">{\"@context\":\"https:\/\/schema.org\",\"@graph\":[{\"@type\":\"WebPage\",\"@id\":\"https:\/\/tourtravelandmore.com\/fr\/tours\/allemagne-fr\/munich-fr\/visite-privee-de-la-ville-de-munich\/\",\"url\":\"https:\/\/tourtravelandmore.com\/fr\/tours\/allemagne-fr\/munich-fr\/visite-privee-de-la-ville-de-munich\/\",\"name\":\"Visite priv\u00e9e de la ville de Munich avec chauffeur et guide touristique agr\u00e9\u00e9\",\"isPartOf\":{\"@id\":\"https:\/\/tourtravelandmore.com\/fr\/#website\"},\"primaryImageOfPage\":{\"@id\":\"https:\/\/tourtravelandmore.com\/fr\/tours\/allemagne-fr\/munich-fr\/visite-privee-de-la-ville-de-munich\/#primaryimage\"},\"image\":{\"@id\":\"https:\/\/tourtravelandmore.com\/fr\/tours\/allemagne-fr\/munich-fr\/visite-privee-de-la-ville-de-munich\/#primaryimage\"},\"thumbnailUrl\":\"https:\/\/tourtravelandmore.com\/wp-content\/uploads\/2017\/04\/marienplatz-min.jpg\",\"datePublished\":\"2017-04-05T09:47:35+00:00\",\"dateModified\":\"2022-11-16T08:31:03+00:00\",\"description\":\"D\u00e9couvrez la merveilleuse ville de Munich lors de cette visite priv\u00e9e avec votre guide agr\u00e9\u00e9. Vous apprendrez l'histoire de la ville et visiterez ses principaux sites.\",\"breadcrumb\":{\"@id\":\"https:\/\/tourtravelandmore.com\/fr\/tours\/allemagne-fr\/munich-fr\/visite-privee-de-la-ville-de-munich\/#breadcrumb\"},\"inLanguage\":\"fr-FR\",\"potentialAction\":[{\"@type\":\"ReadAction\",\"target\":[\"https:\/\/tourtravelandmore.com\/fr\/tours\/allemagne-fr\/munich-fr\/visite-privee-de-la-ville-de-munich\/\"]}]},{\"@type\":\"ImageObject\",\"inLanguage\":\"fr-FR\",\"@id\":\"https:\/\/tourtravelandmore.com\/fr\/tours\/allemagne-fr\/munich-fr\/visite-privee-de-la-ville-de-munich\/#primaryimage\",\"url\":\"https:\/\/tourtravelandmore.com\/wp-content\/uploads\/2017\/04\/marienplatz-min.jpg\",\"contentUrl\":\"https:\/\/tourtravelandmore.com\/wp-content\/uploads\/2017\/04\/marienplatz-min.jpg\",\"width\":1024,\"height\":768},{\"@type\":\"BreadcrumbList\",\"@id\":\"https:\/\/tourtravelandmore.com\/fr\/tours\/allemagne-fr\/munich-fr\/visite-privee-de-la-ville-de-munich\/#breadcrumb\",\"itemListElement\":[{\"@type\":\"ListItem\",\"position\":1,\"name\":\"Home\",\"item\":\"https:\/\/tourtravelandmore.com\/fr\/\"},{\"@type\":\"ListItem\",\"position\":2,\"name\":\"Tours\",\"item\":\"https:\/\/tourtravelandmore.com\/fr\/tours\/\"},{\"@type\":\"ListItem\",\"position\":3,\"name\":\"Visite priv\u00e9e de la ville de Munich\"}]},{\"@type\":\"WebSite\",\"@id\":\"https:\/\/tourtravelandmore.com\/fr\/#website\",\"url\":\"https:\/\/tourtravelandmore.com\/fr\/\",\"name\":\"Tour Travel And More\",\"description\":\"Private sightseeing tours and luxury transfers in Spain\",\"publisher\":{\"@id\":\"https:\/\/tourtravelandmore.com\/fr\/#organization\"},\"potentialAction\":[{\"@type\":\"SearchAction\",\"target\":{\"@type\":\"EntryPoint\",\"urlTemplate\":\"https:\/\/tourtravelandmore.com\/fr\/?s={search_term_string}\"},\"query-input\":{\"@type\":\"PropertyValueSpecification\",\"valueRequired\":true,\"valueName\":\"search_term_string\"}}],\"inLanguage\":\"fr-FR\"},{\"@type\":\"Organization\",\"@id\":\"https:\/\/tourtravelandmore.com\/fr\/#organization\",\"name\":\"Tour Travel And More\",\"url\":\"https:\/\/tourtravelandmore.com\/fr\/\",\"logo\":{\"@type\":\"ImageObject\",\"inLanguage\":\"fr-FR\",\"@id\":\"https:\/\/tourtravelandmore.com\/fr\/#\/schema\/logo\/image\/\",\"url\":\"https:\/\/tourtravelandmore.com\/wp-content\/uploads\/2022\/12\/cropped-logo-cabecera-new.png\",\"contentUrl\":\"https:\/\/tourtravelandmore.com\/wp-content\/uploads\/2022\/12\/cropped-logo-cabecera-new.png\",\"width\":430,\"height\":61,\"caption\":\"Tour Travel And More\"},\"image\":{\"@id\":\"https:\/\/tourtravelandmore.com\/fr\/#\/schema\/logo\/image\/\"},\"sameAs\":[\"https:\/\/www.facebook.com\/tourtravelandmore\/\",\"https:\/\/x.com\/TourTravel_More\"]}]}<\/script>\n<!-- \/ Yoast SEO Premium plugin. -->","yoast_head_json":{"title":"Visite priv\u00e9e de la ville de Munich avec chauffeur et guide touristique agr\u00e9\u00e9","description":"D\u00e9couvrez la merveilleuse ville de Munich lors de cette visite priv\u00e9e avec votre guide agr\u00e9\u00e9. Vous apprendrez l'histoire de la ville et visiterez ses principaux sites.","robots":{"index":"index","follow":"follow","max-snippet":"max-snippet:-1","max-image-preview":"max-image-preview:large","max-video-preview":"max-video-preview:-1"},"canonical":"https:\/\/tourtravelandmore.com\/fr\/tours\/allemagne-fr\/munich-fr\/visite-privee-de-la-ville-de-munich\/","og_locale":"fr_FR","og_type":"article","og_title":"Visite priv\u00e9e de la ville de Munich","og_description":"D\u00e9couvrez la merveilleuse ville de Munich lors de cette visite priv\u00e9e avec votre guide agr\u00e9\u00e9. Vous apprendrez l'histoire de la ville et visiterez ses principaux sites.","og_url":"https:\/\/tourtravelandmore.com\/fr\/tours\/allemagne-fr\/munich-fr\/visite-privee-de-la-ville-de-munich\/","og_site_name":"Tour Travel And More","article_publisher":"https:\/\/www.facebook.com\/tourtravelandmore\/","article_modified_time":"2022-11-16T08:31:03+00:00","og_image":[{"width":1024,"height":768,"url":"https:\/\/tourtravelandmore.com\/wp-content\/uploads\/2017\/04\/marienplatz-min.jpg","type":"image\/jpeg"}],"twitter_card":"summary_large_image","twitter_site":"@TourTravel_More","twitter_misc":{"Dur\u00e9e de lecture estim\u00e9e":"3 minutes"},"schema":{"@context":"https:\/\/schema.org","@graph":[{"@type":"WebPage","@id":"https:\/\/tourtravelandmore.com\/fr\/tours\/allemagne-fr\/munich-fr\/visite-privee-de-la-ville-de-munich\/","url":"https:\/\/tourtravelandmore.com\/fr\/tours\/allemagne-fr\/munich-fr\/visite-privee-de-la-ville-de-munich\/","name":"Visite priv\u00e9e de la ville de Munich avec chauffeur et guide touristique agr\u00e9\u00e9","isPartOf":{"@id":"https:\/\/tourtravelandmore.com\/fr\/#website"},"primaryImageOfPage":{"@id":"https:\/\/tourtravelandmore.com\/fr\/tours\/allemagne-fr\/munich-fr\/visite-privee-de-la-ville-de-munich\/#primaryimage"},"image":{"@id":"https:\/\/tourtravelandmore.com\/fr\/tours\/allemagne-fr\/munich-fr\/visite-privee-de-la-ville-de-munich\/#primaryimage"},"thumbnailUrl":"https:\/\/tourtravelandmore.com\/wp-content\/uploads\/2017\/04\/marienplatz-min.jpg","datePublished":"2017-04-05T09:47:35+00:00","dateModified":"2022-11-16T08:31:03+00:00","description":"D\u00e9couvrez la merveilleuse ville de Munich lors de cette visite priv\u00e9e avec votre guide agr\u00e9\u00e9. Vous apprendrez l'histoire de la ville et visiterez ses principaux sites.","breadcrumb":{"@id":"https:\/\/tourtravelandmore.com\/fr\/tours\/allemagne-fr\/munich-fr\/visite-privee-de-la-ville-de-munich\/#breadcrumb"},"inLanguage":"fr-FR","potentialAction":[{"@type":"ReadAction","target":["https:\/\/tourtravelandmore.com\/fr\/tours\/allemagne-fr\/munich-fr\/visite-privee-de-la-ville-de-munich\/"]}]},{"@type":"ImageObject","inLanguage":"fr-FR","@id":"https:\/\/tourtravelandmore.com\/fr\/tours\/allemagne-fr\/munich-fr\/visite-privee-de-la-ville-de-munich\/#primaryimage","url":"https:\/\/tourtravelandmore.com\/wp-content\/uploads\/2017\/04\/marienplatz-min.jpg","contentUrl":"https:\/\/tourtravelandmore.com\/wp-content\/uploads\/2017\/04\/marienplatz-min.jpg","width":1024,"height":768},{"@type":"BreadcrumbList","@id":"https:\/\/tourtravelandmore.com\/fr\/tours\/allemagne-fr\/munich-fr\/visite-privee-de-la-ville-de-munich\/#breadcrumb","itemListElement":[{"@type":"ListItem","position":1,"name":"Home","item":"https:\/\/tourtravelandmore.com\/fr\/"},{"@type":"ListItem","position":2,"name":"Tours","item":"https:\/\/tourtravelandmore.com\/fr\/tours\/"},{"@type":"ListItem","position":3,"name":"Visite priv\u00e9e de la ville de Munich"}]},{"@type":"WebSite","@id":"https:\/\/tourtravelandmore.com\/fr\/#website","url":"https:\/\/tourtravelandmore.com\/fr\/","name":"Tour Travel And More","description":"Private sightseeing tours and luxury transfers in Spain","publisher":{"@id":"https:\/\/tourtravelandmore.com\/fr\/#organization"},"potentialAction":[{"@type":"SearchAction","target":{"@type":"EntryPoint","urlTemplate":"https:\/\/tourtravelandmore.com\/fr\/?s={search_term_string}"},"query-input":{"@type":"PropertyValueSpecification","valueRequired":true,"valueName":"search_term_string"}}],"inLanguage":"fr-FR"},{"@type":"Organization","@id":"https:\/\/tourtravelandmore.com\/fr\/#organization","name":"Tour Travel And More","url":"https:\/\/tourtravelandmore.com\/fr\/","logo":{"@type":"ImageObject","inLanguage":"fr-FR","@id":"https:\/\/tourtravelandmore.com\/fr\/#\/schema\/logo\/image\/","url":"https:\/\/tourtravelandmore.com\/wp-content\/uploads\/2022\/12\/cropped-logo-cabecera-new.png","contentUrl":"https:\/\/tourtravelandmore.com\/wp-content\/uploads\/2022\/12\/cropped-logo-cabecera-new.png","width":430,"height":61,"caption":"Tour Travel And More"},"image":{"@id":"https:\/\/tourtravelandmore.com\/fr\/#\/schema\/logo\/image\/"},"sameAs":["https:\/\/www.facebook.com\/tourtravelandmore\/","https:\/\/x.com\/TourTravel_More"]}]}},"_links":{"self":[{"href":"https:\/\/tourtravelandmore.com\/fr\/wp-json\/wp\/v2\/product\/103181","targetHints":{"allow":["GET"]}}],"collection":[{"href":"https:\/\/tourtravelandmore.com\/fr\/wp-json\/wp\/v2\/product"}],"about":[{"href":"https:\/\/tourtravelandmore.com\/fr\/wp-json\/wp\/v2\/types\/product"}],"replies":[{"embeddable":true,"href":"https:\/\/tourtravelandmore.com\/fr\/wp-json\/wp\/v2\/comments?post=103181"}],"wp:featuredmedia":[{"embeddable":true,"href":"https:\/\/tourtravelandmore.com\/fr\/wp-json\/wp\/v2\/media\/97993"}],"wp:attachment":[{"href":"https:\/\/tourtravelandmore.com\/fr\/wp-json\/wp\/v2\/media?parent=103181"}],"wp:term":[{"taxonomy":"product_brand","embeddable":true,"href":"https:\/\/tourtravelandmore.com\/fr\/wp-json\/wp\/v2\/product_brand?post=103181"},{"taxonomy":"product_cat","embeddable":true,"href":"https:\/\/tourtravelandmore.com\/fr\/wp-json\/wp\/v2\/product_cat?post=103181"},{"taxonomy":"product_tag","embeddable":true,"href":"https:\/\/tourtravelandmore.com\/fr\/wp-json\/wp\/v2\/product_tag?post=103181"}],"curies":[{"name":"wp","href":"https:\/\/api.w.org\/{rel}","templated":true}]}}