{"id":103160,"date":"2019-10-10T13:15:32","date_gmt":"2019-10-10T11:15:32","guid":{"rendered":"https:\/\/tourtravelandmore.com\/tours\/non%20class\u00e9\/aurores-boreales-privees-de-rovaniemi\/"},"modified":"2021-03-14T20:50:40","modified_gmt":"2021-03-14T19:50:40","slug":"aurores-boreales-privees-de-rovaniemi","status":"publish","type":"product","link":"https:\/\/tourtravelandmore.com\/fr\/tours\/finlande-fr\/rovaniemi-fr\/aurores-boreales-privees-de-rovaniemi\/","title":{"rendered":"Aurores bor\u00e9ales priv\u00e9es de Rovaniemi"},"content":{"rendered":"<h2>Description<\/h2>\n<p>Profitez de cette visite priv\u00e9e de Rovaniemi aux c\u00f4t\u00e9s de votre guide officiel priv\u00e9 qui chassera avec vous les aurores bor\u00e9ales de Rovaniemi. L&#8217;objectif principal de cette visite est de faire les meilleures photos des aurores bor\u00e9ales pour vous. C&#8217;est une grande aurore bor\u00e9ale priv\u00e9e de Rovaniemi.<\/p>\n<p>Votre guide priv\u00e9 peut vous aider \u00e0 explorer de nombreux endroits, m\u00eame les endroits les plus embl\u00e9matiques et les plus impressionnants de Rovaniemi, o\u00f9 vous pouvez prendre les meilleures photos quand et o\u00f9 vous le souhaitez lors de votre visite priv\u00e9e. Les sites et le point de rencontre de cette visite sont enti\u00e8rement personnalisables. Veuillez nous contacter pour organiser la visite en fonction de vos besoins personnels.<\/p>\n<p>Gardez \u00e0 l&#8217;esprit que cette visite est enti\u00e8rement personnalisable. Veuillez nous contacter pour rendre votre exp\u00e9rience unique et vous aider \u00e0 organiser votre visite priv\u00e9e. Votre visite priv\u00e9e comptera avec un minibus priv\u00e9 avec chauffeur priv\u00e9 de notre flotte de v\u00e9hicules.<\/p>\n<h2>Sites d&#8217;int\u00e9r\u00eat et monuments<\/h2>\n<p>Au cours de votre visite priv\u00e9e, vous d\u00e9couvrirez certains des plus beaux paysages que vous verrez jamais. Dans cette visite, nous vous proposons de d\u00e9couvrir la beaut\u00e9 impressionnante des aurores bor\u00e9ales et d&#8217;acqu\u00e9rir les comp\u00e9tences n\u00e9cessaires pour prendre la meilleure photo de l&#8217;aurore.<\/p>\n<p>Nous nous rencontrerons en un point central de Rovaniemi et commencerons notre visite dans une fourgonnette confortable et chaleureuse. Au cours de cette visite, nous chasserons les aurores bor\u00e9ales \u00e0 travers les paysages de neige de Rovaniemi. Nous chasserons les aurores bor\u00e9ales impr\u00e9visibles jusqu&#8217;\u00e0 ce que nous trouvions le bon endroit pour avoir une vue parfaite. Votre guide priv\u00e9 s&#8217;efforcera de vous prendre les meilleures photos au bon moment afin que vous puissiez avoir des souvenirs uniques.<\/p>\n<p>Avant de sortir et de commencer notre visite, nous pr\u00e9voyons toujours autant de sites que possible pour maximiser nos opportunit\u00e9s, en fonction des conditions m\u00e9t\u00e9orologiques et des opportunit\u00e9s photographiques. Nous ne quitterons pas la nuit tant que nous n&#8217;aurons pas trouv\u00e9 l&#8217;endroit parfait. Une fois que nous l&#8217;avons trouv\u00e9, votre guide priv\u00e9 s&#8217;efforcera de vous prendre les meilleures photos.<\/p>\n<p>Jetez un \u0153il \u00e0 toutes nos autres visites priv\u00e9es ici!<\/p>\n","protected":false},"excerpt":{"rendered":"<p>Venez avec nous \u00e0 Rovaniemi et explorez ses paysages \u00e0 la recherche des aurores bor\u00e9ales avec ces aurores bor\u00e9ales priv\u00e9es de Rovaniemi.<\/p>\n","protected":false},"featured_media":96549,"comment_status":"open","ping_status":"closed","template":"","meta":{"_acf_changed":false},"product_brand":[],"product_cat":[3746,3832],"product_tag":[],"class_list":{"0":"post-103160","1":"product","2":"type-product","3":"status-publish","4":"has-post-thumbnail","6":"product_cat-finlande-fr","7":"product_cat-rovaniemi-fr","9":"first","10":"instock","11":"shipping-taxable","12":"purchasable","13":"product-type-simple"},"acf":[],"yoast_head":"<!-- This site is optimized with the Yoast SEO Premium plugin v25.3.1 (Yoast SEO v25.3.1) - https:\/\/yoast.com\/wordpress\/plugins\/seo\/ -->\n<title>Aurores bor\u00e9ales priv\u00e9es de Rovaniemi - Visite priv\u00e9e avec guide et chauffeur<\/title>\n<meta name=\"description\" content=\"Venez avec nous \u00e0 Rovaniemi et explorez ses paysages \u00e0 la recherche des aurores bor\u00e9ales avec ces aurores bor\u00e9ales priv\u00e9es de Rovaniemi.\" \/>\n<meta name=\"robots\" content=\"index, follow, max-snippet:-1, max-image-preview:large, max-video-preview:-1\" \/>\n<link rel=\"canonical\" href=\"https:\/\/tourtravelandmore.com\/fr\/tours\/finlande-fr\/rovaniemi-fr\/aurores-boreales-privees-de-rovaniemi\/\" \/>\n<meta property=\"og:locale\" content=\"fr_FR\" \/>\n<meta property=\"og:type\" content=\"article\" \/>\n<meta property=\"og:title\" content=\"Aurores bor\u00e9ales priv\u00e9es de Rovaniemi\" \/>\n<meta property=\"og:description\" content=\"Venez avec nous \u00e0 Rovaniemi et explorez ses paysages \u00e0 la recherche des aurores bor\u00e9ales avec ces aurores bor\u00e9ales priv\u00e9es de Rovaniemi.\" \/>\n<meta property=\"og:url\" content=\"https:\/\/tourtravelandmore.com\/fr\/tours\/finlande-fr\/rovaniemi-fr\/aurores-boreales-privees-de-rovaniemi\/\" \/>\n<meta property=\"og:site_name\" content=\"Tour Travel And More\" \/>\n<meta property=\"article:publisher\" content=\"https:\/\/www.facebook.com\/tourtravelandmore\/\" \/>\n<meta property=\"article:modified_time\" content=\"2021-03-14T19:50:40+00:00\" \/>\n<meta property=\"og:image\" content=\"https:\/\/tourtravelandmore.com\/wp-content\/uploads\/2019\/10\/32369823564_f9aca98793_k.jpg\" \/>\n\t<meta property=\"og:image:width\" content=\"2048\" \/>\n\t<meta property=\"og:image:height\" content=\"1147\" \/>\n\t<meta property=\"og:image:type\" content=\"image\/jpeg\" \/>\n<meta name=\"twitter:card\" content=\"summary_large_image\" \/>\n<meta name=\"twitter:site\" content=\"@TourTravel_More\" \/>\n<meta name=\"twitter:label1\" content=\"Dur\u00e9e de lecture estim\u00e9e\" \/>\n\t<meta name=\"twitter:data1\" content=\"2 minutes\" \/>\n<script type=\"application\/ld+json\" class=\"yoast-schema-graph\">{\"@context\":\"https:\/\/schema.org\",\"@graph\":[{\"@type\":\"WebPage\",\"@id\":\"https:\/\/tourtravelandmore.com\/fr\/tours\/finlande-fr\/rovaniemi-fr\/aurores-boreales-privees-de-rovaniemi\/\",\"url\":\"https:\/\/tourtravelandmore.com\/fr\/tours\/finlande-fr\/rovaniemi-fr\/aurores-boreales-privees-de-rovaniemi\/\",\"name\":\"Aurores bor\u00e9ales priv\u00e9es de Rovaniemi - Visite priv\u00e9e avec guide et chauffeur\",\"isPartOf\":{\"@id\":\"https:\/\/tourtravelandmore.com\/fr\/#website\"},\"primaryImageOfPage\":{\"@id\":\"https:\/\/tourtravelandmore.com\/fr\/tours\/finlande-fr\/rovaniemi-fr\/aurores-boreales-privees-de-rovaniemi\/#primaryimage\"},\"image\":{\"@id\":\"https:\/\/tourtravelandmore.com\/fr\/tours\/finlande-fr\/rovaniemi-fr\/aurores-boreales-privees-de-rovaniemi\/#primaryimage\"},\"thumbnailUrl\":\"https:\/\/tourtravelandmore.com\/wp-content\/uploads\/2019\/10\/32369823564_f9aca98793_k.jpg\",\"datePublished\":\"2019-10-10T11:15:32+00:00\",\"dateModified\":\"2021-03-14T19:50:40+00:00\",\"description\":\"Venez avec nous \u00e0 Rovaniemi et explorez ses paysages \u00e0 la recherche des aurores bor\u00e9ales avec ces aurores bor\u00e9ales priv\u00e9es de Rovaniemi.\",\"breadcrumb\":{\"@id\":\"https:\/\/tourtravelandmore.com\/fr\/tours\/finlande-fr\/rovaniemi-fr\/aurores-boreales-privees-de-rovaniemi\/#breadcrumb\"},\"inLanguage\":\"fr-FR\",\"potentialAction\":[{\"@type\":\"ReadAction\",\"target\":[\"https:\/\/tourtravelandmore.com\/fr\/tours\/finlande-fr\/rovaniemi-fr\/aurores-boreales-privees-de-rovaniemi\/\"]}]},{\"@type\":\"ImageObject\",\"inLanguage\":\"fr-FR\",\"@id\":\"https:\/\/tourtravelandmore.com\/fr\/tours\/finlande-fr\/rovaniemi-fr\/aurores-boreales-privees-de-rovaniemi\/#primaryimage\",\"url\":\"https:\/\/tourtravelandmore.com\/wp-content\/uploads\/2019\/10\/32369823564_f9aca98793_k.jpg\",\"contentUrl\":\"https:\/\/tourtravelandmore.com\/wp-content\/uploads\/2019\/10\/32369823564_f9aca98793_k.jpg\",\"width\":2048,\"height\":1147,\"caption\":\"OLYMPUS DIGITAL CAMERA\"},{\"@type\":\"BreadcrumbList\",\"@id\":\"https:\/\/tourtravelandmore.com\/fr\/tours\/finlande-fr\/rovaniemi-fr\/aurores-boreales-privees-de-rovaniemi\/#breadcrumb\",\"itemListElement\":[{\"@type\":\"ListItem\",\"position\":1,\"name\":\"Home\",\"item\":\"https:\/\/tourtravelandmore.com\/fr\/\"},{\"@type\":\"ListItem\",\"position\":2,\"name\":\"Tours\",\"item\":\"https:\/\/tourtravelandmore.com\/fr\/tours\/\"},{\"@type\":\"ListItem\",\"position\":3,\"name\":\"Aurores bor\u00e9ales priv\u00e9es de Rovaniemi\"}]},{\"@type\":\"WebSite\",\"@id\":\"https:\/\/tourtravelandmore.com\/fr\/#website\",\"url\":\"https:\/\/tourtravelandmore.com\/fr\/\",\"name\":\"Tour Travel And More\",\"description\":\"Private sightseeing tours and luxury transfers in Spain\",\"publisher\":{\"@id\":\"https:\/\/tourtravelandmore.com\/fr\/#organization\"},\"potentialAction\":[{\"@type\":\"SearchAction\",\"target\":{\"@type\":\"EntryPoint\",\"urlTemplate\":\"https:\/\/tourtravelandmore.com\/fr\/?s={search_term_string}\"},\"query-input\":{\"@type\":\"PropertyValueSpecification\",\"valueRequired\":true,\"valueName\":\"search_term_string\"}}],\"inLanguage\":\"fr-FR\"},{\"@type\":\"Organization\",\"@id\":\"https:\/\/tourtravelandmore.com\/fr\/#organization\",\"name\":\"Tour Travel And More\",\"url\":\"https:\/\/tourtravelandmore.com\/fr\/\",\"logo\":{\"@type\":\"ImageObject\",\"inLanguage\":\"fr-FR\",\"@id\":\"https:\/\/tourtravelandmore.com\/fr\/#\/schema\/logo\/image\/\",\"url\":\"https:\/\/tourtravelandmore.com\/wp-content\/uploads\/2022\/12\/cropped-logo-cabecera-new.png\",\"contentUrl\":\"https:\/\/tourtravelandmore.com\/wp-content\/uploads\/2022\/12\/cropped-logo-cabecera-new.png\",\"width\":430,\"height\":61,\"caption\":\"Tour Travel And More\"},\"image\":{\"@id\":\"https:\/\/tourtravelandmore.com\/fr\/#\/schema\/logo\/image\/\"},\"sameAs\":[\"https:\/\/www.facebook.com\/tourtravelandmore\/\",\"https:\/\/x.com\/TourTravel_More\"]}]}<\/script>\n<!-- \/ Yoast SEO Premium plugin. -->","yoast_head_json":{"title":"Aurores bor\u00e9ales priv\u00e9es de Rovaniemi - Visite priv\u00e9e avec guide et chauffeur","description":"Venez avec nous \u00e0 Rovaniemi et explorez ses paysages \u00e0 la recherche des aurores bor\u00e9ales avec ces aurores bor\u00e9ales priv\u00e9es de Rovaniemi.","robots":{"index":"index","follow":"follow","max-snippet":"max-snippet:-1","max-image-preview":"max-image-preview:large","max-video-preview":"max-video-preview:-1"},"canonical":"https:\/\/tourtravelandmore.com\/fr\/tours\/finlande-fr\/rovaniemi-fr\/aurores-boreales-privees-de-rovaniemi\/","og_locale":"fr_FR","og_type":"article","og_title":"Aurores bor\u00e9ales priv\u00e9es de Rovaniemi","og_description":"Venez avec nous \u00e0 Rovaniemi et explorez ses paysages \u00e0 la recherche des aurores bor\u00e9ales avec ces aurores bor\u00e9ales priv\u00e9es de Rovaniemi.","og_url":"https:\/\/tourtravelandmore.com\/fr\/tours\/finlande-fr\/rovaniemi-fr\/aurores-boreales-privees-de-rovaniemi\/","og_site_name":"Tour Travel And More","article_publisher":"https:\/\/www.facebook.com\/tourtravelandmore\/","article_modified_time":"2021-03-14T19:50:40+00:00","og_image":[{"width":2048,"height":1147,"url":"https:\/\/tourtravelandmore.com\/wp-content\/uploads\/2019\/10\/32369823564_f9aca98793_k.jpg","type":"image\/jpeg"}],"twitter_card":"summary_large_image","twitter_site":"@TourTravel_More","twitter_misc":{"Dur\u00e9e de lecture estim\u00e9e":"2 minutes"},"schema":{"@context":"https:\/\/schema.org","@graph":[{"@type":"WebPage","@id":"https:\/\/tourtravelandmore.com\/fr\/tours\/finlande-fr\/rovaniemi-fr\/aurores-boreales-privees-de-rovaniemi\/","url":"https:\/\/tourtravelandmore.com\/fr\/tours\/finlande-fr\/rovaniemi-fr\/aurores-boreales-privees-de-rovaniemi\/","name":"Aurores bor\u00e9ales priv\u00e9es de Rovaniemi - Visite priv\u00e9e avec guide et chauffeur","isPartOf":{"@id":"https:\/\/tourtravelandmore.com\/fr\/#website"},"primaryImageOfPage":{"@id":"https:\/\/tourtravelandmore.com\/fr\/tours\/finlande-fr\/rovaniemi-fr\/aurores-boreales-privees-de-rovaniemi\/#primaryimage"},"image":{"@id":"https:\/\/tourtravelandmore.com\/fr\/tours\/finlande-fr\/rovaniemi-fr\/aurores-boreales-privees-de-rovaniemi\/#primaryimage"},"thumbnailUrl":"https:\/\/tourtravelandmore.com\/wp-content\/uploads\/2019\/10\/32369823564_f9aca98793_k.jpg","datePublished":"2019-10-10T11:15:32+00:00","dateModified":"2021-03-14T19:50:40+00:00","description":"Venez avec nous \u00e0 Rovaniemi et explorez ses paysages \u00e0 la recherche des aurores bor\u00e9ales avec ces aurores bor\u00e9ales priv\u00e9es de Rovaniemi.","breadcrumb":{"@id":"https:\/\/tourtravelandmore.com\/fr\/tours\/finlande-fr\/rovaniemi-fr\/aurores-boreales-privees-de-rovaniemi\/#breadcrumb"},"inLanguage":"fr-FR","potentialAction":[{"@type":"ReadAction","target":["https:\/\/tourtravelandmore.com\/fr\/tours\/finlande-fr\/rovaniemi-fr\/aurores-boreales-privees-de-rovaniemi\/"]}]},{"@type":"ImageObject","inLanguage":"fr-FR","@id":"https:\/\/tourtravelandmore.com\/fr\/tours\/finlande-fr\/rovaniemi-fr\/aurores-boreales-privees-de-rovaniemi\/#primaryimage","url":"https:\/\/tourtravelandmore.com\/wp-content\/uploads\/2019\/10\/32369823564_f9aca98793_k.jpg","contentUrl":"https:\/\/tourtravelandmore.com\/wp-content\/uploads\/2019\/10\/32369823564_f9aca98793_k.jpg","width":2048,"height":1147,"caption":"OLYMPUS DIGITAL CAMERA"},{"@type":"BreadcrumbList","@id":"https:\/\/tourtravelandmore.com\/fr\/tours\/finlande-fr\/rovaniemi-fr\/aurores-boreales-privees-de-rovaniemi\/#breadcrumb","itemListElement":[{"@type":"ListItem","position":1,"name":"Home","item":"https:\/\/tourtravelandmore.com\/fr\/"},{"@type":"ListItem","position":2,"name":"Tours","item":"https:\/\/tourtravelandmore.com\/fr\/tours\/"},{"@type":"ListItem","position":3,"name":"Aurores bor\u00e9ales priv\u00e9es de Rovaniemi"}]},{"@type":"WebSite","@id":"https:\/\/tourtravelandmore.com\/fr\/#website","url":"https:\/\/tourtravelandmore.com\/fr\/","name":"Tour Travel And More","description":"Private sightseeing tours and luxury transfers in Spain","publisher":{"@id":"https:\/\/tourtravelandmore.com\/fr\/#organization"},"potentialAction":[{"@type":"SearchAction","target":{"@type":"EntryPoint","urlTemplate":"https:\/\/tourtravelandmore.com\/fr\/?s={search_term_string}"},"query-input":{"@type":"PropertyValueSpecification","valueRequired":true,"valueName":"search_term_string"}}],"inLanguage":"fr-FR"},{"@type":"Organization","@id":"https:\/\/tourtravelandmore.com\/fr\/#organization","name":"Tour Travel And More","url":"https:\/\/tourtravelandmore.com\/fr\/","logo":{"@type":"ImageObject","inLanguage":"fr-FR","@id":"https:\/\/tourtravelandmore.com\/fr\/#\/schema\/logo\/image\/","url":"https:\/\/tourtravelandmore.com\/wp-content\/uploads\/2022\/12\/cropped-logo-cabecera-new.png","contentUrl":"https:\/\/tourtravelandmore.com\/wp-content\/uploads\/2022\/12\/cropped-logo-cabecera-new.png","width":430,"height":61,"caption":"Tour Travel And More"},"image":{"@id":"https:\/\/tourtravelandmore.com\/fr\/#\/schema\/logo\/image\/"},"sameAs":["https:\/\/www.facebook.com\/tourtravelandmore\/","https:\/\/x.com\/TourTravel_More"]}]}},"_links":{"self":[{"href":"https:\/\/tourtravelandmore.com\/fr\/wp-json\/wp\/v2\/product\/103160","targetHints":{"allow":["GET"]}}],"collection":[{"href":"https:\/\/tourtravelandmore.com\/fr\/wp-json\/wp\/v2\/product"}],"about":[{"href":"https:\/\/tourtravelandmore.com\/fr\/wp-json\/wp\/v2\/types\/product"}],"replies":[{"embeddable":true,"href":"https:\/\/tourtravelandmore.com\/fr\/wp-json\/wp\/v2\/comments?post=103160"}],"wp:featuredmedia":[{"embeddable":true,"href":"https:\/\/tourtravelandmore.com\/fr\/wp-json\/wp\/v2\/media\/96549"}],"wp:attachment":[{"href":"https:\/\/tourtravelandmore.com\/fr\/wp-json\/wp\/v2\/media?parent=103160"}],"wp:term":[{"taxonomy":"product_brand","embeddable":true,"href":"https:\/\/tourtravelandmore.com\/fr\/wp-json\/wp\/v2\/product_brand?post=103160"},{"taxonomy":"product_cat","embeddable":true,"href":"https:\/\/tourtravelandmore.com\/fr\/wp-json\/wp\/v2\/product_cat?post=103160"},{"taxonomy":"product_tag","embeddable":true,"href":"https:\/\/tourtravelandmore.com\/fr\/wp-json\/wp\/v2\/product_tag?post=103160"}],"curies":[{"name":"wp","href":"https:\/\/api.w.org\/{rel}","templated":true}]}}