{"id":103155,"date":"2019-10-10T13:15:31","date_gmt":"2019-10-10T11:15:31","guid":{"rendered":"https:\/\/tourtravelandmore.com\/tours\/non%20class\u00e9\/visite-privee-de-rovaniemi\/"},"modified":"2021-03-14T20:48:46","modified_gmt":"2021-03-14T19:48:46","slug":"visite-privee-de-rovaniemi","status":"publish","type":"product","link":"https:\/\/tourtravelandmore.com\/fr\/tours\/finlande-fr\/rovaniemi-fr\/visite-privee-de-rovaniemi\/","title":{"rendered":"Visite priv\u00e9e de Rovaniemi"},"content":{"rendered":"<h2>Description<\/h2>\n<p>Venez avec nous et profitez de cette visite priv\u00e9e de Rovaniemi avec votre guide officiel et d\u00e9couvrez les sites les plus embl\u00e9matiques de Rovaniemi. Profitez de cette visite de 4 heures \u00e0 travers Rovaniemi. Un v\u00e9hicule priv\u00e9 avec chauffeur viendra vous chercher \u00e0 votre h\u00f4tel ou lieu de votre choix \u00e0 Rovaniemi. Votre chauffeur priv\u00e9 vous emm\u00e8nera dans cette visite priv\u00e9e pour d\u00e9couvrir le meilleur de Rovaniemi.<\/p>\n<p>Tout d&#8217;abord, laissez-nous organiser une prise en charge priv\u00e9e depuis votre h\u00f4tel ou lieu de votre choix \u00e0 Rovaniemi. Apr\u00e8s la prise en charge, nous commencerons cette visite priv\u00e9e de la ville.<\/p>\n<p>Connu pour son temps incroyablement froid et c\u00e9l\u00e8bre pour le village du P\u00e8re No\u00ebl, plongez-vous dans ce que Rovaniemi a \u00e0 vous offrir! Visitez avec votre guide priv\u00e9 des endroits formidables comme le mus\u00e9e Arktikum, le bureau de poste du P\u00e8re No\u00ebl et bien plus encore!<\/p>\n<p>Enfin, cette visite priv\u00e9e se terminera \u00e0 l&#8217;endroit de votre choix \u00e0 Rovaniemi.<\/p>\n<h2>Sites d&#8217;int\u00e9r\u00eat et monuments<\/h2>\n<p>Tout d&#8217;abord, nous organiserons une prise en charge priv\u00e9e depuis votre h\u00f4tel \u00e0 Rovaniemi. Nous commencerons ensuite cette visite priv\u00e9e de 4 heures pour conna\u00eetre les endroits les plus importants de la ville.<\/p>\n<p>C&#8217;est vraiment un endroit fantastique!<\/p>\n<p>En conclusion, nous vous proposons de nombreux autres monuments et sites que vous pourrez d\u00e9couvrir lors de cette excursion priv\u00e9e.<\/p>\n<p>Ayez une vue sur les sites les plus importants comme:<\/p>\n<ul>\n<li>Mus\u00e9e Arktikum<\/li>\n<li>Mus\u00e9e de la motoneige arctique<\/li>\n<li>Village du P\u00e8re No\u00ebl<\/li>\n<li>Ferme de Husky et de rennes<\/li>\n<li>Village d&#8217;Igluu<\/li>\n<li>Et bien d&#8217;autres endroits dans cette visite priv\u00e9e de Rovaniemi.<\/li>\n<\/ul>\n<p>Jetez un \u0153il \u00e0 nos autres visites priv\u00e9es dans la ville de Rovaniemi. Chez Tour Travel &amp; More, nos experts en voyages sont \u00e0 votre enti\u00e8re disposition pour une visite priv\u00e9e personnalis\u00e9e.<\/p>\n","protected":false},"excerpt":{"rendered":"<p>Profitez de cette visite priv\u00e9e personnalis\u00e9e de 8 heures de Rovaniemi aux c\u00f4t\u00e9s d&#8217;un guide officiel priv\u00e9 dans un v\u00e9hicule de luxe avec chauffeur. Apprenez \u00e0 conna\u00eetre les endroits les plus impressionnants de cette ville nordique et en m\u00eame temps, d\u00e9couvrez sa culture, son histoire et son architecture. Prise en charge et retour de n&#8217;importe o\u00f9 \u00e0 Rovaniemi.<\/p>\n","protected":false},"featured_media":96546,"comment_status":"open","ping_status":"closed","template":"","meta":{"_acf_changed":false},"product_brand":[],"product_cat":[3746,3832],"product_tag":[],"class_list":{"0":"post-103155","1":"product","2":"type-product","3":"status-publish","4":"has-post-thumbnail","6":"product_cat-finlande-fr","7":"product_cat-rovaniemi-fr","9":"first","10":"instock","11":"shipping-taxable","12":"purchasable","13":"product-type-simple"},"acf":[],"yoast_head":"<!-- This site is optimized with the Yoast SEO Premium plugin v25.3.1 (Yoast SEO v25.3.1) - https:\/\/yoast.com\/wordpress\/plugins\/seo\/ -->\n<title>Points forts de la visite priv\u00e9e de Rovaniemi - Visite priv\u00e9e de Rovaniemi<\/title>\n<meta name=\"description\" content=\"Profitez de cette visite priv\u00e9e des lieux les plus int\u00e9ressants de Rovaniemi et profitez de leurs monuments et sites les plus importants avec nos visites enti\u00e8rement personnalis\u00e9es.\" \/>\n<meta name=\"robots\" content=\"index, follow, max-snippet:-1, max-image-preview:large, max-video-preview:-1\" \/>\n<link rel=\"canonical\" href=\"https:\/\/tourtravelandmore.com\/fr\/tours\/finlande-fr\/rovaniemi-fr\/visite-privee-de-rovaniemi\/\" \/>\n<meta property=\"og:locale\" content=\"fr_FR\" \/>\n<meta property=\"og:type\" content=\"article\" \/>\n<meta property=\"og:title\" content=\"Visite priv\u00e9e de Rovaniemi\" \/>\n<meta property=\"og:description\" content=\"Profitez de cette visite priv\u00e9e des lieux les plus int\u00e9ressants de Rovaniemi et profitez de leurs monuments et sites les plus importants avec nos visites enti\u00e8rement personnalis\u00e9es.\" \/>\n<meta property=\"og:url\" content=\"https:\/\/tourtravelandmore.com\/fr\/tours\/finlande-fr\/rovaniemi-fr\/visite-privee-de-rovaniemi\/\" \/>\n<meta property=\"og:site_name\" content=\"Tour Travel And More\" \/>\n<meta property=\"article:publisher\" content=\"https:\/\/www.facebook.com\/tourtravelandmore\/\" \/>\n<meta property=\"article:modified_time\" content=\"2021-03-14T19:48:46+00:00\" \/>\n<meta property=\"og:image\" content=\"https:\/\/tourtravelandmore.com\/wp-content\/uploads\/2019\/10\/Arktikum_and_Northern_Lights-1024x683.jpg\" \/>\n\t<meta property=\"og:image:width\" content=\"1024\" \/>\n\t<meta property=\"og:image:height\" content=\"683\" \/>\n\t<meta property=\"og:image:type\" content=\"image\/jpeg\" \/>\n<meta name=\"twitter:card\" content=\"summary_large_image\" \/>\n<meta name=\"twitter:site\" content=\"@TourTravel_More\" \/>\n<meta name=\"twitter:label1\" content=\"Dur\u00e9e de lecture estim\u00e9e\" \/>\n\t<meta name=\"twitter:data1\" content=\"2 minutes\" \/>\n<script type=\"application\/ld+json\" class=\"yoast-schema-graph\">{\"@context\":\"https:\/\/schema.org\",\"@graph\":[{\"@type\":\"WebPage\",\"@id\":\"https:\/\/tourtravelandmore.com\/fr\/tours\/finlande-fr\/rovaniemi-fr\/visite-privee-de-rovaniemi\/\",\"url\":\"https:\/\/tourtravelandmore.com\/fr\/tours\/finlande-fr\/rovaniemi-fr\/visite-privee-de-rovaniemi\/\",\"name\":\"Points forts de la visite priv\u00e9e de Rovaniemi - Visite priv\u00e9e de Rovaniemi\",\"isPartOf\":{\"@id\":\"https:\/\/tourtravelandmore.com\/fr\/#website\"},\"primaryImageOfPage\":{\"@id\":\"https:\/\/tourtravelandmore.com\/fr\/tours\/finlande-fr\/rovaniemi-fr\/visite-privee-de-rovaniemi\/#primaryimage\"},\"image\":{\"@id\":\"https:\/\/tourtravelandmore.com\/fr\/tours\/finlande-fr\/rovaniemi-fr\/visite-privee-de-rovaniemi\/#primaryimage\"},\"thumbnailUrl\":\"https:\/\/tourtravelandmore.com\/wp-content\/uploads\/2019\/10\/Arktikum_and_Northern_Lights.jpg\",\"datePublished\":\"2019-10-10T11:15:31+00:00\",\"dateModified\":\"2021-03-14T19:48:46+00:00\",\"description\":\"Profitez de cette visite priv\u00e9e des lieux les plus int\u00e9ressants de Rovaniemi et profitez de leurs monuments et sites les plus importants avec nos visites enti\u00e8rement personnalis\u00e9es.\",\"breadcrumb\":{\"@id\":\"https:\/\/tourtravelandmore.com\/fr\/tours\/finlande-fr\/rovaniemi-fr\/visite-privee-de-rovaniemi\/#breadcrumb\"},\"inLanguage\":\"fr-FR\",\"potentialAction\":[{\"@type\":\"ReadAction\",\"target\":[\"https:\/\/tourtravelandmore.com\/fr\/tours\/finlande-fr\/rovaniemi-fr\/visite-privee-de-rovaniemi\/\"]}]},{\"@type\":\"ImageObject\",\"inLanguage\":\"fr-FR\",\"@id\":\"https:\/\/tourtravelandmore.com\/fr\/tours\/finlande-fr\/rovaniemi-fr\/visite-privee-de-rovaniemi\/#primaryimage\",\"url\":\"https:\/\/tourtravelandmore.com\/wp-content\/uploads\/2019\/10\/Arktikum_and_Northern_Lights.jpg\",\"contentUrl\":\"https:\/\/tourtravelandmore.com\/wp-content\/uploads\/2019\/10\/Arktikum_and_Northern_Lights.jpg\",\"width\":4368,\"height\":2912},{\"@type\":\"BreadcrumbList\",\"@id\":\"https:\/\/tourtravelandmore.com\/fr\/tours\/finlande-fr\/rovaniemi-fr\/visite-privee-de-rovaniemi\/#breadcrumb\",\"itemListElement\":[{\"@type\":\"ListItem\",\"position\":1,\"name\":\"Home\",\"item\":\"https:\/\/tourtravelandmore.com\/fr\/\"},{\"@type\":\"ListItem\",\"position\":2,\"name\":\"Tours\",\"item\":\"https:\/\/tourtravelandmore.com\/fr\/tours\/\"},{\"@type\":\"ListItem\",\"position\":3,\"name\":\"Visite priv\u00e9e de Rovaniemi\"}]},{\"@type\":\"WebSite\",\"@id\":\"https:\/\/tourtravelandmore.com\/fr\/#website\",\"url\":\"https:\/\/tourtravelandmore.com\/fr\/\",\"name\":\"Tour Travel And More\",\"description\":\"Private sightseeing tours and luxury transfers in Spain\",\"publisher\":{\"@id\":\"https:\/\/tourtravelandmore.com\/fr\/#organization\"},\"potentialAction\":[{\"@type\":\"SearchAction\",\"target\":{\"@type\":\"EntryPoint\",\"urlTemplate\":\"https:\/\/tourtravelandmore.com\/fr\/?s={search_term_string}\"},\"query-input\":{\"@type\":\"PropertyValueSpecification\",\"valueRequired\":true,\"valueName\":\"search_term_string\"}}],\"inLanguage\":\"fr-FR\"},{\"@type\":\"Organization\",\"@id\":\"https:\/\/tourtravelandmore.com\/fr\/#organization\",\"name\":\"Tour Travel And More\",\"url\":\"https:\/\/tourtravelandmore.com\/fr\/\",\"logo\":{\"@type\":\"ImageObject\",\"inLanguage\":\"fr-FR\",\"@id\":\"https:\/\/tourtravelandmore.com\/fr\/#\/schema\/logo\/image\/\",\"url\":\"https:\/\/tourtravelandmore.com\/wp-content\/uploads\/2022\/12\/cropped-logo-cabecera-new.png\",\"contentUrl\":\"https:\/\/tourtravelandmore.com\/wp-content\/uploads\/2022\/12\/cropped-logo-cabecera-new.png\",\"width\":430,\"height\":61,\"caption\":\"Tour Travel And More\"},\"image\":{\"@id\":\"https:\/\/tourtravelandmore.com\/fr\/#\/schema\/logo\/image\/\"},\"sameAs\":[\"https:\/\/www.facebook.com\/tourtravelandmore\/\",\"https:\/\/x.com\/TourTravel_More\"]}]}<\/script>\n<!-- \/ Yoast SEO Premium plugin. -->","yoast_head_json":{"title":"Points forts de la visite priv\u00e9e de Rovaniemi - Visite priv\u00e9e de Rovaniemi","description":"Profitez de cette visite priv\u00e9e des lieux les plus int\u00e9ressants de Rovaniemi et profitez de leurs monuments et sites les plus importants avec nos visites enti\u00e8rement personnalis\u00e9es.","robots":{"index":"index","follow":"follow","max-snippet":"max-snippet:-1","max-image-preview":"max-image-preview:large","max-video-preview":"max-video-preview:-1"},"canonical":"https:\/\/tourtravelandmore.com\/fr\/tours\/finlande-fr\/rovaniemi-fr\/visite-privee-de-rovaniemi\/","og_locale":"fr_FR","og_type":"article","og_title":"Visite priv\u00e9e de Rovaniemi","og_description":"Profitez de cette visite priv\u00e9e des lieux les plus int\u00e9ressants de Rovaniemi et profitez de leurs monuments et sites les plus importants avec nos visites enti\u00e8rement personnalis\u00e9es.","og_url":"https:\/\/tourtravelandmore.com\/fr\/tours\/finlande-fr\/rovaniemi-fr\/visite-privee-de-rovaniemi\/","og_site_name":"Tour Travel And More","article_publisher":"https:\/\/www.facebook.com\/tourtravelandmore\/","article_modified_time":"2021-03-14T19:48:46+00:00","og_image":[{"width":1024,"height":683,"url":"https:\/\/tourtravelandmore.com\/wp-content\/uploads\/2019\/10\/Arktikum_and_Northern_Lights-1024x683.jpg","type":"image\/jpeg"}],"twitter_card":"summary_large_image","twitter_site":"@TourTravel_More","twitter_misc":{"Dur\u00e9e de lecture estim\u00e9e":"2 minutes"},"schema":{"@context":"https:\/\/schema.org","@graph":[{"@type":"WebPage","@id":"https:\/\/tourtravelandmore.com\/fr\/tours\/finlande-fr\/rovaniemi-fr\/visite-privee-de-rovaniemi\/","url":"https:\/\/tourtravelandmore.com\/fr\/tours\/finlande-fr\/rovaniemi-fr\/visite-privee-de-rovaniemi\/","name":"Points forts de la visite priv\u00e9e de Rovaniemi - Visite priv\u00e9e de Rovaniemi","isPartOf":{"@id":"https:\/\/tourtravelandmore.com\/fr\/#website"},"primaryImageOfPage":{"@id":"https:\/\/tourtravelandmore.com\/fr\/tours\/finlande-fr\/rovaniemi-fr\/visite-privee-de-rovaniemi\/#primaryimage"},"image":{"@id":"https:\/\/tourtravelandmore.com\/fr\/tours\/finlande-fr\/rovaniemi-fr\/visite-privee-de-rovaniemi\/#primaryimage"},"thumbnailUrl":"https:\/\/tourtravelandmore.com\/wp-content\/uploads\/2019\/10\/Arktikum_and_Northern_Lights.jpg","datePublished":"2019-10-10T11:15:31+00:00","dateModified":"2021-03-14T19:48:46+00:00","description":"Profitez de cette visite priv\u00e9e des lieux les plus int\u00e9ressants de Rovaniemi et profitez de leurs monuments et sites les plus importants avec nos visites enti\u00e8rement personnalis\u00e9es.","breadcrumb":{"@id":"https:\/\/tourtravelandmore.com\/fr\/tours\/finlande-fr\/rovaniemi-fr\/visite-privee-de-rovaniemi\/#breadcrumb"},"inLanguage":"fr-FR","potentialAction":[{"@type":"ReadAction","target":["https:\/\/tourtravelandmore.com\/fr\/tours\/finlande-fr\/rovaniemi-fr\/visite-privee-de-rovaniemi\/"]}]},{"@type":"ImageObject","inLanguage":"fr-FR","@id":"https:\/\/tourtravelandmore.com\/fr\/tours\/finlande-fr\/rovaniemi-fr\/visite-privee-de-rovaniemi\/#primaryimage","url":"https:\/\/tourtravelandmore.com\/wp-content\/uploads\/2019\/10\/Arktikum_and_Northern_Lights.jpg","contentUrl":"https:\/\/tourtravelandmore.com\/wp-content\/uploads\/2019\/10\/Arktikum_and_Northern_Lights.jpg","width":4368,"height":2912},{"@type":"BreadcrumbList","@id":"https:\/\/tourtravelandmore.com\/fr\/tours\/finlande-fr\/rovaniemi-fr\/visite-privee-de-rovaniemi\/#breadcrumb","itemListElement":[{"@type":"ListItem","position":1,"name":"Home","item":"https:\/\/tourtravelandmore.com\/fr\/"},{"@type":"ListItem","position":2,"name":"Tours","item":"https:\/\/tourtravelandmore.com\/fr\/tours\/"},{"@type":"ListItem","position":3,"name":"Visite priv\u00e9e de Rovaniemi"}]},{"@type":"WebSite","@id":"https:\/\/tourtravelandmore.com\/fr\/#website","url":"https:\/\/tourtravelandmore.com\/fr\/","name":"Tour Travel And More","description":"Private sightseeing tours and luxury transfers in Spain","publisher":{"@id":"https:\/\/tourtravelandmore.com\/fr\/#organization"},"potentialAction":[{"@type":"SearchAction","target":{"@type":"EntryPoint","urlTemplate":"https:\/\/tourtravelandmore.com\/fr\/?s={search_term_string}"},"query-input":{"@type":"PropertyValueSpecification","valueRequired":true,"valueName":"search_term_string"}}],"inLanguage":"fr-FR"},{"@type":"Organization","@id":"https:\/\/tourtravelandmore.com\/fr\/#organization","name":"Tour Travel And More","url":"https:\/\/tourtravelandmore.com\/fr\/","logo":{"@type":"ImageObject","inLanguage":"fr-FR","@id":"https:\/\/tourtravelandmore.com\/fr\/#\/schema\/logo\/image\/","url":"https:\/\/tourtravelandmore.com\/wp-content\/uploads\/2022\/12\/cropped-logo-cabecera-new.png","contentUrl":"https:\/\/tourtravelandmore.com\/wp-content\/uploads\/2022\/12\/cropped-logo-cabecera-new.png","width":430,"height":61,"caption":"Tour Travel And More"},"image":{"@id":"https:\/\/tourtravelandmore.com\/fr\/#\/schema\/logo\/image\/"},"sameAs":["https:\/\/www.facebook.com\/tourtravelandmore\/","https:\/\/x.com\/TourTravel_More"]}]}},"_links":{"self":[{"href":"https:\/\/tourtravelandmore.com\/fr\/wp-json\/wp\/v2\/product\/103155","targetHints":{"allow":["GET"]}}],"collection":[{"href":"https:\/\/tourtravelandmore.com\/fr\/wp-json\/wp\/v2\/product"}],"about":[{"href":"https:\/\/tourtravelandmore.com\/fr\/wp-json\/wp\/v2\/types\/product"}],"replies":[{"embeddable":true,"href":"https:\/\/tourtravelandmore.com\/fr\/wp-json\/wp\/v2\/comments?post=103155"}],"wp:featuredmedia":[{"embeddable":true,"href":"https:\/\/tourtravelandmore.com\/fr\/wp-json\/wp\/v2\/media\/96546"}],"wp:attachment":[{"href":"https:\/\/tourtravelandmore.com\/fr\/wp-json\/wp\/v2\/media?parent=103155"}],"wp:term":[{"taxonomy":"product_brand","embeddable":true,"href":"https:\/\/tourtravelandmore.com\/fr\/wp-json\/wp\/v2\/product_brand?post=103155"},{"taxonomy":"product_cat","embeddable":true,"href":"https:\/\/tourtravelandmore.com\/fr\/wp-json\/wp\/v2\/product_cat?post=103155"},{"taxonomy":"product_tag","embeddable":true,"href":"https:\/\/tourtravelandmore.com\/fr\/wp-json\/wp\/v2\/product_tag?post=103155"}],"curies":[{"name":"wp","href":"https:\/\/api.w.org\/{rel}","templated":true}]}}