{"id":103150,"date":"2019-10-10T13:15:29","date_gmt":"2019-10-10T11:15:29","guid":{"rendered":"https:\/\/tourtravelandmore.com\/tours\/non%20class\u00e9\/village-prive-du-pere-noel-et-rovaniemi\/"},"modified":"2021-03-14T20:47:04","modified_gmt":"2021-03-14T19:47:04","slug":"village-prive-du-pere-noel-et-rovaniemi","status":"publish","type":"product","link":"https:\/\/tourtravelandmore.com\/fr\/tours\/finlande-fr\/rovaniemi-fr\/village-prive-du-pere-noel-et-rovaniemi\/","title":{"rendered":"Village priv\u00e9 du P\u00e8re No\u00ebl et Rovaniemi"},"content":{"rendered":"<h2>Description<\/h2>\n<p>Profitez de ce village priv\u00e9 du P\u00e8re No\u00ebl et de Rovaniemi dans la ville de Rovaniemi aux c\u00f4t\u00e9s de votre guide officiel priv\u00e9 et d\u00e9couvrez le meilleur de ce que Rovaniemi a \u00e0 offrir lors de cette visite priv\u00e9e.<\/p>\n<p>Tout d&#8217;abord, nous nous rencontrerons en un point central de la ville de Rovaniemi. De l\u00e0, nous viserons et arriverons au village du P\u00e8re No\u00ebl.<\/p>\n<p>Au Village du P\u00e8re No\u00ebl, nous d\u00e9couvrirons le bureau de poste du P\u00e8re No\u00ebl et r\u00e9aliserons comment le service de livraison de No\u00ebl est g\u00e9r\u00e9 par la famille Claus.<\/p>\n<p>Apr\u00e8s une petite pause dans l&#8217;un de ses buffets de style finlandais au Village du P\u00e8re No\u00ebl, nous marcherons jusqu&#8217;\u00e0 notre dernier arr\u00eat \u00e0 l&#8217;Arctic Snow Hotel.<\/p>\n<p>Au Snowhotel, votre guide vous efforcera de visiter tous les recoins du village d&#8217;Igloo. Par exemple, comme le bar de glace, le restaurant de glace et la chapelle de glace.<\/p>\n<p>Il existe de nombreux autres endroits o\u00f9 votre guide priv\u00e9 peut vous aider \u00e0 explorer. M\u00eame les endroits les plus embl\u00e9matiques et impressionnants de Rovaniemi, o\u00f9 vous pouvez prendre les meilleures photos quand et o\u00f9 vous le souhaitez lors de votre visite priv\u00e9e. Les sites et le point de rencontre de cette visite sont enti\u00e8rement personnalisables. Veuillez nous contacter pour organiser la visite en fonction de vos besoins personnels.<\/p>\n<h2>Sites d&#8217;int\u00e9r\u00eat et monuments<\/h2>\n<p>Lors de votre visite priv\u00e9e, vous d\u00e9couvrirez certains des endroits les plus reconnus de Rovaniemi. Vous serez t\u00e9moin de sa beaut\u00e9 architecturale unique ainsi que de ses magnifiques paysages de neige.<\/p>\n<p>Vous visiterez l&#8217;\u00e9glise de Rovaniemi et visiterez le point culminant des attractions du village du P\u00e8re No\u00ebl. Nous couvrirons \u00e9galement dans cette visite le Snowhotel avec le village Igloo.<\/p>\n<p>Ce village priv\u00e9 du P\u00e8re No\u00ebl et Rovaniemi est enti\u00e8rement personnalisable. Veuillez nous contacter \u00e0 Tour Travel &amp; More pour rendre votre exp\u00e9rience unique et vous aider \u00e0 organiser votre visite priv\u00e9e. Nous vous fournissons dans cette visite un v\u00e9hicule de luxe priv\u00e9 avec chauffeur priv\u00e9 pour visiter toutes les attractions et monuments tout au long de la visite.<\/p>\n<p>Admirez les autres visites priv\u00e9es de cet \u00e9tonnant village du P\u00e8re No\u00ebl.<\/p>\n","protected":false},"excerpt":{"rendered":"<p>Rejoignez-nous pour cette visite priv\u00e9e de 6 heures de Rovaniemi et de la ville du P\u00e8re No\u00ebl. Profitez de cette occasion pour admirer et profiter de tout ce que Rovaniemi a \u00e0 offrir aux c\u00f4t\u00e9s de votre guide et chauffeur officiel priv\u00e9. Profitez des monuments et quartiers les plus embl\u00e9matiques de cette ville fantastique.<\/p>\n","protected":false},"featured_media":96542,"comment_status":"open","ping_status":"closed","template":"","meta":{"_acf_changed":false},"product_brand":[],"product_cat":[3746,3832],"product_tag":[],"class_list":{"0":"post-103150","1":"product","2":"type-product","3":"status-publish","4":"has-post-thumbnail","6":"product_cat-finlande-fr","7":"product_cat-rovaniemi-fr","9":"first","10":"instock","11":"shipping-taxable","12":"purchasable","13":"product-type-simple"},"acf":[],"yoast_head":"<!-- This site is optimized with the Yoast SEO Premium plugin v25.3.1 (Yoast SEO v25.3.1) - https:\/\/yoast.com\/wordpress\/plugins\/seo\/ -->\n<title>Village priv\u00e9 du P\u00e8re No\u00ebl et Rovaniemi - ROVANIEMI TOUR<\/title>\n<meta name=\"description\" content=\"Profitez de ce village priv\u00e9 du P\u00e8re No\u00ebl enti\u00e8rement personnalis\u00e9 et de Rovaniemi et profitez de leurs monuments et sites les plus importants.\" \/>\n<meta name=\"robots\" content=\"index, follow, max-snippet:-1, max-image-preview:large, max-video-preview:-1\" \/>\n<link rel=\"canonical\" href=\"https:\/\/tourtravelandmore.com\/fr\/tours\/finlande-fr\/rovaniemi-fr\/village-prive-du-pere-noel-et-rovaniemi\/\" \/>\n<meta property=\"og:locale\" content=\"fr_FR\" \/>\n<meta property=\"og:type\" content=\"article\" \/>\n<meta property=\"og:title\" content=\"Village priv\u00e9 du P\u00e8re No\u00ebl et Rovaniemi\" \/>\n<meta property=\"og:description\" content=\"Profitez de ce village priv\u00e9 du P\u00e8re No\u00ebl enti\u00e8rement personnalis\u00e9 et de Rovaniemi et profitez de leurs monuments et sites les plus importants.\" \/>\n<meta property=\"og:url\" content=\"https:\/\/tourtravelandmore.com\/fr\/tours\/finlande-fr\/rovaniemi-fr\/village-prive-du-pere-noel-et-rovaniemi\/\" \/>\n<meta property=\"og:site_name\" content=\"Tour Travel And More\" \/>\n<meta property=\"article:publisher\" content=\"https:\/\/www.facebook.com\/tourtravelandmore\/\" \/>\n<meta property=\"article:modified_time\" content=\"2021-03-14T19:47:04+00:00\" \/>\n<meta property=\"og:image\" content=\"https:\/\/tourtravelandmore.com\/wp-content\/uploads\/2019\/10\/Center_of_Rovaniemi.jpg\" \/>\n\t<meta property=\"og:image:width\" content=\"640\" \/>\n\t<meta property=\"og:image:height\" content=\"429\" \/>\n\t<meta property=\"og:image:type\" content=\"image\/jpeg\" \/>\n<meta name=\"twitter:card\" content=\"summary_large_image\" \/>\n<meta name=\"twitter:site\" content=\"@TourTravel_More\" \/>\n<meta name=\"twitter:label1\" content=\"Dur\u00e9e de lecture estim\u00e9e\" \/>\n\t<meta name=\"twitter:data1\" content=\"2 minutes\" \/>\n<script type=\"application\/ld+json\" class=\"yoast-schema-graph\">{\"@context\":\"https:\/\/schema.org\",\"@graph\":[{\"@type\":\"WebPage\",\"@id\":\"https:\/\/tourtravelandmore.com\/fr\/tours\/finlande-fr\/rovaniemi-fr\/village-prive-du-pere-noel-et-rovaniemi\/\",\"url\":\"https:\/\/tourtravelandmore.com\/fr\/tours\/finlande-fr\/rovaniemi-fr\/village-prive-du-pere-noel-et-rovaniemi\/\",\"name\":\"Village priv\u00e9 du P\u00e8re No\u00ebl et Rovaniemi - ROVANIEMI TOUR\",\"isPartOf\":{\"@id\":\"https:\/\/tourtravelandmore.com\/fr\/#website\"},\"primaryImageOfPage\":{\"@id\":\"https:\/\/tourtravelandmore.com\/fr\/tours\/finlande-fr\/rovaniemi-fr\/village-prive-du-pere-noel-et-rovaniemi\/#primaryimage\"},\"image\":{\"@id\":\"https:\/\/tourtravelandmore.com\/fr\/tours\/finlande-fr\/rovaniemi-fr\/village-prive-du-pere-noel-et-rovaniemi\/#primaryimage\"},\"thumbnailUrl\":\"https:\/\/tourtravelandmore.com\/wp-content\/uploads\/2019\/10\/Center_of_Rovaniemi.jpg\",\"datePublished\":\"2019-10-10T11:15:29+00:00\",\"dateModified\":\"2021-03-14T19:47:04+00:00\",\"description\":\"Profitez de ce village priv\u00e9 du P\u00e8re No\u00ebl enti\u00e8rement personnalis\u00e9 et de Rovaniemi et profitez de leurs monuments et sites les plus importants.\",\"breadcrumb\":{\"@id\":\"https:\/\/tourtravelandmore.com\/fr\/tours\/finlande-fr\/rovaniemi-fr\/village-prive-du-pere-noel-et-rovaniemi\/#breadcrumb\"},\"inLanguage\":\"fr-FR\",\"potentialAction\":[{\"@type\":\"ReadAction\",\"target\":[\"https:\/\/tourtravelandmore.com\/fr\/tours\/finlande-fr\/rovaniemi-fr\/village-prive-du-pere-noel-et-rovaniemi\/\"]}]},{\"@type\":\"ImageObject\",\"inLanguage\":\"fr-FR\",\"@id\":\"https:\/\/tourtravelandmore.com\/fr\/tours\/finlande-fr\/rovaniemi-fr\/village-prive-du-pere-noel-et-rovaniemi\/#primaryimage\",\"url\":\"https:\/\/tourtravelandmore.com\/wp-content\/uploads\/2019\/10\/Center_of_Rovaniemi.jpg\",\"contentUrl\":\"https:\/\/tourtravelandmore.com\/wp-content\/uploads\/2019\/10\/Center_of_Rovaniemi.jpg\",\"width\":640,\"height\":429},{\"@type\":\"BreadcrumbList\",\"@id\":\"https:\/\/tourtravelandmore.com\/fr\/tours\/finlande-fr\/rovaniemi-fr\/village-prive-du-pere-noel-et-rovaniemi\/#breadcrumb\",\"itemListElement\":[{\"@type\":\"ListItem\",\"position\":1,\"name\":\"Home\",\"item\":\"https:\/\/tourtravelandmore.com\/fr\/\"},{\"@type\":\"ListItem\",\"position\":2,\"name\":\"Tours\",\"item\":\"https:\/\/tourtravelandmore.com\/fr\/tours\/\"},{\"@type\":\"ListItem\",\"position\":3,\"name\":\"Village priv\u00e9 du P\u00e8re No\u00ebl et Rovaniemi\"}]},{\"@type\":\"WebSite\",\"@id\":\"https:\/\/tourtravelandmore.com\/fr\/#website\",\"url\":\"https:\/\/tourtravelandmore.com\/fr\/\",\"name\":\"Tour Travel And More\",\"description\":\"Private sightseeing tours and luxury transfers in Spain\",\"publisher\":{\"@id\":\"https:\/\/tourtravelandmore.com\/fr\/#organization\"},\"potentialAction\":[{\"@type\":\"SearchAction\",\"target\":{\"@type\":\"EntryPoint\",\"urlTemplate\":\"https:\/\/tourtravelandmore.com\/fr\/?s={search_term_string}\"},\"query-input\":{\"@type\":\"PropertyValueSpecification\",\"valueRequired\":true,\"valueName\":\"search_term_string\"}}],\"inLanguage\":\"fr-FR\"},{\"@type\":\"Organization\",\"@id\":\"https:\/\/tourtravelandmore.com\/fr\/#organization\",\"name\":\"Tour Travel And More\",\"url\":\"https:\/\/tourtravelandmore.com\/fr\/\",\"logo\":{\"@type\":\"ImageObject\",\"inLanguage\":\"fr-FR\",\"@id\":\"https:\/\/tourtravelandmore.com\/fr\/#\/schema\/logo\/image\/\",\"url\":\"https:\/\/tourtravelandmore.com\/wp-content\/uploads\/2022\/12\/cropped-logo-cabecera-new.png\",\"contentUrl\":\"https:\/\/tourtravelandmore.com\/wp-content\/uploads\/2022\/12\/cropped-logo-cabecera-new.png\",\"width\":430,\"height\":61,\"caption\":\"Tour Travel And More\"},\"image\":{\"@id\":\"https:\/\/tourtravelandmore.com\/fr\/#\/schema\/logo\/image\/\"},\"sameAs\":[\"https:\/\/www.facebook.com\/tourtravelandmore\/\",\"https:\/\/x.com\/TourTravel_More\"]}]}<\/script>\n<!-- \/ Yoast SEO Premium plugin. -->","yoast_head_json":{"title":"Village priv\u00e9 du P\u00e8re No\u00ebl et Rovaniemi - ROVANIEMI TOUR","description":"Profitez de ce village priv\u00e9 du P\u00e8re No\u00ebl enti\u00e8rement personnalis\u00e9 et de Rovaniemi et profitez de leurs monuments et sites les plus importants.","robots":{"index":"index","follow":"follow","max-snippet":"max-snippet:-1","max-image-preview":"max-image-preview:large","max-video-preview":"max-video-preview:-1"},"canonical":"https:\/\/tourtravelandmore.com\/fr\/tours\/finlande-fr\/rovaniemi-fr\/village-prive-du-pere-noel-et-rovaniemi\/","og_locale":"fr_FR","og_type":"article","og_title":"Village priv\u00e9 du P\u00e8re No\u00ebl et Rovaniemi","og_description":"Profitez de ce village priv\u00e9 du P\u00e8re No\u00ebl enti\u00e8rement personnalis\u00e9 et de Rovaniemi et profitez de leurs monuments et sites les plus importants.","og_url":"https:\/\/tourtravelandmore.com\/fr\/tours\/finlande-fr\/rovaniemi-fr\/village-prive-du-pere-noel-et-rovaniemi\/","og_site_name":"Tour Travel And More","article_publisher":"https:\/\/www.facebook.com\/tourtravelandmore\/","article_modified_time":"2021-03-14T19:47:04+00:00","og_image":[{"width":640,"height":429,"url":"https:\/\/tourtravelandmore.com\/wp-content\/uploads\/2019\/10\/Center_of_Rovaniemi.jpg","type":"image\/jpeg"}],"twitter_card":"summary_large_image","twitter_site":"@TourTravel_More","twitter_misc":{"Dur\u00e9e de lecture estim\u00e9e":"2 minutes"},"schema":{"@context":"https:\/\/schema.org","@graph":[{"@type":"WebPage","@id":"https:\/\/tourtravelandmore.com\/fr\/tours\/finlande-fr\/rovaniemi-fr\/village-prive-du-pere-noel-et-rovaniemi\/","url":"https:\/\/tourtravelandmore.com\/fr\/tours\/finlande-fr\/rovaniemi-fr\/village-prive-du-pere-noel-et-rovaniemi\/","name":"Village priv\u00e9 du P\u00e8re No\u00ebl et Rovaniemi - ROVANIEMI TOUR","isPartOf":{"@id":"https:\/\/tourtravelandmore.com\/fr\/#website"},"primaryImageOfPage":{"@id":"https:\/\/tourtravelandmore.com\/fr\/tours\/finlande-fr\/rovaniemi-fr\/village-prive-du-pere-noel-et-rovaniemi\/#primaryimage"},"image":{"@id":"https:\/\/tourtravelandmore.com\/fr\/tours\/finlande-fr\/rovaniemi-fr\/village-prive-du-pere-noel-et-rovaniemi\/#primaryimage"},"thumbnailUrl":"https:\/\/tourtravelandmore.com\/wp-content\/uploads\/2019\/10\/Center_of_Rovaniemi.jpg","datePublished":"2019-10-10T11:15:29+00:00","dateModified":"2021-03-14T19:47:04+00:00","description":"Profitez de ce village priv\u00e9 du P\u00e8re No\u00ebl enti\u00e8rement personnalis\u00e9 et de Rovaniemi et profitez de leurs monuments et sites les plus importants.","breadcrumb":{"@id":"https:\/\/tourtravelandmore.com\/fr\/tours\/finlande-fr\/rovaniemi-fr\/village-prive-du-pere-noel-et-rovaniemi\/#breadcrumb"},"inLanguage":"fr-FR","potentialAction":[{"@type":"ReadAction","target":["https:\/\/tourtravelandmore.com\/fr\/tours\/finlande-fr\/rovaniemi-fr\/village-prive-du-pere-noel-et-rovaniemi\/"]}]},{"@type":"ImageObject","inLanguage":"fr-FR","@id":"https:\/\/tourtravelandmore.com\/fr\/tours\/finlande-fr\/rovaniemi-fr\/village-prive-du-pere-noel-et-rovaniemi\/#primaryimage","url":"https:\/\/tourtravelandmore.com\/wp-content\/uploads\/2019\/10\/Center_of_Rovaniemi.jpg","contentUrl":"https:\/\/tourtravelandmore.com\/wp-content\/uploads\/2019\/10\/Center_of_Rovaniemi.jpg","width":640,"height":429},{"@type":"BreadcrumbList","@id":"https:\/\/tourtravelandmore.com\/fr\/tours\/finlande-fr\/rovaniemi-fr\/village-prive-du-pere-noel-et-rovaniemi\/#breadcrumb","itemListElement":[{"@type":"ListItem","position":1,"name":"Home","item":"https:\/\/tourtravelandmore.com\/fr\/"},{"@type":"ListItem","position":2,"name":"Tours","item":"https:\/\/tourtravelandmore.com\/fr\/tours\/"},{"@type":"ListItem","position":3,"name":"Village priv\u00e9 du P\u00e8re No\u00ebl et Rovaniemi"}]},{"@type":"WebSite","@id":"https:\/\/tourtravelandmore.com\/fr\/#website","url":"https:\/\/tourtravelandmore.com\/fr\/","name":"Tour Travel And More","description":"Private sightseeing tours and luxury transfers in Spain","publisher":{"@id":"https:\/\/tourtravelandmore.com\/fr\/#organization"},"potentialAction":[{"@type":"SearchAction","target":{"@type":"EntryPoint","urlTemplate":"https:\/\/tourtravelandmore.com\/fr\/?s={search_term_string}"},"query-input":{"@type":"PropertyValueSpecification","valueRequired":true,"valueName":"search_term_string"}}],"inLanguage":"fr-FR"},{"@type":"Organization","@id":"https:\/\/tourtravelandmore.com\/fr\/#organization","name":"Tour Travel And More","url":"https:\/\/tourtravelandmore.com\/fr\/","logo":{"@type":"ImageObject","inLanguage":"fr-FR","@id":"https:\/\/tourtravelandmore.com\/fr\/#\/schema\/logo\/image\/","url":"https:\/\/tourtravelandmore.com\/wp-content\/uploads\/2022\/12\/cropped-logo-cabecera-new.png","contentUrl":"https:\/\/tourtravelandmore.com\/wp-content\/uploads\/2022\/12\/cropped-logo-cabecera-new.png","width":430,"height":61,"caption":"Tour Travel And More"},"image":{"@id":"https:\/\/tourtravelandmore.com\/fr\/#\/schema\/logo\/image\/"},"sameAs":["https:\/\/www.facebook.com\/tourtravelandmore\/","https:\/\/x.com\/TourTravel_More"]}]}},"_links":{"self":[{"href":"https:\/\/tourtravelandmore.com\/fr\/wp-json\/wp\/v2\/product\/103150","targetHints":{"allow":["GET"]}}],"collection":[{"href":"https:\/\/tourtravelandmore.com\/fr\/wp-json\/wp\/v2\/product"}],"about":[{"href":"https:\/\/tourtravelandmore.com\/fr\/wp-json\/wp\/v2\/types\/product"}],"replies":[{"embeddable":true,"href":"https:\/\/tourtravelandmore.com\/fr\/wp-json\/wp\/v2\/comments?post=103150"}],"wp:featuredmedia":[{"embeddable":true,"href":"https:\/\/tourtravelandmore.com\/fr\/wp-json\/wp\/v2\/media\/96542"}],"wp:attachment":[{"href":"https:\/\/tourtravelandmore.com\/fr\/wp-json\/wp\/v2\/media?parent=103150"}],"wp:term":[{"taxonomy":"product_brand","embeddable":true,"href":"https:\/\/tourtravelandmore.com\/fr\/wp-json\/wp\/v2\/product_brand?post=103150"},{"taxonomy":"product_cat","embeddable":true,"href":"https:\/\/tourtravelandmore.com\/fr\/wp-json\/wp\/v2\/product_cat?post=103150"},{"taxonomy":"product_tag","embeddable":true,"href":"https:\/\/tourtravelandmore.com\/fr\/wp-json\/wp\/v2\/product_tag?post=103150"}],"curies":[{"name":"wp","href":"https:\/\/api.w.org\/{rel}","templated":true}]}}