{"id":103142,"date":"2019-10-15T09:50:16","date_gmt":"2019-10-15T07:50:16","guid":{"rendered":"https:\/\/tourtravelandmore.com\/tours\/non%20class\u00e9\/visite-privee-a-pied-de-copenhague\/"},"modified":"2024-02-28T16:49:13","modified_gmt":"2024-02-28T15:49:13","slug":"visite-privee-a-pied-de-copenhague","status":"publish","type":"product","link":"https:\/\/tourtravelandmore.com\/fr\/tours\/danemark-fr\/copenhague-fr\/all-private-tours-activities-fr-9\/visite-privee-a-pied-de-copenhague\/","title":{"rendered":"Visite priv\u00e9e \u00e0 pied de Copenhague"},"content":{"rendered":"<h2>Description de la visite priv\u00e9e \u00e0 pied de Copenhague<\/h2>\n<p>Profitez de cette <strong>visite priv\u00e9e \u00e0 pied de Copenhague<\/strong> en compagnie de votre guide officiel priv\u00e9 et d\u00e9couvrez le meilleur de ce que <a href=\"https:\/\/es.wikipedia.org\/wiki\/Copenhague\"><strong>Copenhague<\/strong> <\/a>a \u00e0 offrir. Cette visite se concentre sur le quartier de Frederiksstaden.<\/p>\n<p><strong>Copenhague<\/strong>, la capitale du <strong>Danemark<\/strong>, est situ\u00e9e sur les \u00eeles offshore de <strong>Zealand<\/strong> et <strong>Amager<\/strong>. Elle est reli\u00e9e \u00e0 <strong>Malm\u00f6<\/strong>, dans le sud de la <strong>Su\u00e8de<\/strong>, par le pont de <strong>l&#8217;\u00d6resund<\/strong>. Dans Indre By, le centre historique de la ville, se trouve <strong>Frederiksstaden<\/strong>, un quartier raffin\u00e9 du XVIIIe si\u00e8cle, qui abrite le <strong>palais Amalienborg<\/strong> de la famille royale. \u00c0 proximit\u00e9 se trouvent le palais de Christiansborg et <strong>le ch\u00e2teau de Rosenborg<\/strong>, de <strong>style Renaissance<\/strong>, entour\u00e9 de jardins, qui abrite les joyaux de la couronne.<\/p>\n<p>Ce circuit est enti\u00e8rement personnalisable. Vous pouvez adapter tout<br \/>\nes nos visites \u00e0 <strong>Copenhague<\/strong> \u00e0 vos propres int\u00e9r\u00eats en nous contactant simplement. C&#8217;est pourquoi cette visite priv\u00e9e \u00e0 pied de Copenhague est parfaite pour vous !<\/p>\n<p>Chez <strong>Tour Travel &amp; More<\/strong>, nous offrons un service enti\u00e8rement personnalisable o\u00f9 vous pouvez choisir la dur\u00e9e de cette visite, qui peut \u00eatre de <strong>2, 4 ou 6 heures<\/strong> <strong>!<\/strong><\/p>\n<h2>Sites d&#8217;int\u00e9r\u00eat et monuments<\/h2>\n<p>Au cours de votre <strong>visite priv\u00e9e \u00e0 pied de Copenhague<\/strong>, vous d\u00e9couvrirez certains des sites les plus reconnaissables de la ville.<\/p>\n<p>Tout d&#8217;abord, nous nous retrouverons \u00e0 un point central de <strong>Frederiksstaden<\/strong>, sans doute le <strong>palais d&#8217;Amalienborg<\/strong>. L&#8217;heure de d\u00e9part de la visite peut \u00eatre choisie par vous, car il s&#8217;agit d&#8217;une visite personnalis\u00e9e.<\/p>\n<p>Au cours de cette visite, nous visiterons les monuments et les sites les plus c\u00e9l\u00e8bres de la ville.<\/p>\n<p>Ensuite, nous nous rendrons \u00e0 pied \u00e0 l&#8217;un des jardins les plus populaires de la ville, le <strong>paradis d&#8217;Amalie<\/strong>, \u00e9galement connu sous le nom de <strong>jardin d&#8217;Amalie<\/strong>, qui est situ\u00e9 dans le quartier central de <strong>Frederiksstaden<\/strong> \u00e0 <strong>Copenhague<\/strong>.<\/p>\n<p>De l\u00e0, nous nous rendrons \u00e0 <strong>Nyhavn<\/strong>, un quartier de divertissement populaire de la ville de <strong>Copenhague<\/strong>.<\/p>\n<p>Apr\u00e8s une courte pause dans l&#8217;un de ses restaurants, nous nous rendrons \u00e0 pied \u00e0 l&#8217;\u00e9glise <strong>Frederick<\/strong>, \u00e0 <strong>l&#8217;\u00e9glise Alexander<\/strong> <strong>Nevsky<\/strong>, au mus\u00e9e m\u00e9dical et \u00e0 l&#8217;impressionnante <strong>fortification Kastellet<\/strong>, bien pr\u00e9serv\u00e9e.<\/p>\n<p>Nous visiterons la statue de la Petite Sir\u00e8ne, le meilleur mus\u00e9e d&#8217;art d\u00e9coratif et appliqu\u00e9<strong> Kunstindustrimuseet, la place Kongens Nytorv et le palais baroque n\u00e9erlandais de Charlottenborg.<\/strong><\/p>\n<p>Enfin, terminez cette visite priv\u00e9e \u00e0 pied dans le centre-ville de Copenhague.<\/p>\n<p><a href=\"https:\/\/tourtravelandmore.com\/fr\/city\/danemark-fr\/copenhague-fr\/#shop\/\">D\u00e9couvrez nos visites priv\u00e9es \u00e0 Copenhague.<\/a><\/p>\n","protected":false},"excerpt":{"rendered":"<p>Passez un bon moment avec cette<strong> visite priv\u00e9e enti\u00e8rement personnalis\u00e9e de 2, 4 o 6 heures dans les rues de Copenhague<\/strong>, o\u00f9 vous pourrez admirer la beaut\u00e9 urbaine de ses rues, monuments et b\u00e2timents les plus importants. En cours de route, votre guide officiel priv\u00e9 vous conduira \u00e0 la d\u00e9couverte de la beaut\u00e9 offerte par la ville et ses b\u00e2timents m\u00e9di\u00e9vaux, tels que le palais d&#8217;Amalienborg, Amaliehaven, Nyhavn et bien d&#8217;autres sites.<\/p>\n<p>&nbsp;<\/p>\n","protected":false},"featured_media":96578,"comment_status":"open","ping_status":"closed","template":"","meta":{"_acf_changed":false},"product_brand":[],"product_cat":[5045,3748,3757,4213],"product_tag":[],"class_list":{"0":"post-103142","1":"product","2":"type-product","3":"status-publish","4":"has-post-thumbnail","6":"product_cat-private-walking-tours-fr-11","7":"product_cat-danemark-fr","8":"product_cat-copenhague-fr","9":"product_cat-all-private-tours-activities-fr-9","11":"first","12":"instock","13":"shipping-taxable","14":"purchasable","15":"product-type-simple"},"acf":[],"yoast_head":"<!-- This site is optimized with the Yoast SEO Premium plugin v25.3.1 (Yoast SEO v25.3.1) - https:\/\/yoast.com\/wordpress\/plugins\/seo\/ -->\n<title>Visite priv\u00e9e \u00e0 pied de Copenhague - Guide touristique officiel priv\u00e9 | TTM<\/title>\n<meta name=\"description\" content=\"Explorez Copenhague avec cette visite priv\u00e9e \u00e0 pied de Copenhague avec un guide local et d\u00e9couvrez certains de ses endroits les plus reconnus.\" \/>\n<meta name=\"robots\" content=\"index, follow, max-snippet:-1, max-image-preview:large, max-video-preview:-1\" \/>\n<link rel=\"canonical\" href=\"https:\/\/tourtravelandmore.com\/fr\/tours\/danemark-fr\/copenhague-fr\/all-private-tours-activities-fr-9\/visite-privee-a-pied-de-copenhague\/\" \/>\n<meta property=\"og:locale\" content=\"fr_FR\" \/>\n<meta property=\"og:type\" content=\"article\" \/>\n<meta property=\"og:title\" content=\"Visite priv\u00e9e \u00e0 pied de Copenhague\" \/>\n<meta property=\"og:description\" content=\"Explorez Copenhague avec cette visite priv\u00e9e \u00e0 pied de Copenhague avec un guide local et d\u00e9couvrez certains de ses endroits les plus reconnus.\" \/>\n<meta property=\"og:url\" content=\"https:\/\/tourtravelandmore.com\/fr\/tours\/danemark-fr\/copenhague-fr\/all-private-tours-activities-fr-9\/visite-privee-a-pied-de-copenhague\/\" \/>\n<meta property=\"og:site_name\" content=\"Tour Travel And More\" \/>\n<meta property=\"article:publisher\" content=\"https:\/\/www.facebook.com\/tourtravelandmore\/\" \/>\n<meta property=\"article:modified_time\" content=\"2024-02-28T15:49:13+00:00\" \/>\n<meta property=\"og:image\" content=\"https:\/\/tourtravelandmore.com\/wp-content\/uploads\/2019\/10\/2018_-_Nyhavn_on_sunset-1024x664.jpg\" \/>\n\t<meta property=\"og:image:width\" content=\"1024\" \/>\n\t<meta property=\"og:image:height\" content=\"664\" \/>\n\t<meta property=\"og:image:type\" content=\"image\/jpeg\" \/>\n<meta name=\"twitter:card\" content=\"summary_large_image\" \/>\n<meta name=\"twitter:site\" content=\"@TourTravel_More\" \/>\n<meta name=\"twitter:label1\" content=\"Dur\u00e9e de lecture estim\u00e9e\" \/>\n\t<meta name=\"twitter:data1\" content=\"2 minutes\" \/>\n<script type=\"application\/ld+json\" class=\"yoast-schema-graph\">{\"@context\":\"https:\/\/schema.org\",\"@graph\":[{\"@type\":\"WebPage\",\"@id\":\"https:\/\/tourtravelandmore.com\/fr\/tours\/danemark-fr\/copenhague-fr\/all-private-tours-activities-fr-9\/visite-privee-a-pied-de-copenhague\/\",\"url\":\"https:\/\/tourtravelandmore.com\/fr\/tours\/danemark-fr\/copenhague-fr\/all-private-tours-activities-fr-9\/visite-privee-a-pied-de-copenhague\/\",\"name\":\"Visite priv\u00e9e \u00e0 pied de Copenhague - Guide touristique officiel priv\u00e9 | TTM\",\"isPartOf\":{\"@id\":\"https:\/\/tourtravelandmore.com\/fr\/#website\"},\"primaryImageOfPage\":{\"@id\":\"https:\/\/tourtravelandmore.com\/fr\/tours\/danemark-fr\/copenhague-fr\/all-private-tours-activities-fr-9\/visite-privee-a-pied-de-copenhague\/#primaryimage\"},\"image\":{\"@id\":\"https:\/\/tourtravelandmore.com\/fr\/tours\/danemark-fr\/copenhague-fr\/all-private-tours-activities-fr-9\/visite-privee-a-pied-de-copenhague\/#primaryimage\"},\"thumbnailUrl\":\"https:\/\/tourtravelandmore.com\/wp-content\/uploads\/2019\/10\/2018_-_Nyhavn_on_sunset.jpg\",\"datePublished\":\"2019-10-15T07:50:16+00:00\",\"dateModified\":\"2024-02-28T15:49:13+00:00\",\"description\":\"Explorez Copenhague avec cette visite priv\u00e9e \u00e0 pied de Copenhague avec un guide local et d\u00e9couvrez certains de ses endroits les plus reconnus.\",\"breadcrumb\":{\"@id\":\"https:\/\/tourtravelandmore.com\/fr\/tours\/danemark-fr\/copenhague-fr\/all-private-tours-activities-fr-9\/visite-privee-a-pied-de-copenhague\/#breadcrumb\"},\"inLanguage\":\"fr-FR\",\"potentialAction\":[{\"@type\":\"ReadAction\",\"target\":[\"https:\/\/tourtravelandmore.com\/fr\/tours\/danemark-fr\/copenhague-fr\/all-private-tours-activities-fr-9\/visite-privee-a-pied-de-copenhague\/\"]}]},{\"@type\":\"ImageObject\",\"inLanguage\":\"fr-FR\",\"@id\":\"https:\/\/tourtravelandmore.com\/fr\/tours\/danemark-fr\/copenhague-fr\/all-private-tours-activities-fr-9\/visite-privee-a-pied-de-copenhague\/#primaryimage\",\"url\":\"https:\/\/tourtravelandmore.com\/wp-content\/uploads\/2019\/10\/2018_-_Nyhavn_on_sunset.jpg\",\"contentUrl\":\"https:\/\/tourtravelandmore.com\/wp-content\/uploads\/2019\/10\/2018_-_Nyhavn_on_sunset.jpg\",\"width\":4040,\"height\":2620},{\"@type\":\"BreadcrumbList\",\"@id\":\"https:\/\/tourtravelandmore.com\/fr\/tours\/danemark-fr\/copenhague-fr\/all-private-tours-activities-fr-9\/visite-privee-a-pied-de-copenhague\/#breadcrumb\",\"itemListElement\":[{\"@type\":\"ListItem\",\"position\":1,\"name\":\"Home\",\"item\":\"https:\/\/tourtravelandmore.com\/fr\/\"},{\"@type\":\"ListItem\",\"position\":2,\"name\":\"Tours\",\"item\":\"https:\/\/tourtravelandmore.com\/fr\/tours\/\"},{\"@type\":\"ListItem\",\"position\":3,\"name\":\"Visite priv\u00e9e \u00e0 pied de Copenhague\"}]},{\"@type\":\"WebSite\",\"@id\":\"https:\/\/tourtravelandmore.com\/fr\/#website\",\"url\":\"https:\/\/tourtravelandmore.com\/fr\/\",\"name\":\"Tour Travel And More\",\"description\":\"Private sightseeing tours and luxury transfers in Spain\",\"publisher\":{\"@id\":\"https:\/\/tourtravelandmore.com\/fr\/#organization\"},\"potentialAction\":[{\"@type\":\"SearchAction\",\"target\":{\"@type\":\"EntryPoint\",\"urlTemplate\":\"https:\/\/tourtravelandmore.com\/fr\/?s={search_term_string}\"},\"query-input\":{\"@type\":\"PropertyValueSpecification\",\"valueRequired\":true,\"valueName\":\"search_term_string\"}}],\"inLanguage\":\"fr-FR\"},{\"@type\":\"Organization\",\"@id\":\"https:\/\/tourtravelandmore.com\/fr\/#organization\",\"name\":\"Tour Travel And More\",\"url\":\"https:\/\/tourtravelandmore.com\/fr\/\",\"logo\":{\"@type\":\"ImageObject\",\"inLanguage\":\"fr-FR\",\"@id\":\"https:\/\/tourtravelandmore.com\/fr\/#\/schema\/logo\/image\/\",\"url\":\"https:\/\/tourtravelandmore.com\/wp-content\/uploads\/2022\/12\/cropped-logo-cabecera-new.png\",\"contentUrl\":\"https:\/\/tourtravelandmore.com\/wp-content\/uploads\/2022\/12\/cropped-logo-cabecera-new.png\",\"width\":430,\"height\":61,\"caption\":\"Tour Travel And More\"},\"image\":{\"@id\":\"https:\/\/tourtravelandmore.com\/fr\/#\/schema\/logo\/image\/\"},\"sameAs\":[\"https:\/\/www.facebook.com\/tourtravelandmore\/\",\"https:\/\/x.com\/TourTravel_More\"]}]}<\/script>\n<!-- \/ Yoast SEO Premium plugin. -->","yoast_head_json":{"title":"Visite priv\u00e9e \u00e0 pied de Copenhague - Guide touristique officiel priv\u00e9 | TTM","description":"Explorez Copenhague avec cette visite priv\u00e9e \u00e0 pied de Copenhague avec un guide local et d\u00e9couvrez certains de ses endroits les plus reconnus.","robots":{"index":"index","follow":"follow","max-snippet":"max-snippet:-1","max-image-preview":"max-image-preview:large","max-video-preview":"max-video-preview:-1"},"canonical":"https:\/\/tourtravelandmore.com\/fr\/tours\/danemark-fr\/copenhague-fr\/all-private-tours-activities-fr-9\/visite-privee-a-pied-de-copenhague\/","og_locale":"fr_FR","og_type":"article","og_title":"Visite priv\u00e9e \u00e0 pied de Copenhague","og_description":"Explorez Copenhague avec cette visite priv\u00e9e \u00e0 pied de Copenhague avec un guide local et d\u00e9couvrez certains de ses endroits les plus reconnus.","og_url":"https:\/\/tourtravelandmore.com\/fr\/tours\/danemark-fr\/copenhague-fr\/all-private-tours-activities-fr-9\/visite-privee-a-pied-de-copenhague\/","og_site_name":"Tour Travel And More","article_publisher":"https:\/\/www.facebook.com\/tourtravelandmore\/","article_modified_time":"2024-02-28T15:49:13+00:00","og_image":[{"width":1024,"height":664,"url":"https:\/\/tourtravelandmore.com\/wp-content\/uploads\/2019\/10\/2018_-_Nyhavn_on_sunset-1024x664.jpg","type":"image\/jpeg"}],"twitter_card":"summary_large_image","twitter_site":"@TourTravel_More","twitter_misc":{"Dur\u00e9e de lecture estim\u00e9e":"2 minutes"},"schema":{"@context":"https:\/\/schema.org","@graph":[{"@type":"WebPage","@id":"https:\/\/tourtravelandmore.com\/fr\/tours\/danemark-fr\/copenhague-fr\/all-private-tours-activities-fr-9\/visite-privee-a-pied-de-copenhague\/","url":"https:\/\/tourtravelandmore.com\/fr\/tours\/danemark-fr\/copenhague-fr\/all-private-tours-activities-fr-9\/visite-privee-a-pied-de-copenhague\/","name":"Visite priv\u00e9e \u00e0 pied de Copenhague - Guide touristique officiel priv\u00e9 | TTM","isPartOf":{"@id":"https:\/\/tourtravelandmore.com\/fr\/#website"},"primaryImageOfPage":{"@id":"https:\/\/tourtravelandmore.com\/fr\/tours\/danemark-fr\/copenhague-fr\/all-private-tours-activities-fr-9\/visite-privee-a-pied-de-copenhague\/#primaryimage"},"image":{"@id":"https:\/\/tourtravelandmore.com\/fr\/tours\/danemark-fr\/copenhague-fr\/all-private-tours-activities-fr-9\/visite-privee-a-pied-de-copenhague\/#primaryimage"},"thumbnailUrl":"https:\/\/tourtravelandmore.com\/wp-content\/uploads\/2019\/10\/2018_-_Nyhavn_on_sunset.jpg","datePublished":"2019-10-15T07:50:16+00:00","dateModified":"2024-02-28T15:49:13+00:00","description":"Explorez Copenhague avec cette visite priv\u00e9e \u00e0 pied de Copenhague avec un guide local et d\u00e9couvrez certains de ses endroits les plus reconnus.","breadcrumb":{"@id":"https:\/\/tourtravelandmore.com\/fr\/tours\/danemark-fr\/copenhague-fr\/all-private-tours-activities-fr-9\/visite-privee-a-pied-de-copenhague\/#breadcrumb"},"inLanguage":"fr-FR","potentialAction":[{"@type":"ReadAction","target":["https:\/\/tourtravelandmore.com\/fr\/tours\/danemark-fr\/copenhague-fr\/all-private-tours-activities-fr-9\/visite-privee-a-pied-de-copenhague\/"]}]},{"@type":"ImageObject","inLanguage":"fr-FR","@id":"https:\/\/tourtravelandmore.com\/fr\/tours\/danemark-fr\/copenhague-fr\/all-private-tours-activities-fr-9\/visite-privee-a-pied-de-copenhague\/#primaryimage","url":"https:\/\/tourtravelandmore.com\/wp-content\/uploads\/2019\/10\/2018_-_Nyhavn_on_sunset.jpg","contentUrl":"https:\/\/tourtravelandmore.com\/wp-content\/uploads\/2019\/10\/2018_-_Nyhavn_on_sunset.jpg","width":4040,"height":2620},{"@type":"BreadcrumbList","@id":"https:\/\/tourtravelandmore.com\/fr\/tours\/danemark-fr\/copenhague-fr\/all-private-tours-activities-fr-9\/visite-privee-a-pied-de-copenhague\/#breadcrumb","itemListElement":[{"@type":"ListItem","position":1,"name":"Home","item":"https:\/\/tourtravelandmore.com\/fr\/"},{"@type":"ListItem","position":2,"name":"Tours","item":"https:\/\/tourtravelandmore.com\/fr\/tours\/"},{"@type":"ListItem","position":3,"name":"Visite priv\u00e9e \u00e0 pied de Copenhague"}]},{"@type":"WebSite","@id":"https:\/\/tourtravelandmore.com\/fr\/#website","url":"https:\/\/tourtravelandmore.com\/fr\/","name":"Tour Travel And More","description":"Private sightseeing tours and luxury transfers in Spain","publisher":{"@id":"https:\/\/tourtravelandmore.com\/fr\/#organization"},"potentialAction":[{"@type":"SearchAction","target":{"@type":"EntryPoint","urlTemplate":"https:\/\/tourtravelandmore.com\/fr\/?s={search_term_string}"},"query-input":{"@type":"PropertyValueSpecification","valueRequired":true,"valueName":"search_term_string"}}],"inLanguage":"fr-FR"},{"@type":"Organization","@id":"https:\/\/tourtravelandmore.com\/fr\/#organization","name":"Tour Travel And More","url":"https:\/\/tourtravelandmore.com\/fr\/","logo":{"@type":"ImageObject","inLanguage":"fr-FR","@id":"https:\/\/tourtravelandmore.com\/fr\/#\/schema\/logo\/image\/","url":"https:\/\/tourtravelandmore.com\/wp-content\/uploads\/2022\/12\/cropped-logo-cabecera-new.png","contentUrl":"https:\/\/tourtravelandmore.com\/wp-content\/uploads\/2022\/12\/cropped-logo-cabecera-new.png","width":430,"height":61,"caption":"Tour Travel And More"},"image":{"@id":"https:\/\/tourtravelandmore.com\/fr\/#\/schema\/logo\/image\/"},"sameAs":["https:\/\/www.facebook.com\/tourtravelandmore\/","https:\/\/x.com\/TourTravel_More"]}]}},"_links":{"self":[{"href":"https:\/\/tourtravelandmore.com\/fr\/wp-json\/wp\/v2\/product\/103142","targetHints":{"allow":["GET"]}}],"collection":[{"href":"https:\/\/tourtravelandmore.com\/fr\/wp-json\/wp\/v2\/product"}],"about":[{"href":"https:\/\/tourtravelandmore.com\/fr\/wp-json\/wp\/v2\/types\/product"}],"replies":[{"embeddable":true,"href":"https:\/\/tourtravelandmore.com\/fr\/wp-json\/wp\/v2\/comments?post=103142"}],"wp:featuredmedia":[{"embeddable":true,"href":"https:\/\/tourtravelandmore.com\/fr\/wp-json\/wp\/v2\/media\/96578"}],"wp:attachment":[{"href":"https:\/\/tourtravelandmore.com\/fr\/wp-json\/wp\/v2\/media?parent=103142"}],"wp:term":[{"taxonomy":"product_brand","embeddable":true,"href":"https:\/\/tourtravelandmore.com\/fr\/wp-json\/wp\/v2\/product_brand?post=103142"},{"taxonomy":"product_cat","embeddable":true,"href":"https:\/\/tourtravelandmore.com\/fr\/wp-json\/wp\/v2\/product_cat?post=103142"},{"taxonomy":"product_tag","embeddable":true,"href":"https:\/\/tourtravelandmore.com\/fr\/wp-json\/wp\/v2\/product_tag?post=103142"}],"curies":[{"name":"wp","href":"https:\/\/api.w.org\/{rel}","templated":true}]}}